{"id":22678,"date":"2024-03-03T19:31:59","date_gmt":"2024-03-03T19:31:59","guid":{"rendered":"https:\/\/grao.info\/marques\/tradition\/"},"modified":"2026-02-05T17:32:09","modified_gmt":"2026-02-05T17:32:09","slug":"tradition","status":"publish","type":"page","link":"https:\/\/grao.info\/ca\/marques\/tradition\/","title":{"rendered":"&#038; Tradition"},"content":{"rendered":"<p>[vc_row equal_height=&#8221;yes&#8221; content_placement=&#8221;bottom&#8221;][vc_column width=&#8221;2\/3&#8243;]<div class=\"edgtf-image-gallery  edgtf-ig-grid-type edgtf-large-space edgtf-has-shadow edgtf-image-behavior-lightbox \">\n\t<div class=\"edgtf-ig-inner edgtf-outer-space edgtf-ig-grid edgtf-ig-three-columns\">\n\t\t\t\t\t<div class=\"edgtf-ig-image edgtf-item-space\">\n\t\t\t\t<div class=\"edgtf-ig-image-inner\">\n\t\t\t\t\t\t\t\t\t\t\t<a itemprop=\"image\" class=\"edgtf-ig-lightbox\" href=\"https:\/\/grao.info\/wp-content\/uploads\/2021\/03\/Fly-SC3-I-Utzon-JU1-I-Flowerpot-VP9-1.png\" data-rel=\"prettyPhoto[image_gallery_pretty_photo-20]\" title=\"Fly SC3 I Utzon JU1 I Flowerpot VP9\">\n\t\t\t\t\t\t\t\t\t\t\t<img loading=\"lazy\" decoding=\"async\" src=\"https:\/\/grao.info\/wp-content\/uploads\/2021\/03\/Fly-SC3-I-Utzon-JU1-I-Flowerpot-VP9-1-320x220.png\" alt=\"\" width=\"320\" height=\"220\" \/>\t\t\t\t\t\t\t\t\t\t\t<\/a>\n\t\t\t\t\t\t\t\t\t<\/div>\n\t\t\t<\/div>\n\t\t\t\t\t<div class=\"edgtf-ig-image edgtf-item-space\">\n\t\t\t\t<div class=\"edgtf-ig-image-inner\">\n\t\t\t\t\t\t\t\t\t\t\t<a itemprop=\"image\" class=\"edgtf-ig-lightbox\" href=\"https:\/\/grao.info\/wp-content\/uploads\/2021\/03\/In-Between-SK5-I-Betty-TK1-I-P376-KF1-1.png\" data-rel=\"prettyPhoto[image_gallery_pretty_photo-20]\" title=\"In Between SK5 I Betty TK1 I P376 KF1\">\n\t\t\t\t\t\t\t\t\t\t\t<img loading=\"lazy\" decoding=\"async\" src=\"https:\/\/grao.info\/wp-content\/uploads\/2021\/03\/In-Between-SK5-I-Betty-TK1-I-P376-KF1-1-320x220.png\" alt=\"\" width=\"320\" height=\"220\" \/>\t\t\t\t\t\t\t\t\t\t\t<\/a>\n\t\t\t\t\t\t\t\t\t<\/div>\n\t\t\t<\/div>\n\t\t\t\t\t<div class=\"edgtf-ig-image edgtf-item-space\">\n\t\t\t\t<div class=\"edgtf-ig-image-inner\">\n\t\t\t\t\t\t\t\t\t\t\t<a itemprop=\"image\" class=\"edgtf-ig-lightbox\" href=\"https:\/\/grao.info\/wp-content\/uploads\/2021\/03\/Formakami-JH3-JH5-1.png\" data-rel=\"prettyPhoto[image_gallery_pretty_photo-20]\" title=\"Formakami JH3-JH5\">\n\t\t\t\t\t\t\t\t\t\t\t<img loading=\"lazy\" decoding=\"async\" src=\"https:\/\/grao.info\/wp-content\/uploads\/2021\/03\/Formakami-JH3-JH5-1-320x220.png\" alt=\"\" width=\"320\" height=\"220\" \/>\t\t\t\t\t\t\t\t\t\t\t<\/a>\n\t\t\t\t\t\t\t\t\t<\/div>\n\t\t\t<\/div>\n\t\t\t\t\t<div class=\"edgtf-ig-image edgtf-item-space\">\n\t\t\t\t<div class=\"edgtf-ig-image-inner\">\n\t\t\t\t\t\t\t\t\t\t\t<a itemprop=\"image\" class=\"edgtf-ig-lightbox\" href=\"https:\/\/grao.info\/wp-content\/uploads\/2021\/03\/Boomerang-HM2-I-Tripod-HM8-I-Lato-LN9-1.png\" data-rel=\"prettyPhoto[image_gallery_pretty_photo-20]\" title=\"Boomerang HM2 I Tripod HM8 I Lato LN9\">\n\t\t\t\t\t\t\t\t\t\t\t<img loading=\"lazy\" decoding=\"async\" src=\"https:\/\/grao.info\/wp-content\/uploads\/2021\/03\/Boomerang-HM2-I-Tripod-HM8-I-Lato-LN9-1-320x220.png\" alt=\"\" width=\"320\" height=\"220\" \/>\t\t\t\t\t\t\t\t\t\t\t<\/a>\n\t\t\t\t\t\t\t\t\t<\/div>\n\t\t\t<\/div>\n\t\t\t\t\t<div class=\"edgtf-ig-image edgtf-item-space\">\n\t\t\t\t<div class=\"edgtf-ig-image-inner\">\n\t\t\t\t\t\t\t\t\t\t\t<a itemprop=\"image\" class=\"edgtf-ig-lightbox\" href=\"https:\/\/grao.info\/wp-content\/uploads\/2024\/09\/ATD_Retail_2024_Ville-AV27_Ville-AV26_Ville-AV34_Como-SC53_Collect-Glass-SC78.jpg\" data-rel=\"prettyPhoto[image_gallery_pretty_photo-20]\" title=\"ATD_Retail_2024_Ville AV27_Ville AV26_Ville AV34_Como SC53_Collect Glass SC78\">\n\t\t\t\t\t\t\t\t\t\t\t<img loading=\"lazy\" decoding=\"async\" src=\"https:\/\/grao.info\/wp-content\/uploads\/2024\/09\/ATD_Retail_2024_Ville-AV27_Ville-AV26_Ville-AV34_Como-SC53_Collect-Glass-SC78-320x220.jpg\" alt=\"\" width=\"320\" height=\"220\" \/>\t\t\t\t\t\t\t\t\t\t\t<\/a>\n\t\t\t\t\t\t\t\t\t<\/div>\n\t\t\t<\/div>\n\t\t\t\t\t<div class=\"edgtf-ig-image edgtf-item-space\">\n\t\t\t\t<div class=\"edgtf-ig-image-inner\">\n\t\t\t\t\t\t\t\t\t\t\t<a itemprop=\"image\" class=\"edgtf-ig-lightbox\" href=\"https:\/\/grao.info\/wp-content\/uploads\/2024\/09\/ATD_Retail_2024_Daystak-Desk-RD3_Daystak-Side-Chair-RD1_Tripod-HM9.jpg\" data-rel=\"prettyPhoto[image_gallery_pretty_photo-20]\" title=\"ATD_Retail_2024_Daystak Desk RD3_Daystak Side Chair RD1_Tripod HM9\">\n\t\t\t\t\t\t\t\t\t\t\t<img loading=\"lazy\" decoding=\"async\" src=\"https:\/\/grao.info\/wp-content\/uploads\/2024\/09\/ATD_Retail_2024_Daystak-Desk-RD3_Daystak-Side-Chair-RD1_Tripod-HM9-320x220.jpg\" alt=\"\" width=\"320\" height=\"220\" \/>\t\t\t\t\t\t\t\t\t\t\t<\/a>\n\t\t\t\t\t\t\t\t\t<\/div>\n\t\t\t<\/div>\n\t\t\t<\/div>\n<\/div>[\/vc_column][vc_column width=&#8221;1\/3&#8243;][vc_row_inner content_placement=&#8221;bottom&#8221;][vc_column_inner][vc_column_text]<span class=\"VIiyi\" lang=\"es\"><span class=\"JLqJ4b ChMk0b\" data-language-for-alternatives=\"es\" data-language-to-translate-into=\"en\" data-phrase-index=\"0\"><strong>&amp; Tradition<\/strong> <span style=\"font-weight: 400;\">uneix l&#8217;antic i el modern creant mobles, il\u00b7luminaci\u00f3 i objectes d&#8217;interior amb un atractiu atemporal. Des de la reedici\u00f3 d&#8217;icones del disseny fins a la creaci\u00f3 de cl\u00e0ssics del futur en col\u00b7laboraci\u00f3 amb dissenyadors internacionals aclamats, la col\u00b7lecci\u00f3 combina artesania amb creativitat i dona forma a peces cuidadosament considerades amb prop\u00f2sit i significat. Sempre amb respecte. Sempre fets per durar.<\/span><\/span><\/span>[\/vc_column_text][\/vc_column_inner][\/vc_row_inner][vc_row_inner content_placement=&#8221;bottom&#8221;][vc_column_inner][vc_column_text]<a href=\"https:\/\/www.andtradition.com\/\">www.andtradition.com<\/a>[\/vc_column_text][\/vc_column_inner][\/vc_row_inner][\/vc_column][\/vc_row][vc_row][vc_column css=&#8221;.vc_custom_1615488032930{padding-top: 60px !important;}&#8221;][vc_row_inner][vc_column_inner]<div class=\"edgtf-separator-holder clearfix  edgtf-separator-center edgtf-separator-vertical\">\n\t<div class=\"edgtf-separator\" style=\"border-color: #333333;border-style: solid;height: 30px;border-left-width: 2px\"><\/div>\n<\/div>\n[vc_custom_heading text=&#8221;PRODUCTES SELECCIONATS&#8221; font_container=&#8221;tag:h3|font_size:32px|text_align:center|color:%233d3935|line_height:1.6&#8243; google_fonts=&#8221;font_family:Roboto%3A100%2C100italic%2C300%2C300italic%2Cregular%2Citalic%2C500%2C500italic%2C700%2C700italic%2C900%2C900italic|font_style:700%20bold%20regular%3A700%3Anormal&#8221;]<div class=\"edgtf-separator-holder clearfix  edgtf-separator-center edgtf-separator-vertical\">\n\t<div class=\"edgtf-separator\" style=\"border-color: #333333;border-style: solid;height: 30px;border-left-width: 2px\"><\/div>\n<\/div>\n[\/vc_column_inner][\/vc_row_inner][\/vc_column][\/vc_row][vc_row][vc_column css=&#8221;.vc_custom_1615565554899{padding-top: 60px !important;}&#8221;][vc_row_inner][vc_column_inner width=&#8221;1\/5&#8243;]<div class=\"edgtf-single-image-holder  edgtf-has-shadow edgtf-image-behavior-custom-link\">\n    <div class=\"edgtf-si-inner\" >\n        \t            <a itemprop=\"url\" href=\"\/ca\/producte\/rotate\/\" target=\"_self\">\n                                    <img loading=\"lazy\" decoding=\"async\" width=\"2030\" height=\"2030\" src=\"https:\/\/grao.info\/wp-content\/uploads\/2024\/09\/Rotate_andtradition_grao_00.jpg\" class=\"attachment-full size-full\" alt=\"\" srcset=\"https:\/\/grao.info\/wp-content\/uploads\/2024\/09\/Rotate_andtradition_grao_00.jpg 2030w, https:\/\/grao.info\/wp-content\/uploads\/2024\/09\/Rotate_andtradition_grao_00-300x300.jpg 300w, https:\/\/grao.info\/wp-content\/uploads\/2024\/09\/Rotate_andtradition_grao_00-1024x1024.jpg 1024w, https:\/\/grao.info\/wp-content\/uploads\/2024\/09\/Rotate_andtradition_grao_00-150x150.jpg 150w, https:\/\/grao.info\/wp-content\/uploads\/2024\/09\/Rotate_andtradition_grao_00-768x768.jpg 768w, https:\/\/grao.info\/wp-content\/uploads\/2024\/09\/Rotate_andtradition_grao_00-1536x1536.jpg 1536w, https:\/\/grao.info\/wp-content\/uploads\/2024\/09\/Rotate_andtradition_grao_00-550x550.jpg 550w, https:\/\/grao.info\/wp-content\/uploads\/2024\/09\/Rotate_andtradition_grao_00-1100x1100.jpg 1100w, https:\/\/grao.info\/wp-content\/uploads\/2024\/09\/Rotate_andtradition_grao_00-600x600.jpg 600w, https:\/\/grao.info\/wp-content\/uploads\/2024\/09\/Rotate_andtradition_grao_00-100x100.jpg 100w\" sizes=\"(max-width: 2030px) 100vw, 2030px\" \/>                                <\/a>\n            <\/div>\n<\/div>[vc_column_text]<\/p>\n<p style=\"text-align: center;\">ROTATE<\/p>\n<p>[\/vc_column_text][\/vc_column_inner][vc_column_inner width=&#8221;1\/5&#8243;]<div class=\"edgtf-single-image-holder  edgtf-has-shadow edgtf-image-behavior-custom-link\">\n    <div class=\"edgtf-si-inner\" >\n        \t            <a itemprop=\"url\" href=\"\/ca\/producte\/lucca\/\" target=\"_self\">\n                                    <img loading=\"lazy\" decoding=\"async\" width=\"1000\" height=\"1000\" src=\"https:\/\/grao.info\/wp-content\/uploads\/2024\/09\/Lucca_SC51-maroonnewsletter.jpg\" class=\"attachment-full size-full\" alt=\"\" srcset=\"https:\/\/grao.info\/wp-content\/uploads\/2024\/09\/Lucca_SC51-maroonnewsletter.jpg 1000w, https:\/\/grao.info\/wp-content\/uploads\/2024\/09\/Lucca_SC51-maroonnewsletter-300x300.jpg 300w, https:\/\/grao.info\/wp-content\/uploads\/2024\/09\/Lucca_SC51-maroonnewsletter-150x150.jpg 150w, https:\/\/grao.info\/wp-content\/uploads\/2024\/09\/Lucca_SC51-maroonnewsletter-768x768.jpg 768w, https:\/\/grao.info\/wp-content\/uploads\/2024\/09\/Lucca_SC51-maroonnewsletter-550x550.jpg 550w, https:\/\/grao.info\/wp-content\/uploads\/2024\/09\/Lucca_SC51-maroonnewsletter-600x600.jpg 600w, https:\/\/grao.info\/wp-content\/uploads\/2024\/09\/Lucca_SC51-maroonnewsletter-100x100.jpg 100w\" sizes=\"(max-width: 1000px) 100vw, 1000px\" \/>                                <\/a>\n            <\/div>\n<\/div>[vc_column_text]<\/p>\n<p style=\"text-align: center;\">LUCCA<\/p>\n<p>[\/vc_column_text][\/vc_column_inner][vc_column_inner width=&#8221;1\/5&#8243;]<div class=\"edgtf-single-image-holder  edgtf-has-shadow edgtf-image-behavior-custom-link\">\n    <div class=\"edgtf-si-inner\" >\n        \t            <a itemprop=\"url\" href=\"\/ca\/producte\/iluminacion-flowerpot\/\" target=\"_self\">\n                                    <img loading=\"lazy\" decoding=\"async\" width=\"550\" height=\"550\" src=\"https:\/\/grao.info\/wp-content\/uploads\/2021\/03\/Flowerpot-VP1.png\" class=\"attachment-full size-full\" alt=\"\" srcset=\"https:\/\/grao.info\/wp-content\/uploads\/2021\/03\/Flowerpot-VP1.png 550w, https:\/\/grao.info\/wp-content\/uploads\/2021\/03\/Flowerpot-VP1-300x300.png 300w, https:\/\/grao.info\/wp-content\/uploads\/2021\/03\/Flowerpot-VP1-150x150.png 150w, https:\/\/grao.info\/wp-content\/uploads\/2021\/03\/Flowerpot-VP1-100x100.png 100w\" sizes=\"(max-width: 550px) 100vw, 550px\" \/>                                <\/a>\n            <\/div>\n<\/div>[vc_column_text]<\/p>\n<p style=\"text-align: center;\">FLOWERPOT<\/p>\n<p>[\/vc_column_text][\/vc_column_inner][vc_column_inner width=&#8221;1\/5&#8243;]<div class=\"edgtf-single-image-holder  edgtf-has-shadow edgtf-image-behavior-custom-link\">\n    <div class=\"edgtf-si-inner\" >\n        \t            <a itemprop=\"url\" href=\"\/ca\/producte\/sofas-fly\/\" target=\"_self\">\n                                    <img loading=\"lazy\" decoding=\"async\" width=\"550\" height=\"550\" src=\"https:\/\/grao.info\/wp-content\/uploads\/2021\/03\/Fly-SC2.png\" class=\"attachment-full size-full\" alt=\"\" srcset=\"https:\/\/grao.info\/wp-content\/uploads\/2021\/03\/Fly-SC2.png 550w, https:\/\/grao.info\/wp-content\/uploads\/2021\/03\/Fly-SC2-300x300.png 300w, https:\/\/grao.info\/wp-content\/uploads\/2021\/03\/Fly-SC2-150x150.png 150w, https:\/\/grao.info\/wp-content\/uploads\/2021\/03\/Fly-SC2-100x100.png 100w\" sizes=\"(max-width: 550px) 100vw, 550px\" \/>                                <\/a>\n            <\/div>\n<\/div>[vc_column_text]<\/p>\n<p style=\"text-align: center;\">FLY<\/p>\n<p>[\/vc_column_text][\/vc_column_inner][vc_column_inner width=&#8221;1\/5&#8243;]<div class=\"edgtf-single-image-holder  edgtf-has-shadow edgtf-image-behavior-custom-link\">\n    <div class=\"edgtf-si-inner\" >\n        \t            <a itemprop=\"url\" href=\"\/ca\/producte\/silla-betty\/\" target=\"_self\">\n                                    <img loading=\"lazy\" decoding=\"async\" width=\"800\" height=\"800\" src=\"https:\/\/grao.info\/wp-content\/uploads\/2021\/04\/Betty-TK1.png\" class=\"attachment-full size-full\" alt=\"\" srcset=\"https:\/\/grao.info\/wp-content\/uploads\/2021\/04\/Betty-TK1.png 800w, https:\/\/grao.info\/wp-content\/uploads\/2021\/04\/Betty-TK1-300x300.png 300w, https:\/\/grao.info\/wp-content\/uploads\/2021\/04\/Betty-TK1-150x150.png 150w, https:\/\/grao.info\/wp-content\/uploads\/2021\/04\/Betty-TK1-768x768.png 768w, https:\/\/grao.info\/wp-content\/uploads\/2021\/04\/Betty-TK1-550x550.png 550w, https:\/\/grao.info\/wp-content\/uploads\/2021\/04\/Betty-TK1-600x600.png 600w, https:\/\/grao.info\/wp-content\/uploads\/2021\/04\/Betty-TK1-100x100.png 100w\" sizes=\"(max-width: 800px) 100vw, 800px\" \/>                                <\/a>\n            <\/div>\n<\/div>[vc_column_text]<\/p>\n<p style=\"text-align: center;\">BETTY<\/p>\n<p>[\/vc_column_text][\/vc_column_inner][\/vc_row_inner][\/vc_column][\/vc_row][vc_row][vc_column css=&#8221;.vc_custom_1615565597146{padding-top: 30px !important;}&#8221;][vc_row_inner][vc_column_inner width=&#8221;1\/5&#8243;]<div class=\"edgtf-single-image-holder  edgtf-has-shadow edgtf-image-behavior-custom-link\">\n    <div class=\"edgtf-si-inner\" >\n        \t            <a itemprop=\"url\" href=\"\/ca\/producte\/sillas-inbetween\/\" target=\"_self\">\n                                    <img loading=\"lazy\" decoding=\"async\" width=\"550\" height=\"550\" src=\"https:\/\/grao.info\/wp-content\/uploads\/2021\/03\/In-Between-SK1.png\" class=\"attachment-full size-full\" alt=\"\" srcset=\"https:\/\/grao.info\/wp-content\/uploads\/2021\/03\/In-Between-SK1.png 550w, https:\/\/grao.info\/wp-content\/uploads\/2021\/03\/In-Between-SK1-300x300.png 300w, https:\/\/grao.info\/wp-content\/uploads\/2021\/03\/In-Between-SK1-150x150.png 150w, https:\/\/grao.info\/wp-content\/uploads\/2021\/03\/In-Between-SK1-100x100.png 100w\" sizes=\"(max-width: 550px) 100vw, 550px\" \/>                                <\/a>\n            <\/div>\n<\/div>[vc_column_text]<\/p>\n<p style=\"text-align: center;\">IN BETWEEN<\/p>\n<p>[\/vc_column_text][\/vc_column_inner][vc_column_inner width=&#8221;1\/5&#8243;]<div class=\"edgtf-single-image-holder  edgtf-has-shadow edgtf-image-behavior-custom-link\">\n    <div class=\"edgtf-si-inner\" >\n        \t            <a itemprop=\"url\" href=\"\/ca\/producte\/sofa-littlepetra\/\" target=\"_self\">\n                                    <img loading=\"lazy\" decoding=\"async\" width=\"550\" height=\"550\" src=\"https:\/\/grao.info\/wp-content\/uploads\/2021\/03\/Little-Petra-VB2.png\" class=\"attachment-full size-full\" alt=\"\" srcset=\"https:\/\/grao.info\/wp-content\/uploads\/2021\/03\/Little-Petra-VB2.png 550w, https:\/\/grao.info\/wp-content\/uploads\/2021\/03\/Little-Petra-VB2-300x300.png 300w, https:\/\/grao.info\/wp-content\/uploads\/2021\/03\/Little-Petra-VB2-150x150.png 150w, https:\/\/grao.info\/wp-content\/uploads\/2021\/03\/Little-Petra-VB2-100x100.png 100w\" sizes=\"(max-width: 550px) 100vw, 550px\" \/>                                <\/a>\n            <\/div>\n<\/div>[vc_column_text]<\/p>\n<p style=\"text-align: center;\">LITTLE PETRA<\/p>\n<p>[\/vc_column_text][\/vc_column_inner][vc_column_inner width=&#8221;1\/5&#8243;]<div class=\"edgtf-single-image-holder  edgtf-has-shadow edgtf-image-behavior-custom-link\">\n    <div class=\"edgtf-si-inner\" >\n        \t            <a itemprop=\"url\" href=\"\/ca\/producte\/lampara-p376\/\" target=\"_self\">\n                                    <img loading=\"lazy\" decoding=\"async\" width=\"550\" height=\"550\" src=\"https:\/\/grao.info\/wp-content\/uploads\/2021\/03\/P376.png\" class=\"attachment-full size-full\" alt=\"\" srcset=\"https:\/\/grao.info\/wp-content\/uploads\/2021\/03\/P376.png 550w, https:\/\/grao.info\/wp-content\/uploads\/2021\/03\/P376-300x300.png 300w, https:\/\/grao.info\/wp-content\/uploads\/2021\/03\/P376-150x150.png 150w, https:\/\/grao.info\/wp-content\/uploads\/2021\/03\/P376-100x100.png 100w\" sizes=\"(max-width: 550px) 100vw, 550px\" \/>                                <\/a>\n            <\/div>\n<\/div>[vc_column_text]<\/p>\n<p style=\"text-align: center;\">P376<\/p>\n<p>[\/vc_column_text][\/vc_column_inner][vc_column_inner width=&#8221;1\/5&#8243;]<div class=\"edgtf-single-image-holder  edgtf-has-shadow edgtf-image-behavior-custom-link\">\n    <div class=\"edgtf-si-inner\" >\n        \t            <a itemprop=\"url\" href=\"\/ca\/producte\/lampara-tripod\/\" target=\"_self\">\n                                    <img loading=\"lazy\" decoding=\"async\" width=\"550\" height=\"550\" src=\"https:\/\/grao.info\/wp-content\/uploads\/2021\/03\/Tripod-HM8.png\" class=\"attachment-full size-full\" alt=\"\" srcset=\"https:\/\/grao.info\/wp-content\/uploads\/2021\/03\/Tripod-HM8.png 550w, https:\/\/grao.info\/wp-content\/uploads\/2021\/03\/Tripod-HM8-300x300.png 300w, https:\/\/grao.info\/wp-content\/uploads\/2021\/03\/Tripod-HM8-150x150.png 150w, https:\/\/grao.info\/wp-content\/uploads\/2021\/03\/Tripod-HM8-100x100.png 100w\" sizes=\"(max-width: 550px) 100vw, 550px\" \/>                                <\/a>\n            <\/div>\n<\/div>[vc_column_text]<\/p>\n<p style=\"text-align: center;\">TRIPOD<\/p>\n<p>[\/vc_column_text][\/vc_column_inner][vc_column_inner width=&#8221;1\/5&#8243;]<div class=\"edgtf-single-image-holder  edgtf-has-shadow edgtf-image-behavior-custom-link\">\n    <div class=\"edgtf-si-inner\" >\n        \t            <a itemprop=\"url\" href=\"\/ca\/producte\/ax\/\" target=\"_self\">\n                                    <img loading=\"lazy\" decoding=\"async\" width=\"1000\" height=\"1000\" src=\"https:\/\/grao.info\/wp-content\/uploads\/2024\/09\/AX_HM11_Lacquered_Oak_amp_Walnut_Full_Side.jpg\" class=\"attachment-full size-full\" alt=\"\" srcset=\"https:\/\/grao.info\/wp-content\/uploads\/2024\/09\/AX_HM11_Lacquered_Oak_amp_Walnut_Full_Side.jpg 1000w, https:\/\/grao.info\/wp-content\/uploads\/2024\/09\/AX_HM11_Lacquered_Oak_amp_Walnut_Full_Side-300x300.jpg 300w, https:\/\/grao.info\/wp-content\/uploads\/2024\/09\/AX_HM11_Lacquered_Oak_amp_Walnut_Full_Side-150x150.jpg 150w, https:\/\/grao.info\/wp-content\/uploads\/2024\/09\/AX_HM11_Lacquered_Oak_amp_Walnut_Full_Side-768x768.jpg 768w, https:\/\/grao.info\/wp-content\/uploads\/2024\/09\/AX_HM11_Lacquered_Oak_amp_Walnut_Full_Side-550x550.jpg 550w, https:\/\/grao.info\/wp-content\/uploads\/2024\/09\/AX_HM11_Lacquered_Oak_amp_Walnut_Full_Side-600x600.jpg 600w, https:\/\/grao.info\/wp-content\/uploads\/2024\/09\/AX_HM11_Lacquered_Oak_amp_Walnut_Full_Side-100x100.jpg 100w\" sizes=\"(max-width: 1000px) 100vw, 1000px\" \/>                                <\/a>\n            <\/div>\n<\/div>[vc_column_text]<\/p>\n<p style=\"text-align: center;\">AX<\/p>\n<p>[\/vc_column_text][\/vc_column_inner][\/vc_row_inner][vc_empty_space height=&#8221;100px&#8221;][\/vc_column][\/vc_row]<\/p>\n","protected":false},"excerpt":{"rendered":"<p>[vc_row equal_height=&#8221;yes&#8221; content_placement=&#8221;bottom&#8221;][vc_column width=&#8221;2\/3&#8243;][\/vc_column][vc_column width=&#8221;1\/3&#8243;][vc_row_inner content_placement=&#8221;bottom&#8221;][vc_column_inner][vc_column_text]&amp; Tradition uneix l&#8217;antic i el modern creant mobles, il\u00b7luminaci\u00f3 i objectes d&#8217;interior amb un atractiu atemporal. Des de la reedici\u00f3 d&#8217;icones del disseny fins a la creaci\u00f3 de cl\u00e0ssics del futur en col\u00b7laboraci\u00f3 amb [&hellip;]<\/p>\n","protected":false},"author":2,"featured_media":0,"parent":6347,"menu_order":0,"comment_status":"closed","ping_status":"closed","template":"","meta":{"footnotes":""},"acf":[],"yoast_head":"<!-- This site is optimized with the Yoast SEO Premium plugin v23.0 (Yoast SEO v23.0) - https:\/\/yoast.com\/wordpress\/plugins\/seo\/ -->\n<title>&amp; Tradition - Grao<\/title>\n<meta name=\"robots\" content=\"index, follow, max-snippet:-1, max-image-preview:large, max-video-preview:-1\" \/>\n<link rel=\"canonical\" href=\"https:\/\/grao.info\/ca\/marques\/tradition\/\" \/>\n<meta property=\"og:locale\" content=\"ca_ES\" \/>\n<meta property=\"og:type\" content=\"article\" \/>\n<meta property=\"og:title\" content=\"&amp; Tradition\" \/>\n<meta property=\"og:description\" content=\"[vc_row equal_height=&#8221;yes&#8221; content_placement=&#8221;bottom&#8221;][vc_column width=&#8221;2\/3&#8243;][\/vc_column][vc_column width=&#8221;1\/3&#8243;][vc_row_inner content_placement=&#8221;bottom&#8221;][vc_column_inner][vc_column_text]&amp; Tradition uneix l&#8217;antic i el modern creant mobles, il\u00b7luminaci\u00f3 i objectes d&#8217;interior amb un atractiu atemporal. Des de la reedici\u00f3 d&#8217;icones del disseny fins a la creaci\u00f3 de cl\u00e0ssics del futur en col\u00b7laboraci\u00f3 amb [&hellip;]\" \/>\n<meta property=\"og:url\" content=\"https:\/\/grao.info\/ca\/marques\/tradition\/\" \/>\n<meta property=\"og:site_name\" content=\"Grao\" \/>\n<meta property=\"article:modified_time\" content=\"2026-02-05T17:32:09+00:00\" \/>\n<meta name=\"twitter:card\" content=\"summary_large_image\" \/>\n<meta name=\"twitter:label1\" content=\"Temps estimat de lectura\" \/>\n\t<meta name=\"twitter:data1\" content=\"1 minut\" \/>\n<script type=\"application\/ld+json\" class=\"yoast-schema-graph\">{\"@context\":\"https:\/\/schema.org\",\"@graph\":[{\"@type\":\"WebPage\",\"@id\":\"https:\/\/grao.info\/ca\/marques\/tradition\/\",\"url\":\"https:\/\/grao.info\/ca\/marques\/tradition\/\",\"name\":\"& Tradition - Grao\",\"isPartOf\":{\"@id\":\"https:\/\/grao.info\/ca\/#website\"},\"datePublished\":\"2024-03-03T19:31:59+00:00\",\"dateModified\":\"2026-02-05T17:32:09+00:00\",\"breadcrumb\":{\"@id\":\"https:\/\/grao.info\/ca\/marques\/tradition\/#breadcrumb\"},\"inLanguage\":\"ca\",\"potentialAction\":[{\"@type\":\"ReadAction\",\"target\":[\"https:\/\/grao.info\/ca\/marques\/tradition\/\"]}]},{\"@type\":\"BreadcrumbList\",\"@id\":\"https:\/\/grao.info\/ca\/marques\/tradition\/#breadcrumb\",\"itemListElement\":[{\"@type\":\"ListItem\",\"position\":1,\"name\":\"Portada\",\"item\":\"https:\/\/grao.info\/ca\/\"},{\"@type\":\"ListItem\",\"position\":2,\"name\":\"Marques\",\"item\":\"https:\/\/grao.info\/ca\/marques\/\"},{\"@type\":\"ListItem\",\"position\":3,\"name\":\"&#038; Tradition\"}]},{\"@type\":\"WebSite\",\"@id\":\"https:\/\/grao.info\/ca\/#website\",\"url\":\"https:\/\/grao.info\/ca\/\",\"name\":\"Grao\",\"description\":\"\",\"publisher\":{\"@id\":\"https:\/\/grao.info\/ca\/#organization\"},\"potentialAction\":[{\"@type\":\"SearchAction\",\"target\":{\"@type\":\"EntryPoint\",\"urlTemplate\":\"https:\/\/grao.info\/ca\/?s={search_term_string}\"},\"query-input\":\"required name=search_term_string\"}],\"inLanguage\":\"ca\"},{\"@type\":\"Organization\",\"@id\":\"https:\/\/grao.info\/ca\/#organization\",\"name\":\"Grao\",\"url\":\"https:\/\/grao.info\/ca\/\",\"logo\":{\"@type\":\"ImageObject\",\"inLanguage\":\"ca\",\"@id\":\"https:\/\/grao.info\/ca\/#\/schema\/logo\/image\/\",\"url\":\"https:\/\/grao.info\/wp-content\/uploads\/2022\/04\/logo-mobil-1.png\",\"contentUrl\":\"https:\/\/grao.info\/wp-content\/uploads\/2022\/04\/logo-mobil-1.png\",\"width\":275,\"height\":85,\"caption\":\"Grao\"},\"image\":{\"@id\":\"https:\/\/grao.info\/ca\/#\/schema\/logo\/image\/\"}}]}<\/script>\n<!-- \/ Yoast SEO Premium plugin. -->","yoast_head_json":{"title":"& Tradition - Grao","robots":{"index":"index","follow":"follow","max-snippet":"max-snippet:-1","max-image-preview":"max-image-preview:large","max-video-preview":"max-video-preview:-1"},"canonical":"https:\/\/grao.info\/ca\/marques\/tradition\/","og_locale":"ca_ES","og_type":"article","og_title":"& Tradition","og_description":"[vc_row equal_height=&#8221;yes&#8221; content_placement=&#8221;bottom&#8221;][vc_column width=&#8221;2\/3&#8243;][\/vc_column][vc_column width=&#8221;1\/3&#8243;][vc_row_inner content_placement=&#8221;bottom&#8221;][vc_column_inner][vc_column_text]&amp; Tradition uneix l&#8217;antic i el modern creant mobles, il\u00b7luminaci\u00f3 i objectes d&#8217;interior amb un atractiu atemporal. Des de la reedici\u00f3 d&#8217;icones del disseny fins a la creaci\u00f3 de cl\u00e0ssics del futur en col\u00b7laboraci\u00f3 amb [&hellip;]","og_url":"https:\/\/grao.info\/ca\/marques\/tradition\/","og_site_name":"Grao","article_modified_time":"2026-02-05T17:32:09+00:00","twitter_card":"summary_large_image","twitter_misc":{"Temps estimat de lectura":"1 minut"},"schema":{"@context":"https:\/\/schema.org","@graph":[{"@type":"WebPage","@id":"https:\/\/grao.info\/ca\/marques\/tradition\/","url":"https:\/\/grao.info\/ca\/marques\/tradition\/","name":"& Tradition - Grao","isPartOf":{"@id":"https:\/\/grao.info\/ca\/#website"},"datePublished":"2024-03-03T19:31:59+00:00","dateModified":"2026-02-05T17:32:09+00:00","breadcrumb":{"@id":"https:\/\/grao.info\/ca\/marques\/tradition\/#breadcrumb"},"inLanguage":"ca","potentialAction":[{"@type":"ReadAction","target":["https:\/\/grao.info\/ca\/marques\/tradition\/"]}]},{"@type":"BreadcrumbList","@id":"https:\/\/grao.info\/ca\/marques\/tradition\/#breadcrumb","itemListElement":[{"@type":"ListItem","position":1,"name":"Portada","item":"https:\/\/grao.info\/ca\/"},{"@type":"ListItem","position":2,"name":"Marques","item":"https:\/\/grao.info\/ca\/marques\/"},{"@type":"ListItem","position":3,"name":"&#038; Tradition"}]},{"@type":"WebSite","@id":"https:\/\/grao.info\/ca\/#website","url":"https:\/\/grao.info\/ca\/","name":"Grao","description":"","publisher":{"@id":"https:\/\/grao.info\/ca\/#organization"},"potentialAction":[{"@type":"SearchAction","target":{"@type":"EntryPoint","urlTemplate":"https:\/\/grao.info\/ca\/?s={search_term_string}"},"query-input":"required name=search_term_string"}],"inLanguage":"ca"},{"@type":"Organization","@id":"https:\/\/grao.info\/ca\/#organization","name":"Grao","url":"https:\/\/grao.info\/ca\/","logo":{"@type":"ImageObject","inLanguage":"ca","@id":"https:\/\/grao.info\/ca\/#\/schema\/logo\/image\/","url":"https:\/\/grao.info\/wp-content\/uploads\/2022\/04\/logo-mobil-1.png","contentUrl":"https:\/\/grao.info\/wp-content\/uploads\/2022\/04\/logo-mobil-1.png","width":275,"height":85,"caption":"Grao"},"image":{"@id":"https:\/\/grao.info\/ca\/#\/schema\/logo\/image\/"}}]}},"_links":{"self":[{"href":"https:\/\/grao.info\/ca\/wp-json\/wp\/v2\/pages\/22678"}],"collection":[{"href":"https:\/\/grao.info\/ca\/wp-json\/wp\/v2\/pages"}],"about":[{"href":"https:\/\/grao.info\/ca\/wp-json\/wp\/v2\/types\/page"}],"author":[{"embeddable":true,"href":"https:\/\/grao.info\/ca\/wp-json\/wp\/v2\/users\/2"}],"replies":[{"embeddable":true,"href":"https:\/\/grao.info\/ca\/wp-json\/wp\/v2\/comments?post=22678"}],"version-history":[{"count":11,"href":"https:\/\/grao.info\/ca\/wp-json\/wp\/v2\/pages\/22678\/revisions"}],"predecessor-version":[{"id":24415,"href":"https:\/\/grao.info\/ca\/wp-json\/wp\/v2\/pages\/22678\/revisions\/24415"}],"up":[{"embeddable":true,"href":"https:\/\/grao.info\/ca\/wp-json\/wp\/v2\/pages\/6347"}],"wp:attachment":[{"href":"https:\/\/grao.info\/ca\/wp-json\/wp\/v2\/media?parent=22678"}],"curies":[{"name":"wp","href":"https:\/\/api.w.org\/{rel}","templated":true}]}}