{"id":22731,"date":"2022-03-31T11:07:44","date_gmt":"2022-03-31T11:07:44","guid":{"rendered":"https:\/\/grao.info\/marques\/forma-5\/"},"modified":"2026-02-12T14:47:09","modified_gmt":"2026-02-12T14:47:09","slug":"forma-5","status":"publish","type":"page","link":"https:\/\/grao.info\/ca\/marques\/forma-5\/","title":{"rendered":"Forma 5"},"content":{"rendered":"<p>[vc_row equal_height=&#8221;yes&#8221; content_placement=&#8221;bottom&#8221;][vc_column width=&#8221;2\/3&#8243;]<div class=\"edgtf-image-gallery  edgtf-ig-grid-type edgtf-large-space edgtf-has-shadow edgtf-image-behavior-lightbox \">\n\t<div class=\"edgtf-ig-inner edgtf-outer-space edgtf-ig-grid edgtf-ig-three-columns\">\n\t\t\t\t\t<div class=\"edgtf-ig-image edgtf-item-space\">\n\t\t\t\t<div class=\"edgtf-ig-image-inner\">\n\t\t\t\t\t\t\t\t\t\t\t<a itemprop=\"image\" class=\"edgtf-ig-lightbox\" href=\"https:\/\/grao.info\/wp-content\/uploads\/2022\/06\/1-Touch.png\" data-rel=\"prettyPhoto[image_gallery_pretty_photo-106]\" title=\"Touch\">\n\t\t\t\t\t\t\t\t\t\t\t<img loading=\"lazy\" decoding=\"async\" src=\"https:\/\/grao.info\/wp-content\/uploads\/2022\/06\/1-Touch-320x220.png\" alt=\"\" width=\"320\" height=\"220\" \/>\t\t\t\t\t\t\t\t\t\t\t<\/a>\n\t\t\t\t\t\t\t\t\t<\/div>\n\t\t\t<\/div>\n\t\t\t\t\t<div class=\"edgtf-ig-image edgtf-item-space\">\n\t\t\t\t<div class=\"edgtf-ig-image-inner\">\n\t\t\t\t\t\t\t\t\t\t\t<a itemprop=\"image\" class=\"edgtf-ig-lightbox\" href=\"https:\/\/grao.info\/wp-content\/uploads\/2022\/06\/2-V30.2.png\" data-rel=\"prettyPhoto[image_gallery_pretty_photo-106]\" title=\"V30\">\n\t\t\t\t\t\t\t\t\t\t\t<img loading=\"lazy\" decoding=\"async\" src=\"https:\/\/grao.info\/wp-content\/uploads\/2022\/06\/2-V30.2-320x220.png\" alt=\"\" width=\"320\" height=\"220\" \/>\t\t\t\t\t\t\t\t\t\t\t<\/a>\n\t\t\t\t\t\t\t\t\t<\/div>\n\t\t\t<\/div>\n\t\t\t\t\t<div class=\"edgtf-ig-image edgtf-item-space\">\n\t\t\t\t<div class=\"edgtf-ig-image-inner\">\n\t\t\t\t\t\t\t\t\t\t\t<a itemprop=\"image\" class=\"edgtf-ig-lightbox\" href=\"https:\/\/grao.info\/wp-content\/uploads\/2022\/06\/3-Hexa.png\" data-rel=\"prettyPhoto[image_gallery_pretty_photo-106]\" title=\"Hexa\">\n\t\t\t\t\t\t\t\t\t\t\t<img loading=\"lazy\" decoding=\"async\" src=\"https:\/\/grao.info\/wp-content\/uploads\/2022\/06\/3-Hexa-320x220.png\" alt=\"\" width=\"320\" height=\"220\" \/>\t\t\t\t\t\t\t\t\t\t\t<\/a>\n\t\t\t\t\t\t\t\t\t<\/div>\n\t\t\t<\/div>\n\t\t\t\t\t<div class=\"edgtf-ig-image edgtf-item-space\">\n\t\t\t\t<div class=\"edgtf-ig-image-inner\">\n\t\t\t\t\t\t\t\t\t\t\t<a itemprop=\"image\" class=\"edgtf-ig-lightbox\" href=\"https:\/\/grao.info\/wp-content\/uploads\/2022\/06\/Lets-Sit.png\" data-rel=\"prettyPhoto[image_gallery_pretty_photo-106]\" title=\"Let&#8217;s Sit\">\n\t\t\t\t\t\t\t\t\t\t\t<img loading=\"lazy\" decoding=\"async\" src=\"https:\/\/grao.info\/wp-content\/uploads\/2022\/06\/Lets-Sit-320x220.png\" alt=\"\" width=\"320\" height=\"220\" \/>\t\t\t\t\t\t\t\t\t\t\t<\/a>\n\t\t\t\t\t\t\t\t\t<\/div>\n\t\t\t<\/div>\n\t\t\t\t\t<div class=\"edgtf-ig-image edgtf-item-space\">\n\t\t\t\t<div class=\"edgtf-ig-image-inner\">\n\t\t\t\t\t\t\t\t\t\t\t<a itemprop=\"image\" class=\"edgtf-ig-lightbox\" href=\"https:\/\/grao.info\/wp-content\/uploads\/2022\/06\/5-M10.png\" data-rel=\"prettyPhoto[image_gallery_pretty_photo-106]\" title=\"M10\">\n\t\t\t\t\t\t\t\t\t\t\t<img loading=\"lazy\" decoding=\"async\" src=\"https:\/\/grao.info\/wp-content\/uploads\/2022\/06\/5-M10-320x220.png\" alt=\"\" width=\"320\" height=\"220\" \/>\t\t\t\t\t\t\t\t\t\t\t<\/a>\n\t\t\t\t\t\t\t\t\t<\/div>\n\t\t\t<\/div>\n\t\t\t\t\t<div class=\"edgtf-ig-image edgtf-item-space\">\n\t\t\t\t<div class=\"edgtf-ig-image-inner\">\n\t\t\t\t\t\t\t\t\t\t\t<a itemprop=\"image\" class=\"edgtf-ig-lightbox\" href=\"https:\/\/grao.info\/wp-content\/uploads\/2022\/06\/4-Timber.png\" data-rel=\"prettyPhoto[image_gallery_pretty_photo-106]\" title=\"Timber\">\n\t\t\t\t\t\t\t\t\t\t\t<img loading=\"lazy\" decoding=\"async\" src=\"https:\/\/grao.info\/wp-content\/uploads\/2022\/06\/4-Timber-320x220.png\" alt=\"\" width=\"320\" height=\"220\" \/>\t\t\t\t\t\t\t\t\t\t\t<\/a>\n\t\t\t\t\t\t\t\t\t<\/div>\n\t\t\t<\/div>\n\t\t\t<\/div>\n<\/div>[\/vc_column][vc_column width=&#8221;1\/3&#8243;][vc_column_text]<strong>Forma 5<\/strong> \u00e9s una empresa l\u00edder en el sector del mobiliari i la cadires d&#8217;oficina que, des de la seva creaci\u00f3, fa m\u00e9s de 35 anys, ha realitzat una forta aposta per la innovaci\u00f3 i el disseny per fer que els seus productes siguin cada vegada m\u00e9s eficients i c\u00f2modes. L&#8217;ergonomia, la qualitat visual i est\u00e8tica, el disseny industrial, les mat\u00e8ries primeres d&#8217;alta qualitat i la tecnologia innovadora s\u00f3n les bases d&#8217;un proc\u00e9s que culmina amb una oferta que optimitza els recursos del treball en oficina.[\/vc_column_text][vc_row_inner][vc_column_inner][vc_column_text]<a href=\"https:\/\/www.forma5.com\/\">www.forma5.com<\/a>[\/vc_column_text][\/vc_column_inner][\/vc_row_inner][\/vc_column][\/vc_row][vc_row][vc_column css=&#8221;.vc_custom_1615488032930{padding-top: 60px !important;}&#8221;][vc_row_inner][vc_column_inner]<div class=\"edgtf-separator-holder clearfix  edgtf-separator-center edgtf-separator-vertical\">\n\t<div class=\"edgtf-separator\" style=\"border-color: #333333;border-style: solid;height: 30px;border-left-width: 2px\"><\/div>\n<\/div>\n[vc_custom_heading text=&#8221;PRODUCTES SELECCIONATS&#8221; font_container=&#8221;tag:h3|font_size:32px|text_align:center|color:%233d3935|line_height:1.6&#8243; google_fonts=&#8221;font_family:Roboto%3A100%2C100italic%2C300%2C300italic%2Cregular%2Citalic%2C500%2C500italic%2C700%2C700italic%2C900%2C900italic|font_style:700%20bold%20regular%3A700%3Anormal&#8221;]<div class=\"edgtf-separator-holder clearfix  edgtf-separator-center edgtf-separator-vertical\">\n\t<div class=\"edgtf-separator\" style=\"border-color: #333333;border-style: solid;height: 30px;border-left-width: 2px\"><\/div>\n<\/div>\n[\/vc_column_inner][\/vc_row_inner][\/vc_column][\/vc_row][vc_row][vc_column css=&#8221;.vc_custom_1615565554899{padding-top: 60px !important;}&#8221;][vc_row_inner][vc_column_inner width=&#8221;1\/5&#8243;]<div class=\"edgtf-single-image-holder  edgtf-has-shadow edgtf-image-behavior-custom-link\">\n    <div class=\"edgtf-si-inner\" >\n        \t            <a itemprop=\"url\" href=\"\/ca\/producte\/sentis\/\" target=\"_self\">\n                                    <img loading=\"lazy\" decoding=\"async\" width=\"550\" height=\"550\" src=\"https:\/\/grao.info\/wp-content\/uploads\/2022\/06\/Sentis.d.png\" class=\"attachment-full size-full\" alt=\"\" srcset=\"https:\/\/grao.info\/wp-content\/uploads\/2022\/06\/Sentis.d.png 550w, https:\/\/grao.info\/wp-content\/uploads\/2022\/06\/Sentis.d-300x300.png 300w, https:\/\/grao.info\/wp-content\/uploads\/2022\/06\/Sentis.d-150x150.png 150w, https:\/\/grao.info\/wp-content\/uploads\/2022\/06\/Sentis.d-100x100.png 100w\" sizes=\"(max-width: 550px) 100vw, 550px\" \/>                                <\/a>\n            <\/div>\n<\/div>[vc_column_text]<\/p>\n<p style=\"text-align: center;\">SENTIS<\/p>\n<p>[\/vc_column_text][\/vc_column_inner][vc_column_inner width=&#8221;1\/5&#8243;]<div class=\"edgtf-single-image-holder  edgtf-has-shadow edgtf-image-behavior-custom-link\">\n    <div class=\"edgtf-si-inner\" >\n        \t            <a itemprop=\"url\" href=\"\/ca\/producte\/cubo\/\" target=\"_self\">\n                                    <img loading=\"lazy\" decoding=\"async\" width=\"550\" height=\"550\" src=\"https:\/\/grao.info\/wp-content\/uploads\/2022\/06\/Cubo.b.png\" class=\"attachment-full size-full\" alt=\"\" srcset=\"https:\/\/grao.info\/wp-content\/uploads\/2022\/06\/Cubo.b.png 550w, https:\/\/grao.info\/wp-content\/uploads\/2022\/06\/Cubo.b-300x300.png 300w, https:\/\/grao.info\/wp-content\/uploads\/2022\/06\/Cubo.b-150x150.png 150w, https:\/\/grao.info\/wp-content\/uploads\/2022\/06\/Cubo.b-100x100.png 100w\" sizes=\"(max-width: 550px) 100vw, 550px\" \/>                                <\/a>\n            <\/div>\n<\/div>[vc_column_text]<\/p>\n<p style=\"text-align: center;\">CUBO<\/p>\n<p>[\/vc_column_text][\/vc_column_inner][vc_column_inner width=&#8221;1\/5&#8243;]<div class=\"edgtf-single-image-holder  edgtf-has-shadow edgtf-image-behavior-custom-link\">\n    <div class=\"edgtf-si-inner\" >\n        \t            <a itemprop=\"url\" href=\"\/ca\/producte\/skala\/\" target=\"_self\">\n                                    <img loading=\"lazy\" decoding=\"async\" width=\"550\" height=\"550\" src=\"https:\/\/grao.info\/wp-content\/uploads\/2022\/06\/Skala.png\" class=\"attachment-full size-full\" alt=\"\" srcset=\"https:\/\/grao.info\/wp-content\/uploads\/2022\/06\/Skala.png 550w, https:\/\/grao.info\/wp-content\/uploads\/2022\/06\/Skala-300x300.png 300w, https:\/\/grao.info\/wp-content\/uploads\/2022\/06\/Skala-150x150.png 150w, https:\/\/grao.info\/wp-content\/uploads\/2022\/06\/Skala-100x100.png 100w\" sizes=\"(max-width: 550px) 100vw, 550px\" \/>                                <\/a>\n            <\/div>\n<\/div>[vc_column_text]<\/p>\n<p style=\"text-align: center;\">SKALA<\/p>\n<p>[\/vc_column_text][\/vc_column_inner][vc_column_inner width=&#8221;1\/5&#8243;]<div class=\"edgtf-single-image-holder  edgtf-has-shadow edgtf-image-behavior-custom-link\">\n    <div class=\"edgtf-si-inner\" >\n        \t            <a itemprop=\"url\" href=\"\/ca\/producte\/drone\/\" target=\"_self\">\n                                    <img loading=\"lazy\" decoding=\"async\" width=\"550\" height=\"550\" src=\"https:\/\/grao.info\/wp-content\/uploads\/2022\/06\/Drone.png\" class=\"attachment-full size-full\" alt=\"\" srcset=\"https:\/\/grao.info\/wp-content\/uploads\/2022\/06\/Drone.png 550w, https:\/\/grao.info\/wp-content\/uploads\/2022\/06\/Drone-300x300.png 300w, https:\/\/grao.info\/wp-content\/uploads\/2022\/06\/Drone-150x150.png 150w, https:\/\/grao.info\/wp-content\/uploads\/2022\/06\/Drone-100x100.png 100w\" sizes=\"(max-width: 550px) 100vw, 550px\" \/>                                <\/a>\n            <\/div>\n<\/div>[vc_column_text]<\/p>\n<p style=\"text-align: center;\">DRONE<\/p>\n<p>[\/vc_column_text][\/vc_column_inner][vc_column_inner width=&#8221;1\/5&#8243;]<div class=\"edgtf-single-image-holder  edgtf-has-shadow edgtf-image-behavior-custom-link\">\n    <div class=\"edgtf-si-inner\" >\n        \t            <a itemprop=\"url\" href=\"\/ca\/producte\/vektor\/\" target=\"_self\">\n                                    <img loading=\"lazy\" decoding=\"async\" width=\"550\" height=\"550\" src=\"https:\/\/grao.info\/wp-content\/uploads\/2022\/06\/Vektor.png\" class=\"attachment-full size-full\" alt=\"\" srcset=\"https:\/\/grao.info\/wp-content\/uploads\/2022\/06\/Vektor.png 550w, https:\/\/grao.info\/wp-content\/uploads\/2022\/06\/Vektor-300x300.png 300w, https:\/\/grao.info\/wp-content\/uploads\/2022\/06\/Vektor-150x150.png 150w, https:\/\/grao.info\/wp-content\/uploads\/2022\/06\/Vektor-100x100.png 100w\" sizes=\"(max-width: 550px) 100vw, 550px\" \/>                                <\/a>\n            <\/div>\n<\/div>[vc_column_text]<\/p>\n<p style=\"text-align: center;\">VEKTOR<\/p>\n<p>[\/vc_column_text][\/vc_column_inner][\/vc_row_inner][\/vc_column][\/vc_row][vc_row][vc_column css=&#8221;.vc_custom_1615565597146{padding-top: 30px !important;}&#8221;][vc_row_inner][vc_column_inner width=&#8221;1\/5&#8243;]<div class=\"edgtf-single-image-holder  edgtf-has-shadow edgtf-image-behavior-custom-link\">\n    <div class=\"edgtf-si-inner\" >\n        \t            <a itemprop=\"url\" href=\"\/ca\/producte\/v30\/\" target=\"_self\">\n                                    <img loading=\"lazy\" decoding=\"async\" width=\"550\" height=\"550\" src=\"https:\/\/grao.info\/wp-content\/uploads\/2022\/06\/V30.b.png\" class=\"attachment-full size-full\" alt=\"\" srcset=\"https:\/\/grao.info\/wp-content\/uploads\/2022\/06\/V30.b.png 550w, https:\/\/grao.info\/wp-content\/uploads\/2022\/06\/V30.b-300x300.png 300w, https:\/\/grao.info\/wp-content\/uploads\/2022\/06\/V30.b-150x150.png 150w, https:\/\/grao.info\/wp-content\/uploads\/2022\/06\/V30.b-100x100.png 100w\" sizes=\"(max-width: 550px) 100vw, 550px\" \/>                                <\/a>\n            <\/div>\n<\/div>[vc_column_text]<\/p>\n<p style=\"text-align: center;\">V30<\/p>\n<p>[\/vc_column_text][\/vc_column_inner][vc_column_inner width=&#8221;1\/5&#8243;]<div class=\"edgtf-single-image-holder  edgtf-has-shadow edgtf-image-behavior-custom-link\">\n    <div class=\"edgtf-si-inner\" >\n        \t            <a itemprop=\"url\" href=\"\/ca\/producte\/hexa\/\" target=\"_self\">\n                                    <img loading=\"lazy\" decoding=\"async\" width=\"550\" height=\"550\" src=\"https:\/\/grao.info\/wp-content\/uploads\/2022\/06\/Hexa.png\" class=\"attachment-full size-full\" alt=\"\" srcset=\"https:\/\/grao.info\/wp-content\/uploads\/2022\/06\/Hexa.png 550w, https:\/\/grao.info\/wp-content\/uploads\/2022\/06\/Hexa-300x300.png 300w, https:\/\/grao.info\/wp-content\/uploads\/2022\/06\/Hexa-150x150.png 150w, https:\/\/grao.info\/wp-content\/uploads\/2022\/06\/Hexa-100x100.png 100w\" sizes=\"(max-width: 550px) 100vw, 550px\" \/>                                <\/a>\n            <\/div>\n<\/div>[vc_column_text]<\/p>\n<p style=\"text-align: center;\">HEXA<\/p>\n<p>[\/vc_column_text][\/vc_column_inner][vc_column_inner width=&#8221;1\/5&#8243;]<div class=\"edgtf-single-image-holder  edgtf-has-shadow edgtf-image-behavior-custom-link\">\n    <div class=\"edgtf-si-inner\" >\n        \t            <a itemprop=\"url\" href=\"\/ca\/producte\/touch\/\" target=\"_self\">\n                                    <img loading=\"lazy\" decoding=\"async\" width=\"550\" height=\"550\" src=\"https:\/\/grao.info\/wp-content\/uploads\/2022\/06\/Touch.png\" class=\"attachment-full size-full\" alt=\"\" srcset=\"https:\/\/grao.info\/wp-content\/uploads\/2022\/06\/Touch.png 550w, https:\/\/grao.info\/wp-content\/uploads\/2022\/06\/Touch-300x300.png 300w, https:\/\/grao.info\/wp-content\/uploads\/2022\/06\/Touch-150x150.png 150w, https:\/\/grao.info\/wp-content\/uploads\/2022\/06\/Touch-100x100.png 100w\" sizes=\"(max-width: 550px) 100vw, 550px\" \/>                                <\/a>\n            <\/div>\n<\/div>[vc_column_text]<\/p>\n<p style=\"text-align: center;\">TOUCH<\/p>\n<p>[\/vc_column_text][\/vc_column_inner][vc_column_inner width=&#8221;1\/5&#8243;]<div class=\"edgtf-single-image-holder  edgtf-has-shadow edgtf-image-behavior-custom-link\">\n    <div class=\"edgtf-si-inner\" >\n        \t            <a itemprop=\"url\" href=\"\/ca\/producte\/f25\/\" target=\"_self\">\n                                    <img loading=\"lazy\" decoding=\"async\" width=\"550\" height=\"550\" src=\"https:\/\/grao.info\/wp-content\/uploads\/2022\/06\/F25.png\" class=\"attachment-full size-full\" alt=\"\" srcset=\"https:\/\/grao.info\/wp-content\/uploads\/2022\/06\/F25.png 550w, https:\/\/grao.info\/wp-content\/uploads\/2022\/06\/F25-300x300.png 300w, https:\/\/grao.info\/wp-content\/uploads\/2022\/06\/F25-150x150.png 150w, https:\/\/grao.info\/wp-content\/uploads\/2022\/06\/F25-100x100.png 100w\" sizes=\"(max-width: 550px) 100vw, 550px\" \/>                                <\/a>\n            <\/div>\n<\/div>[vc_column_text]<\/p>\n<p style=\"text-align: center;\">F25<\/p>\n<p>[\/vc_column_text][\/vc_column_inner][vc_column_inner width=&#8221;1\/5&#8243;]<div class=\"edgtf-single-image-holder  edgtf-has-shadow edgtf-image-behavior-custom-link\">\n    <div class=\"edgtf-si-inner\" >\n        \t            <a itemprop=\"url\" href=\"\/ca\/producte\/allure\/\" target=\"_self\">\n                                    <img loading=\"lazy\" decoding=\"async\" width=\"550\" height=\"550\" src=\"https:\/\/grao.info\/wp-content\/uploads\/2022\/06\/Allure.07.png\" class=\"attachment-full size-full\" alt=\"\" srcset=\"https:\/\/grao.info\/wp-content\/uploads\/2022\/06\/Allure.07.png 550w, https:\/\/grao.info\/wp-content\/uploads\/2022\/06\/Allure.07-300x300.png 300w, https:\/\/grao.info\/wp-content\/uploads\/2022\/06\/Allure.07-150x150.png 150w, https:\/\/grao.info\/wp-content\/uploads\/2022\/06\/Allure.07-100x100.png 100w\" sizes=\"(max-width: 550px) 100vw, 550px\" \/>                                <\/a>\n            <\/div>\n<\/div>[vc_column_text]<\/p>\n<p style=\"text-align: center;\">ALLURE<\/p>\n<p>[\/vc_column_text][\/vc_column_inner][\/vc_row_inner][vc_empty_space height=&#8221;100px&#8221;][\/vc_column][\/vc_row]<\/p>\n","protected":false},"excerpt":{"rendered":"<p>[vc_row equal_height=&#8221;yes&#8221; content_placement=&#8221;bottom&#8221;][vc_column width=&#8221;2\/3&#8243;][\/vc_column][vc_column width=&#8221;1\/3&#8243;][vc_column_text]Forma 5 \u00e9s una empresa l\u00edder en el sector del mobiliari i la cadires d&#8217;oficina que, des de la seva creaci\u00f3, fa m\u00e9s de 35 anys, ha realitzat una forta aposta per la innovaci\u00f3 i el [&hellip;]<\/p>\n","protected":false},"author":2,"featured_media":0,"parent":6347,"menu_order":0,"comment_status":"closed","ping_status":"closed","template":"","meta":{"footnotes":""},"acf":[],"yoast_head":"<!-- This site is optimized with the Yoast SEO Premium plugin v23.0 (Yoast SEO v23.0) - https:\/\/yoast.com\/wordpress\/plugins\/seo\/ -->\n<title>Forma 5 - Grao<\/title>\n<meta name=\"robots\" content=\"index, follow, max-snippet:-1, max-image-preview:large, max-video-preview:-1\" \/>\n<link rel=\"canonical\" href=\"https:\/\/grao.info\/ca\/marques\/forma-5\/\" \/>\n<meta property=\"og:locale\" content=\"ca_ES\" \/>\n<meta property=\"og:type\" content=\"article\" \/>\n<meta property=\"og:title\" content=\"Forma 5\" \/>\n<meta property=\"og:description\" content=\"[vc_row equal_height=&#8221;yes&#8221; content_placement=&#8221;bottom&#8221;][vc_column width=&#8221;2\/3&#8243;][\/vc_column][vc_column width=&#8221;1\/3&#8243;][vc_column_text]Forma 5 \u00e9s una empresa l\u00edder en el sector del mobiliari i la cadires d&#8217;oficina que, des de la seva creaci\u00f3, fa m\u00e9s de 35 anys, ha realitzat una forta aposta per la innovaci\u00f3 i el [&hellip;]\" \/>\n<meta property=\"og:url\" content=\"https:\/\/grao.info\/ca\/marques\/forma-5\/\" \/>\n<meta property=\"og:site_name\" content=\"Grao\" \/>\n<meta property=\"article:modified_time\" content=\"2026-02-12T14:47:09+00:00\" \/>\n<meta name=\"twitter:card\" content=\"summary_large_image\" \/>\n<meta name=\"twitter:label1\" content=\"Temps estimat de lectura\" \/>\n\t<meta name=\"twitter:data1\" content=\"1 minut\" \/>\n<script type=\"application\/ld+json\" class=\"yoast-schema-graph\">{\"@context\":\"https:\/\/schema.org\",\"@graph\":[{\"@type\":\"WebPage\",\"@id\":\"https:\/\/grao.info\/ca\/marques\/forma-5\/\",\"url\":\"https:\/\/grao.info\/ca\/marques\/forma-5\/\",\"name\":\"Forma 5 - Grao\",\"isPartOf\":{\"@id\":\"https:\/\/grao.info\/ca\/#website\"},\"datePublished\":\"2022-03-31T11:07:44+00:00\",\"dateModified\":\"2026-02-12T14:47:09+00:00\",\"breadcrumb\":{\"@id\":\"https:\/\/grao.info\/ca\/marques\/forma-5\/#breadcrumb\"},\"inLanguage\":\"ca\",\"potentialAction\":[{\"@type\":\"ReadAction\",\"target\":[\"https:\/\/grao.info\/ca\/marques\/forma-5\/\"]}]},{\"@type\":\"BreadcrumbList\",\"@id\":\"https:\/\/grao.info\/ca\/marques\/forma-5\/#breadcrumb\",\"itemListElement\":[{\"@type\":\"ListItem\",\"position\":1,\"name\":\"Portada\",\"item\":\"https:\/\/grao.info\/ca\/\"},{\"@type\":\"ListItem\",\"position\":2,\"name\":\"Marques\",\"item\":\"https:\/\/grao.info\/ca\/marques\/\"},{\"@type\":\"ListItem\",\"position\":3,\"name\":\"Forma 5\"}]},{\"@type\":\"WebSite\",\"@id\":\"https:\/\/grao.info\/ca\/#website\",\"url\":\"https:\/\/grao.info\/ca\/\",\"name\":\"Grao\",\"description\":\"\",\"publisher\":{\"@id\":\"https:\/\/grao.info\/ca\/#organization\"},\"potentialAction\":[{\"@type\":\"SearchAction\",\"target\":{\"@type\":\"EntryPoint\",\"urlTemplate\":\"https:\/\/grao.info\/ca\/?s={search_term_string}\"},\"query-input\":\"required name=search_term_string\"}],\"inLanguage\":\"ca\"},{\"@type\":\"Organization\",\"@id\":\"https:\/\/grao.info\/ca\/#organization\",\"name\":\"Grao\",\"url\":\"https:\/\/grao.info\/ca\/\",\"logo\":{\"@type\":\"ImageObject\",\"inLanguage\":\"ca\",\"@id\":\"https:\/\/grao.info\/ca\/#\/schema\/logo\/image\/\",\"url\":\"https:\/\/grao.info\/wp-content\/uploads\/2022\/04\/logo-mobil-1.png\",\"contentUrl\":\"https:\/\/grao.info\/wp-content\/uploads\/2022\/04\/logo-mobil-1.png\",\"width\":275,\"height\":85,\"caption\":\"Grao\"},\"image\":{\"@id\":\"https:\/\/grao.info\/ca\/#\/schema\/logo\/image\/\"}}]}<\/script>\n<!-- \/ Yoast SEO Premium plugin. -->","yoast_head_json":{"title":"Forma 5 - Grao","robots":{"index":"index","follow":"follow","max-snippet":"max-snippet:-1","max-image-preview":"max-image-preview:large","max-video-preview":"max-video-preview:-1"},"canonical":"https:\/\/grao.info\/ca\/marques\/forma-5\/","og_locale":"ca_ES","og_type":"article","og_title":"Forma 5","og_description":"[vc_row equal_height=&#8221;yes&#8221; content_placement=&#8221;bottom&#8221;][vc_column width=&#8221;2\/3&#8243;][\/vc_column][vc_column width=&#8221;1\/3&#8243;][vc_column_text]Forma 5 \u00e9s una empresa l\u00edder en el sector del mobiliari i la cadires d&#8217;oficina que, des de la seva creaci\u00f3, fa m\u00e9s de 35 anys, ha realitzat una forta aposta per la innovaci\u00f3 i el [&hellip;]","og_url":"https:\/\/grao.info\/ca\/marques\/forma-5\/","og_site_name":"Grao","article_modified_time":"2026-02-12T14:47:09+00:00","twitter_card":"summary_large_image","twitter_misc":{"Temps estimat de lectura":"1 minut"},"schema":{"@context":"https:\/\/schema.org","@graph":[{"@type":"WebPage","@id":"https:\/\/grao.info\/ca\/marques\/forma-5\/","url":"https:\/\/grao.info\/ca\/marques\/forma-5\/","name":"Forma 5 - Grao","isPartOf":{"@id":"https:\/\/grao.info\/ca\/#website"},"datePublished":"2022-03-31T11:07:44+00:00","dateModified":"2026-02-12T14:47:09+00:00","breadcrumb":{"@id":"https:\/\/grao.info\/ca\/marques\/forma-5\/#breadcrumb"},"inLanguage":"ca","potentialAction":[{"@type":"ReadAction","target":["https:\/\/grao.info\/ca\/marques\/forma-5\/"]}]},{"@type":"BreadcrumbList","@id":"https:\/\/grao.info\/ca\/marques\/forma-5\/#breadcrumb","itemListElement":[{"@type":"ListItem","position":1,"name":"Portada","item":"https:\/\/grao.info\/ca\/"},{"@type":"ListItem","position":2,"name":"Marques","item":"https:\/\/grao.info\/ca\/marques\/"},{"@type":"ListItem","position":3,"name":"Forma 5"}]},{"@type":"WebSite","@id":"https:\/\/grao.info\/ca\/#website","url":"https:\/\/grao.info\/ca\/","name":"Grao","description":"","publisher":{"@id":"https:\/\/grao.info\/ca\/#organization"},"potentialAction":[{"@type":"SearchAction","target":{"@type":"EntryPoint","urlTemplate":"https:\/\/grao.info\/ca\/?s={search_term_string}"},"query-input":"required name=search_term_string"}],"inLanguage":"ca"},{"@type":"Organization","@id":"https:\/\/grao.info\/ca\/#organization","name":"Grao","url":"https:\/\/grao.info\/ca\/","logo":{"@type":"ImageObject","inLanguage":"ca","@id":"https:\/\/grao.info\/ca\/#\/schema\/logo\/image\/","url":"https:\/\/grao.info\/wp-content\/uploads\/2022\/04\/logo-mobil-1.png","contentUrl":"https:\/\/grao.info\/wp-content\/uploads\/2022\/04\/logo-mobil-1.png","width":275,"height":85,"caption":"Grao"},"image":{"@id":"https:\/\/grao.info\/ca\/#\/schema\/logo\/image\/"}}]}},"_links":{"self":[{"href":"https:\/\/grao.info\/ca\/wp-json\/wp\/v2\/pages\/22731"}],"collection":[{"href":"https:\/\/grao.info\/ca\/wp-json\/wp\/v2\/pages"}],"about":[{"href":"https:\/\/grao.info\/ca\/wp-json\/wp\/v2\/types\/page"}],"author":[{"embeddable":true,"href":"https:\/\/grao.info\/ca\/wp-json\/wp\/v2\/users\/2"}],"replies":[{"embeddable":true,"href":"https:\/\/grao.info\/ca\/wp-json\/wp\/v2\/comments?post=22731"}],"version-history":[{"count":6,"href":"https:\/\/grao.info\/ca\/wp-json\/wp\/v2\/pages\/22731\/revisions"}],"predecessor-version":[{"id":29160,"href":"https:\/\/grao.info\/ca\/wp-json\/wp\/v2\/pages\/22731\/revisions\/29160"}],"up":[{"embeddable":true,"href":"https:\/\/grao.info\/ca\/wp-json\/wp\/v2\/pages\/6347"}],"wp:attachment":[{"href":"https:\/\/grao.info\/ca\/wp-json\/wp\/v2\/media?parent=22731"}],"curies":[{"name":"wp","href":"https:\/\/api.w.org\/{rel}","templated":true}]}}