{"id":22740,"date":"2021-09-28T14:27:12","date_gmt":"2021-09-28T14:27:12","guid":{"rendered":"https:\/\/grao.info\/marques\/horm\/"},"modified":"2026-02-03T13:16:53","modified_gmt":"2026-02-03T13:16:53","slug":"horm","status":"publish","type":"page","link":"https:\/\/grao.info\/ca\/marques\/horm\/","title":{"rendered":"Horm"},"content":{"rendered":"<p>[vc_row equal_height=&#8221;yes&#8221; content_placement=&#8221;bottom&#8221;][vc_column width=&#8221;2\/3&#8243;]<div class=\"edgtf-image-gallery  edgtf-ig-grid-type edgtf-large-space edgtf-has-shadow edgtf-image-behavior-lightbox \">\n\t<div class=\"edgtf-ig-inner edgtf-outer-space edgtf-ig-grid edgtf-ig-three-columns\">\n\t\t\t\t\t<div class=\"edgtf-ig-image edgtf-item-space\">\n\t\t\t\t<div class=\"edgtf-ig-image-inner\">\n\t\t\t\t\t\t\t\t\t\t\t<a itemprop=\"image\" class=\"edgtf-ig-lightbox\" href=\"https:\/\/grao.info\/wp-content\/uploads\/2021\/09\/Ben-Grimm.png\" data-rel=\"prettyPhoto[image_gallery_pretty_photo-67]\" title=\"Ben Grimm\">\n\t\t\t\t\t\t\t\t\t\t\t<img loading=\"lazy\" decoding=\"async\" src=\"https:\/\/grao.info\/wp-content\/uploads\/2021\/09\/Ben-Grimm-320x220.png\" alt=\"\" width=\"320\" height=\"220\" \/>\t\t\t\t\t\t\t\t\t\t\t<\/a>\n\t\t\t\t\t\t\t\t\t<\/div>\n\t\t\t<\/div>\n\t\t\t\t\t<div class=\"edgtf-ig-image edgtf-item-space\">\n\t\t\t\t<div class=\"edgtf-ig-image-inner\">\n\t\t\t\t\t\t\t\t\t\t\t<a itemprop=\"image\" class=\"edgtf-ig-lightbox\" href=\"https:\/\/grao.info\/wp-content\/uploads\/2021\/09\/Network.png\" data-rel=\"prettyPhoto[image_gallery_pretty_photo-67]\" title=\"Network\">\n\t\t\t\t\t\t\t\t\t\t\t<img loading=\"lazy\" decoding=\"async\" src=\"https:\/\/grao.info\/wp-content\/uploads\/2021\/09\/Network-320x220.png\" alt=\"\" width=\"320\" height=\"220\" \/>\t\t\t\t\t\t\t\t\t\t\t<\/a>\n\t\t\t\t\t\t\t\t\t<\/div>\n\t\t\t<\/div>\n\t\t\t\t\t<div class=\"edgtf-ig-image edgtf-item-space\">\n\t\t\t\t<div class=\"edgtf-ig-image-inner\">\n\t\t\t\t\t\t\t\t\t\t\t<a itemprop=\"image\" class=\"edgtf-ig-lightbox\" href=\"https:\/\/grao.info\/wp-content\/uploads\/2021\/09\/Miles-I-ComRi.png\" data-rel=\"prettyPhoto[image_gallery_pretty_photo-67]\" title=\"Miles I ComR\u00ec\">\n\t\t\t\t\t\t\t\t\t\t\t<img loading=\"lazy\" decoding=\"async\" src=\"https:\/\/grao.info\/wp-content\/uploads\/2021\/09\/Miles-I-ComRi-320x220.png\" alt=\"\" width=\"320\" height=\"220\" \/>\t\t\t\t\t\t\t\t\t\t\t<\/a>\n\t\t\t\t\t\t\t\t\t<\/div>\n\t\t\t<\/div>\n\t\t\t\t\t<div class=\"edgtf-ig-image edgtf-item-space\">\n\t\t\t\t<div class=\"edgtf-ig-image-inner\">\n\t\t\t\t\t\t\t\t\t\t\t<a itemprop=\"image\" class=\"edgtf-ig-lightbox\" href=\"https:\/\/grao.info\/wp-content\/uploads\/2021\/09\/Billie-I-Autoreggente.png\" data-rel=\"prettyPhoto[image_gallery_pretty_photo-67]\" title=\"Billie I Autoreggente\">\n\t\t\t\t\t\t\t\t\t\t\t<img loading=\"lazy\" decoding=\"async\" src=\"https:\/\/grao.info\/wp-content\/uploads\/2021\/09\/Billie-I-Autoreggente-320x220.png\" alt=\"\" width=\"320\" height=\"220\" \/>\t\t\t\t\t\t\t\t\t\t\t<\/a>\n\t\t\t\t\t\t\t\t\t<\/div>\n\t\t\t<\/div>\n\t\t\t\t\t<div class=\"edgtf-ig-image edgtf-item-space\">\n\t\t\t\t<div class=\"edgtf-ig-image-inner\">\n\t\t\t\t\t\t\t\t\t\t\t<a itemprop=\"image\" class=\"edgtf-ig-lightbox\" href=\"https:\/\/grao.info\/wp-content\/uploads\/2021\/09\/Leon-I-Capriata.png\" data-rel=\"prettyPhoto[image_gallery_pretty_photo-67]\" title=\"Leon I Capriata\">\n\t\t\t\t\t\t\t\t\t\t\t<img loading=\"lazy\" decoding=\"async\" src=\"https:\/\/grao.info\/wp-content\/uploads\/2021\/09\/Leon-I-Capriata-320x220.png\" alt=\"\" width=\"320\" height=\"220\" \/>\t\t\t\t\t\t\t\t\t\t\t<\/a>\n\t\t\t\t\t\t\t\t\t<\/div>\n\t\t\t<\/div>\n\t\t\t\t\t<div class=\"edgtf-ig-image edgtf-item-space\">\n\t\t\t\t<div class=\"edgtf-ig-image-inner\">\n\t\t\t\t\t\t\t\t\t\t\t<a itemprop=\"image\" class=\"edgtf-ig-lightbox\" href=\"https:\/\/grao.info\/wp-content\/uploads\/2021\/09\/Sendai-I-Ripples.png\" data-rel=\"prettyPhoto[image_gallery_pretty_photo-67]\" title=\"Sendai I Ripples\">\n\t\t\t\t\t\t\t\t\t\t\t<img loading=\"lazy\" decoding=\"async\" src=\"https:\/\/grao.info\/wp-content\/uploads\/2021\/09\/Sendai-I-Ripples-320x220.png\" alt=\"\" width=\"320\" height=\"220\" \/>\t\t\t\t\t\t\t\t\t\t\t<\/a>\n\t\t\t\t\t\t\t\t\t<\/div>\n\t\t\t<\/div>\n\t\t\t<\/div>\n<\/div>[\/vc_column][vc_column width=&#8221;1\/3&#8243;][vc_column_text]<strong>Horm<\/strong> ofereix un estil de &#8220;disseny contemporani&#8221; on conviuen influ\u00e8ncies mediterr\u00e0nies, japoneses, escandinaves i nord-americanes, reinterpretades per la cultura, la passi\u00f3 i l&#8217;artesania del Made in Italy. Dedicada a un p\u00fablic adult, culte i conscient, que desitja conferir a les seves estances un car\u00e0cter exclusiu i refinat, conjugant est\u00e8tica, funcionalitat i qualitat dels materials.<\/p>\n<p><strong>Casamania<\/strong> presenta un estil ecl\u00e8ctic, on el mobiliari quotidi\u00e0 s\u00b4 interpreta a trav\u00e9s de influ\u00e8ncies cosmopolites i avantguardistes per un disseny ir\u00f2nic i &#8220;pop&#8221;. La col\u00b7lecci\u00f3 est\u00e0 decididament orientada cap a les tend\u00e8ncies modernes de Soft Contract i es pot utilitzar en projectes de decoraci\u00f3 d&#8217;alta gamma on les \u00e0rees comuns per al treball i l&#8217;oci estan dissenyades per oferir el plaer de ser viscuts.[\/vc_column_text][vc_row_inner][vc_column_inner][vc_column_text]<a href=\"https:\/\/www.horm.it\">www.horm.it<\/a>[\/vc_column_text][\/vc_column_inner][\/vc_row_inner][\/vc_column][\/vc_row][vc_row][vc_column css=&#8221;.vc_custom_1615488032930{padding-top: 60px !important;}&#8221;][vc_row_inner][vc_column_inner]<div class=\"edgtf-separator-holder clearfix  edgtf-separator-center edgtf-separator-vertical\">\n\t<div class=\"edgtf-separator\" style=\"border-color: #333333;border-style: solid;height: 30px;border-left-width: 2px\"><\/div>\n<\/div>\n[vc_custom_heading text=&#8221;PRODUCTES SELECCIONATS&#8221; font_container=&#8221;tag:h3|font_size:32px|text_align:center|color:%233d3935|line_height:1.6&#8243; google_fonts=&#8221;font_family:Roboto%3A100%2C100italic%2C300%2C300italic%2Cregular%2Citalic%2C500%2C500italic%2C700%2C700italic%2C900%2C900italic|font_style:700%20bold%20regular%3A700%3Anormal&#8221;]<div class=\"edgtf-separator-holder clearfix  edgtf-separator-center edgtf-separator-vertical\">\n\t<div class=\"edgtf-separator\" style=\"border-color: #333333;border-style: solid;height: 30px;border-left-width: 2px\"><\/div>\n<\/div>\n[\/vc_column_inner][\/vc_row_inner][\/vc_column][\/vc_row][vc_row][vc_column css=&#8221;.vc_custom_1615565554899{padding-top: 60px !important;}&#8221;][vc_row_inner][vc_column_inner width=&#8221;1\/5&#8243;]<div class=\"edgtf-single-image-holder  edgtf-has-shadow edgtf-image-behavior-custom-link\">\n    <div class=\"edgtf-si-inner\" >\n        \t            <a itemprop=\"url\" href=\"\/ca\/producte\/figi\/\" target=\"_self\">\n                                    <img loading=\"lazy\" decoding=\"async\" width=\"550\" height=\"550\" src=\"https:\/\/grao.info\/wp-content\/uploads\/2021\/09\/Figi.png\" class=\"attachment-full size-full\" alt=\"\" srcset=\"https:\/\/grao.info\/wp-content\/uploads\/2021\/09\/Figi.png 550w, https:\/\/grao.info\/wp-content\/uploads\/2021\/09\/Figi-300x300.png 300w, https:\/\/grao.info\/wp-content\/uploads\/2021\/09\/Figi-150x150.png 150w, https:\/\/grao.info\/wp-content\/uploads\/2021\/09\/Figi-100x100.png 100w\" sizes=\"(max-width: 550px) 100vw, 550px\" \/>                                <\/a>\n            <\/div>\n<\/div>[vc_column_text]<\/p>\n<p style=\"text-align: center;\">FIGI<\/p>\n<p>[\/vc_column_text][\/vc_column_inner][vc_column_inner width=&#8221;1\/5&#8243;]<div class=\"edgtf-single-image-holder  edgtf-has-shadow edgtf-image-behavior-custom-link\">\n    <div class=\"edgtf-si-inner\" >\n        \t            <a itemprop=\"url\" href=\"\/ca\/producte\/rag-time\/\" target=\"_self\">\n                                    <img loading=\"lazy\" decoding=\"async\" width=\"550\" height=\"550\" src=\"https:\/\/grao.info\/wp-content\/uploads\/2021\/09\/Ragtime.png\" class=\"attachment-full size-full\" alt=\"\" srcset=\"https:\/\/grao.info\/wp-content\/uploads\/2021\/09\/Ragtime.png 550w, https:\/\/grao.info\/wp-content\/uploads\/2021\/09\/Ragtime-300x300.png 300w, https:\/\/grao.info\/wp-content\/uploads\/2021\/09\/Ragtime-150x150.png 150w, https:\/\/grao.info\/wp-content\/uploads\/2021\/09\/Ragtime-100x100.png 100w\" sizes=\"(max-width: 550px) 100vw, 550px\" \/>                                <\/a>\n            <\/div>\n<\/div>[vc_column_text]<\/p>\n<p style=\"text-align: center;\">RAGTIME<\/p>\n<p>[\/vc_column_text][\/vc_column_inner][vc_column_inner width=&#8221;1\/5&#8243;]<div class=\"edgtf-single-image-holder  edgtf-has-shadow edgtf-image-behavior-custom-link\">\n    <div class=\"edgtf-si-inner\" >\n        \t            <a itemprop=\"url\" href=\"\/ca\/producte\/sc1-sc2\/\" target=\"_self\">\n                                    <img loading=\"lazy\" decoding=\"async\" width=\"1320\" height=\"1320\" src=\"https:\/\/grao.info\/wp-content\/uploads\/2023\/10\/SC1_SC2_1.jpg\" class=\"attachment-full size-full\" alt=\"\" srcset=\"https:\/\/grao.info\/wp-content\/uploads\/2023\/10\/SC1_SC2_1.jpg 1320w, https:\/\/grao.info\/wp-content\/uploads\/2023\/10\/SC1_SC2_1-300x300.jpg 300w, https:\/\/grao.info\/wp-content\/uploads\/2023\/10\/SC1_SC2_1-1024x1024.jpg 1024w, https:\/\/grao.info\/wp-content\/uploads\/2023\/10\/SC1_SC2_1-150x150.jpg 150w, https:\/\/grao.info\/wp-content\/uploads\/2023\/10\/SC1_SC2_1-768x768.jpg 768w, https:\/\/grao.info\/wp-content\/uploads\/2023\/10\/SC1_SC2_1-550x550.jpg 550w, https:\/\/grao.info\/wp-content\/uploads\/2023\/10\/SC1_SC2_1-1100x1100.jpg 1100w, https:\/\/grao.info\/wp-content\/uploads\/2023\/10\/SC1_SC2_1-600x600.jpg 600w, https:\/\/grao.info\/wp-content\/uploads\/2023\/10\/SC1_SC2_1-100x100.jpg 100w\" sizes=\"(max-width: 1320px) 100vw, 1320px\" \/>                                <\/a>\n            <\/div>\n<\/div>[vc_column_text]<\/p>\n<p style=\"text-align: center;\">SC1 &amp; SC2<\/p>\n<p>[\/vc_column_text][\/vc_column_inner][vc_column_inner width=&#8221;1\/5&#8243;]<div class=\"edgtf-single-image-holder  edgtf-has-shadow edgtf-image-behavior-custom-link\">\n    <div class=\"edgtf-si-inner\" >\n        \t            <a itemprop=\"url\" href=\"\/ca\/producte\/leon\/\" target=\"_self\">\n                                    <img loading=\"lazy\" decoding=\"async\" width=\"2560\" height=\"2560\" src=\"https:\/\/grao.info\/wp-content\/uploads\/2023\/10\/Leon_pp-scaled.jpg\" class=\"attachment-full size-full\" alt=\"\" srcset=\"https:\/\/grao.info\/wp-content\/uploads\/2023\/10\/Leon_pp-scaled.jpg 2560w, https:\/\/grao.info\/wp-content\/uploads\/2023\/10\/Leon_pp-300x300.jpg 300w, https:\/\/grao.info\/wp-content\/uploads\/2023\/10\/Leon_pp-1024x1024.jpg 1024w, https:\/\/grao.info\/wp-content\/uploads\/2023\/10\/Leon_pp-150x150.jpg 150w, https:\/\/grao.info\/wp-content\/uploads\/2023\/10\/Leon_pp-768x768.jpg 768w, https:\/\/grao.info\/wp-content\/uploads\/2023\/10\/Leon_pp-1536x1536.jpg 1536w, https:\/\/grao.info\/wp-content\/uploads\/2023\/10\/Leon_pp-550x550.jpg 550w, https:\/\/grao.info\/wp-content\/uploads\/2023\/10\/Leon_pp-1100x1100.jpg 1100w, https:\/\/grao.info\/wp-content\/uploads\/2023\/10\/Leon_pp-600x600.jpg 600w, https:\/\/grao.info\/wp-content\/uploads\/2023\/10\/Leon_pp-100x100.jpg 100w\" sizes=\"(max-width: 2560px) 100vw, 2560px\" \/>                                <\/a>\n            <\/div>\n<\/div>[vc_column_text]<\/p>\n<p style=\"text-align: center;\">LEON<\/p>\n<p>[\/vc_column_text][\/vc_column_inner][vc_column_inner width=&#8221;1\/5&#8243;]<div class=\"edgtf-single-image-holder  edgtf-has-shadow edgtf-image-behavior-custom-link\">\n    <div class=\"edgtf-si-inner\" >\n        \t            <a itemprop=\"url\" href=\"\/ca\/producte\/93-08\/\" target=\"_self\">\n                                    <img loading=\"lazy\" decoding=\"async\" width=\"2560\" height=\"2560\" src=\"https:\/\/grao.info\/wp-content\/uploads\/2023\/10\/93-08-Casamania-Horm-167393-rele5ad2bf9-co\u0300pia-copia-scaled.jpg\" class=\"attachment-full size-full\" alt=\"\" srcset=\"https:\/\/grao.info\/wp-content\/uploads\/2023\/10\/93-08-Casamania-Horm-167393-rele5ad2bf9-co\u0300pia-copia-scaled.jpg 2560w, https:\/\/grao.info\/wp-content\/uploads\/2023\/10\/93-08-Casamania-Horm-167393-rele5ad2bf9-co\u0300pia-copia-300x300.jpg 300w, https:\/\/grao.info\/wp-content\/uploads\/2023\/10\/93-08-Casamania-Horm-167393-rele5ad2bf9-co\u0300pia-copia-1024x1024.jpg 1024w, https:\/\/grao.info\/wp-content\/uploads\/2023\/10\/93-08-Casamania-Horm-167393-rele5ad2bf9-co\u0300pia-copia-150x150.jpg 150w, https:\/\/grao.info\/wp-content\/uploads\/2023\/10\/93-08-Casamania-Horm-167393-rele5ad2bf9-co\u0300pia-copia-768x768.jpg 768w, https:\/\/grao.info\/wp-content\/uploads\/2023\/10\/93-08-Casamania-Horm-167393-rele5ad2bf9-co\u0300pia-copia-1536x1536.jpg 1536w, https:\/\/grao.info\/wp-content\/uploads\/2023\/10\/93-08-Casamania-Horm-167393-rele5ad2bf9-co\u0300pia-copia-550x550.jpg 550w, https:\/\/grao.info\/wp-content\/uploads\/2023\/10\/93-08-Casamania-Horm-167393-rele5ad2bf9-co\u0300pia-copia-1100x1100.jpg 1100w, https:\/\/grao.info\/wp-content\/uploads\/2023\/10\/93-08-Casamania-Horm-167393-rele5ad2bf9-co\u0300pia-copia-600x600.jpg 600w, https:\/\/grao.info\/wp-content\/uploads\/2023\/10\/93-08-Casamania-Horm-167393-rele5ad2bf9-co\u0300pia-copia-100x100.jpg 100w\" sizes=\"(max-width: 2560px) 100vw, 2560px\" \/>                                <\/a>\n            <\/div>\n<\/div>[vc_column_text]<\/p>\n<p style=\"text-align: center;\">93-98<\/p>\n<p>[\/vc_column_text][\/vc_column_inner][\/vc_row_inner][\/vc_column][\/vc_row][vc_row][vc_column css=&#8221;.vc_custom_1615565597146{padding-top: 30px !important;}&#8221;][vc_row_inner][vc_column_inner width=&#8221;1\/5&#8243;]<div class=\"edgtf-single-image-holder  edgtf-has-shadow edgtf-image-behavior-custom-link\">\n    <div class=\"edgtf-si-inner\" >\n        \t            <a itemprop=\"url\" href=\"\/ca\/producte\/tribeca\/\" target=\"_self\">\n                                    <img loading=\"lazy\" decoding=\"async\" width=\"550\" height=\"550\" src=\"https:\/\/grao.info\/wp-content\/uploads\/2023\/10\/Tribeca.5.png\" class=\"attachment-full size-full\" alt=\"\" srcset=\"https:\/\/grao.info\/wp-content\/uploads\/2023\/10\/Tribeca.5.png 550w, https:\/\/grao.info\/wp-content\/uploads\/2023\/10\/Tribeca.5-300x300.png 300w, https:\/\/grao.info\/wp-content\/uploads\/2023\/10\/Tribeca.5-150x150.png 150w, https:\/\/grao.info\/wp-content\/uploads\/2023\/10\/Tribeca.5-100x100.png 100w\" sizes=\"(max-width: 550px) 100vw, 550px\" \/>                                <\/a>\n            <\/div>\n<\/div>[vc_column_text]<\/p>\n<p style=\"text-align: center;\">TRIBECA<\/p>\n<p>[\/vc_column_text][\/vc_column_inner][vc_column_inner width=&#8221;1\/5&#8243;]<div class=\"edgtf-single-image-holder  edgtf-has-shadow edgtf-image-behavior-custom-link\">\n    <div class=\"edgtf-si-inner\" >\n        \t            <a itemprop=\"url\" href=\"\/ca\/producte\/riddled--not-riddled\/\" target=\"_self\">\n                                    <img loading=\"lazy\" decoding=\"async\" width=\"550\" height=\"550\" src=\"https:\/\/grao.info\/wp-content\/uploads\/2023\/10\/Not-Riddled.png\" class=\"attachment-full size-full\" alt=\"\" srcset=\"https:\/\/grao.info\/wp-content\/uploads\/2023\/10\/Not-Riddled.png 550w, https:\/\/grao.info\/wp-content\/uploads\/2023\/10\/Not-Riddled-300x300.png 300w, https:\/\/grao.info\/wp-content\/uploads\/2023\/10\/Not-Riddled-150x150.png 150w, https:\/\/grao.info\/wp-content\/uploads\/2023\/10\/Not-Riddled-100x100.png 100w\" sizes=\"(max-width: 550px) 100vw, 550px\" \/>                                <\/a>\n            <\/div>\n<\/div>[vc_column_text]<\/p>\n<p style=\"text-align: center;\">RIDDLED \/ NOT RIDDLED<\/p>\n<p>[\/vc_column_text][\/vc_column_inner][vc_column_inner width=&#8221;1\/5&#8243;]<div class=\"edgtf-single-image-holder  edgtf-has-shadow edgtf-image-behavior-custom-link\">\n    <div class=\"edgtf-si-inner\" >\n        \t            <a itemprop=\"url\" href=\"\/ca\/producte\/twine\/\" target=\"_self\">\n                                    <img loading=\"lazy\" decoding=\"async\" width=\"550\" height=\"550\" src=\"https:\/\/grao.info\/wp-content\/uploads\/2021\/09\/Twine.png\" class=\"attachment-full size-full\" alt=\"\" srcset=\"https:\/\/grao.info\/wp-content\/uploads\/2021\/09\/Twine.png 550w, https:\/\/grao.info\/wp-content\/uploads\/2021\/09\/Twine-300x300.png 300w, https:\/\/grao.info\/wp-content\/uploads\/2021\/09\/Twine-150x150.png 150w, https:\/\/grao.info\/wp-content\/uploads\/2021\/09\/Twine-100x100.png 100w\" sizes=\"(max-width: 550px) 100vw, 550px\" \/>                                <\/a>\n            <\/div>\n<\/div>[vc_column_text]<\/p>\n<p style=\"text-align: center;\">TWINE<\/p>\n<p>[\/vc_column_text][\/vc_column_inner][vc_column_inner width=&#8221;1\/5&#8243;]<div class=\"edgtf-single-image-holder  edgtf-has-shadow edgtf-image-behavior-custom-link\">\n    <div class=\"edgtf-si-inner\" >\n        \t            <a itemprop=\"url\" href=\"\/ca\/producte\/autoreggente\/\" target=\"_self\">\n                                    <img loading=\"lazy\" decoding=\"async\" width=\"550\" height=\"550\" src=\"https:\/\/grao.info\/wp-content\/uploads\/2021\/09\/Autoreggente.png\" class=\"attachment-full size-full\" alt=\"\" srcset=\"https:\/\/grao.info\/wp-content\/uploads\/2021\/09\/Autoreggente.png 550w, https:\/\/grao.info\/wp-content\/uploads\/2021\/09\/Autoreggente-300x300.png 300w, https:\/\/grao.info\/wp-content\/uploads\/2021\/09\/Autoreggente-150x150.png 150w, https:\/\/grao.info\/wp-content\/uploads\/2021\/09\/Autoreggente-100x100.png 100w\" sizes=\"(max-width: 550px) 100vw, 550px\" \/>                                <\/a>\n            <\/div>\n<\/div>[vc_column_text]<\/p>\n<p style=\"text-align: center;\">AUTOREGGENTE<\/p>\n<p>[\/vc_column_text][\/vc_column_inner][vc_column_inner width=&#8221;1\/5&#8243;]<div class=\"edgtf-single-image-holder  edgtf-has-shadow edgtf-image-behavior-custom-link\">\n    <div class=\"edgtf-si-inner\" >\n        \t            <a itemprop=\"url\" href=\"\/ca\/producte\/ebridi\/\" target=\"_self\">\n                                    <img loading=\"lazy\" decoding=\"async\" width=\"550\" height=\"550\" src=\"https:\/\/grao.info\/wp-content\/uploads\/2021\/09\/Ebridi.png\" class=\"attachment-full size-full\" alt=\"\" srcset=\"https:\/\/grao.info\/wp-content\/uploads\/2021\/09\/Ebridi.png 550w, https:\/\/grao.info\/wp-content\/uploads\/2021\/09\/Ebridi-300x300.png 300w, https:\/\/grao.info\/wp-content\/uploads\/2021\/09\/Ebridi-150x150.png 150w, https:\/\/grao.info\/wp-content\/uploads\/2021\/09\/Ebridi-100x100.png 100w\" sizes=\"(max-width: 550px) 100vw, 550px\" \/>                                <\/a>\n            <\/div>\n<\/div>[vc_column_text]<\/p>\n<p style=\"text-align: center;\">EBRIDI<\/p>\n<p>[\/vc_column_text][\/vc_column_inner][\/vc_row_inner][vc_empty_space height=&#8221;100px&#8221;][\/vc_column][\/vc_row]<\/p>\n","protected":false},"excerpt":{"rendered":"<p>[vc_row equal_height=&#8221;yes&#8221; content_placement=&#8221;bottom&#8221;][vc_column width=&#8221;2\/3&#8243;][\/vc_column][vc_column width=&#8221;1\/3&#8243;][vc_column_text]Horm ofereix un estil de &#8220;disseny contemporani&#8221; on conviuen influ\u00e8ncies mediterr\u00e0nies, japoneses, escandinaves i nord-americanes, reinterpretades per la cultura, la passi\u00f3 i l&#8217;artesania del Made in Italy. Dedicada a un p\u00fablic adult, culte i conscient, que [&hellip;]<\/p>\n","protected":false},"author":2,"featured_media":0,"parent":6347,"menu_order":0,"comment_status":"closed","ping_status":"closed","template":"","meta":{"footnotes":""},"acf":[],"yoast_head":"<!-- This site is optimized with the Yoast SEO Premium plugin v23.0 (Yoast SEO v23.0) - https:\/\/yoast.com\/wordpress\/plugins\/seo\/ -->\n<title>Horm - Grao<\/title>\n<meta name=\"robots\" content=\"index, follow, max-snippet:-1, max-image-preview:large, max-video-preview:-1\" \/>\n<link rel=\"canonical\" href=\"https:\/\/grao.info\/ca\/marques\/horm\/\" \/>\n<meta property=\"og:locale\" content=\"ca_ES\" \/>\n<meta property=\"og:type\" content=\"article\" \/>\n<meta property=\"og:title\" content=\"Horm\" \/>\n<meta property=\"og:description\" content=\"[vc_row equal_height=&#8221;yes&#8221; content_placement=&#8221;bottom&#8221;][vc_column width=&#8221;2\/3&#8243;][\/vc_column][vc_column width=&#8221;1\/3&#8243;][vc_column_text]Horm ofereix un estil de &#8220;disseny contemporani&#8221; on conviuen influ\u00e8ncies mediterr\u00e0nies, japoneses, escandinaves i nord-americanes, reinterpretades per la cultura, la passi\u00f3 i l&#8217;artesania del Made in Italy. Dedicada a un p\u00fablic adult, culte i conscient, que [&hellip;]\" \/>\n<meta property=\"og:url\" content=\"https:\/\/grao.info\/ca\/marques\/horm\/\" \/>\n<meta property=\"og:site_name\" content=\"Grao\" \/>\n<meta property=\"article:modified_time\" content=\"2026-02-03T13:16:53+00:00\" \/>\n<meta name=\"twitter:card\" content=\"summary_large_image\" \/>\n<meta name=\"twitter:label1\" content=\"Temps estimat de lectura\" \/>\n\t<meta name=\"twitter:data1\" content=\"2 minuts\" \/>\n<script type=\"application\/ld+json\" class=\"yoast-schema-graph\">{\"@context\":\"https:\/\/schema.org\",\"@graph\":[{\"@type\":\"WebPage\",\"@id\":\"https:\/\/grao.info\/ca\/marques\/horm\/\",\"url\":\"https:\/\/grao.info\/ca\/marques\/horm\/\",\"name\":\"Horm - Grao\",\"isPartOf\":{\"@id\":\"https:\/\/grao.info\/ca\/#website\"},\"datePublished\":\"2021-09-28T14:27:12+00:00\",\"dateModified\":\"2026-02-03T13:16:53+00:00\",\"breadcrumb\":{\"@id\":\"https:\/\/grao.info\/ca\/marques\/horm\/#breadcrumb\"},\"inLanguage\":\"ca\",\"potentialAction\":[{\"@type\":\"ReadAction\",\"target\":[\"https:\/\/grao.info\/ca\/marques\/horm\/\"]}]},{\"@type\":\"BreadcrumbList\",\"@id\":\"https:\/\/grao.info\/ca\/marques\/horm\/#breadcrumb\",\"itemListElement\":[{\"@type\":\"ListItem\",\"position\":1,\"name\":\"Portada\",\"item\":\"https:\/\/grao.info\/ca\/\"},{\"@type\":\"ListItem\",\"position\":2,\"name\":\"Marques\",\"item\":\"https:\/\/grao.info\/ca\/marques\/\"},{\"@type\":\"ListItem\",\"position\":3,\"name\":\"Horm\"}]},{\"@type\":\"WebSite\",\"@id\":\"https:\/\/grao.info\/ca\/#website\",\"url\":\"https:\/\/grao.info\/ca\/\",\"name\":\"Grao\",\"description\":\"\",\"publisher\":{\"@id\":\"https:\/\/grao.info\/ca\/#organization\"},\"potentialAction\":[{\"@type\":\"SearchAction\",\"target\":{\"@type\":\"EntryPoint\",\"urlTemplate\":\"https:\/\/grao.info\/ca\/?s={search_term_string}\"},\"query-input\":\"required name=search_term_string\"}],\"inLanguage\":\"ca\"},{\"@type\":\"Organization\",\"@id\":\"https:\/\/grao.info\/ca\/#organization\",\"name\":\"Grao\",\"url\":\"https:\/\/grao.info\/ca\/\",\"logo\":{\"@type\":\"ImageObject\",\"inLanguage\":\"ca\",\"@id\":\"https:\/\/grao.info\/ca\/#\/schema\/logo\/image\/\",\"url\":\"https:\/\/grao.info\/wp-content\/uploads\/2022\/04\/logo-mobil-1.png\",\"contentUrl\":\"https:\/\/grao.info\/wp-content\/uploads\/2022\/04\/logo-mobil-1.png\",\"width\":275,\"height\":85,\"caption\":\"Grao\"},\"image\":{\"@id\":\"https:\/\/grao.info\/ca\/#\/schema\/logo\/image\/\"}}]}<\/script>\n<!-- \/ Yoast SEO Premium plugin. -->","yoast_head_json":{"title":"Horm - Grao","robots":{"index":"index","follow":"follow","max-snippet":"max-snippet:-1","max-image-preview":"max-image-preview:large","max-video-preview":"max-video-preview:-1"},"canonical":"https:\/\/grao.info\/ca\/marques\/horm\/","og_locale":"ca_ES","og_type":"article","og_title":"Horm","og_description":"[vc_row equal_height=&#8221;yes&#8221; content_placement=&#8221;bottom&#8221;][vc_column width=&#8221;2\/3&#8243;][\/vc_column][vc_column width=&#8221;1\/3&#8243;][vc_column_text]Horm ofereix un estil de &#8220;disseny contemporani&#8221; on conviuen influ\u00e8ncies mediterr\u00e0nies, japoneses, escandinaves i nord-americanes, reinterpretades per la cultura, la passi\u00f3 i l&#8217;artesania del Made in Italy. Dedicada a un p\u00fablic adult, culte i conscient, que [&hellip;]","og_url":"https:\/\/grao.info\/ca\/marques\/horm\/","og_site_name":"Grao","article_modified_time":"2026-02-03T13:16:53+00:00","twitter_card":"summary_large_image","twitter_misc":{"Temps estimat de lectura":"2 minuts"},"schema":{"@context":"https:\/\/schema.org","@graph":[{"@type":"WebPage","@id":"https:\/\/grao.info\/ca\/marques\/horm\/","url":"https:\/\/grao.info\/ca\/marques\/horm\/","name":"Horm - Grao","isPartOf":{"@id":"https:\/\/grao.info\/ca\/#website"},"datePublished":"2021-09-28T14:27:12+00:00","dateModified":"2026-02-03T13:16:53+00:00","breadcrumb":{"@id":"https:\/\/grao.info\/ca\/marques\/horm\/#breadcrumb"},"inLanguage":"ca","potentialAction":[{"@type":"ReadAction","target":["https:\/\/grao.info\/ca\/marques\/horm\/"]}]},{"@type":"BreadcrumbList","@id":"https:\/\/grao.info\/ca\/marques\/horm\/#breadcrumb","itemListElement":[{"@type":"ListItem","position":1,"name":"Portada","item":"https:\/\/grao.info\/ca\/"},{"@type":"ListItem","position":2,"name":"Marques","item":"https:\/\/grao.info\/ca\/marques\/"},{"@type":"ListItem","position":3,"name":"Horm"}]},{"@type":"WebSite","@id":"https:\/\/grao.info\/ca\/#website","url":"https:\/\/grao.info\/ca\/","name":"Grao","description":"","publisher":{"@id":"https:\/\/grao.info\/ca\/#organization"},"potentialAction":[{"@type":"SearchAction","target":{"@type":"EntryPoint","urlTemplate":"https:\/\/grao.info\/ca\/?s={search_term_string}"},"query-input":"required name=search_term_string"}],"inLanguage":"ca"},{"@type":"Organization","@id":"https:\/\/grao.info\/ca\/#organization","name":"Grao","url":"https:\/\/grao.info\/ca\/","logo":{"@type":"ImageObject","inLanguage":"ca","@id":"https:\/\/grao.info\/ca\/#\/schema\/logo\/image\/","url":"https:\/\/grao.info\/wp-content\/uploads\/2022\/04\/logo-mobil-1.png","contentUrl":"https:\/\/grao.info\/wp-content\/uploads\/2022\/04\/logo-mobil-1.png","width":275,"height":85,"caption":"Grao"},"image":{"@id":"https:\/\/grao.info\/ca\/#\/schema\/logo\/image\/"}}]}},"_links":{"self":[{"href":"https:\/\/grao.info\/ca\/wp-json\/wp\/v2\/pages\/22740"}],"collection":[{"href":"https:\/\/grao.info\/ca\/wp-json\/wp\/v2\/pages"}],"about":[{"href":"https:\/\/grao.info\/ca\/wp-json\/wp\/v2\/types\/page"}],"author":[{"embeddable":true,"href":"https:\/\/grao.info\/ca\/wp-json\/wp\/v2\/users\/2"}],"replies":[{"embeddable":true,"href":"https:\/\/grao.info\/ca\/wp-json\/wp\/v2\/comments?post=22740"}],"version-history":[{"count":5,"href":"https:\/\/grao.info\/ca\/wp-json\/wp\/v2\/pages\/22740\/revisions"}],"predecessor-version":[{"id":29100,"href":"https:\/\/grao.info\/ca\/wp-json\/wp\/v2\/pages\/22740\/revisions\/29100"}],"up":[{"embeddable":true,"href":"https:\/\/grao.info\/ca\/wp-json\/wp\/v2\/pages\/6347"}],"wp:attachment":[{"href":"https:\/\/grao.info\/ca\/wp-json\/wp\/v2\/media?parent=22740"}],"curies":[{"name":"wp","href":"https:\/\/api.w.org\/{rel}","templated":true}]}}