{"id":22762,"date":"2022-01-19T17:02:46","date_gmt":"2022-01-19T17:02:46","guid":{"rendered":"https:\/\/grao.info\/marques\/meridiani\/"},"modified":"2024-07-02T10:28:21","modified_gmt":"2024-07-02T10:28:21","slug":"meridiani","status":"publish","type":"page","link":"https:\/\/grao.info\/ca\/marques\/meridiani\/","title":{"rendered":"Meridiani"},"content":{"rendered":"<p>[vc_row equal_height=&#8221;yes&#8221; content_placement=&#8221;bottom&#8221;][vc_column width=&#8221;2\/3&#8243;]<div class=\"edgtf-image-gallery  edgtf-ig-grid-type edgtf-large-space edgtf-has-shadow edgtf-image-behavior-lightbox \">\n\t<div class=\"edgtf-ig-inner edgtf-outer-space edgtf-ig-grid edgtf-ig-three-columns\">\n\t\t\t\t\t<div class=\"edgtf-ig-image edgtf-item-space\">\n\t\t\t\t<div class=\"edgtf-ig-image-inner\">\n\t\t\t\t\t\t\t\t\t\t\t<a itemprop=\"image\" class=\"edgtf-ig-lightbox\" href=\"https:\/\/grao.info\/wp-content\/uploads\/2022\/01\/M6.png\" data-rel=\"prettyPhoto[image_gallery_pretty_photo-920]\" title=\"M6\">\n\t\t\t\t\t\t\t\t\t\t\t<img loading=\"lazy\" decoding=\"async\" src=\"https:\/\/grao.info\/wp-content\/uploads\/2022\/01\/M6-320x220.png\" alt=\"\" width=\"320\" height=\"220\" \/>\t\t\t\t\t\t\t\t\t\t\t<\/a>\n\t\t\t\t\t\t\t\t\t<\/div>\n\t\t\t<\/div>\n\t\t\t\t\t<div class=\"edgtf-ig-image edgtf-item-space\">\n\t\t\t\t<div class=\"edgtf-ig-image-inner\">\n\t\t\t\t\t\t\t\t\t\t\t<a itemprop=\"image\" class=\"edgtf-ig-lightbox\" href=\"https:\/\/grao.info\/wp-content\/uploads\/2022\/01\/M2.png\" data-rel=\"prettyPhoto[image_gallery_pretty_photo-920]\" title=\"M2\">\n\t\t\t\t\t\t\t\t\t\t\t<img loading=\"lazy\" decoding=\"async\" src=\"https:\/\/grao.info\/wp-content\/uploads\/2022\/01\/M2-320x220.png\" alt=\"\" width=\"320\" height=\"220\" \/>\t\t\t\t\t\t\t\t\t\t\t<\/a>\n\t\t\t\t\t\t\t\t\t<\/div>\n\t\t\t<\/div>\n\t\t\t\t\t<div class=\"edgtf-ig-image edgtf-item-space\">\n\t\t\t\t<div class=\"edgtf-ig-image-inner\">\n\t\t\t\t\t\t\t\t\t\t\t<a itemprop=\"image\" class=\"edgtf-ig-lightbox\" href=\"https:\/\/grao.info\/wp-content\/uploads\/2022\/01\/M3.png\" data-rel=\"prettyPhoto[image_gallery_pretty_photo-920]\" title=\"M3\">\n\t\t\t\t\t\t\t\t\t\t\t<img loading=\"lazy\" decoding=\"async\" src=\"https:\/\/grao.info\/wp-content\/uploads\/2022\/01\/M3-320x220.png\" alt=\"\" width=\"320\" height=\"220\" \/>\t\t\t\t\t\t\t\t\t\t\t<\/a>\n\t\t\t\t\t\t\t\t\t<\/div>\n\t\t\t<\/div>\n\t\t\t\t\t<div class=\"edgtf-ig-image edgtf-item-space\">\n\t\t\t\t<div class=\"edgtf-ig-image-inner\">\n\t\t\t\t\t\t\t\t\t\t\t<a itemprop=\"image\" class=\"edgtf-ig-lightbox\" href=\"https:\/\/grao.info\/wp-content\/uploads\/2022\/01\/M1.png\" data-rel=\"prettyPhoto[image_gallery_pretty_photo-920]\" title=\"M1\">\n\t\t\t\t\t\t\t\t\t\t\t<img loading=\"lazy\" decoding=\"async\" src=\"https:\/\/grao.info\/wp-content\/uploads\/2022\/01\/M1-320x220.png\" alt=\"\" width=\"320\" height=\"220\" \/>\t\t\t\t\t\t\t\t\t\t\t<\/a>\n\t\t\t\t\t\t\t\t\t<\/div>\n\t\t\t<\/div>\n\t\t\t\t\t<div class=\"edgtf-ig-image edgtf-item-space\">\n\t\t\t\t<div class=\"edgtf-ig-image-inner\">\n\t\t\t\t\t\t\t\t\t\t\t<a itemprop=\"image\" class=\"edgtf-ig-lightbox\" href=\"https:\/\/grao.info\/wp-content\/uploads\/2022\/01\/M4.png\" data-rel=\"prettyPhoto[image_gallery_pretty_photo-920]\" title=\"M4\">\n\t\t\t\t\t\t\t\t\t\t\t<img loading=\"lazy\" decoding=\"async\" src=\"https:\/\/grao.info\/wp-content\/uploads\/2022\/01\/M4-320x220.png\" alt=\"\" width=\"320\" height=\"220\" \/>\t\t\t\t\t\t\t\t\t\t\t<\/a>\n\t\t\t\t\t\t\t\t\t<\/div>\n\t\t\t<\/div>\n\t\t\t\t\t<div class=\"edgtf-ig-image edgtf-item-space\">\n\t\t\t\t<div class=\"edgtf-ig-image-inner\">\n\t\t\t\t\t\t\t\t\t\t\t<a itemprop=\"image\" class=\"edgtf-ig-lightbox\" href=\"https:\/\/grao.info\/wp-content\/uploads\/2022\/01\/M5.png\" data-rel=\"prettyPhoto[image_gallery_pretty_photo-920]\" title=\"M5\">\n\t\t\t\t\t\t\t\t\t\t\t<img loading=\"lazy\" decoding=\"async\" src=\"https:\/\/grao.info\/wp-content\/uploads\/2022\/01\/M5-320x220.png\" alt=\"\" width=\"320\" height=\"220\" \/>\t\t\t\t\t\t\t\t\t\t\t<\/a>\n\t\t\t\t\t\t\t\t\t<\/div>\n\t\t\t<\/div>\n\t\t\t<\/div>\n<\/div>[\/vc_column][vc_column width=&#8221;1\/3&#8243;][vc_column_text]<strong>Meridiani<\/strong> es destaca en el panorama del mobiliari gr\u00e0cies a les seves col\u00b7leccions contempor\u00e0nies i alhora vers\u00e0tils, que interpreten la llar com un vestit per portar.<\/p>\n<p>Formes netes i pures juntament amb una recerca constant de nous materials i textures suggereixen una manera sofisticada de viure la vida quotidiana. Un estil i identitat distingits i reconeixibles que sempre ofereixen noves fonts d&#8217;inspiraci\u00f3 i, al mateix temps, deixen espai per a la interpretaci\u00f3 personal. Artesania i destresa manual, coneixement i profund entendiment dels materials i t\u00e8cniques per a una producci\u00f3 100% made in Italy.[\/vc_column_text][vc_row_inner][vc_column_inner][vc_column_text]<a href=\"https:\/\/www.meridiani.it\/\">www.meridiani.it<\/a>[\/vc_column_text][\/vc_column_inner][\/vc_row_inner][\/vc_column][\/vc_row][vc_row][vc_column css=&#8221;.vc_custom_1615488032930{padding-top: 60px !important;}&#8221;][vc_row_inner][vc_column_inner]<div class=\"edgtf-separator-holder clearfix  edgtf-separator-center edgtf-separator-vertical\">\n\t<div class=\"edgtf-separator\" style=\"border-color: #333333;border-style: solid;height: 30px;border-left-width: 2px\"><\/div>\n<\/div>\n[vc_custom_heading text=&#8221;PRODUCTES RELACIONATS&#8221; font_container=&#8221;tag:h3|font_size:32px|text_align:center|color:%233d3935|line_height:1.6&#8243; google_fonts=&#8221;font_family:Roboto%3A100%2C100italic%2C300%2C300italic%2Cregular%2Citalic%2C500%2C500italic%2C700%2C700italic%2C900%2C900italic|font_style:700%20bold%20regular%3A700%3Anormal&#8221;]<div class=\"edgtf-separator-holder clearfix  edgtf-separator-center edgtf-separator-vertical\">\n\t<div class=\"edgtf-separator\" style=\"border-color: #333333;border-style: solid;height: 30px;border-left-width: 2px\"><\/div>\n<\/div>\n[\/vc_column_inner][\/vc_row_inner][\/vc_column][\/vc_row][vc_row][vc_column css=&#8221;.vc_custom_1615565554899{padding-top: 60px !important;}&#8221;][vc_row_inner][vc_column_inner width=&#8221;1\/5&#8243;]<div class=\"edgtf-single-image-holder  edgtf-has-shadow edgtf-image-behavior-custom-link\">\n    <div class=\"edgtf-si-inner\" >\n        \t            <a itemprop=\"url\" href=\"\/ca\/producte\/timothy-bed\/\" target=\"_self\">\n                                    <img loading=\"lazy\" decoding=\"async\" width=\"550\" height=\"550\" src=\"https:\/\/grao.info\/wp-content\/uploads\/2022\/01\/Timothy-Bed.png\" class=\"attachment-full size-full\" alt=\"\" srcset=\"https:\/\/grao.info\/wp-content\/uploads\/2022\/01\/Timothy-Bed.png 550w, https:\/\/grao.info\/wp-content\/uploads\/2022\/01\/Timothy-Bed-300x300.png 300w, https:\/\/grao.info\/wp-content\/uploads\/2022\/01\/Timothy-Bed-150x150.png 150w, https:\/\/grao.info\/wp-content\/uploads\/2022\/01\/Timothy-Bed-100x100.png 100w\" sizes=\"(max-width: 550px) 100vw, 550px\" \/>                                <\/a>\n            <\/div>\n<\/div>[vc_column_text]<\/p>\n<p style=\"text-align: center;\">TIMOTHY BED<\/p>\n<p>[\/vc_column_text][\/vc_column_inner][vc_column_inner width=&#8221;1\/5&#8243;]<div class=\"edgtf-single-image-holder  edgtf-has-shadow edgtf-image-behavior-custom-link\">\n    <div class=\"edgtf-si-inner\" >\n        \t            <a itemprop=\"url\" href=\"\/ca\/producte\/charlie\/\" target=\"_self\">\n                                    <img loading=\"lazy\" decoding=\"async\" width=\"550\" height=\"550\" src=\"https:\/\/grao.info\/wp-content\/uploads\/2022\/01\/Charlie.png\" class=\"attachment-full size-full\" alt=\"\" srcset=\"https:\/\/grao.info\/wp-content\/uploads\/2022\/01\/Charlie.png 550w, https:\/\/grao.info\/wp-content\/uploads\/2022\/01\/Charlie-300x300.png 300w, https:\/\/grao.info\/wp-content\/uploads\/2022\/01\/Charlie-150x150.png 150w, https:\/\/grao.info\/wp-content\/uploads\/2022\/01\/Charlie-100x100.png 100w\" sizes=\"(max-width: 550px) 100vw, 550px\" \/>                                <\/a>\n            <\/div>\n<\/div>[vc_column_text]<\/p>\n<p style=\"text-align: center;\">CHARLIE<\/p>\n<p>[\/vc_column_text][\/vc_column_inner][vc_column_inner width=&#8221;1\/5&#8243;]<div class=\"edgtf-single-image-holder  edgtf-has-shadow edgtf-image-behavior-custom-link\">\n    <div class=\"edgtf-si-inner\" >\n        \t            <a itemprop=\"url\" href=\"\/ca\/producte\/fox\/\" target=\"_self\">\n                                    <img loading=\"lazy\" decoding=\"async\" width=\"550\" height=\"550\" src=\"https:\/\/grao.info\/wp-content\/uploads\/2022\/01\/Fox.png\" class=\"attachment-full size-full\" alt=\"\" srcset=\"https:\/\/grao.info\/wp-content\/uploads\/2022\/01\/Fox.png 550w, https:\/\/grao.info\/wp-content\/uploads\/2022\/01\/Fox-300x300.png 300w, https:\/\/grao.info\/wp-content\/uploads\/2022\/01\/Fox-150x150.png 150w, https:\/\/grao.info\/wp-content\/uploads\/2022\/01\/Fox-100x100.png 100w\" sizes=\"(max-width: 550px) 100vw, 550px\" \/>                                <\/a>\n            <\/div>\n<\/div>[vc_column_text]<\/p>\n<p style=\"text-align: center;\">FOX<\/p>\n<p>[\/vc_column_text][\/vc_column_inner][vc_column_inner width=&#8221;1\/5&#8243;]<div class=\"edgtf-single-image-holder  edgtf-has-shadow edgtf-image-behavior-custom-link\">\n    <div class=\"edgtf-si-inner\" >\n        \t            <a itemprop=\"url\" href=\"\/ca\/producte\/judd\/\" target=\"_self\">\n                                    <img loading=\"lazy\" decoding=\"async\" width=\"550\" height=\"550\" src=\"https:\/\/grao.info\/wp-content\/uploads\/2022\/01\/Judd.png\" class=\"attachment-full size-full\" alt=\"\" srcset=\"https:\/\/grao.info\/wp-content\/uploads\/2022\/01\/Judd.png 550w, https:\/\/grao.info\/wp-content\/uploads\/2022\/01\/Judd-300x300.png 300w, https:\/\/grao.info\/wp-content\/uploads\/2022\/01\/Judd-150x150.png 150w, https:\/\/grao.info\/wp-content\/uploads\/2022\/01\/Judd-100x100.png 100w\" sizes=\"(max-width: 550px) 100vw, 550px\" \/>                                <\/a>\n            <\/div>\n<\/div>[vc_column_text]<\/p>\n<p style=\"text-align: center;\">JUDD<\/p>\n<p>[\/vc_column_text][\/vc_column_inner][vc_column_inner width=&#8221;1\/5&#8243;]<div class=\"edgtf-single-image-holder  edgtf-has-shadow edgtf-image-behavior-custom-link\">\n    <div class=\"edgtf-si-inner\" >\n        \t            <a itemprop=\"url\" href=\"\/ca\/producte\/keeton\/\" target=\"_self\">\n                                    <img loading=\"lazy\" decoding=\"async\" width=\"550\" height=\"550\" src=\"https:\/\/grao.info\/wp-content\/uploads\/2022\/01\/Keeton.b.png\" class=\"attachment-full size-full\" alt=\"\" srcset=\"https:\/\/grao.info\/wp-content\/uploads\/2022\/01\/Keeton.b.png 550w, https:\/\/grao.info\/wp-content\/uploads\/2022\/01\/Keeton.b-300x300.png 300w, https:\/\/grao.info\/wp-content\/uploads\/2022\/01\/Keeton.b-150x150.png 150w, https:\/\/grao.info\/wp-content\/uploads\/2022\/01\/Keeton.b-100x100.png 100w\" sizes=\"(max-width: 550px) 100vw, 550px\" \/>                                <\/a>\n            <\/div>\n<\/div>[vc_column_text]<\/p>\n<p style=\"text-align: center;\">KEETON<\/p>\n<p>[\/vc_column_text][\/vc_column_inner][\/vc_row_inner][\/vc_column][\/vc_row][vc_row][vc_column css=&#8221;.vc_custom_1615565597146{padding-top: 30px !important;}&#8221;][vc_row_inner][vc_column_inner width=&#8221;1\/5&#8243;]<div class=\"edgtf-single-image-holder  edgtf-has-shadow edgtf-image-behavior-custom-link\">\n    <div class=\"edgtf-si-inner\" >\n        \t            <a itemprop=\"url\" href=\"\/ca\/producte\/nani\/\" target=\"_self\">\n                                    <img loading=\"lazy\" decoding=\"async\" width=\"550\" height=\"550\" src=\"https:\/\/grao.info\/wp-content\/uploads\/2022\/01\/Nani.png\" class=\"attachment-full size-full\" alt=\"\" srcset=\"https:\/\/grao.info\/wp-content\/uploads\/2022\/01\/Nani.png 550w, https:\/\/grao.info\/wp-content\/uploads\/2022\/01\/Nani-300x300.png 300w, https:\/\/grao.info\/wp-content\/uploads\/2022\/01\/Nani-150x150.png 150w, https:\/\/grao.info\/wp-content\/uploads\/2022\/01\/Nani-100x100.png 100w\" sizes=\"(max-width: 550px) 100vw, 550px\" \/>                                <\/a>\n            <\/div>\n<\/div>[vc_column_text]<\/p>\n<p style=\"text-align: center;\">NANI<\/p>\n<p>[\/vc_column_text][\/vc_column_inner][vc_column_inner width=&#8221;1\/5&#8243;]<div class=\"edgtf-single-image-holder  edgtf-has-shadow edgtf-image-behavior-custom-link\">\n    <div class=\"edgtf-si-inner\" >\n        \t            <a itemprop=\"url\" href=\"\/ca\/producte\/belt\/\" target=\"_self\">\n                                    <img loading=\"lazy\" decoding=\"async\" width=\"513\" height=\"462\" src=\"https:\/\/grao.info\/wp-content\/uploads\/2022\/01\/Belt.b.png\" class=\"attachment-full size-full\" alt=\"\" srcset=\"https:\/\/grao.info\/wp-content\/uploads\/2022\/01\/Belt.b.png 513w, https:\/\/grao.info\/wp-content\/uploads\/2022\/01\/Belt.b-300x270.png 300w\" sizes=\"(max-width: 513px) 100vw, 513px\" \/>                                <\/a>\n            <\/div>\n<\/div>[vc_column_text]<\/p>\n<p style=\"text-align: center;\">BELT<\/p>\n<p>[\/vc_column_text][\/vc_column_inner][vc_column_inner width=&#8221;1\/5&#8243;]<div class=\"edgtf-single-image-holder  edgtf-has-shadow edgtf-image-behavior-custom-link\">\n    <div class=\"edgtf-si-inner\" >\n        \t            <a itemprop=\"url\" href=\"\/ca\/producte\/timothy\/\" target=\"_self\">\n                                    <img loading=\"lazy\" decoding=\"async\" width=\"540\" height=\"540\" src=\"https:\/\/grao.info\/wp-content\/uploads\/2022\/01\/Timopthy.png\" class=\"attachment-full size-full\" alt=\"\" srcset=\"https:\/\/grao.info\/wp-content\/uploads\/2022\/01\/Timopthy.png 540w, https:\/\/grao.info\/wp-content\/uploads\/2022\/01\/Timopthy-300x300.png 300w, https:\/\/grao.info\/wp-content\/uploads\/2022\/01\/Timopthy-150x150.png 150w, https:\/\/grao.info\/wp-content\/uploads\/2022\/01\/Timopthy-100x100.png 100w\" sizes=\"(max-width: 540px) 100vw, 540px\" \/>                                <\/a>\n            <\/div>\n<\/div>[vc_column_text]<\/p>\n<p style=\"text-align: center;\">TIMOTHY<\/p>\n<p>[\/vc_column_text][\/vc_column_inner][vc_column_inner width=&#8221;1\/5&#8243;]<div class=\"edgtf-single-image-holder  edgtf-has-shadow edgtf-image-behavior-custom-link\">\n    <div class=\"edgtf-si-inner\" >\n        \t            <a itemprop=\"url\" href=\"\/ca\/producte\/adrian\/\" target=\"_self\">\n                                    <img loading=\"lazy\" decoding=\"async\" width=\"550\" height=\"550\" src=\"https:\/\/grao.info\/wp-content\/uploads\/2022\/01\/Adrian.png\" class=\"attachment-full size-full\" alt=\"\" srcset=\"https:\/\/grao.info\/wp-content\/uploads\/2022\/01\/Adrian.png 550w, https:\/\/grao.info\/wp-content\/uploads\/2022\/01\/Adrian-300x300.png 300w, https:\/\/grao.info\/wp-content\/uploads\/2022\/01\/Adrian-150x150.png 150w, https:\/\/grao.info\/wp-content\/uploads\/2022\/01\/Adrian-100x100.png 100w\" sizes=\"(max-width: 550px) 100vw, 550px\" \/>                                <\/a>\n            <\/div>\n<\/div>[vc_column_text]<\/p>\n<p style=\"text-align: center;\">ADRIAN<\/p>\n<p>[\/vc_column_text][\/vc_column_inner][vc_column_inner width=&#8221;1\/5&#8243;]<div class=\"edgtf-single-image-holder  edgtf-has-shadow edgtf-image-behavior-custom-link\">\n    <div class=\"edgtf-si-inner\" >\n        \t            <a itemprop=\"url\" href=\"\/ca\/producte\/bacon\/\" target=\"_self\">\n                                    <img loading=\"lazy\" decoding=\"async\" width=\"550\" height=\"550\" src=\"https:\/\/grao.info\/wp-content\/uploads\/2022\/01\/Bacon-e1642612109553.png\" class=\"attachment-full size-full\" alt=\"\" srcset=\"https:\/\/grao.info\/wp-content\/uploads\/2022\/01\/Bacon-e1642612109553.png 550w, https:\/\/grao.info\/wp-content\/uploads\/2022\/01\/Bacon-e1642612109553-300x300.png 300w, https:\/\/grao.info\/wp-content\/uploads\/2022\/01\/Bacon-e1642612109553-150x150.png 150w, https:\/\/grao.info\/wp-content\/uploads\/2022\/01\/Bacon-e1642612109553-100x100.png 100w\" sizes=\"(max-width: 550px) 100vw, 550px\" \/>                                <\/a>\n            <\/div>\n<\/div>[vc_column_text]<\/p>\n<p style=\"text-align: center;\">BACON<\/p>\n<p>[\/vc_column_text][\/vc_column_inner][\/vc_row_inner][vc_empty_space height=&#8221;100px&#8221;][\/vc_column][\/vc_row]<\/p>\n","protected":false},"excerpt":{"rendered":"<p>[vc_row equal_height=&#8221;yes&#8221; content_placement=&#8221;bottom&#8221;][vc_column width=&#8221;2\/3&#8243;][\/vc_column][vc_column width=&#8221;1\/3&#8243;][vc_column_text]Meridiani es destaca en el panorama del mobiliari gr\u00e0cies a les seves col\u00b7leccions contempor\u00e0nies i alhora vers\u00e0tils, que interpreten la llar com un vestit per portar. Formes netes i pures juntament amb una recerca constant de [&hellip;]<\/p>\n","protected":false},"author":2,"featured_media":0,"parent":6347,"menu_order":0,"comment_status":"closed","ping_status":"closed","template":"","meta":{"footnotes":""},"acf":[],"yoast_head":"<!-- This site is optimized with the Yoast SEO Premium plugin v23.0 (Yoast SEO v23.0) - https:\/\/yoast.com\/wordpress\/plugins\/seo\/ -->\n<title>Meridiani - Grao<\/title>\n<meta name=\"robots\" content=\"index, follow, max-snippet:-1, max-image-preview:large, max-video-preview:-1\" \/>\n<link rel=\"canonical\" href=\"https:\/\/grao.info\/ca\/marques\/meridiani\/\" \/>\n<meta property=\"og:locale\" content=\"ca_ES\" \/>\n<meta property=\"og:type\" content=\"article\" \/>\n<meta property=\"og:title\" content=\"Meridiani\" \/>\n<meta property=\"og:description\" content=\"[vc_row equal_height=&#8221;yes&#8221; content_placement=&#8221;bottom&#8221;][vc_column width=&#8221;2\/3&#8243;][\/vc_column][vc_column width=&#8221;1\/3&#8243;][vc_column_text]Meridiani es destaca en el panorama del mobiliari gr\u00e0cies a les seves col\u00b7leccions contempor\u00e0nies i alhora vers\u00e0tils, que interpreten la llar com un vestit per portar. Formes netes i pures juntament amb una recerca constant de [&hellip;]\" \/>\n<meta property=\"og:url\" content=\"https:\/\/grao.info\/ca\/marques\/meridiani\/\" \/>\n<meta property=\"og:site_name\" content=\"Grao\" \/>\n<meta property=\"article:modified_time\" content=\"2024-07-02T10:28:21+00:00\" \/>\n<meta name=\"twitter:card\" content=\"summary_large_image\" \/>\n<meta name=\"twitter:label1\" content=\"Temps estimat de lectura\" \/>\n\t<meta name=\"twitter:data1\" content=\"1 minut\" \/>\n<script type=\"application\/ld+json\" class=\"yoast-schema-graph\">{\"@context\":\"https:\/\/schema.org\",\"@graph\":[{\"@type\":\"WebPage\",\"@id\":\"https:\/\/grao.info\/ca\/marques\/meridiani\/\",\"url\":\"https:\/\/grao.info\/ca\/marques\/meridiani\/\",\"name\":\"Meridiani - Grao\",\"isPartOf\":{\"@id\":\"https:\/\/grao.info\/ca\/#website\"},\"datePublished\":\"2022-01-19T17:02:46+00:00\",\"dateModified\":\"2024-07-02T10:28:21+00:00\",\"breadcrumb\":{\"@id\":\"https:\/\/grao.info\/ca\/marques\/meridiani\/#breadcrumb\"},\"inLanguage\":\"ca\",\"potentialAction\":[{\"@type\":\"ReadAction\",\"target\":[\"https:\/\/grao.info\/ca\/marques\/meridiani\/\"]}]},{\"@type\":\"BreadcrumbList\",\"@id\":\"https:\/\/grao.info\/ca\/marques\/meridiani\/#breadcrumb\",\"itemListElement\":[{\"@type\":\"ListItem\",\"position\":1,\"name\":\"Portada\",\"item\":\"https:\/\/grao.info\/ca\/\"},{\"@type\":\"ListItem\",\"position\":2,\"name\":\"Marques\",\"item\":\"https:\/\/grao.info\/ca\/marques\/\"},{\"@type\":\"ListItem\",\"position\":3,\"name\":\"Meridiani\"}]},{\"@type\":\"WebSite\",\"@id\":\"https:\/\/grao.info\/ca\/#website\",\"url\":\"https:\/\/grao.info\/ca\/\",\"name\":\"Grao\",\"description\":\"\",\"publisher\":{\"@id\":\"https:\/\/grao.info\/ca\/#organization\"},\"potentialAction\":[{\"@type\":\"SearchAction\",\"target\":{\"@type\":\"EntryPoint\",\"urlTemplate\":\"https:\/\/grao.info\/ca\/?s={search_term_string}\"},\"query-input\":\"required name=search_term_string\"}],\"inLanguage\":\"ca\"},{\"@type\":\"Organization\",\"@id\":\"https:\/\/grao.info\/ca\/#organization\",\"name\":\"Grao\",\"url\":\"https:\/\/grao.info\/ca\/\",\"logo\":{\"@type\":\"ImageObject\",\"inLanguage\":\"ca\",\"@id\":\"https:\/\/grao.info\/ca\/#\/schema\/logo\/image\/\",\"url\":\"https:\/\/grao.info\/wp-content\/uploads\/2022\/04\/logo-mobil-1.png\",\"contentUrl\":\"https:\/\/grao.info\/wp-content\/uploads\/2022\/04\/logo-mobil-1.png\",\"width\":275,\"height\":85,\"caption\":\"Grao\"},\"image\":{\"@id\":\"https:\/\/grao.info\/ca\/#\/schema\/logo\/image\/\"}}]}<\/script>\n<!-- \/ Yoast SEO Premium plugin. -->","yoast_head_json":{"title":"Meridiani - Grao","robots":{"index":"index","follow":"follow","max-snippet":"max-snippet:-1","max-image-preview":"max-image-preview:large","max-video-preview":"max-video-preview:-1"},"canonical":"https:\/\/grao.info\/ca\/marques\/meridiani\/","og_locale":"ca_ES","og_type":"article","og_title":"Meridiani","og_description":"[vc_row equal_height=&#8221;yes&#8221; content_placement=&#8221;bottom&#8221;][vc_column width=&#8221;2\/3&#8243;][\/vc_column][vc_column width=&#8221;1\/3&#8243;][vc_column_text]Meridiani es destaca en el panorama del mobiliari gr\u00e0cies a les seves col\u00b7leccions contempor\u00e0nies i alhora vers\u00e0tils, que interpreten la llar com un vestit per portar. Formes netes i pures juntament amb una recerca constant de [&hellip;]","og_url":"https:\/\/grao.info\/ca\/marques\/meridiani\/","og_site_name":"Grao","article_modified_time":"2024-07-02T10:28:21+00:00","twitter_card":"summary_large_image","twitter_misc":{"Temps estimat de lectura":"1 minut"},"schema":{"@context":"https:\/\/schema.org","@graph":[{"@type":"WebPage","@id":"https:\/\/grao.info\/ca\/marques\/meridiani\/","url":"https:\/\/grao.info\/ca\/marques\/meridiani\/","name":"Meridiani - Grao","isPartOf":{"@id":"https:\/\/grao.info\/ca\/#website"},"datePublished":"2022-01-19T17:02:46+00:00","dateModified":"2024-07-02T10:28:21+00:00","breadcrumb":{"@id":"https:\/\/grao.info\/ca\/marques\/meridiani\/#breadcrumb"},"inLanguage":"ca","potentialAction":[{"@type":"ReadAction","target":["https:\/\/grao.info\/ca\/marques\/meridiani\/"]}]},{"@type":"BreadcrumbList","@id":"https:\/\/grao.info\/ca\/marques\/meridiani\/#breadcrumb","itemListElement":[{"@type":"ListItem","position":1,"name":"Portada","item":"https:\/\/grao.info\/ca\/"},{"@type":"ListItem","position":2,"name":"Marques","item":"https:\/\/grao.info\/ca\/marques\/"},{"@type":"ListItem","position":3,"name":"Meridiani"}]},{"@type":"WebSite","@id":"https:\/\/grao.info\/ca\/#website","url":"https:\/\/grao.info\/ca\/","name":"Grao","description":"","publisher":{"@id":"https:\/\/grao.info\/ca\/#organization"},"potentialAction":[{"@type":"SearchAction","target":{"@type":"EntryPoint","urlTemplate":"https:\/\/grao.info\/ca\/?s={search_term_string}"},"query-input":"required name=search_term_string"}],"inLanguage":"ca"},{"@type":"Organization","@id":"https:\/\/grao.info\/ca\/#organization","name":"Grao","url":"https:\/\/grao.info\/ca\/","logo":{"@type":"ImageObject","inLanguage":"ca","@id":"https:\/\/grao.info\/ca\/#\/schema\/logo\/image\/","url":"https:\/\/grao.info\/wp-content\/uploads\/2022\/04\/logo-mobil-1.png","contentUrl":"https:\/\/grao.info\/wp-content\/uploads\/2022\/04\/logo-mobil-1.png","width":275,"height":85,"caption":"Grao"},"image":{"@id":"https:\/\/grao.info\/ca\/#\/schema\/logo\/image\/"}}]}},"_links":{"self":[{"href":"https:\/\/grao.info\/ca\/wp-json\/wp\/v2\/pages\/22762"}],"collection":[{"href":"https:\/\/grao.info\/ca\/wp-json\/wp\/v2\/pages"}],"about":[{"href":"https:\/\/grao.info\/ca\/wp-json\/wp\/v2\/types\/page"}],"author":[{"embeddable":true,"href":"https:\/\/grao.info\/ca\/wp-json\/wp\/v2\/users\/2"}],"replies":[{"embeddable":true,"href":"https:\/\/grao.info\/ca\/wp-json\/wp\/v2\/comments?post=22762"}],"version-history":[{"count":4,"href":"https:\/\/grao.info\/ca\/wp-json\/wp\/v2\/pages\/22762\/revisions"}],"predecessor-version":[{"id":25599,"href":"https:\/\/grao.info\/ca\/wp-json\/wp\/v2\/pages\/22762\/revisions\/25599"}],"up":[{"embeddable":true,"href":"https:\/\/grao.info\/ca\/wp-json\/wp\/v2\/pages\/6347"}],"wp:attachment":[{"href":"https:\/\/grao.info\/ca\/wp-json\/wp\/v2\/media?parent=22762"}],"curies":[{"name":"wp","href":"https:\/\/api.w.org\/{rel}","templated":true}]}}