{"id":22763,"date":"2023-02-01T18:04:26","date_gmt":"2023-02-01T18:04:26","guid":{"rendered":"https:\/\/grao.info\/marques\/midj\/"},"modified":"2026-02-17T16:39:43","modified_gmt":"2026-02-17T16:39:43","slug":"midj","status":"publish","type":"page","link":"https:\/\/grao.info\/ca\/marques\/midj\/","title":{"rendered":"Midj"},"content":{"rendered":"<p>[vc_row equal_height=&#8221;yes&#8221; content_placement=&#8221;bottom&#8221;][vc_column width=&#8221;2\/3&#8243;]<div class=\"edgtf-image-gallery  edgtf-ig-grid-type edgtf-large-space edgtf-has-shadow edgtf-image-behavior-lightbox \">\n\t<div class=\"edgtf-ig-inner edgtf-outer-space edgtf-ig-grid edgtf-ig-three-columns\">\n\t\t\t\t\t<div class=\"edgtf-ig-image edgtf-item-space\">\n\t\t\t\t<div class=\"edgtf-ig-image-inner\">\n\t\t\t\t\t\t\t\t\t\t\t<a itemprop=\"image\" class=\"edgtf-ig-lightbox\" href=\"https:\/\/grao.info\/wp-content\/uploads\/2023\/02\/Guapa-coll.png\" data-rel=\"prettyPhoto[image_gallery_pretty_photo-121]\" title=\"Guapa coll\">\n\t\t\t\t\t\t\t\t\t\t\t<img loading=\"lazy\" decoding=\"async\" src=\"https:\/\/grao.info\/wp-content\/uploads\/2023\/02\/Guapa-coll-320x220.png\" alt=\"\" width=\"320\" height=\"220\" \/>\t\t\t\t\t\t\t\t\t\t\t<\/a>\n\t\t\t\t\t\t\t\t\t<\/div>\n\t\t\t<\/div>\n\t\t\t\t\t<div class=\"edgtf-ig-image edgtf-item-space\">\n\t\t\t\t<div class=\"edgtf-ig-image-inner\">\n\t\t\t\t\t\t\t\t\t\t\t<a itemprop=\"image\" class=\"edgtf-ig-lightbox\" href=\"https:\/\/grao.info\/wp-content\/uploads\/2023\/02\/Suite-I-Area.png\" data-rel=\"prettyPhoto[image_gallery_pretty_photo-121]\" title=\"Suite I Area\">\n\t\t\t\t\t\t\t\t\t\t\t<img loading=\"lazy\" decoding=\"async\" src=\"https:\/\/grao.info\/wp-content\/uploads\/2023\/02\/Suite-I-Area-320x220.png\" alt=\"\" width=\"320\" height=\"220\" \/>\t\t\t\t\t\t\t\t\t\t\t<\/a>\n\t\t\t\t\t\t\t\t\t<\/div>\n\t\t\t<\/div>\n\t\t\t\t\t<div class=\"edgtf-ig-image edgtf-item-space\">\n\t\t\t\t<div class=\"edgtf-ig-image-inner\">\n\t\t\t\t\t\t\t\t\t\t\t<a itemprop=\"image\" class=\"edgtf-ig-lightbox\" href=\"https:\/\/grao.info\/wp-content\/uploads\/2023\/02\/Pippi-I-Armando.png\" data-rel=\"prettyPhoto[image_gallery_pretty_photo-121]\" title=\"Pippi I Armando\">\n\t\t\t\t\t\t\t\t\t\t\t<img loading=\"lazy\" decoding=\"async\" src=\"https:\/\/grao.info\/wp-content\/uploads\/2023\/02\/Pippi-I-Armando-320x220.png\" alt=\"\" width=\"320\" height=\"220\" \/>\t\t\t\t\t\t\t\t\t\t\t<\/a>\n\t\t\t\t\t\t\t\t\t<\/div>\n\t\t\t<\/div>\n\t\t\t\t\t<div class=\"edgtf-ig-image edgtf-item-space\">\n\t\t\t\t<div class=\"edgtf-ig-image-inner\">\n\t\t\t\t\t\t\t\t\t\t\t<a itemprop=\"image\" class=\"edgtf-ig-lightbox\" href=\"https:\/\/grao.info\/wp-content\/uploads\/2023\/02\/Nene-I-Blade.png\" data-rel=\"prettyPhoto[image_gallery_pretty_photo-121]\" title=\"Nen\u00e9 I Blade\">\n\t\t\t\t\t\t\t\t\t\t\t<img loading=\"lazy\" decoding=\"async\" src=\"https:\/\/grao.info\/wp-content\/uploads\/2023\/02\/Nene-I-Blade-320x220.png\" alt=\"\" width=\"320\" height=\"220\" \/>\t\t\t\t\t\t\t\t\t\t\t<\/a>\n\t\t\t\t\t\t\t\t\t<\/div>\n\t\t\t<\/div>\n\t\t\t\t\t<div class=\"edgtf-ig-image edgtf-item-space\">\n\t\t\t\t<div class=\"edgtf-ig-image-inner\">\n\t\t\t\t\t\t\t\t\t\t\t<a itemprop=\"image\" class=\"edgtf-ig-lightbox\" href=\"https:\/\/grao.info\/wp-content\/uploads\/2023\/02\/Guapa-collection.png\" data-rel=\"prettyPhoto[image_gallery_pretty_photo-121]\" title=\"Guapa collection\">\n\t\t\t\t\t\t\t\t\t\t\t<img loading=\"lazy\" decoding=\"async\" src=\"https:\/\/grao.info\/wp-content\/uploads\/2023\/02\/Guapa-collection-320x220.png\" alt=\"\" width=\"320\" height=\"220\" \/>\t\t\t\t\t\t\t\t\t\t\t<\/a>\n\t\t\t\t\t\t\t\t\t<\/div>\n\t\t\t<\/div>\n\t\t\t\t\t<div class=\"edgtf-ig-image edgtf-item-space\">\n\t\t\t\t<div class=\"edgtf-ig-image-inner\">\n\t\t\t\t\t\t\t\t\t\t\t<a itemprop=\"image\" class=\"edgtf-ig-lightbox\" href=\"https:\/\/grao.info\/wp-content\/uploads\/2023\/02\/Suite-collection.png\" data-rel=\"prettyPhoto[image_gallery_pretty_photo-121]\" title=\"Suite collection\">\n\t\t\t\t\t\t\t\t\t\t\t<img loading=\"lazy\" decoding=\"async\" src=\"https:\/\/grao.info\/wp-content\/uploads\/2023\/02\/Suite-collection-320x220.png\" alt=\"\" width=\"320\" height=\"220\" \/>\t\t\t\t\t\t\t\t\t\t\t<\/a>\n\t\t\t\t\t\t\t\t\t<\/div>\n\t\t\t<\/div>\n\t\t\t<\/div>\n<\/div>[\/vc_column][vc_column width=&#8221;1\/3&#8243;][vc_column_text]<strong>Midj<\/strong> \u00e9s una empresa italiana fundada a Cordovado el 1987. \u00c9s una empresa familiar que creu en la for\u00e7a del seu territori. <strong>Midj<\/strong> fabrica a It\u00e0lia cadires, tamborets i taules d&#8217;alta qualitat amb la col\u00b7laboraci\u00f3 de reconeguts dissenyadors italians i internacionals. Les l\u00ednies fluides, les cantonades arrodonides i les estructures lleugeres s\u00f3n part de l&#8217;ADN de <strong>Midj<\/strong> Italy, com es pot veure en totes les peces del seu extens cat\u00e0leg. Les col\u00b7leccions de la firma busquen constantment la versatilitat i la possibilitat d&#8217;oferir solucions completes per a espais p\u00fablics i privats.[\/vc_column_text][vc_row_inner][vc_column_inner][vc_column_text]<a href=\"https:\/\/www.midj.com\/\">www.midj.com<\/a>[\/vc_column_text][\/vc_column_inner][\/vc_row_inner][\/vc_column][\/vc_row][vc_row][vc_column css=&#8221;.vc_custom_1615488032930{padding-top: 60px !important;}&#8221;][vc_row_inner][vc_column_inner]<div class=\"edgtf-separator-holder clearfix  edgtf-separator-center edgtf-separator-vertical\">\n\t<div class=\"edgtf-separator\" style=\"border-color: #333333;border-style: solid;height: 30px;border-left-width: 2px\"><\/div>\n<\/div>\n[vc_custom_heading text=&#8221;PRODUCTES SELECCIONATS&#8221; font_container=&#8221;tag:h3|font_size:32px|text_align:center|color:%233d3935|line_height:1.6&#8243; google_fonts=&#8221;font_family:Roboto%3A100%2C100italic%2C300%2C300italic%2Cregular%2Citalic%2C500%2C500italic%2C700%2C700italic%2C900%2C900italic|font_style:700%20bold%20regular%3A700%3Anormal&#8221;]<div class=\"edgtf-separator-holder clearfix  edgtf-separator-center edgtf-separator-vertical\">\n\t<div class=\"edgtf-separator\" style=\"border-color: #333333;border-style: solid;height: 30px;border-left-width: 2px\"><\/div>\n<\/div>\n[\/vc_column_inner][\/vc_row_inner][\/vc_column][\/vc_row][vc_row][vc_column css=&#8221;.vc_custom_1615565554899{padding-top: 60px !important;}&#8221;][vc_row_inner][vc_column_inner width=&#8221;1\/5&#8243;]<div class=\"edgtf-single-image-holder  edgtf-has-shadow edgtf-image-behavior-custom-link\">\n    <div class=\"edgtf-si-inner\" >\n        \t            <a itemprop=\"url\" href=\"\/ca\/producte\/leo-midj\/\" target=\"_self\">\n                                    <img loading=\"lazy\" decoding=\"async\" width=\"500\" height=\"500\" src=\"https:\/\/grao.info\/wp-content\/uploads\/2026\/02\/leo-paoloVernier-midj-grao00.png\" class=\"attachment-full size-full\" alt=\"\" srcset=\"https:\/\/grao.info\/wp-content\/uploads\/2026\/02\/leo-paoloVernier-midj-grao00.png 500w, https:\/\/grao.info\/wp-content\/uploads\/2026\/02\/leo-paoloVernier-midj-grao00-300x300.png 300w, https:\/\/grao.info\/wp-content\/uploads\/2026\/02\/leo-paoloVernier-midj-grao00-150x150.png 150w, https:\/\/grao.info\/wp-content\/uploads\/2026\/02\/leo-paoloVernier-midj-grao00-100x100.png 100w\" sizes=\"(max-width: 500px) 100vw, 500px\" \/>                                <\/a>\n            <\/div>\n<\/div>[vc_column_text]<\/p>\n<p style=\"text-align: center;\">LEO<\/p>\n<p>[\/vc_column_text][\/vc_column_inner][vc_column_inner width=&#8221;1\/5&#8243;]<div class=\"edgtf-single-image-holder  edgtf-has-shadow edgtf-image-behavior-custom-link\">\n    <div class=\"edgtf-si-inner\" >\n        \t            <a itemprop=\"url\" href=\"\/ca\/producte\/apelle\/\" target=\"_self\">\n                                    <img loading=\"lazy\" decoding=\"async\" width=\"1049\" height=\"1049\" src=\"https:\/\/grao.info\/wp-content\/uploads\/2024\/01\/grao_apelle-fauteuil-en-cuir.jpg\" class=\"attachment-full size-full\" alt=\"apelle_midj_grao_packshot\" srcset=\"https:\/\/grao.info\/wp-content\/uploads\/2024\/01\/grao_apelle-fauteuil-en-cuir.jpg 1049w, https:\/\/grao.info\/wp-content\/uploads\/2024\/01\/grao_apelle-fauteuil-en-cuir-300x300.jpg 300w, https:\/\/grao.info\/wp-content\/uploads\/2024\/01\/grao_apelle-fauteuil-en-cuir-1024x1024.jpg 1024w, https:\/\/grao.info\/wp-content\/uploads\/2024\/01\/grao_apelle-fauteuil-en-cuir-150x150.jpg 150w, https:\/\/grao.info\/wp-content\/uploads\/2024\/01\/grao_apelle-fauteuil-en-cuir-768x768.jpg 768w, https:\/\/grao.info\/wp-content\/uploads\/2024\/01\/grao_apelle-fauteuil-en-cuir-550x550.jpg 550w, https:\/\/grao.info\/wp-content\/uploads\/2024\/01\/grao_apelle-fauteuil-en-cuir-600x600.jpg 600w, https:\/\/grao.info\/wp-content\/uploads\/2024\/01\/grao_apelle-fauteuil-en-cuir-100x100.jpg 100w\" sizes=\"(max-width: 1049px) 100vw, 1049px\" \/>                                <\/a>\n            <\/div>\n<\/div>[vc_column_text]<\/p>\n<p style=\"text-align: center;\">APELLE<\/p>\n<p>[\/vc_column_text][\/vc_column_inner][vc_column_inner width=&#8221;1\/5&#8243;]<div class=\"edgtf-single-image-holder  edgtf-has-shadow edgtf-image-behavior-custom-link\">\n    <div class=\"edgtf-si-inner\" >\n        \t            <a itemprop=\"url\" href=\"\/ca\/producte\/akashi\/\" target=\"_self\">\n                                    <img loading=\"lazy\" decoding=\"async\" width=\"550\" height=\"550\" src=\"https:\/\/grao.info\/wp-content\/uploads\/2024\/01\/Akashi.png\" class=\"attachment-full size-full\" alt=\"Akashi_midj_grao_packshot\" srcset=\"https:\/\/grao.info\/wp-content\/uploads\/2024\/01\/Akashi.png 550w, https:\/\/grao.info\/wp-content\/uploads\/2024\/01\/Akashi-300x300.png 300w, https:\/\/grao.info\/wp-content\/uploads\/2024\/01\/Akashi-150x150.png 150w, https:\/\/grao.info\/wp-content\/uploads\/2024\/01\/Akashi-100x100.png 100w\" sizes=\"(max-width: 550px) 100vw, 550px\" \/>                                <\/a>\n            <\/div>\n<\/div>[vc_column_text]<\/p>\n<p style=\"text-align: center;\">AKASHI<\/p>\n<p>[\/vc_column_text][\/vc_column_inner][vc_column_inner width=&#8221;1\/5&#8243;]<div class=\"edgtf-single-image-holder  edgtf-has-shadow edgtf-image-behavior-custom-link\">\n    <div class=\"edgtf-si-inner\" >\n        \t            <a itemprop=\"url\" href=\"\/ca\/producte\/pippi\/\" target=\"_self\">\n                                    <img loading=\"lazy\" decoding=\"async\" width=\"630\" height=\"630\" src=\"https:\/\/grao.info\/wp-content\/uploads\/2024\/01\/pippi_s-1.png\" class=\"attachment-full size-full\" alt=\"\" srcset=\"https:\/\/grao.info\/wp-content\/uploads\/2024\/01\/pippi_s-1.png 630w, https:\/\/grao.info\/wp-content\/uploads\/2024\/01\/pippi_s-1-300x300.png 300w, https:\/\/grao.info\/wp-content\/uploads\/2024\/01\/pippi_s-1-150x150.png 150w, https:\/\/grao.info\/wp-content\/uploads\/2024\/01\/pippi_s-1-550x550.png 550w, https:\/\/grao.info\/wp-content\/uploads\/2024\/01\/pippi_s-1-600x600.png 600w, https:\/\/grao.info\/wp-content\/uploads\/2024\/01\/pippi_s-1-100x100.png 100w\" sizes=\"(max-width: 630px) 100vw, 630px\" \/>                                <\/a>\n            <\/div>\n<\/div>[vc_column_text]<\/p>\n<p style=\"text-align: center;\">PIPPI<\/p>\n<p>[\/vc_column_text][\/vc_column_inner][vc_column_inner width=&#8221;1\/5&#8243;]<div class=\"edgtf-single-image-holder  edgtf-has-shadow edgtf-image-behavior-custom-link\">\n    <div class=\"edgtf-si-inner\" >\n        \t            <a itemprop=\"url\" href=\"\/ca\/producte\/planum\/\" target=\"_self\">\n                                    <img loading=\"lazy\" decoding=\"async\" width=\"1000\" height=\"1000\" src=\"https:\/\/grao.info\/wp-content\/uploads\/2024\/01\/planum-midj-1.jpg\" class=\"attachment-full size-full\" alt=\"\" srcset=\"https:\/\/grao.info\/wp-content\/uploads\/2024\/01\/planum-midj-1.jpg 1000w, https:\/\/grao.info\/wp-content\/uploads\/2024\/01\/planum-midj-1-300x300.jpg 300w, https:\/\/grao.info\/wp-content\/uploads\/2024\/01\/planum-midj-1-150x150.jpg 150w, https:\/\/grao.info\/wp-content\/uploads\/2024\/01\/planum-midj-1-768x768.jpg 768w, https:\/\/grao.info\/wp-content\/uploads\/2024\/01\/planum-midj-1-550x550.jpg 550w, https:\/\/grao.info\/wp-content\/uploads\/2024\/01\/planum-midj-1-600x600.jpg 600w, https:\/\/grao.info\/wp-content\/uploads\/2024\/01\/planum-midj-1-100x100.jpg 100w\" sizes=\"(max-width: 1000px) 100vw, 1000px\" \/>                                <\/a>\n            <\/div>\n<\/div>[vc_column_text]<\/p>\n<p style=\"text-align: center;\">PLANUM<\/p>\n<p>[\/vc_column_text][\/vc_column_inner][\/vc_row_inner][\/vc_column][\/vc_row][vc_row][vc_column css=&#8221;.vc_custom_1615565597146{padding-top: 30px !important;}&#8221;][vc_row_inner][vc_column_inner width=&#8221;1\/5&#8243;]<div class=\"edgtf-single-image-holder  edgtf-has-shadow edgtf-image-behavior-custom-link\">\n    <div class=\"edgtf-si-inner\" >\n        \t            <a itemprop=\"url\" href=\"\/ca\/producte\/suite-bookcase\/\" target=\"_self\">\n                                    <img loading=\"lazy\" decoding=\"async\" width=\"550\" height=\"550\" src=\"https:\/\/grao.info\/wp-content\/uploads\/2024\/01\/Suite-Bookshelves.png\" class=\"attachment-full size-full\" alt=\"Suite Bookshelves-midj-grao\" srcset=\"https:\/\/grao.info\/wp-content\/uploads\/2024\/01\/Suite-Bookshelves.png 550w, https:\/\/grao.info\/wp-content\/uploads\/2024\/01\/Suite-Bookshelves-300x300.png 300w, https:\/\/grao.info\/wp-content\/uploads\/2024\/01\/Suite-Bookshelves-150x150.png 150w, https:\/\/grao.info\/wp-content\/uploads\/2024\/01\/Suite-Bookshelves-100x100.png 100w\" sizes=\"(max-width: 550px) 100vw, 550px\" \/>                                <\/a>\n            <\/div>\n<\/div>[vc_column_text]<\/p>\n<p style=\"text-align: center;\">SUITE BOOKCASE<\/p>\n<p>[\/vc_column_text][\/vc_column_inner][vc_column_inner width=&#8221;1\/5&#8243;]<div class=\"edgtf-single-image-holder  edgtf-has-shadow edgtf-image-behavior-custom-link\">\n    <div class=\"edgtf-si-inner\" >\n        \t            <a itemprop=\"url\" href=\"\/ca\/producte\/spot\/\" target=\"_self\">\n                                    <img loading=\"lazy\" decoding=\"async\" width=\"1000\" height=\"1000\" src=\"https:\/\/grao.info\/wp-content\/uploads\/2024\/01\/spot-m.png\" class=\"attachment-full size-full\" alt=\"spot-m-midj-grao\" srcset=\"https:\/\/grao.info\/wp-content\/uploads\/2024\/01\/spot-m.png 1000w, https:\/\/grao.info\/wp-content\/uploads\/2024\/01\/spot-m-300x300.png 300w, https:\/\/grao.info\/wp-content\/uploads\/2024\/01\/spot-m-150x150.png 150w, https:\/\/grao.info\/wp-content\/uploads\/2024\/01\/spot-m-768x768.png 768w, https:\/\/grao.info\/wp-content\/uploads\/2024\/01\/spot-m-550x550.png 550w, https:\/\/grao.info\/wp-content\/uploads\/2024\/01\/spot-m-600x600.png 600w, https:\/\/grao.info\/wp-content\/uploads\/2024\/01\/spot-m-100x100.png 100w\" sizes=\"(max-width: 1000px) 100vw, 1000px\" \/>                                <\/a>\n            <\/div>\n<\/div>[vc_column_text]<\/p>\n<p style=\"text-align: center;\">SPOT<\/p>\n<p>[\/vc_column_text][\/vc_column_inner][vc_column_inner width=&#8221;1\/5&#8243;]<div class=\"edgtf-single-image-holder  edgtf-has-shadow edgtf-image-behavior-custom-link\">\n    <div class=\"edgtf-si-inner\" >\n        \t            <a itemprop=\"url\" href=\"\/ca\/producte\/suite\/\" target=\"_self\">\n                                    <img loading=\"lazy\" decoding=\"async\" width=\"550\" height=\"550\" src=\"https:\/\/grao.info\/wp-content\/uploads\/2024\/01\/Suite.png\" class=\"attachment-full size-full\" alt=\"Suite-midj-grao\" srcset=\"https:\/\/grao.info\/wp-content\/uploads\/2024\/01\/Suite.png 550w, https:\/\/grao.info\/wp-content\/uploads\/2024\/01\/Suite-300x300.png 300w, https:\/\/grao.info\/wp-content\/uploads\/2024\/01\/Suite-150x150.png 150w, https:\/\/grao.info\/wp-content\/uploads\/2024\/01\/Suite-100x100.png 100w\" sizes=\"(max-width: 550px) 100vw, 550px\" \/>                                <\/a>\n            <\/div>\n<\/div>[vc_column_text]<\/p>\n<p style=\"text-align: center;\">SUITE<\/p>\n<p>[\/vc_column_text][\/vc_column_inner][vc_column_inner width=&#8221;1\/5&#8243;]<div class=\"edgtf-single-image-holder  edgtf-has-shadow edgtf-image-behavior-custom-link\">\n    <div class=\"edgtf-si-inner\" >\n        \t            <a itemprop=\"url\" href=\"\/ca\/producte\/link\/\" target=\"_self\">\n                                    <img loading=\"lazy\" decoding=\"async\" width=\"1291\" height=\"1292\" src=\"https:\/\/grao.info\/wp-content\/uploads\/2024\/01\/link-midj-grao-1.jpg\" class=\"attachment-full size-full\" alt=\"\" srcset=\"https:\/\/grao.info\/wp-content\/uploads\/2024\/01\/link-midj-grao-1.jpg 1291w, https:\/\/grao.info\/wp-content\/uploads\/2024\/01\/link-midj-grao-1-300x300.jpg 300w, https:\/\/grao.info\/wp-content\/uploads\/2024\/01\/link-midj-grao-1-1024x1024.jpg 1024w, https:\/\/grao.info\/wp-content\/uploads\/2024\/01\/link-midj-grao-1-150x150.jpg 150w, https:\/\/grao.info\/wp-content\/uploads\/2024\/01\/link-midj-grao-1-768x769.jpg 768w, https:\/\/grao.info\/wp-content\/uploads\/2024\/01\/link-midj-grao-1-550x550.jpg 550w, https:\/\/grao.info\/wp-content\/uploads\/2024\/01\/link-midj-grao-1-1100x1100.jpg 1100w, https:\/\/grao.info\/wp-content\/uploads\/2024\/01\/link-midj-grao-1-600x600.jpg 600w, https:\/\/grao.info\/wp-content\/uploads\/2024\/01\/link-midj-grao-1-100x100.jpg 100w\" sizes=\"(max-width: 1291px) 100vw, 1291px\" \/>                                <\/a>\n            <\/div>\n<\/div>[vc_column_text]<\/p>\n<p style=\"text-align: center;\">LINK<\/p>\n<p>[\/vc_column_text][\/vc_column_inner][vc_column_inner width=&#8221;1\/5&#8243;]<div class=\"edgtf-single-image-holder  edgtf-has-shadow edgtf-image-behavior-custom-link\">\n    <div class=\"edgtf-si-inner\" >\n        \t            <a itemprop=\"url\" href=\"\/ca\/producte\/stack-3\/\" target=\"_self\">\n                                    <img loading=\"lazy\" decoding=\"async\" width=\"1146\" height=\"1146\" src=\"https:\/\/grao.info\/wp-content\/uploads\/2024\/01\/grao_stack_midj_03-1.jpg\" class=\"attachment-full size-full\" alt=\"\" srcset=\"https:\/\/grao.info\/wp-content\/uploads\/2024\/01\/grao_stack_midj_03-1.jpg 1146w, https:\/\/grao.info\/wp-content\/uploads\/2024\/01\/grao_stack_midj_03-1-300x300.jpg 300w, https:\/\/grao.info\/wp-content\/uploads\/2024\/01\/grao_stack_midj_03-1-1024x1024.jpg 1024w, https:\/\/grao.info\/wp-content\/uploads\/2024\/01\/grao_stack_midj_03-1-150x150.jpg 150w, https:\/\/grao.info\/wp-content\/uploads\/2024\/01\/grao_stack_midj_03-1-768x768.jpg 768w, https:\/\/grao.info\/wp-content\/uploads\/2024\/01\/grao_stack_midj_03-1-550x550.jpg 550w, https:\/\/grao.info\/wp-content\/uploads\/2024\/01\/grao_stack_midj_03-1-1100x1100.jpg 1100w, https:\/\/grao.info\/wp-content\/uploads\/2024\/01\/grao_stack_midj_03-1-600x600.jpg 600w, https:\/\/grao.info\/wp-content\/uploads\/2024\/01\/grao_stack_midj_03-1-100x100.jpg 100w\" sizes=\"(max-width: 1146px) 100vw, 1146px\" \/>                                <\/a>\n            <\/div>\n<\/div>[vc_column_text]<\/p>\n<p style=\"text-align: center;\">STACK<\/p>\n<p>[\/vc_column_text][\/vc_column_inner][\/vc_row_inner][vc_empty_space height=&#8221;100px&#8221;][\/vc_column][\/vc_row]<\/p>\n","protected":false},"excerpt":{"rendered":"<p>[vc_row equal_height=&#8221;yes&#8221; content_placement=&#8221;bottom&#8221;][vc_column width=&#8221;2\/3&#8243;][\/vc_column][vc_column width=&#8221;1\/3&#8243;][vc_column_text]Midj \u00e9s una empresa italiana fundada a Cordovado el 1987. \u00c9s una empresa familiar que creu en la for\u00e7a del seu territori. Midj fabrica a It\u00e0lia cadires, tamborets i taules d&#8217;alta qualitat amb la col\u00b7laboraci\u00f3 de [&hellip;]<\/p>\n","protected":false},"author":2,"featured_media":0,"parent":6347,"menu_order":0,"comment_status":"closed","ping_status":"closed","template":"","meta":{"footnotes":""},"acf":[],"yoast_head":"<!-- This site is optimized with the Yoast SEO Premium plugin v23.0 (Yoast SEO v23.0) - https:\/\/yoast.com\/wordpress\/plugins\/seo\/ -->\n<title>Midj - Grao<\/title>\n<meta name=\"robots\" content=\"index, follow, max-snippet:-1, max-image-preview:large, max-video-preview:-1\" \/>\n<link rel=\"canonical\" href=\"https:\/\/grao.info\/ca\/marques\/midj\/\" \/>\n<meta property=\"og:locale\" content=\"ca_ES\" \/>\n<meta property=\"og:type\" content=\"article\" \/>\n<meta property=\"og:title\" content=\"Midj\" \/>\n<meta property=\"og:description\" content=\"[vc_row equal_height=&#8221;yes&#8221; content_placement=&#8221;bottom&#8221;][vc_column width=&#8221;2\/3&#8243;][\/vc_column][vc_column width=&#8221;1\/3&#8243;][vc_column_text]Midj \u00e9s una empresa italiana fundada a Cordovado el 1987. \u00c9s una empresa familiar que creu en la for\u00e7a del seu territori. Midj fabrica a It\u00e0lia cadires, tamborets i taules d&#8217;alta qualitat amb la col\u00b7laboraci\u00f3 de [&hellip;]\" \/>\n<meta property=\"og:url\" content=\"https:\/\/grao.info\/ca\/marques\/midj\/\" \/>\n<meta property=\"og:site_name\" content=\"Grao\" \/>\n<meta property=\"article:modified_time\" content=\"2026-02-17T16:39:43+00:00\" \/>\n<meta name=\"twitter:card\" content=\"summary_large_image\" \/>\n<meta name=\"twitter:label1\" content=\"Temps estimat de lectura\" \/>\n\t<meta name=\"twitter:data1\" content=\"1 minut\" \/>\n<script type=\"application\/ld+json\" class=\"yoast-schema-graph\">{\"@context\":\"https:\/\/schema.org\",\"@graph\":[{\"@type\":\"WebPage\",\"@id\":\"https:\/\/grao.info\/ca\/marques\/midj\/\",\"url\":\"https:\/\/grao.info\/ca\/marques\/midj\/\",\"name\":\"Midj - Grao\",\"isPartOf\":{\"@id\":\"https:\/\/grao.info\/ca\/#website\"},\"datePublished\":\"2023-02-01T18:04:26+00:00\",\"dateModified\":\"2026-02-17T16:39:43+00:00\",\"breadcrumb\":{\"@id\":\"https:\/\/grao.info\/ca\/marques\/midj\/#breadcrumb\"},\"inLanguage\":\"ca\",\"potentialAction\":[{\"@type\":\"ReadAction\",\"target\":[\"https:\/\/grao.info\/ca\/marques\/midj\/\"]}]},{\"@type\":\"BreadcrumbList\",\"@id\":\"https:\/\/grao.info\/ca\/marques\/midj\/#breadcrumb\",\"itemListElement\":[{\"@type\":\"ListItem\",\"position\":1,\"name\":\"Portada\",\"item\":\"https:\/\/grao.info\/ca\/\"},{\"@type\":\"ListItem\",\"position\":2,\"name\":\"Marques\",\"item\":\"https:\/\/grao.info\/ca\/marques\/\"},{\"@type\":\"ListItem\",\"position\":3,\"name\":\"Midj\"}]},{\"@type\":\"WebSite\",\"@id\":\"https:\/\/grao.info\/ca\/#website\",\"url\":\"https:\/\/grao.info\/ca\/\",\"name\":\"Grao\",\"description\":\"\",\"publisher\":{\"@id\":\"https:\/\/grao.info\/ca\/#organization\"},\"potentialAction\":[{\"@type\":\"SearchAction\",\"target\":{\"@type\":\"EntryPoint\",\"urlTemplate\":\"https:\/\/grao.info\/ca\/?s={search_term_string}\"},\"query-input\":\"required name=search_term_string\"}],\"inLanguage\":\"ca\"},{\"@type\":\"Organization\",\"@id\":\"https:\/\/grao.info\/ca\/#organization\",\"name\":\"Grao\",\"url\":\"https:\/\/grao.info\/ca\/\",\"logo\":{\"@type\":\"ImageObject\",\"inLanguage\":\"ca\",\"@id\":\"https:\/\/grao.info\/ca\/#\/schema\/logo\/image\/\",\"url\":\"https:\/\/grao.info\/wp-content\/uploads\/2022\/04\/logo-mobil-1.png\",\"contentUrl\":\"https:\/\/grao.info\/wp-content\/uploads\/2022\/04\/logo-mobil-1.png\",\"width\":275,\"height\":85,\"caption\":\"Grao\"},\"image\":{\"@id\":\"https:\/\/grao.info\/ca\/#\/schema\/logo\/image\/\"}}]}<\/script>\n<!-- \/ Yoast SEO Premium plugin. -->","yoast_head_json":{"title":"Midj - Grao","robots":{"index":"index","follow":"follow","max-snippet":"max-snippet:-1","max-image-preview":"max-image-preview:large","max-video-preview":"max-video-preview:-1"},"canonical":"https:\/\/grao.info\/ca\/marques\/midj\/","og_locale":"ca_ES","og_type":"article","og_title":"Midj","og_description":"[vc_row equal_height=&#8221;yes&#8221; content_placement=&#8221;bottom&#8221;][vc_column width=&#8221;2\/3&#8243;][\/vc_column][vc_column width=&#8221;1\/3&#8243;][vc_column_text]Midj \u00e9s una empresa italiana fundada a Cordovado el 1987. \u00c9s una empresa familiar que creu en la for\u00e7a del seu territori. Midj fabrica a It\u00e0lia cadires, tamborets i taules d&#8217;alta qualitat amb la col\u00b7laboraci\u00f3 de [&hellip;]","og_url":"https:\/\/grao.info\/ca\/marques\/midj\/","og_site_name":"Grao","article_modified_time":"2026-02-17T16:39:43+00:00","twitter_card":"summary_large_image","twitter_misc":{"Temps estimat de lectura":"1 minut"},"schema":{"@context":"https:\/\/schema.org","@graph":[{"@type":"WebPage","@id":"https:\/\/grao.info\/ca\/marques\/midj\/","url":"https:\/\/grao.info\/ca\/marques\/midj\/","name":"Midj - Grao","isPartOf":{"@id":"https:\/\/grao.info\/ca\/#website"},"datePublished":"2023-02-01T18:04:26+00:00","dateModified":"2026-02-17T16:39:43+00:00","breadcrumb":{"@id":"https:\/\/grao.info\/ca\/marques\/midj\/#breadcrumb"},"inLanguage":"ca","potentialAction":[{"@type":"ReadAction","target":["https:\/\/grao.info\/ca\/marques\/midj\/"]}]},{"@type":"BreadcrumbList","@id":"https:\/\/grao.info\/ca\/marques\/midj\/#breadcrumb","itemListElement":[{"@type":"ListItem","position":1,"name":"Portada","item":"https:\/\/grao.info\/ca\/"},{"@type":"ListItem","position":2,"name":"Marques","item":"https:\/\/grao.info\/ca\/marques\/"},{"@type":"ListItem","position":3,"name":"Midj"}]},{"@type":"WebSite","@id":"https:\/\/grao.info\/ca\/#website","url":"https:\/\/grao.info\/ca\/","name":"Grao","description":"","publisher":{"@id":"https:\/\/grao.info\/ca\/#organization"},"potentialAction":[{"@type":"SearchAction","target":{"@type":"EntryPoint","urlTemplate":"https:\/\/grao.info\/ca\/?s={search_term_string}"},"query-input":"required name=search_term_string"}],"inLanguage":"ca"},{"@type":"Organization","@id":"https:\/\/grao.info\/ca\/#organization","name":"Grao","url":"https:\/\/grao.info\/ca\/","logo":{"@type":"ImageObject","inLanguage":"ca","@id":"https:\/\/grao.info\/ca\/#\/schema\/logo\/image\/","url":"https:\/\/grao.info\/wp-content\/uploads\/2022\/04\/logo-mobil-1.png","contentUrl":"https:\/\/grao.info\/wp-content\/uploads\/2022\/04\/logo-mobil-1.png","width":275,"height":85,"caption":"Grao"},"image":{"@id":"https:\/\/grao.info\/ca\/#\/schema\/logo\/image\/"}}]}},"_links":{"self":[{"href":"https:\/\/grao.info\/ca\/wp-json\/wp\/v2\/pages\/22763"}],"collection":[{"href":"https:\/\/grao.info\/ca\/wp-json\/wp\/v2\/pages"}],"about":[{"href":"https:\/\/grao.info\/ca\/wp-json\/wp\/v2\/types\/page"}],"author":[{"embeddable":true,"href":"https:\/\/grao.info\/ca\/wp-json\/wp\/v2\/users\/2"}],"replies":[{"embeddable":true,"href":"https:\/\/grao.info\/ca\/wp-json\/wp\/v2\/comments?post=22763"}],"version-history":[{"count":6,"href":"https:\/\/grao.info\/ca\/wp-json\/wp\/v2\/pages\/22763\/revisions"}],"predecessor-version":[{"id":29499,"href":"https:\/\/grao.info\/ca\/wp-json\/wp\/v2\/pages\/22763\/revisions\/29499"}],"up":[{"embeddable":true,"href":"https:\/\/grao.info\/ca\/wp-json\/wp\/v2\/pages\/6347"}],"wp:attachment":[{"href":"https:\/\/grao.info\/ca\/wp-json\/wp\/v2\/media?parent=22763"}],"curies":[{"name":"wp","href":"https:\/\/api.w.org\/{rel}","templated":true}]}}