{"id":22769,"date":"2021-03-12T17:18:56","date_gmt":"2021-03-12T17:18:56","guid":{"rendered":"https:\/\/grao.info\/marques\/muuto\/"},"modified":"2024-06-12T10:05:10","modified_gmt":"2024-06-12T10:05:10","slug":"muuto","status":"publish","type":"page","link":"https:\/\/grao.info\/ca\/marques\/muuto\/","title":{"rendered":"Muuto"},"content":{"rendered":"<p>[vc_row equal_height=&#8221;yes&#8221; content_placement=&#8221;bottom&#8221;][vc_column width=&#8221;2\/3&#8243;]<div class=\"edgtf-image-gallery  edgtf-ig-grid-type edgtf-large-space edgtf-has-shadow edgtf-image-behavior-lightbox \">\n\t<div class=\"edgtf-ig-inner edgtf-outer-space edgtf-ig-grid edgtf-ig-three-columns\">\n\t\t\t\t\t<div class=\"edgtf-ig-image edgtf-item-space\">\n\t\t\t\t<div class=\"edgtf-ig-image-inner\">\n\t\t\t\t\t\t\t\t\t\t\t<a itemprop=\"image\" class=\"edgtf-ig-lightbox\" href=\"https:\/\/grao.info\/wp-content\/uploads\/2021\/06\/Cover-Armchair-I-70x70-Table-I-Srand-Pendant-Lamp-I-Flow-Trolley.png\" data-rel=\"prettyPhoto[image_gallery_pretty_photo-845]\" title=\"Cover Armchair I 70&#215;70 Table I Srand Pendant Lamp I Flow Trolley\">\n\t\t\t\t\t\t\t\t\t\t\t<img loading=\"lazy\" decoding=\"async\" src=\"https:\/\/grao.info\/wp-content\/uploads\/2021\/06\/Cover-Armchair-I-70x70-Table-I-Srand-Pendant-Lamp-I-Flow-Trolley-320x220.png\" alt=\"\" width=\"320\" height=\"220\" \/>\t\t\t\t\t\t\t\t\t\t\t<\/a>\n\t\t\t\t\t\t\t\t\t<\/div>\n\t\t\t<\/div>\n\t\t\t\t\t<div class=\"edgtf-ig-image edgtf-item-space\">\n\t\t\t\t<div class=\"edgtf-ig-image-inner\">\n\t\t\t\t\t\t\t\t\t\t\t<a itemprop=\"image\" class=\"edgtf-ig-lightbox\" href=\"https:\/\/grao.info\/wp-content\/uploads\/2021\/06\/In-situ-Modular-Sofa-I-Workshop-Coffee-Table-I-Post-Wall-Lamp.png\" data-rel=\"prettyPhoto[image_gallery_pretty_photo-845]\" title=\"In situ Modular Sofa I Workshop Coffee Table I Post Wall Lamp\">\n\t\t\t\t\t\t\t\t\t\t\t<img loading=\"lazy\" decoding=\"async\" src=\"https:\/\/grao.info\/wp-content\/uploads\/2021\/06\/In-situ-Modular-Sofa-I-Workshop-Coffee-Table-I-Post-Wall-Lamp-320x220.png\" alt=\"\" width=\"320\" height=\"220\" \/>\t\t\t\t\t\t\t\t\t\t\t<\/a>\n\t\t\t\t\t\t\t\t\t<\/div>\n\t\t\t<\/div>\n\t\t\t\t\t<div class=\"edgtf-ig-image edgtf-item-space\">\n\t\t\t\t<div class=\"edgtf-ig-image-inner\">\n\t\t\t\t\t\t\t\t\t\t\t<a itemprop=\"image\" class=\"edgtf-ig-lightbox\" href=\"https:\/\/grao.info\/wp-content\/uploads\/2021\/06\/Fiber-Side-Chair-I-Linear-System-Table.png\" data-rel=\"prettyPhoto[image_gallery_pretty_photo-845]\" title=\"Fiber Side Chair I Linear System Table\">\n\t\t\t\t\t\t\t\t\t\t\t<img loading=\"lazy\" decoding=\"async\" src=\"https:\/\/grao.info\/wp-content\/uploads\/2021\/06\/Fiber-Side-Chair-I-Linear-System-Table-320x220.png\" alt=\"\" width=\"320\" height=\"220\" \/>\t\t\t\t\t\t\t\t\t\t\t<\/a>\n\t\t\t\t\t\t\t\t\t<\/div>\n\t\t\t<\/div>\n\t\t\t\t\t<div class=\"edgtf-ig-image edgtf-item-space\">\n\t\t\t\t<div class=\"edgtf-ig-image-inner\">\n\t\t\t\t\t\t\t\t\t\t\t<a itemprop=\"image\" class=\"edgtf-ig-lightbox\" href=\"https:\/\/grao.info\/wp-content\/uploads\/2021\/06\/Connect-Modular-Sofa-I-Rime-Pendant-Lamp-I-Soft-Side-Table.png\" data-rel=\"prettyPhoto[image_gallery_pretty_photo-845]\" title=\"Connect Modular Sofa I Rime Pendant Lamp I Soft Side Table\">\n\t\t\t\t\t\t\t\t\t\t\t<img loading=\"lazy\" decoding=\"async\" src=\"https:\/\/grao.info\/wp-content\/uploads\/2021\/06\/Connect-Modular-Sofa-I-Rime-Pendant-Lamp-I-Soft-Side-Table-320x220.png\" alt=\"\" width=\"320\" height=\"220\" \/>\t\t\t\t\t\t\t\t\t\t\t<\/a>\n\t\t\t\t\t\t\t\t\t<\/div>\n\t\t\t<\/div>\n\t\t\t\t\t<div class=\"edgtf-ig-image edgtf-item-space\">\n\t\t\t\t<div class=\"edgtf-ig-image-inner\">\n\t\t\t\t\t\t\t\t\t\t\t<a itemprop=\"image\" class=\"edgtf-ig-lightbox\" href=\"https:\/\/grao.info\/wp-content\/uploads\/2021\/06\/Linear-Steel-Armchair-I-Linear-Steel-Table.png\" data-rel=\"prettyPhoto[image_gallery_pretty_photo-845]\" title=\"Linear Steel Armchair I Linear Steel Table\">\n\t\t\t\t\t\t\t\t\t\t\t<img loading=\"lazy\" decoding=\"async\" src=\"https:\/\/grao.info\/wp-content\/uploads\/2021\/06\/Linear-Steel-Armchair-I-Linear-Steel-Table-320x220.png\" alt=\"\" width=\"320\" height=\"220\" \/>\t\t\t\t\t\t\t\t\t\t\t<\/a>\n\t\t\t\t\t\t\t\t\t<\/div>\n\t\t\t<\/div>\n\t\t\t\t\t<div class=\"edgtf-ig-image edgtf-item-space\">\n\t\t\t\t<div class=\"edgtf-ig-image-inner\">\n\t\t\t\t\t\t\t\t\t\t\t<a itemprop=\"image\" class=\"edgtf-ig-lightbox\" href=\"https:\/\/grao.info\/wp-content\/uploads\/2021\/06\/Oslo-Sofa-I-Oslo-Armchair-I-Oslo-Pouf-I-Around-Coffee-Table.png\" data-rel=\"prettyPhoto[image_gallery_pretty_photo-845]\" title=\"Oslo Sofa I Oslo Armchair I Oslo Pouf I Around Coffee Table\">\n\t\t\t\t\t\t\t\t\t\t\t<img loading=\"lazy\" decoding=\"async\" src=\"https:\/\/grao.info\/wp-content\/uploads\/2021\/06\/Oslo-Sofa-I-Oslo-Armchair-I-Oslo-Pouf-I-Around-Coffee-Table-320x220.png\" alt=\"\" width=\"320\" height=\"220\" \/>\t\t\t\t\t\t\t\t\t\t\t<\/a>\n\t\t\t\t\t\t\t\t\t<\/div>\n\t\t\t<\/div>\n\t\t\t<\/div>\n<\/div>[\/vc_column][vc_column width=&#8221;1\/3&#8243;][vc_column_text]<strong>Muuto<\/strong> t\u00e9 les seves arrels en la tradici\u00f3 del disseny escandinau, caracteritzada per una est\u00e8tica duradora, funcionalitat, artesania i una expressi\u00f3 honesta.<\/p>\n<p>Expandint aquesta her\u00e8ncia amb materials, t\u00e8cniques i un pensament creatiu auda\u00e7 orientat cap al futur, la nostra ambici\u00f3 \u00e9s oferir noves perspectives sobre el disseny escandinau.<\/p>\n<p>De fet, el nostre nom, <strong>Muuto<\/strong>, prov\u00e9 de muutos, que en fin\u00e8s significa nova perspectiva. Seleccionem els principals dissenyadors contemporanis que s\u00f3n bons int\u00e8rprets de la nostra filosofia i combinen els seus talents amb l&#8217;apassionat equip creatiu de <strong>Muuto<\/strong>.[\/vc_column_text][vc_row_inner][vc_column_inner][vc_column_text]<a href=\"https:\/\/www.muuto.com\/\">www.muuto.com<\/a>[\/vc_column_text][\/vc_column_inner][\/vc_row_inner][\/vc_column][\/vc_row][vc_row][vc_column css=&#8221;.vc_custom_1615488032930{padding-top: 60px !important;}&#8221;][vc_row_inner][vc_column_inner]<div class=\"edgtf-separator-holder clearfix  edgtf-separator-center edgtf-separator-vertical\">\n\t<div class=\"edgtf-separator\" style=\"border-color: #333333;border-style: solid;height: 30px;border-left-width: 2px\"><\/div>\n<\/div>\n[vc_custom_heading text=&#8221;PRODUCTES SELECCIONATS&#8221; font_container=&#8221;tag:h3|font_size:32px|text_align:center|color:%233d3935|line_height:1.6&#8243; google_fonts=&#8221;font_family:Roboto%3A100%2C100italic%2C300%2C300italic%2Cregular%2Citalic%2C500%2C500italic%2C700%2C700italic%2C900%2C900italic|font_style:700%20bold%20regular%3A700%3Anormal&#8221;]<div class=\"edgtf-separator-holder clearfix  edgtf-separator-center edgtf-separator-vertical\">\n\t<div class=\"edgtf-separator\" style=\"border-color: #333333;border-style: solid;height: 30px;border-left-width: 2px\"><\/div>\n<\/div>\n[\/vc_column_inner][\/vc_row_inner][\/vc_column][\/vc_row][vc_row][vc_column css=&#8221;.vc_custom_1615565554899{padding-top: 60px !important;}&#8221;][vc_row_inner][vc_column_inner width=&#8221;1\/5&#8243;]<div class=\"edgtf-single-image-holder  edgtf-has-shadow edgtf-image-behavior-custom-link\">\n    <div class=\"edgtf-si-inner\" >\n        \t            <a itemprop=\"url\" href=\"\/ca\/producte\/sistema-oficina-linear\/\" target=\"_self\">\n                                    <img loading=\"lazy\" decoding=\"async\" width=\"550\" height=\"550\" src=\"https:\/\/grao.info\/wp-content\/uploads\/2021\/06\/Linear-System.B-1.png\" class=\"attachment-full size-full\" alt=\"\" srcset=\"https:\/\/grao.info\/wp-content\/uploads\/2021\/06\/Linear-System.B-1.png 550w, https:\/\/grao.info\/wp-content\/uploads\/2021\/06\/Linear-System.B-1-300x300.png 300w, https:\/\/grao.info\/wp-content\/uploads\/2021\/06\/Linear-System.B-1-150x150.png 150w, https:\/\/grao.info\/wp-content\/uploads\/2021\/06\/Linear-System.B-1-100x100.png 100w\" sizes=\"(max-width: 550px) 100vw, 550px\" \/>                                <\/a>\n            <\/div>\n<\/div>[vc_column_text]<\/p>\n<p style=\"text-align: center;\">LINEAR SYSTEM SERIES<\/p>\n<p>[\/vc_column_text][\/vc_column_inner][vc_column_inner width=&#8221;1\/5&#8243;]<div class=\"edgtf-single-image-holder  edgtf-has-shadow edgtf-image-behavior-custom-link\">\n    <div class=\"edgtf-si-inner\" >\n        \t            <a itemprop=\"url\" href=\"\/ca\/producte\/lampara-rime\/\" target=\"_self\">\n                                    <img loading=\"lazy\" decoding=\"async\" width=\"550\" height=\"550\" src=\"https:\/\/grao.info\/wp-content\/uploads\/2021\/06\/Rime.png\" class=\"attachment-full size-full\" alt=\"\" srcset=\"https:\/\/grao.info\/wp-content\/uploads\/2021\/06\/Rime.png 550w, https:\/\/grao.info\/wp-content\/uploads\/2021\/06\/Rime-300x300.png 300w, https:\/\/grao.info\/wp-content\/uploads\/2021\/06\/Rime-150x150.png 150w, https:\/\/grao.info\/wp-content\/uploads\/2021\/06\/Rime-100x100.png 100w\" sizes=\"(max-width: 550px) 100vw, 550px\" \/>                                <\/a>\n            <\/div>\n<\/div>[vc_column_text]<\/p>\n<p style=\"text-align: center;\">RIME<\/p>\n<p>[\/vc_column_text][\/vc_column_inner][vc_column_inner width=&#8221;1\/5&#8243;]<div class=\"edgtf-single-image-holder  edgtf-has-shadow edgtf-image-behavior-custom-link\">\n    <div class=\"edgtf-si-inner\" >\n        \t            <a itemprop=\"url\" href=\"\/ca\/producte\/sofa-out-line\/\" target=\"_self\">\n                                    <img loading=\"lazy\" decoding=\"async\" width=\"550\" height=\"550\" src=\"https:\/\/grao.info\/wp-content\/uploads\/2021\/06\/Outline.B.png\" class=\"attachment-full size-full\" alt=\"\" srcset=\"https:\/\/grao.info\/wp-content\/uploads\/2021\/06\/Outline.B.png 550w, https:\/\/grao.info\/wp-content\/uploads\/2021\/06\/Outline.B-300x300.png 300w, https:\/\/grao.info\/wp-content\/uploads\/2021\/06\/Outline.B-150x150.png 150w, https:\/\/grao.info\/wp-content\/uploads\/2021\/06\/Outline.B-100x100.png 100w\" sizes=\"(max-width: 550px) 100vw, 550px\" \/>                                <\/a>\n            <\/div>\n<\/div>[vc_column_text]<\/p>\n<p style=\"text-align: center;\">OUT LINE<\/p>\n<p>[\/vc_column_text][\/vc_column_inner][vc_column_inner width=&#8221;1\/5&#8243;]<div class=\"edgtf-single-image-holder  edgtf-has-shadow edgtf-image-behavior-custom-link\">\n    <div class=\"edgtf-si-inner\" >\n        \t            <a itemprop=\"url\" href=\"\/ca\/producte\/mesa-workshop\/\" target=\"_self\">\n                                    <img loading=\"lazy\" decoding=\"async\" width=\"550\" height=\"550\" src=\"https:\/\/grao.info\/wp-content\/uploads\/2021\/06\/Workshop.png\" class=\"attachment-full size-full\" alt=\"\" srcset=\"https:\/\/grao.info\/wp-content\/uploads\/2021\/06\/Workshop.png 550w, https:\/\/grao.info\/wp-content\/uploads\/2021\/06\/Workshop-300x300.png 300w, https:\/\/grao.info\/wp-content\/uploads\/2021\/06\/Workshop-150x150.png 150w, https:\/\/grao.info\/wp-content\/uploads\/2021\/06\/Workshop-100x100.png 100w\" sizes=\"(max-width: 550px) 100vw, 550px\" \/>                                <\/a>\n            <\/div>\n<\/div>[vc_column_text]<\/p>\n<p style=\"text-align: center;\">WORKSHOP TABLE<\/p>\n<p>[\/vc_column_text][\/vc_column_inner][vc_column_inner width=&#8221;1\/5&#8243;]<div class=\"edgtf-single-image-holder  edgtf-has-shadow edgtf-image-behavior-custom-link\">\n    <div class=\"edgtf-si-inner\" >\n        \t            <a itemprop=\"url\" href=\"\/ca\/producte\/silla-cover\/\" target=\"_self\">\n                                    <img loading=\"lazy\" decoding=\"async\" width=\"550\" height=\"550\" src=\"https:\/\/grao.info\/wp-content\/uploads\/2021\/06\/Cover.B.png\" class=\"attachment-full size-full\" alt=\"\" srcset=\"https:\/\/grao.info\/wp-content\/uploads\/2021\/06\/Cover.B.png 550w, https:\/\/grao.info\/wp-content\/uploads\/2021\/06\/Cover.B-300x300.png 300w, https:\/\/grao.info\/wp-content\/uploads\/2021\/06\/Cover.B-150x150.png 150w, https:\/\/grao.info\/wp-content\/uploads\/2021\/06\/Cover.B-100x100.png 100w\" sizes=\"(max-width: 550px) 100vw, 550px\" \/>                                <\/a>\n            <\/div>\n<\/div>[vc_column_text]<\/p>\n<p style=\"text-align: center;\">COVER<\/p>\n<p>[\/vc_column_text][\/vc_column_inner][\/vc_row_inner][\/vc_column][\/vc_row][vc_row][vc_column css=&#8221;.vc_custom_1615565597146{padding-top: 30px !important;}&#8221;][vc_row_inner][vc_column_inner width=&#8221;1\/5&#8243;]<div class=\"edgtf-single-image-holder  edgtf-has-shadow edgtf-image-behavior-custom-link\">\n    <div class=\"edgtf-si-inner\" >\n        \t            <a itemprop=\"url\" href=\"\/ca\/producte\/butaca-silla-taburete-fiber\/\" target=\"_self\">\n                                    <img loading=\"lazy\" decoding=\"async\" width=\"550\" height=\"550\" src=\"https:\/\/grao.info\/wp-content\/uploads\/2021\/06\/Fiber-e1622732222372.png\" class=\"attachment-full size-full\" alt=\"\" srcset=\"https:\/\/grao.info\/wp-content\/uploads\/2021\/06\/Fiber-e1622732222372.png 550w, https:\/\/grao.info\/wp-content\/uploads\/2021\/06\/Fiber-e1622732222372-300x300.png 300w, https:\/\/grao.info\/wp-content\/uploads\/2021\/06\/Fiber-e1622732222372-150x150.png 150w, https:\/\/grao.info\/wp-content\/uploads\/2021\/06\/Fiber-e1622732222372-100x100.png 100w\" sizes=\"(max-width: 550px) 100vw, 550px\" \/>                                <\/a>\n            <\/div>\n<\/div>[vc_column_text]<\/p>\n<p style=\"text-align: center;\">FIBER<\/p>\n<p>[\/vc_column_text][\/vc_column_inner][vc_column_inner width=&#8221;1\/5&#8243;]<div class=\"edgtf-single-image-holder  edgtf-has-shadow edgtf-image-behavior-custom-link\">\n    <div class=\"edgtf-si-inner\" >\n        \t            <a itemprop=\"url\" href=\"\/ca\/producte\/mesa-banco-linear\/\" target=\"_self\">\n                                    <img loading=\"lazy\" decoding=\"async\" width=\"550\" height=\"550\" src=\"https:\/\/grao.info\/wp-content\/uploads\/2021\/06\/Linear.png\" class=\"attachment-full size-full\" alt=\"\" srcset=\"https:\/\/grao.info\/wp-content\/uploads\/2021\/06\/Linear.png 550w, https:\/\/grao.info\/wp-content\/uploads\/2021\/06\/Linear-300x300.png 300w, https:\/\/grao.info\/wp-content\/uploads\/2021\/06\/Linear-150x150.png 150w, https:\/\/grao.info\/wp-content\/uploads\/2021\/06\/Linear-100x100.png 100w\" sizes=\"(max-width: 550px) 100vw, 550px\" \/>                                <\/a>\n            <\/div>\n<\/div>[vc_column_text]<\/p>\n<p style=\"text-align: center;\">LINEAR<\/p>\n<p>[\/vc_column_text][\/vc_column_inner][vc_column_inner width=&#8221;1\/5&#8243;]<div class=\"edgtf-single-image-holder  edgtf-has-shadow edgtf-image-behavior-custom-link\">\n    <div class=\"edgtf-si-inner\" >\n        \t            <a itemprop=\"url\" href=\"\/ca\/producte\/estanteria-compile\/\" target=\"_self\">\n                                    <img loading=\"lazy\" decoding=\"async\" width=\"550\" height=\"550\" src=\"https:\/\/grao.info\/wp-content\/uploads\/2021\/06\/Compile.2.png\" class=\"attachment-full size-full\" alt=\"\" srcset=\"https:\/\/grao.info\/wp-content\/uploads\/2021\/06\/Compile.2.png 550w, https:\/\/grao.info\/wp-content\/uploads\/2021\/06\/Compile.2-300x300.png 300w, https:\/\/grao.info\/wp-content\/uploads\/2021\/06\/Compile.2-150x150.png 150w, https:\/\/grao.info\/wp-content\/uploads\/2021\/06\/Compile.2-100x100.png 100w\" sizes=\"(max-width: 550px) 100vw, 550px\" \/>                                <\/a>\n            <\/div>\n<\/div>[vc_column_text]<\/p>\n<p style=\"text-align: center;\">COMPILE<\/p>\n<p>[\/vc_column_text][\/vc_column_inner][vc_column_inner width=&#8221;1\/5&#8243;]<div class=\"edgtf-single-image-holder  edgtf-has-shadow edgtf-image-behavior-custom-link\">\n    <div class=\"edgtf-si-inner\" >\n        \t            <a itemprop=\"url\" href=\"\/ca\/producte\/lampara-ambit\/\" target=\"_self\">\n                                    <img loading=\"lazy\" decoding=\"async\" width=\"550\" height=\"550\" src=\"https:\/\/grao.info\/wp-content\/uploads\/2021\/06\/Ambit.png\" class=\"attachment-full size-full\" alt=\"\" srcset=\"https:\/\/grao.info\/wp-content\/uploads\/2021\/06\/Ambit.png 550w, https:\/\/grao.info\/wp-content\/uploads\/2021\/06\/Ambit-300x300.png 300w, https:\/\/grao.info\/wp-content\/uploads\/2021\/06\/Ambit-150x150.png 150w, https:\/\/grao.info\/wp-content\/uploads\/2021\/06\/Ambit-100x100.png 100w\" sizes=\"(max-width: 550px) 100vw, 550px\" \/>                                <\/a>\n            <\/div>\n<\/div>[vc_column_text]<\/p>\n<p style=\"text-align: center;\">AMBIT<\/p>\n<p>[\/vc_column_text][\/vc_column_inner][vc_column_inner width=&#8221;1\/5&#8243;]<div class=\"edgtf-single-image-holder  edgtf-has-shadow edgtf-image-behavior-custom-link\">\n    <div class=\"edgtf-si-inner\" >\n        \t            <a itemprop=\"url\" href=\"\/ca\/producte\/sofa-in-situ\/\" target=\"_self\">\n                                    <img loading=\"lazy\" decoding=\"async\" width=\"550\" height=\"550\" src=\"https:\/\/grao.info\/wp-content\/uploads\/2021\/06\/In-Situ.6.png\" class=\"attachment-full size-full\" alt=\"\" srcset=\"https:\/\/grao.info\/wp-content\/uploads\/2021\/06\/In-Situ.6.png 550w, https:\/\/grao.info\/wp-content\/uploads\/2021\/06\/In-Situ.6-300x300.png 300w, https:\/\/grao.info\/wp-content\/uploads\/2021\/06\/In-Situ.6-150x150.png 150w, https:\/\/grao.info\/wp-content\/uploads\/2021\/06\/In-Situ.6-100x100.png 100w\" sizes=\"(max-width: 550px) 100vw, 550px\" \/>                                <\/a>\n            <\/div>\n<\/div>[vc_column_text]<\/p>\n<p style=\"text-align: center;\">IN SITU<\/p>\n<p>[\/vc_column_text][\/vc_column_inner][\/vc_row_inner][vc_empty_space height=&#8221;100px&#8221;][\/vc_column][\/vc_row]<\/p>\n","protected":false},"excerpt":{"rendered":"<p>[vc_row equal_height=&#8221;yes&#8221; content_placement=&#8221;bottom&#8221;][vc_column width=&#8221;2\/3&#8243;][\/vc_column][vc_column width=&#8221;1\/3&#8243;][vc_column_text]Muuto t\u00e9 les seves arrels en la tradici\u00f3 del disseny escandinau, caracteritzada per una est\u00e8tica duradora, funcionalitat, artesania i una expressi\u00f3 honesta. Expandint aquesta her\u00e8ncia amb materials, t\u00e8cniques i un pensament creatiu auda\u00e7 orientat cap al [&hellip;]<\/p>\n","protected":false},"author":1,"featured_media":0,"parent":6347,"menu_order":0,"comment_status":"closed","ping_status":"closed","template":"","meta":{"footnotes":""},"acf":[],"yoast_head":"<!-- This site is optimized with the Yoast SEO Premium plugin v23.0 (Yoast SEO v23.0) - https:\/\/yoast.com\/wordpress\/plugins\/seo\/ -->\n<title>Muuto - Grao<\/title>\n<meta name=\"robots\" content=\"index, follow, max-snippet:-1, max-image-preview:large, max-video-preview:-1\" \/>\n<link rel=\"canonical\" href=\"https:\/\/grao.info\/ca\/marques\/muuto\/\" \/>\n<meta property=\"og:locale\" content=\"ca_ES\" \/>\n<meta property=\"og:type\" content=\"article\" \/>\n<meta property=\"og:title\" content=\"Muuto\" \/>\n<meta property=\"og:description\" content=\"[vc_row equal_height=&#8221;yes&#8221; content_placement=&#8221;bottom&#8221;][vc_column width=&#8221;2\/3&#8243;][\/vc_column][vc_column width=&#8221;1\/3&#8243;][vc_column_text]Muuto t\u00e9 les seves arrels en la tradici\u00f3 del disseny escandinau, caracteritzada per una est\u00e8tica duradora, funcionalitat, artesania i una expressi\u00f3 honesta. Expandint aquesta her\u00e8ncia amb materials, t\u00e8cniques i un pensament creatiu auda\u00e7 orientat cap al [&hellip;]\" \/>\n<meta property=\"og:url\" content=\"https:\/\/grao.info\/ca\/marques\/muuto\/\" \/>\n<meta property=\"og:site_name\" content=\"Grao\" \/>\n<meta property=\"article:modified_time\" content=\"2024-06-12T10:05:10+00:00\" \/>\n<meta name=\"twitter:card\" content=\"summary_large_image\" \/>\n<meta name=\"twitter:label1\" content=\"Temps estimat de lectura\" \/>\n\t<meta name=\"twitter:data1\" content=\"1 minut\" \/>\n<script type=\"application\/ld+json\" class=\"yoast-schema-graph\">{\"@context\":\"https:\/\/schema.org\",\"@graph\":[{\"@type\":\"WebPage\",\"@id\":\"https:\/\/grao.info\/ca\/marques\/muuto\/\",\"url\":\"https:\/\/grao.info\/ca\/marques\/muuto\/\",\"name\":\"Muuto - Grao\",\"isPartOf\":{\"@id\":\"https:\/\/grao.info\/ca\/#website\"},\"datePublished\":\"2021-03-12T17:18:56+00:00\",\"dateModified\":\"2024-06-12T10:05:10+00:00\",\"breadcrumb\":{\"@id\":\"https:\/\/grao.info\/ca\/marques\/muuto\/#breadcrumb\"},\"inLanguage\":\"ca\",\"potentialAction\":[{\"@type\":\"ReadAction\",\"target\":[\"https:\/\/grao.info\/ca\/marques\/muuto\/\"]}]},{\"@type\":\"BreadcrumbList\",\"@id\":\"https:\/\/grao.info\/ca\/marques\/muuto\/#breadcrumb\",\"itemListElement\":[{\"@type\":\"ListItem\",\"position\":1,\"name\":\"Portada\",\"item\":\"https:\/\/grao.info\/ca\/\"},{\"@type\":\"ListItem\",\"position\":2,\"name\":\"Marques\",\"item\":\"https:\/\/grao.info\/ca\/marques\/\"},{\"@type\":\"ListItem\",\"position\":3,\"name\":\"Muuto\"}]},{\"@type\":\"WebSite\",\"@id\":\"https:\/\/grao.info\/ca\/#website\",\"url\":\"https:\/\/grao.info\/ca\/\",\"name\":\"Grao\",\"description\":\"\",\"publisher\":{\"@id\":\"https:\/\/grao.info\/ca\/#organization\"},\"potentialAction\":[{\"@type\":\"SearchAction\",\"target\":{\"@type\":\"EntryPoint\",\"urlTemplate\":\"https:\/\/grao.info\/ca\/?s={search_term_string}\"},\"query-input\":\"required name=search_term_string\"}],\"inLanguage\":\"ca\"},{\"@type\":\"Organization\",\"@id\":\"https:\/\/grao.info\/ca\/#organization\",\"name\":\"Grao\",\"url\":\"https:\/\/grao.info\/ca\/\",\"logo\":{\"@type\":\"ImageObject\",\"inLanguage\":\"ca\",\"@id\":\"https:\/\/grao.info\/ca\/#\/schema\/logo\/image\/\",\"url\":\"https:\/\/grao.info\/wp-content\/uploads\/2022\/04\/logo-mobil-1.png\",\"contentUrl\":\"https:\/\/grao.info\/wp-content\/uploads\/2022\/04\/logo-mobil-1.png\",\"width\":275,\"height\":85,\"caption\":\"Grao\"},\"image\":{\"@id\":\"https:\/\/grao.info\/ca\/#\/schema\/logo\/image\/\"}}]}<\/script>\n<!-- \/ Yoast SEO Premium plugin. -->","yoast_head_json":{"title":"Muuto - Grao","robots":{"index":"index","follow":"follow","max-snippet":"max-snippet:-1","max-image-preview":"max-image-preview:large","max-video-preview":"max-video-preview:-1"},"canonical":"https:\/\/grao.info\/ca\/marques\/muuto\/","og_locale":"ca_ES","og_type":"article","og_title":"Muuto","og_description":"[vc_row equal_height=&#8221;yes&#8221; content_placement=&#8221;bottom&#8221;][vc_column width=&#8221;2\/3&#8243;][\/vc_column][vc_column width=&#8221;1\/3&#8243;][vc_column_text]Muuto t\u00e9 les seves arrels en la tradici\u00f3 del disseny escandinau, caracteritzada per una est\u00e8tica duradora, funcionalitat, artesania i una expressi\u00f3 honesta. Expandint aquesta her\u00e8ncia amb materials, t\u00e8cniques i un pensament creatiu auda\u00e7 orientat cap al [&hellip;]","og_url":"https:\/\/grao.info\/ca\/marques\/muuto\/","og_site_name":"Grao","article_modified_time":"2024-06-12T10:05:10+00:00","twitter_card":"summary_large_image","twitter_misc":{"Temps estimat de lectura":"1 minut"},"schema":{"@context":"https:\/\/schema.org","@graph":[{"@type":"WebPage","@id":"https:\/\/grao.info\/ca\/marques\/muuto\/","url":"https:\/\/grao.info\/ca\/marques\/muuto\/","name":"Muuto - Grao","isPartOf":{"@id":"https:\/\/grao.info\/ca\/#website"},"datePublished":"2021-03-12T17:18:56+00:00","dateModified":"2024-06-12T10:05:10+00:00","breadcrumb":{"@id":"https:\/\/grao.info\/ca\/marques\/muuto\/#breadcrumb"},"inLanguage":"ca","potentialAction":[{"@type":"ReadAction","target":["https:\/\/grao.info\/ca\/marques\/muuto\/"]}]},{"@type":"BreadcrumbList","@id":"https:\/\/grao.info\/ca\/marques\/muuto\/#breadcrumb","itemListElement":[{"@type":"ListItem","position":1,"name":"Portada","item":"https:\/\/grao.info\/ca\/"},{"@type":"ListItem","position":2,"name":"Marques","item":"https:\/\/grao.info\/ca\/marques\/"},{"@type":"ListItem","position":3,"name":"Muuto"}]},{"@type":"WebSite","@id":"https:\/\/grao.info\/ca\/#website","url":"https:\/\/grao.info\/ca\/","name":"Grao","description":"","publisher":{"@id":"https:\/\/grao.info\/ca\/#organization"},"potentialAction":[{"@type":"SearchAction","target":{"@type":"EntryPoint","urlTemplate":"https:\/\/grao.info\/ca\/?s={search_term_string}"},"query-input":"required name=search_term_string"}],"inLanguage":"ca"},{"@type":"Organization","@id":"https:\/\/grao.info\/ca\/#organization","name":"Grao","url":"https:\/\/grao.info\/ca\/","logo":{"@type":"ImageObject","inLanguage":"ca","@id":"https:\/\/grao.info\/ca\/#\/schema\/logo\/image\/","url":"https:\/\/grao.info\/wp-content\/uploads\/2022\/04\/logo-mobil-1.png","contentUrl":"https:\/\/grao.info\/wp-content\/uploads\/2022\/04\/logo-mobil-1.png","width":275,"height":85,"caption":"Grao"},"image":{"@id":"https:\/\/grao.info\/ca\/#\/schema\/logo\/image\/"}}]}},"_links":{"self":[{"href":"https:\/\/grao.info\/ca\/wp-json\/wp\/v2\/pages\/22769"}],"collection":[{"href":"https:\/\/grao.info\/ca\/wp-json\/wp\/v2\/pages"}],"about":[{"href":"https:\/\/grao.info\/ca\/wp-json\/wp\/v2\/types\/page"}],"author":[{"embeddable":true,"href":"https:\/\/grao.info\/ca\/wp-json\/wp\/v2\/users\/1"}],"replies":[{"embeddable":true,"href":"https:\/\/grao.info\/ca\/wp-json\/wp\/v2\/comments?post=22769"}],"version-history":[{"count":3,"href":"https:\/\/grao.info\/ca\/wp-json\/wp\/v2\/pages\/22769\/revisions"}],"predecessor-version":[{"id":25538,"href":"https:\/\/grao.info\/ca\/wp-json\/wp\/v2\/pages\/22769\/revisions\/25538"}],"up":[{"embeddable":true,"href":"https:\/\/grao.info\/ca\/wp-json\/wp\/v2\/pages\/6347"}],"wp:attachment":[{"href":"https:\/\/grao.info\/ca\/wp-json\/wp\/v2\/media?parent=22769"}],"curies":[{"name":"wp","href":"https:\/\/api.w.org\/{rel}","templated":true}]}}