{"id":22801,"date":"2022-03-17T16:41:13","date_gmt":"2022-03-17T16:41:13","guid":{"rendered":"https:\/\/grao.info\/marques\/soft-line\/"},"modified":"2026-02-03T10:39:31","modified_gmt":"2026-02-03T10:39:31","slug":"soft-line","status":"publish","type":"page","link":"https:\/\/grao.info\/ca\/marques\/soft-line\/","title":{"rendered":"Soft Line"},"content":{"rendered":"<p>[vc_row equal_height=&#8221;yes&#8221; content_placement=&#8221;bottom&#8221;][vc_column width=&#8221;2\/3&#8243;]<div class=\"edgtf-image-gallery  edgtf-ig-grid-type edgtf-large-space edgtf-has-shadow edgtf-image-behavior-lightbox \">\n\t<div class=\"edgtf-ig-inner edgtf-outer-space edgtf-ig-grid edgtf-ig-three-columns\">\n\t\t\t\t\t<div class=\"edgtf-ig-image edgtf-item-space\">\n\t\t\t\t<div class=\"edgtf-ig-image-inner\">\n\t\t\t\t\t\t\t\t\t\t\t<a itemprop=\"image\" class=\"edgtf-ig-lightbox\" href=\"https:\/\/grao.info\/wp-content\/uploads\/2022\/03\/Basket.png\" data-rel=\"prettyPhoto[image_gallery_pretty_photo-780]\" title=\"Basket\">\n\t\t\t\t\t\t\t\t\t\t\t<img loading=\"lazy\" decoding=\"async\" src=\"https:\/\/grao.info\/wp-content\/uploads\/2022\/03\/Basket-320x220.png\" alt=\"\" width=\"320\" height=\"220\" \/>\t\t\t\t\t\t\t\t\t\t\t<\/a>\n\t\t\t\t\t\t\t\t\t<\/div>\n\t\t\t<\/div>\n\t\t\t\t\t<div class=\"edgtf-ig-image edgtf-item-space\">\n\t\t\t\t<div class=\"edgtf-ig-image-inner\">\n\t\t\t\t\t\t\t\t\t\t\t<a itemprop=\"image\" class=\"edgtf-ig-lightbox\" href=\"https:\/\/grao.info\/wp-content\/uploads\/2022\/03\/Havana.png\" data-rel=\"prettyPhoto[image_gallery_pretty_photo-780]\" title=\"Havana\">\n\t\t\t\t\t\t\t\t\t\t\t<img loading=\"lazy\" decoding=\"async\" src=\"https:\/\/grao.info\/wp-content\/uploads\/2022\/03\/Havana-320x220.png\" alt=\"\" width=\"320\" height=\"220\" \/>\t\t\t\t\t\t\t\t\t\t\t<\/a>\n\t\t\t\t\t\t\t\t\t<\/div>\n\t\t\t<\/div>\n\t\t\t\t\t<div class=\"edgtf-ig-image edgtf-item-space\">\n\t\t\t\t<div class=\"edgtf-ig-image-inner\">\n\t\t\t\t\t\t\t\t\t\t\t<a itemprop=\"image\" class=\"edgtf-ig-lightbox\" href=\"https:\/\/grao.info\/wp-content\/uploads\/2022\/03\/Wood.png\" data-rel=\"prettyPhoto[image_gallery_pretty_photo-780]\" title=\"Wood\">\n\t\t\t\t\t\t\t\t\t\t\t<img loading=\"lazy\" decoding=\"async\" src=\"https:\/\/grao.info\/wp-content\/uploads\/2022\/03\/Wood-320x220.png\" alt=\"\" width=\"320\" height=\"220\" \/>\t\t\t\t\t\t\t\t\t\t\t<\/a>\n\t\t\t\t\t\t\t\t\t<\/div>\n\t\t\t<\/div>\n\t\t\t\t\t<div class=\"edgtf-ig-image edgtf-item-space\">\n\t\t\t\t<div class=\"edgtf-ig-image-inner\">\n\t\t\t\t\t\t\t\t\t\t\t<a itemprop=\"image\" class=\"edgtf-ig-lightbox\" href=\"https:\/\/grao.info\/wp-content\/uploads\/2022\/03\/Noomi.png\" data-rel=\"prettyPhoto[image_gallery_pretty_photo-780]\" title=\"Noomi\">\n\t\t\t\t\t\t\t\t\t\t\t<img loading=\"lazy\" decoding=\"async\" src=\"https:\/\/grao.info\/wp-content\/uploads\/2022\/03\/Noomi-320x220.png\" alt=\"\" width=\"320\" height=\"220\" \/>\t\t\t\t\t\t\t\t\t\t\t<\/a>\n\t\t\t\t\t\t\t\t\t<\/div>\n\t\t\t<\/div>\n\t\t\t\t\t<div class=\"edgtf-ig-image edgtf-item-space\">\n\t\t\t\t<div class=\"edgtf-ig-image-inner\">\n\t\t\t\t\t\t\t\t\t\t\t<a itemprop=\"image\" class=\"edgtf-ig-lightbox\" href=\"https:\/\/grao.info\/wp-content\/uploads\/2022\/03\/Noa.png\" data-rel=\"prettyPhoto[image_gallery_pretty_photo-780]\" title=\"Noa\">\n\t\t\t\t\t\t\t\t\t\t\t<img loading=\"lazy\" decoding=\"async\" src=\"https:\/\/grao.info\/wp-content\/uploads\/2022\/03\/Noa-320x220.png\" alt=\"\" width=\"320\" height=\"220\" \/>\t\t\t\t\t\t\t\t\t\t\t<\/a>\n\t\t\t\t\t\t\t\t\t<\/div>\n\t\t\t<\/div>\n\t\t\t\t\t<div class=\"edgtf-ig-image edgtf-item-space\">\n\t\t\t\t<div class=\"edgtf-ig-image-inner\">\n\t\t\t\t\t\t\t\t\t\t\t<a itemprop=\"image\" class=\"edgtf-ig-lightbox\" href=\"https:\/\/grao.info\/wp-content\/uploads\/2022\/03\/Sleep_.png\" data-rel=\"prettyPhoto[image_gallery_pretty_photo-780]\" title=\"Sleep_\">\n\t\t\t\t\t\t\t\t\t\t\t<img loading=\"lazy\" decoding=\"async\" src=\"https:\/\/grao.info\/wp-content\/uploads\/2022\/03\/Sleep_-320x220.png\" alt=\"\" width=\"320\" height=\"220\" \/>\t\t\t\t\t\t\t\t\t\t\t<\/a>\n\t\t\t\t\t\t\t\t\t<\/div>\n\t\t\t<\/div>\n\t\t\t<\/div>\n<\/div>[\/vc_column][vc_column width=&#8221;1\/3&#8243;][vc_column_text]<strong>Softline<\/strong> es va fundar en Maribo, Dinamarca, l&#8217;any 1979 i al principi nom\u00e9s produ\u00efa escuma de poliuret\u00e0 per a la ind\u00fastria del moble escandinava.<\/p>\n<p><strong>Softline<\/strong> ha recorregut un llarg cam\u00ed des de llavors. Ens hem convertit en una marca global en crear mobles innovadors, funcionals i d&#8217;alta qualitat, i els nostres dissenys moderns i colorits es poden trobar a tot el m\u00f3n. Per\u00f2 una cosa no ha canviat: tots els nostres mobles entapissats moderns es fabriquen a Dinamarca en la nostra pr\u00f2pia f\u00e0brica.[\/vc_column_text][vc_row_inner][vc_column_inner][vc_column_text]<a href=\"https:\/\/www.softlinefurniture.com\/\">www.softlinefurniture.com<\/a>[\/vc_column_text][\/vc_column_inner][\/vc_row_inner][\/vc_column][\/vc_row][vc_row][vc_column css=&#8221;.vc_custom_1615488032930{padding-top: 60px !important;}&#8221;][vc_row_inner][vc_column_inner]<div class=\"edgtf-separator-holder clearfix  edgtf-separator-center edgtf-separator-vertical\">\n\t<div class=\"edgtf-separator\" style=\"border-color: #333333;border-style: solid;height: 30px;border-left-width: 2px\"><\/div>\n<\/div>\n[vc_custom_heading text=&#8221;PRODUCTES SELECCIONATS&#8221; font_container=&#8221;tag:h3|font_size:32px|text_align:center|color:%233d3935|line_height:1.6&#8243; google_fonts=&#8221;font_family:Roboto%3A100%2C100italic%2C300%2C300italic%2Cregular%2Citalic%2C500%2C500italic%2C700%2C700italic%2C900%2C900italic|font_style:700%20bold%20regular%3A700%3Anormal&#8221;]<div class=\"edgtf-separator-holder clearfix  edgtf-separator-center edgtf-separator-vertical\">\n\t<div class=\"edgtf-separator\" style=\"border-color: #333333;border-style: solid;height: 30px;border-left-width: 2px\"><\/div>\n<\/div>\n[\/vc_column_inner][\/vc_row_inner][\/vc_column][\/vc_row][vc_row][vc_column css=&#8221;.vc_custom_1615565554899{padding-top: 60px !important;}&#8221;][vc_row_inner][vc_column_inner width=&#8221;1\/5&#8243;]<div class=\"edgtf-single-image-holder  edgtf-has-shadow edgtf-image-behavior-custom-link\">\n    <div class=\"edgtf-si-inner\" >\n        \t            <a itemprop=\"url\" href=\"\/ca\/producte\/wood\/\" target=\"_self\">\n                                    <img loading=\"lazy\" decoding=\"async\" width=\"550\" height=\"550\" src=\"https:\/\/grao.info\/wp-content\/uploads\/2022\/03\/Wood.b.png\" class=\"attachment-full size-full\" alt=\"\" srcset=\"https:\/\/grao.info\/wp-content\/uploads\/2022\/03\/Wood.b.png 550w, https:\/\/grao.info\/wp-content\/uploads\/2022\/03\/Wood.b-300x300.png 300w, https:\/\/grao.info\/wp-content\/uploads\/2022\/03\/Wood.b-150x150.png 150w, https:\/\/grao.info\/wp-content\/uploads\/2022\/03\/Wood.b-100x100.png 100w\" sizes=\"(max-width: 550px) 100vw, 550px\" \/>                                <\/a>\n            <\/div>\n<\/div>[vc_column_text]<\/p>\n<p style=\"text-align: center;\">WOOD<\/p>\n<p>[\/vc_column_text][\/vc_column_inner][vc_column_inner width=&#8221;1\/5&#8243;]<div class=\"edgtf-single-image-holder  edgtf-has-shadow edgtf-image-behavior-custom-link\">\n    <div class=\"edgtf-si-inner\" >\n        \t            <a itemprop=\"url\" href=\"\/ca\/producte\/duet\/\" target=\"_self\">\n                                    <img loading=\"lazy\" decoding=\"async\" width=\"550\" height=\"550\" src=\"https:\/\/grao.info\/wp-content\/uploads\/2022\/03\/Duet-daybed.b.png\" class=\"attachment-full size-full\" alt=\"\" srcset=\"https:\/\/grao.info\/wp-content\/uploads\/2022\/03\/Duet-daybed.b.png 550w, https:\/\/grao.info\/wp-content\/uploads\/2022\/03\/Duet-daybed.b-300x300.png 300w, https:\/\/grao.info\/wp-content\/uploads\/2022\/03\/Duet-daybed.b-150x150.png 150w, https:\/\/grao.info\/wp-content\/uploads\/2022\/03\/Duet-daybed.b-100x100.png 100w\" sizes=\"(max-width: 550px) 100vw, 550px\" \/>                                <\/a>\n            <\/div>\n<\/div>[vc_column_text]<\/p>\n<p style=\"text-align: center;\">DUET<\/p>\n<p>[\/vc_column_text][\/vc_column_inner][vc_column_inner width=&#8221;1\/5&#8243;]<div class=\"edgtf-single-image-holder  edgtf-has-shadow edgtf-image-behavior-custom-link\">\n    <div class=\"edgtf-si-inner\" >\n        \t            <a itemprop=\"url\" href=\"\/ca\/producte\/nova\/\" target=\"_self\">\n                                    <img loading=\"lazy\" decoding=\"async\" width=\"550\" height=\"550\" src=\"https:\/\/grao.info\/wp-content\/uploads\/2022\/03\/Nova.b.png\" class=\"attachment-full size-full\" alt=\"\" srcset=\"https:\/\/grao.info\/wp-content\/uploads\/2022\/03\/Nova.b.png 550w, https:\/\/grao.info\/wp-content\/uploads\/2022\/03\/Nova.b-300x300.png 300w, https:\/\/grao.info\/wp-content\/uploads\/2022\/03\/Nova.b-150x150.png 150w, https:\/\/grao.info\/wp-content\/uploads\/2022\/03\/Nova.b-100x100.png 100w\" sizes=\"(max-width: 550px) 100vw, 550px\" \/>                                <\/a>\n            <\/div>\n<\/div>[vc_column_text]<\/p>\n<p style=\"text-align: center;\">NOVA<\/p>\n<p>[\/vc_column_text][\/vc_column_inner][vc_column_inner width=&#8221;1\/5&#8243;]<div class=\"edgtf-single-image-holder  edgtf-has-shadow edgtf-image-behavior-custom-link\">\n    <div class=\"edgtf-si-inner\" >\n        \t            <a itemprop=\"url\" href=\"\/ca\/producte\/sleep\/\" target=\"_self\">\n                                    <img loading=\"lazy\" decoding=\"async\" width=\"550\" height=\"550\" src=\"https:\/\/grao.info\/wp-content\/uploads\/2022\/03\/Sleep.png\" class=\"attachment-full size-full\" alt=\"\" srcset=\"https:\/\/grao.info\/wp-content\/uploads\/2022\/03\/Sleep.png 550w, https:\/\/grao.info\/wp-content\/uploads\/2022\/03\/Sleep-300x300.png 300w, https:\/\/grao.info\/wp-content\/uploads\/2022\/03\/Sleep-150x150.png 150w, https:\/\/grao.info\/wp-content\/uploads\/2022\/03\/Sleep-100x100.png 100w\" sizes=\"(max-width: 550px) 100vw, 550px\" \/>                                <\/a>\n            <\/div>\n<\/div>[vc_column_text]<\/p>\n<p style=\"text-align: center;\">SLEEP<\/p>\n<p>[\/vc_column_text][\/vc_column_inner][vc_column_inner width=&#8221;1\/5&#8243;]<div class=\"edgtf-single-image-holder  edgtf-has-shadow edgtf-image-behavior-custom-link\">\n    <div class=\"edgtf-si-inner\" >\n        \t            <a itemprop=\"url\" href=\"\/ca\/producte\/havana\/\" target=\"_self\">\n                                    <img loading=\"lazy\" decoding=\"async\" width=\"550\" height=\"550\" src=\"https:\/\/grao.info\/wp-content\/uploads\/2022\/03\/Havana-1-e1647534957870.png\" class=\"attachment-full size-full\" alt=\"\" srcset=\"https:\/\/grao.info\/wp-content\/uploads\/2022\/03\/Havana-1-e1647534957870.png 550w, https:\/\/grao.info\/wp-content\/uploads\/2022\/03\/Havana-1-e1647534957870-300x300.png 300w, https:\/\/grao.info\/wp-content\/uploads\/2022\/03\/Havana-1-e1647534957870-150x150.png 150w, https:\/\/grao.info\/wp-content\/uploads\/2022\/03\/Havana-1-e1647534957870-100x100.png 100w\" sizes=\"(max-width: 550px) 100vw, 550px\" \/>                                <\/a>\n            <\/div>\n<\/div>[vc_column_text]<\/p>\n<p style=\"text-align: center;\">HAVANA<\/p>\n<p>[\/vc_column_text][\/vc_column_inner][\/vc_row_inner][\/vc_column][\/vc_row][vc_row][vc_column css=&#8221;.vc_custom_1615565597146{padding-top: 30px !important;}&#8221;][vc_row_inner][vc_column_inner width=&#8221;1\/5&#8243;]<div class=\"edgtf-single-image-holder  edgtf-has-shadow edgtf-image-behavior-custom-link\">\n    <div class=\"edgtf-si-inner\" >\n        \t            <a itemprop=\"url\" href=\"\/ca\/producte\/magnum\/\" target=\"_self\">\n                                    <img loading=\"lazy\" decoding=\"async\" width=\"550\" height=\"550\" src=\"https:\/\/grao.info\/wp-content\/uploads\/2022\/03\/Magnum.png\" class=\"attachment-full size-full\" alt=\"\" srcset=\"https:\/\/grao.info\/wp-content\/uploads\/2022\/03\/Magnum.png 550w, https:\/\/grao.info\/wp-content\/uploads\/2022\/03\/Magnum-300x300.png 300w, https:\/\/grao.info\/wp-content\/uploads\/2022\/03\/Magnum-150x150.png 150w, https:\/\/grao.info\/wp-content\/uploads\/2022\/03\/Magnum-100x100.png 100w\" sizes=\"(max-width: 550px) 100vw, 550px\" \/>                                <\/a>\n            <\/div>\n<\/div>[vc_column_text]<\/p>\n<p style=\"text-align: center;\">MAGNUM<\/p>\n<p>[\/vc_column_text][\/vc_column_inner][vc_column_inner width=&#8221;1\/5&#8243;]<div class=\"edgtf-single-image-holder  edgtf-has-shadow edgtf-image-behavior-custom-link\">\n    <div class=\"edgtf-si-inner\" >\n        \t            <a itemprop=\"url\" href=\"\/ca\/producte\/frame\/\" target=\"_self\">\n                                    <img loading=\"lazy\" decoding=\"async\" width=\"550\" height=\"550\" src=\"https:\/\/grao.info\/wp-content\/uploads\/2022\/03\/Frame-daybed.png\" class=\"attachment-full size-full\" alt=\"\" srcset=\"https:\/\/grao.info\/wp-content\/uploads\/2022\/03\/Frame-daybed.png 550w, https:\/\/grao.info\/wp-content\/uploads\/2022\/03\/Frame-daybed-300x300.png 300w, https:\/\/grao.info\/wp-content\/uploads\/2022\/03\/Frame-daybed-150x150.png 150w, https:\/\/grao.info\/wp-content\/uploads\/2022\/03\/Frame-daybed-100x100.png 100w\" sizes=\"(max-width: 550px) 100vw, 550px\" \/>                                <\/a>\n            <\/div>\n<\/div>[vc_column_text]<\/p>\n<p style=\"text-align: center;\">FRAME<\/p>\n<p>[\/vc_column_text][\/vc_column_inner][vc_column_inner width=&#8221;1\/5&#8243;]<div class=\"edgtf-single-image-holder  edgtf-has-shadow edgtf-image-behavior-custom-link\">\n    <div class=\"edgtf-si-inner\" >\n        \t            <a itemprop=\"url\" href=\"\/ca\/producte\/coco\/\" target=\"_self\">\n                                    <img loading=\"lazy\" decoding=\"async\" width=\"550\" height=\"550\" src=\"https:\/\/grao.info\/wp-content\/uploads\/2022\/03\/Coco.png\" class=\"attachment-full size-full\" alt=\"\" srcset=\"https:\/\/grao.info\/wp-content\/uploads\/2022\/03\/Coco.png 550w, https:\/\/grao.info\/wp-content\/uploads\/2022\/03\/Coco-300x300.png 300w, https:\/\/grao.info\/wp-content\/uploads\/2022\/03\/Coco-150x150.png 150w, https:\/\/grao.info\/wp-content\/uploads\/2022\/03\/Coco-100x100.png 100w\" sizes=\"(max-width: 550px) 100vw, 550px\" \/>                                <\/a>\n            <\/div>\n<\/div>[vc_column_text]<\/p>\n<p style=\"text-align: center;\">COCO<\/p>\n<p>[\/vc_column_text][\/vc_column_inner][vc_column_inner width=&#8221;1\/5&#8243;]<div class=\"edgtf-single-image-holder  edgtf-has-shadow edgtf-image-behavior-custom-link\">\n    <div class=\"edgtf-si-inner\" >\n        \t            <a itemprop=\"url\" href=\"\/ca\/producte\/nevada\/\" target=\"_self\">\n                                    <img loading=\"lazy\" decoding=\"async\" width=\"550\" height=\"550\" src=\"https:\/\/grao.info\/wp-content\/uploads\/2022\/03\/Nevada-1.png\" class=\"attachment-full size-full\" alt=\"\" srcset=\"https:\/\/grao.info\/wp-content\/uploads\/2022\/03\/Nevada-1.png 550w, https:\/\/grao.info\/wp-content\/uploads\/2022\/03\/Nevada-1-300x300.png 300w, https:\/\/grao.info\/wp-content\/uploads\/2022\/03\/Nevada-1-150x150.png 150w, https:\/\/grao.info\/wp-content\/uploads\/2022\/03\/Nevada-1-100x100.png 100w\" sizes=\"(max-width: 550px) 100vw, 550px\" \/>                                <\/a>\n            <\/div>\n<\/div>[vc_column_text]<\/p>\n<p style=\"text-align: center;\">NEVADA<\/p>\n<p>[\/vc_column_text][\/vc_column_inner][vc_column_inner width=&#8221;1\/5&#8243;]<div class=\"edgtf-single-image-holder  edgtf-has-shadow edgtf-image-behavior-custom-link\">\n    <div class=\"edgtf-si-inner\" >\n        \t            <a itemprop=\"url\" href=\"\/ca\/producte\/loft\/\" target=\"_self\">\n                                    <img loading=\"lazy\" decoding=\"async\" width=\"550\" height=\"550\" src=\"https:\/\/grao.info\/wp-content\/uploads\/2022\/03\/Loft.png\" class=\"attachment-full size-full\" alt=\"\" srcset=\"https:\/\/grao.info\/wp-content\/uploads\/2022\/03\/Loft.png 550w, https:\/\/grao.info\/wp-content\/uploads\/2022\/03\/Loft-300x300.png 300w, https:\/\/grao.info\/wp-content\/uploads\/2022\/03\/Loft-150x150.png 150w, https:\/\/grao.info\/wp-content\/uploads\/2022\/03\/Loft-100x100.png 100w\" sizes=\"(max-width: 550px) 100vw, 550px\" \/>                                <\/a>\n            <\/div>\n<\/div>[vc_column_text]<\/p>\n<p style=\"text-align: center;\">LOFT<\/p>\n<p>[\/vc_column_text][\/vc_column_inner][\/vc_row_inner][vc_empty_space height=&#8221;100px&#8221;][\/vc_column][\/vc_row]<\/p>\n","protected":false},"excerpt":{"rendered":"<p>[vc_row equal_height=&#8221;yes&#8221; content_placement=&#8221;bottom&#8221;][vc_column width=&#8221;2\/3&#8243;][\/vc_column][vc_column width=&#8221;1\/3&#8243;][vc_column_text]Softline es va fundar en Maribo, Dinamarca, l&#8217;any 1979 i al principi nom\u00e9s produ\u00efa escuma de poliuret\u00e0 per a la ind\u00fastria del moble escandinava. Softline ha recorregut un llarg cam\u00ed des de llavors. Ens hem convertit [&hellip;]<\/p>\n","protected":false},"author":2,"featured_media":0,"parent":6347,"menu_order":0,"comment_status":"closed","ping_status":"closed","template":"","meta":{"footnotes":""},"acf":[],"yoast_head":"<!-- This site is optimized with the Yoast SEO Premium plugin v23.0 (Yoast SEO v23.0) - https:\/\/yoast.com\/wordpress\/plugins\/seo\/ -->\n<title>Soft Line - Grao<\/title>\n<meta name=\"robots\" content=\"index, follow, max-snippet:-1, max-image-preview:large, max-video-preview:-1\" \/>\n<link rel=\"canonical\" href=\"https:\/\/grao.info\/ca\/marques\/soft-line\/\" \/>\n<meta property=\"og:locale\" content=\"ca_ES\" \/>\n<meta property=\"og:type\" content=\"article\" \/>\n<meta property=\"og:title\" content=\"Soft Line\" \/>\n<meta property=\"og:description\" content=\"[vc_row equal_height=&#8221;yes&#8221; content_placement=&#8221;bottom&#8221;][vc_column width=&#8221;2\/3&#8243;][\/vc_column][vc_column width=&#8221;1\/3&#8243;][vc_column_text]Softline es va fundar en Maribo, Dinamarca, l&#8217;any 1979 i al principi nom\u00e9s produ\u00efa escuma de poliuret\u00e0 per a la ind\u00fastria del moble escandinava. Softline ha recorregut un llarg cam\u00ed des de llavors. Ens hem convertit [&hellip;]\" \/>\n<meta property=\"og:url\" content=\"https:\/\/grao.info\/ca\/marques\/soft-line\/\" \/>\n<meta property=\"og:site_name\" content=\"Grao\" \/>\n<meta property=\"article:modified_time\" content=\"2026-02-03T10:39:31+00:00\" \/>\n<meta name=\"twitter:card\" content=\"summary_large_image\" \/>\n<meta name=\"twitter:label1\" content=\"Temps estimat de lectura\" \/>\n\t<meta name=\"twitter:data1\" content=\"5 minuts\" \/>\n<script type=\"application\/ld+json\" class=\"yoast-schema-graph\">{\"@context\":\"https:\/\/schema.org\",\"@graph\":[{\"@type\":\"WebPage\",\"@id\":\"https:\/\/grao.info\/ca\/marques\/soft-line\/\",\"url\":\"https:\/\/grao.info\/ca\/marques\/soft-line\/\",\"name\":\"Soft Line - Grao\",\"isPartOf\":{\"@id\":\"https:\/\/grao.info\/ca\/#website\"},\"datePublished\":\"2022-03-17T16:41:13+00:00\",\"dateModified\":\"2026-02-03T10:39:31+00:00\",\"breadcrumb\":{\"@id\":\"https:\/\/grao.info\/ca\/marques\/soft-line\/#breadcrumb\"},\"inLanguage\":\"ca\",\"potentialAction\":[{\"@type\":\"ReadAction\",\"target\":[\"https:\/\/grao.info\/ca\/marques\/soft-line\/\"]}]},{\"@type\":\"BreadcrumbList\",\"@id\":\"https:\/\/grao.info\/ca\/marques\/soft-line\/#breadcrumb\",\"itemListElement\":[{\"@type\":\"ListItem\",\"position\":1,\"name\":\"Portada\",\"item\":\"https:\/\/grao.info\/ca\/\"},{\"@type\":\"ListItem\",\"position\":2,\"name\":\"Marques\",\"item\":\"https:\/\/grao.info\/ca\/marques\/\"},{\"@type\":\"ListItem\",\"position\":3,\"name\":\"Soft Line\"}]},{\"@type\":\"WebSite\",\"@id\":\"https:\/\/grao.info\/ca\/#website\",\"url\":\"https:\/\/grao.info\/ca\/\",\"name\":\"Grao\",\"description\":\"\",\"publisher\":{\"@id\":\"https:\/\/grao.info\/ca\/#organization\"},\"potentialAction\":[{\"@type\":\"SearchAction\",\"target\":{\"@type\":\"EntryPoint\",\"urlTemplate\":\"https:\/\/grao.info\/ca\/?s={search_term_string}\"},\"query-input\":\"required name=search_term_string\"}],\"inLanguage\":\"ca\"},{\"@type\":\"Organization\",\"@id\":\"https:\/\/grao.info\/ca\/#organization\",\"name\":\"Grao\",\"url\":\"https:\/\/grao.info\/ca\/\",\"logo\":{\"@type\":\"ImageObject\",\"inLanguage\":\"ca\",\"@id\":\"https:\/\/grao.info\/ca\/#\/schema\/logo\/image\/\",\"url\":\"https:\/\/grao.info\/wp-content\/uploads\/2022\/04\/logo-mobil-1.png\",\"contentUrl\":\"https:\/\/grao.info\/wp-content\/uploads\/2022\/04\/logo-mobil-1.png\",\"width\":275,\"height\":85,\"caption\":\"Grao\"},\"image\":{\"@id\":\"https:\/\/grao.info\/ca\/#\/schema\/logo\/image\/\"}}]}<\/script>\n<!-- \/ Yoast SEO Premium plugin. -->","yoast_head_json":{"title":"Soft Line - Grao","robots":{"index":"index","follow":"follow","max-snippet":"max-snippet:-1","max-image-preview":"max-image-preview:large","max-video-preview":"max-video-preview:-1"},"canonical":"https:\/\/grao.info\/ca\/marques\/soft-line\/","og_locale":"ca_ES","og_type":"article","og_title":"Soft Line","og_description":"[vc_row equal_height=&#8221;yes&#8221; content_placement=&#8221;bottom&#8221;][vc_column width=&#8221;2\/3&#8243;][\/vc_column][vc_column width=&#8221;1\/3&#8243;][vc_column_text]Softline es va fundar en Maribo, Dinamarca, l&#8217;any 1979 i al principi nom\u00e9s produ\u00efa escuma de poliuret\u00e0 per a la ind\u00fastria del moble escandinava. Softline ha recorregut un llarg cam\u00ed des de llavors. Ens hem convertit [&hellip;]","og_url":"https:\/\/grao.info\/ca\/marques\/soft-line\/","og_site_name":"Grao","article_modified_time":"2026-02-03T10:39:31+00:00","twitter_card":"summary_large_image","twitter_misc":{"Temps estimat de lectura":"5 minuts"},"schema":{"@context":"https:\/\/schema.org","@graph":[{"@type":"WebPage","@id":"https:\/\/grao.info\/ca\/marques\/soft-line\/","url":"https:\/\/grao.info\/ca\/marques\/soft-line\/","name":"Soft Line - Grao","isPartOf":{"@id":"https:\/\/grao.info\/ca\/#website"},"datePublished":"2022-03-17T16:41:13+00:00","dateModified":"2026-02-03T10:39:31+00:00","breadcrumb":{"@id":"https:\/\/grao.info\/ca\/marques\/soft-line\/#breadcrumb"},"inLanguage":"ca","potentialAction":[{"@type":"ReadAction","target":["https:\/\/grao.info\/ca\/marques\/soft-line\/"]}]},{"@type":"BreadcrumbList","@id":"https:\/\/grao.info\/ca\/marques\/soft-line\/#breadcrumb","itemListElement":[{"@type":"ListItem","position":1,"name":"Portada","item":"https:\/\/grao.info\/ca\/"},{"@type":"ListItem","position":2,"name":"Marques","item":"https:\/\/grao.info\/ca\/marques\/"},{"@type":"ListItem","position":3,"name":"Soft Line"}]},{"@type":"WebSite","@id":"https:\/\/grao.info\/ca\/#website","url":"https:\/\/grao.info\/ca\/","name":"Grao","description":"","publisher":{"@id":"https:\/\/grao.info\/ca\/#organization"},"potentialAction":[{"@type":"SearchAction","target":{"@type":"EntryPoint","urlTemplate":"https:\/\/grao.info\/ca\/?s={search_term_string}"},"query-input":"required name=search_term_string"}],"inLanguage":"ca"},{"@type":"Organization","@id":"https:\/\/grao.info\/ca\/#organization","name":"Grao","url":"https:\/\/grao.info\/ca\/","logo":{"@type":"ImageObject","inLanguage":"ca","@id":"https:\/\/grao.info\/ca\/#\/schema\/logo\/image\/","url":"https:\/\/grao.info\/wp-content\/uploads\/2022\/04\/logo-mobil-1.png","contentUrl":"https:\/\/grao.info\/wp-content\/uploads\/2022\/04\/logo-mobil-1.png","width":275,"height":85,"caption":"Grao"},"image":{"@id":"https:\/\/grao.info\/ca\/#\/schema\/logo\/image\/"}}]}},"_links":{"self":[{"href":"https:\/\/grao.info\/ca\/wp-json\/wp\/v2\/pages\/22801"}],"collection":[{"href":"https:\/\/grao.info\/ca\/wp-json\/wp\/v2\/pages"}],"about":[{"href":"https:\/\/grao.info\/ca\/wp-json\/wp\/v2\/types\/page"}],"author":[{"embeddable":true,"href":"https:\/\/grao.info\/ca\/wp-json\/wp\/v2\/users\/2"}],"replies":[{"embeddable":true,"href":"https:\/\/grao.info\/ca\/wp-json\/wp\/v2\/comments?post=22801"}],"version-history":[{"count":3,"href":"https:\/\/grao.info\/ca\/wp-json\/wp\/v2\/pages\/22801\/revisions"}],"predecessor-version":[{"id":29081,"href":"https:\/\/grao.info\/ca\/wp-json\/wp\/v2\/pages\/22801\/revisions\/29081"}],"up":[{"embeddable":true,"href":"https:\/\/grao.info\/ca\/wp-json\/wp\/v2\/pages\/6347"}],"wp:attachment":[{"href":"https:\/\/grao.info\/ca\/wp-json\/wp\/v2\/media?parent=22801"}],"curies":[{"name":"wp","href":"https:\/\/api.w.org\/{rel}","templated":true}]}}