{"id":28370,"date":"2025-11-25T14:42:47","date_gmt":"2025-11-25T14:42:47","guid":{"rendered":"https:\/\/grao.info\/?page_id=28370"},"modified":"2025-11-26T15:20:08","modified_gmt":"2025-11-26T15:20:08","slug":"artek","status":"publish","type":"page","link":"https:\/\/grao.info\/ca\/marques\/artek\/","title":{"rendered":"Artek"},"content":{"rendered":"<p>[vc_row equal_height=&#8221;yes&#8221; content_placement=&#8221;bottom&#8221;][vc_column width=&#8221;2\/3&#8243;]<div class=\"edgtf-image-gallery  edgtf-ig-grid-type edgtf-large-space edgtf-has-shadow edgtf-image-behavior-lightbox \">\n\t<div class=\"edgtf-ig-inner edgtf-outer-space edgtf-ig-grid edgtf-ig-three-columns\">\n\t\t\t\t\t<div class=\"edgtf-ig-image edgtf-item-space\">\n\t\t\t\t<div class=\"edgtf-ig-image-inner\">\n\t\t\t\t\t\t\t\t\t\t\t<a itemprop=\"image\" class=\"edgtf-ig-lightbox\" href=\"https:\/\/grao.info\/wp-content\/uploads\/2025\/11\/arper-grao06.jpg\" data-rel=\"prettyPhoto[image_gallery_pretty_photo-235]\" title=\"arper-grao06\">\n\t\t\t\t\t\t\t\t\t\t\t<img loading=\"lazy\" decoding=\"async\" src=\"https:\/\/grao.info\/wp-content\/uploads\/2025\/11\/arper-grao06-320x220.jpg\" alt=\"\" width=\"320\" height=\"220\" \/>\t\t\t\t\t\t\t\t\t\t\t<\/a>\n\t\t\t\t\t\t\t\t\t<\/div>\n\t\t\t<\/div>\n\t\t\t\t\t<div class=\"edgtf-ig-image edgtf-item-space\">\n\t\t\t\t<div class=\"edgtf-ig-image-inner\">\n\t\t\t\t\t\t\t\t\t\t\t<a itemprop=\"image\" class=\"edgtf-ig-lightbox\" href=\"https:\/\/grao.info\/wp-content\/uploads\/2025\/11\/arper-grao05.jpg\" data-rel=\"prettyPhoto[image_gallery_pretty_photo-235]\" title=\"arper-grao05\">\n\t\t\t\t\t\t\t\t\t\t\t<img loading=\"lazy\" decoding=\"async\" src=\"https:\/\/grao.info\/wp-content\/uploads\/2025\/11\/arper-grao05-320x220.jpg\" alt=\"\" width=\"320\" height=\"220\" \/>\t\t\t\t\t\t\t\t\t\t\t<\/a>\n\t\t\t\t\t\t\t\t\t<\/div>\n\t\t\t<\/div>\n\t\t\t\t\t<div class=\"edgtf-ig-image edgtf-item-space\">\n\t\t\t\t<div class=\"edgtf-ig-image-inner\">\n\t\t\t\t\t\t\t\t\t\t\t<a itemprop=\"image\" class=\"edgtf-ig-lightbox\" href=\"https:\/\/grao.info\/wp-content\/uploads\/2025\/11\/arper-grao03.jpg\" data-rel=\"prettyPhoto[image_gallery_pretty_photo-235]\" title=\"arper-grao03\">\n\t\t\t\t\t\t\t\t\t\t\t<img loading=\"lazy\" decoding=\"async\" src=\"https:\/\/grao.info\/wp-content\/uploads\/2025\/11\/arper-grao03-320x220.jpg\" alt=\"\" width=\"320\" height=\"220\" \/>\t\t\t\t\t\t\t\t\t\t\t<\/a>\n\t\t\t\t\t\t\t\t\t<\/div>\n\t\t\t<\/div>\n\t\t\t\t\t<div class=\"edgtf-ig-image edgtf-item-space\">\n\t\t\t\t<div class=\"edgtf-ig-image-inner\">\n\t\t\t\t\t\t\t\t\t\t\t<a itemprop=\"image\" class=\"edgtf-ig-lightbox\" href=\"https:\/\/grao.info\/wp-content\/uploads\/2025\/11\/arper-grao02.jpg\" data-rel=\"prettyPhoto[image_gallery_pretty_photo-235]\" title=\"arper-grao02\">\n\t\t\t\t\t\t\t\t\t\t\t<img loading=\"lazy\" decoding=\"async\" src=\"https:\/\/grao.info\/wp-content\/uploads\/2025\/11\/arper-grao02-320x220.jpg\" alt=\"\" width=\"320\" height=\"220\" \/>\t\t\t\t\t\t\t\t\t\t\t<\/a>\n\t\t\t\t\t\t\t\t\t<\/div>\n\t\t\t<\/div>\n\t\t\t\t\t<div class=\"edgtf-ig-image edgtf-item-space\">\n\t\t\t\t<div class=\"edgtf-ig-image-inner\">\n\t\t\t\t\t\t\t\t\t\t\t<a itemprop=\"image\" class=\"edgtf-ig-lightbox\" href=\"https:\/\/grao.info\/wp-content\/uploads\/2025\/11\/arper-grao01.jpg\" data-rel=\"prettyPhoto[image_gallery_pretty_photo-235]\" title=\"arper-grao01\">\n\t\t\t\t\t\t\t\t\t\t\t<img loading=\"lazy\" decoding=\"async\" src=\"https:\/\/grao.info\/wp-content\/uploads\/2025\/11\/arper-grao01-320x220.jpg\" alt=\"\" width=\"320\" height=\"220\" \/>\t\t\t\t\t\t\t\t\t\t\t<\/a>\n\t\t\t\t\t\t\t\t\t<\/div>\n\t\t\t<\/div>\n\t\t\t\t\t<div class=\"edgtf-ig-image edgtf-item-space\">\n\t\t\t\t<div class=\"edgtf-ig-image-inner\">\n\t\t\t\t\t\t\t\t\t\t\t<a itemprop=\"image\" class=\"edgtf-ig-lightbox\" href=\"https:\/\/grao.info\/wp-content\/uploads\/2025\/11\/arper-grao00.jpg\" data-rel=\"prettyPhoto[image_gallery_pretty_photo-235]\" title=\"arper-grao00\">\n\t\t\t\t\t\t\t\t\t\t\t<img loading=\"lazy\" decoding=\"async\" src=\"https:\/\/grao.info\/wp-content\/uploads\/2025\/11\/arper-grao00-320x220.jpg\" alt=\"\" width=\"320\" height=\"220\" \/>\t\t\t\t\t\t\t\t\t\t\t<\/a>\n\t\t\t\t\t\t\t\t\t<\/div>\n\t\t\t<\/div>\n\t\t\t<\/div>\n<\/div>[\/vc_column][vc_column width=&#8221;1\/3&#8243;][vc_column_text]<\/p>\n<p data-start=\"75\" data-end=\"310\"><strong>Artek<\/strong> \u00e9s una firma fundada el 1935 pels visionaris Alvar i Aino Aalto, juntament amb Maire Gullichsen i Nils-Gustav Hahl. El seu prop\u00f2sit original \u2014unir art, arquitectura i tecnologia\u2014 continua guiant la marca gaireb\u00e9 un segle despr\u00e9s.<\/p>\n<p data-start=\"312\" data-end=\"575\">Amb un llenguatge formal c\u00e0lid i honest, <strong>Artek<\/strong> combina materials naturals, l\u00ednies netes i una artesania excepcional. Les seves peces, des de tamborets i llumin\u00e0ries fins a mobiliari emblem\u00e0tic, encarnen un disseny atemporal pensat per conviure durant generacions.<\/p>\n<p>[\/vc_column_text][vc_row_inner][vc_column_inner][vc_column_text]<a href=\"https:\/\/www.artek.fi\/en\/\">www.artek.fi<\/a>[\/vc_column_text][\/vc_column_inner][\/vc_row_inner][\/vc_column][\/vc_row][vc_row][vc_column css=&#8221;.vc_custom_1615488032930{padding-top: 60px !important;}&#8221;][vc_row_inner][vc_column_inner]<div class=\"edgtf-separator-holder clearfix  edgtf-separator-center edgtf-separator-vertical\">\n\t<div class=\"edgtf-separator\" style=\"border-color: #333333;border-style: solid;height: 30px;border-left-width: 2px\"><\/div>\n<\/div>\n[vc_custom_heading text=&#8221;PRODUCTES SELECCIONATS&#8221; font_container=&#8221;tag:h3|font_size:32px|text_align:center|color:%233d3935|line_height:1.6&#8243; google_fonts=&#8221;font_family:Roboto%3A100%2C100italic%2C300%2C300italic%2Cregular%2Citalic%2C500%2C500italic%2C700%2C700italic%2C900%2C900italic|font_style:700%20bold%20regular%3A700%3Anormal&#8221;]<div class=\"edgtf-separator-holder clearfix  edgtf-separator-center edgtf-separator-vertical\">\n\t<div class=\"edgtf-separator\" style=\"border-color: #333333;border-style: solid;height: 30px;border-left-width: 2px\"><\/div>\n<\/div>\n[\/vc_column_inner][\/vc_row_inner][\/vc_column][\/vc_row][vc_row][vc_column css=&#8221;.vc_custom_1615565554899{padding-top: 60px !important;}&#8221;][vc_row_inner][vc_column_inner width=&#8221;1\/5&#8243;]<div class=\"edgtf-single-image-holder  edgtf-has-shadow edgtf-image-behavior-custom-link\">\n    <div class=\"edgtf-si-inner\" >\n        \t            <a itemprop=\"url\" href=\"\/ca\/producte\/armchair-400-tank-artek\/\" target=\"_self\">\n                                    <img loading=\"lazy\" decoding=\"async\" width=\"500\" height=\"500\" src=\"https:\/\/grao.info\/wp-content\/uploads\/2025\/11\/tank-artek.jpg\" class=\"attachment-full size-full\" alt=\"\" srcset=\"https:\/\/grao.info\/wp-content\/uploads\/2025\/11\/tank-artek.jpg 500w, https:\/\/grao.info\/wp-content\/uploads\/2025\/11\/tank-artek-300x300.jpg 300w, https:\/\/grao.info\/wp-content\/uploads\/2025\/11\/tank-artek-150x150.jpg 150w, https:\/\/grao.info\/wp-content\/uploads\/2025\/11\/tank-artek-100x100.jpg 100w\" sizes=\"(max-width: 500px) 100vw, 500px\" \/>                                <\/a>\n            <\/div>\n<\/div>[vc_column_text]<\/p>\n<p style=\"text-align: center;\">ARMCHAIR 400 &#8220;TANK&#8221;<\/p>\n<p>[\/vc_column_text][\/vc_column_inner][vc_column_inner width=&#8221;1\/5&#8243;]<div class=\"edgtf-single-image-holder  edgtf-has-shadow edgtf-image-behavior-custom-link\">\n    <div class=\"edgtf-si-inner\" >\n        \t            <a itemprop=\"url\" href=\"\/ca\/producte\/screen-100-artek\/\" target=\"_self\">\n                                    <img loading=\"lazy\" decoding=\"async\" width=\"960\" height=\"960\" src=\"https:\/\/grao.info\/wp-content\/uploads\/2025\/11\/screen100-alvarAalto-artek-grao00.jpg\" class=\"attachment-full size-full\" alt=\"\" srcset=\"https:\/\/grao.info\/wp-content\/uploads\/2025\/11\/screen100-alvarAalto-artek-grao00.jpg 960w, https:\/\/grao.info\/wp-content\/uploads\/2025\/11\/screen100-alvarAalto-artek-grao00-300x300.jpg 300w, https:\/\/grao.info\/wp-content\/uploads\/2025\/11\/screen100-alvarAalto-artek-grao00-150x150.jpg 150w, https:\/\/grao.info\/wp-content\/uploads\/2025\/11\/screen100-alvarAalto-artek-grao00-768x768.jpg 768w, https:\/\/grao.info\/wp-content\/uploads\/2025\/11\/screen100-alvarAalto-artek-grao00-550x550.jpg 550w, https:\/\/grao.info\/wp-content\/uploads\/2025\/11\/screen100-alvarAalto-artek-grao00-600x600.jpg 600w, https:\/\/grao.info\/wp-content\/uploads\/2025\/11\/screen100-alvarAalto-artek-grao00-100x100.jpg 100w\" sizes=\"(max-width: 960px) 100vw, 960px\" \/>                                <\/a>\n            <\/div>\n<\/div>[vc_column_text]<\/p>\n<p style=\"text-align: center;\">SCREEN 100<\/p>\n<p>[\/vc_column_text][\/vc_column_inner][vc_column_inner width=&#8221;1\/5&#8243;]<div class=\"edgtf-single-image-holder  edgtf-has-shadow edgtf-image-behavior-custom-link\">\n    <div class=\"edgtf-si-inner\" >\n        \t            <a itemprop=\"url\" href=\"\/ca\/producte\/chair-66\/\" target=\"_self\">\n                                    <img loading=\"lazy\" decoding=\"async\" width=\"500\" height=\"500\" src=\"https:\/\/grao.info\/wp-content\/uploads\/2025\/11\/chair66-alvarAalto-artek-grao00.jpg\" class=\"attachment-full size-full\" alt=\"\" srcset=\"https:\/\/grao.info\/wp-content\/uploads\/2025\/11\/chair66-alvarAalto-artek-grao00.jpg 500w, https:\/\/grao.info\/wp-content\/uploads\/2025\/11\/chair66-alvarAalto-artek-grao00-300x300.jpg 300w, https:\/\/grao.info\/wp-content\/uploads\/2025\/11\/chair66-alvarAalto-artek-grao00-150x150.jpg 150w, https:\/\/grao.info\/wp-content\/uploads\/2025\/11\/chair66-alvarAalto-artek-grao00-100x100.jpg 100w\" sizes=\"(max-width: 500px) 100vw, 500px\" \/>                                <\/a>\n            <\/div>\n<\/div>[vc_column_text]<\/p>\n<p style=\"text-align: center;\">CHAIR 66<\/p>\n<p>[\/vc_column_text][\/vc_column_inner][vc_column_inner width=&#8221;1\/5&#8243;]<div class=\"edgtf-single-image-holder  edgtf-has-shadow edgtf-image-behavior-custom-link\">\n    <div class=\"edgtf-si-inner\" >\n        \t            <a itemprop=\"url\" href=\"\/ca\/producte\/tea-trolley-901\/\" target=\"_self\">\n                                    <img loading=\"lazy\" decoding=\"async\" width=\"500\" height=\"500\" src=\"https:\/\/grao.info\/wp-content\/uploads\/2025\/11\/teaTrolley901-alvarAalto-artek-grao00.jpg\" class=\"attachment-full size-full\" alt=\"\" srcset=\"https:\/\/grao.info\/wp-content\/uploads\/2025\/11\/teaTrolley901-alvarAalto-artek-grao00.jpg 500w, https:\/\/grao.info\/wp-content\/uploads\/2025\/11\/teaTrolley901-alvarAalto-artek-grao00-300x300.jpg 300w, https:\/\/grao.info\/wp-content\/uploads\/2025\/11\/teaTrolley901-alvarAalto-artek-grao00-150x150.jpg 150w, https:\/\/grao.info\/wp-content\/uploads\/2025\/11\/teaTrolley901-alvarAalto-artek-grao00-100x100.jpg 100w\" sizes=\"(max-width: 500px) 100vw, 500px\" \/>                                <\/a>\n            <\/div>\n<\/div>[vc_column_text]<\/p>\n<p style=\"text-align: center;\">TEA TROLLEY 901<\/p>\n<p>[\/vc_column_text][\/vc_column_inner][vc_column_inner width=&#8221;1\/5&#8243;]<div class=\"edgtf-single-image-holder  edgtf-has-shadow edgtf-image-behavior-custom-link\">\n    <div class=\"edgtf-si-inner\" >\n        \t            <a itemprop=\"url\" href=\"\/ca\/producte\/armchair-406-artek\/\" target=\"_self\">\n                                    <img loading=\"lazy\" decoding=\"async\" width=\"725\" height=\"725\" src=\"https:\/\/grao.info\/wp-content\/uploads\/2025\/11\/artek-406-armchair-artek-00.jpg\" class=\"attachment-full size-full\" alt=\"\" srcset=\"https:\/\/grao.info\/wp-content\/uploads\/2025\/11\/artek-406-armchair-artek-00.jpg 725w, https:\/\/grao.info\/wp-content\/uploads\/2025\/11\/artek-406-armchair-artek-00-300x300.jpg 300w, https:\/\/grao.info\/wp-content\/uploads\/2025\/11\/artek-406-armchair-artek-00-150x150.jpg 150w, https:\/\/grao.info\/wp-content\/uploads\/2025\/11\/artek-406-armchair-artek-00-550x550.jpg 550w, https:\/\/grao.info\/wp-content\/uploads\/2025\/11\/artek-406-armchair-artek-00-600x600.jpg 600w, https:\/\/grao.info\/wp-content\/uploads\/2025\/11\/artek-406-armchair-artek-00-100x100.jpg 100w\" sizes=\"(max-width: 725px) 100vw, 725px\" \/>                                <\/a>\n            <\/div>\n<\/div>[vc_column_text]<\/p>\n<p style=\"text-align: center;\">ARMCHAIR 406<\/p>\n<p>[\/vc_column_text][\/vc_column_inner][\/vc_row_inner][\/vc_column][\/vc_row][vc_row][vc_column css=&#8221;.vc_custom_1615565597146{padding-top: 30px !important;}&#8221;][vc_row_inner][vc_column_inner width=&#8221;1\/5&#8243;]<div class=\"edgtf-single-image-holder  edgtf-has-shadow edgtf-image-behavior-custom-link\">\n    <div class=\"edgtf-si-inner\" >\n        \t            <a itemprop=\"url\" href=\"\/ca\/producte\/stool-60-artek\/\" target=\"_self\">\n                                    <img loading=\"lazy\" decoding=\"async\" width=\"500\" height=\"500\" src=\"https:\/\/grao.info\/wp-content\/uploads\/2025\/11\/stool60-alvarAalto-artek-grao00.jpg\" class=\"attachment-full size-full\" alt=\"\" srcset=\"https:\/\/grao.info\/wp-content\/uploads\/2025\/11\/stool60-alvarAalto-artek-grao00.jpg 500w, https:\/\/grao.info\/wp-content\/uploads\/2025\/11\/stool60-alvarAalto-artek-grao00-300x300.jpg 300w, https:\/\/grao.info\/wp-content\/uploads\/2025\/11\/stool60-alvarAalto-artek-grao00-150x150.jpg 150w, https:\/\/grao.info\/wp-content\/uploads\/2025\/11\/stool60-alvarAalto-artek-grao00-100x100.jpg 100w\" sizes=\"(max-width: 500px) 100vw, 500px\" \/>                                <\/a>\n            <\/div>\n<\/div>[vc_column_text]<\/p>\n<p style=\"text-align: center;\">STOOL 60<\/p>\n<p>[\/vc_column_text][\/vc_column_inner][vc_column_inner width=&#8221;1\/5&#8243;]<div class=\"edgtf-single-image-holder  edgtf-has-shadow edgtf-image-behavior-custom-link\">\n    <div class=\"edgtf-si-inner\" >\n        \t            <a itemprop=\"url\" href=\"\/ca\/producte\/chair-611-artek\/\" target=\"_self\">\n                                    <img loading=\"lazy\" decoding=\"async\" width=\"500\" height=\"500\" src=\"https:\/\/grao.info\/wp-content\/uploads\/2025\/11\/chair611-alvarAalto-artek-grao00-copia.jpg\" class=\"attachment-full size-full\" alt=\"\" srcset=\"https:\/\/grao.info\/wp-content\/uploads\/2025\/11\/chair611-alvarAalto-artek-grao00-copia.jpg 500w, https:\/\/grao.info\/wp-content\/uploads\/2025\/11\/chair611-alvarAalto-artek-grao00-copia-300x300.jpg 300w, https:\/\/grao.info\/wp-content\/uploads\/2025\/11\/chair611-alvarAalto-artek-grao00-copia-150x150.jpg 150w, https:\/\/grao.info\/wp-content\/uploads\/2025\/11\/chair611-alvarAalto-artek-grao00-copia-100x100.jpg 100w\" sizes=\"(max-width: 500px) 100vw, 500px\" \/>                                <\/a>\n            <\/div>\n<\/div>[vc_column_text]<\/p>\n<p style=\"text-align: center;\">CHAIR 611<\/p>\n<p>[\/vc_column_text][\/vc_column_inner][vc_column_inner width=&#8221;1\/5&#8243;]<div class=\"edgtf-single-image-holder  edgtf-has-shadow edgtf-image-behavior-custom-link\">\n    <div class=\"edgtf-si-inner\" >\n        \t            <a itemprop=\"url\" href=\"\/ca\/producte\/aaltotables-artek\/\" target=\"_self\">\n                                    <img loading=\"lazy\" decoding=\"async\" width=\"500\" height=\"500\" src=\"https:\/\/grao.info\/wp-content\/uploads\/2025\/11\/aaltoTable-alvarAalto-artek-grao00.jpg\" class=\"attachment-full size-full\" alt=\"\" srcset=\"https:\/\/grao.info\/wp-content\/uploads\/2025\/11\/aaltoTable-alvarAalto-artek-grao00.jpg 500w, https:\/\/grao.info\/wp-content\/uploads\/2025\/11\/aaltoTable-alvarAalto-artek-grao00-300x300.jpg 300w, https:\/\/grao.info\/wp-content\/uploads\/2025\/11\/aaltoTable-alvarAalto-artek-grao00-150x150.jpg 150w, https:\/\/grao.info\/wp-content\/uploads\/2025\/11\/aaltoTable-alvarAalto-artek-grao00-100x100.jpg 100w\" sizes=\"(max-width: 500px) 100vw, 500px\" \/>                                <\/a>\n            <\/div>\n<\/div>[vc_column_text]<\/p>\n<p style=\"text-align: center;\">AALTO TABLES<\/p>\n<p>[\/vc_column_text][\/vc_column_inner][vc_column_inner width=&#8221;1\/5&#8243;]<div class=\"edgtf-single-image-holder  edgtf-has-shadow edgtf-image-behavior-custom-link\">\n    <div class=\"edgtf-si-inner\" >\n        \t            <a itemprop=\"url\" href=\"\/ca\/producte\/armchair41paimio\/\" target=\"_self\">\n                                    <img loading=\"lazy\" decoding=\"async\" width=\"500\" height=\"500\" src=\"https:\/\/grao.info\/wp-content\/uploads\/2025\/11\/armchair41Paimio-alvarAalto-artek-grao-00.jpg\" class=\"attachment-full size-full\" alt=\"\" srcset=\"https:\/\/grao.info\/wp-content\/uploads\/2025\/11\/armchair41Paimio-alvarAalto-artek-grao-00.jpg 500w, https:\/\/grao.info\/wp-content\/uploads\/2025\/11\/armchair41Paimio-alvarAalto-artek-grao-00-300x300.jpg 300w, https:\/\/grao.info\/wp-content\/uploads\/2025\/11\/armchair41Paimio-alvarAalto-artek-grao-00-150x150.jpg 150w, https:\/\/grao.info\/wp-content\/uploads\/2025\/11\/armchair41Paimio-alvarAalto-artek-grao-00-100x100.jpg 100w\" sizes=\"(max-width: 500px) 100vw, 500px\" \/>                                <\/a>\n            <\/div>\n<\/div>[vc_column_text]<\/p>\n<p style=\"text-align: center;\">ARMCHAIR 41 &#8220;PAIMIO&#8221;<\/p>\n<p>[\/vc_column_text][\/vc_column_inner][vc_column_inner width=&#8221;1\/5&#8243;]<div class=\"edgtf-single-image-holder  edgtf-has-shadow edgtf-image-behavior-custom-link\">\n    <div class=\"edgtf-si-inner\" >\n        \t            <a itemprop=\"url\" href=\"\/ca\/producte\/pendant-lights-artek\/\" target=\"_self\">\n                                    <img loading=\"lazy\" decoding=\"async\" width=\"900\" height=\"900\" src=\"https:\/\/grao.info\/wp-content\/uploads\/2025\/11\/pendantLights-alvarAalto-artek-grao00.jpg\" class=\"attachment-full size-full\" alt=\"\" srcset=\"https:\/\/grao.info\/wp-content\/uploads\/2025\/11\/pendantLights-alvarAalto-artek-grao00.jpg 900w, https:\/\/grao.info\/wp-content\/uploads\/2025\/11\/pendantLights-alvarAalto-artek-grao00-300x300.jpg 300w, https:\/\/grao.info\/wp-content\/uploads\/2025\/11\/pendantLights-alvarAalto-artek-grao00-150x150.jpg 150w, https:\/\/grao.info\/wp-content\/uploads\/2025\/11\/pendantLights-alvarAalto-artek-grao00-768x768.jpg 768w, https:\/\/grao.info\/wp-content\/uploads\/2025\/11\/pendantLights-alvarAalto-artek-grao00-550x550.jpg 550w, https:\/\/grao.info\/wp-content\/uploads\/2025\/11\/pendantLights-alvarAalto-artek-grao00-600x600.jpg 600w, https:\/\/grao.info\/wp-content\/uploads\/2025\/11\/pendantLights-alvarAalto-artek-grao00-100x100.jpg 100w\" sizes=\"(max-width: 900px) 100vw, 900px\" \/>                                <\/a>\n            <\/div>\n<\/div>[vc_column_text]<\/p>\n<p style=\"text-align: center;\">PENDANT LIGHTS<\/p>\n<p>[\/vc_column_text][\/vc_column_inner][\/vc_row_inner][vc_empty_space height=&#8221;100px&#8221;][\/vc_column][\/vc_row]<\/p>\n","protected":false},"excerpt":{"rendered":"<p>[vc_row equal_height=&#8221;yes&#8221; content_placement=&#8221;bottom&#8221;][vc_column width=&#8221;2\/3&#8243;][\/vc_column][vc_column width=&#8221;1\/3&#8243;][vc_column_text] Artek \u00e9s una firma fundada el 1935 pels visionaris Alvar i Aino Aalto, juntament amb Maire Gullichsen i Nils-Gustav Hahl. El seu prop\u00f2sit original \u2014unir art, arquitectura i tecnologia\u2014 continua guiant la marca gaireb\u00e9 un [&hellip;]<\/p>\n","protected":false},"author":2,"featured_media":0,"parent":6347,"menu_order":0,"comment_status":"closed","ping_status":"closed","template":"","meta":{"footnotes":""},"acf":[],"yoast_head":"<!-- This site is optimized with the Yoast SEO Premium plugin v23.0 (Yoast SEO v23.0) - https:\/\/yoast.com\/wordpress\/plugins\/seo\/ -->\n<title>Artek - Grao<\/title>\n<meta name=\"robots\" content=\"index, follow, max-snippet:-1, max-image-preview:large, max-video-preview:-1\" \/>\n<link rel=\"canonical\" href=\"https:\/\/grao.info\/ca\/marques\/artek\/\" \/>\n<meta property=\"og:locale\" content=\"ca_ES\" \/>\n<meta property=\"og:type\" content=\"article\" \/>\n<meta property=\"og:title\" content=\"Artek\" \/>\n<meta property=\"og:description\" content=\"[vc_row equal_height=&#8221;yes&#8221; content_placement=&#8221;bottom&#8221;][vc_column width=&#8221;2\/3&#8243;][\/vc_column][vc_column width=&#8221;1\/3&#8243;][vc_column_text] Artek \u00e9s una firma fundada el 1935 pels visionaris Alvar i Aino Aalto, juntament amb Maire Gullichsen i Nils-Gustav Hahl. El seu prop\u00f2sit original \u2014unir art, arquitectura i tecnologia\u2014 continua guiant la marca gaireb\u00e9 un [&hellip;]\" \/>\n<meta property=\"og:url\" content=\"https:\/\/grao.info\/ca\/marques\/artek\/\" \/>\n<meta property=\"og:site_name\" content=\"Grao\" \/>\n<meta property=\"article:modified_time\" content=\"2025-11-26T15:20:08+00:00\" \/>\n<meta name=\"twitter:card\" content=\"summary_large_image\" \/>\n<meta name=\"twitter:label1\" content=\"Temps estimat de lectura\" \/>\n\t<meta name=\"twitter:data1\" content=\"1 minut\" \/>\n<script type=\"application\/ld+json\" class=\"yoast-schema-graph\">{\"@context\":\"https:\/\/schema.org\",\"@graph\":[{\"@type\":\"WebPage\",\"@id\":\"https:\/\/grao.info\/ca\/marques\/artek\/\",\"url\":\"https:\/\/grao.info\/ca\/marques\/artek\/\",\"name\":\"Artek - Grao\",\"isPartOf\":{\"@id\":\"https:\/\/grao.info\/ca\/#website\"},\"datePublished\":\"2025-11-25T14:42:47+00:00\",\"dateModified\":\"2025-11-26T15:20:08+00:00\",\"breadcrumb\":{\"@id\":\"https:\/\/grao.info\/ca\/marques\/artek\/#breadcrumb\"},\"inLanguage\":\"ca\",\"potentialAction\":[{\"@type\":\"ReadAction\",\"target\":[\"https:\/\/grao.info\/ca\/marques\/artek\/\"]}]},{\"@type\":\"BreadcrumbList\",\"@id\":\"https:\/\/grao.info\/ca\/marques\/artek\/#breadcrumb\",\"itemListElement\":[{\"@type\":\"ListItem\",\"position\":1,\"name\":\"Portada\",\"item\":\"https:\/\/grao.info\/ca\/\"},{\"@type\":\"ListItem\",\"position\":2,\"name\":\"Marques\",\"item\":\"https:\/\/grao.info\/ca\/marques\/\"},{\"@type\":\"ListItem\",\"position\":3,\"name\":\"Artek\"}]},{\"@type\":\"WebSite\",\"@id\":\"https:\/\/grao.info\/ca\/#website\",\"url\":\"https:\/\/grao.info\/ca\/\",\"name\":\"Grao\",\"description\":\"\",\"publisher\":{\"@id\":\"https:\/\/grao.info\/ca\/#organization\"},\"potentialAction\":[{\"@type\":\"SearchAction\",\"target\":{\"@type\":\"EntryPoint\",\"urlTemplate\":\"https:\/\/grao.info\/ca\/?s={search_term_string}\"},\"query-input\":\"required name=search_term_string\"}],\"inLanguage\":\"ca\"},{\"@type\":\"Organization\",\"@id\":\"https:\/\/grao.info\/ca\/#organization\",\"name\":\"Grao\",\"url\":\"https:\/\/grao.info\/ca\/\",\"logo\":{\"@type\":\"ImageObject\",\"inLanguage\":\"ca\",\"@id\":\"https:\/\/grao.info\/ca\/#\/schema\/logo\/image\/\",\"url\":\"https:\/\/grao.info\/wp-content\/uploads\/2022\/04\/logo-mobil-1.png\",\"contentUrl\":\"https:\/\/grao.info\/wp-content\/uploads\/2022\/04\/logo-mobil-1.png\",\"width\":275,\"height\":85,\"caption\":\"Grao\"},\"image\":{\"@id\":\"https:\/\/grao.info\/ca\/#\/schema\/logo\/image\/\"}}]}<\/script>\n<!-- \/ Yoast SEO Premium plugin. -->","yoast_head_json":{"title":"Artek - Grao","robots":{"index":"index","follow":"follow","max-snippet":"max-snippet:-1","max-image-preview":"max-image-preview:large","max-video-preview":"max-video-preview:-1"},"canonical":"https:\/\/grao.info\/ca\/marques\/artek\/","og_locale":"ca_ES","og_type":"article","og_title":"Artek","og_description":"[vc_row equal_height=&#8221;yes&#8221; content_placement=&#8221;bottom&#8221;][vc_column width=&#8221;2\/3&#8243;][\/vc_column][vc_column width=&#8221;1\/3&#8243;][vc_column_text] Artek \u00e9s una firma fundada el 1935 pels visionaris Alvar i Aino Aalto, juntament amb Maire Gullichsen i Nils-Gustav Hahl. El seu prop\u00f2sit original \u2014unir art, arquitectura i tecnologia\u2014 continua guiant la marca gaireb\u00e9 un [&hellip;]","og_url":"https:\/\/grao.info\/ca\/marques\/artek\/","og_site_name":"Grao","article_modified_time":"2025-11-26T15:20:08+00:00","twitter_card":"summary_large_image","twitter_misc":{"Temps estimat de lectura":"1 minut"},"schema":{"@context":"https:\/\/schema.org","@graph":[{"@type":"WebPage","@id":"https:\/\/grao.info\/ca\/marques\/artek\/","url":"https:\/\/grao.info\/ca\/marques\/artek\/","name":"Artek - Grao","isPartOf":{"@id":"https:\/\/grao.info\/ca\/#website"},"datePublished":"2025-11-25T14:42:47+00:00","dateModified":"2025-11-26T15:20:08+00:00","breadcrumb":{"@id":"https:\/\/grao.info\/ca\/marques\/artek\/#breadcrumb"},"inLanguage":"ca","potentialAction":[{"@type":"ReadAction","target":["https:\/\/grao.info\/ca\/marques\/artek\/"]}]},{"@type":"BreadcrumbList","@id":"https:\/\/grao.info\/ca\/marques\/artek\/#breadcrumb","itemListElement":[{"@type":"ListItem","position":1,"name":"Portada","item":"https:\/\/grao.info\/ca\/"},{"@type":"ListItem","position":2,"name":"Marques","item":"https:\/\/grao.info\/ca\/marques\/"},{"@type":"ListItem","position":3,"name":"Artek"}]},{"@type":"WebSite","@id":"https:\/\/grao.info\/ca\/#website","url":"https:\/\/grao.info\/ca\/","name":"Grao","description":"","publisher":{"@id":"https:\/\/grao.info\/ca\/#organization"},"potentialAction":[{"@type":"SearchAction","target":{"@type":"EntryPoint","urlTemplate":"https:\/\/grao.info\/ca\/?s={search_term_string}"},"query-input":"required name=search_term_string"}],"inLanguage":"ca"},{"@type":"Organization","@id":"https:\/\/grao.info\/ca\/#organization","name":"Grao","url":"https:\/\/grao.info\/ca\/","logo":{"@type":"ImageObject","inLanguage":"ca","@id":"https:\/\/grao.info\/ca\/#\/schema\/logo\/image\/","url":"https:\/\/grao.info\/wp-content\/uploads\/2022\/04\/logo-mobil-1.png","contentUrl":"https:\/\/grao.info\/wp-content\/uploads\/2022\/04\/logo-mobil-1.png","width":275,"height":85,"caption":"Grao"},"image":{"@id":"https:\/\/grao.info\/ca\/#\/schema\/logo\/image\/"}}]}},"_links":{"self":[{"href":"https:\/\/grao.info\/ca\/wp-json\/wp\/v2\/pages\/28370"}],"collection":[{"href":"https:\/\/grao.info\/ca\/wp-json\/wp\/v2\/pages"}],"about":[{"href":"https:\/\/grao.info\/ca\/wp-json\/wp\/v2\/types\/page"}],"author":[{"embeddable":true,"href":"https:\/\/grao.info\/ca\/wp-json\/wp\/v2\/users\/2"}],"replies":[{"embeddable":true,"href":"https:\/\/grao.info\/ca\/wp-json\/wp\/v2\/comments?post=28370"}],"version-history":[{"count":5,"href":"https:\/\/grao.info\/ca\/wp-json\/wp\/v2\/pages\/28370\/revisions"}],"predecessor-version":[{"id":28456,"href":"https:\/\/grao.info\/ca\/wp-json\/wp\/v2\/pages\/28370\/revisions\/28456"}],"up":[{"embeddable":true,"href":"https:\/\/grao.info\/ca\/wp-json\/wp\/v2\/pages\/6347"}],"wp:attachment":[{"href":"https:\/\/grao.info\/ca\/wp-json\/wp\/v2\/media?parent=28370"}],"curies":[{"name":"wp","href":"https:\/\/api.w.org\/{rel}","templated":true}]}}