{"id":29003,"date":"2026-01-21T10:21:20","date_gmt":"2026-01-21T10:21:20","guid":{"rendered":"https:\/\/grao.info\/?page_id=29003"},"modified":"2026-01-21T10:35:55","modified_gmt":"2026-01-21T10:35:55","slug":"sovet","status":"publish","type":"page","link":"https:\/\/grao.info\/ca\/marques\/sovet\/","title":{"rendered":"Sovet"},"content":{"rendered":"<p>[vc_row equal_height=&#8221;yes&#8221; content_placement=&#8221;bottom&#8221;][vc_column width=&#8221;2\/3&#8243;]<div class=\"edgtf-image-gallery  edgtf-ig-grid-type edgtf-large-space edgtf-has-shadow edgtf-image-behavior-lightbox \">\n\t<div class=\"edgtf-ig-inner edgtf-outer-space edgtf-ig-grid edgtf-ig-three-columns\">\n\t\t\t\t\t<div class=\"edgtf-ig-image edgtf-item-space\">\n\t\t\t\t<div class=\"edgtf-ig-image-inner\">\n\t\t\t\t\t\t\t\t\t\t\t<a itemprop=\"image\" class=\"edgtf-ig-lightbox\" href=\"https:\/\/grao.info\/wp-content\/uploads\/2026\/01\/ambiente_sovet_grao00.png\" data-rel=\"prettyPhoto[image_gallery_pretty_photo-755]\" title=\"ambiente_sovet_grao00\">\n\t\t\t\t\t\t\t\t\t\t\t<img loading=\"lazy\" decoding=\"async\" src=\"https:\/\/grao.info\/wp-content\/uploads\/2026\/01\/ambiente_sovet_grao00-320x220.png\" alt=\"\" width=\"320\" height=\"220\" \/>\t\t\t\t\t\t\t\t\t\t\t<\/a>\n\t\t\t\t\t\t\t\t\t<\/div>\n\t\t\t<\/div>\n\t\t\t\t\t<div class=\"edgtf-ig-image edgtf-item-space\">\n\t\t\t\t<div class=\"edgtf-ig-image-inner\">\n\t\t\t\t\t\t\t\t\t\t\t<a itemprop=\"image\" class=\"edgtf-ig-lightbox\" href=\"https:\/\/grao.info\/wp-content\/uploads\/2026\/01\/ambiente_sovet_grao05.png\" data-rel=\"prettyPhoto[image_gallery_pretty_photo-755]\" title=\"ambiente_sovet_grao05\">\n\t\t\t\t\t\t\t\t\t\t\t<img loading=\"lazy\" decoding=\"async\" src=\"https:\/\/grao.info\/wp-content\/uploads\/2026\/01\/ambiente_sovet_grao05-320x220.png\" alt=\"\" width=\"320\" height=\"220\" \/>\t\t\t\t\t\t\t\t\t\t\t<\/a>\n\t\t\t\t\t\t\t\t\t<\/div>\n\t\t\t<\/div>\n\t\t\t\t\t<div class=\"edgtf-ig-image edgtf-item-space\">\n\t\t\t\t<div class=\"edgtf-ig-image-inner\">\n\t\t\t\t\t\t\t\t\t\t\t<a itemprop=\"image\" class=\"edgtf-ig-lightbox\" href=\"https:\/\/grao.info\/wp-content\/uploads\/2026\/01\/ambiente_sovet_grao04.png\" data-rel=\"prettyPhoto[image_gallery_pretty_photo-755]\" title=\"ambiente_sovet_grao04\">\n\t\t\t\t\t\t\t\t\t\t\t<img loading=\"lazy\" decoding=\"async\" src=\"https:\/\/grao.info\/wp-content\/uploads\/2026\/01\/ambiente_sovet_grao04-320x220.png\" alt=\"\" width=\"320\" height=\"220\" \/>\t\t\t\t\t\t\t\t\t\t\t<\/a>\n\t\t\t\t\t\t\t\t\t<\/div>\n\t\t\t<\/div>\n\t\t\t\t\t<div class=\"edgtf-ig-image edgtf-item-space\">\n\t\t\t\t<div class=\"edgtf-ig-image-inner\">\n\t\t\t\t\t\t\t\t\t\t\t<a itemprop=\"image\" class=\"edgtf-ig-lightbox\" href=\"https:\/\/grao.info\/wp-content\/uploads\/2026\/01\/ambiente_sovet_grao03.png\" data-rel=\"prettyPhoto[image_gallery_pretty_photo-755]\" title=\"ambiente_sovet_grao03\">\n\t\t\t\t\t\t\t\t\t\t\t<img loading=\"lazy\" decoding=\"async\" src=\"https:\/\/grao.info\/wp-content\/uploads\/2026\/01\/ambiente_sovet_grao03-320x220.png\" alt=\"\" width=\"320\" height=\"220\" \/>\t\t\t\t\t\t\t\t\t\t\t<\/a>\n\t\t\t\t\t\t\t\t\t<\/div>\n\t\t\t<\/div>\n\t\t\t\t\t<div class=\"edgtf-ig-image edgtf-item-space\">\n\t\t\t\t<div class=\"edgtf-ig-image-inner\">\n\t\t\t\t\t\t\t\t\t\t\t<a itemprop=\"image\" class=\"edgtf-ig-lightbox\" href=\"https:\/\/grao.info\/wp-content\/uploads\/2026\/01\/ambiente_sovet_grao02.png\" data-rel=\"prettyPhoto[image_gallery_pretty_photo-755]\" title=\"ambiente_sovet_grao02\">\n\t\t\t\t\t\t\t\t\t\t\t<img loading=\"lazy\" decoding=\"async\" src=\"https:\/\/grao.info\/wp-content\/uploads\/2026\/01\/ambiente_sovet_grao02-320x220.png\" alt=\"\" width=\"320\" height=\"220\" \/>\t\t\t\t\t\t\t\t\t\t\t<\/a>\n\t\t\t\t\t\t\t\t\t<\/div>\n\t\t\t<\/div>\n\t\t\t\t\t<div class=\"edgtf-ig-image edgtf-item-space\">\n\t\t\t\t<div class=\"edgtf-ig-image-inner\">\n\t\t\t\t\t\t\t\t\t\t\t<a itemprop=\"image\" class=\"edgtf-ig-lightbox\" href=\"https:\/\/grao.info\/wp-content\/uploads\/2026\/01\/ambiente_sovet_grao01.png\" data-rel=\"prettyPhoto[image_gallery_pretty_photo-755]\" title=\"ambiente_sovet_grao01\">\n\t\t\t\t\t\t\t\t\t\t\t<img loading=\"lazy\" decoding=\"async\" src=\"https:\/\/grao.info\/wp-content\/uploads\/2026\/01\/ambiente_sovet_grao01-320x220.png\" alt=\"\" width=\"320\" height=\"220\" \/>\t\t\t\t\t\t\t\t\t\t\t<\/a>\n\t\t\t\t\t\t\t\t\t<\/div>\n\t\t\t<\/div>\n\t\t\t<\/div>\n<\/div>[\/vc_column][vc_column width=&#8221;1\/3&#8243;][vc_column_text]<strong>Sovet<\/strong> explora el potencial expressiu del vidre aplicat al mobiliari contemporani, combinant-lo amb altres materials per crear peces elegants, lleugeres i visualment impactants. La marca desenvolupa un llenguatge propi on la transpar\u00e8ncia, el color i la forma esdevenen elements clau del disseny.<\/p>\n<p>A trav\u00e9s de la col\u00b7laboraci\u00f3 amb dissenyadors internacionals, <strong>Sovet<\/strong> dona forma a taules, seients i complements pensats per a espais residencials i professionals. Innovaci\u00f3 t\u00e8cnica, atenci\u00f3 al detall i una producci\u00f3 acurada defineixen una col\u00b7lecci\u00f3 sofisticada, actual i pensada per perdurar.[\/vc_column_text][vc_row_inner][vc_column_inner][vc_column_text]<a href=\"https:\/\/www.sovet.com\/en\/\">www.sovet.com<\/a>[\/vc_column_text][\/vc_column_inner][\/vc_row_inner][\/vc_column][\/vc_row][vc_row][vc_column css=&#8221;.vc_custom_1615488032930{padding-top: 60px !important;}&#8221;][vc_row_inner][vc_column_inner]<div class=\"edgtf-separator-holder clearfix  edgtf-separator-center edgtf-separator-vertical\">\n\t<div class=\"edgtf-separator\" style=\"border-color: #333333;border-style: solid;height: 30px;border-left-width: 2px\"><\/div>\n<\/div>\n[vc_custom_heading text=&#8221;PRODUCTES SELECCIONATS&#8221; font_container=&#8221;tag:h3|font_size:32px|text_align:center|color:%233d3935|line_height:1.6&#8243; google_fonts=&#8221;font_family:Roboto%3A100%2C100italic%2C300%2C300italic%2Cregular%2Citalic%2C500%2C500italic%2C700%2C700italic%2C900%2C900italic|font_style:700%20bold%20regular%3A700%3Anormal&#8221;]<div class=\"edgtf-separator-holder clearfix  edgtf-separator-center edgtf-separator-vertical\">\n\t<div class=\"edgtf-separator\" style=\"border-color: #333333;border-style: solid;height: 30px;border-left-width: 2px\"><\/div>\n<\/div>\n[\/vc_column_inner][\/vc_row_inner][\/vc_column][\/vc_row][vc_row][vc_column css=&#8221;.vc_custom_1615565554899{padding-top: 60px !important;}&#8221;][vc_row_inner][vc_column_inner width=&#8221;1\/5&#8243;]<div class=\"edgtf-single-image-holder  edgtf-has-shadow edgtf-image-behavior-custom-link\">\n    <div class=\"edgtf-si-inner\" >\n        \t            <a itemprop=\"url\" href=\"\/ca\/producte\/sovet_nest\/\" target=\"_self\">\n                                    <img loading=\"lazy\" decoding=\"async\" width=\"631\" height=\"632\" src=\"https:\/\/grao.info\/wp-content\/uploads\/2026\/01\/nest_LievoreAltherrMolina_solvet_grao00.jpg\" class=\"attachment-full size-full\" alt=\"\" srcset=\"https:\/\/grao.info\/wp-content\/uploads\/2026\/01\/nest_LievoreAltherrMolina_solvet_grao00.jpg 631w, https:\/\/grao.info\/wp-content\/uploads\/2026\/01\/nest_LievoreAltherrMolina_solvet_grao00-300x300.jpg 300w, https:\/\/grao.info\/wp-content\/uploads\/2026\/01\/nest_LievoreAltherrMolina_solvet_grao00-150x150.jpg 150w, https:\/\/grao.info\/wp-content\/uploads\/2026\/01\/nest_LievoreAltherrMolina_solvet_grao00-550x550.jpg 550w, https:\/\/grao.info\/wp-content\/uploads\/2026\/01\/nest_LievoreAltherrMolina_solvet_grao00-600x601.jpg 600w, https:\/\/grao.info\/wp-content\/uploads\/2026\/01\/nest_LievoreAltherrMolina_solvet_grao00-100x100.jpg 100w\" sizes=\"(max-width: 631px) 100vw, 631px\" \/>                                <\/a>\n            <\/div>\n<\/div>[vc_column_text]<\/p>\n<p style=\"text-align: center;\">COL\u00b7LECCI\u00d3<br \/>\nNEST<\/p>\n<p>[\/vc_column_text][\/vc_column_inner][vc_column_inner width=&#8221;1\/5&#8243;]<div class=\"edgtf-single-image-holder  edgtf-has-shadow edgtf-image-behavior-custom-link\">\n    <div class=\"edgtf-si-inner\" >\n        \t            <a itemprop=\"url\" href=\"\/ca\/producte\/sovet_bone\/\" target=\"_self\">\n                                    <img loading=\"lazy\" decoding=\"async\" width=\"500\" height=\"500\" src=\"https:\/\/grao.info\/wp-content\/uploads\/2026\/01\/bone_GianluigiLandoni_sovet_grao00.png\" class=\"attachment-full size-full\" alt=\"\" srcset=\"https:\/\/grao.info\/wp-content\/uploads\/2026\/01\/bone_GianluigiLandoni_sovet_grao00.png 500w, https:\/\/grao.info\/wp-content\/uploads\/2026\/01\/bone_GianluigiLandoni_sovet_grao00-300x300.png 300w, https:\/\/grao.info\/wp-content\/uploads\/2026\/01\/bone_GianluigiLandoni_sovet_grao00-150x150.png 150w, https:\/\/grao.info\/wp-content\/uploads\/2026\/01\/bone_GianluigiLandoni_sovet_grao00-100x100.png 100w\" sizes=\"(max-width: 500px) 100vw, 500px\" \/>                                <\/a>\n            <\/div>\n<\/div>[vc_column_text]<\/p>\n<p style=\"text-align: center;\">COL\u00b7LECCI\u00d3<br \/>\nBONE<\/p>\n<p>[\/vc_column_text][\/vc_column_inner][vc_column_inner width=&#8221;1\/5&#8243;]<div class=\"edgtf-single-image-holder  edgtf-has-shadow edgtf-image-behavior-custom-link\">\n    <div class=\"edgtf-si-inner\" >\n        \t            <a itemprop=\"url\" href=\"\/ca\/producte\/sovet_campos\/\" target=\"_self\">\n                                    <img loading=\"lazy\" decoding=\"async\" width=\"500\" height=\"500\" src=\"https:\/\/grao.info\/wp-content\/uploads\/2026\/01\/campos_AltherrDesilePark_sovet_grao00.png\" class=\"attachment-full size-full\" alt=\"\" srcset=\"https:\/\/grao.info\/wp-content\/uploads\/2026\/01\/campos_AltherrDesilePark_sovet_grao00.png 500w, https:\/\/grao.info\/wp-content\/uploads\/2026\/01\/campos_AltherrDesilePark_sovet_grao00-300x300.png 300w, https:\/\/grao.info\/wp-content\/uploads\/2026\/01\/campos_AltherrDesilePark_sovet_grao00-150x150.png 150w, https:\/\/grao.info\/wp-content\/uploads\/2026\/01\/campos_AltherrDesilePark_sovet_grao00-100x100.png 100w\" sizes=\"(max-width: 500px) 100vw, 500px\" \/>                                <\/a>\n            <\/div>\n<\/div>[vc_column_text]<\/p>\n<p style=\"text-align: center;\">CAMPOS<\/p>\n<p>[\/vc_column_text][\/vc_column_inner][vc_column_inner width=&#8221;1\/5&#8243;]<div class=\"edgtf-single-image-holder  edgtf-has-shadow edgtf-image-behavior-custom-link\">\n    <div class=\"edgtf-si-inner\" >\n        \t            <a itemprop=\"url\" href=\"\/ca\/producte\/sovet_bridge\/\" target=\"_self\">\n                                    <img loading=\"lazy\" decoding=\"async\" width=\"500\" height=\"500\" src=\"https:\/\/grao.info\/wp-content\/uploads\/2026\/01\/bridge_StudioSovet_sovet_grao00.png\" class=\"attachment-full size-full\" alt=\"\" srcset=\"https:\/\/grao.info\/wp-content\/uploads\/2026\/01\/bridge_StudioSovet_sovet_grao00.png 500w, https:\/\/grao.info\/wp-content\/uploads\/2026\/01\/bridge_StudioSovet_sovet_grao00-300x300.png 300w, https:\/\/grao.info\/wp-content\/uploads\/2026\/01\/bridge_StudioSovet_sovet_grao00-150x150.png 150w, https:\/\/grao.info\/wp-content\/uploads\/2026\/01\/bridge_StudioSovet_sovet_grao00-100x100.png 100w\" sizes=\"(max-width: 500px) 100vw, 500px\" \/>                                <\/a>\n            <\/div>\n<\/div>[vc_column_text]<\/p>\n<p style=\"text-align: center;\">COL\u00b7LECCI\u00d3<br \/>\nBRIDGE<\/p>\n<p>[\/vc_column_text][\/vc_column_inner][vc_column_inner width=&#8221;1\/5&#8243;]<div class=\"edgtf-single-image-holder  edgtf-has-shadow edgtf-image-behavior-custom-link\">\n    <div class=\"edgtf-si-inner\" >\n        \t            <a itemprop=\"url\" href=\"\/ca\/producte\/sovet_denver\/\" target=\"_self\">\n                                    <img loading=\"lazy\" decoding=\"async\" width=\"500\" height=\"500\" src=\"https:\/\/grao.info\/wp-content\/uploads\/2026\/01\/denver_StudioSovet_sobet_grao00.png\" class=\"attachment-full size-full\" alt=\"\" srcset=\"https:\/\/grao.info\/wp-content\/uploads\/2026\/01\/denver_StudioSovet_sobet_grao00.png 500w, https:\/\/grao.info\/wp-content\/uploads\/2026\/01\/denver_StudioSovet_sobet_grao00-300x300.png 300w, https:\/\/grao.info\/wp-content\/uploads\/2026\/01\/denver_StudioSovet_sobet_grao00-150x150.png 150w, https:\/\/grao.info\/wp-content\/uploads\/2026\/01\/denver_StudioSovet_sobet_grao00-100x100.png 100w\" sizes=\"(max-width: 500px) 100vw, 500px\" \/>                                <\/a>\n            <\/div>\n<\/div>[vc_column_text]<\/p>\n<p style=\"text-align: center;\">DENVER<\/p>\n<p>[\/vc_column_text][\/vc_column_inner][\/vc_row_inner][\/vc_column][\/vc_row][vc_row][vc_column css=&#8221;.vc_custom_1615565597146{padding-top: 30px !important;}&#8221;][vc_row_inner][vc_column_inner width=&#8221;1\/5&#8243;]<div class=\"edgtf-single-image-holder  edgtf-has-shadow edgtf-image-behavior-custom-link\">\n    <div class=\"edgtf-si-inner\" >\n        \t            <a itemprop=\"url\" href=\"\/ca\/producte\/sovet_slim\/\" target=\"_self\">\n                                    <img loading=\"lazy\" decoding=\"async\" width=\"1000\" height=\"1000\" src=\"https:\/\/grao.info\/wp-content\/uploads\/2026\/01\/slim_MatthiasDemacker_sovet_grao00.jpg\" class=\"attachment-full size-full\" alt=\"\" srcset=\"https:\/\/grao.info\/wp-content\/uploads\/2026\/01\/slim_MatthiasDemacker_sovet_grao00.jpg 1000w, https:\/\/grao.info\/wp-content\/uploads\/2026\/01\/slim_MatthiasDemacker_sovet_grao00-300x300.jpg 300w, https:\/\/grao.info\/wp-content\/uploads\/2026\/01\/slim_MatthiasDemacker_sovet_grao00-150x150.jpg 150w, https:\/\/grao.info\/wp-content\/uploads\/2026\/01\/slim_MatthiasDemacker_sovet_grao00-768x768.jpg 768w, https:\/\/grao.info\/wp-content\/uploads\/2026\/01\/slim_MatthiasDemacker_sovet_grao00-550x550.jpg 550w, https:\/\/grao.info\/wp-content\/uploads\/2026\/01\/slim_MatthiasDemacker_sovet_grao00-600x600.jpg 600w, https:\/\/grao.info\/wp-content\/uploads\/2026\/01\/slim_MatthiasDemacker_sovet_grao00-100x100.jpg 100w\" sizes=\"(max-width: 1000px) 100vw, 1000px\" \/>                                <\/a>\n            <\/div>\n<\/div>[vc_column_text]<\/p>\n<p style=\"text-align: center;\">COL\u00b7LECCI\u00d3<br \/>\nSLIM<\/p>\n<p>[\/vc_column_text][\/vc_column_inner][vc_column_inner width=&#8221;1\/5&#8243;]<div class=\"edgtf-single-image-holder  edgtf-has-shadow edgtf-image-behavior-custom-link\">\n    <div class=\"edgtf-si-inner\" >\n        \t            <a itemprop=\"url\" href=\"\/ca\/producte\/sovet_nido\/\" target=\"_self\">\n                                    <img loading=\"lazy\" decoding=\"async\" width=\"499\" height=\"499\" src=\"https:\/\/grao.info\/wp-content\/uploads\/2026\/01\/nido_LievoreAltherrMolina_sovet_grao00.png\" class=\"attachment-full size-full\" alt=\"\" srcset=\"https:\/\/grao.info\/wp-content\/uploads\/2026\/01\/nido_LievoreAltherrMolina_sovet_grao00.png 499w, https:\/\/grao.info\/wp-content\/uploads\/2026\/01\/nido_LievoreAltherrMolina_sovet_grao00-300x300.png 300w, https:\/\/grao.info\/wp-content\/uploads\/2026\/01\/nido_LievoreAltherrMolina_sovet_grao00-150x150.png 150w, https:\/\/grao.info\/wp-content\/uploads\/2026\/01\/nido_LievoreAltherrMolina_sovet_grao00-100x100.png 100w\" sizes=\"(max-width: 499px) 100vw, 499px\" \/>                                <\/a>\n            <\/div>\n<\/div>[vc_column_text]<\/p>\n<p style=\"text-align: center;\">COL\u00b7LECCI\u00d3<br \/>\nNIDO<\/p>\n<p>[\/vc_column_text][\/vc_column_inner][vc_column_inner width=&#8221;1\/5&#8243;]<div class=\"edgtf-single-image-holder  edgtf-has-shadow edgtf-image-behavior-custom-link\">\n    <div class=\"edgtf-si-inner\" >\n        \t            <a itemprop=\"url\" href=\"\/ca\/producte\/sovet_quadro\/\" target=\"_self\">\n                                    <img loading=\"lazy\" decoding=\"async\" width=\"499\" height=\"499\" src=\"https:\/\/grao.info\/wp-content\/uploads\/2026\/01\/quadro_LievoreAltherrMolina_sovet_grao00.png\" class=\"attachment-full size-full\" alt=\"\" srcset=\"https:\/\/grao.info\/wp-content\/uploads\/2026\/01\/quadro_LievoreAltherrMolina_sovet_grao00.png 499w, https:\/\/grao.info\/wp-content\/uploads\/2026\/01\/quadro_LievoreAltherrMolina_sovet_grao00-300x300.png 300w, https:\/\/grao.info\/wp-content\/uploads\/2026\/01\/quadro_LievoreAltherrMolina_sovet_grao00-150x150.png 150w, https:\/\/grao.info\/wp-content\/uploads\/2026\/01\/quadro_LievoreAltherrMolina_sovet_grao00-100x100.png 100w\" sizes=\"(max-width: 499px) 100vw, 499px\" \/>                                <\/a>\n            <\/div>\n<\/div>[vc_column_text]<\/p>\n<p style=\"text-align: center;\">COL\u00b7LECCI\u00d3<br \/>\nQUADRO<\/p>\n<p>[\/vc_column_text][\/vc_column_inner][vc_column_inner width=&#8221;1\/5&#8243;]<div class=\"edgtf-single-image-holder  edgtf-has-shadow edgtf-image-behavior-custom-link\">\n    <div class=\"edgtf-si-inner\" >\n        \t            <a itemprop=\"url\" href=\"\/ca\/producte\/sovet_regolo\/\" target=\"_self\">\n                                    <img loading=\"lazy\" decoding=\"async\" width=\"500\" height=\"500\" src=\"https:\/\/grao.info\/wp-content\/uploads\/2026\/01\/regolo_LievoreAltherrMolina_sovet_grao00.png\" class=\"attachment-full size-full\" alt=\"\" srcset=\"https:\/\/grao.info\/wp-content\/uploads\/2026\/01\/regolo_LievoreAltherrMolina_sovet_grao00.png 500w, https:\/\/grao.info\/wp-content\/uploads\/2026\/01\/regolo_LievoreAltherrMolina_sovet_grao00-300x300.png 300w, https:\/\/grao.info\/wp-content\/uploads\/2026\/01\/regolo_LievoreAltherrMolina_sovet_grao00-150x150.png 150w, https:\/\/grao.info\/wp-content\/uploads\/2026\/01\/regolo_LievoreAltherrMolina_sovet_grao00-100x100.png 100w\" sizes=\"(max-width: 500px) 100vw, 500px\" \/>                                <\/a>\n            <\/div>\n<\/div>[vc_column_text]<\/p>\n<p style=\"text-align: center;\">COL\u00b7LECCI\u00d3<br \/>\nREGOLO<\/p>\n<p>[\/vc_column_text][\/vc_column_inner][vc_column_inner width=&#8221;1\/5&#8243;]<div class=\"edgtf-single-image-holder  edgtf-has-shadow edgtf-image-behavior-custom-link\">\n    <div class=\"edgtf-si-inner\" >\n        \t            <a itemprop=\"url\" href=\"\/ca\/producte\/sovet_kodo\/\" target=\"_self\">\n                                    <img loading=\"lazy\" decoding=\"async\" width=\"500\" height=\"500\" src=\"https:\/\/grao.info\/wp-content\/uploads\/2026\/01\/kodo_StudioSovet_sovet_grao00.png\" class=\"attachment-full size-full\" alt=\"\" srcset=\"https:\/\/grao.info\/wp-content\/uploads\/2026\/01\/kodo_StudioSovet_sovet_grao00.png 500w, https:\/\/grao.info\/wp-content\/uploads\/2026\/01\/kodo_StudioSovet_sovet_grao00-300x300.png 300w, https:\/\/grao.info\/wp-content\/uploads\/2026\/01\/kodo_StudioSovet_sovet_grao00-150x150.png 150w, https:\/\/grao.info\/wp-content\/uploads\/2026\/01\/kodo_StudioSovet_sovet_grao00-100x100.png 100w\" sizes=\"(max-width: 500px) 100vw, 500px\" \/>                                <\/a>\n            <\/div>\n<\/div>[vc_column_text]<\/p>\n<p style=\"text-align: center;\">KODO<\/p>\n<p>[\/vc_column_text][\/vc_column_inner][\/vc_row_inner][vc_empty_space height=&#8221;100px&#8221;][\/vc_column][\/vc_row]<\/p>\n","protected":false},"excerpt":{"rendered":"<p>[vc_row equal_height=&#8221;yes&#8221; content_placement=&#8221;bottom&#8221;][vc_column width=&#8221;2\/3&#8243;][\/vc_column][vc_column width=&#8221;1\/3&#8243;][vc_column_text]Sovet explora el potencial expressiu del vidre aplicat al mobiliari contemporani, combinant-lo amb altres materials per crear peces elegants, lleugeres i visualment impactants. La marca desenvolupa un llenguatge propi on la transpar\u00e8ncia, el color i la [&hellip;]<\/p>\n","protected":false},"author":2,"featured_media":0,"parent":6347,"menu_order":0,"comment_status":"closed","ping_status":"closed","template":"","meta":{"footnotes":""},"acf":[],"yoast_head":"<!-- This site is optimized with the Yoast SEO Premium plugin v23.0 (Yoast SEO v23.0) - https:\/\/yoast.com\/wordpress\/plugins\/seo\/ -->\n<title>Sovet - Grao<\/title>\n<meta name=\"robots\" content=\"index, follow, max-snippet:-1, max-image-preview:large, max-video-preview:-1\" \/>\n<link rel=\"canonical\" href=\"https:\/\/grao.info\/ca\/marques\/sovet\/\" \/>\n<meta property=\"og:locale\" content=\"ca_ES\" \/>\n<meta property=\"og:type\" content=\"article\" \/>\n<meta property=\"og:title\" content=\"Sovet\" \/>\n<meta property=\"og:description\" content=\"[vc_row equal_height=&#8221;yes&#8221; content_placement=&#8221;bottom&#8221;][vc_column width=&#8221;2\/3&#8243;][\/vc_column][vc_column width=&#8221;1\/3&#8243;][vc_column_text]Sovet explora el potencial expressiu del vidre aplicat al mobiliari contemporani, combinant-lo amb altres materials per crear peces elegants, lleugeres i visualment impactants. La marca desenvolupa un llenguatge propi on la transpar\u00e8ncia, el color i la [&hellip;]\" \/>\n<meta property=\"og:url\" content=\"https:\/\/grao.info\/ca\/marques\/sovet\/\" \/>\n<meta property=\"og:site_name\" content=\"Grao\" \/>\n<meta property=\"article:modified_time\" content=\"2026-01-21T10:35:55+00:00\" \/>\n<meta name=\"twitter:card\" content=\"summary_large_image\" \/>\n<meta name=\"twitter:label1\" content=\"Temps estimat de lectura\" \/>\n\t<meta name=\"twitter:data1\" content=\"5 minuts\" \/>\n<script type=\"application\/ld+json\" class=\"yoast-schema-graph\">{\"@context\":\"https:\/\/schema.org\",\"@graph\":[{\"@type\":\"WebPage\",\"@id\":\"https:\/\/grao.info\/ca\/marques\/sovet\/\",\"url\":\"https:\/\/grao.info\/ca\/marques\/sovet\/\",\"name\":\"Sovet - Grao\",\"isPartOf\":{\"@id\":\"https:\/\/grao.info\/ca\/#website\"},\"datePublished\":\"2026-01-21T10:21:20+00:00\",\"dateModified\":\"2026-01-21T10:35:55+00:00\",\"breadcrumb\":{\"@id\":\"https:\/\/grao.info\/ca\/marques\/sovet\/#breadcrumb\"},\"inLanguage\":\"ca\",\"potentialAction\":[{\"@type\":\"ReadAction\",\"target\":[\"https:\/\/grao.info\/ca\/marques\/sovet\/\"]}]},{\"@type\":\"BreadcrumbList\",\"@id\":\"https:\/\/grao.info\/ca\/marques\/sovet\/#breadcrumb\",\"itemListElement\":[{\"@type\":\"ListItem\",\"position\":1,\"name\":\"Portada\",\"item\":\"https:\/\/grao.info\/ca\/\"},{\"@type\":\"ListItem\",\"position\":2,\"name\":\"Marques\",\"item\":\"https:\/\/grao.info\/ca\/marques\/\"},{\"@type\":\"ListItem\",\"position\":3,\"name\":\"Sovet\"}]},{\"@type\":\"WebSite\",\"@id\":\"https:\/\/grao.info\/ca\/#website\",\"url\":\"https:\/\/grao.info\/ca\/\",\"name\":\"Grao\",\"description\":\"\",\"publisher\":{\"@id\":\"https:\/\/grao.info\/ca\/#organization\"},\"potentialAction\":[{\"@type\":\"SearchAction\",\"target\":{\"@type\":\"EntryPoint\",\"urlTemplate\":\"https:\/\/grao.info\/ca\/?s={search_term_string}\"},\"query-input\":\"required name=search_term_string\"}],\"inLanguage\":\"ca\"},{\"@type\":\"Organization\",\"@id\":\"https:\/\/grao.info\/ca\/#organization\",\"name\":\"Grao\",\"url\":\"https:\/\/grao.info\/ca\/\",\"logo\":{\"@type\":\"ImageObject\",\"inLanguage\":\"ca\",\"@id\":\"https:\/\/grao.info\/ca\/#\/schema\/logo\/image\/\",\"url\":\"https:\/\/grao.info\/wp-content\/uploads\/2022\/04\/logo-mobil-1.png\",\"contentUrl\":\"https:\/\/grao.info\/wp-content\/uploads\/2022\/04\/logo-mobil-1.png\",\"width\":275,\"height\":85,\"caption\":\"Grao\"},\"image\":{\"@id\":\"https:\/\/grao.info\/ca\/#\/schema\/logo\/image\/\"}}]}<\/script>\n<!-- \/ Yoast SEO Premium plugin. -->","yoast_head_json":{"title":"Sovet - Grao","robots":{"index":"index","follow":"follow","max-snippet":"max-snippet:-1","max-image-preview":"max-image-preview:large","max-video-preview":"max-video-preview:-1"},"canonical":"https:\/\/grao.info\/ca\/marques\/sovet\/","og_locale":"ca_ES","og_type":"article","og_title":"Sovet","og_description":"[vc_row equal_height=&#8221;yes&#8221; content_placement=&#8221;bottom&#8221;][vc_column width=&#8221;2\/3&#8243;][\/vc_column][vc_column width=&#8221;1\/3&#8243;][vc_column_text]Sovet explora el potencial expressiu del vidre aplicat al mobiliari contemporani, combinant-lo amb altres materials per crear peces elegants, lleugeres i visualment impactants. La marca desenvolupa un llenguatge propi on la transpar\u00e8ncia, el color i la [&hellip;]","og_url":"https:\/\/grao.info\/ca\/marques\/sovet\/","og_site_name":"Grao","article_modified_time":"2026-01-21T10:35:55+00:00","twitter_card":"summary_large_image","twitter_misc":{"Temps estimat de lectura":"5 minuts"},"schema":{"@context":"https:\/\/schema.org","@graph":[{"@type":"WebPage","@id":"https:\/\/grao.info\/ca\/marques\/sovet\/","url":"https:\/\/grao.info\/ca\/marques\/sovet\/","name":"Sovet - Grao","isPartOf":{"@id":"https:\/\/grao.info\/ca\/#website"},"datePublished":"2026-01-21T10:21:20+00:00","dateModified":"2026-01-21T10:35:55+00:00","breadcrumb":{"@id":"https:\/\/grao.info\/ca\/marques\/sovet\/#breadcrumb"},"inLanguage":"ca","potentialAction":[{"@type":"ReadAction","target":["https:\/\/grao.info\/ca\/marques\/sovet\/"]}]},{"@type":"BreadcrumbList","@id":"https:\/\/grao.info\/ca\/marques\/sovet\/#breadcrumb","itemListElement":[{"@type":"ListItem","position":1,"name":"Portada","item":"https:\/\/grao.info\/ca\/"},{"@type":"ListItem","position":2,"name":"Marques","item":"https:\/\/grao.info\/ca\/marques\/"},{"@type":"ListItem","position":3,"name":"Sovet"}]},{"@type":"WebSite","@id":"https:\/\/grao.info\/ca\/#website","url":"https:\/\/grao.info\/ca\/","name":"Grao","description":"","publisher":{"@id":"https:\/\/grao.info\/ca\/#organization"},"potentialAction":[{"@type":"SearchAction","target":{"@type":"EntryPoint","urlTemplate":"https:\/\/grao.info\/ca\/?s={search_term_string}"},"query-input":"required name=search_term_string"}],"inLanguage":"ca"},{"@type":"Organization","@id":"https:\/\/grao.info\/ca\/#organization","name":"Grao","url":"https:\/\/grao.info\/ca\/","logo":{"@type":"ImageObject","inLanguage":"ca","@id":"https:\/\/grao.info\/ca\/#\/schema\/logo\/image\/","url":"https:\/\/grao.info\/wp-content\/uploads\/2022\/04\/logo-mobil-1.png","contentUrl":"https:\/\/grao.info\/wp-content\/uploads\/2022\/04\/logo-mobil-1.png","width":275,"height":85,"caption":"Grao"},"image":{"@id":"https:\/\/grao.info\/ca\/#\/schema\/logo\/image\/"}}]}},"_links":{"self":[{"href":"https:\/\/grao.info\/ca\/wp-json\/wp\/v2\/pages\/29003"}],"collection":[{"href":"https:\/\/grao.info\/ca\/wp-json\/wp\/v2\/pages"}],"about":[{"href":"https:\/\/grao.info\/ca\/wp-json\/wp\/v2\/types\/page"}],"author":[{"embeddable":true,"href":"https:\/\/grao.info\/ca\/wp-json\/wp\/v2\/users\/2"}],"replies":[{"embeddable":true,"href":"https:\/\/grao.info\/ca\/wp-json\/wp\/v2\/comments?post=29003"}],"version-history":[{"count":3,"href":"https:\/\/grao.info\/ca\/wp-json\/wp\/v2\/pages\/29003\/revisions"}],"predecessor-version":[{"id":29060,"href":"https:\/\/grao.info\/ca\/wp-json\/wp\/v2\/pages\/29003\/revisions\/29060"}],"up":[{"embeddable":true,"href":"https:\/\/grao.info\/ca\/wp-json\/wp\/v2\/pages\/6347"}],"wp:attachment":[{"href":"https:\/\/grao.info\/ca\/wp-json\/wp\/v2\/media?parent=29003"}],"curies":[{"name":"wp","href":"https:\/\/api.w.org\/{rel}","templated":true}]}}