{"id":6232,"date":"2021-03-23T21:45:08","date_gmt":"2021-03-23T21:45:08","guid":{"rendered":"https:\/\/grao.info\/aviso-legal\/"},"modified":"2024-03-03T19:13:10","modified_gmt":"2024-03-03T19:13:10","slug":"avis-legal","status":"publish","type":"page","link":"https:\/\/grao.info\/ca\/avis-legal\/","title":{"rendered":"Avis legal"},"content":{"rendered":"<p>[vc_row][vc_column][vc_row_inner][vc_column_inner][vc_empty_space height=&#8221;100px&#8221;][vc_column_text]<strong>1. Informaci\u00f3n General<\/strong><\/p>\n<p>\u201cROSA CERVETO-MARTA MAS, S.L.\u201d, con domicilio social en Barcelona, Paseo Col\u00f3n, n\u00famero 18, bajos, c\u00f3digo postal n\u00famero 08002, provista de N\u00famero de Identificaci\u00f3n Fiscal (N.I.F.) B-60.999.976 y del correo electr\u00f3nico indicado a continuaci\u00f3n: rgpd@grao.info e inscrita en el Registre Mercantil de Barcelona, en la Hoja B-138462 Tomo 28678 Folio 182.<\/p>\n<p><strong>2. Objeto<\/strong><\/p>\n<p>La presente p\u00e1gina web es propiedad de ROSA CERVETO-MARTA MAS, S.L. Ha sido creada y dise\u00f1ada para dar a conocer y permitir el acceso general de todos los usuarios de Internet, a la informaci\u00f3n, productos y servicios diversos, propios, ofrecidos por nuestra empresa.<\/p>\n<p>El presente Aviso Legal tiene como objeto establecer las Condiciones Generales que regulan el acceso y uso general de la citada p\u00e1gina web por parte de todos los usuarios, por lo que el acceso y uso de \u00e9sta implica necesariamente, el sometimiento y aceptaci\u00f3n de las Condiciones Generales citadas incluidas en este Aviso Legal.<br \/>\n<strong>ROSA CERVETO-MARTA MAS SL<\/strong> se reserva la facultad de realizar, en cualquier momento y sin necesidad de preaviso, cualquier modificaci\u00f3n o actualizaci\u00f3n de los contenidos y servicios, de las presentes disposiciones de acceso y uso y, en general, de cuantos elementos integren el dise\u00f1o y configuraci\u00f3n de su p\u00e1gina web. Por ello se recomienda que el usuario lea detenidamente y atenta las condiciones generales cada vez que quiera entrar y hacer uso, ya que \u00e9stas pueden sufrir alguna\/s modificaciones.<\/p>\n<p><strong>3. Propiedad Industrial e Intelectual<\/strong><\/p>\n<p>El dise\u00f1o del portal y sus c\u00f3digos fuente, as\u00ed como los logos, marcas y dem\u00e1s signos distintivos que aparecen en el mismo pertenecen a <strong>ROSA CERVETO-MARTA MAS SL<\/strong> y est\u00e1n protegidos por los correspondientes derechos de propiedad intelectual e industrial.<\/p>\n<p><strong>4. Contenidos<\/strong><\/p>\n<p>Los contenidos de la p\u00e1gina web son puestos a disposici\u00f3n del usuario por <strong>ROSA CERVETO-MARTA MAS SL<\/strong> como informaci\u00f3n propia o en su caso, de terceros. <strong>ROSA CERVETO-MARTA MAS SL<\/strong> pondr\u00e1 los medios razonables a su disposici\u00f3n para que los contenidos incluidos en su p\u00e1gina web sean exactos y est\u00e9n actualizados.<\/p>\n<p><strong>5. Acceso a la p\u00e1gina web<\/strong><\/p>\n<p>El usuario puede acceder de forma gratuita y libre a la p\u00e1gina web, salvo que se refiera al coste de la conexi\u00f3n a trav\u00e9s de la red de telecomunicaciones suministrada por el Proveedor de Acceso a Internet (ISP) contratado por su cuenta.<br \/>\nPor su parte, <strong>ROSA CERVETO-MARTA MAS SL<\/strong> informa que no se responsabiliza de la prestaci\u00f3n de servicios y suministros de terceros, incluidos el transporte a trav\u00e9s de redes de telecomunicaciones, la fiabilidad, calidad, continuidad y funcionamiento no le corresponde, y por lo que el acceso puede ser suspendido, cancelado o resultar inaccesible por motivos t\u00e9cnicos y especialmente en caso de fuerza mayor.<br \/>\nAdem\u00e1s, <strong>ROSA CERVETO-MARTA MAS SL<\/strong> se reserva el derecho a interrumpir en caso de que lo estime necesario el acceso a su p\u00e1gina web en cualquier momento y sin previo aviso, ya sea por motivos de seguridad, de control, de mantenimiento, por errores de suministro el\u00e9ctrico o por cualquier otra causa. Si la interrupci\u00f3n tuviera car\u00e1cter definitivo, se comunicar\u00e1 tal circunstancia a los usuarios, que podr\u00e1n sufrir la p\u00e9rdida, en su caso, de la informaci\u00f3n almacenada en los diferentes servicios.<br \/>\nEn consecuencia, en ning\u00fan caso <strong>ROSA CERVETO-MARTA MAS SL<\/strong> se responsabiliza de las consecuencias de eventuales interrupciones, ya que no puede garantizar la fiabilidad, la disponibilidad ni la continuidad de su p\u00e1gina web.<br \/>\nPor otra parte, el acceso a determinados servicios es exclusivo para nuestros clientes, para los que son requisitos el registro previo y la aceptaci\u00f3n, antes de iniciarse la prestaci\u00f3n, de las condiciones particulares, las que sustituir\u00e1n, completar\u00e1n y\/o modificar\u00e1n las establecidas en el presente Aviso Legal.<\/p>\n<p><strong>6. Uso de la p\u00e1gina web<\/strong><\/p>\n<p>La utilizaci\u00f3n de la p\u00e1gina web por cualquier persona atribuye la condici\u00f3n de Usuario, el cual deber\u00e1 poseer la capacidad legal para contratar y representaci\u00f3n necesaria para contratar, el cual acepta que el uso es bajo su exclusiva responsabilidad.<br \/>\nEl usuario se compromete a no utilizar la informaci\u00f3n, actividades, productos o servicios que<strong> ROSA CERVETO-MARTA MAS SL<\/strong> pone a su disposici\u00f3n para desarrollar actividades contrarias a las leyes, a la moral o al orden p\u00fablico y, en general, a hacer un uso conforme a las presentes Condiciones Generales.<br \/>\nEspecialmente, queda prohibido el uso de la p\u00e1gina web con fines lesivos a los bienes de <strong>ROSA CERVETO-MARTA MAS SL<\/strong> que de cualquier otra forma sobrecarguen, da\u00f1en o inutilicen las redes, servidores y otros equipos inform\u00e1ticos (hardware) o productos y aplicaciones inform\u00e1ticas (software) de <strong>ROSA CERVETO-MARTA MAS SL<\/strong> o de terceros, en su caso.<\/p>\n<p>El usuario puede descargar los contenidos que desee de la p\u00e1gina web y, cuando sea necesario,<strong> ROSA CERVETO-MARTA MAS SL<\/strong> le informar\u00e1 en caso necesario sobre las especificaciones t\u00e9cnicas necesarias para proceder a la descarga de informaci\u00f3n y contenidos de su p\u00e1gina web.<\/p>\n<p>El usuario se abstendr\u00e1 de obtener, o intentar obtener, los Contenidos por medios o procedimientos distintos de los que en cada caso se hayan puesto a su disposici\u00f3n o hayan indicado al efecto o de los que se utilicen habitualmente en Internet. En este sentido, se ruega al usuario que preste atenci\u00f3n a estos mensajes de aviso, ya que <strong>ROSA CERVETO-MARTA MAS SL<\/strong> no se responsabiliza de los da\u00f1os y perjuicios que puedan sufrir los equipos inform\u00e1ticos del usuario porque \u00e9ste haya usado de forma indebida o negligente la p\u00e1gina web.<\/p>\n<p><strong>7. Publicidad<\/strong><\/p>\n<p>En la p\u00e1gina Web se alojan contenidos publicitarios o patrocinados. Los anunciantes o patrocinadores son los \u00fanicos responsables de asegurarse que el material remitido para su inclusi\u00f3n en la p\u00e1gina web cumple la normativa que en cada caso puedan ser de aplicaci\u00f3n. <strong>ROSA CERVETO-MARTA MAS SL<\/strong> no ser\u00e1 responsable de cualquier error, inexactitud o irregularidad que puedan contener los contenidos publicitarios o de los patrocinadores.<\/p>\n<p><strong>8. Responsabilidad<\/strong><\/p>\n<p>ROSA CERVETO-MARTA MAS SL no se hace responsable de la legalidad de otros sitios web de terceros desde los que pueda accederse al portal. <strong>ROSA CERVETO-MARTA MAS SL<\/strong> tampoco responde por la legalidad de otros sitios web de terceros, que pudieran estar vinculados o enlazados desde este portal.<br \/>\n<strong>ROSA CERVETO-MARTA MAS SL<\/strong> se reserva el derecho a realizar cambios en el sitio web sin previo aviso, al objeto de mantener actualizada su informaci\u00f3n, a\u00f1adiendo, modificando, corrigiendo o eliminando los contenidos publicados o el dise\u00f1o del portal.<\/p>\n<p><strong>ROSA CERVETO-MARTA MAS SL<\/strong> no ser\u00e1 responsable del uso que terceros hagan de la informaci\u00f3n publicada en el portal, ni tampoco de los da\u00f1os sufridos o p\u00e9rdidas econ\u00f3micas que, de forma directa o indirecta, produzcan o puedan producir perjuicios econ\u00f3micos, materiales o sobre datos, provocados por el uso de dicha informaci\u00f3n.<\/p>\n<p><strong>9. De la calidad del servicio<\/strong><\/p>\n<p>El acceso al Portal no implica obligaci\u00f3n por parte de <strong>ROSA CERVETO-MARTA MAS SL<\/strong> de controlar la ausencia de virus, gusanos o cualquier otro elemento inform\u00e1tico da\u00f1ino. Corresponde al Usuario, en todo caso, la disponibilidad de herramientas adecuadas para la detecci\u00f3n y desinfecci\u00f3n de programas inform\u00e1ticos da\u00f1inos.<br \/>\nR<strong>OSA CERVETO-MARTA MAS SL<\/strong> no se responsabiliza de los da\u00f1os producidos en los equipos inform\u00e1ticos de los Usuarios o de terceros durante la prestaci\u00f3n del servicio del Portal.<\/p>\n<p><strong>10. Protecci\u00f3n de datos personales<\/strong><\/p>\n<p><strong>ROSA CERVETO-MARTA MAS SL<\/strong> garantiza el cumplimiento \u00edntegro de las obligaciones dispuestas, as\u00ed como la implementaci\u00f3n de la normativa en cuanto a protecci\u00f3n de datos, esto es el Reglamento (UE) 2016\/679 y la nueva Ley Org\u00e1nica 3\/2018, de Protecci\u00f3n de Datos Personales y garant\u00eda de los derechos digitales (en adelante LOPD). <strong>ROSA CERVETO-MARTA MAS SL<\/strong> pone a disposici\u00f3n de los usuarios la Pol\u00edtica de Privacidad de la empresa con informaci\u00f3n detallada para los Usuarios.<\/p>\n<p><strong>11. Cookies<\/strong><\/p>\n<p>En relaci\u00f3n a las cookies puede consultar nuestra\u00a0pol\u00edtica de cookies.<\/p>\n<p><strong>12. Legislaci\u00f3n<\/strong><\/p>\n<p>La ley aplicable en caso de disputa o conflicto de interpretaci\u00f3n de los t\u00e9rminos que conforman este aviso legal, as\u00ed como cualquier cuesti\u00f3n relacionada con los servicios del presente portal, ser\u00e1 la ley espa\u00f1ola.[\/vc_column_text][\/vc_column_inner][\/vc_row_inner][vc_empty_space height=&#8221;60px&#8221;][\/vc_column][\/vc_row]<\/p>\n","protected":false},"excerpt":{"rendered":"<p>[vc_row][vc_column][vc_row_inner][vc_column_inner][vc_empty_space height=&#8221;100px&#8221;][vc_column_text]1. Informaci\u00f3n General \u201cROSA CERVETO-MARTA MAS, S.L.\u201d, con domicilio social en Barcelona, Paseo Col\u00f3n, n\u00famero 18, bajos, c\u00f3digo postal n\u00famero 08002, provista de N\u00famero de Identificaci\u00f3n Fiscal (N.I.F.) B-60.999.976 y del correo electr\u00f3nico indicado a continuaci\u00f3n: rgpd@grao.info e inscrita [&hellip;]<\/p>\n","protected":false},"author":1,"featured_media":0,"parent":0,"menu_order":0,"comment_status":"closed","ping_status":"closed","template":"","meta":{"footnotes":""},"acf":[],"yoast_head":"<!-- This site is optimized with the Yoast SEO Premium plugin v23.0 (Yoast SEO v23.0) - https:\/\/yoast.com\/wordpress\/plugins\/seo\/ -->\n<title>Avis legal - Grao<\/title>\n<meta name=\"robots\" content=\"index, follow, max-snippet:-1, max-image-preview:large, max-video-preview:-1\" \/>\n<link rel=\"canonical\" href=\"https:\/\/grao.info\/ca\/avis-legal\/\" \/>\n<meta property=\"og:locale\" content=\"ca_ES\" \/>\n<meta property=\"og:type\" content=\"article\" \/>\n<meta property=\"og:title\" content=\"Avis legal\" \/>\n<meta property=\"og:description\" content=\"[vc_row][vc_column][vc_row_inner][vc_column_inner][vc_empty_space height=&#8221;100px&#8221;][vc_column_text]1. Informaci\u00f3n General \u201cROSA CERVETO-MARTA MAS, S.L.\u201d, con domicilio social en Barcelona, Paseo Col\u00f3n, n\u00famero 18, bajos, c\u00f3digo postal n\u00famero 08002, provista de N\u00famero de Identificaci\u00f3n Fiscal (N.I.F.) B-60.999.976 y del correo electr\u00f3nico indicado a continuaci\u00f3n: rgpd@grao.info e inscrita [&hellip;]\" \/>\n<meta property=\"og:url\" content=\"https:\/\/grao.info\/ca\/avis-legal\/\" \/>\n<meta property=\"og:site_name\" content=\"Grao\" \/>\n<meta property=\"article:modified_time\" content=\"2024-03-03T19:13:10+00:00\" \/>\n<meta name=\"twitter:card\" content=\"summary_large_image\" \/>\n<meta name=\"twitter:label1\" content=\"Temps estimat de lectura\" \/>\n\t<meta name=\"twitter:data1\" content=\"6 minuts\" \/>\n<script type=\"application\/ld+json\" class=\"yoast-schema-graph\">{\"@context\":\"https:\/\/schema.org\",\"@graph\":[{\"@type\":\"WebPage\",\"@id\":\"https:\/\/grao.info\/ca\/avis-legal\/\",\"url\":\"https:\/\/grao.info\/ca\/avis-legal\/\",\"name\":\"Avis legal - Grao\",\"isPartOf\":{\"@id\":\"https:\/\/grao.info\/ca\/#website\"},\"datePublished\":\"2021-03-23T21:45:08+00:00\",\"dateModified\":\"2024-03-03T19:13:10+00:00\",\"breadcrumb\":{\"@id\":\"https:\/\/grao.info\/ca\/avis-legal\/#breadcrumb\"},\"inLanguage\":\"ca\",\"potentialAction\":[{\"@type\":\"ReadAction\",\"target\":[\"https:\/\/grao.info\/ca\/avis-legal\/\"]}]},{\"@type\":\"BreadcrumbList\",\"@id\":\"https:\/\/grao.info\/ca\/avis-legal\/#breadcrumb\",\"itemListElement\":[{\"@type\":\"ListItem\",\"position\":1,\"name\":\"Portada\",\"item\":\"https:\/\/grao.info\/ca\/\"},{\"@type\":\"ListItem\",\"position\":2,\"name\":\"Avis legal\"}]},{\"@type\":\"WebSite\",\"@id\":\"https:\/\/grao.info\/ca\/#website\",\"url\":\"https:\/\/grao.info\/ca\/\",\"name\":\"Grao\",\"description\":\"\",\"publisher\":{\"@id\":\"https:\/\/grao.info\/ca\/#organization\"},\"potentialAction\":[{\"@type\":\"SearchAction\",\"target\":{\"@type\":\"EntryPoint\",\"urlTemplate\":\"https:\/\/grao.info\/ca\/?s={search_term_string}\"},\"query-input\":\"required name=search_term_string\"}],\"inLanguage\":\"ca\"},{\"@type\":\"Organization\",\"@id\":\"https:\/\/grao.info\/ca\/#organization\",\"name\":\"Grao\",\"url\":\"https:\/\/grao.info\/ca\/\",\"logo\":{\"@type\":\"ImageObject\",\"inLanguage\":\"ca\",\"@id\":\"https:\/\/grao.info\/ca\/#\/schema\/logo\/image\/\",\"url\":\"https:\/\/grao.info\/wp-content\/uploads\/2022\/04\/logo-mobil-1.png\",\"contentUrl\":\"https:\/\/grao.info\/wp-content\/uploads\/2022\/04\/logo-mobil-1.png\",\"width\":275,\"height\":85,\"caption\":\"Grao\"},\"image\":{\"@id\":\"https:\/\/grao.info\/ca\/#\/schema\/logo\/image\/\"}}]}<\/script>\n<!-- \/ Yoast SEO Premium plugin. -->","yoast_head_json":{"title":"Avis legal - Grao","robots":{"index":"index","follow":"follow","max-snippet":"max-snippet:-1","max-image-preview":"max-image-preview:large","max-video-preview":"max-video-preview:-1"},"canonical":"https:\/\/grao.info\/ca\/avis-legal\/","og_locale":"ca_ES","og_type":"article","og_title":"Avis legal","og_description":"[vc_row][vc_column][vc_row_inner][vc_column_inner][vc_empty_space height=&#8221;100px&#8221;][vc_column_text]1. Informaci\u00f3n General \u201cROSA CERVETO-MARTA MAS, S.L.\u201d, con domicilio social en Barcelona, Paseo Col\u00f3n, n\u00famero 18, bajos, c\u00f3digo postal n\u00famero 08002, provista de N\u00famero de Identificaci\u00f3n Fiscal (N.I.F.) B-60.999.976 y del correo electr\u00f3nico indicado a continuaci\u00f3n: rgpd@grao.info e inscrita [&hellip;]","og_url":"https:\/\/grao.info\/ca\/avis-legal\/","og_site_name":"Grao","article_modified_time":"2024-03-03T19:13:10+00:00","twitter_card":"summary_large_image","twitter_misc":{"Temps estimat de lectura":"6 minuts"},"schema":{"@context":"https:\/\/schema.org","@graph":[{"@type":"WebPage","@id":"https:\/\/grao.info\/ca\/avis-legal\/","url":"https:\/\/grao.info\/ca\/avis-legal\/","name":"Avis legal - Grao","isPartOf":{"@id":"https:\/\/grao.info\/ca\/#website"},"datePublished":"2021-03-23T21:45:08+00:00","dateModified":"2024-03-03T19:13:10+00:00","breadcrumb":{"@id":"https:\/\/grao.info\/ca\/avis-legal\/#breadcrumb"},"inLanguage":"ca","potentialAction":[{"@type":"ReadAction","target":["https:\/\/grao.info\/ca\/avis-legal\/"]}]},{"@type":"BreadcrumbList","@id":"https:\/\/grao.info\/ca\/avis-legal\/#breadcrumb","itemListElement":[{"@type":"ListItem","position":1,"name":"Portada","item":"https:\/\/grao.info\/ca\/"},{"@type":"ListItem","position":2,"name":"Avis legal"}]},{"@type":"WebSite","@id":"https:\/\/grao.info\/ca\/#website","url":"https:\/\/grao.info\/ca\/","name":"Grao","description":"","publisher":{"@id":"https:\/\/grao.info\/ca\/#organization"},"potentialAction":[{"@type":"SearchAction","target":{"@type":"EntryPoint","urlTemplate":"https:\/\/grao.info\/ca\/?s={search_term_string}"},"query-input":"required name=search_term_string"}],"inLanguage":"ca"},{"@type":"Organization","@id":"https:\/\/grao.info\/ca\/#organization","name":"Grao","url":"https:\/\/grao.info\/ca\/","logo":{"@type":"ImageObject","inLanguage":"ca","@id":"https:\/\/grao.info\/ca\/#\/schema\/logo\/image\/","url":"https:\/\/grao.info\/wp-content\/uploads\/2022\/04\/logo-mobil-1.png","contentUrl":"https:\/\/grao.info\/wp-content\/uploads\/2022\/04\/logo-mobil-1.png","width":275,"height":85,"caption":"Grao"},"image":{"@id":"https:\/\/grao.info\/ca\/#\/schema\/logo\/image\/"}}]}},"_links":{"self":[{"href":"https:\/\/grao.info\/ca\/wp-json\/wp\/v2\/pages\/6232"}],"collection":[{"href":"https:\/\/grao.info\/ca\/wp-json\/wp\/v2\/pages"}],"about":[{"href":"https:\/\/grao.info\/ca\/wp-json\/wp\/v2\/types\/page"}],"author":[{"embeddable":true,"href":"https:\/\/grao.info\/ca\/wp-json\/wp\/v2\/users\/1"}],"replies":[{"embeddable":true,"href":"https:\/\/grao.info\/ca\/wp-json\/wp\/v2\/comments?post=6232"}],"version-history":[{"count":2,"href":"https:\/\/grao.info\/ca\/wp-json\/wp\/v2\/pages\/6232\/revisions"}],"predecessor-version":[{"id":22672,"href":"https:\/\/grao.info\/ca\/wp-json\/wp\/v2\/pages\/6232\/revisions\/22672"}],"wp:attachment":[{"href":"https:\/\/grao.info\/ca\/wp-json\/wp\/v2\/media?parent=6232"}],"curies":[{"name":"wp","href":"https:\/\/api.w.org\/{rel}","templated":true}]}}