{"id":6369,"date":"2021-03-18T15:47:29","date_gmt":"2021-03-18T15:47:29","guid":{"rendered":"https:\/\/grao.info\/politica-de-privacidad\/"},"modified":"2021-03-25T18:31:30","modified_gmt":"2021-03-25T18:31:30","slug":"politica-de-privacitat","status":"publish","type":"page","link":"https:\/\/grao.info\/ca\/politica-de-privacitat\/","title":{"rendered":"Pol\u00edtica de privacitat"},"content":{"rendered":"<p>[vc_row][vc_column][vc_row_inner][vc_column_inner][vc_empty_space height=&#8221;100px&#8221;][vc_column_text]Aquesta pol\u00edtica de privacitat t\u00e9 com a finalitat facilitar informaci\u00f3 sobre com es tracta &#8220;ROSA CERVETO-MARTA MAS, S.L.&#8221; les seves dades personals d&#8217;acord amb la normativa vigent en protecci\u00f3 de dades de car\u00e0cter personal.<\/p>\n<table width=\"560\" cellspacing=\"0\" cellpadding=\"7\">\n<tbody>\n<tr>\n<td colspan=\"2\" valign=\"top\" width=\"544\">\n<p align=\"center\"><span style=\"color: #538135;\"><b><span style=\"color: #000000;\"><span style=\"font-size: small;\"><span lang=\"ca\">POL\u00cdTICA DE PRIVACITAT<\/span><\/span><\/span><\/b><\/span><\/p>\n<\/td>\n<\/tr>\n<tr valign=\"top\">\n<td style=\"background: #e2efd9;\" bgcolor=\"#e2efd9\" width=\"221\">\n<p align=\"justify\"><span style=\"color: #538135;\"><b><span style=\"color: #000000;\"><span style=\"font-size: small;\"><span lang=\"ca\">RESPONSABLE DE TRACTAMENT<\/span><\/span><\/span><\/b><\/span><\/p>\n<\/td>\n<td style=\"background: #e2efd9;\" bgcolor=\"#e2efd9\" width=\"308\">\n<ul>\n<li><span style=\"color: #538135;\"><span style=\"color: #000000;\"><span style=\"font-size: small;\"><span lang=\"ca\">&#8220;ROSA<\/span><\/span><\/span><span style=\"color: #000000;\"><span style=\"font-size: small;\"><span lang=\"ca\"><b>CERVETO-MARTA MAS, S.L.&#8221;<\/b><\/span><\/span><\/span><\/span><\/li>\n<li><span style=\"color: #538135;\"><span style=\"color: #000000;\"><span style=\"font-size: small;\"><span lang=\"ca\">Do\u00f1a Rosa-Mar\u00eda Cerveto Valls, titular del DNI\/NIF 37.645.024-G.<\/span><\/span><\/span><\/span><\/li>\n<li><span style=\"color: #538135;\"><span style=\"color: #000000;\"><span style=\"font-size: small;\"><span lang=\"ca\">Passeig Col\u00f3n, n\u00famero 18, baix, codi postal 08002, Barcelona (Espanya)<\/span><\/span><\/span><\/span><\/li>\n<li>\n<p align=\"justify\"><span style=\"color: #538135;\"><span style=\"font-size: small;\"><span lang=\"ca\">+34 933.193.361<\/span><\/span><\/span><\/p>\n<\/li>\n<li>\n<p align=\"justify\"><span style=\"color: #0563c1;\"><u><a href=\"mailto:rgpd@grao.info\"><span style=\"color: #538135;\"><span style=\"font-size: small;\"><span lang=\"ca\">rgpd@grao.info<\/span><\/span><\/span><\/a><\/u><\/span><\/p>\n<\/li>\n<\/ul>\n<\/td>\n<\/tr>\n<tr valign=\"top\">\n<td width=\"221\">\n<p align=\"justify\"><span style=\"color: #538135;\"><b><span style=\"color: #000000;\"><span style=\"font-size: small;\"><span lang=\"ca\">Finalitats del tractament<\/span><\/span><\/span><\/b><\/span><\/p>\n<\/td>\n<td width=\"308\">\n<ul>\n<li>\n<p align=\"justify\"><span style=\"color: #538135;\"><span style=\"color: #000000;\"><span style=\"font-size: small;\"><span lang=\"ca\">Gestionar qualsevol tipus de consulta, queixa, pregunta o necessitat d&#8217;informaci\u00f3.<\/span><\/span><\/span><\/span><\/p>\n<\/li>\n<li>\n<p align=\"justify\"><span style=\"color: #538135;\"><span style=\"color: #000000;\"><span style=\"font-size: small;\"><span lang=\"ca\">Proporcionar serveis de comer\u00e7 i distribuci\u00f3 de mobles, electrodom\u00e8stics d&#8217;il\u00b7luminaci\u00f3 i altres articles per a la llar.<\/span><\/span><\/span><\/span><\/p>\n<\/li>\n<li>\n<p align=\"justify\"><span style=\"color: #538135;\"><span style=\"color: #000000;\"><span style=\"font-size: small;\"><span lang=\"ca\">Realitzar la facturaci\u00f3 dels serveis prestats i gestionar el cobrament dels mateixs.<\/span><\/span><\/span><\/span><\/p>\n<\/li>\n<li>\n<p align=\"justify\"><span style=\"color: #538135;\"><span style=\"color: #000000;\"><span style=\"font-size: small;\"><span lang=\"ca\">Enviar butlletins promocionals sobre els productes i \/ o serveis i comunicacions informatives i corporatives de &#8220;ROSA CERVETO-MARTA MAS, S.L.&#8221; que puguin ser del seu inter\u00e8s.<\/span><\/span><\/span><\/span><\/p>\n<\/li>\n<li>\n<p align=\"justify\"><span style=\"color: #538135;\"><span style=\"color: #000000;\"><span style=\"font-size: small;\"><span lang=\"ca\">Respondre a la seva sol\u00b7licitud per poder participar en els nostres processos de selecci\u00f3 i ofertes de treball.<\/span><\/span><\/span><\/span><\/p>\n<\/li>\n<\/ul>\n<\/td>\n<\/tr>\n<tr valign=\"top\">\n<td style=\"background: #e2efd9;\" bgcolor=\"#e2efd9\" width=\"221\">\n<p align=\"justify\"><span style=\"color: #538135;\"><b><span style=\"color: #000000;\"><span style=\"font-size: small;\"><span lang=\"ca\">PRINCIPALS BASES LEGITIMITZADORES<\/span><\/span><\/span><\/b><\/span><\/p>\n<\/td>\n<td style=\"background: #e2efd9;\" bgcolor=\"#e2efd9\" width=\"308\">\n<ul>\n<li>\n<p align=\"justify\"><span style=\"color: #538135;\"><span style=\"color: #000000;\"><span style=\"font-size: small;\"><span lang=\"ca\">Execuci\u00f3 del contracte.<\/span><\/span><\/span><\/span><\/p>\n<\/li>\n<li>\n<p align=\"justify\"><span style=\"color: #538135;\"><span style=\"color: #000000;\"><span style=\"font-size: small;\"><span lang=\"ca\">Consentiment.<\/span><\/span><\/span><\/span><\/p>\n<\/li>\n<li>\n<p align=\"justify\"><span style=\"color: #538135;\"><span style=\"color: #000000;\"><span style=\"font-size: small;\"><span lang=\"ca\">Compliment d&#8217;obligacions legals.<\/span><\/span><\/span><\/span><\/p>\n<\/li>\n<\/ul>\n<\/td>\n<\/tr>\n<tr valign=\"top\">\n<td width=\"221\">\n<p align=\"justify\"><span style=\"color: #538135;\"><b><span style=\"color: #000000;\"><span style=\"font-size: small;\"><span lang=\"ca\">Drets<\/span><\/span><\/span><\/b><\/span><\/p>\n<\/td>\n<td width=\"308\">\n<ul>\n<li>\n<p align=\"justify\"><span style=\"color: #538135;\"><span style=\"color: #000000;\"><span style=\"font-size: small;\"><span lang=\"ca\">Entre d&#8217;altres, dret d&#8217;acc\u00e9s, rectificaci\u00f3, supressi\u00f3, oposici\u00f3 i portabilitat de les dades, dret a oposar-se al tractament en qualsevol moment, per motius relacionats amb la seva situaci\u00f3 particular, en cas que el tractament es basi en l&#8217;inter\u00e8s leg\u00edtim.<\/span><\/span><\/span><\/span><\/p>\n<\/li>\n<\/ul>\n<\/td>\n<\/tr>\n<tr valign=\"top\">\n<td style=\"background: #e2efd9;\" bgcolor=\"#e2efd9\" width=\"221\">\n<p align=\"justify\"><span style=\"color: #538135;\"><b><span style=\"color: #000000;\"><span lang=\"ca\">Origen<\/span><\/span><\/b><\/span><\/p>\n<\/td>\n<td style=\"background: #e2efd9;\" bgcolor=\"#e2efd9\" width=\"308\">\n<ul>\n<li>\n<p align=\"justify\"><span style=\"color: #538135;\"><span style=\"color: #000000;\"><span lang=\"ca\">Proporcionat pel titular.<\/span><\/span><\/span><\/p>\n<\/li>\n<\/ul>\n<\/td>\n<\/tr>\n<\/tbody>\n<\/table>\n<p><strong>Jo. RESPONSABLE DE TRACTAMENT<\/strong><\/p>\n<p><strong>Qui \u00e9s el responsable de les seves dades personals?<\/strong><\/p>\n<p>El responsable del tractament de les seves dades personals \u00e9s l&#8217;empresa &#8220;<strong>ROSA CERVETO-MARTA MAS, S.L<\/strong>.&#8221; , establerta a Barcelona, Passeig Col\u00f3n, n\u00famero 18, baixa,codi postal n\u00famero 08002, provistantun NIF (N.I.F.) B-60.999.976 i la seg\u00fcent adre\u00e7a de correu electr\u00f2nic: rgpd@grao.info i inscrita en el Registre Mercantil de Barcelona, al Full B-138462 Tom 28678 Foli 182 (d&#8217;ara endavant,el&#8221;ResponsabledelTractament&#8221;).<\/p>\n<p><strong>II. FINALITATS DEL TRACTAMENT<\/strong><\/p>\n<p><strong>Amb quina finalitat tractem les seves dades?<\/strong><\/p>\n<p>Tractem les seves dades amb les seg\u00fcents finalitats:<\/p>\n<p>\u2022 Gestionar qualsevol tipus de consulta, queixa, pregunta o necessitat d&#8217;informaci\u00f3.<br \/>\n\u2022 Prestar serveis de comer\u00e7 i distribuci\u00f3 demobles, electrodom\u00e8stics d&#8217;il\u00b7luminaci\u00f3 i altres articles per a la llar.<br \/>\n\u2022 Realitzar la facturaci\u00f3 dels serveis prestats i gestionar el cobrament delsserveis.<br \/>\n\u2022 Enviar butlletins promocionals sobre els productes i \/ o serveis i comunicacions informatives i corporatives de &#8220;ROSA CERVETO-MARTA MAS, S.L.&#8221; que puguin ser del seu inter\u00e8s.<br \/>\n\u2022 Respondre a la seva sol\u00b7licitud per poder participar en els nostres processos de selecci\u00f3 i ofertes de treball.<\/p>\n<p><strong>\u00c9s obligatori que ens facilitis totes les teves dades?<\/strong><\/p>\n<p>Quan se sol\u00b7licitin dades per tramitar les seves sol\u00b7licituds, s&#8217;informar\u00e0 de la naturalesa necess\u00e0ria de les dades que es considerin imprescindibles. Si no es faciliten aquestes dades obligat\u00f2ries, no ser\u00e0 possible tramitar la sol\u00b7licitud realitzada.<\/p>\n<p><strong>Durant quant de temps conservem les seves dades?<\/strong><\/p>\n<p>Les dades personals que ens faciliti es conservaran mentre es mantingui la relaci\u00f3 professional o comercial i no ens sol\u00b7liciti la seva supressi\u00f3. En tot cas, les seves dades podran conservar-se durant el termini legal que sigui aplicable en qualsevol moment perqu\u00e8 els interessats puguin complir amb la normativa vigent.<\/p>\n<p>Els curr\u00edculums que ens faciliti seran destru\u00efts si no s&#8217;ajusten als perfils requerits pel responsable del tractament, o es conservaran durant un termini m\u00e0xim d&#8217;un any, en cas que el Responsable consideri que pot ser interessant per a futurs processos de selecci\u00f3 per a l&#8217;empresa o qualsevol client. En aquest cas se li informar\u00e0 i se li sol\u00b7licitar\u00e0 el consentiment en el moment oport\u00fa.<\/p>\n<p><strong>III.- LEGITIMACI\u00d3 DEL TRACTAMENT<\/strong><\/p>\n<p><strong>Quina \u00e9s la legitimaci\u00f3 per al tractament de les seves dades?<\/strong><\/p>\n<p>La base legal per al tractament de les seves dades \u00e9s respondre a la seva sol\u00b7licitud d&#8217;informaci\u00f3, a la contractaci\u00f3 dels serveis sol\u00b7licitats l&#8217;execuci\u00f3 dels serveis contractats o la gesti\u00f3 del seu curr\u00edculum.<\/p>\n<p><strong>IV. DESTINATARIS<\/strong><\/p>\n<p><strong>Quina \u00e9s la legitimaci\u00f3 per al tractament de les seves dades?<\/strong><\/p>\n<p>Les seves dades seran incorporades a la base de dades pertanyent al Responsable del Tractament i no seran cedides a tercers, excepte obligaci\u00f3 legal, ni cedides a pa\u00efsos o organitzacions internacionals sense el seu consentiment expr\u00e9s.<\/p>\n<p>No obstant aix\u00f2, per a l&#8217;acompliment dels nostres serveis, pot ser necessari compartir les seves dades amb prove\u00efdors o professionals col\u00b7laboradors que, en tot cas, estiguin subjectes a la corresponent obligaci\u00f3 de confidencialitat i deure de secret professional.<\/p>\n<p><strong>V. DRETS DELS INTERESSATS<\/strong><\/p>\n<p><strong>Quins s\u00f3n els seus drets quan ens facilita les seves dades?<\/strong><\/p>\n<p>L&#8217;informem que t\u00e9 els seg\u00fcents drets:<\/p>\n<p>1. Dret a sol\u00b7licitar l&#8217;acc\u00e9s a les seves dades personals.<br \/>\n2. Dret a sol\u00b7licitar la seva rectificaci\u00f3 o supressi\u00f3.<br \/>\n3. Dret a sol\u00b7licitar la limitaci\u00f3 del seu tractament.<br \/>\n4. Dret d&#8217;oposici\u00f3 al tractament.<br \/>\n5. Dret a la portabilitat de les dades.<br \/>\n6. Dret a retirar el consentiment prestat<\/p>\n<p>Pot fer efectius aquests drets en qualsevol moment i de forma gratu\u00efta enviant una comunicaci\u00f3 per escrit a l&#8217;empresa &#8220;ROSA CERVETO-MARTA MAS, S.L.&#8221; amb domicili social a Barcelona, Passeig Col\u00f3n, n\u00famero 18, baix,codi postal 08002, facilitada amb CIF (N.I.F.) B-60.999.976o enviant un correu electr\u00f2nic a la seg\u00fcent adre\u00e7a:rgpd@grao.info.<\/p>\n<p>A m\u00e9s, podr\u00e0 presentar una reclamaci\u00f3 davant l&#8217;Autoritat de Control competent si considera que el Responsable ha tractat les seves dades en contravenci\u00f3 d&#8217;aquesta Pol\u00edtica de Privacitat o de qualsevol altra normativa aplicable relacionada.<\/p>\n<p><strong>Actualitzaci\u00f3 mar\u00e7 2021.<\/strong>[\/vc_column_text][vc_empty_space height=&#8221;60px&#8221;][\/vc_column_inner][\/vc_row_inner][\/vc_column][\/vc_row]<\/p>\n","protected":false},"excerpt":{"rendered":"<p>[vc_row][vc_column][vc_row_inner][vc_column_inner][vc_empty_space height=&#8221;100px&#8221;][vc_column_text]Aquesta pol\u00edtica de privacitat t\u00e9 com a finalitat facilitar informaci\u00f3 sobre com es tracta &#8220;ROSA CERVETO-MARTA MAS, S.L.&#8221; les seves dades personals d&#8217;acord amb la normativa vigent en protecci\u00f3 de dades de car\u00e0cter personal. POL\u00cdTICA DE PRIVACITAT RESPONSABLE DE [&hellip;]<\/p>\n","protected":false},"author":1,"featured_media":0,"parent":0,"menu_order":0,"comment_status":"closed","ping_status":"open","template":"","meta":{"footnotes":""},"acf":[],"yoast_head":"<!-- This site is optimized with the Yoast SEO Premium plugin v23.0 (Yoast SEO v23.0) - https:\/\/yoast.com\/wordpress\/plugins\/seo\/ -->\n<title>Pol\u00edtica de privacitat - Grao<\/title>\n<meta name=\"robots\" content=\"index, follow, max-snippet:-1, max-image-preview:large, max-video-preview:-1\" \/>\n<link rel=\"canonical\" href=\"https:\/\/grao.info\/ca\/politica-de-privacitat\/\" \/>\n<meta property=\"og:locale\" content=\"ca_ES\" \/>\n<meta property=\"og:type\" content=\"article\" \/>\n<meta property=\"og:title\" content=\"Pol\u00edtica de privacitat\" \/>\n<meta property=\"og:description\" content=\"[vc_row][vc_column][vc_row_inner][vc_column_inner][vc_empty_space height=&#8221;100px&#8221;][vc_column_text]Aquesta pol\u00edtica de privacitat t\u00e9 com a finalitat facilitar informaci\u00f3 sobre com es tracta &#8220;ROSA CERVETO-MARTA MAS, S.L.&#8221; les seves dades personals d&#8217;acord amb la normativa vigent en protecci\u00f3 de dades de car\u00e0cter personal. POL\u00cdTICA DE PRIVACITAT RESPONSABLE DE [&hellip;]\" \/>\n<meta property=\"og:url\" content=\"https:\/\/grao.info\/ca\/politica-de-privacitat\/\" \/>\n<meta property=\"og:site_name\" content=\"Grao\" \/>\n<meta property=\"article:modified_time\" content=\"2021-03-25T18:31:30+00:00\" \/>\n<meta name=\"twitter:card\" content=\"summary_large_image\" \/>\n<meta name=\"twitter:label1\" content=\"Temps estimat de lectura\" \/>\n\t<meta name=\"twitter:data1\" content=\"4 minuts\" \/>\n<script type=\"application\/ld+json\" class=\"yoast-schema-graph\">{\"@context\":\"https:\/\/schema.org\",\"@graph\":[{\"@type\":\"WebPage\",\"@id\":\"https:\/\/grao.info\/ca\/politica-de-privacitat\/\",\"url\":\"https:\/\/grao.info\/ca\/politica-de-privacitat\/\",\"name\":\"Pol\u00edtica de privacitat - Grao\",\"isPartOf\":{\"@id\":\"https:\/\/grao.info\/ca\/#website\"},\"datePublished\":\"2021-03-18T15:47:29+00:00\",\"dateModified\":\"2021-03-25T18:31:30+00:00\",\"breadcrumb\":{\"@id\":\"https:\/\/grao.info\/ca\/politica-de-privacitat\/#breadcrumb\"},\"inLanguage\":\"ca\",\"potentialAction\":[{\"@type\":\"ReadAction\",\"target\":[\"https:\/\/grao.info\/ca\/politica-de-privacitat\/\"]}]},{\"@type\":\"BreadcrumbList\",\"@id\":\"https:\/\/grao.info\/ca\/politica-de-privacitat\/#breadcrumb\",\"itemListElement\":[{\"@type\":\"ListItem\",\"position\":1,\"name\":\"Portada\",\"item\":\"https:\/\/grao.info\/ca\/\"},{\"@type\":\"ListItem\",\"position\":2,\"name\":\"Pol\u00edtica de privacitat\"}]},{\"@type\":\"WebSite\",\"@id\":\"https:\/\/grao.info\/ca\/#website\",\"url\":\"https:\/\/grao.info\/ca\/\",\"name\":\"Grao\",\"description\":\"\",\"publisher\":{\"@id\":\"https:\/\/grao.info\/ca\/#organization\"},\"potentialAction\":[{\"@type\":\"SearchAction\",\"target\":{\"@type\":\"EntryPoint\",\"urlTemplate\":\"https:\/\/grao.info\/ca\/?s={search_term_string}\"},\"query-input\":\"required name=search_term_string\"}],\"inLanguage\":\"ca\"},{\"@type\":\"Organization\",\"@id\":\"https:\/\/grao.info\/ca\/#organization\",\"name\":\"Grao\",\"url\":\"https:\/\/grao.info\/ca\/\",\"logo\":{\"@type\":\"ImageObject\",\"inLanguage\":\"ca\",\"@id\":\"https:\/\/grao.info\/ca\/#\/schema\/logo\/image\/\",\"url\":\"https:\/\/grao.info\/wp-content\/uploads\/2022\/04\/logo-mobil-1.png\",\"contentUrl\":\"https:\/\/grao.info\/wp-content\/uploads\/2022\/04\/logo-mobil-1.png\",\"width\":275,\"height\":85,\"caption\":\"Grao\"},\"image\":{\"@id\":\"https:\/\/grao.info\/ca\/#\/schema\/logo\/image\/\"}}]}<\/script>\n<!-- \/ Yoast SEO Premium plugin. -->","yoast_head_json":{"title":"Pol\u00edtica de privacitat - Grao","robots":{"index":"index","follow":"follow","max-snippet":"max-snippet:-1","max-image-preview":"max-image-preview:large","max-video-preview":"max-video-preview:-1"},"canonical":"https:\/\/grao.info\/ca\/politica-de-privacitat\/","og_locale":"ca_ES","og_type":"article","og_title":"Pol\u00edtica de privacitat","og_description":"[vc_row][vc_column][vc_row_inner][vc_column_inner][vc_empty_space height=&#8221;100px&#8221;][vc_column_text]Aquesta pol\u00edtica de privacitat t\u00e9 com a finalitat facilitar informaci\u00f3 sobre com es tracta &#8220;ROSA CERVETO-MARTA MAS, S.L.&#8221; les seves dades personals d&#8217;acord amb la normativa vigent en protecci\u00f3 de dades de car\u00e0cter personal. POL\u00cdTICA DE PRIVACITAT RESPONSABLE DE [&hellip;]","og_url":"https:\/\/grao.info\/ca\/politica-de-privacitat\/","og_site_name":"Grao","article_modified_time":"2021-03-25T18:31:30+00:00","twitter_card":"summary_large_image","twitter_misc":{"Temps estimat de lectura":"4 minuts"},"schema":{"@context":"https:\/\/schema.org","@graph":[{"@type":"WebPage","@id":"https:\/\/grao.info\/ca\/politica-de-privacitat\/","url":"https:\/\/grao.info\/ca\/politica-de-privacitat\/","name":"Pol\u00edtica de privacitat - Grao","isPartOf":{"@id":"https:\/\/grao.info\/ca\/#website"},"datePublished":"2021-03-18T15:47:29+00:00","dateModified":"2021-03-25T18:31:30+00:00","breadcrumb":{"@id":"https:\/\/grao.info\/ca\/politica-de-privacitat\/#breadcrumb"},"inLanguage":"ca","potentialAction":[{"@type":"ReadAction","target":["https:\/\/grao.info\/ca\/politica-de-privacitat\/"]}]},{"@type":"BreadcrumbList","@id":"https:\/\/grao.info\/ca\/politica-de-privacitat\/#breadcrumb","itemListElement":[{"@type":"ListItem","position":1,"name":"Portada","item":"https:\/\/grao.info\/ca\/"},{"@type":"ListItem","position":2,"name":"Pol\u00edtica de privacitat"}]},{"@type":"WebSite","@id":"https:\/\/grao.info\/ca\/#website","url":"https:\/\/grao.info\/ca\/","name":"Grao","description":"","publisher":{"@id":"https:\/\/grao.info\/ca\/#organization"},"potentialAction":[{"@type":"SearchAction","target":{"@type":"EntryPoint","urlTemplate":"https:\/\/grao.info\/ca\/?s={search_term_string}"},"query-input":"required name=search_term_string"}],"inLanguage":"ca"},{"@type":"Organization","@id":"https:\/\/grao.info\/ca\/#organization","name":"Grao","url":"https:\/\/grao.info\/ca\/","logo":{"@type":"ImageObject","inLanguage":"ca","@id":"https:\/\/grao.info\/ca\/#\/schema\/logo\/image\/","url":"https:\/\/grao.info\/wp-content\/uploads\/2022\/04\/logo-mobil-1.png","contentUrl":"https:\/\/grao.info\/wp-content\/uploads\/2022\/04\/logo-mobil-1.png","width":275,"height":85,"caption":"Grao"},"image":{"@id":"https:\/\/grao.info\/ca\/#\/schema\/logo\/image\/"}}]}},"_links":{"self":[{"href":"https:\/\/grao.info\/ca\/wp-json\/wp\/v2\/pages\/6369"}],"collection":[{"href":"https:\/\/grao.info\/ca\/wp-json\/wp\/v2\/pages"}],"about":[{"href":"https:\/\/grao.info\/ca\/wp-json\/wp\/v2\/types\/page"}],"author":[{"embeddable":true,"href":"https:\/\/grao.info\/ca\/wp-json\/wp\/v2\/users\/1"}],"replies":[{"embeddable":true,"href":"https:\/\/grao.info\/ca\/wp-json\/wp\/v2\/comments?post=6369"}],"version-history":[{"count":0,"href":"https:\/\/grao.info\/ca\/wp-json\/wp\/v2\/pages\/6369\/revisions"}],"wp:attachment":[{"href":"https:\/\/grao.info\/ca\/wp-json\/wp\/v2\/media?parent=6369"}],"curies":[{"name":"wp","href":"https:\/\/api.w.org\/{rel}","templated":true}]}}