{"id":6380,"date":"2021-02-23T12:18:14","date_gmt":"2021-02-23T12:18:14","guid":{"rendered":"https:\/\/grao.info\/politica-de-cookies\/"},"modified":"2021-03-25T19:30:42","modified_gmt":"2021-03-25T19:30:42","slug":"politica-de-cookies","status":"publish","type":"page","link":"https:\/\/grao.info\/ca\/politica-de-cookies\/","title":{"rendered":"Pol\u00edtica de cookies"},"content":{"rendered":"<p>[vc_row][vc_column][vc_row_inner][vc_column_inner][vc_empty_space height=&#8221;100px&#8221;][vc_column_text]<strong>Definici\u00f3 i funci\u00f3 de les cookies<\/strong><\/p>\n<p><strong>Per qu\u00e8 he d&#8217;informar de cookies?<\/strong><\/p>\n<p>Dins del reglament LSSI-CE (Llei de la societat de la informaci\u00f3 i comer\u00e7 electr\u00f2nic), hi ha una secci\u00f3 dedicada a les cookies que requereix, a qui disposem d&#8217;un lloc web, descarregar en el seu navegador cookies de tercers per informar a l&#8217;usuari sobre el tipus de cookies, la durada i finalitat de cadascuna d&#8217;elles. Entendr\u00e0s que no \u00e9s f\u00e0cil, per\u00f2 per llei m&#8217;he d&#8217;apropar el m\u00e9s possible a aquestes demandes.<\/p>\n<p>El nostre lloc web utilitza cookies pr\u00f2pies i de tercers per fer que l&#8217;usuari tingui una millor experi\u00e8ncia de navegaci\u00f3, de manera que pugui compartir continguts a les xarxes socials i obtenir estad\u00edstiques i h\u00e0bits de navegaci\u00f3 dels usuaris d&#8217;aquest bloc.<\/p>\n<p>Com a usuari, pot rebutjar el tractament de dades o informaci\u00f3 bloquejant aquestes cookies a trav\u00e9s de la configuraci\u00f3 apropiada del seu navegador. No obstant aix\u00f2, has de saber que si ho fas, la nostra plataforma web no funcionar\u00e0 correctament.<br \/>\nD&#8217;acord amb l&#8217;article 22.2 de la Llei 34\/2002 de Serveis de la Societat de la Informaci\u00f3 i comer\u00e7 electr\u00f2nic, si continua navegant, estar\u00e0 donant el seu consentiment per a l&#8217;\u00fas d&#8217;aquestes cookies.<\/p>\n<p>Com a usuari, acceptes expressament, mitjan\u00e7ant l&#8217;\u00fas d&#8217;aquest lloc web, el tractament de la informaci\u00f3 recollida en la forma i per a les finalitats que es detallen a continuaci\u00f3. Tamb\u00e9 s&#8217;accepta con\u00e8ixer la possibilitat de rebutjar el tractament d&#8217;aquestes dades o informaci\u00f3 rebutjant l&#8217;\u00fas de cookies mitjan\u00e7ant la selecci\u00f3 de la configuraci\u00f3 apropiada a tal fi en el seu navegador. Encara que aquesta opci\u00f3 de bloqueig de cookies en el seu navegador pot no permetre-li l&#8217;\u00fas ple de totes les funcionalitats d&#8217;aquest lloc web.<\/p>\n<p><strong>Qu\u00e8 s\u00f3n les cookies?<\/strong><\/p>\n<p>Una cookie \u00e9s un fitxer que es descarrega al seu ordinador en accedir a determinades p\u00e0gines web.<br \/>\nLes cookies permeten a una p\u00e0gina web, entre altres coses, emmagatzemar i recuperar informaci\u00f3 sobre els h\u00e0bits de navegaci\u00f3 d&#8217;un usuari o del seu equip i, depenent de la informaci\u00f3 que continguin i de la forma en qu\u00e8 utilitzi el seu equip, es poden utilitzar per recon\u00e8ixer a l&#8217;usuari.<\/p>\n<p><strong>Quins tipus de cookies utilitza aquest lloc web?<\/strong><\/p>\n<p><strong>Cookies t\u00e8cniques i de personalitzaci\u00f3:<\/strong><\/p>\n<p>Necessari o convenient per a la prestaci\u00f3 de determinats serveis. Les primeres permeten a l&#8217;usuari la navegaci\u00f3 a trav\u00e9s del lloc web i la utilitzaci\u00f3 dels diferents serveis que s&#8217;hi ofereix, i els segons permeten a l&#8217;usuari accedir al servei amb algunes caracter\u00edstiques de car\u00e0cter general predefinides.<br \/>\nLes cookies s&#8217;utilitzen per al llenguatge, el gestor de continguts i el manteniment de sessions quan sigui necessari. \u00c9s possible que la desactivaci\u00f3 d&#8217;aquestes cookies no rebi correctament el contingut del lloc web.<\/p>\n<p><strong>Cookies anal\u00edtiques:<\/strong><\/p>\n<p>Ja sigui perqu\u00e8 s\u00f3n tractats per nosaltres o per tercers, permeten fer un seguiment i an\u00e0lisi estad\u00edstica del comportament de tots els usuaris. Si es desactiven aquestes cookies, el lloc web pot continuar funcionant, sense perjudici de la informaci\u00f3 recollida per aquestes cookies sobre l&#8217;\u00fas del nostre lloc web i el seu contingut ens permet millorar els nostres serveis.<\/p>\n<p>Cookies de xarxes socials externes: S&#8217;utilitzen perqu\u00e8 els visitants puguin interactuar amb el contingut de les diferents plataformes socials.<\/p>\n<p><strong>Com desactivar o eliminar les cookies<\/strong><\/p>\n<p>Vost\u00e8 pot permetre, bloquejar o eliminar les cookies instal\u00b7lades en el seu equip mitjan\u00e7ant la configuraci\u00f3 de les opcions del navegador en el seu equip.<\/p>\n<p>\u2022 Configuraci\u00f3 per\u00a0<a href=\"https:\/\/support.google.com\/chrome\/answer\/95647?co=GENIE.Platform%3DDesktop&amp;hl=es\">Google Chrome<\/a><br \/>\n\u2022 Configuraci\u00f3 per\u00a0<a href=\"https:\/\/support.microsoft.com\/es-es\/help\/278835\/how-to-delete-cookie-files-in-internet-explorer\">Internet Explorer<\/a><br \/>\n\u2022 Configuraci\u00f3 per\u00a0<a href=\"https:\/\/support.apple.com\/es-es\/HT201265\">Safari<\/a><br \/>\n\u2022 Configuraci\u00f3 per\u00a0<a href=\"https:\/\/support.mozilla.org\/es\/kb\/habilitar-y-deshabilitar-cookies-sitios-web-rastrear-preferencias\">Mozilla Firefox<\/a><\/p>\n<p>Informaci\u00f3 sobre la identificaci\u00f3 de la persona que utilitza cookies<br \/>\nLa informaci\u00f3 obtinguda per les cookies \u00e9s tractada per ROSA CERVETO-MARTA MAS SL en la qual s&#8217;ha contractat la prestaci\u00f3 del servei d&#8217;anal\u00edtica amb Google Analytics on seguint l&#8217;enlla\u00e7 pot accedir a les seves condicions legals.<br \/>\nTamb\u00e9 pot haver-hi complements d&#8217;altres prove\u00efdors on, seguint els seg\u00fcents enlla\u00e7os, pot consultar les condicions legals relatives a les cookies de cadascun d&#8217;ells:<\/p>\n<p>\u2022 <a href=\"https:\/\/es-es.facebook.com\/policies\/cookies\/\">Facebook<\/a><br \/>\n\u2022 <a href=\"https:\/\/help.twitter.com\/es\/rules-and-policies\/twitter-cookies\">Twitter<\/a><br \/>\n\u2022 <a href=\"https:\/\/www.linkedin.com\/legal\/cookie-policy?_l=es_ES\">LinkedIn<\/a><br \/>\n\u2022 <a href=\"https:\/\/es-la.facebook.com\/help\/instagram\/155833707900388\/\">Instagram<\/a><br \/>\n\u2022 <a href=\"https:\/\/vimeo.com\/cookie_policy\">Vimeo<\/a><br \/>\n\u2022 <a href=\"https:\/\/www.youtube.com\/static?gl=ES&amp;template=terms&amp;hl=es\">Youtube<\/a><\/p>\n<p><strong>Actualitzaci\u00f3 de la pol\u00edtica de cookies<\/strong><\/p>\n<p>\u00c9s possible que, mitjan\u00e7ant noves interpretacions realitzades per l&#8217;\u00f2rgan regulador competent, jutges o tribunals, aquesta pol\u00edtica de cookies pugui ser modificada de manera que es demani a l&#8217;usuari que comprovi peri\u00f2dicament els seus continguts.<br \/>\nAix\u00ed mateix, ROSA CERVETO-MARTA MAS SL garanteix expressament als usuaris que les seves dades personals no seran cedides en cap cas a tercers sense sol\u00b7licitud de consentiment previ expr\u00e9s, informat i inequ\u00edvoc, per a la cessi\u00f3 expressa i inequ\u00edvoca, per a la cessi\u00f3 expressa i inequ\u00edvoca.<\/p>\n<p>No obstant aix\u00f2, ROSA CERVETO-MARTA MAS SL podr\u00e0 comunicar a l&#8217;autoritat p\u00fablica competent les dades personals, aix\u00ed com qualsevol altra informaci\u00f3 que estigui en el seu poder a trav\u00e9s dels seus sistemes inform\u00e0tics, pr\u00e8via sol\u00b7licitud, de conformitat amb les disposicions legals aplicables, aix\u00ed com que pugui comunicar a tercers les dades estrictament necess\u00e0ries per obligaci\u00f3 contractual.[\/vc_column_text][vc_empty_space height=&#8221;60px&#8221;][\/vc_column_inner][\/vc_row_inner][\/vc_column][\/vc_row]<\/p>\n","protected":false},"excerpt":{"rendered":"<p>[vc_row][vc_column][vc_row_inner][vc_column_inner][vc_empty_space height=&#8221;100px&#8221;][vc_column_text]Definici\u00f3 i funci\u00f3 de les cookies Per qu\u00e8 he d&#8217;informar de cookies? Dins del reglament LSSI-CE (Llei de la societat de la informaci\u00f3 i comer\u00e7 electr\u00f2nic), hi ha una secci\u00f3 dedicada a les cookies que requereix, a qui disposem [&hellip;]<\/p>\n","protected":false},"author":1,"featured_media":0,"parent":0,"menu_order":0,"comment_status":"closed","ping_status":"closed","template":"","meta":{"footnotes":""},"acf":[],"yoast_head":"<!-- This site is optimized with the Yoast SEO Premium plugin v23.0 (Yoast SEO v23.0) - https:\/\/yoast.com\/wordpress\/plugins\/seo\/ -->\n<title>Pol\u00edtica de cookies - Grao<\/title>\n<meta name=\"robots\" content=\"index, follow, max-snippet:-1, max-image-preview:large, max-video-preview:-1\" \/>\n<link rel=\"canonical\" href=\"https:\/\/grao.info\/ca\/politica-de-cookies\/\" \/>\n<meta property=\"og:locale\" content=\"ca_ES\" \/>\n<meta property=\"og:type\" content=\"article\" \/>\n<meta property=\"og:title\" content=\"Pol\u00edtica de cookies\" \/>\n<meta property=\"og:description\" content=\"[vc_row][vc_column][vc_row_inner][vc_column_inner][vc_empty_space height=&#8221;100px&#8221;][vc_column_text]Definici\u00f3 i funci\u00f3 de les cookies Per qu\u00e8 he d&#8217;informar de cookies? Dins del reglament LSSI-CE (Llei de la societat de la informaci\u00f3 i comer\u00e7 electr\u00f2nic), hi ha una secci\u00f3 dedicada a les cookies que requereix, a qui disposem [&hellip;]\" \/>\n<meta property=\"og:url\" content=\"https:\/\/grao.info\/ca\/politica-de-cookies\/\" \/>\n<meta property=\"og:site_name\" content=\"Grao\" \/>\n<meta property=\"article:modified_time\" content=\"2021-03-25T19:30:42+00:00\" \/>\n<meta name=\"twitter:card\" content=\"summary_large_image\" \/>\n<meta name=\"twitter:label1\" content=\"Temps estimat de lectura\" \/>\n\t<meta name=\"twitter:data1\" content=\"4 minuts\" \/>\n<script type=\"application\/ld+json\" class=\"yoast-schema-graph\">{\"@context\":\"https:\/\/schema.org\",\"@graph\":[{\"@type\":\"WebPage\",\"@id\":\"https:\/\/grao.info\/ca\/politica-de-cookies\/\",\"url\":\"https:\/\/grao.info\/ca\/politica-de-cookies\/\",\"name\":\"Pol\u00edtica de cookies - Grao\",\"isPartOf\":{\"@id\":\"https:\/\/grao.info\/ca\/#website\"},\"datePublished\":\"2021-02-23T12:18:14+00:00\",\"dateModified\":\"2021-03-25T19:30:42+00:00\",\"breadcrumb\":{\"@id\":\"https:\/\/grao.info\/ca\/politica-de-cookies\/#breadcrumb\"},\"inLanguage\":\"ca\",\"potentialAction\":[{\"@type\":\"ReadAction\",\"target\":[\"https:\/\/grao.info\/ca\/politica-de-cookies\/\"]}]},{\"@type\":\"BreadcrumbList\",\"@id\":\"https:\/\/grao.info\/ca\/politica-de-cookies\/#breadcrumb\",\"itemListElement\":[{\"@type\":\"ListItem\",\"position\":1,\"name\":\"Portada\",\"item\":\"https:\/\/grao.info\/ca\/\"},{\"@type\":\"ListItem\",\"position\":2,\"name\":\"Pol\u00edtica de cookies\"}]},{\"@type\":\"WebSite\",\"@id\":\"https:\/\/grao.info\/ca\/#website\",\"url\":\"https:\/\/grao.info\/ca\/\",\"name\":\"Grao\",\"description\":\"\",\"publisher\":{\"@id\":\"https:\/\/grao.info\/ca\/#organization\"},\"potentialAction\":[{\"@type\":\"SearchAction\",\"target\":{\"@type\":\"EntryPoint\",\"urlTemplate\":\"https:\/\/grao.info\/ca\/?s={search_term_string}\"},\"query-input\":\"required name=search_term_string\"}],\"inLanguage\":\"ca\"},{\"@type\":\"Organization\",\"@id\":\"https:\/\/grao.info\/ca\/#organization\",\"name\":\"Grao\",\"url\":\"https:\/\/grao.info\/ca\/\",\"logo\":{\"@type\":\"ImageObject\",\"inLanguage\":\"ca\",\"@id\":\"https:\/\/grao.info\/ca\/#\/schema\/logo\/image\/\",\"url\":\"https:\/\/grao.info\/wp-content\/uploads\/2022\/04\/logo-mobil-1.png\",\"contentUrl\":\"https:\/\/grao.info\/wp-content\/uploads\/2022\/04\/logo-mobil-1.png\",\"width\":275,\"height\":85,\"caption\":\"Grao\"},\"image\":{\"@id\":\"https:\/\/grao.info\/ca\/#\/schema\/logo\/image\/\"}}]}<\/script>\n<!-- \/ Yoast SEO Premium plugin. -->","yoast_head_json":{"title":"Pol\u00edtica de cookies - Grao","robots":{"index":"index","follow":"follow","max-snippet":"max-snippet:-1","max-image-preview":"max-image-preview:large","max-video-preview":"max-video-preview:-1"},"canonical":"https:\/\/grao.info\/ca\/politica-de-cookies\/","og_locale":"ca_ES","og_type":"article","og_title":"Pol\u00edtica de cookies","og_description":"[vc_row][vc_column][vc_row_inner][vc_column_inner][vc_empty_space height=&#8221;100px&#8221;][vc_column_text]Definici\u00f3 i funci\u00f3 de les cookies Per qu\u00e8 he d&#8217;informar de cookies? Dins del reglament LSSI-CE (Llei de la societat de la informaci\u00f3 i comer\u00e7 electr\u00f2nic), hi ha una secci\u00f3 dedicada a les cookies que requereix, a qui disposem [&hellip;]","og_url":"https:\/\/grao.info\/ca\/politica-de-cookies\/","og_site_name":"Grao","article_modified_time":"2021-03-25T19:30:42+00:00","twitter_card":"summary_large_image","twitter_misc":{"Temps estimat de lectura":"4 minuts"},"schema":{"@context":"https:\/\/schema.org","@graph":[{"@type":"WebPage","@id":"https:\/\/grao.info\/ca\/politica-de-cookies\/","url":"https:\/\/grao.info\/ca\/politica-de-cookies\/","name":"Pol\u00edtica de cookies - Grao","isPartOf":{"@id":"https:\/\/grao.info\/ca\/#website"},"datePublished":"2021-02-23T12:18:14+00:00","dateModified":"2021-03-25T19:30:42+00:00","breadcrumb":{"@id":"https:\/\/grao.info\/ca\/politica-de-cookies\/#breadcrumb"},"inLanguage":"ca","potentialAction":[{"@type":"ReadAction","target":["https:\/\/grao.info\/ca\/politica-de-cookies\/"]}]},{"@type":"BreadcrumbList","@id":"https:\/\/grao.info\/ca\/politica-de-cookies\/#breadcrumb","itemListElement":[{"@type":"ListItem","position":1,"name":"Portada","item":"https:\/\/grao.info\/ca\/"},{"@type":"ListItem","position":2,"name":"Pol\u00edtica de cookies"}]},{"@type":"WebSite","@id":"https:\/\/grao.info\/ca\/#website","url":"https:\/\/grao.info\/ca\/","name":"Grao","description":"","publisher":{"@id":"https:\/\/grao.info\/ca\/#organization"},"potentialAction":[{"@type":"SearchAction","target":{"@type":"EntryPoint","urlTemplate":"https:\/\/grao.info\/ca\/?s={search_term_string}"},"query-input":"required name=search_term_string"}],"inLanguage":"ca"},{"@type":"Organization","@id":"https:\/\/grao.info\/ca\/#organization","name":"Grao","url":"https:\/\/grao.info\/ca\/","logo":{"@type":"ImageObject","inLanguage":"ca","@id":"https:\/\/grao.info\/ca\/#\/schema\/logo\/image\/","url":"https:\/\/grao.info\/wp-content\/uploads\/2022\/04\/logo-mobil-1.png","contentUrl":"https:\/\/grao.info\/wp-content\/uploads\/2022\/04\/logo-mobil-1.png","width":275,"height":85,"caption":"Grao"},"image":{"@id":"https:\/\/grao.info\/ca\/#\/schema\/logo\/image\/"}}]}},"_links":{"self":[{"href":"https:\/\/grao.info\/ca\/wp-json\/wp\/v2\/pages\/6380"}],"collection":[{"href":"https:\/\/grao.info\/ca\/wp-json\/wp\/v2\/pages"}],"about":[{"href":"https:\/\/grao.info\/ca\/wp-json\/wp\/v2\/types\/page"}],"author":[{"embeddable":true,"href":"https:\/\/grao.info\/ca\/wp-json\/wp\/v2\/users\/1"}],"replies":[{"embeddable":true,"href":"https:\/\/grao.info\/ca\/wp-json\/wp\/v2\/comments?post=6380"}],"version-history":[{"count":0,"href":"https:\/\/grao.info\/ca\/wp-json\/wp\/v2\/pages\/6380\/revisions"}],"wp:attachment":[{"href":"https:\/\/grao.info\/ca\/wp-json\/wp\/v2\/media?parent=6380"}],"curies":[{"name":"wp","href":"https:\/\/api.w.org\/{rel}","templated":true}]}}