{"id":23671,"date":"2021-09-17T11:23:01","date_gmt":"2021-09-17T11:23:01","guid":{"rendered":"https:\/\/grao.info\/producto\/gracia-chair\/"},"modified":"2025-09-03T11:44:03","modified_gmt":"2025-09-03T11:44:03","slug":"catalana-1942","status":"publish","type":"product","link":"https:\/\/grao.info\/ca\/producte\/catalana-1942\/","title":{"rendered":"Catalana 1942"},"content":{"rendered":"","protected":false},"excerpt":{"rendered":"","protected":false},"featured_media":27468,"comment_status":"open","ping_status":"closed","template":"","meta":[],"pwb-brand":[1484],"product_cat":[149],"product_tag":[1035,2285],"acf":[],"yoast_head":"<!-- This site is optimized with the Yoast SEO Premium plugin v23.0 (Yoast SEO v23.0) - https:\/\/yoast.com\/wordpress\/plugins\/seo\/ -->\n<title>Catalana 1942 - Grao<\/title>\n<meta name=\"description\" content=\"Mobles 114 ha reeditat la butaca Catalana de Rodr\u00edguez Arias amb fusta de roure i seient trenat amb fibra natural de manufactura artesanal, respectant al m\u00e0xim possible el disseny original. Una butaca de fusta amb una marcada naturalesa mediterr\u00e0nia que destaca per les seves sis potes, el respatller alt i una inclinaci\u00f3 refor\u00e7ada per les potes posteriors, factors que li confereixen un car\u00e0cter actual i modern.\" \/>\n<meta name=\"robots\" content=\"index, follow, max-snippet:-1, max-image-preview:large, max-video-preview:-1\" \/>\n<link rel=\"canonical\" href=\"https:\/\/grao.info\/ca\/producte\/catalana-1942\/\" \/>\n<meta property=\"og:locale\" content=\"ca_ES\" \/>\n<meta property=\"og:type\" content=\"article\" \/>\n<meta property=\"og:title\" content=\"Catalana 1942\" \/>\n<meta property=\"og:description\" content=\"Mobles 114 ha reeditat la butaca Catalana de Rodr\u00edguez Arias amb fusta de roure i seient trenat amb fibra natural de manufactura artesanal, respectant al m\u00e0xim possible el disseny original. Una butaca de fusta amb una marcada naturalesa mediterr\u00e0nia que destaca per les seves sis potes, el respatller alt i una inclinaci\u00f3 refor\u00e7ada per les potes posteriors, factors que li confereixen un car\u00e0cter actual i modern.\" \/>\n<meta property=\"og:url\" content=\"https:\/\/grao.info\/ca\/producte\/catalana-1942\/\" \/>\n<meta property=\"og:site_name\" content=\"Grao\" \/>\n<meta property=\"article:modified_time\" content=\"2025-09-03T11:44:03+00:00\" \/>\n<meta property=\"og:image\" content=\"https:\/\/grao.info\/wp-content\/uploads\/2021\/09\/mobles114-classics-armchair-german-rodriguez-Catalana-1942-grao-05.jpg\" \/>\n\t<meta property=\"og:image:width\" content=\"1000\" \/>\n\t<meta property=\"og:image:height\" content=\"1000\" \/>\n\t<meta property=\"og:image:type\" content=\"image\/jpeg\" \/>\n<meta name=\"twitter:card\" content=\"summary_large_image\" \/>\n<meta name=\"twitter:label1\" content=\"Temps estimat de lectura\" \/>\n\t<meta name=\"twitter:data1\" content=\"1 minut\" \/>\n<script type=\"application\/ld+json\" class=\"yoast-schema-graph\">{\"@context\":\"https:\/\/schema.org\",\"@graph\":[{\"@type\":\"WebPage\",\"@id\":\"https:\/\/grao.info\/ca\/producte\/catalana-1942\/\",\"url\":\"https:\/\/grao.info\/ca\/producte\/catalana-1942\/\",\"name\":\"Catalana 1942 - Grao\",\"isPartOf\":{\"@id\":\"https:\/\/grao.info\/ca\/#website\"},\"primaryImageOfPage\":{\"@id\":\"https:\/\/grao.info\/ca\/producte\/catalana-1942\/#primaryimage\"},\"image\":{\"@id\":\"https:\/\/grao.info\/ca\/producte\/catalana-1942\/#primaryimage\"},\"thumbnailUrl\":\"https:\/\/grao.info\/wp-content\/uploads\/2021\/09\/mobles114-classics-armchair-german-rodriguez-Catalana-1942-grao-05.jpg\",\"datePublished\":\"2021-09-17T11:23:01+00:00\",\"dateModified\":\"2025-09-03T11:44:03+00:00\",\"description\":\"Mobles 114 ha reeditat la butaca Catalana de Rodr\u00edguez Arias amb fusta de roure i seient trenat amb fibra natural de manufactura artesanal, respectant al m\u00e0xim possible el disseny original. Una butaca de fusta amb una marcada naturalesa mediterr\u00e0nia que destaca per les seves sis potes, el respatller alt i una inclinaci\u00f3 refor\u00e7ada per les potes posteriors, factors que li confereixen un car\u00e0cter actual i modern.\",\"breadcrumb\":{\"@id\":\"https:\/\/grao.info\/ca\/producte\/catalana-1942\/#breadcrumb\"},\"inLanguage\":\"ca\",\"potentialAction\":[{\"@type\":\"ReadAction\",\"target\":[\"https:\/\/grao.info\/ca\/producte\/catalana-1942\/\"]}]},{\"@type\":\"ImageObject\",\"inLanguage\":\"ca\",\"@id\":\"https:\/\/grao.info\/ca\/producte\/catalana-1942\/#primaryimage\",\"url\":\"https:\/\/grao.info\/wp-content\/uploads\/2021\/09\/mobles114-classics-armchair-german-rodriguez-Catalana-1942-grao-05.jpg\",\"contentUrl\":\"https:\/\/grao.info\/wp-content\/uploads\/2021\/09\/mobles114-classics-armchair-german-rodriguez-Catalana-1942-grao-05.jpg\",\"width\":1000,\"height\":1000},{\"@type\":\"BreadcrumbList\",\"@id\":\"https:\/\/grao.info\/ca\/producte\/catalana-1942\/#breadcrumb\",\"itemListElement\":[{\"@type\":\"ListItem\",\"position\":1,\"name\":\"Portada\",\"item\":\"https:\/\/grao.info\/ca\/\"},{\"@type\":\"ListItem\",\"position\":2,\"name\":\"Tienda\",\"item\":\"https:\/\/grao.info\/es\/tienda\/\"},{\"@type\":\"ListItem\",\"position\":3,\"name\":\"Catalana 1942\"}]},{\"@type\":\"WebSite\",\"@id\":\"https:\/\/grao.info\/ca\/#website\",\"url\":\"https:\/\/grao.info\/ca\/\",\"name\":\"Grao\",\"description\":\"\",\"publisher\":{\"@id\":\"https:\/\/grao.info\/ca\/#organization\"},\"potentialAction\":[{\"@type\":\"SearchAction\",\"target\":{\"@type\":\"EntryPoint\",\"urlTemplate\":\"https:\/\/grao.info\/ca\/?s={search_term_string}\"},\"query-input\":\"required name=search_term_string\"}],\"inLanguage\":\"ca\"},{\"@type\":\"Organization\",\"@id\":\"https:\/\/grao.info\/ca\/#organization\",\"name\":\"Grao\",\"url\":\"https:\/\/grao.info\/ca\/\",\"logo\":{\"@type\":\"ImageObject\",\"inLanguage\":\"ca\",\"@id\":\"https:\/\/grao.info\/ca\/#\/schema\/logo\/image\/\",\"url\":\"https:\/\/grao.info\/wp-content\/uploads\/2022\/04\/logo-mobil-1.png\",\"contentUrl\":\"https:\/\/grao.info\/wp-content\/uploads\/2022\/04\/logo-mobil-1.png\",\"width\":275,\"height\":85,\"caption\":\"Grao\"},\"image\":{\"@id\":\"https:\/\/grao.info\/ca\/#\/schema\/logo\/image\/\"}}]}<\/script>\n<!-- \/ Yoast SEO Premium plugin. -->","yoast_head_json":{"title":"Catalana 1942 - Grao","description":"Mobles 114 ha reeditat la butaca Catalana de Rodr\u00edguez Arias amb fusta de roure i seient trenat amb fibra natural de manufactura artesanal, respectant al m\u00e0xim possible el disseny original. Una butaca de fusta amb una marcada naturalesa mediterr\u00e0nia que destaca per les seves sis potes, el respatller alt i una inclinaci\u00f3 refor\u00e7ada per les potes posteriors, factors que li confereixen un car\u00e0cter actual i modern.","robots":{"index":"index","follow":"follow","max-snippet":"max-snippet:-1","max-image-preview":"max-image-preview:large","max-video-preview":"max-video-preview:-1"},"canonical":"https:\/\/grao.info\/ca\/producte\/catalana-1942\/","og_locale":"ca_ES","og_type":"article","og_title":"Catalana 1942","og_description":"Mobles 114 ha reeditat la butaca Catalana de Rodr\u00edguez Arias amb fusta de roure i seient trenat amb fibra natural de manufactura artesanal, respectant al m\u00e0xim possible el disseny original. Una butaca de fusta amb una marcada naturalesa mediterr\u00e0nia que destaca per les seves sis potes, el respatller alt i una inclinaci\u00f3 refor\u00e7ada per les potes posteriors, factors que li confereixen un car\u00e0cter actual i modern.","og_url":"https:\/\/grao.info\/ca\/producte\/catalana-1942\/","og_site_name":"Grao","article_modified_time":"2025-09-03T11:44:03+00:00","og_image":[{"width":1000,"height":1000,"url":"https:\/\/grao.info\/wp-content\/uploads\/2021\/09\/mobles114-classics-armchair-german-rodriguez-Catalana-1942-grao-05.jpg","type":"image\/jpeg"}],"twitter_card":"summary_large_image","twitter_misc":{"Temps estimat de lectura":"1 minut"},"schema":{"@context":"https:\/\/schema.org","@graph":[{"@type":"WebPage","@id":"https:\/\/grao.info\/ca\/producte\/catalana-1942\/","url":"https:\/\/grao.info\/ca\/producte\/catalana-1942\/","name":"Catalana 1942 - Grao","isPartOf":{"@id":"https:\/\/grao.info\/ca\/#website"},"primaryImageOfPage":{"@id":"https:\/\/grao.info\/ca\/producte\/catalana-1942\/#primaryimage"},"image":{"@id":"https:\/\/grao.info\/ca\/producte\/catalana-1942\/#primaryimage"},"thumbnailUrl":"https:\/\/grao.info\/wp-content\/uploads\/2021\/09\/mobles114-classics-armchair-german-rodriguez-Catalana-1942-grao-05.jpg","datePublished":"2021-09-17T11:23:01+00:00","dateModified":"2025-09-03T11:44:03+00:00","description":"Mobles 114 ha reeditat la butaca Catalana de Rodr\u00edguez Arias amb fusta de roure i seient trenat amb fibra natural de manufactura artesanal, respectant al m\u00e0xim possible el disseny original. Una butaca de fusta amb una marcada naturalesa mediterr\u00e0nia que destaca per les seves sis potes, el respatller alt i una inclinaci\u00f3 refor\u00e7ada per les potes posteriors, factors que li confereixen un car\u00e0cter actual i modern.","breadcrumb":{"@id":"https:\/\/grao.info\/ca\/producte\/catalana-1942\/#breadcrumb"},"inLanguage":"ca","potentialAction":[{"@type":"ReadAction","target":["https:\/\/grao.info\/ca\/producte\/catalana-1942\/"]}]},{"@type":"ImageObject","inLanguage":"ca","@id":"https:\/\/grao.info\/ca\/producte\/catalana-1942\/#primaryimage","url":"https:\/\/grao.info\/wp-content\/uploads\/2021\/09\/mobles114-classics-armchair-german-rodriguez-Catalana-1942-grao-05.jpg","contentUrl":"https:\/\/grao.info\/wp-content\/uploads\/2021\/09\/mobles114-classics-armchair-german-rodriguez-Catalana-1942-grao-05.jpg","width":1000,"height":1000},{"@type":"BreadcrumbList","@id":"https:\/\/grao.info\/ca\/producte\/catalana-1942\/#breadcrumb","itemListElement":[{"@type":"ListItem","position":1,"name":"Portada","item":"https:\/\/grao.info\/ca\/"},{"@type":"ListItem","position":2,"name":"Tienda","item":"https:\/\/grao.info\/es\/tienda\/"},{"@type":"ListItem","position":3,"name":"Catalana 1942"}]},{"@type":"WebSite","@id":"https:\/\/grao.info\/ca\/#website","url":"https:\/\/grao.info\/ca\/","name":"Grao","description":"","publisher":{"@id":"https:\/\/grao.info\/ca\/#organization"},"potentialAction":[{"@type":"SearchAction","target":{"@type":"EntryPoint","urlTemplate":"https:\/\/grao.info\/ca\/?s={search_term_string}"},"query-input":"required name=search_term_string"}],"inLanguage":"ca"},{"@type":"Organization","@id":"https:\/\/grao.info\/ca\/#organization","name":"Grao","url":"https:\/\/grao.info\/ca\/","logo":{"@type":"ImageObject","inLanguage":"ca","@id":"https:\/\/grao.info\/ca\/#\/schema\/logo\/image\/","url":"https:\/\/grao.info\/wp-content\/uploads\/2022\/04\/logo-mobil-1.png","contentUrl":"https:\/\/grao.info\/wp-content\/uploads\/2022\/04\/logo-mobil-1.png","width":275,"height":85,"caption":"Grao"},"image":{"@id":"https:\/\/grao.info\/ca\/#\/schema\/logo\/image\/"}}]}},"brands":[{"id":1484,"name":"Mobles 114","slug":"mobles-114-ca"}],"_links":{"self":[{"href":"https:\/\/grao.info\/ca\/wp-json\/wp\/v2\/product\/23671"}],"collection":[{"href":"https:\/\/grao.info\/ca\/wp-json\/wp\/v2\/product"}],"about":[{"href":"https:\/\/grao.info\/ca\/wp-json\/wp\/v2\/types\/product"}],"replies":[{"embeddable":true,"href":"https:\/\/grao.info\/ca\/wp-json\/wp\/v2\/comments?post=23671"}],"wp:featuredmedia":[{"embeddable":true,"href":"https:\/\/grao.info\/ca\/wp-json\/wp\/v2\/media\/27468"}],"wp:attachment":[{"href":"https:\/\/grao.info\/ca\/wp-json\/wp\/v2\/media?parent=23671"}],"wp:term":[{"taxonomy":"pwb-brand","embeddable":true,"href":"https:\/\/grao.info\/ca\/wp-json\/wp\/v2\/pwb-brand?post=23671"},{"taxonomy":"product_cat","embeddable":true,"href":"https:\/\/grao.info\/ca\/wp-json\/wp\/v2\/product_cat?post=23671"},{"taxonomy":"product_tag","embeddable":true,"href":"https:\/\/grao.info\/ca\/wp-json\/wp\/v2\/product_tag?post=23671"}],"curies":[{"name":"wp","href":"https:\/\/api.w.org\/{rel}","templated":true}]}}