{"id":22712,"date":"2021-03-12T17:19:53","date_gmt":"2021-03-12T17:19:53","guid":{"rendered":"https:\/\/grao.info\/brands__trashed\/carl-hansen\/"},"modified":"2026-02-05T18:01:38","modified_gmt":"2026-02-05T18:01:38","slug":"carl-hansen","status":"publish","type":"page","link":"https:\/\/grao.info\/en\/brands\/carl-hansen\/","title":{"rendered":"Carl Hansen &#038; Son"},"content":{"rendered":"<p>[vc_row equal_height=&#8221;yes&#8221; content_placement=&#8221;bottom&#8221;][vc_column width=&#8221;2\/3&#8243;]<div class=\"edgtf-image-gallery  edgtf-ig-grid-type edgtf-large-space edgtf-has-shadow edgtf-image-behavior-lightbox \">\n\t<div class=\"edgtf-ig-inner edgtf-outer-space edgtf-ig-grid edgtf-ig-three-columns\">\n\t\t\t\t\t<div class=\"edgtf-ig-image edgtf-item-space\">\n\t\t\t\t<div class=\"edgtf-ig-image-inner\">\n\t\t\t\t\t\t\t\t\t\t\t<a itemprop=\"image\" class=\"edgtf-ig-lightbox\" href=\"https:\/\/grao.info\/wp-content\/uploads\/2021\/05\/BM0253-I-BM0865-I-AJ52.png\" data-rel=\"prettyPhoto[image_gallery_pretty_photo-858]\" title=\"BM0253 I BM0865 I AJ52\">\n\t\t\t\t\t\t\t\t\t\t\t<img loading=\"lazy\" decoding=\"async\" src=\"https:\/\/grao.info\/wp-content\/uploads\/2021\/05\/BM0253-I-BM0865-I-AJ52-320x220.png\" alt=\"\" width=\"320\" height=\"220\" \/>\t\t\t\t\t\t\t\t\t\t\t<\/a>\n\t\t\t\t\t\t\t\t\t<\/div>\n\t\t\t<\/div>\n\t\t\t\t\t<div class=\"edgtf-ig-image edgtf-item-space\">\n\t\t\t\t<div class=\"edgtf-ig-image-inner\">\n\t\t\t\t\t\t\t\t\t\t\t<a itemprop=\"image\" class=\"edgtf-ig-lightbox\" href=\"https:\/\/grao.info\/wp-content\/uploads\/2021\/05\/CH23-I-CH26-I-CH327.png\" data-rel=\"prettyPhoto[image_gallery_pretty_photo-858]\" title=\"CH23 I CH26 I CH327\">\n\t\t\t\t\t\t\t\t\t\t\t<img loading=\"lazy\" decoding=\"async\" src=\"https:\/\/grao.info\/wp-content\/uploads\/2021\/05\/CH23-I-CH26-I-CH327-320x220.png\" alt=\"\" width=\"320\" height=\"220\" \/>\t\t\t\t\t\t\t\t\t\t\t<\/a>\n\t\t\t\t\t\t\t\t\t<\/div>\n\t\t\t<\/div>\n\t\t\t\t\t<div class=\"edgtf-ig-image edgtf-item-space\">\n\t\t\t\t<div class=\"edgtf-ig-image-inner\">\n\t\t\t\t\t\t\t\t\t\t\t<a itemprop=\"image\" class=\"edgtf-ig-lightbox\" href=\"https:\/\/grao.info\/wp-content\/uploads\/2021\/05\/BM5568-I-BM5868-I-BM5768.png\" data-rel=\"prettyPhoto[image_gallery_pretty_photo-858]\" title=\"BM5568 I BM5868 I BM5768\">\n\t\t\t\t\t\t\t\t\t\t\t<img loading=\"lazy\" decoding=\"async\" src=\"https:\/\/grao.info\/wp-content\/uploads\/2021\/05\/BM5568-I-BM5868-I-BM5768-320x220.png\" alt=\"\" width=\"320\" height=\"220\" \/>\t\t\t\t\t\t\t\t\t\t\t<\/a>\n\t\t\t\t\t\t\t\t\t<\/div>\n\t\t\t<\/div>\n\t\t\t\t\t<div class=\"edgtf-ig-image edgtf-item-space\">\n\t\t\t\t<div class=\"edgtf-ig-image-inner\">\n\t\t\t\t\t\t\t\t\t\t\t<a itemprop=\"image\" class=\"edgtf-ig-lightbox\" href=\"https:\/\/grao.info\/wp-content\/uploads\/2021\/05\/CH24-I-CH337.png\" data-rel=\"prettyPhoto[image_gallery_pretty_photo-858]\" title=\"CH24 I CH337\">\n\t\t\t\t\t\t\t\t\t\t\t<img loading=\"lazy\" decoding=\"async\" src=\"https:\/\/grao.info\/wp-content\/uploads\/2021\/05\/CH24-I-CH337-320x220.png\" alt=\"\" width=\"320\" height=\"220\" \/>\t\t\t\t\t\t\t\t\t\t\t<\/a>\n\t\t\t\t\t\t\t\t\t<\/div>\n\t\t\t<\/div>\n\t\t\t\t\t<div class=\"edgtf-ig-image edgtf-item-space\">\n\t\t\t\t<div class=\"edgtf-ig-image-inner\">\n\t\t\t\t\t\t\t\t\t\t\t<a itemprop=\"image\" class=\"edgtf-ig-lightbox\" href=\"https:\/\/grao.info\/wp-content\/uploads\/2021\/05\/BM0865-I-BM0488.png\" data-rel=\"prettyPhoto[image_gallery_pretty_photo-858]\" title=\"BM0865 I BM0488\">\n\t\t\t\t\t\t\t\t\t\t\t<img loading=\"lazy\" decoding=\"async\" src=\"https:\/\/grao.info\/wp-content\/uploads\/2021\/05\/BM0865-I-BM0488-320x220.png\" alt=\"\" width=\"320\" height=\"220\" \/>\t\t\t\t\t\t\t\t\t\t\t<\/a>\n\t\t\t\t\t\t\t\t\t<\/div>\n\t\t\t<\/div>\n\t\t\t\t\t<div class=\"edgtf-ig-image edgtf-item-space\">\n\t\t\t\t<div class=\"edgtf-ig-image-inner\">\n\t\t\t\t\t\t\t\t\t\t\t<a itemprop=\"image\" class=\"edgtf-ig-lightbox\" href=\"https:\/\/grao.info\/wp-content\/uploads\/2021\/05\/CH25-I-CH22-I-CH23-I-CH24.png\" data-rel=\"prettyPhoto[image_gallery_pretty_photo-858]\" title=\"CH25 I CH22 I CH23 I CH24\">\n\t\t\t\t\t\t\t\t\t\t\t<img loading=\"lazy\" decoding=\"async\" src=\"https:\/\/grao.info\/wp-content\/uploads\/2021\/05\/CH25-I-CH22-I-CH23-I-CH24-320x220.png\" alt=\"\" width=\"320\" height=\"220\" \/>\t\t\t\t\t\t\t\t\t\t\t<\/a>\n\t\t\t\t\t\t\t\t\t<\/div>\n\t\t\t<\/div>\n\t\t\t<\/div>\n<\/div>[\/vc_column][vc_column width=&#8221;1\/3&#8243;][vc_column_text]When you choose a product from <strong>Carl Hansen &amp; S\u00f8n<\/strong>, you get more than just a piece of furniture. You become part of a proud tradition of distinctive and beautiful craftsmanship, where nothing has been left to chance. The world\u2019s largest manufacturer of furniture designed by Hans J. Wegner, we also produce works by renowned design masters such as Arne Jacobsen, B\u00f8rge Mogensen, Ole Wanscher, Kaare Klint, Poul Kj\u00e6rholm, Bodil Kj\u00e6r, and Tadao Ando. <strong>Carl Hansen &amp; S\u00f8n <\/strong>represents over 100 years of Danish design history and our furniture is sold all over the world.[\/vc_column_text][vc_row_inner][vc_column_inner][vc_column_text]<a href=\"https:\/\/www.carlhansen.com\/\">www.carlhansen.com<\/a>[\/vc_column_text][\/vc_column_inner][\/vc_row_inner][\/vc_column][\/vc_row][vc_row][vc_column css=&#8221;.vc_custom_1615488032930{padding-top: 60px !important;}&#8221;][vc_row_inner][vc_column_inner]<div class=\"edgtf-separator-holder clearfix  edgtf-separator-center edgtf-separator-vertical\">\n\t<div class=\"edgtf-separator\" style=\"border-color: #333333;border-style: solid;height: 30px;border-left-width: 2px\"><\/div>\n<\/div>\n[vc_custom_heading text=&#8221;SELECTED PRODUCTS&#8221; font_container=&#8221;tag:h3|font_size:32px|text_align:center|color:%233d3935|line_height:1.6&#8243; google_fonts=&#8221;font_family:Roboto%3A100%2C100italic%2C300%2C300italic%2Cregular%2Citalic%2C500%2C500italic%2C700%2C700italic%2C900%2C900italic|font_style:700%20bold%20regular%3A700%3Anormal&#8221;]<div class=\"edgtf-separator-holder clearfix  edgtf-separator-center edgtf-separator-vertical\">\n\t<div class=\"edgtf-separator\" style=\"border-color: #333333;border-style: solid;height: 30px;border-left-width: 2px\"><\/div>\n<\/div>\n[\/vc_column_inner][\/vc_row_inner][\/vc_column][\/vc_row][vc_row][vc_column css=&#8221;.vc_custom_1615565554899{padding-top: 60px !important;}&#8221;][vc_row_inner][vc_column_inner width=&#8221;1\/5&#8243;]<div class=\"edgtf-single-image-holder  edgtf-has-shadow edgtf-image-behavior-custom-link\">\n    <div class=\"edgtf-si-inner\" >\n        \t            <a itemprop=\"url\" href=\"\/en\/product\/silla-ch24\/\" target=\"_self\">\n                                    <img loading=\"lazy\" decoding=\"async\" width=\"550\" height=\"550\" src=\"https:\/\/grao.info\/wp-content\/uploads\/2021\/05\/CH24.png\" class=\"attachment-full size-full\" alt=\"\" srcset=\"https:\/\/grao.info\/wp-content\/uploads\/2021\/05\/CH24.png 550w, https:\/\/grao.info\/wp-content\/uploads\/2021\/05\/CH24-300x300.png 300w, https:\/\/grao.info\/wp-content\/uploads\/2021\/05\/CH24-150x150.png 150w, https:\/\/grao.info\/wp-content\/uploads\/2021\/05\/CH24-100x100.png 100w\" sizes=\"(max-width: 550px) 100vw, 550px\" \/>                                <\/a>\n            <\/div>\n<\/div>[vc_column_text]<\/p>\n<p style=\"text-align: center;\">CH24 \/ WISHBONE<\/p>\n<p>[\/vc_column_text][\/vc_column_inner][vc_column_inner width=&#8221;1\/5&#8243;]<div class=\"edgtf-single-image-holder  edgtf-has-shadow edgtf-image-behavior-custom-link\">\n    <div class=\"edgtf-si-inner\" >\n        \t            <a itemprop=\"url\" href=\"\/en\/product\/mesa-bm1771\/\" target=\"_self\">\n                                    <img loading=\"lazy\" decoding=\"async\" width=\"550\" height=\"550\" src=\"https:\/\/grao.info\/wp-content\/uploads\/2021\/05\/BM-1771.5.png\" class=\"attachment-full size-full\" alt=\"\" srcset=\"https:\/\/grao.info\/wp-content\/uploads\/2021\/05\/BM-1771.5.png 550w, https:\/\/grao.info\/wp-content\/uploads\/2021\/05\/BM-1771.5-300x300.png 300w, https:\/\/grao.info\/wp-content\/uploads\/2021\/05\/BM-1771.5-150x150.png 150w, https:\/\/grao.info\/wp-content\/uploads\/2021\/05\/BM-1771.5-100x100.png 100w\" sizes=\"(max-width: 550px) 100vw, 550px\" \/>                                <\/a>\n            <\/div>\n<\/div>[vc_column_text]<\/p>\n<p style=\"text-align: center;\">BM1771 &#8211; BM1871<\/p>\n<p>[\/vc_column_text][\/vc_column_inner][vc_column_inner width=&#8221;1\/5&#8243;]<div class=\"edgtf-single-image-holder  edgtf-has-shadow edgtf-image-behavior-custom-link\">\n    <div class=\"edgtf-si-inner\" >\n        \t            <a itemprop=\"url\" href=\"\/en\/product\/sofa-ch162\/\" target=\"_self\">\n                                    <img loading=\"lazy\" decoding=\"async\" width=\"550\" height=\"550\" src=\"https:\/\/grao.info\/wp-content\/uploads\/2021\/05\/CH162.2.png\" class=\"attachment-full size-full\" alt=\"\" srcset=\"https:\/\/grao.info\/wp-content\/uploads\/2021\/05\/CH162.2.png 550w, https:\/\/grao.info\/wp-content\/uploads\/2021\/05\/CH162.2-300x300.png 300w, https:\/\/grao.info\/wp-content\/uploads\/2021\/05\/CH162.2-150x150.png 150w, https:\/\/grao.info\/wp-content\/uploads\/2021\/05\/CH162.2-100x100.png 100w\" sizes=\"(max-width: 550px) 100vw, 550px\" \/>                                <\/a>\n            <\/div>\n<\/div>[vc_column_text]<\/p>\n<p style=\"text-align: center;\">CH162<\/p>\n<p>[\/vc_column_text][\/vc_column_inner][vc_column_inner width=&#8221;1\/5&#8243;]<div class=\"edgtf-single-image-holder  edgtf-has-shadow edgtf-image-behavior-custom-link\">\n    <div class=\"edgtf-si-inner\" >\n        \t            <a itemprop=\"url\" href=\"\/en\/product\/escritorio-aj52\/\" target=\"_self\">\n                                    <img loading=\"lazy\" decoding=\"async\" width=\"550\" height=\"550\" src=\"https:\/\/grao.info\/wp-content\/uploads\/2021\/05\/AJ-5.png\" class=\"attachment-full size-full\" alt=\"\" srcset=\"https:\/\/grao.info\/wp-content\/uploads\/2021\/05\/AJ-5.png 550w, https:\/\/grao.info\/wp-content\/uploads\/2021\/05\/AJ-5-300x300.png 300w, https:\/\/grao.info\/wp-content\/uploads\/2021\/05\/AJ-5-150x150.png 150w, https:\/\/grao.info\/wp-content\/uploads\/2021\/05\/AJ-5-100x100.png 100w\" sizes=\"(max-width: 550px) 100vw, 550px\" \/>                                <\/a>\n            <\/div>\n<\/div>[vc_column_text]<\/p>\n<p style=\"text-align: center;\">AJ52 \/ SOCIETY TABLE<\/p>\n<p>[\/vc_column_text][\/vc_column_inner][vc_column_inner width=&#8221;1\/5&#8243;]<div class=\"edgtf-single-image-holder  edgtf-has-shadow edgtf-image-behavior-custom-link\">\n    <div class=\"edgtf-si-inner\" >\n        \t            <a itemprop=\"url\" href=\"\/en\/product\/butaca-cuba-chair\/\" target=\"_self\">\n                                    <img loading=\"lazy\" decoding=\"async\" width=\"550\" height=\"550\" src=\"https:\/\/grao.info\/wp-content\/uploads\/2021\/05\/MG501.3-e1621527094904.png\" class=\"attachment-full size-full\" alt=\"\" srcset=\"https:\/\/grao.info\/wp-content\/uploads\/2021\/05\/MG501.3-e1621527094904.png 550w, https:\/\/grao.info\/wp-content\/uploads\/2021\/05\/MG501.3-e1621527094904-300x300.png 300w, https:\/\/grao.info\/wp-content\/uploads\/2021\/05\/MG501.3-e1621527094904-150x150.png 150w, https:\/\/grao.info\/wp-content\/uploads\/2021\/05\/MG501.3-e1621527094904-100x100.png 100w\" sizes=\"(max-width: 550px) 100vw, 550px\" \/>                                <\/a>\n            <\/div>\n<\/div>[vc_column_text]<\/p>\n<p style=\"text-align: center;\">MG501 \/ CUBA CHAIR<\/p>\n<p>[\/vc_column_text][\/vc_column_inner][\/vc_row_inner][\/vc_column][\/vc_row][vc_row][vc_column css=&#8221;.vc_custom_1615565597146{padding-top: 30px !important;}&#8221;][vc_row_inner][vc_column_inner width=&#8221;1\/5&#8243;]<div class=\"edgtf-single-image-holder  edgtf-has-shadow edgtf-image-behavior-custom-link\">\n    <div class=\"edgtf-si-inner\" >\n        \t            <a itemprop=\"url\" href=\"\/en\/product\/butaca-ch25\/\" target=\"_self\">\n                                    <img loading=\"lazy\" decoding=\"async\" width=\"550\" height=\"550\" src=\"https:\/\/grao.info\/wp-content\/uploads\/2021\/05\/CH25.3-1.png\" class=\"attachment-full size-full\" alt=\"\" srcset=\"https:\/\/grao.info\/wp-content\/uploads\/2021\/05\/CH25.3-1.png 550w, https:\/\/grao.info\/wp-content\/uploads\/2021\/05\/CH25.3-1-300x300.png 300w, https:\/\/grao.info\/wp-content\/uploads\/2021\/05\/CH25.3-1-150x150.png 150w, https:\/\/grao.info\/wp-content\/uploads\/2021\/05\/CH25.3-1-100x100.png 100w\" sizes=\"(max-width: 550px) 100vw, 550px\" \/>                                <\/a>\n            <\/div>\n<\/div>[vc_column_text]<\/p>\n<p style=\"text-align: center;\">CH25 \/ LOUNGE CHAIR<\/p>\n<p>[\/vc_column_text][\/vc_column_inner][vc_column_inner width=&#8221;1\/5&#8243;]<div class=\"edgtf-single-image-holder  edgtf-has-shadow edgtf-image-behavior-custom-link\">\n    <div class=\"edgtf-si-inner\" >\n        \t            <a itemprop=\"url\" href=\"\/en\/product\/silla-ch20\/\" target=\"_self\">\n                                    <img loading=\"lazy\" decoding=\"async\" width=\"550\" height=\"550\" src=\"https:\/\/grao.info\/wp-content\/uploads\/2021\/05\/CH20.png\" class=\"attachment-full size-full\" alt=\"\" srcset=\"https:\/\/grao.info\/wp-content\/uploads\/2021\/05\/CH20.png 550w, https:\/\/grao.info\/wp-content\/uploads\/2021\/05\/CH20-300x300.png 300w, https:\/\/grao.info\/wp-content\/uploads\/2021\/05\/CH20-150x150.png 150w, https:\/\/grao.info\/wp-content\/uploads\/2021\/05\/CH20-100x100.png 100w\" sizes=\"(max-width: 550px) 100vw, 550px\" \/>                                <\/a>\n            <\/div>\n<\/div>[vc_column_text]<\/p>\n<p style=\"text-align: center;\">CH20 \/ ELBOW CHAIR<\/p>\n<p>[\/vc_column_text][\/vc_column_inner][vc_column_inner width=&#8221;1\/5&#8243;]<div class=\"edgtf-single-image-holder  edgtf-has-shadow edgtf-image-behavior-custom-link\">\n    <div class=\"edgtf-si-inner\" >\n        \t            <a itemprop=\"url\" href=\"\/en\/product\/banco-bm0488\/\" target=\"_self\">\n                                    <img loading=\"lazy\" decoding=\"async\" width=\"550\" height=\"550\" src=\"https:\/\/grao.info\/wp-content\/uploads\/2021\/05\/BM0488.png\" class=\"attachment-full size-full\" alt=\"\" srcset=\"https:\/\/grao.info\/wp-content\/uploads\/2021\/05\/BM0488.png 550w, https:\/\/grao.info\/wp-content\/uploads\/2021\/05\/BM0488-300x300.png 300w, https:\/\/grao.info\/wp-content\/uploads\/2021\/05\/BM0488-150x150.png 150w, https:\/\/grao.info\/wp-content\/uploads\/2021\/05\/BM0488-100x100.png 100w\" sizes=\"(max-width: 550px) 100vw, 550px\" \/>                                <\/a>\n            <\/div>\n<\/div>[vc_column_text]<\/p>\n<p style=\"text-align: center;\">BM0488<\/p>\n<p>[\/vc_column_text][\/vc_column_inner][vc_column_inner width=&#8221;1\/5&#8243;]<div class=\"edgtf-single-image-holder  edgtf-has-shadow edgtf-image-behavior-custom-link\">\n    <div class=\"edgtf-si-inner\" >\n        \t            <a itemprop=\"url\" href=\"\/en\/product\/silla-ch23\/\" target=\"_self\">\n                                    <img loading=\"lazy\" decoding=\"async\" width=\"550\" height=\"550\" src=\"https:\/\/grao.info\/wp-content\/uploads\/2021\/05\/CH23.2-1.png\" class=\"attachment-full size-full\" alt=\"\" srcset=\"https:\/\/grao.info\/wp-content\/uploads\/2021\/05\/CH23.2-1.png 550w, https:\/\/grao.info\/wp-content\/uploads\/2021\/05\/CH23.2-1-300x300.png 300w, https:\/\/grao.info\/wp-content\/uploads\/2021\/05\/CH23.2-1-150x150.png 150w, https:\/\/grao.info\/wp-content\/uploads\/2021\/05\/CH23.2-1-100x100.png 100w\" sizes=\"(max-width: 550px) 100vw, 550px\" \/>                                <\/a>\n            <\/div>\n<\/div>[vc_column_text]<\/p>\n<p style=\"text-align: center;\">CH23<\/p>\n<p>[\/vc_column_text][\/vc_column_inner][vc_column_inner width=&#8221;1\/5&#8243;]<div class=\"edgtf-single-image-holder  edgtf-has-shadow edgtf-image-behavior-custom-link\">\n    <div class=\"edgtf-si-inner\" >\n        \t            <a itemprop=\"url\" href=\"\/en\/product\/mesa-ch327\/\" target=\"_self\">\n                                    <img loading=\"lazy\" decoding=\"async\" width=\"550\" height=\"550\" src=\"https:\/\/grao.info\/wp-content\/uploads\/2021\/05\/CH327-1.png\" class=\"attachment-full size-full\" alt=\"\" srcset=\"https:\/\/grao.info\/wp-content\/uploads\/2021\/05\/CH327-1.png 550w, https:\/\/grao.info\/wp-content\/uploads\/2021\/05\/CH327-1-300x300.png 300w, https:\/\/grao.info\/wp-content\/uploads\/2021\/05\/CH327-1-150x150.png 150w, https:\/\/grao.info\/wp-content\/uploads\/2021\/05\/CH327-1-100x100.png 100w\" sizes=\"(max-width: 550px) 100vw, 550px\" \/>                                <\/a>\n            <\/div>\n<\/div>[vc_column_text]<\/p>\n<p style=\"text-align: center;\">CH327<\/p>\n<p>[\/vc_column_text][\/vc_column_inner][\/vc_row_inner][vc_empty_space height=&#8221;100px&#8221;][\/vc_column][\/vc_row]<\/p>\n","protected":false},"excerpt":{"rendered":"<p>[vc_row equal_height=&#8221;yes&#8221; content_placement=&#8221;bottom&#8221;][vc_column width=&#8221;2\/3&#8243;][\/vc_column][vc_column width=&#8221;1\/3&#8243;][vc_column_text]When you choose a product from Carl Hansen &amp; S\u00f8n, you get more than just a piece of furniture. You become part of a proud tradition of distinctive and beautiful craftsmanship, where nothing has been left [&hellip;]<\/p>\n","protected":false},"author":1,"featured_media":0,"parent":22825,"menu_order":0,"comment_status":"closed","ping_status":"closed","template":"","meta":{"footnotes":""},"acf":[],"yoast_head":"<!-- This site is optimized with the Yoast SEO Premium plugin v23.0 (Yoast SEO v23.0) - https:\/\/yoast.com\/wordpress\/plugins\/seo\/ -->\n<title>Carl Hansen &amp; Son - Grao<\/title>\n<meta name=\"robots\" content=\"index, follow, max-snippet:-1, max-image-preview:large, max-video-preview:-1\" \/>\n<link rel=\"canonical\" href=\"https:\/\/grao.info\/en\/brands\/carl-hansen\/\" \/>\n<meta property=\"og:locale\" content=\"en_US\" \/>\n<meta property=\"og:type\" content=\"article\" \/>\n<meta property=\"og:title\" content=\"Carl Hansen &amp; Son\" \/>\n<meta property=\"og:description\" content=\"[vc_row equal_height=&#8221;yes&#8221; content_placement=&#8221;bottom&#8221;][vc_column width=&#8221;2\/3&#8243;][\/vc_column][vc_column width=&#8221;1\/3&#8243;][vc_column_text]When you choose a product from Carl Hansen &amp; S\u00f8n, you get more than just a piece of furniture. You become part of a proud tradition of distinctive and beautiful craftsmanship, where nothing has been left [&hellip;]\" \/>\n<meta property=\"og:url\" content=\"https:\/\/grao.info\/en\/brands\/carl-hansen\/\" \/>\n<meta property=\"og:site_name\" content=\"Grao\" \/>\n<meta property=\"article:modified_time\" content=\"2026-02-05T18:01:38+00:00\" \/>\n<meta name=\"twitter:card\" content=\"summary_large_image\" \/>\n<meta name=\"twitter:label1\" content=\"Est. reading time\" \/>\n\t<meta name=\"twitter:data1\" content=\"1 minute\" \/>\n<script type=\"application\/ld+json\" class=\"yoast-schema-graph\">{\"@context\":\"https:\/\/schema.org\",\"@graph\":[{\"@type\":\"WebPage\",\"@id\":\"https:\/\/grao.info\/en\/brands\/carl-hansen\/\",\"url\":\"https:\/\/grao.info\/en\/brands\/carl-hansen\/\",\"name\":\"Carl Hansen & Son - Grao\",\"isPartOf\":{\"@id\":\"https:\/\/grao.info\/en\/#website\"},\"datePublished\":\"2021-03-12T17:19:53+00:00\",\"dateModified\":\"2026-02-05T18:01:38+00:00\",\"breadcrumb\":{\"@id\":\"https:\/\/grao.info\/en\/brands\/carl-hansen\/#breadcrumb\"},\"inLanguage\":\"en-US\",\"potentialAction\":[{\"@type\":\"ReadAction\",\"target\":[\"https:\/\/grao.info\/en\/brands\/carl-hansen\/\"]}]},{\"@type\":\"BreadcrumbList\",\"@id\":\"https:\/\/grao.info\/en\/brands\/carl-hansen\/#breadcrumb\",\"itemListElement\":[{\"@type\":\"ListItem\",\"position\":1,\"name\":\"Portada\",\"item\":\"https:\/\/grao.info\/en\/\"},{\"@type\":\"ListItem\",\"position\":2,\"name\":\"Brands\",\"item\":\"https:\/\/grao.info\/en\/brands\/\"},{\"@type\":\"ListItem\",\"position\":3,\"name\":\"Carl Hansen &#038; Son\"}]},{\"@type\":\"WebSite\",\"@id\":\"https:\/\/grao.info\/en\/#website\",\"url\":\"https:\/\/grao.info\/en\/\",\"name\":\"Grao\",\"description\":\"\",\"publisher\":{\"@id\":\"https:\/\/grao.info\/en\/#organization\"},\"potentialAction\":[{\"@type\":\"SearchAction\",\"target\":{\"@type\":\"EntryPoint\",\"urlTemplate\":\"https:\/\/grao.info\/en\/?s={search_term_string}\"},\"query-input\":\"required name=search_term_string\"}],\"inLanguage\":\"en-US\"},{\"@type\":\"Organization\",\"@id\":\"https:\/\/grao.info\/en\/#organization\",\"name\":\"Grao\",\"url\":\"https:\/\/grao.info\/en\/\",\"logo\":{\"@type\":\"ImageObject\",\"inLanguage\":\"en-US\",\"@id\":\"https:\/\/grao.info\/en\/#\/schema\/logo\/image\/\",\"url\":\"https:\/\/grao.info\/wp-content\/uploads\/2022\/04\/logo-mobil-1.png\",\"contentUrl\":\"https:\/\/grao.info\/wp-content\/uploads\/2022\/04\/logo-mobil-1.png\",\"width\":275,\"height\":85,\"caption\":\"Grao\"},\"image\":{\"@id\":\"https:\/\/grao.info\/en\/#\/schema\/logo\/image\/\"}}]}<\/script>\n<!-- \/ Yoast SEO Premium plugin. -->","yoast_head_json":{"title":"Carl Hansen & Son - Grao","robots":{"index":"index","follow":"follow","max-snippet":"max-snippet:-1","max-image-preview":"max-image-preview:large","max-video-preview":"max-video-preview:-1"},"canonical":"https:\/\/grao.info\/en\/brands\/carl-hansen\/","og_locale":"en_US","og_type":"article","og_title":"Carl Hansen & Son","og_description":"[vc_row equal_height=&#8221;yes&#8221; content_placement=&#8221;bottom&#8221;][vc_column width=&#8221;2\/3&#8243;][\/vc_column][vc_column width=&#8221;1\/3&#8243;][vc_column_text]When you choose a product from Carl Hansen &amp; S\u00f8n, you get more than just a piece of furniture. You become part of a proud tradition of distinctive and beautiful craftsmanship, where nothing has been left [&hellip;]","og_url":"https:\/\/grao.info\/en\/brands\/carl-hansen\/","og_site_name":"Grao","article_modified_time":"2026-02-05T18:01:38+00:00","twitter_card":"summary_large_image","twitter_misc":{"Est. reading time":"1 minute"},"schema":{"@context":"https:\/\/schema.org","@graph":[{"@type":"WebPage","@id":"https:\/\/grao.info\/en\/brands\/carl-hansen\/","url":"https:\/\/grao.info\/en\/brands\/carl-hansen\/","name":"Carl Hansen & Son - Grao","isPartOf":{"@id":"https:\/\/grao.info\/en\/#website"},"datePublished":"2021-03-12T17:19:53+00:00","dateModified":"2026-02-05T18:01:38+00:00","breadcrumb":{"@id":"https:\/\/grao.info\/en\/brands\/carl-hansen\/#breadcrumb"},"inLanguage":"en-US","potentialAction":[{"@type":"ReadAction","target":["https:\/\/grao.info\/en\/brands\/carl-hansen\/"]}]},{"@type":"BreadcrumbList","@id":"https:\/\/grao.info\/en\/brands\/carl-hansen\/#breadcrumb","itemListElement":[{"@type":"ListItem","position":1,"name":"Portada","item":"https:\/\/grao.info\/en\/"},{"@type":"ListItem","position":2,"name":"Brands","item":"https:\/\/grao.info\/en\/brands\/"},{"@type":"ListItem","position":3,"name":"Carl Hansen &#038; Son"}]},{"@type":"WebSite","@id":"https:\/\/grao.info\/en\/#website","url":"https:\/\/grao.info\/en\/","name":"Grao","description":"","publisher":{"@id":"https:\/\/grao.info\/en\/#organization"},"potentialAction":[{"@type":"SearchAction","target":{"@type":"EntryPoint","urlTemplate":"https:\/\/grao.info\/en\/?s={search_term_string}"},"query-input":"required name=search_term_string"}],"inLanguage":"en-US"},{"@type":"Organization","@id":"https:\/\/grao.info\/en\/#organization","name":"Grao","url":"https:\/\/grao.info\/en\/","logo":{"@type":"ImageObject","inLanguage":"en-US","@id":"https:\/\/grao.info\/en\/#\/schema\/logo\/image\/","url":"https:\/\/grao.info\/wp-content\/uploads\/2022\/04\/logo-mobil-1.png","contentUrl":"https:\/\/grao.info\/wp-content\/uploads\/2022\/04\/logo-mobil-1.png","width":275,"height":85,"caption":"Grao"},"image":{"@id":"https:\/\/grao.info\/en\/#\/schema\/logo\/image\/"}}]}},"_links":{"self":[{"href":"https:\/\/grao.info\/en\/wp-json\/wp\/v2\/pages\/22712"}],"collection":[{"href":"https:\/\/grao.info\/en\/wp-json\/wp\/v2\/pages"}],"about":[{"href":"https:\/\/grao.info\/en\/wp-json\/wp\/v2\/types\/page"}],"author":[{"embeddable":true,"href":"https:\/\/grao.info\/en\/wp-json\/wp\/v2\/users\/1"}],"replies":[{"embeddable":true,"href":"https:\/\/grao.info\/en\/wp-json\/wp\/v2\/comments?post=22712"}],"version-history":[{"count":6,"href":"https:\/\/grao.info\/en\/wp-json\/wp\/v2\/pages\/22712\/revisions"}],"predecessor-version":[{"id":24820,"href":"https:\/\/grao.info\/en\/wp-json\/wp\/v2\/pages\/22712\/revisions\/24820"}],"up":[{"embeddable":true,"href":"https:\/\/grao.info\/en\/wp-json\/wp\/v2\/pages\/22825"}],"wp:attachment":[{"href":"https:\/\/grao.info\/en\/wp-json\/wp\/v2\/media?parent=22712"}],"curies":[{"name":"wp","href":"https:\/\/api.w.org\/{rel}","templated":true}]}}