{"id":22799,"date":"2021-03-12T17:19:13","date_gmt":"2021-03-12T17:19:13","guid":{"rendered":"https:\/\/grao.info\/brands__trashed\/santa-and-cole\/"},"modified":"2024-07-02T10:52:24","modified_gmt":"2024-07-02T10:52:24","slug":"santa-and-cole","status":"publish","type":"page","link":"https:\/\/grao.info\/en\/brands\/santa-and-cole\/","title":{"rendered":"Santa&#038;Cole"},"content":{"rendered":"<p>[vc_row equal_height=&#8221;yes&#8221; content_placement=&#8221;bottom&#8221;][vc_column width=&#8221;2\/3&#8243;]<div class=\"edgtf-image-gallery  edgtf-ig-grid-type edgtf-large-space edgtf-has-shadow edgtf-image-behavior-lightbox \">\n\t<div class=\"edgtf-ig-inner edgtf-outer-space edgtf-ig-grid edgtf-ig-three-columns\">\n\t\t\t\t\t<div class=\"edgtf-ig-image edgtf-item-space\">\n\t\t\t\t<div class=\"edgtf-ig-image-inner\">\n\t\t\t\t\t\t\t\t\t\t\t<a itemprop=\"image\" class=\"edgtf-ig-lightbox\" href=\"https:\/\/grao.info\/wp-content\/uploads\/2021\/05\/Asa.png\" data-rel=\"prettyPhoto[image_gallery_pretty_photo-443]\" title=\"Asa\">\n\t\t\t\t\t\t\t\t\t\t\t<img loading=\"lazy\" decoding=\"async\" src=\"https:\/\/grao.info\/wp-content\/uploads\/2021\/05\/Asa-320x220.png\" alt=\"\" width=\"320\" height=\"220\" \/>\t\t\t\t\t\t\t\t\t\t\t<\/a>\n\t\t\t\t\t\t\t\t\t<\/div>\n\t\t\t<\/div>\n\t\t\t\t\t<div class=\"edgtf-ig-image edgtf-item-space\">\n\t\t\t\t<div class=\"edgtf-ig-image-inner\">\n\t\t\t\t\t\t\t\t\t\t\t<a itemprop=\"image\" class=\"edgtf-ig-lightbox\" href=\"https:\/\/grao.info\/wp-content\/uploads\/2021\/05\/Cirio.png\" data-rel=\"prettyPhoto[image_gallery_pretty_photo-443]\" title=\"Cirio\">\n\t\t\t\t\t\t\t\t\t\t\t<img loading=\"lazy\" decoding=\"async\" src=\"https:\/\/grao.info\/wp-content\/uploads\/2021\/05\/Cirio-320x220.png\" alt=\"\" width=\"320\" height=\"220\" \/>\t\t\t\t\t\t\t\t\t\t\t<\/a>\n\t\t\t\t\t\t\t\t\t<\/div>\n\t\t\t<\/div>\n\t\t\t\t\t<div class=\"edgtf-ig-image edgtf-item-space\">\n\t\t\t\t<div class=\"edgtf-ig-image-inner\">\n\t\t\t\t\t\t\t\t\t\t\t<a itemprop=\"image\" class=\"edgtf-ig-lightbox\" href=\"https:\/\/grao.info\/wp-content\/uploads\/2021\/05\/Nagoya-I-Cadaques-I-FAD-I-Subeybaja-I-Ramon-I-Cesta-I-Dorica.png\" data-rel=\"prettyPhoto[image_gallery_pretty_photo-443]\" title=\"Nagoya I Cadaqu\u00e9s I FAD I Subeybaja I Ram\u00f3n I Cesta I D\u00f3rica\">\n\t\t\t\t\t\t\t\t\t\t\t<img loading=\"lazy\" decoding=\"async\" src=\"https:\/\/grao.info\/wp-content\/uploads\/2021\/05\/Nagoya-I-Cadaques-I-FAD-I-Subeybaja-I-Ramon-I-Cesta-I-Dorica-320x220.png\" alt=\"\" width=\"320\" height=\"220\" \/>\t\t\t\t\t\t\t\t\t\t\t<\/a>\n\t\t\t\t\t\t\t\t\t<\/div>\n\t\t\t<\/div>\n\t\t\t\t\t<div class=\"edgtf-ig-image edgtf-item-space\">\n\t\t\t\t<div class=\"edgtf-ig-image-inner\">\n\t\t\t\t\t\t\t\t\t\t\t<a itemprop=\"image\" class=\"edgtf-ig-lightbox\" href=\"https:\/\/grao.info\/wp-content\/uploads\/2021\/05\/Tripode.png\" data-rel=\"prettyPhoto[image_gallery_pretty_photo-443]\" title=\"Tripode\">\n\t\t\t\t\t\t\t\t\t\t\t<img loading=\"lazy\" decoding=\"async\" src=\"https:\/\/grao.info\/wp-content\/uploads\/2021\/05\/Tripode-320x220.png\" alt=\"\" width=\"320\" height=\"220\" \/>\t\t\t\t\t\t\t\t\t\t\t<\/a>\n\t\t\t\t\t\t\t\t\t<\/div>\n\t\t\t<\/div>\n\t\t\t\t\t<div class=\"edgtf-ig-image edgtf-item-space\">\n\t\t\t\t<div class=\"edgtf-ig-image-inner\">\n\t\t\t\t\t\t\t\t\t\t\t<a itemprop=\"image\" class=\"edgtf-ig-lightbox\" href=\"https:\/\/grao.info\/wp-content\/uploads\/2021\/05\/Sylvestrina.png\" data-rel=\"prettyPhoto[image_gallery_pretty_photo-443]\" title=\"Sylvestrina\">\n\t\t\t\t\t\t\t\t\t\t\t<img loading=\"lazy\" decoding=\"async\" src=\"https:\/\/grao.info\/wp-content\/uploads\/2021\/05\/Sylvestrina-320x220.png\" alt=\"\" width=\"320\" height=\"220\" \/>\t\t\t\t\t\t\t\t\t\t\t<\/a>\n\t\t\t\t\t\t\t\t\t<\/div>\n\t\t\t<\/div>\n\t\t\t\t\t<div class=\"edgtf-ig-image edgtf-item-space\">\n\t\t\t\t<div class=\"edgtf-ig-image-inner\">\n\t\t\t\t\t\t\t\t\t\t\t<a itemprop=\"image\" class=\"edgtf-ig-lightbox\" href=\"https:\/\/grao.info\/wp-content\/uploads\/2021\/05\/Royal.png\" data-rel=\"prettyPhoto[image_gallery_pretty_photo-443]\" title=\"Royal\">\n\t\t\t\t\t\t\t\t\t\t\t<img loading=\"lazy\" decoding=\"async\" src=\"https:\/\/grao.info\/wp-content\/uploads\/2021\/05\/Royal-320x220.png\" alt=\"\" width=\"320\" height=\"220\" \/>\t\t\t\t\t\t\t\t\t\t\t<\/a>\n\t\t\t\t\t\t\t\t\t<\/div>\n\t\t\t<\/div>\n\t\t\t<\/div>\n<\/div>[\/vc_column][vc_column width=&#8221;1\/3&#8243;][vc_column_text]<strong>Santa &amp; Cole<\/strong> is a small, independent, and global publisher of well-designed products, rooted in Belloch, Barcelona.<\/p>\n<p>Since 1985 <strong>Santa &amp; Cole<\/strong> has been pondering industrial design, an art that involves paying attention to everyday objects to find their best usage experience, and thus reflects on material culture. In any society, no matter how primitive, material culture identifies the individual and elevates their spirit as much as intangible culture can, although it is often less understood.[\/vc_column_text][vc_row_inner][vc_column_inner][vc_column_text]<a href=\"http:\/\/www.santacole.com\">www.santacole.com<\/a>[\/vc_column_text][\/vc_column_inner][\/vc_row_inner][\/vc_column][\/vc_row][vc_row][vc_column css=&#8221;.vc_custom_1615488032930{padding-top: 60px !important;}&#8221;][vc_row_inner][vc_column_inner]<div class=\"edgtf-separator-holder clearfix  edgtf-separator-center edgtf-separator-vertical\">\n\t<div class=\"edgtf-separator\" style=\"border-color: #333333;border-style: solid;height: 30px;border-left-width: 2px\"><\/div>\n<\/div>\n[vc_custom_heading text=&#8221;SELECTED PRODUCTS&#8221; font_container=&#8221;tag:h3|font_size:32px|text_align:center|color:%233d3935|line_height:1.6&#8243; google_fonts=&#8221;font_family:Roboto%3A100%2C100italic%2C300%2C300italic%2Cregular%2Citalic%2C500%2C500italic%2C700%2C700italic%2C900%2C900italic|font_style:700%20bold%20regular%3A700%3Anormal&#8221;]<div class=\"edgtf-separator-holder clearfix  edgtf-separator-center edgtf-separator-vertical\">\n\t<div class=\"edgtf-separator\" style=\"border-color: #333333;border-style: solid;height: 30px;border-left-width: 2px\"><\/div>\n<\/div>\n[\/vc_column_inner][\/vc_row_inner][\/vc_column][\/vc_row][vc_row][vc_column css=&#8221;.vc_custom_1615565554899{padding-top: 60px !important;}&#8221;][vc_row_inner][vc_column_inner width=&#8221;1\/5&#8243;]<div class=\"edgtf-single-image-holder  edgtf-has-shadow edgtf-image-behavior-custom-link\">\n    <div class=\"edgtf-si-inner\" >\n        \t            <a itemprop=\"url\" href=\"\/en\/product\/silla-belloch\/\" target=\"_self\">\n                                    <img loading=\"lazy\" decoding=\"async\" width=\"550\" height=\"550\" src=\"https:\/\/grao.info\/wp-content\/uploads\/2021\/05\/Belloch.png\" class=\"attachment-full size-full\" alt=\"\" srcset=\"https:\/\/grao.info\/wp-content\/uploads\/2021\/05\/Belloch.png 550w, https:\/\/grao.info\/wp-content\/uploads\/2021\/05\/Belloch-300x300.png 300w, https:\/\/grao.info\/wp-content\/uploads\/2021\/05\/Belloch-150x150.png 150w, https:\/\/grao.info\/wp-content\/uploads\/2021\/05\/Belloch-100x100.png 100w\" sizes=\"(max-width: 550px) 100vw, 550px\" \/>                                <\/a>\n            <\/div>\n<\/div>[vc_column_text]<\/p>\n<p style=\"text-align: center;\">BELLOCH<\/p>\n<p>[\/vc_column_text][\/vc_column_inner][vc_column_inner width=&#8221;1\/5&#8243;]<div class=\"edgtf-single-image-holder  edgtf-has-shadow edgtf-image-behavior-custom-link\">\n    <div class=\"edgtf-si-inner\" >\n        \t            <a itemprop=\"url\" href=\"\/en\/product\/lampara-wally\/\" target=\"_self\">\n                                    <img loading=\"lazy\" decoding=\"async\" width=\"550\" height=\"550\" src=\"https:\/\/grao.info\/wp-content\/uploads\/2021\/05\/Wally.png\" class=\"attachment-full size-full\" alt=\"\" srcset=\"https:\/\/grao.info\/wp-content\/uploads\/2021\/05\/Wally.png 550w, https:\/\/grao.info\/wp-content\/uploads\/2021\/05\/Wally-300x300.png 300w, https:\/\/grao.info\/wp-content\/uploads\/2021\/05\/Wally-150x150.png 150w, https:\/\/grao.info\/wp-content\/uploads\/2021\/05\/Wally-100x100.png 100w\" sizes=\"(max-width: 550px) 100vw, 550px\" \/>                                <\/a>\n            <\/div>\n<\/div>[vc_column_text]<\/p>\n<p style=\"text-align: center;\">WALLY<\/p>\n<p>[\/vc_column_text][\/vc_column_inner][vc_column_inner width=&#8221;1\/5&#8243;]<div class=\"edgtf-single-image-holder  edgtf-has-shadow edgtf-image-behavior-custom-link\">\n    <div class=\"edgtf-si-inner\" >\n        \t            <a itemprop=\"url\" href=\"\/en\/product\/mesa-tmc-tmm\/\" target=\"_self\">\n                                    <img loading=\"lazy\" decoding=\"async\" width=\"550\" height=\"550\" src=\"https:\/\/grao.info\/wp-content\/uploads\/2021\/05\/TMC-TMM.png\" class=\"attachment-full size-full\" alt=\"\" srcset=\"https:\/\/grao.info\/wp-content\/uploads\/2021\/05\/TMC-TMM.png 550w, https:\/\/grao.info\/wp-content\/uploads\/2021\/05\/TMC-TMM-300x300.png 300w, https:\/\/grao.info\/wp-content\/uploads\/2021\/05\/TMC-TMM-150x150.png 150w, https:\/\/grao.info\/wp-content\/uploads\/2021\/05\/TMC-TMM-100x100.png 100w\" sizes=\"(max-width: 550px) 100vw, 550px\" \/>                                <\/a>\n            <\/div>\n<\/div>[vc_column_text]<\/p>\n<p style=\"text-align: center;\">TMC &#8211; TMM<\/p>\n<p>[\/vc_column_text][\/vc_column_inner][vc_column_inner width=&#8221;1\/5&#8243;]<div class=\"edgtf-single-image-holder  edgtf-has-shadow edgtf-image-behavior-custom-link\">\n    <div class=\"edgtf-si-inner\" >\n        \t            <a itemprop=\"url\" href=\"\/en\/product\/lampara-diana\/\" target=\"_self\">\n                                    <img loading=\"lazy\" decoding=\"async\" width=\"1000\" height=\"1000\" src=\"https:\/\/grao.info\/wp-content\/uploads\/2021\/05\/Diana.png\" class=\"attachment-full size-full\" alt=\"\" srcset=\"https:\/\/grao.info\/wp-content\/uploads\/2021\/05\/Diana.png 1000w, https:\/\/grao.info\/wp-content\/uploads\/2021\/05\/Diana-300x300.png 300w, https:\/\/grao.info\/wp-content\/uploads\/2021\/05\/Diana-150x150.png 150w, https:\/\/grao.info\/wp-content\/uploads\/2021\/05\/Diana-768x768.png 768w, https:\/\/grao.info\/wp-content\/uploads\/2021\/05\/Diana-550x550.png 550w, https:\/\/grao.info\/wp-content\/uploads\/2021\/05\/Diana-600x600.png 600w, https:\/\/grao.info\/wp-content\/uploads\/2021\/05\/Diana-100x100.png 100w\" sizes=\"(max-width: 1000px) 100vw, 1000px\" \/>                                <\/a>\n            <\/div>\n<\/div>[vc_column_text]<\/p>\n<p style=\"text-align: center;\">DIANA<\/p>\n<p>[\/vc_column_text][\/vc_column_inner][vc_column_inner width=&#8221;1\/5&#8243;]<div class=\"edgtf-single-image-holder  edgtf-has-shadow edgtf-image-behavior-custom-link\">\n    <div class=\"edgtf-si-inner\" >\n        \t            <a itemprop=\"url\" href=\"\/en\/product\/butaca-moragas\/\" target=\"_self\">\n                                    <img loading=\"lazy\" decoding=\"async\" width=\"550\" height=\"550\" src=\"https:\/\/grao.info\/wp-content\/uploads\/2021\/05\/Moragas.1.png\" class=\"attachment-full size-full\" alt=\"\" srcset=\"https:\/\/grao.info\/wp-content\/uploads\/2021\/05\/Moragas.1.png 550w, https:\/\/grao.info\/wp-content\/uploads\/2021\/05\/Moragas.1-300x300.png 300w, https:\/\/grao.info\/wp-content\/uploads\/2021\/05\/Moragas.1-150x150.png 150w, https:\/\/grao.info\/wp-content\/uploads\/2021\/05\/Moragas.1-100x100.png 100w\" sizes=\"(max-width: 550px) 100vw, 550px\" \/>                                <\/a>\n            <\/div>\n<\/div>[vc_column_text]<\/p>\n<p style=\"text-align: center;\">MORAGAS<\/p>\n<p>[\/vc_column_text][\/vc_column_inner][\/vc_row_inner][\/vc_column][\/vc_row][vc_row][vc_column css=&#8221;.vc_custom_1615565597146{padding-top: 30px !important;}&#8221;][vc_row_inner][vc_column_inner width=&#8221;1\/5&#8243;]<div class=\"edgtf-single-image-holder  edgtf-has-shadow edgtf-image-behavior-custom-link\">\n    <div class=\"edgtf-si-inner\" >\n        \t            <a itemprop=\"url\" href=\"\/en\/product\/butaca-cadaques\/\" target=\"_self\">\n                                    <img loading=\"lazy\" decoding=\"async\" width=\"550\" height=\"550\" src=\"https:\/\/grao.info\/wp-content\/uploads\/2021\/05\/Cadaques.3-e1621349210588.png\" class=\"attachment-full size-full\" alt=\"\" srcset=\"https:\/\/grao.info\/wp-content\/uploads\/2021\/05\/Cadaques.3-e1621349210588.png 550w, https:\/\/grao.info\/wp-content\/uploads\/2021\/05\/Cadaques.3-e1621349210588-300x300.png 300w, https:\/\/grao.info\/wp-content\/uploads\/2021\/05\/Cadaques.3-e1621349210588-150x150.png 150w, https:\/\/grao.info\/wp-content\/uploads\/2021\/05\/Cadaques.3-e1621349210588-100x100.png 100w\" sizes=\"(max-width: 550px) 100vw, 550px\" \/>                                <\/a>\n            <\/div>\n<\/div>[vc_column_text]<\/p>\n<p style=\"text-align: center;\">CADAQU\u00c9S<\/p>\n<p>[\/vc_column_text][\/vc_column_inner][vc_column_inner width=&#8221;1\/5&#8243;]<div class=\"edgtf-single-image-holder  edgtf-has-shadow edgtf-image-behavior-custom-link\">\n    <div class=\"edgtf-si-inner\" >\n        \t            <a itemprop=\"url\" href=\"\/en\/product\/lampara-fad\/\" target=\"_self\">\n                                    <img loading=\"lazy\" decoding=\"async\" width=\"550\" height=\"550\" src=\"https:\/\/grao.info\/wp-content\/uploads\/2021\/05\/Fad.6.png\" class=\"attachment-full size-full\" alt=\"\" srcset=\"https:\/\/grao.info\/wp-content\/uploads\/2021\/05\/Fad.6.png 550w, https:\/\/grao.info\/wp-content\/uploads\/2021\/05\/Fad.6-300x300.png 300w, https:\/\/grao.info\/wp-content\/uploads\/2021\/05\/Fad.6-150x150.png 150w, https:\/\/grao.info\/wp-content\/uploads\/2021\/05\/Fad.6-100x100.png 100w\" sizes=\"(max-width: 550px) 100vw, 550px\" \/>                                <\/a>\n            <\/div>\n<\/div>[vc_column_text]<\/p>\n<p style=\"text-align: center;\">FAD<\/p>\n<p>[\/vc_column_text][\/vc_column_inner][vc_column_inner width=&#8221;1\/5&#8243;]<div class=\"edgtf-single-image-holder  edgtf-has-shadow edgtf-image-behavior-custom-link\">\n    <div class=\"edgtf-si-inner\" >\n        \t            <a itemprop=\"url\" href=\"\/en\/product\/lampara-cesta\/\" target=\"_self\">\n                                    <img loading=\"lazy\" decoding=\"async\" width=\"550\" height=\"550\" src=\"https:\/\/grao.info\/wp-content\/uploads\/2021\/05\/Cesta.png\" class=\"attachment-full size-full\" alt=\"\" srcset=\"https:\/\/grao.info\/wp-content\/uploads\/2021\/05\/Cesta.png 550w, https:\/\/grao.info\/wp-content\/uploads\/2021\/05\/Cesta-300x300.png 300w, https:\/\/grao.info\/wp-content\/uploads\/2021\/05\/Cesta-150x150.png 150w, https:\/\/grao.info\/wp-content\/uploads\/2021\/05\/Cesta-100x100.png 100w\" sizes=\"(max-width: 550px) 100vw, 550px\" \/>                                <\/a>\n            <\/div>\n<\/div>[vc_column_text]<\/p>\n<p style=\"text-align: center;\">CESTA<\/p>\n<p>[\/vc_column_text][\/vc_column_inner][vc_column_inner width=&#8221;1\/5&#8243;]<div class=\"edgtf-single-image-holder  edgtf-has-shadow edgtf-image-behavior-custom-link\">\n    <div class=\"edgtf-si-inner\" >\n        \t            <a itemprop=\"url\" href=\"\/en\/product\/lampara-gatcpac\/\" target=\"_self\">\n                                    <img loading=\"lazy\" decoding=\"async\" width=\"550\" height=\"550\" src=\"https:\/\/grao.info\/wp-content\/uploads\/2021\/05\/Gatcpac.png\" class=\"attachment-full size-full\" alt=\"\" srcset=\"https:\/\/grao.info\/wp-content\/uploads\/2021\/05\/Gatcpac.png 550w, https:\/\/grao.info\/wp-content\/uploads\/2021\/05\/Gatcpac-300x300.png 300w, https:\/\/grao.info\/wp-content\/uploads\/2021\/05\/Gatcpac-150x150.png 150w, https:\/\/grao.info\/wp-content\/uploads\/2021\/05\/Gatcpac-100x100.png 100w\" sizes=\"(max-width: 550px) 100vw, 550px\" \/>                                <\/a>\n            <\/div>\n<\/div>[vc_column_text]<\/p>\n<p style=\"text-align: center;\">GATCPAC<\/p>\n<p>[\/vc_column_text][\/vc_column_inner][vc_column_inner width=&#8221;1\/5&#8243;]<div class=\"edgtf-single-image-holder  edgtf-has-shadow edgtf-image-behavior-custom-link\">\n    <div class=\"edgtf-si-inner\" >\n        \t            <a itemprop=\"url\" href=\"\/en\/product\/mesa-subeybaja\/\" target=\"_self\">\n                                    <img loading=\"lazy\" decoding=\"async\" width=\"550\" height=\"550\" src=\"https:\/\/grao.info\/wp-content\/uploads\/2021\/05\/Subeybaja.1.png\" class=\"attachment-full size-full\" alt=\"\" srcset=\"https:\/\/grao.info\/wp-content\/uploads\/2021\/05\/Subeybaja.1.png 550w, https:\/\/grao.info\/wp-content\/uploads\/2021\/05\/Subeybaja.1-300x300.png 300w, https:\/\/grao.info\/wp-content\/uploads\/2021\/05\/Subeybaja.1-150x150.png 150w, https:\/\/grao.info\/wp-content\/uploads\/2021\/05\/Subeybaja.1-100x100.png 100w\" sizes=\"(max-width: 550px) 100vw, 550px\" \/>                                <\/a>\n            <\/div>\n<\/div>[vc_column_text]<\/p>\n<p style=\"text-align: center;\">SUBEYBAJA<\/p>\n<p>[\/vc_column_text][\/vc_column_inner][\/vc_row_inner][vc_empty_space height=&#8221;100px&#8221;][\/vc_column][\/vc_row]<\/p>\n","protected":false},"excerpt":{"rendered":"<p>[vc_row equal_height=&#8221;yes&#8221; content_placement=&#8221;bottom&#8221;][vc_column width=&#8221;2\/3&#8243;][\/vc_column][vc_column width=&#8221;1\/3&#8243;][vc_column_text]Santa &amp; Cole is a small, independent, and global publisher of well-designed products, rooted in Belloch, Barcelona. Since 1985 Santa &amp; Cole has been pondering industrial design, an art that involves paying attention to everyday objects [&hellip;]<\/p>\n","protected":false},"author":1,"featured_media":0,"parent":22825,"menu_order":0,"comment_status":"closed","ping_status":"closed","template":"","meta":{"footnotes":""},"acf":[],"yoast_head":"<!-- This site is optimized with the Yoast SEO Premium plugin v23.0 (Yoast SEO v23.0) - https:\/\/yoast.com\/wordpress\/plugins\/seo\/ -->\n<title>Santa&amp;Cole - Grao<\/title>\n<meta name=\"robots\" content=\"index, follow, max-snippet:-1, max-image-preview:large, max-video-preview:-1\" \/>\n<link rel=\"canonical\" href=\"https:\/\/grao.info\/en\/brands\/santa-and-cole\/\" \/>\n<meta property=\"og:locale\" content=\"en_US\" \/>\n<meta property=\"og:type\" content=\"article\" \/>\n<meta property=\"og:title\" content=\"Santa&amp;Cole\" \/>\n<meta property=\"og:description\" content=\"[vc_row equal_height=&#8221;yes&#8221; content_placement=&#8221;bottom&#8221;][vc_column width=&#8221;2\/3&#8243;][\/vc_column][vc_column width=&#8221;1\/3&#8243;][vc_column_text]Santa &amp; Cole is a small, independent, and global publisher of well-designed products, rooted in Belloch, Barcelona. Since 1985 Santa &amp; Cole has been pondering industrial design, an art that involves paying attention to everyday objects [&hellip;]\" \/>\n<meta property=\"og:url\" content=\"https:\/\/grao.info\/en\/brands\/santa-and-cole\/\" \/>\n<meta property=\"og:site_name\" content=\"Grao\" \/>\n<meta property=\"article:modified_time\" content=\"2024-07-02T10:52:24+00:00\" \/>\n<meta name=\"twitter:card\" content=\"summary_large_image\" \/>\n<meta name=\"twitter:label1\" content=\"Est. reading time\" \/>\n\t<meta name=\"twitter:data1\" content=\"1 minute\" \/>\n<script type=\"application\/ld+json\" class=\"yoast-schema-graph\">{\"@context\":\"https:\/\/schema.org\",\"@graph\":[{\"@type\":\"WebPage\",\"@id\":\"https:\/\/grao.info\/en\/brands\/santa-and-cole\/\",\"url\":\"https:\/\/grao.info\/en\/brands\/santa-and-cole\/\",\"name\":\"Santa&Cole - Grao\",\"isPartOf\":{\"@id\":\"https:\/\/grao.info\/en\/#website\"},\"datePublished\":\"2021-03-12T17:19:13+00:00\",\"dateModified\":\"2024-07-02T10:52:24+00:00\",\"breadcrumb\":{\"@id\":\"https:\/\/grao.info\/en\/brands\/santa-and-cole\/#breadcrumb\"},\"inLanguage\":\"en-US\",\"potentialAction\":[{\"@type\":\"ReadAction\",\"target\":[\"https:\/\/grao.info\/en\/brands\/santa-and-cole\/\"]}]},{\"@type\":\"BreadcrumbList\",\"@id\":\"https:\/\/grao.info\/en\/brands\/santa-and-cole\/#breadcrumb\",\"itemListElement\":[{\"@type\":\"ListItem\",\"position\":1,\"name\":\"Portada\",\"item\":\"https:\/\/grao.info\/en\/\"},{\"@type\":\"ListItem\",\"position\":2,\"name\":\"Brands\",\"item\":\"https:\/\/grao.info\/en\/brands\/\"},{\"@type\":\"ListItem\",\"position\":3,\"name\":\"Santa&#038;Cole\"}]},{\"@type\":\"WebSite\",\"@id\":\"https:\/\/grao.info\/en\/#website\",\"url\":\"https:\/\/grao.info\/en\/\",\"name\":\"Grao\",\"description\":\"\",\"publisher\":{\"@id\":\"https:\/\/grao.info\/en\/#organization\"},\"potentialAction\":[{\"@type\":\"SearchAction\",\"target\":{\"@type\":\"EntryPoint\",\"urlTemplate\":\"https:\/\/grao.info\/en\/?s={search_term_string}\"},\"query-input\":\"required name=search_term_string\"}],\"inLanguage\":\"en-US\"},{\"@type\":\"Organization\",\"@id\":\"https:\/\/grao.info\/en\/#organization\",\"name\":\"Grao\",\"url\":\"https:\/\/grao.info\/en\/\",\"logo\":{\"@type\":\"ImageObject\",\"inLanguage\":\"en-US\",\"@id\":\"https:\/\/grao.info\/en\/#\/schema\/logo\/image\/\",\"url\":\"https:\/\/grao.info\/wp-content\/uploads\/2022\/04\/logo-mobil-1.png\",\"contentUrl\":\"https:\/\/grao.info\/wp-content\/uploads\/2022\/04\/logo-mobil-1.png\",\"width\":275,\"height\":85,\"caption\":\"Grao\"},\"image\":{\"@id\":\"https:\/\/grao.info\/en\/#\/schema\/logo\/image\/\"}}]}<\/script>\n<!-- \/ Yoast SEO Premium plugin. -->","yoast_head_json":{"title":"Santa&Cole - Grao","robots":{"index":"index","follow":"follow","max-snippet":"max-snippet:-1","max-image-preview":"max-image-preview:large","max-video-preview":"max-video-preview:-1"},"canonical":"https:\/\/grao.info\/en\/brands\/santa-and-cole\/","og_locale":"en_US","og_type":"article","og_title":"Santa&Cole","og_description":"[vc_row equal_height=&#8221;yes&#8221; content_placement=&#8221;bottom&#8221;][vc_column width=&#8221;2\/3&#8243;][\/vc_column][vc_column width=&#8221;1\/3&#8243;][vc_column_text]Santa &amp; Cole is a small, independent, and global publisher of well-designed products, rooted in Belloch, Barcelona. Since 1985 Santa &amp; Cole has been pondering industrial design, an art that involves paying attention to everyday objects [&hellip;]","og_url":"https:\/\/grao.info\/en\/brands\/santa-and-cole\/","og_site_name":"Grao","article_modified_time":"2024-07-02T10:52:24+00:00","twitter_card":"summary_large_image","twitter_misc":{"Est. reading time":"1 minute"},"schema":{"@context":"https:\/\/schema.org","@graph":[{"@type":"WebPage","@id":"https:\/\/grao.info\/en\/brands\/santa-and-cole\/","url":"https:\/\/grao.info\/en\/brands\/santa-and-cole\/","name":"Santa&Cole - Grao","isPartOf":{"@id":"https:\/\/grao.info\/en\/#website"},"datePublished":"2021-03-12T17:19:13+00:00","dateModified":"2024-07-02T10:52:24+00:00","breadcrumb":{"@id":"https:\/\/grao.info\/en\/brands\/santa-and-cole\/#breadcrumb"},"inLanguage":"en-US","potentialAction":[{"@type":"ReadAction","target":["https:\/\/grao.info\/en\/brands\/santa-and-cole\/"]}]},{"@type":"BreadcrumbList","@id":"https:\/\/grao.info\/en\/brands\/santa-and-cole\/#breadcrumb","itemListElement":[{"@type":"ListItem","position":1,"name":"Portada","item":"https:\/\/grao.info\/en\/"},{"@type":"ListItem","position":2,"name":"Brands","item":"https:\/\/grao.info\/en\/brands\/"},{"@type":"ListItem","position":3,"name":"Santa&#038;Cole"}]},{"@type":"WebSite","@id":"https:\/\/grao.info\/en\/#website","url":"https:\/\/grao.info\/en\/","name":"Grao","description":"","publisher":{"@id":"https:\/\/grao.info\/en\/#organization"},"potentialAction":[{"@type":"SearchAction","target":{"@type":"EntryPoint","urlTemplate":"https:\/\/grao.info\/en\/?s={search_term_string}"},"query-input":"required name=search_term_string"}],"inLanguage":"en-US"},{"@type":"Organization","@id":"https:\/\/grao.info\/en\/#organization","name":"Grao","url":"https:\/\/grao.info\/en\/","logo":{"@type":"ImageObject","inLanguage":"en-US","@id":"https:\/\/grao.info\/en\/#\/schema\/logo\/image\/","url":"https:\/\/grao.info\/wp-content\/uploads\/2022\/04\/logo-mobil-1.png","contentUrl":"https:\/\/grao.info\/wp-content\/uploads\/2022\/04\/logo-mobil-1.png","width":275,"height":85,"caption":"Grao"},"image":{"@id":"https:\/\/grao.info\/en\/#\/schema\/logo\/image\/"}}]}},"_links":{"self":[{"href":"https:\/\/grao.info\/en\/wp-json\/wp\/v2\/pages\/22799"}],"collection":[{"href":"https:\/\/grao.info\/en\/wp-json\/wp\/v2\/pages"}],"about":[{"href":"https:\/\/grao.info\/en\/wp-json\/wp\/v2\/types\/page"}],"author":[{"embeddable":true,"href":"https:\/\/grao.info\/en\/wp-json\/wp\/v2\/users\/1"}],"replies":[{"embeddable":true,"href":"https:\/\/grao.info\/en\/wp-json\/wp\/v2\/comments?post=22799"}],"version-history":[{"count":4,"href":"https:\/\/grao.info\/en\/wp-json\/wp\/v2\/pages\/22799\/revisions"}],"predecessor-version":[{"id":25610,"href":"https:\/\/grao.info\/en\/wp-json\/wp\/v2\/pages\/22799\/revisions\/25610"}],"up":[{"embeddable":true,"href":"https:\/\/grao.info\/en\/wp-json\/wp\/v2\/pages\/22825"}],"wp:attachment":[{"href":"https:\/\/grao.info\/en\/wp-json\/wp\/v2\/media?parent=22799"}],"curies":[{"name":"wp","href":"https:\/\/api.w.org\/{rel}","templated":true}]}}