{"id":16497,"date":"2022-03-17T16:41:13","date_gmt":"2022-03-17T16:41:13","guid":{"rendered":"https:\/\/grao.info\/?page_id=16497"},"modified":"2023-12-01T11:41:37","modified_gmt":"2023-12-01T11:41:37","slug":"soft-line","status":"publish","type":"page","link":"https:\/\/grao.info\/es\/marcas\/soft-line\/","title":{"rendered":"Soft Line"},"content":{"rendered":"<p>[vc_row equal_height=\u00bbyes\u00bb content_placement=\u00bbbottom\u00bb][vc_column width=\u00bb2\/3&#8243;]<div class=\"edgtf-image-gallery  edgtf-ig-grid-type edgtf-large-space edgtf-has-shadow edgtf-image-behavior-lightbox \">\n\t<div class=\"edgtf-ig-inner edgtf-outer-space edgtf-ig-grid edgtf-ig-three-columns\">\n\t\t\t\t\t<div class=\"edgtf-ig-image edgtf-item-space\">\n\t\t\t\t<div class=\"edgtf-ig-image-inner\">\n\t\t\t\t\t\t\t\t\t\t\t<a itemprop=\"image\" class=\"edgtf-ig-lightbox\" href=\"https:\/\/grao.info\/wp-content\/uploads\/2022\/03\/Basket.png\" data-rel=\"prettyPhoto[image_gallery_pretty_photo-195]\" title=\"Basket\">\n\t\t\t\t\t\t\t\t\t\t\t<img loading=\"lazy\" decoding=\"async\" src=\"https:\/\/grao.info\/wp-content\/uploads\/2022\/03\/Basket-320x220.png\" alt=\"\" width=\"320\" height=\"220\" \/>\t\t\t\t\t\t\t\t\t\t\t<\/a>\n\t\t\t\t\t\t\t\t\t<\/div>\n\t\t\t<\/div>\n\t\t\t\t\t<div class=\"edgtf-ig-image edgtf-item-space\">\n\t\t\t\t<div class=\"edgtf-ig-image-inner\">\n\t\t\t\t\t\t\t\t\t\t\t<a itemprop=\"image\" class=\"edgtf-ig-lightbox\" href=\"https:\/\/grao.info\/wp-content\/uploads\/2022\/03\/Havana.png\" data-rel=\"prettyPhoto[image_gallery_pretty_photo-195]\" title=\"Havana\">\n\t\t\t\t\t\t\t\t\t\t\t<img loading=\"lazy\" decoding=\"async\" src=\"https:\/\/grao.info\/wp-content\/uploads\/2022\/03\/Havana-320x220.png\" alt=\"\" width=\"320\" height=\"220\" \/>\t\t\t\t\t\t\t\t\t\t\t<\/a>\n\t\t\t\t\t\t\t\t\t<\/div>\n\t\t\t<\/div>\n\t\t\t\t\t<div class=\"edgtf-ig-image edgtf-item-space\">\n\t\t\t\t<div class=\"edgtf-ig-image-inner\">\n\t\t\t\t\t\t\t\t\t\t\t<a itemprop=\"image\" class=\"edgtf-ig-lightbox\" href=\"https:\/\/grao.info\/wp-content\/uploads\/2022\/03\/Wood.png\" data-rel=\"prettyPhoto[image_gallery_pretty_photo-195]\" title=\"Wood\">\n\t\t\t\t\t\t\t\t\t\t\t<img loading=\"lazy\" decoding=\"async\" src=\"https:\/\/grao.info\/wp-content\/uploads\/2022\/03\/Wood-320x220.png\" alt=\"\" width=\"320\" height=\"220\" \/>\t\t\t\t\t\t\t\t\t\t\t<\/a>\n\t\t\t\t\t\t\t\t\t<\/div>\n\t\t\t<\/div>\n\t\t\t\t\t<div class=\"edgtf-ig-image edgtf-item-space\">\n\t\t\t\t<div class=\"edgtf-ig-image-inner\">\n\t\t\t\t\t\t\t\t\t\t\t<a itemprop=\"image\" class=\"edgtf-ig-lightbox\" href=\"https:\/\/grao.info\/wp-content\/uploads\/2022\/03\/Noomi.png\" data-rel=\"prettyPhoto[image_gallery_pretty_photo-195]\" title=\"Noomi\">\n\t\t\t\t\t\t\t\t\t\t\t<img loading=\"lazy\" decoding=\"async\" src=\"https:\/\/grao.info\/wp-content\/uploads\/2022\/03\/Noomi-320x220.png\" alt=\"\" width=\"320\" height=\"220\" \/>\t\t\t\t\t\t\t\t\t\t\t<\/a>\n\t\t\t\t\t\t\t\t\t<\/div>\n\t\t\t<\/div>\n\t\t\t\t\t<div class=\"edgtf-ig-image edgtf-item-space\">\n\t\t\t\t<div class=\"edgtf-ig-image-inner\">\n\t\t\t\t\t\t\t\t\t\t\t<a itemprop=\"image\" class=\"edgtf-ig-lightbox\" href=\"https:\/\/grao.info\/wp-content\/uploads\/2022\/03\/Noa.png\" data-rel=\"prettyPhoto[image_gallery_pretty_photo-195]\" title=\"Noa\">\n\t\t\t\t\t\t\t\t\t\t\t<img loading=\"lazy\" decoding=\"async\" src=\"https:\/\/grao.info\/wp-content\/uploads\/2022\/03\/Noa-320x220.png\" alt=\"\" width=\"320\" height=\"220\" \/>\t\t\t\t\t\t\t\t\t\t\t<\/a>\n\t\t\t\t\t\t\t\t\t<\/div>\n\t\t\t<\/div>\n\t\t\t\t\t<div class=\"edgtf-ig-image edgtf-item-space\">\n\t\t\t\t<div class=\"edgtf-ig-image-inner\">\n\t\t\t\t\t\t\t\t\t\t\t<a itemprop=\"image\" class=\"edgtf-ig-lightbox\" href=\"https:\/\/grao.info\/wp-content\/uploads\/2022\/03\/Sleep_.png\" data-rel=\"prettyPhoto[image_gallery_pretty_photo-195]\" title=\"Sleep_\">\n\t\t\t\t\t\t\t\t\t\t\t<img loading=\"lazy\" decoding=\"async\" src=\"https:\/\/grao.info\/wp-content\/uploads\/2022\/03\/Sleep_-320x220.png\" alt=\"\" width=\"320\" height=\"220\" \/>\t\t\t\t\t\t\t\t\t\t\t<\/a>\n\t\t\t\t\t\t\t\t\t<\/div>\n\t\t\t<\/div>\n\t\t\t<\/div>\n<\/div>[\/vc_column][vc_column width=\u00bb1\/3&#8243;][vc_column_text]<strong>Softline<\/strong> se fund\u00f3 en Maribo, Dinamarca, en el a\u00f1o 1979 y al principio solo produc\u00eda espuma de poliuretano para la industria del mueble escandinava.<\/p>\n<p><strong>Softline<\/strong> ha recorrido un largo camino desde entonces. Nos hemos convertido en una marca global al crear muebles innovadores, funcionales y de alta calidad, y nuestros dise\u00f1os modernos y coloridos se pueden encontrar en todo el mundo. Pero una cosa no ha cambiado: todos nuestros muebles tapizados modernos se fabrican en Dinamarca en nuestra propia f\u00e1brica.[\/vc_column_text][vc_row_inner][vc_column_inner][vc_column_text]<a href=\"https:\/\/www.softlinefurniture.com\/\">www.softlinefurniture.com<\/a>[\/vc_column_text][\/vc_column_inner][\/vc_row_inner][\/vc_column][\/vc_row][vc_row][vc_column css=\u00bb.vc_custom_1615488032930{padding-top: 60px !important;}\u00bb][vc_row_inner][vc_column_inner]<div class=\"edgtf-separator-holder clearfix  edgtf-separator-center edgtf-separator-vertical\">\n\t<div class=\"edgtf-separator\" style=\"border-color: #333333;border-style: solid;height: 30px;border-left-width: 2px\"><\/div>\n<\/div>\n[vc_custom_heading text=\u00bbPRODUCTOS SELECCIONADOS\u00bb font_container=\u00bbtag:h3|font_size:32px|text_align:center|color:%233d3935|line_height:1.6&#8243; google_fonts=\u00bbfont_family:Roboto%3A100%2C100italic%2C300%2C300italic%2Cregular%2Citalic%2C500%2C500italic%2C700%2C700italic%2C900%2C900italic|font_style:700%20bold%20regular%3A700%3Anormal\u00bb]<div class=\"edgtf-separator-holder clearfix  edgtf-separator-center edgtf-separator-vertical\">\n\t<div class=\"edgtf-separator\" style=\"border-color: #333333;border-style: solid;height: 30px;border-left-width: 2px\"><\/div>\n<\/div>\n[\/vc_column_inner][\/vc_row_inner][\/vc_column][\/vc_row][vc_row][vc_column css=\u00bb.vc_custom_1615565554899{padding-top: 60px !important;}\u00bb][vc_row_inner][vc_column_inner width=\u00bb1\/5&#8243;]<div class=\"edgtf-single-image-holder  edgtf-has-shadow edgtf-image-behavior-custom-link\">\n    <div class=\"edgtf-si-inner\" >\n        \t            <a itemprop=\"url\" href=\"\/es\/producto\/wood\/\" target=\"_self\">\n                                    <img loading=\"lazy\" decoding=\"async\" width=\"550\" height=\"550\" src=\"https:\/\/grao.info\/wp-content\/uploads\/2022\/03\/Wood.b.png\" class=\"attachment-full size-full\" alt=\"\" srcset=\"https:\/\/grao.info\/wp-content\/uploads\/2022\/03\/Wood.b.png 550w, https:\/\/grao.info\/wp-content\/uploads\/2022\/03\/Wood.b-300x300.png 300w, https:\/\/grao.info\/wp-content\/uploads\/2022\/03\/Wood.b-150x150.png 150w, https:\/\/grao.info\/wp-content\/uploads\/2022\/03\/Wood.b-100x100.png 100w\" sizes=\"(max-width: 550px) 100vw, 550px\" \/>                                <\/a>\n            <\/div>\n<\/div>[vc_column_text]<\/p>\n<p style=\"text-align: center;\">WOOD<\/p>\n<p>[\/vc_column_text][\/vc_column_inner][vc_column_inner width=\u00bb1\/5&#8243;]<div class=\"edgtf-single-image-holder  edgtf-has-shadow edgtf-image-behavior-custom-link\">\n    <div class=\"edgtf-si-inner\" >\n        \t            <a itemprop=\"url\" href=\"\/es\/producto\/duet\/\" target=\"_self\">\n                                    <img loading=\"lazy\" decoding=\"async\" width=\"550\" height=\"550\" src=\"https:\/\/grao.info\/wp-content\/uploads\/2022\/03\/Duet-daybed.b.png\" class=\"attachment-full size-full\" alt=\"\" srcset=\"https:\/\/grao.info\/wp-content\/uploads\/2022\/03\/Duet-daybed.b.png 550w, https:\/\/grao.info\/wp-content\/uploads\/2022\/03\/Duet-daybed.b-300x300.png 300w, https:\/\/grao.info\/wp-content\/uploads\/2022\/03\/Duet-daybed.b-150x150.png 150w, https:\/\/grao.info\/wp-content\/uploads\/2022\/03\/Duet-daybed.b-100x100.png 100w\" sizes=\"(max-width: 550px) 100vw, 550px\" \/>                                <\/a>\n            <\/div>\n<\/div>[vc_column_text]<\/p>\n<p style=\"text-align: center;\">DUET<\/p>\n<p>[\/vc_column_text][\/vc_column_inner][vc_column_inner width=\u00bb1\/5&#8243;]<div class=\"edgtf-single-image-holder  edgtf-has-shadow edgtf-image-behavior-custom-link\">\n    <div class=\"edgtf-si-inner\" >\n        \t            <a itemprop=\"url\" href=\"\/es\/producto\/nova\/\" target=\"_self\">\n                                    <img loading=\"lazy\" decoding=\"async\" width=\"550\" height=\"550\" src=\"https:\/\/grao.info\/wp-content\/uploads\/2022\/03\/Nova.b.png\" class=\"attachment-full size-full\" alt=\"\" srcset=\"https:\/\/grao.info\/wp-content\/uploads\/2022\/03\/Nova.b.png 550w, https:\/\/grao.info\/wp-content\/uploads\/2022\/03\/Nova.b-300x300.png 300w, https:\/\/grao.info\/wp-content\/uploads\/2022\/03\/Nova.b-150x150.png 150w, https:\/\/grao.info\/wp-content\/uploads\/2022\/03\/Nova.b-100x100.png 100w\" sizes=\"(max-width: 550px) 100vw, 550px\" \/>                                <\/a>\n            <\/div>\n<\/div>[vc_column_text]<\/p>\n<p style=\"text-align: center;\">NOVA<\/p>\n<p>[\/vc_column_text][\/vc_column_inner][vc_column_inner width=\u00bb1\/5&#8243;]<div class=\"edgtf-single-image-holder  edgtf-has-shadow edgtf-image-behavior-custom-link\">\n    <div class=\"edgtf-si-inner\" >\n        \t            <a itemprop=\"url\" href=\"\/es\/producto\/sleep\/\" target=\"_self\">\n                                    <img loading=\"lazy\" decoding=\"async\" width=\"550\" height=\"550\" src=\"https:\/\/grao.info\/wp-content\/uploads\/2022\/03\/Sleep.png\" class=\"attachment-full size-full\" alt=\"\" srcset=\"https:\/\/grao.info\/wp-content\/uploads\/2022\/03\/Sleep.png 550w, https:\/\/grao.info\/wp-content\/uploads\/2022\/03\/Sleep-300x300.png 300w, https:\/\/grao.info\/wp-content\/uploads\/2022\/03\/Sleep-150x150.png 150w, https:\/\/grao.info\/wp-content\/uploads\/2022\/03\/Sleep-100x100.png 100w\" sizes=\"(max-width: 550px) 100vw, 550px\" \/>                                <\/a>\n            <\/div>\n<\/div>[vc_column_text]<\/p>\n<p style=\"text-align: center;\">SLEEP<\/p>\n<p>[\/vc_column_text][\/vc_column_inner][vc_column_inner width=\u00bb1\/5&#8243;]<div class=\"edgtf-single-image-holder  edgtf-has-shadow edgtf-image-behavior-custom-link\">\n    <div class=\"edgtf-si-inner\" >\n        \t            <a itemprop=\"url\" href=\"\/es\/producto\/havana\/\" target=\"_self\">\n                                    <img loading=\"lazy\" decoding=\"async\" width=\"550\" height=\"550\" src=\"https:\/\/grao.info\/wp-content\/uploads\/2022\/03\/Havana-1-e1647534957870.png\" class=\"attachment-full size-full\" alt=\"\" srcset=\"https:\/\/grao.info\/wp-content\/uploads\/2022\/03\/Havana-1-e1647534957870.png 550w, https:\/\/grao.info\/wp-content\/uploads\/2022\/03\/Havana-1-e1647534957870-300x300.png 300w, https:\/\/grao.info\/wp-content\/uploads\/2022\/03\/Havana-1-e1647534957870-150x150.png 150w, https:\/\/grao.info\/wp-content\/uploads\/2022\/03\/Havana-1-e1647534957870-100x100.png 100w\" sizes=\"(max-width: 550px) 100vw, 550px\" \/>                                <\/a>\n            <\/div>\n<\/div>[vc_column_text]<\/p>\n<p style=\"text-align: center;\">HAVANA<\/p>\n<p>[\/vc_column_text][\/vc_column_inner][\/vc_row_inner][\/vc_column][\/vc_row][vc_row][vc_column css=\u00bb.vc_custom_1615565597146{padding-top: 30px !important;}\u00bb][vc_row_inner][vc_column_inner width=\u00bb1\/5&#8243;]<div class=\"edgtf-single-image-holder  edgtf-has-shadow edgtf-image-behavior-custom-link\">\n    <div class=\"edgtf-si-inner\" >\n        \t            <a itemprop=\"url\" href=\"\/es\/producto\/magnum\/\" target=\"_self\">\n                                    <img loading=\"lazy\" decoding=\"async\" width=\"550\" height=\"550\" src=\"https:\/\/grao.info\/wp-content\/uploads\/2022\/03\/Magnum.png\" class=\"attachment-full size-full\" alt=\"\" srcset=\"https:\/\/grao.info\/wp-content\/uploads\/2022\/03\/Magnum.png 550w, https:\/\/grao.info\/wp-content\/uploads\/2022\/03\/Magnum-300x300.png 300w, https:\/\/grao.info\/wp-content\/uploads\/2022\/03\/Magnum-150x150.png 150w, https:\/\/grao.info\/wp-content\/uploads\/2022\/03\/Magnum-100x100.png 100w\" sizes=\"(max-width: 550px) 100vw, 550px\" \/>                                <\/a>\n            <\/div>\n<\/div>[vc_column_text]<\/p>\n<p style=\"text-align: center;\">MAGNUM<\/p>\n<p>[\/vc_column_text][\/vc_column_inner][vc_column_inner width=\u00bb1\/5&#8243;]<div class=\"edgtf-single-image-holder  edgtf-has-shadow edgtf-image-behavior-custom-link\">\n    <div class=\"edgtf-si-inner\" >\n        \t            <a itemprop=\"url\" href=\"\/es\/producto\/frame\/\" target=\"_self\">\n                                    <img loading=\"lazy\" decoding=\"async\" width=\"550\" height=\"550\" src=\"https:\/\/grao.info\/wp-content\/uploads\/2022\/03\/Frame-daybed.png\" class=\"attachment-full size-full\" alt=\"\" srcset=\"https:\/\/grao.info\/wp-content\/uploads\/2022\/03\/Frame-daybed.png 550w, https:\/\/grao.info\/wp-content\/uploads\/2022\/03\/Frame-daybed-300x300.png 300w, https:\/\/grao.info\/wp-content\/uploads\/2022\/03\/Frame-daybed-150x150.png 150w, https:\/\/grao.info\/wp-content\/uploads\/2022\/03\/Frame-daybed-100x100.png 100w\" sizes=\"(max-width: 550px) 100vw, 550px\" \/>                                <\/a>\n            <\/div>\n<\/div>[vc_column_text]<\/p>\n<p style=\"text-align: center;\">FRAME<\/p>\n<p>[\/vc_column_text][\/vc_column_inner][vc_column_inner width=\u00bb1\/5&#8243;]<div class=\"edgtf-single-image-holder  edgtf-has-shadow edgtf-image-behavior-custom-link\">\n    <div class=\"edgtf-si-inner\" >\n        \t            <a itemprop=\"url\" href=\"\/es\/producto\/coco\/\" target=\"_self\">\n                                    <img loading=\"lazy\" decoding=\"async\" width=\"550\" height=\"550\" src=\"https:\/\/grao.info\/wp-content\/uploads\/2022\/03\/Coco.png\" class=\"attachment-full size-full\" alt=\"\" srcset=\"https:\/\/grao.info\/wp-content\/uploads\/2022\/03\/Coco.png 550w, https:\/\/grao.info\/wp-content\/uploads\/2022\/03\/Coco-300x300.png 300w, https:\/\/grao.info\/wp-content\/uploads\/2022\/03\/Coco-150x150.png 150w, https:\/\/grao.info\/wp-content\/uploads\/2022\/03\/Coco-100x100.png 100w\" sizes=\"(max-width: 550px) 100vw, 550px\" \/>                                <\/a>\n            <\/div>\n<\/div>[vc_column_text]<\/p>\n<p style=\"text-align: center;\">COCO<\/p>\n<p>[\/vc_column_text][\/vc_column_inner][vc_column_inner width=\u00bb1\/5&#8243;]<div class=\"edgtf-single-image-holder  edgtf-has-shadow edgtf-image-behavior-custom-link\">\n    <div class=\"edgtf-si-inner\" >\n        \t            <a itemprop=\"url\" href=\"\/es\/producto\/nevada\/\" target=\"_self\">\n                                    <img loading=\"lazy\" decoding=\"async\" width=\"550\" height=\"550\" src=\"https:\/\/grao.info\/wp-content\/uploads\/2022\/03\/Nevada-1.png\" class=\"attachment-full size-full\" alt=\"\" srcset=\"https:\/\/grao.info\/wp-content\/uploads\/2022\/03\/Nevada-1.png 550w, https:\/\/grao.info\/wp-content\/uploads\/2022\/03\/Nevada-1-300x300.png 300w, https:\/\/grao.info\/wp-content\/uploads\/2022\/03\/Nevada-1-150x150.png 150w, https:\/\/grao.info\/wp-content\/uploads\/2022\/03\/Nevada-1-100x100.png 100w\" sizes=\"(max-width: 550px) 100vw, 550px\" \/>                                <\/a>\n            <\/div>\n<\/div>[vc_column_text]<\/p>\n<p style=\"text-align: center;\">NEVADA<\/p>\n<p>[\/vc_column_text][\/vc_column_inner][vc_column_inner width=\u00bb1\/5&#8243;]<div class=\"edgtf-single-image-holder  edgtf-has-shadow edgtf-image-behavior-custom-link\">\n    <div class=\"edgtf-si-inner\" >\n        \t            <a itemprop=\"url\" href=\"\/es\/producto\/loft\/\" target=\"_self\">\n                                    <img loading=\"lazy\" decoding=\"async\" width=\"550\" height=\"550\" src=\"https:\/\/grao.info\/wp-content\/uploads\/2022\/03\/Loft.png\" class=\"attachment-full size-full\" alt=\"\" srcset=\"https:\/\/grao.info\/wp-content\/uploads\/2022\/03\/Loft.png 550w, https:\/\/grao.info\/wp-content\/uploads\/2022\/03\/Loft-300x300.png 300w, https:\/\/grao.info\/wp-content\/uploads\/2022\/03\/Loft-150x150.png 150w, https:\/\/grao.info\/wp-content\/uploads\/2022\/03\/Loft-100x100.png 100w\" sizes=\"(max-width: 550px) 100vw, 550px\" \/>                                <\/a>\n            <\/div>\n<\/div>[vc_column_text]<\/p>\n<p style=\"text-align: center;\">LOFT<\/p>\n<p>[\/vc_column_text][\/vc_column_inner][\/vc_row_inner][vc_empty_space height=\u00bb100px\u00bb][\/vc_column][\/vc_row]<\/p>\n","protected":false},"excerpt":{"rendered":"<p>[vc_row equal_height=\u00bbyes\u00bb content_placement=\u00bbbottom\u00bb][vc_column width=\u00bb2\/3&#8243;][\/vc_column][vc_column width=\u00bb1\/3&#8243;][vc_column_text]Softline se fund\u00f3 en Maribo, Dinamarca, en el a\u00f1o 1979 y al principio solo produc\u00eda espuma de poliuretano para la industria del mueble escandinava. Softline ha recorrido un largo camino desde entonces. Nos hemos convertido en [&hellip;]<\/p>\n","protected":false},"author":2,"featured_media":0,"parent":4006,"menu_order":0,"comment_status":"closed","ping_status":"closed","template":"","meta":{"footnotes":""},"acf":[],"yoast_head":"<!-- This site is optimized with the Yoast SEO Premium plugin v23.0 (Yoast SEO v23.0) - https:\/\/yoast.com\/wordpress\/plugins\/seo\/ -->\n<title>Soft Line - Grao<\/title>\n<meta name=\"robots\" content=\"index, follow, max-snippet:-1, max-image-preview:large, max-video-preview:-1\" \/>\n<link rel=\"canonical\" href=\"https:\/\/grao.info\/es\/marcas\/soft-line\/\" \/>\n<meta property=\"og:locale\" content=\"es_ES\" \/>\n<meta property=\"og:type\" content=\"article\" \/>\n<meta property=\"og:title\" content=\"Soft Line\" \/>\n<meta property=\"og:description\" content=\"[vc_row equal_height=\u00bbyes\u00bb content_placement=\u00bbbottom\u00bb][vc_column width=\u00bb2\/3&#8243;][\/vc_column][vc_column width=\u00bb1\/3&#8243;][vc_column_text]Softline se fund\u00f3 en Maribo, Dinamarca, en el a\u00f1o 1979 y al principio solo produc\u00eda espuma de poliuretano para la industria del mueble escandinava. Softline ha recorrido un largo camino desde entonces. Nos hemos convertido en [&hellip;]\" \/>\n<meta property=\"og:url\" content=\"https:\/\/grao.info\/es\/marcas\/soft-line\/\" \/>\n<meta property=\"og:site_name\" content=\"Grao\" \/>\n<meta property=\"article:modified_time\" content=\"2023-12-01T11:41:37+00:00\" \/>\n<meta name=\"twitter:card\" content=\"summary_large_image\" \/>\n<meta name=\"twitter:label1\" content=\"Tiempo de lectura\" \/>\n\t<meta name=\"twitter:data1\" content=\"1 minuto\" \/>\n<script type=\"application\/ld+json\" class=\"yoast-schema-graph\">{\"@context\":\"https:\/\/schema.org\",\"@graph\":[{\"@type\":\"WebPage\",\"@id\":\"https:\/\/grao.info\/es\/marcas\/soft-line\/\",\"url\":\"https:\/\/grao.info\/es\/marcas\/soft-line\/\",\"name\":\"Soft Line - Grao\",\"isPartOf\":{\"@id\":\"https:\/\/grao.info\/es\/#website\"},\"datePublished\":\"2022-03-17T16:41:13+00:00\",\"dateModified\":\"2023-12-01T11:41:37+00:00\",\"breadcrumb\":{\"@id\":\"https:\/\/grao.info\/es\/marcas\/soft-line\/#breadcrumb\"},\"inLanguage\":\"es\",\"potentialAction\":[{\"@type\":\"ReadAction\",\"target\":[\"https:\/\/grao.info\/es\/marcas\/soft-line\/\"]}]},{\"@type\":\"BreadcrumbList\",\"@id\":\"https:\/\/grao.info\/es\/marcas\/soft-line\/#breadcrumb\",\"itemListElement\":[{\"@type\":\"ListItem\",\"position\":1,\"name\":\"Portada\",\"item\":\"https:\/\/grao.info\/es\/\"},{\"@type\":\"ListItem\",\"position\":2,\"name\":\"Marcas\",\"item\":\"https:\/\/grao.info\/es\/marcas\/\"},{\"@type\":\"ListItem\",\"position\":3,\"name\":\"Soft Line\"}]},{\"@type\":\"WebSite\",\"@id\":\"https:\/\/grao.info\/es\/#website\",\"url\":\"https:\/\/grao.info\/es\/\",\"name\":\"Grao\",\"description\":\"\",\"publisher\":{\"@id\":\"https:\/\/grao.info\/es\/#organization\"},\"potentialAction\":[{\"@type\":\"SearchAction\",\"target\":{\"@type\":\"EntryPoint\",\"urlTemplate\":\"https:\/\/grao.info\/es\/?s={search_term_string}\"},\"query-input\":\"required name=search_term_string\"}],\"inLanguage\":\"es\"},{\"@type\":\"Organization\",\"@id\":\"https:\/\/grao.info\/es\/#organization\",\"name\":\"Grao\",\"url\":\"https:\/\/grao.info\/es\/\",\"logo\":{\"@type\":\"ImageObject\",\"inLanguage\":\"es\",\"@id\":\"https:\/\/grao.info\/es\/#\/schema\/logo\/image\/\",\"url\":\"https:\/\/grao.info\/wp-content\/uploads\/2022\/04\/logo-mobil-1.png\",\"contentUrl\":\"https:\/\/grao.info\/wp-content\/uploads\/2022\/04\/logo-mobil-1.png\",\"width\":275,\"height\":85,\"caption\":\"Grao\"},\"image\":{\"@id\":\"https:\/\/grao.info\/es\/#\/schema\/logo\/image\/\"}}]}<\/script>\n<!-- \/ Yoast SEO Premium plugin. -->","yoast_head_json":{"title":"Soft Line - Grao","robots":{"index":"index","follow":"follow","max-snippet":"max-snippet:-1","max-image-preview":"max-image-preview:large","max-video-preview":"max-video-preview:-1"},"canonical":"https:\/\/grao.info\/es\/marcas\/soft-line\/","og_locale":"es_ES","og_type":"article","og_title":"Soft Line","og_description":"[vc_row equal_height=\u00bbyes\u00bb content_placement=\u00bbbottom\u00bb][vc_column width=\u00bb2\/3&#8243;][\/vc_column][vc_column width=\u00bb1\/3&#8243;][vc_column_text]Softline se fund\u00f3 en Maribo, Dinamarca, en el a\u00f1o 1979 y al principio solo produc\u00eda espuma de poliuretano para la industria del mueble escandinava. Softline ha recorrido un largo camino desde entonces. Nos hemos convertido en [&hellip;]","og_url":"https:\/\/grao.info\/es\/marcas\/soft-line\/","og_site_name":"Grao","article_modified_time":"2023-12-01T11:41:37+00:00","twitter_card":"summary_large_image","twitter_misc":{"Tiempo de lectura":"1 minuto"},"schema":{"@context":"https:\/\/schema.org","@graph":[{"@type":"WebPage","@id":"https:\/\/grao.info\/es\/marcas\/soft-line\/","url":"https:\/\/grao.info\/es\/marcas\/soft-line\/","name":"Soft Line - Grao","isPartOf":{"@id":"https:\/\/grao.info\/es\/#website"},"datePublished":"2022-03-17T16:41:13+00:00","dateModified":"2023-12-01T11:41:37+00:00","breadcrumb":{"@id":"https:\/\/grao.info\/es\/marcas\/soft-line\/#breadcrumb"},"inLanguage":"es","potentialAction":[{"@type":"ReadAction","target":["https:\/\/grao.info\/es\/marcas\/soft-line\/"]}]},{"@type":"BreadcrumbList","@id":"https:\/\/grao.info\/es\/marcas\/soft-line\/#breadcrumb","itemListElement":[{"@type":"ListItem","position":1,"name":"Portada","item":"https:\/\/grao.info\/es\/"},{"@type":"ListItem","position":2,"name":"Marcas","item":"https:\/\/grao.info\/es\/marcas\/"},{"@type":"ListItem","position":3,"name":"Soft Line"}]},{"@type":"WebSite","@id":"https:\/\/grao.info\/es\/#website","url":"https:\/\/grao.info\/es\/","name":"Grao","description":"","publisher":{"@id":"https:\/\/grao.info\/es\/#organization"},"potentialAction":[{"@type":"SearchAction","target":{"@type":"EntryPoint","urlTemplate":"https:\/\/grao.info\/es\/?s={search_term_string}"},"query-input":"required name=search_term_string"}],"inLanguage":"es"},{"@type":"Organization","@id":"https:\/\/grao.info\/es\/#organization","name":"Grao","url":"https:\/\/grao.info\/es\/","logo":{"@type":"ImageObject","inLanguage":"es","@id":"https:\/\/grao.info\/es\/#\/schema\/logo\/image\/","url":"https:\/\/grao.info\/wp-content\/uploads\/2022\/04\/logo-mobil-1.png","contentUrl":"https:\/\/grao.info\/wp-content\/uploads\/2022\/04\/logo-mobil-1.png","width":275,"height":85,"caption":"Grao"},"image":{"@id":"https:\/\/grao.info\/es\/#\/schema\/logo\/image\/"}}]}},"_links":{"self":[{"href":"https:\/\/grao.info\/es\/wp-json\/wp\/v2\/pages\/16497"}],"collection":[{"href":"https:\/\/grao.info\/es\/wp-json\/wp\/v2\/pages"}],"about":[{"href":"https:\/\/grao.info\/es\/wp-json\/wp\/v2\/types\/page"}],"author":[{"embeddable":true,"href":"https:\/\/grao.info\/es\/wp-json\/wp\/v2\/users\/2"}],"replies":[{"embeddable":true,"href":"https:\/\/grao.info\/es\/wp-json\/wp\/v2\/comments?post=16497"}],"version-history":[{"count":1,"href":"https:\/\/grao.info\/es\/wp-json\/wp\/v2\/pages\/16497\/revisions"}],"predecessor-version":[{"id":21873,"href":"https:\/\/grao.info\/es\/wp-json\/wp\/v2\/pages\/16497\/revisions\/21873"}],"up":[{"embeddable":true,"href":"https:\/\/grao.info\/es\/wp-json\/wp\/v2\/pages\/4006"}],"wp:attachment":[{"href":"https:\/\/grao.info\/es\/wp-json\/wp\/v2\/media?parent=16497"}],"curies":[{"name":"wp","href":"https:\/\/api.w.org\/{rel}","templated":true}]}}