{"id":18773,"date":"2022-09-15T16:10:35","date_gmt":"2022-09-15T16:10:35","guid":{"rendered":"https:\/\/grao.info\/?page_id=18773"},"modified":"2022-10-06T08:41:41","modified_gmt":"2022-10-06T08:41:41","slug":"lagrama","status":"publish","type":"page","link":"https:\/\/grao.info\/es\/marcas\/lagrama\/","title":{"rendered":"Lagrama"},"content":{"rendered":"<p>[vc_row equal_height=\u00bbyes\u00bb content_placement=\u00bbbottom\u00bb][vc_column width=\u00bb2\/3&#8243;]<div class=\"edgtf-image-gallery  edgtf-ig-grid-type edgtf-large-space edgtf-has-shadow edgtf-image-behavior-lightbox \">\n\t<div class=\"edgtf-ig-inner edgtf-outer-space edgtf-ig-grid edgtf-ig-three-columns\">\n\t\t\t\t\t<div class=\"edgtf-ig-image edgtf-item-space\">\n\t\t\t\t<div class=\"edgtf-ig-image-inner\">\n\t\t\t\t\t\t\t\t\t\t\t<a itemprop=\"image\" class=\"edgtf-ig-lightbox\" href=\"https:\/\/grao.info\/wp-content\/uploads\/2022\/09\/1.-Litera-Flat.png\" data-rel=\"prettyPhoto[image_gallery_pretty_photo-844]\" title=\"1. Litera Flat\">\n\t\t\t\t\t\t\t\t\t\t\t<img loading=\"lazy\" decoding=\"async\" src=\"https:\/\/grao.info\/wp-content\/uploads\/2022\/09\/1.-Litera-Flat-320x220.png\" alt=\"\" width=\"320\" height=\"220\" \/>\t\t\t\t\t\t\t\t\t\t\t<\/a>\n\t\t\t\t\t\t\t\t\t<\/div>\n\t\t\t<\/div>\n\t\t\t\t\t<div class=\"edgtf-ig-image edgtf-item-space\">\n\t\t\t\t<div class=\"edgtf-ig-image-inner\">\n\t\t\t\t\t\t\t\t\t\t\t<a itemprop=\"image\" class=\"edgtf-ig-lightbox\" href=\"https:\/\/grao.info\/wp-content\/uploads\/2022\/09\/Cama-Abatible.png\" data-rel=\"prettyPhoto[image_gallery_pretty_photo-844]\" title=\"Cama Abatible\">\n\t\t\t\t\t\t\t\t\t\t\t<img loading=\"lazy\" decoding=\"async\" src=\"https:\/\/grao.info\/wp-content\/uploads\/2022\/09\/Cama-Abatible-320x220.png\" alt=\"\" width=\"320\" height=\"220\" \/>\t\t\t\t\t\t\t\t\t\t\t<\/a>\n\t\t\t\t\t\t\t\t\t<\/div>\n\t\t\t<\/div>\n\t\t\t\t\t<div class=\"edgtf-ig-image edgtf-item-space\">\n\t\t\t\t<div class=\"edgtf-ig-image-inner\">\n\t\t\t\t\t\t\t\t\t\t\t<a itemprop=\"image\" class=\"edgtf-ig-lightbox\" href=\"https:\/\/grao.info\/wp-content\/uploads\/2022\/09\/Dressbox.png\" data-rel=\"prettyPhoto[image_gallery_pretty_photo-844]\" title=\"Dressbox\">\n\t\t\t\t\t\t\t\t\t\t\t<img loading=\"lazy\" decoding=\"async\" src=\"https:\/\/grao.info\/wp-content\/uploads\/2022\/09\/Dressbox-320x220.png\" alt=\"\" width=\"320\" height=\"220\" \/>\t\t\t\t\t\t\t\t\t\t\t<\/a>\n\t\t\t\t\t\t\t\t\t<\/div>\n\t\t\t<\/div>\n\t\t\t\t\t<div class=\"edgtf-ig-image edgtf-item-space\">\n\t\t\t\t<div class=\"edgtf-ig-image-inner\">\n\t\t\t\t\t\t\t\t\t\t\t<a itemprop=\"image\" class=\"edgtf-ig-lightbox\" href=\"https:\/\/grao.info\/wp-content\/uploads\/2022\/09\/Nido-Frame.png\" data-rel=\"prettyPhoto[image_gallery_pretty_photo-844]\" title=\"Nido Frame\">\n\t\t\t\t\t\t\t\t\t\t\t<img loading=\"lazy\" decoding=\"async\" src=\"https:\/\/grao.info\/wp-content\/uploads\/2022\/09\/Nido-Frame-320x220.png\" alt=\"\" width=\"320\" height=\"220\" \/>\t\t\t\t\t\t\t\t\t\t\t<\/a>\n\t\t\t\t\t\t\t\t\t<\/div>\n\t\t\t<\/div>\n\t\t\t\t\t<div class=\"edgtf-ig-image edgtf-item-space\">\n\t\t\t\t<div class=\"edgtf-ig-image-inner\">\n\t\t\t\t\t\t\t\t\t\t\t<a itemprop=\"image\" class=\"edgtf-ig-lightbox\" href=\"https:\/\/grao.info\/wp-content\/uploads\/2022\/09\/4.-Armario-New-Kandor.png\" data-rel=\"prettyPhoto[image_gallery_pretty_photo-844]\" title=\"4. Armario New Kandor\">\n\t\t\t\t\t\t\t\t\t\t\t<img loading=\"lazy\" decoding=\"async\" src=\"https:\/\/grao.info\/wp-content\/uploads\/2022\/09\/4.-Armario-New-Kandor-320x220.png\" alt=\"\" width=\"320\" height=\"220\" \/>\t\t\t\t\t\t\t\t\t\t\t<\/a>\n\t\t\t\t\t\t\t\t\t<\/div>\n\t\t\t<\/div>\n\t\t\t\t\t<div class=\"edgtf-ig-image edgtf-item-space\">\n\t\t\t\t<div class=\"edgtf-ig-image-inner\">\n\t\t\t\t\t\t\t\t\t\t\t<a itemprop=\"image\" class=\"edgtf-ig-lightbox\" href=\"https:\/\/grao.info\/wp-content\/uploads\/2022\/09\/Dormitorio-Lisa.png\" data-rel=\"prettyPhoto[image_gallery_pretty_photo-844]\" title=\"Dormitorio Lisa\">\n\t\t\t\t\t\t\t\t\t\t\t<img loading=\"lazy\" decoding=\"async\" src=\"https:\/\/grao.info\/wp-content\/uploads\/2022\/09\/Dormitorio-Lisa-320x220.png\" alt=\"\" width=\"320\" height=\"220\" \/>\t\t\t\t\t\t\t\t\t\t\t<\/a>\n\t\t\t\t\t\t\t\t\t<\/div>\n\t\t\t<\/div>\n\t\t\t<\/div>\n<\/div>[\/vc_column][vc_column width=\u00bb1\/3&#8243;][vc_column_text]<strong>Lagrama<\/strong> fue fundada en 1982 por tres socios de la industria del mueble.<\/p>\n<p>La empresa se centr\u00f3 desde un principio en el mobiliario juvenil utilizando como material principal el tablero laminado. Posteriormente ampli\u00f3 su gama de productos a armarios y dormitorios dobles, y m\u00e1s recientemente en salones y comedores. Continuando con el tablero laminado y acabados lacados para su producto.<\/p>\n<p>Destaca por su gran capacidad de innovaci\u00f3n en su dise\u00f1o y por la alta calidad de los materiales y herrajes utilizados. Ofrece una gran cantidad de m\u00f3dulos adaptables a cada espacio para que se aproveche al m\u00e1ximo, personaliz\u00e1ndolo y cubriendo las necesidades de los usuarios.[\/vc_column_text][vc_row_inner][vc_column_inner][vc_column_text]<a href=\"https:\/\/www.lagrama.es\/\">www.lagrama.es<\/a>[\/vc_column_text][\/vc_column_inner][\/vc_row_inner][\/vc_column][\/vc_row][vc_row][vc_column css=\u00bb.vc_custom_1615488032930{padding-top: 60px !important;}\u00bb][vc_row_inner][vc_column_inner]<div class=\"edgtf-separator-holder clearfix  edgtf-separator-center edgtf-separator-vertical\">\n\t<div class=\"edgtf-separator\" style=\"border-color: #333333;border-style: solid;height: 30px;border-left-width: 2px\"><\/div>\n<\/div>\n[vc_custom_heading text=\u00bbPRODUCTOS SELECCIONADOS\u00bb font_container=\u00bbtag:h3|font_size:32px|text_align:center|color:%233d3935|line_height:1.6&#8243; google_fonts=\u00bbfont_family:Roboto%3A100%2C100italic%2C300%2C300italic%2Cregular%2Citalic%2C500%2C500italic%2C700%2C700italic%2C900%2C900italic|font_style:700%20bold%20regular%3A700%3Anormal\u00bb]<div class=\"edgtf-separator-holder clearfix  edgtf-separator-center edgtf-separator-vertical\">\n\t<div class=\"edgtf-separator\" style=\"border-color: #333333;border-style: solid;height: 30px;border-left-width: 2px\"><\/div>\n<\/div>\n[\/vc_column_inner][\/vc_row_inner][\/vc_column][\/vc_row][vc_row][vc_column css=\u00bb.vc_custom_1615565554899{padding-top: 60px !important;}\u00bb][vc_row_inner][vc_column_inner width=\u00bb1\/5&#8243;]<div class=\"edgtf-single-image-holder  edgtf-has-shadow edgtf-image-behavior-custom-link\">\n    <div class=\"edgtf-si-inner\" >\n        \t            <a itemprop=\"url\" href=\"\/es\/producto\/cottage\/\" target=\"_self\">\n                                    <img loading=\"lazy\" decoding=\"async\" width=\"550\" height=\"550\" src=\"https:\/\/grao.info\/wp-content\/uploads\/2022\/09\/Cottage.b.png\" class=\"attachment-full size-full\" alt=\"\" srcset=\"https:\/\/grao.info\/wp-content\/uploads\/2022\/09\/Cottage.b.png 550w, https:\/\/grao.info\/wp-content\/uploads\/2022\/09\/Cottage.b-300x300.png 300w, https:\/\/grao.info\/wp-content\/uploads\/2022\/09\/Cottage.b-150x150.png 150w, https:\/\/grao.info\/wp-content\/uploads\/2022\/09\/Cottage.b-100x100.png 100w\" sizes=\"(max-width: 550px) 100vw, 550px\" \/>                                <\/a>\n            <\/div>\n<\/div>[vc_column_text]<\/p>\n<p style=\"text-align: center;\">COTTAGE<\/p>\n<p>[\/vc_column_text][\/vc_column_inner][vc_column_inner width=\u00bb1\/5&#8243;]<div class=\"edgtf-single-image-holder  edgtf-has-shadow edgtf-image-behavior-custom-link\">\n    <div class=\"edgtf-si-inner\" >\n        \t            <a itemprop=\"url\" href=\"\/es\/producto\/camas\/\" target=\"_self\">\n                                    <img loading=\"lazy\" decoding=\"async\" width=\"550\" height=\"550\" src=\"https:\/\/grao.info\/wp-content\/uploads\/2022\/09\/Camas.png\" class=\"attachment-full size-full\" alt=\"\" srcset=\"https:\/\/grao.info\/wp-content\/uploads\/2022\/09\/Camas.png 550w, https:\/\/grao.info\/wp-content\/uploads\/2022\/09\/Camas-300x300.png 300w, https:\/\/grao.info\/wp-content\/uploads\/2022\/09\/Camas-150x150.png 150w, https:\/\/grao.info\/wp-content\/uploads\/2022\/09\/Camas-100x100.png 100w\" sizes=\"(max-width: 550px) 100vw, 550px\" \/>                                <\/a>\n            <\/div>\n<\/div>[vc_column_text]<\/p>\n<p style=\"text-align: center;\">CAMAS<\/p>\n<p>[\/vc_column_text][\/vc_column_inner][vc_column_inner width=\u00bb1\/5&#8243;]<div class=\"edgtf-single-image-holder  edgtf-has-shadow edgtf-image-behavior-custom-link\">\n    <div class=\"edgtf-si-inner\" >\n        \t            <a itemprop=\"url\" href=\"\/es\/producto\/estanterias\/\" target=\"_self\">\n                                    <img loading=\"lazy\" decoding=\"async\" width=\"550\" height=\"550\" src=\"https:\/\/grao.info\/wp-content\/uploads\/2022\/09\/Eatanteria-Addbox.b.png\" class=\"attachment-full size-full\" alt=\"\" srcset=\"https:\/\/grao.info\/wp-content\/uploads\/2022\/09\/Eatanteria-Addbox.b.png 550w, https:\/\/grao.info\/wp-content\/uploads\/2022\/09\/Eatanteria-Addbox.b-300x300.png 300w, https:\/\/grao.info\/wp-content\/uploads\/2022\/09\/Eatanteria-Addbox.b-150x150.png 150w, https:\/\/grao.info\/wp-content\/uploads\/2022\/09\/Eatanteria-Addbox.b-100x100.png 100w\" sizes=\"(max-width: 550px) 100vw, 550px\" \/>                                <\/a>\n            <\/div>\n<\/div>[vc_column_text]<\/p>\n<p style=\"text-align: center;\">ESTANTERIAS Y LIBRERIAS<\/p>\n<p>[\/vc_column_text][\/vc_column_inner][vc_column_inner width=\u00bb1\/5&#8243;]<div class=\"edgtf-single-image-holder  edgtf-has-shadow edgtf-image-behavior-custom-link\">\n    <div class=\"edgtf-si-inner\" >\n        \t            <a itemprop=\"url\" href=\"\/es\/producto\/nidos\/\" target=\"_self\">\n                                    <img loading=\"lazy\" decoding=\"async\" width=\"550\" height=\"550\" src=\"https:\/\/grao.info\/wp-content\/uploads\/2022\/09\/Nidos-y-compactos.b.png\" class=\"attachment-full size-full\" alt=\"\" srcset=\"https:\/\/grao.info\/wp-content\/uploads\/2022\/09\/Nidos-y-compactos.b.png 550w, https:\/\/grao.info\/wp-content\/uploads\/2022\/09\/Nidos-y-compactos.b-300x300.png 300w, https:\/\/grao.info\/wp-content\/uploads\/2022\/09\/Nidos-y-compactos.b-150x150.png 150w, https:\/\/grao.info\/wp-content\/uploads\/2022\/09\/Nidos-y-compactos.b-100x100.png 100w\" sizes=\"(max-width: 550px) 100vw, 550px\" \/>                                <\/a>\n            <\/div>\n<\/div>[vc_column_text]<\/p>\n<p style=\"text-align: center;\">NIDOS Y COMPACTOS<\/p>\n<p>[\/vc_column_text][\/vc_column_inner][vc_column_inner width=\u00bb1\/5&#8243;]<div class=\"edgtf-single-image-holder  edgtf-has-shadow edgtf-image-behavior-custom-link\">\n    <div class=\"edgtf-si-inner\" >\n        \t            <a itemprop=\"url\" href=\"\/es\/producto\/vestidores\/\" target=\"_self\">\n                                    <img loading=\"lazy\" decoding=\"async\" width=\"550\" height=\"550\" src=\"https:\/\/grao.info\/wp-content\/uploads\/2022\/09\/Vestidores.png\" class=\"attachment-full size-full\" alt=\"\" srcset=\"https:\/\/grao.info\/wp-content\/uploads\/2022\/09\/Vestidores.png 550w, https:\/\/grao.info\/wp-content\/uploads\/2022\/09\/Vestidores-300x300.png 300w, https:\/\/grao.info\/wp-content\/uploads\/2022\/09\/Vestidores-150x150.png 150w, https:\/\/grao.info\/wp-content\/uploads\/2022\/09\/Vestidores-100x100.png 100w\" sizes=\"(max-width: 550px) 100vw, 550px\" \/>                                <\/a>\n            <\/div>\n<\/div>[vc_column_text]<\/p>\n<p style=\"text-align: center;\">VESTIDORES<\/p>\n<p>[\/vc_column_text][\/vc_column_inner][\/vc_row_inner][\/vc_column][\/vc_row][vc_row][vc_column css=\u00bb.vc_custom_1615565597146{padding-top: 30px !important;}\u00bb][vc_row_inner][vc_column_inner width=\u00bb1\/5&#8243;]<div class=\"edgtf-single-image-holder  edgtf-has-shadow edgtf-image-behavior-custom-link\">\n    <div class=\"edgtf-si-inner\" >\n        \t            <a itemprop=\"url\" href=\"\/es\/producto\/aparadores\/\" target=\"_self\">\n                                    <img loading=\"lazy\" decoding=\"async\" width=\"550\" height=\"550\" src=\"https:\/\/grao.info\/wp-content\/uploads\/2022\/09\/Aparadores-1.png\" class=\"attachment-full size-full\" alt=\"\" srcset=\"https:\/\/grao.info\/wp-content\/uploads\/2022\/09\/Aparadores-1.png 550w, https:\/\/grao.info\/wp-content\/uploads\/2022\/09\/Aparadores-1-300x300.png 300w, https:\/\/grao.info\/wp-content\/uploads\/2022\/09\/Aparadores-1-150x150.png 150w, https:\/\/grao.info\/wp-content\/uploads\/2022\/09\/Aparadores-1-100x100.png 100w\" sizes=\"(max-width: 550px) 100vw, 550px\" \/>                                <\/a>\n            <\/div>\n<\/div>[vc_column_text]<\/p>\n<p style=\"text-align: center;\">APARADORES<\/p>\n<p>[\/vc_column_text][\/vc_column_inner][vc_column_inner width=\u00bb1\/5&#8243;]<div class=\"edgtf-single-image-holder  edgtf-has-shadow edgtf-image-behavior-custom-link\">\n    <div class=\"edgtf-si-inner\" >\n        \t            <a itemprop=\"url\" href=\"\/es\/producto\/abatibles\/\" target=\"_self\">\n                                    <img loading=\"lazy\" decoding=\"async\" width=\"550\" height=\"550\" src=\"https:\/\/grao.info\/wp-content\/uploads\/2022\/09\/Cama-Abatible-2.png\" class=\"attachment-full size-full\" alt=\"\" srcset=\"https:\/\/grao.info\/wp-content\/uploads\/2022\/09\/Cama-Abatible-2.png 550w, https:\/\/grao.info\/wp-content\/uploads\/2022\/09\/Cama-Abatible-2-300x300.png 300w, https:\/\/grao.info\/wp-content\/uploads\/2022\/09\/Cama-Abatible-2-150x150.png 150w, https:\/\/grao.info\/wp-content\/uploads\/2022\/09\/Cama-Abatible-2-100x100.png 100w\" sizes=\"(max-width: 550px) 100vw, 550px\" \/>                                <\/a>\n            <\/div>\n<\/div>[vc_column_text]<\/p>\n<p style=\"text-align: center;\">CAMAS ABATIBLES<\/p>\n<p>[\/vc_column_text][\/vc_column_inner][vc_column_inner width=\u00bb1\/5&#8243;]<div class=\"edgtf-single-image-holder  edgtf-has-shadow edgtf-image-behavior-custom-link\">\n    <div class=\"edgtf-si-inner\" >\n        \t            <a itemprop=\"url\" href=\"\/es\/producto\/armarios\/\" target=\"_self\">\n                                    <img loading=\"lazy\" decoding=\"async\" width=\"550\" height=\"550\" src=\"https:\/\/grao.info\/wp-content\/uploads\/2022\/09\/Armarios.png\" class=\"attachment-full size-full\" alt=\"\" srcset=\"https:\/\/grao.info\/wp-content\/uploads\/2022\/09\/Armarios.png 550w, https:\/\/grao.info\/wp-content\/uploads\/2022\/09\/Armarios-300x300.png 300w, https:\/\/grao.info\/wp-content\/uploads\/2022\/09\/Armarios-150x150.png 150w, https:\/\/grao.info\/wp-content\/uploads\/2022\/09\/Armarios-100x100.png 100w\" sizes=\"(max-width: 550px) 100vw, 550px\" \/>                                <\/a>\n            <\/div>\n<\/div>[vc_column_text]<\/p>\n<p style=\"text-align: center;\">ARMARIOS<\/p>\n<p>[\/vc_column_text][\/vc_column_inner][vc_column_inner width=\u00bb1\/5&#8243;]<div class=\"edgtf-single-image-holder  edgtf-has-shadow edgtf-image-behavior-custom-link\">\n    <div class=\"edgtf-si-inner\" >\n        \t            <a itemprop=\"url\" href=\"\/es\/producto\/composiciones-tv\/\" target=\"_self\">\n                                    <img loading=\"lazy\" decoding=\"async\" width=\"550\" height=\"550\" src=\"https:\/\/grao.info\/wp-content\/uploads\/2022\/09\/Composicion-Tv.png\" class=\"attachment-full size-full\" alt=\"\" srcset=\"https:\/\/grao.info\/wp-content\/uploads\/2022\/09\/Composicion-Tv.png 550w, https:\/\/grao.info\/wp-content\/uploads\/2022\/09\/Composicion-Tv-300x300.png 300w, https:\/\/grao.info\/wp-content\/uploads\/2022\/09\/Composicion-Tv-150x150.png 150w, https:\/\/grao.info\/wp-content\/uploads\/2022\/09\/Composicion-Tv-100x100.png 100w\" sizes=\"(max-width: 550px) 100vw, 550px\" \/>                                <\/a>\n            <\/div>\n<\/div>[vc_column_text]<\/p>\n<p style=\"text-align: center;\">COMPOSICIONES TV<\/p>\n<p>[\/vc_column_text][\/vc_column_inner][vc_column_inner width=\u00bb1\/5&#8243;]<div class=\"edgtf-single-image-holder  edgtf-has-shadow edgtf-image-behavior-custom-link\">\n    <div class=\"edgtf-si-inner\" >\n        \t            <a itemprop=\"url\" href=\"\/es\/producto\/literas\/\" target=\"_self\">\n                                    <img loading=\"lazy\" decoding=\"async\" width=\"550\" height=\"550\" src=\"https:\/\/grao.info\/wp-content\/uploads\/2022\/09\/Litera-1.png\" class=\"attachment-full size-full\" alt=\"\" srcset=\"https:\/\/grao.info\/wp-content\/uploads\/2022\/09\/Litera-1.png 550w, https:\/\/grao.info\/wp-content\/uploads\/2022\/09\/Litera-1-300x300.png 300w, https:\/\/grao.info\/wp-content\/uploads\/2022\/09\/Litera-1-150x150.png 150w, https:\/\/grao.info\/wp-content\/uploads\/2022\/09\/Litera-1-100x100.png 100w\" sizes=\"(max-width: 550px) 100vw, 550px\" \/>                                <\/a>\n            <\/div>\n<\/div>[vc_column_text]<\/p>\n<p style=\"text-align: center;\">LITERAS Y TRENES<\/p>\n<p>[\/vc_column_text][\/vc_column_inner][\/vc_row_inner][vc_empty_space height=\u00bb100px\u00bb][\/vc_column][\/vc_row]<\/p>\n","protected":false},"excerpt":{"rendered":"<p>[vc_row equal_height=\u00bbyes\u00bb content_placement=\u00bbbottom\u00bb][vc_column width=\u00bb2\/3&#8243;][\/vc_column][vc_column width=\u00bb1\/3&#8243;][vc_column_text]Lagrama fue fundada en 1982 por tres socios de la industria del mueble. La empresa se centr\u00f3 desde un principio en el mobiliario juvenil utilizando como material principal el tablero laminado. Posteriormente ampli\u00f3 su gama de [&hellip;]<\/p>\n","protected":false},"author":2,"featured_media":0,"parent":4006,"menu_order":0,"comment_status":"closed","ping_status":"closed","template":"","meta":{"footnotes":""},"acf":[],"yoast_head":"<!-- This site is optimized with the Yoast SEO Premium plugin v23.0 (Yoast SEO v23.0) - https:\/\/yoast.com\/wordpress\/plugins\/seo\/ -->\n<title>Lagrama - Grao<\/title>\n<meta name=\"robots\" content=\"index, follow, max-snippet:-1, max-image-preview:large, max-video-preview:-1\" \/>\n<link rel=\"canonical\" href=\"https:\/\/grao.info\/es\/marcas\/lagrama\/\" \/>\n<meta property=\"og:locale\" content=\"es_ES\" \/>\n<meta property=\"og:type\" content=\"article\" \/>\n<meta property=\"og:title\" content=\"Lagrama\" \/>\n<meta property=\"og:description\" content=\"[vc_row equal_height=\u00bbyes\u00bb content_placement=\u00bbbottom\u00bb][vc_column width=\u00bb2\/3&#8243;][\/vc_column][vc_column width=\u00bb1\/3&#8243;][vc_column_text]Lagrama fue fundada en 1982 por tres socios de la industria del mueble. La empresa se centr\u00f3 desde un principio en el mobiliario juvenil utilizando como material principal el tablero laminado. Posteriormente ampli\u00f3 su gama de [&hellip;]\" \/>\n<meta property=\"og:url\" content=\"https:\/\/grao.info\/es\/marcas\/lagrama\/\" \/>\n<meta property=\"og:site_name\" content=\"Grao\" \/>\n<meta property=\"article:modified_time\" content=\"2022-10-06T08:41:41+00:00\" \/>\n<meta name=\"twitter:card\" content=\"summary_large_image\" \/>\n<meta name=\"twitter:label1\" content=\"Tiempo de lectura\" \/>\n\t<meta name=\"twitter:data1\" content=\"2 minutos\" \/>\n<script type=\"application\/ld+json\" class=\"yoast-schema-graph\">{\"@context\":\"https:\/\/schema.org\",\"@graph\":[{\"@type\":\"WebPage\",\"@id\":\"https:\/\/grao.info\/es\/marcas\/lagrama\/\",\"url\":\"https:\/\/grao.info\/es\/marcas\/lagrama\/\",\"name\":\"Lagrama - Grao\",\"isPartOf\":{\"@id\":\"https:\/\/grao.info\/es\/#website\"},\"datePublished\":\"2022-09-15T16:10:35+00:00\",\"dateModified\":\"2022-10-06T08:41:41+00:00\",\"breadcrumb\":{\"@id\":\"https:\/\/grao.info\/es\/marcas\/lagrama\/#breadcrumb\"},\"inLanguage\":\"es\",\"potentialAction\":[{\"@type\":\"ReadAction\",\"target\":[\"https:\/\/grao.info\/es\/marcas\/lagrama\/\"]}]},{\"@type\":\"BreadcrumbList\",\"@id\":\"https:\/\/grao.info\/es\/marcas\/lagrama\/#breadcrumb\",\"itemListElement\":[{\"@type\":\"ListItem\",\"position\":1,\"name\":\"Portada\",\"item\":\"https:\/\/grao.info\/es\/\"},{\"@type\":\"ListItem\",\"position\":2,\"name\":\"Marcas\",\"item\":\"https:\/\/grao.info\/es\/marcas\/\"},{\"@type\":\"ListItem\",\"position\":3,\"name\":\"Lagrama\"}]},{\"@type\":\"WebSite\",\"@id\":\"https:\/\/grao.info\/es\/#website\",\"url\":\"https:\/\/grao.info\/es\/\",\"name\":\"Grao\",\"description\":\"\",\"publisher\":{\"@id\":\"https:\/\/grao.info\/es\/#organization\"},\"potentialAction\":[{\"@type\":\"SearchAction\",\"target\":{\"@type\":\"EntryPoint\",\"urlTemplate\":\"https:\/\/grao.info\/es\/?s={search_term_string}\"},\"query-input\":\"required name=search_term_string\"}],\"inLanguage\":\"es\"},{\"@type\":\"Organization\",\"@id\":\"https:\/\/grao.info\/es\/#organization\",\"name\":\"Grao\",\"url\":\"https:\/\/grao.info\/es\/\",\"logo\":{\"@type\":\"ImageObject\",\"inLanguage\":\"es\",\"@id\":\"https:\/\/grao.info\/es\/#\/schema\/logo\/image\/\",\"url\":\"https:\/\/grao.info\/wp-content\/uploads\/2022\/04\/logo-mobil-1.png\",\"contentUrl\":\"https:\/\/grao.info\/wp-content\/uploads\/2022\/04\/logo-mobil-1.png\",\"width\":275,\"height\":85,\"caption\":\"Grao\"},\"image\":{\"@id\":\"https:\/\/grao.info\/es\/#\/schema\/logo\/image\/\"}}]}<\/script>\n<!-- \/ Yoast SEO Premium plugin. -->","yoast_head_json":{"title":"Lagrama - Grao","robots":{"index":"index","follow":"follow","max-snippet":"max-snippet:-1","max-image-preview":"max-image-preview:large","max-video-preview":"max-video-preview:-1"},"canonical":"https:\/\/grao.info\/es\/marcas\/lagrama\/","og_locale":"es_ES","og_type":"article","og_title":"Lagrama","og_description":"[vc_row equal_height=\u00bbyes\u00bb content_placement=\u00bbbottom\u00bb][vc_column width=\u00bb2\/3&#8243;][\/vc_column][vc_column width=\u00bb1\/3&#8243;][vc_column_text]Lagrama fue fundada en 1982 por tres socios de la industria del mueble. La empresa se centr\u00f3 desde un principio en el mobiliario juvenil utilizando como material principal el tablero laminado. Posteriormente ampli\u00f3 su gama de [&hellip;]","og_url":"https:\/\/grao.info\/es\/marcas\/lagrama\/","og_site_name":"Grao","article_modified_time":"2022-10-06T08:41:41+00:00","twitter_card":"summary_large_image","twitter_misc":{"Tiempo de lectura":"2 minutos"},"schema":{"@context":"https:\/\/schema.org","@graph":[{"@type":"WebPage","@id":"https:\/\/grao.info\/es\/marcas\/lagrama\/","url":"https:\/\/grao.info\/es\/marcas\/lagrama\/","name":"Lagrama - Grao","isPartOf":{"@id":"https:\/\/grao.info\/es\/#website"},"datePublished":"2022-09-15T16:10:35+00:00","dateModified":"2022-10-06T08:41:41+00:00","breadcrumb":{"@id":"https:\/\/grao.info\/es\/marcas\/lagrama\/#breadcrumb"},"inLanguage":"es","potentialAction":[{"@type":"ReadAction","target":["https:\/\/grao.info\/es\/marcas\/lagrama\/"]}]},{"@type":"BreadcrumbList","@id":"https:\/\/grao.info\/es\/marcas\/lagrama\/#breadcrumb","itemListElement":[{"@type":"ListItem","position":1,"name":"Portada","item":"https:\/\/grao.info\/es\/"},{"@type":"ListItem","position":2,"name":"Marcas","item":"https:\/\/grao.info\/es\/marcas\/"},{"@type":"ListItem","position":3,"name":"Lagrama"}]},{"@type":"WebSite","@id":"https:\/\/grao.info\/es\/#website","url":"https:\/\/grao.info\/es\/","name":"Grao","description":"","publisher":{"@id":"https:\/\/grao.info\/es\/#organization"},"potentialAction":[{"@type":"SearchAction","target":{"@type":"EntryPoint","urlTemplate":"https:\/\/grao.info\/es\/?s={search_term_string}"},"query-input":"required name=search_term_string"}],"inLanguage":"es"},{"@type":"Organization","@id":"https:\/\/grao.info\/es\/#organization","name":"Grao","url":"https:\/\/grao.info\/es\/","logo":{"@type":"ImageObject","inLanguage":"es","@id":"https:\/\/grao.info\/es\/#\/schema\/logo\/image\/","url":"https:\/\/grao.info\/wp-content\/uploads\/2022\/04\/logo-mobil-1.png","contentUrl":"https:\/\/grao.info\/wp-content\/uploads\/2022\/04\/logo-mobil-1.png","width":275,"height":85,"caption":"Grao"},"image":{"@id":"https:\/\/grao.info\/es\/#\/schema\/logo\/image\/"}}]}},"_links":{"self":[{"href":"https:\/\/grao.info\/es\/wp-json\/wp\/v2\/pages\/18773"}],"collection":[{"href":"https:\/\/grao.info\/es\/wp-json\/wp\/v2\/pages"}],"about":[{"href":"https:\/\/grao.info\/es\/wp-json\/wp\/v2\/types\/page"}],"author":[{"embeddable":true,"href":"https:\/\/grao.info\/es\/wp-json\/wp\/v2\/users\/2"}],"replies":[{"embeddable":true,"href":"https:\/\/grao.info\/es\/wp-json\/wp\/v2\/comments?post=18773"}],"version-history":[{"count":1,"href":"https:\/\/grao.info\/es\/wp-json\/wp\/v2\/pages\/18773\/revisions"}],"predecessor-version":[{"id":25075,"href":"https:\/\/grao.info\/es\/wp-json\/wp\/v2\/pages\/18773\/revisions\/25075"}],"up":[{"embeddable":true,"href":"https:\/\/grao.info\/es\/wp-json\/wp\/v2\/pages\/4006"}],"wp:attachment":[{"href":"https:\/\/grao.info\/es\/wp-json\/wp\/v2\/media?parent=18773"}],"curies":[{"name":"wp","href":"https:\/\/api.w.org\/{rel}","templated":true}]}}