{"id":19676,"date":"2022-12-01T17:52:52","date_gmt":"2022-12-01T17:52:52","guid":{"rendered":"https:\/\/grao.info\/?page_id=19676"},"modified":"2026-02-16T10:19:08","modified_gmt":"2026-02-16T10:19:08","slug":"twils","status":"publish","type":"page","link":"https:\/\/grao.info\/es\/marcas\/twils\/","title":{"rendered":"Twils"},"content":{"rendered":"<p>[vc_row equal_height=\u00bbyes\u00bb content_placement=\u00bbbottom\u00bb][vc_column width=\u00bb2\/3&#8243;]<div class=\"edgtf-image-gallery  edgtf-ig-grid-type edgtf-large-space edgtf-has-shadow edgtf-image-behavior-lightbox \">\n\t<div class=\"edgtf-ig-inner edgtf-outer-space edgtf-ig-grid edgtf-ig-three-columns\">\n\t\t\t\t\t<div class=\"edgtf-ig-image edgtf-item-space\">\n\t\t\t\t<div class=\"edgtf-ig-image-inner\">\n\t\t\t\t\t\t\t\t\t\t\t<a itemprop=\"image\" class=\"edgtf-ig-lightbox\" href=\"https:\/\/grao.info\/wp-content\/uploads\/2022\/12\/A-Box.png\" data-rel=\"prettyPhoto[image_gallery_pretty_photo-698]\" title=\"A-Box\">\n\t\t\t\t\t\t\t\t\t\t\t<img loading=\"lazy\" decoding=\"async\" src=\"https:\/\/grao.info\/wp-content\/uploads\/2022\/12\/A-Box-320x220.png\" alt=\"\" width=\"320\" height=\"220\" \/>\t\t\t\t\t\t\t\t\t\t\t<\/a>\n\t\t\t\t\t\t\t\t\t<\/div>\n\t\t\t<\/div>\n\t\t\t\t\t<div class=\"edgtf-ig-image edgtf-item-space\">\n\t\t\t\t<div class=\"edgtf-ig-image-inner\">\n\t\t\t\t\t\t\t\t\t\t\t<a itemprop=\"image\" class=\"edgtf-ig-lightbox\" href=\"https:\/\/grao.info\/wp-content\/uploads\/2022\/12\/Avenue.png\" data-rel=\"prettyPhoto[image_gallery_pretty_photo-698]\" title=\"Avenue\">\n\t\t\t\t\t\t\t\t\t\t\t<img loading=\"lazy\" decoding=\"async\" src=\"https:\/\/grao.info\/wp-content\/uploads\/2022\/12\/Avenue-320x220.png\" alt=\"\" width=\"320\" height=\"220\" \/>\t\t\t\t\t\t\t\t\t\t\t<\/a>\n\t\t\t\t\t\t\t\t\t<\/div>\n\t\t\t<\/div>\n\t\t\t\t\t<div class=\"edgtf-ig-image edgtf-item-space\">\n\t\t\t\t<div class=\"edgtf-ig-image-inner\">\n\t\t\t\t\t\t\t\t\t\t\t<a itemprop=\"image\" class=\"edgtf-ig-lightbox\" href=\"https:\/\/grao.info\/wp-content\/uploads\/2022\/12\/T-Pad.png\" data-rel=\"prettyPhoto[image_gallery_pretty_photo-698]\" title=\"T-Pad\">\n\t\t\t\t\t\t\t\t\t\t\t<img loading=\"lazy\" decoding=\"async\" src=\"https:\/\/grao.info\/wp-content\/uploads\/2022\/12\/T-Pad-320x220.png\" alt=\"\" width=\"320\" height=\"220\" \/>\t\t\t\t\t\t\t\t\t\t\t<\/a>\n\t\t\t\t\t\t\t\t\t<\/div>\n\t\t\t<\/div>\n\t\t\t\t\t<div class=\"edgtf-ig-image edgtf-item-space\">\n\t\t\t\t<div class=\"edgtf-ig-image-inner\">\n\t\t\t\t\t\t\t\t\t\t\t<a itemprop=\"image\" class=\"edgtf-ig-lightbox\" href=\"https:\/\/grao.info\/wp-content\/uploads\/2022\/12\/T-Time.png\" data-rel=\"prettyPhoto[image_gallery_pretty_photo-698]\" title=\"T-Time\">\n\t\t\t\t\t\t\t\t\t\t\t<img loading=\"lazy\" decoding=\"async\" src=\"https:\/\/grao.info\/wp-content\/uploads\/2022\/12\/T-Time-320x220.png\" alt=\"\" width=\"320\" height=\"220\" \/>\t\t\t\t\t\t\t\t\t\t\t<\/a>\n\t\t\t\t\t\t\t\t\t<\/div>\n\t\t\t<\/div>\n\t\t\t\t\t<div class=\"edgtf-ig-image edgtf-item-space\">\n\t\t\t\t<div class=\"edgtf-ig-image-inner\">\n\t\t\t\t\t\t\t\t\t\t\t<a itemprop=\"image\" class=\"edgtf-ig-lightbox\" href=\"https:\/\/grao.info\/wp-content\/uploads\/2022\/12\/Biggie-I-T-Pad.png\" data-rel=\"prettyPhoto[image_gallery_pretty_photo-698]\" title=\"Biggie I T-Pad\">\n\t\t\t\t\t\t\t\t\t\t\t<img loading=\"lazy\" decoding=\"async\" src=\"https:\/\/grao.info\/wp-content\/uploads\/2022\/12\/Biggie-I-T-Pad-320x220.png\" alt=\"\" width=\"320\" height=\"220\" \/>\t\t\t\t\t\t\t\t\t\t\t<\/a>\n\t\t\t\t\t\t\t\t\t<\/div>\n\t\t\t<\/div>\n\t\t\t\t\t<div class=\"edgtf-ig-image edgtf-item-space\">\n\t\t\t\t<div class=\"edgtf-ig-image-inner\">\n\t\t\t\t\t\t\t\t\t\t\t<a itemprop=\"image\" class=\"edgtf-ig-lightbox\" href=\"https:\/\/grao.info\/wp-content\/uploads\/2022\/12\/Camaleo.png\" data-rel=\"prettyPhoto[image_gallery_pretty_photo-698]\" title=\"Camaleo\">\n\t\t\t\t\t\t\t\t\t\t\t<img loading=\"lazy\" decoding=\"async\" src=\"https:\/\/grao.info\/wp-content\/uploads\/2022\/12\/Camaleo-320x220.png\" alt=\"\" width=\"320\" height=\"220\" \/>\t\t\t\t\t\t\t\t\t\t\t<\/a>\n\t\t\t\t\t\t\t\t\t<\/div>\n\t\t\t<\/div>\n\t\t\t<\/div>\n<\/div>[\/vc_column][vc_column width=\u00bb1\/3&#8243;][vc_column_text]<strong>Twils<\/strong> es una empresa italiana que tiene sus ra\u00edces en Cessalto, V\u00e9neto, fundada por una familia visionaria y apasionada por los muebles de dise\u00f1o, que desde hace m\u00e1s de treinta a\u00f1os se dedica de manera especial a la producci\u00f3n de muebles y complementos para la zona de dormitorio, con un estilo original que mira lejos. Una variedad de soluciones muy vers\u00e1til y funcional, que permite optimizar los espacios del hogar y crear ambientes para vivir con sentido pr\u00e1ctico y fantas\u00eda. Una verdadera revoluci\u00f3n en cada colecci\u00f3n de la marca, que en 2007 adquiere su nombre definitivo, apostando por el handmade y la sartorialit\u00e0 de cada producto, adem\u00e1s, naturalmente, por la colaboraci\u00f3n con los grandes nombres del dise\u00f1o internacional[\/vc_column_text][vc_row_inner][vc_column_inner][vc_column_text]<a href=\"https:\/\/www.twils.it\/\">www.twils.it<\/a>[\/vc_column_text][\/vc_column_inner][\/vc_row_inner][\/vc_column][\/vc_row][vc_row][vc_column css=\u00bb.vc_custom_1615488032930{padding-top: 60px !important;}\u00bb][vc_row_inner][vc_column_inner]<div class=\"edgtf-separator-holder clearfix  edgtf-separator-center edgtf-separator-vertical\">\n\t<div class=\"edgtf-separator\" style=\"border-color: #333333;border-style: solid;height: 30px;border-left-width: 2px\"><\/div>\n<\/div>\n[vc_custom_heading text=\u00bbPRODUCTOS SELECCIONADOS\u00bb font_container=\u00bbtag:h3|font_size:32px|text_align:center|color:%233d3935|line_height:1.6&#8243; google_fonts=\u00bbfont_family:Roboto%3A100%2C100italic%2C300%2C300italic%2Cregular%2Citalic%2C500%2C500italic%2C700%2C700italic%2C900%2C900italic|font_style:700%20bold%20regular%3A700%3Anormal\u00bb]<div class=\"edgtf-separator-holder clearfix  edgtf-separator-center edgtf-separator-vertical\">\n\t<div class=\"edgtf-separator\" style=\"border-color: #333333;border-style: solid;height: 30px;border-left-width: 2px\"><\/div>\n<\/div>\n[\/vc_column_inner][\/vc_row_inner][\/vc_column][\/vc_row][vc_row][vc_column css=\u00bb.vc_custom_1615565554899{padding-top: 60px !important;}\u00bb][vc_row_inner][vc_column_inner width=\u00bb1\/5&#8243;]<div class=\"edgtf-single-image-holder  edgtf-has-shadow edgtf-image-behavior-custom-link\">\n    <div class=\"edgtf-si-inner\" >\n        \t            <a itemprop=\"url\" href=\"\/es\/producto\/t-vision\/\" target=\"_self\">\n                                    <img loading=\"lazy\" decoding=\"async\" width=\"550\" height=\"550\" src=\"https:\/\/grao.info\/wp-content\/uploads\/2022\/12\/T-Vision.png\" class=\"attachment-full size-full\" alt=\"\" srcset=\"https:\/\/grao.info\/wp-content\/uploads\/2022\/12\/T-Vision.png 550w, https:\/\/grao.info\/wp-content\/uploads\/2022\/12\/T-Vision-300x300.png 300w, https:\/\/grao.info\/wp-content\/uploads\/2022\/12\/T-Vision-150x150.png 150w, https:\/\/grao.info\/wp-content\/uploads\/2022\/12\/T-Vision-100x100.png 100w\" sizes=\"(max-width: 550px) 100vw, 550px\" \/>                                <\/a>\n            <\/div>\n<\/div>[vc_column_text]<\/p>\n<p style=\"text-align: center;\">T-VISION<\/p>\n<p>[\/vc_column_text][\/vc_column_inner][vc_column_inner width=\u00bb1\/5&#8243;]<div class=\"edgtf-single-image-holder  edgtf-has-shadow edgtf-image-behavior-custom-link\">\n    <div class=\"edgtf-si-inner\" >\n        \t            <a itemprop=\"url\" href=\"\/es\/producto\/wing-2\/\" target=\"_self\">\n                                    <img loading=\"lazy\" decoding=\"async\" width=\"550\" height=\"550\" src=\"https:\/\/grao.info\/wp-content\/uploads\/2022\/12\/Wing.png\" class=\"attachment-full size-full\" alt=\"\" srcset=\"https:\/\/grao.info\/wp-content\/uploads\/2022\/12\/Wing.png 550w, https:\/\/grao.info\/wp-content\/uploads\/2022\/12\/Wing-300x300.png 300w, https:\/\/grao.info\/wp-content\/uploads\/2022\/12\/Wing-150x150.png 150w, https:\/\/grao.info\/wp-content\/uploads\/2022\/12\/Wing-100x100.png 100w\" sizes=\"(max-width: 550px) 100vw, 550px\" \/>                                <\/a>\n            <\/div>\n<\/div>[vc_column_text]<\/p>\n<p style=\"text-align: center;\">WING<\/p>\n<p>[\/vc_column_text][\/vc_column_inner][vc_column_inner width=\u00bb1\/5&#8243;]<div class=\"edgtf-single-image-holder  edgtf-has-shadow edgtf-image-behavior-custom-link\">\n    <div class=\"edgtf-si-inner\" >\n        \t            <a itemprop=\"url\" href=\"\/es\/producto\/book\/\" target=\"_self\">\n                                    <img loading=\"lazy\" decoding=\"async\" width=\"550\" height=\"550\" src=\"https:\/\/grao.info\/wp-content\/uploads\/2022\/12\/Book.png\" class=\"attachment-full size-full\" alt=\"\" srcset=\"https:\/\/grao.info\/wp-content\/uploads\/2022\/12\/Book.png 550w, https:\/\/grao.info\/wp-content\/uploads\/2022\/12\/Book-300x300.png 300w, https:\/\/grao.info\/wp-content\/uploads\/2022\/12\/Book-150x150.png 150w, https:\/\/grao.info\/wp-content\/uploads\/2022\/12\/Book-100x100.png 100w\" sizes=\"(max-width: 550px) 100vw, 550px\" \/>                                <\/a>\n            <\/div>\n<\/div>[vc_column_text]<\/p>\n<p style=\"text-align: center;\">BOOK<\/p>\n<p>[\/vc_column_text][\/vc_column_inner][vc_column_inner width=\u00bb1\/5&#8243;]<div class=\"edgtf-single-image-holder  edgtf-has-shadow edgtf-image-behavior-custom-link\">\n    <div class=\"edgtf-si-inner\" >\n        \t            <a itemprop=\"url\" href=\"\/es\/producto\/t-pad\/\" target=\"_self\">\n                                    <img loading=\"lazy\" decoding=\"async\" width=\"550\" height=\"550\" src=\"https:\/\/grao.info\/wp-content\/uploads\/2022\/12\/T-pad-1.png\" class=\"attachment-full size-full\" alt=\"\" srcset=\"https:\/\/grao.info\/wp-content\/uploads\/2022\/12\/T-pad-1.png 550w, https:\/\/grao.info\/wp-content\/uploads\/2022\/12\/T-pad-1-300x300.png 300w, https:\/\/grao.info\/wp-content\/uploads\/2022\/12\/T-pad-1-150x150.png 150w, https:\/\/grao.info\/wp-content\/uploads\/2022\/12\/T-pad-1-100x100.png 100w\" sizes=\"(max-width: 550px) 100vw, 550px\" \/>                                <\/a>\n            <\/div>\n<\/div>[vc_column_text]<\/p>\n<p style=\"text-align: center;\">T-PAD<\/p>\n<p>[\/vc_column_text][\/vc_column_inner][vc_column_inner width=\u00bb1\/5&#8243;]<div class=\"edgtf-single-image-holder  edgtf-has-shadow edgtf-image-behavior-custom-link\">\n    <div class=\"edgtf-si-inner\" >\n        \t            <a itemprop=\"url\" href=\"\/es\/producto\/polet\/\" target=\"_self\">\n                                    <img loading=\"lazy\" decoding=\"async\" width=\"550\" height=\"550\" src=\"https:\/\/grao.info\/wp-content\/uploads\/2022\/12\/Polet.png\" class=\"attachment-full size-full\" alt=\"\" srcset=\"https:\/\/grao.info\/wp-content\/uploads\/2022\/12\/Polet.png 550w, https:\/\/grao.info\/wp-content\/uploads\/2022\/12\/Polet-300x300.png 300w, https:\/\/grao.info\/wp-content\/uploads\/2022\/12\/Polet-150x150.png 150w, https:\/\/grao.info\/wp-content\/uploads\/2022\/12\/Polet-100x100.png 100w\" sizes=\"(max-width: 550px) 100vw, 550px\" \/>                                <\/a>\n            <\/div>\n<\/div>[vc_column_text]<\/p>\n<p style=\"text-align: center;\">POLET<\/p>\n<p>[\/vc_column_text][\/vc_column_inner][\/vc_row_inner][\/vc_column][\/vc_row][vc_row][vc_column css=\u00bb.vc_custom_1615565597146{padding-top: 30px !important;}\u00bb][vc_row_inner][vc_column_inner width=\u00bb1\/5&#8243;]<div class=\"edgtf-single-image-holder  edgtf-has-shadow edgtf-image-behavior-custom-link\">\n    <div class=\"edgtf-si-inner\" >\n        \t            <a itemprop=\"url\" href=\"\/es\/producto\/avenue\/\" target=\"_self\">\n                                    <img loading=\"lazy\" decoding=\"async\" width=\"550\" height=\"550\" src=\"https:\/\/grao.info\/wp-content\/uploads\/2022\/12\/Avenue-1.png\" class=\"attachment-full size-full\" alt=\"\" srcset=\"https:\/\/grao.info\/wp-content\/uploads\/2022\/12\/Avenue-1.png 550w, https:\/\/grao.info\/wp-content\/uploads\/2022\/12\/Avenue-1-300x300.png 300w, https:\/\/grao.info\/wp-content\/uploads\/2022\/12\/Avenue-1-150x150.png 150w, https:\/\/grao.info\/wp-content\/uploads\/2022\/12\/Avenue-1-100x100.png 100w\" sizes=\"(max-width: 550px) 100vw, 550px\" \/>                                <\/a>\n            <\/div>\n<\/div>[vc_column_text]<\/p>\n<p style=\"text-align: center;\">AVENUE<\/p>\n<p>[\/vc_column_text][\/vc_column_inner][vc_column_inner width=\u00bb1\/5&#8243;]<div class=\"edgtf-single-image-holder  edgtf-has-shadow edgtf-image-behavior-custom-link\">\n    <div class=\"edgtf-si-inner\" >\n        \t            <a itemprop=\"url\" href=\"\/es\/producto\/academy-piuma\/\" target=\"_self\">\n                                    <img loading=\"lazy\" decoding=\"async\" width=\"550\" height=\"550\" src=\"https:\/\/grao.info\/wp-content\/uploads\/2022\/12\/Academy-Piuma.png\" class=\"attachment-full size-full\" alt=\"\" srcset=\"https:\/\/grao.info\/wp-content\/uploads\/2022\/12\/Academy-Piuma.png 550w, https:\/\/grao.info\/wp-content\/uploads\/2022\/12\/Academy-Piuma-300x300.png 300w, https:\/\/grao.info\/wp-content\/uploads\/2022\/12\/Academy-Piuma-150x150.png 150w, https:\/\/grao.info\/wp-content\/uploads\/2022\/12\/Academy-Piuma-100x100.png 100w\" sizes=\"(max-width: 550px) 100vw, 550px\" \/>                                <\/a>\n            <\/div>\n<\/div>[vc_column_text]<\/p>\n<p style=\"text-align: center;\">ACADEMY PIUMA<\/p>\n<p>[\/vc_column_text][\/vc_column_inner][vc_column_inner width=\u00bb1\/5&#8243;]<div class=\"edgtf-single-image-holder  edgtf-has-shadow edgtf-image-behavior-custom-link\">\n    <div class=\"edgtf-si-inner\" >\n        \t            <a itemprop=\"url\" href=\"\/es\/producto\/etan\/\" target=\"_self\">\n                                    <img loading=\"lazy\" decoding=\"async\" width=\"550\" height=\"550\" src=\"https:\/\/grao.info\/wp-content\/uploads\/2022\/12\/Etan.png\" class=\"attachment-full size-full\" alt=\"\" srcset=\"https:\/\/grao.info\/wp-content\/uploads\/2022\/12\/Etan.png 550w, https:\/\/grao.info\/wp-content\/uploads\/2022\/12\/Etan-300x300.png 300w, https:\/\/grao.info\/wp-content\/uploads\/2022\/12\/Etan-150x150.png 150w, https:\/\/grao.info\/wp-content\/uploads\/2022\/12\/Etan-100x100.png 100w\" sizes=\"(max-width: 550px) 100vw, 550px\" \/>                                <\/a>\n            <\/div>\n<\/div>[vc_column_text]<\/p>\n<p style=\"text-align: center;\">ETAN<\/p>\n<p>[\/vc_column_text][\/vc_column_inner][vc_column_inner width=\u00bb1\/5&#8243;]<div class=\"edgtf-single-image-holder  edgtf-has-shadow edgtf-image-behavior-custom-link\">\n    <div class=\"edgtf-si-inner\" >\n        \t            <a itemprop=\"url\" href=\"\/es\/producto\/biggie\/\" target=\"_self\">\n                                    <img loading=\"lazy\" decoding=\"async\" width=\"550\" height=\"550\" src=\"https:\/\/grao.info\/wp-content\/uploads\/2022\/12\/Biggie-armchair-1.png\" class=\"attachment-full size-full\" alt=\"\" srcset=\"https:\/\/grao.info\/wp-content\/uploads\/2022\/12\/Biggie-armchair-1.png 550w, https:\/\/grao.info\/wp-content\/uploads\/2022\/12\/Biggie-armchair-1-300x300.png 300w, https:\/\/grao.info\/wp-content\/uploads\/2022\/12\/Biggie-armchair-1-150x150.png 150w, https:\/\/grao.info\/wp-content\/uploads\/2022\/12\/Biggie-armchair-1-100x100.png 100w\" sizes=\"(max-width: 550px) 100vw, 550px\" \/>                                <\/a>\n            <\/div>\n<\/div>[vc_column_text]<\/p>\n<p style=\"text-align: center;\">BIGGIE<\/p>\n<p>[\/vc_column_text][\/vc_column_inner][vc_column_inner width=\u00bb1\/5&#8243;]<div class=\"edgtf-single-image-holder  edgtf-has-shadow edgtf-image-behavior-custom-link\">\n    <div class=\"edgtf-si-inner\" >\n        \t            <a itemprop=\"url\" href=\"\/es\/producto\/max-twils\/\" target=\"_self\">\n                                    <img loading=\"lazy\" decoding=\"async\" width=\"1000\" height=\"1000\" src=\"https:\/\/grao.info\/wp-content\/uploads\/2026\/02\/max-twils-grao00.jpg\" class=\"attachment-full size-full\" alt=\"\" srcset=\"https:\/\/grao.info\/wp-content\/uploads\/2026\/02\/max-twils-grao00.jpg 1000w, https:\/\/grao.info\/wp-content\/uploads\/2026\/02\/max-twils-grao00-300x300.jpg 300w, https:\/\/grao.info\/wp-content\/uploads\/2026\/02\/max-twils-grao00-150x150.jpg 150w, https:\/\/grao.info\/wp-content\/uploads\/2026\/02\/max-twils-grao00-768x768.jpg 768w, https:\/\/grao.info\/wp-content\/uploads\/2026\/02\/max-twils-grao00-550x550.jpg 550w, https:\/\/grao.info\/wp-content\/uploads\/2026\/02\/max-twils-grao00-600x600.jpg 600w, https:\/\/grao.info\/wp-content\/uploads\/2026\/02\/max-twils-grao00-100x100.jpg 100w\" sizes=\"(max-width: 1000px) 100vw, 1000px\" \/>                                <\/a>\n            <\/div>\n<\/div>[vc_column_text]<\/p>\n<p style=\"text-align: center;\">MAX<\/p>\n<p>[\/vc_column_text][\/vc_column_inner][\/vc_row_inner][vc_empty_space height=\u00bb100px\u00bb][\/vc_column][\/vc_row]<\/p>\n","protected":false},"excerpt":{"rendered":"<p>[vc_row equal_height=\u00bbyes\u00bb content_placement=\u00bbbottom\u00bb][vc_column width=\u00bb2\/3&#8243;][\/vc_column][vc_column width=\u00bb1\/3&#8243;][vc_column_text]Twils es una empresa italiana que tiene sus ra\u00edces en Cessalto, V\u00e9neto, fundada por una familia visionaria y apasionada por los muebles de dise\u00f1o, que desde hace m\u00e1s de treinta a\u00f1os se dedica de manera especial [&hellip;]<\/p>\n","protected":false},"author":2,"featured_media":0,"parent":4006,"menu_order":0,"comment_status":"closed","ping_status":"closed","template":"","meta":{"footnotes":""},"acf":[],"yoast_head":"<!-- This site is optimized with the Yoast SEO Premium plugin v23.0 (Yoast SEO v23.0) - https:\/\/yoast.com\/wordpress\/plugins\/seo\/ -->\n<title>Twils - Grao<\/title>\n<meta name=\"robots\" content=\"index, follow, max-snippet:-1, max-image-preview:large, max-video-preview:-1\" \/>\n<link rel=\"canonical\" href=\"https:\/\/grao.info\/es\/marcas\/twils\/\" \/>\n<meta property=\"og:locale\" content=\"es_ES\" \/>\n<meta property=\"og:type\" content=\"article\" \/>\n<meta property=\"og:title\" content=\"Twils\" \/>\n<meta property=\"og:description\" content=\"[vc_row equal_height=\u00bbyes\u00bb content_placement=\u00bbbottom\u00bb][vc_column width=\u00bb2\/3&#8243;][\/vc_column][vc_column width=\u00bb1\/3&#8243;][vc_column_text]Twils es una empresa italiana que tiene sus ra\u00edces en Cessalto, V\u00e9neto, fundada por una familia visionaria y apasionada por los muebles de dise\u00f1o, que desde hace m\u00e1s de treinta a\u00f1os se dedica de manera especial [&hellip;]\" \/>\n<meta property=\"og:url\" content=\"https:\/\/grao.info\/es\/marcas\/twils\/\" \/>\n<meta property=\"og:site_name\" content=\"Grao\" \/>\n<meta property=\"article:modified_time\" content=\"2026-02-16T10:19:08+00:00\" \/>\n<meta name=\"twitter:card\" content=\"summary_large_image\" \/>\n<meta name=\"twitter:label1\" content=\"Tiempo de lectura\" \/>\n\t<meta name=\"twitter:data1\" content=\"5 minutos\" \/>\n<script type=\"application\/ld+json\" class=\"yoast-schema-graph\">{\"@context\":\"https:\/\/schema.org\",\"@graph\":[{\"@type\":\"WebPage\",\"@id\":\"https:\/\/grao.info\/es\/marcas\/twils\/\",\"url\":\"https:\/\/grao.info\/es\/marcas\/twils\/\",\"name\":\"Twils - Grao\",\"isPartOf\":{\"@id\":\"https:\/\/grao.info\/es\/#website\"},\"datePublished\":\"2022-12-01T17:52:52+00:00\",\"dateModified\":\"2026-02-16T10:19:08+00:00\",\"breadcrumb\":{\"@id\":\"https:\/\/grao.info\/es\/marcas\/twils\/#breadcrumb\"},\"inLanguage\":\"es\",\"potentialAction\":[{\"@type\":\"ReadAction\",\"target\":[\"https:\/\/grao.info\/es\/marcas\/twils\/\"]}]},{\"@type\":\"BreadcrumbList\",\"@id\":\"https:\/\/grao.info\/es\/marcas\/twils\/#breadcrumb\",\"itemListElement\":[{\"@type\":\"ListItem\",\"position\":1,\"name\":\"Portada\",\"item\":\"https:\/\/grao.info\/es\/\"},{\"@type\":\"ListItem\",\"position\":2,\"name\":\"Marcas\",\"item\":\"https:\/\/grao.info\/es\/marcas\/\"},{\"@type\":\"ListItem\",\"position\":3,\"name\":\"Twils\"}]},{\"@type\":\"WebSite\",\"@id\":\"https:\/\/grao.info\/es\/#website\",\"url\":\"https:\/\/grao.info\/es\/\",\"name\":\"Grao\",\"description\":\"\",\"publisher\":{\"@id\":\"https:\/\/grao.info\/es\/#organization\"},\"potentialAction\":[{\"@type\":\"SearchAction\",\"target\":{\"@type\":\"EntryPoint\",\"urlTemplate\":\"https:\/\/grao.info\/es\/?s={search_term_string}\"},\"query-input\":\"required name=search_term_string\"}],\"inLanguage\":\"es\"},{\"@type\":\"Organization\",\"@id\":\"https:\/\/grao.info\/es\/#organization\",\"name\":\"Grao\",\"url\":\"https:\/\/grao.info\/es\/\",\"logo\":{\"@type\":\"ImageObject\",\"inLanguage\":\"es\",\"@id\":\"https:\/\/grao.info\/es\/#\/schema\/logo\/image\/\",\"url\":\"https:\/\/grao.info\/wp-content\/uploads\/2022\/04\/logo-mobil-1.png\",\"contentUrl\":\"https:\/\/grao.info\/wp-content\/uploads\/2022\/04\/logo-mobil-1.png\",\"width\":275,\"height\":85,\"caption\":\"Grao\"},\"image\":{\"@id\":\"https:\/\/grao.info\/es\/#\/schema\/logo\/image\/\"}}]}<\/script>\n<!-- \/ Yoast SEO Premium plugin. -->","yoast_head_json":{"title":"Twils - Grao","robots":{"index":"index","follow":"follow","max-snippet":"max-snippet:-1","max-image-preview":"max-image-preview:large","max-video-preview":"max-video-preview:-1"},"canonical":"https:\/\/grao.info\/es\/marcas\/twils\/","og_locale":"es_ES","og_type":"article","og_title":"Twils","og_description":"[vc_row equal_height=\u00bbyes\u00bb content_placement=\u00bbbottom\u00bb][vc_column width=\u00bb2\/3&#8243;][\/vc_column][vc_column width=\u00bb1\/3&#8243;][vc_column_text]Twils es una empresa italiana que tiene sus ra\u00edces en Cessalto, V\u00e9neto, fundada por una familia visionaria y apasionada por los muebles de dise\u00f1o, que desde hace m\u00e1s de treinta a\u00f1os se dedica de manera especial [&hellip;]","og_url":"https:\/\/grao.info\/es\/marcas\/twils\/","og_site_name":"Grao","article_modified_time":"2026-02-16T10:19:08+00:00","twitter_card":"summary_large_image","twitter_misc":{"Tiempo de lectura":"5 minutos"},"schema":{"@context":"https:\/\/schema.org","@graph":[{"@type":"WebPage","@id":"https:\/\/grao.info\/es\/marcas\/twils\/","url":"https:\/\/grao.info\/es\/marcas\/twils\/","name":"Twils - Grao","isPartOf":{"@id":"https:\/\/grao.info\/es\/#website"},"datePublished":"2022-12-01T17:52:52+00:00","dateModified":"2026-02-16T10:19:08+00:00","breadcrumb":{"@id":"https:\/\/grao.info\/es\/marcas\/twils\/#breadcrumb"},"inLanguage":"es","potentialAction":[{"@type":"ReadAction","target":["https:\/\/grao.info\/es\/marcas\/twils\/"]}]},{"@type":"BreadcrumbList","@id":"https:\/\/grao.info\/es\/marcas\/twils\/#breadcrumb","itemListElement":[{"@type":"ListItem","position":1,"name":"Portada","item":"https:\/\/grao.info\/es\/"},{"@type":"ListItem","position":2,"name":"Marcas","item":"https:\/\/grao.info\/es\/marcas\/"},{"@type":"ListItem","position":3,"name":"Twils"}]},{"@type":"WebSite","@id":"https:\/\/grao.info\/es\/#website","url":"https:\/\/grao.info\/es\/","name":"Grao","description":"","publisher":{"@id":"https:\/\/grao.info\/es\/#organization"},"potentialAction":[{"@type":"SearchAction","target":{"@type":"EntryPoint","urlTemplate":"https:\/\/grao.info\/es\/?s={search_term_string}"},"query-input":"required name=search_term_string"}],"inLanguage":"es"},{"@type":"Organization","@id":"https:\/\/grao.info\/es\/#organization","name":"Grao","url":"https:\/\/grao.info\/es\/","logo":{"@type":"ImageObject","inLanguage":"es","@id":"https:\/\/grao.info\/es\/#\/schema\/logo\/image\/","url":"https:\/\/grao.info\/wp-content\/uploads\/2022\/04\/logo-mobil-1.png","contentUrl":"https:\/\/grao.info\/wp-content\/uploads\/2022\/04\/logo-mobil-1.png","width":275,"height":85,"caption":"Grao"},"image":{"@id":"https:\/\/grao.info\/es\/#\/schema\/logo\/image\/"}}]}},"_links":{"self":[{"href":"https:\/\/grao.info\/es\/wp-json\/wp\/v2\/pages\/19676"}],"collection":[{"href":"https:\/\/grao.info\/es\/wp-json\/wp\/v2\/pages"}],"about":[{"href":"https:\/\/grao.info\/es\/wp-json\/wp\/v2\/types\/page"}],"author":[{"embeddable":true,"href":"https:\/\/grao.info\/es\/wp-json\/wp\/v2\/users\/2"}],"replies":[{"embeddable":true,"href":"https:\/\/grao.info\/es\/wp-json\/wp\/v2\/comments?post=19676"}],"version-history":[{"count":8,"href":"https:\/\/grao.info\/es\/wp-json\/wp\/v2\/pages\/19676\/revisions"}],"predecessor-version":[{"id":29197,"href":"https:\/\/grao.info\/es\/wp-json\/wp\/v2\/pages\/19676\/revisions\/29197"}],"up":[{"embeddable":true,"href":"https:\/\/grao.info\/es\/wp-json\/wp\/v2\/pages\/4006"}],"wp:attachment":[{"href":"https:\/\/grao.info\/es\/wp-json\/wp\/v2\/media?parent=19676"}],"curies":[{"name":"wp","href":"https:\/\/api.w.org\/{rel}","templated":true}]}}