{"id":20218,"date":"2022-12-29T15:50:07","date_gmt":"2022-12-29T15:50:07","guid":{"rendered":"https:\/\/grao.info\/?page_id=20218"},"modified":"2023-12-01T11:41:24","modified_gmt":"2023-12-01T11:41:24","slug":"mobboli","status":"publish","type":"page","link":"https:\/\/grao.info\/es\/marcas\/mobboli\/","title":{"rendered":"Mobboli"},"content":{"rendered":"<p>[vc_row equal_height=\u00bbyes\u00bb content_placement=\u00bbbottom\u00bb][vc_column width=\u00bb2\/3&#8243;]<div class=\"edgtf-image-gallery  edgtf-ig-grid-type edgtf-large-space edgtf-has-shadow edgtf-image-behavior-lightbox \">\n\t<div class=\"edgtf-ig-inner edgtf-outer-space edgtf-ig-grid edgtf-ig-three-columns\">\n\t\t\t\t\t<div class=\"edgtf-ig-image edgtf-item-space\">\n\t\t\t\t<div class=\"edgtf-ig-image-inner\">\n\t\t\t\t\t\t\t\t\t\t\t<a itemprop=\"image\" class=\"edgtf-ig-lightbox\" href=\"https:\/\/grao.info\/wp-content\/uploads\/2022\/12\/Chelsea.png\" data-rel=\"prettyPhoto[image_gallery_pretty_photo-222]\" title=\"Chelsea\">\n\t\t\t\t\t\t\t\t\t\t\t<img loading=\"lazy\" decoding=\"async\" src=\"https:\/\/grao.info\/wp-content\/uploads\/2022\/12\/Chelsea-320x220.png\" alt=\"\" width=\"320\" height=\"220\" \/>\t\t\t\t\t\t\t\t\t\t\t<\/a>\n\t\t\t\t\t\t\t\t\t<\/div>\n\t\t\t<\/div>\n\t\t\t\t\t<div class=\"edgtf-ig-image edgtf-item-space\">\n\t\t\t\t<div class=\"edgtf-ig-image-inner\">\n\t\t\t\t\t\t\t\t\t\t\t<a itemprop=\"image\" class=\"edgtf-ig-lightbox\" href=\"https:\/\/grao.info\/wp-content\/uploads\/2022\/12\/Hug.png\" data-rel=\"prettyPhoto[image_gallery_pretty_photo-222]\" title=\"Hug\">\n\t\t\t\t\t\t\t\t\t\t\t<img loading=\"lazy\" decoding=\"async\" src=\"https:\/\/grao.info\/wp-content\/uploads\/2022\/12\/Hug-320x220.png\" alt=\"\" width=\"320\" height=\"220\" \/>\t\t\t\t\t\t\t\t\t\t\t<\/a>\n\t\t\t\t\t\t\t\t\t<\/div>\n\t\t\t<\/div>\n\t\t\t\t\t<div class=\"edgtf-ig-image edgtf-item-space\">\n\t\t\t\t<div class=\"edgtf-ig-image-inner\">\n\t\t\t\t\t\t\t\t\t\t\t<a itemprop=\"image\" class=\"edgtf-ig-lightbox\" href=\"https:\/\/grao.info\/wp-content\/uploads\/2022\/12\/Cap.png\" data-rel=\"prettyPhoto[image_gallery_pretty_photo-222]\" title=\"Cap\">\n\t\t\t\t\t\t\t\t\t\t\t<img loading=\"lazy\" decoding=\"async\" src=\"https:\/\/grao.info\/wp-content\/uploads\/2022\/12\/Cap-320x220.png\" alt=\"\" width=\"320\" height=\"220\" \/>\t\t\t\t\t\t\t\t\t\t\t<\/a>\n\t\t\t\t\t\t\t\t\t<\/div>\n\t\t\t<\/div>\n\t\t\t\t\t<div class=\"edgtf-ig-image edgtf-item-space\">\n\t\t\t\t<div class=\"edgtf-ig-image-inner\">\n\t\t\t\t\t\t\t\t\t\t\t<a itemprop=\"image\" class=\"edgtf-ig-lightbox\" href=\"https:\/\/grao.info\/wp-content\/uploads\/2022\/12\/Alpe.png\" data-rel=\"prettyPhoto[image_gallery_pretty_photo-222]\" title=\"Alpe\">\n\t\t\t\t\t\t\t\t\t\t\t<img loading=\"lazy\" decoding=\"async\" src=\"https:\/\/grao.info\/wp-content\/uploads\/2022\/12\/Alpe-320x220.png\" alt=\"\" width=\"320\" height=\"220\" \/>\t\t\t\t\t\t\t\t\t\t\t<\/a>\n\t\t\t\t\t\t\t\t\t<\/div>\n\t\t\t<\/div>\n\t\t\t\t\t<div class=\"edgtf-ig-image edgtf-item-space\">\n\t\t\t\t<div class=\"edgtf-ig-image-inner\">\n\t\t\t\t\t\t\t\t\t\t\t<a itemprop=\"image\" class=\"edgtf-ig-lightbox\" href=\"https:\/\/grao.info\/wp-content\/uploads\/2022\/12\/Track.png\" data-rel=\"prettyPhoto[image_gallery_pretty_photo-222]\" title=\"Track\">\n\t\t\t\t\t\t\t\t\t\t\t<img loading=\"lazy\" decoding=\"async\" src=\"https:\/\/grao.info\/wp-content\/uploads\/2022\/12\/Track-320x220.png\" alt=\"\" width=\"320\" height=\"220\" \/>\t\t\t\t\t\t\t\t\t\t\t<\/a>\n\t\t\t\t\t\t\t\t\t<\/div>\n\t\t\t<\/div>\n\t\t\t\t\t<div class=\"edgtf-ig-image edgtf-item-space\">\n\t\t\t\t<div class=\"edgtf-ig-image-inner\">\n\t\t\t\t\t\t\t\t\t\t\t<a itemprop=\"image\" class=\"edgtf-ig-lightbox\" href=\"https:\/\/grao.info\/wp-content\/uploads\/2022\/12\/Odei.png\" data-rel=\"prettyPhoto[image_gallery_pretty_photo-222]\" title=\"Odei\">\n\t\t\t\t\t\t\t\t\t\t\t<img loading=\"lazy\" decoding=\"async\" src=\"https:\/\/grao.info\/wp-content\/uploads\/2022\/12\/Odei-320x220.png\" alt=\"\" width=\"320\" height=\"220\" \/>\t\t\t\t\t\t\t\t\t\t\t<\/a>\n\t\t\t\t\t\t\t\t\t<\/div>\n\t\t\t<\/div>\n\t\t\t<\/div>\n<\/div>[\/vc_column][vc_column width=\u00bb1\/3&#8243;][vc_column_text]La personalidad de <strong>Mobboli<\/strong> es \u00fanica ya desde su nacimiento en el a\u00f1o\u00a02018<strong>.\u00a0<\/strong> La nueva marca es consecuencia del impulso innovador y creativo de\u00a0<strong>delaoliva<\/strong>,\u00a0referente en fabricaci\u00f3n de siller\u00eda y mobiliario de oficina y escolar desde 1957.<\/p>\n<p>Con una\u00a0producci\u00f3n realizada \u00edntegramente en Espa\u00f1a, su sistema de fabricaci\u00f3n internalizado hace posible la\u00a0personalizaci\u00f3n de sus colecciones, caracter\u00edstica no solo de Mobboli, sino de toda una manera de entender la siller\u00eda desde hace m\u00e1s de 60 a\u00f1os.[\/vc_column_text][vc_row_inner][vc_column_inner][vc_column_text]<a href=\"https:\/\/www.mobboli.com\/\">www.mobboli.com<\/a>[\/vc_column_text][\/vc_column_inner][\/vc_row_inner][\/vc_column][\/vc_row][vc_row][vc_column css=\u00bb.vc_custom_1615488032930{padding-top: 60px !important;}\u00bb][vc_row_inner][vc_column_inner]<div class=\"edgtf-separator-holder clearfix  edgtf-separator-center edgtf-separator-vertical\">\n\t<div class=\"edgtf-separator\" style=\"border-color: #333333;border-style: solid;height: 30px;border-left-width: 2px\"><\/div>\n<\/div>\n[vc_custom_heading text=\u00bbPRODUCTOS SELECCIONADOS\u00bb font_container=\u00bbtag:h3|font_size:32px|text_align:center|color:%233d3935|line_height:1.6&#8243; google_fonts=\u00bbfont_family:Roboto%3A100%2C100italic%2C300%2C300italic%2Cregular%2Citalic%2C500%2C500italic%2C700%2C700italic%2C900%2C900italic|font_style:700%20bold%20regular%3A700%3Anormal\u00bb]<div class=\"edgtf-separator-holder clearfix  edgtf-separator-center edgtf-separator-vertical\">\n\t<div class=\"edgtf-separator\" style=\"border-color: #333333;border-style: solid;height: 30px;border-left-width: 2px\"><\/div>\n<\/div>\n[\/vc_column_inner][\/vc_row_inner][\/vc_column][\/vc_row][vc_row][vc_column css=\u00bb.vc_custom_1615565554899{padding-top: 60px !important;}\u00bb][vc_row_inner][vc_column_inner width=\u00bb1\/5&#8243;]<div class=\"edgtf-single-image-holder  edgtf-has-shadow edgtf-image-behavior-custom-link\">\n    <div class=\"edgtf-si-inner\" >\n        \t            <a itemprop=\"url\" href=\"\/es\/producto\/talaia\/\" target=\"_self\">\n                                    <img loading=\"lazy\" decoding=\"async\" width=\"550\" height=\"550\" src=\"https:\/\/grao.info\/wp-content\/uploads\/2022\/12\/Talaia.png\" class=\"attachment-full size-full\" alt=\"\" srcset=\"https:\/\/grao.info\/wp-content\/uploads\/2022\/12\/Talaia.png 550w, https:\/\/grao.info\/wp-content\/uploads\/2022\/12\/Talaia-300x300.png 300w, https:\/\/grao.info\/wp-content\/uploads\/2022\/12\/Talaia-150x150.png 150w, https:\/\/grao.info\/wp-content\/uploads\/2022\/12\/Talaia-100x100.png 100w\" sizes=\"(max-width: 550px) 100vw, 550px\" \/>                                <\/a>\n            <\/div>\n<\/div>[vc_column_text]<\/p>\n<p style=\"text-align: center;\">TALAIA<\/p>\n<p>[\/vc_column_text][\/vc_column_inner][vc_column_inner width=\u00bb1\/5&#8243;]<div class=\"edgtf-single-image-holder  edgtf-has-shadow edgtf-image-behavior-custom-link\">\n    <div class=\"edgtf-si-inner\" >\n        \t            <a itemprop=\"url\" href=\"\/es\/producto\/nexos\/\" target=\"_self\">\n                                    <img loading=\"lazy\" decoding=\"async\" width=\"550\" height=\"550\" src=\"https:\/\/grao.info\/wp-content\/uploads\/2022\/12\/Nexos.png\" class=\"attachment-full size-full\" alt=\"\" srcset=\"https:\/\/grao.info\/wp-content\/uploads\/2022\/12\/Nexos.png 550w, https:\/\/grao.info\/wp-content\/uploads\/2022\/12\/Nexos-300x300.png 300w, https:\/\/grao.info\/wp-content\/uploads\/2022\/12\/Nexos-150x150.png 150w, https:\/\/grao.info\/wp-content\/uploads\/2022\/12\/Nexos-100x100.png 100w\" sizes=\"(max-width: 550px) 100vw, 550px\" \/>                                <\/a>\n            <\/div>\n<\/div>[vc_column_text]<\/p>\n<p style=\"text-align: center;\">NEXOS<\/p>\n<p>[\/vc_column_text][\/vc_column_inner][vc_column_inner width=\u00bb1\/5&#8243;]<div class=\"edgtf-single-image-holder  edgtf-has-shadow edgtf-image-behavior-custom-link\">\n    <div class=\"edgtf-si-inner\" >\n        \t            <a itemprop=\"url\" href=\"\/es\/producto\/wide\/\" target=\"_self\">\n                                    <img loading=\"lazy\" decoding=\"async\" width=\"550\" height=\"550\" src=\"https:\/\/grao.info\/wp-content\/uploads\/2022\/12\/Wide.b.png\" class=\"attachment-full size-full\" alt=\"\" srcset=\"https:\/\/grao.info\/wp-content\/uploads\/2022\/12\/Wide.b.png 550w, https:\/\/grao.info\/wp-content\/uploads\/2022\/12\/Wide.b-300x300.png 300w, https:\/\/grao.info\/wp-content\/uploads\/2022\/12\/Wide.b-150x150.png 150w, https:\/\/grao.info\/wp-content\/uploads\/2022\/12\/Wide.b-100x100.png 100w\" sizes=\"(max-width: 550px) 100vw, 550px\" \/>                                <\/a>\n            <\/div>\n<\/div>[vc_column_text]<\/p>\n<p style=\"text-align: center;\">WIDE<\/p>\n<p>[\/vc_column_text][\/vc_column_inner][vc_column_inner width=\u00bb1\/5&#8243;]<div class=\"edgtf-single-image-holder  edgtf-has-shadow edgtf-image-behavior-custom-link\">\n    <div class=\"edgtf-si-inner\" >\n        \t            <a itemprop=\"url\" href=\"\/es\/producto\/quadrat\/\" target=\"_self\">\n                                    <img loading=\"lazy\" decoding=\"async\" width=\"550\" height=\"550\" src=\"https:\/\/grao.info\/wp-content\/uploads\/2022\/12\/Quadrat.png\" class=\"attachment-full size-full\" alt=\"\" srcset=\"https:\/\/grao.info\/wp-content\/uploads\/2022\/12\/Quadrat.png 550w, https:\/\/grao.info\/wp-content\/uploads\/2022\/12\/Quadrat-300x300.png 300w, https:\/\/grao.info\/wp-content\/uploads\/2022\/12\/Quadrat-150x150.png 150w, https:\/\/grao.info\/wp-content\/uploads\/2022\/12\/Quadrat-100x100.png 100w\" sizes=\"(max-width: 550px) 100vw, 550px\" \/>                                <\/a>\n            <\/div>\n<\/div>[vc_column_text]<\/p>\n<p style=\"text-align: center;\">QUADRAT<\/p>\n<p>[\/vc_column_text][\/vc_column_inner][vc_column_inner width=\u00bb1\/5&#8243;]<div class=\"edgtf-single-image-holder  edgtf-has-shadow edgtf-image-behavior-custom-link\">\n    <div class=\"edgtf-si-inner\" >\n        \t            <a itemprop=\"url\" href=\"\/es\/producto\/hug-2\/\" target=\"_self\">\n                                    <img loading=\"lazy\" decoding=\"async\" width=\"550\" height=\"550\" src=\"https:\/\/grao.info\/wp-content\/uploads\/2022\/12\/Hug.a.png\" class=\"attachment-full size-full\" alt=\"\" srcset=\"https:\/\/grao.info\/wp-content\/uploads\/2022\/12\/Hug.a.png 550w, https:\/\/grao.info\/wp-content\/uploads\/2022\/12\/Hug.a-300x300.png 300w, https:\/\/grao.info\/wp-content\/uploads\/2022\/12\/Hug.a-150x150.png 150w, https:\/\/grao.info\/wp-content\/uploads\/2022\/12\/Hug.a-100x100.png 100w\" sizes=\"(max-width: 550px) 100vw, 550px\" \/>                                <\/a>\n            <\/div>\n<\/div>[vc_column_text]<\/p>\n<p style=\"text-align: center;\">HUG<\/p>\n<p>[\/vc_column_text][\/vc_column_inner][\/vc_row_inner][\/vc_column][\/vc_row][vc_row][vc_column css=\u00bb.vc_custom_1615565597146{padding-top: 30px !important;}\u00bb][vc_row_inner][vc_column_inner width=\u00bb1\/5&#8243;]<div class=\"edgtf-single-image-holder  edgtf-has-shadow edgtf-image-behavior-custom-link\">\n    <div class=\"edgtf-si-inner\" >\n        \t            <a itemprop=\"url\" href=\"\/es\/producto\/plane\/\" target=\"_self\">\n                                    <img loading=\"lazy\" decoding=\"async\" width=\"550\" height=\"550\" src=\"https:\/\/grao.info\/wp-content\/uploads\/2022\/12\/Plane-e1672329170132.png\" class=\"attachment-full size-full\" alt=\"\" srcset=\"https:\/\/grao.info\/wp-content\/uploads\/2022\/12\/Plane-e1672329170132.png 550w, https:\/\/grao.info\/wp-content\/uploads\/2022\/12\/Plane-e1672329170132-300x300.png 300w, https:\/\/grao.info\/wp-content\/uploads\/2022\/12\/Plane-e1672329170132-150x150.png 150w, https:\/\/grao.info\/wp-content\/uploads\/2022\/12\/Plane-e1672329170132-100x100.png 100w\" sizes=\"(max-width: 550px) 100vw, 550px\" \/>                                <\/a>\n            <\/div>\n<\/div>[vc_column_text]<\/p>\n<p style=\"text-align: center;\">PLANE<\/p>\n<p>[\/vc_column_text][\/vc_column_inner][vc_column_inner width=\u00bb1\/5&#8243;]<div class=\"edgtf-single-image-holder  edgtf-has-shadow edgtf-image-behavior-custom-link\">\n    <div class=\"edgtf-si-inner\" >\n        \t            <a itemprop=\"url\" href=\"\/es\/producto\/conek\/\" target=\"_self\">\n                                    <img loading=\"lazy\" decoding=\"async\" width=\"550\" height=\"550\" src=\"https:\/\/grao.info\/wp-content\/uploads\/2023\/01\/Conek.b.png\" class=\"attachment-full size-full\" alt=\"\" srcset=\"https:\/\/grao.info\/wp-content\/uploads\/2023\/01\/Conek.b.png 550w, https:\/\/grao.info\/wp-content\/uploads\/2023\/01\/Conek.b-300x300.png 300w, https:\/\/grao.info\/wp-content\/uploads\/2023\/01\/Conek.b-150x150.png 150w, https:\/\/grao.info\/wp-content\/uploads\/2023\/01\/Conek.b-100x100.png 100w\" sizes=\"(max-width: 550px) 100vw, 550px\" \/>                                <\/a>\n            <\/div>\n<\/div>[vc_column_text]<\/p>\n<p style=\"text-align: center;\">CONEK<\/p>\n<p>[\/vc_column_text][\/vc_column_inner][vc_column_inner width=\u00bb1\/5&#8243;]<div class=\"edgtf-single-image-holder  edgtf-has-shadow edgtf-image-behavior-custom-link\">\n    <div class=\"edgtf-si-inner\" >\n        \t            <a itemprop=\"url\" href=\"\/es\/producto\/up\/\" target=\"_self\">\n                                    <img loading=\"lazy\" decoding=\"async\" width=\"550\" height=\"550\" src=\"https:\/\/grao.info\/wp-content\/uploads\/2022\/12\/Up.b.png\" class=\"attachment-full size-full\" alt=\"\" srcset=\"https:\/\/grao.info\/wp-content\/uploads\/2022\/12\/Up.b.png 550w, https:\/\/grao.info\/wp-content\/uploads\/2022\/12\/Up.b-300x300.png 300w, https:\/\/grao.info\/wp-content\/uploads\/2022\/12\/Up.b-150x150.png 150w, https:\/\/grao.info\/wp-content\/uploads\/2022\/12\/Up.b-100x100.png 100w\" sizes=\"(max-width: 550px) 100vw, 550px\" \/>                                <\/a>\n            <\/div>\n<\/div>[vc_column_text]<\/p>\n<p style=\"text-align: center;\">UP<\/p>\n<p>[\/vc_column_text][\/vc_column_inner][vc_column_inner width=\u00bb1\/5&#8243;]<div class=\"edgtf-single-image-holder  edgtf-has-shadow edgtf-image-behavior-custom-link\">\n    <div class=\"edgtf-si-inner\" >\n        \t            <a itemprop=\"url\" href=\"\/es\/producto\/odei\/\" target=\"_self\">\n                                    <img loading=\"lazy\" decoding=\"async\" width=\"550\" height=\"550\" src=\"https:\/\/grao.info\/wp-content\/uploads\/2022\/12\/Odei.a.png\" class=\"attachment-full size-full\" alt=\"\" srcset=\"https:\/\/grao.info\/wp-content\/uploads\/2022\/12\/Odei.a.png 550w, https:\/\/grao.info\/wp-content\/uploads\/2022\/12\/Odei.a-300x300.png 300w, https:\/\/grao.info\/wp-content\/uploads\/2022\/12\/Odei.a-150x150.png 150w, https:\/\/grao.info\/wp-content\/uploads\/2022\/12\/Odei.a-100x100.png 100w\" sizes=\"(max-width: 550px) 100vw, 550px\" \/>                                <\/a>\n            <\/div>\n<\/div>[vc_column_text]<\/p>\n<p style=\"text-align: center;\">ODEI<\/p>\n<p>[\/vc_column_text][\/vc_column_inner][vc_column_inner width=\u00bb1\/5&#8243;]<div class=\"edgtf-single-image-holder  edgtf-has-shadow edgtf-image-behavior-custom-link\">\n    <div class=\"edgtf-si-inner\" >\n        \t            <a itemprop=\"url\" href=\"\/es\/producto\/mommo\/\" target=\"_self\">\n                                    <img loading=\"lazy\" decoding=\"async\" width=\"550\" height=\"550\" src=\"https:\/\/grao.info\/wp-content\/uploads\/2023\/01\/Mommo-2.png\" class=\"attachment-full size-full\" alt=\"\" srcset=\"https:\/\/grao.info\/wp-content\/uploads\/2023\/01\/Mommo-2.png 550w, https:\/\/grao.info\/wp-content\/uploads\/2023\/01\/Mommo-2-300x300.png 300w, https:\/\/grao.info\/wp-content\/uploads\/2023\/01\/Mommo-2-150x150.png 150w, https:\/\/grao.info\/wp-content\/uploads\/2023\/01\/Mommo-2-100x100.png 100w\" sizes=\"(max-width: 550px) 100vw, 550px\" \/>                                <\/a>\n            <\/div>\n<\/div>[vc_column_text]<\/p>\n<p style=\"text-align: center;\">MOMMO<\/p>\n<p>[\/vc_column_text][\/vc_column_inner][\/vc_row_inner][vc_empty_space height=\u00bb100px\u00bb][\/vc_column][\/vc_row]<\/p>\n","protected":false},"excerpt":{"rendered":"<p>[vc_row equal_height=\u00bbyes\u00bb content_placement=\u00bbbottom\u00bb][vc_column width=\u00bb2\/3&#8243;][\/vc_column][vc_column width=\u00bb1\/3&#8243;][vc_column_text]La personalidad de Mobboli es \u00fanica ya desde su nacimiento en el a\u00f1o\u00a02018.\u00a0 La nueva marca es consecuencia del impulso innovador y creativo de\u00a0delaoliva,\u00a0referente en fabricaci\u00f3n de siller\u00eda y mobiliario de oficina y escolar desde 1957. [&hellip;]<\/p>\n","protected":false},"author":2,"featured_media":0,"parent":4006,"menu_order":0,"comment_status":"closed","ping_status":"closed","template":"","meta":{"footnotes":""},"acf":[],"yoast_head":"<!-- This site is optimized with the Yoast SEO Premium plugin v23.0 (Yoast SEO v23.0) - https:\/\/yoast.com\/wordpress\/plugins\/seo\/ -->\n<title>Mobboli - Grao<\/title>\n<meta name=\"robots\" content=\"index, follow, max-snippet:-1, max-image-preview:large, max-video-preview:-1\" \/>\n<link rel=\"canonical\" href=\"https:\/\/grao.info\/es\/marcas\/mobboli\/\" \/>\n<meta property=\"og:locale\" content=\"es_ES\" \/>\n<meta property=\"og:type\" content=\"article\" \/>\n<meta property=\"og:title\" content=\"Mobboli\" \/>\n<meta property=\"og:description\" content=\"[vc_row equal_height=\u00bbyes\u00bb content_placement=\u00bbbottom\u00bb][vc_column width=\u00bb2\/3&#8243;][\/vc_column][vc_column width=\u00bb1\/3&#8243;][vc_column_text]La personalidad de Mobboli es \u00fanica ya desde su nacimiento en el a\u00f1o\u00a02018.\u00a0 La nueva marca es consecuencia del impulso innovador y creativo de\u00a0delaoliva,\u00a0referente en fabricaci\u00f3n de siller\u00eda y mobiliario de oficina y escolar desde 1957. [&hellip;]\" \/>\n<meta property=\"og:url\" content=\"https:\/\/grao.info\/es\/marcas\/mobboli\/\" \/>\n<meta property=\"og:site_name\" content=\"Grao\" \/>\n<meta property=\"article:modified_time\" content=\"2023-12-01T11:41:24+00:00\" \/>\n<meta name=\"twitter:card\" content=\"summary_large_image\" \/>\n<meta name=\"twitter:label1\" content=\"Tiempo de lectura\" \/>\n\t<meta name=\"twitter:data1\" content=\"1 minuto\" \/>\n<script type=\"application\/ld+json\" class=\"yoast-schema-graph\">{\"@context\":\"https:\/\/schema.org\",\"@graph\":[{\"@type\":\"WebPage\",\"@id\":\"https:\/\/grao.info\/es\/marcas\/mobboli\/\",\"url\":\"https:\/\/grao.info\/es\/marcas\/mobboli\/\",\"name\":\"Mobboli - Grao\",\"isPartOf\":{\"@id\":\"https:\/\/grao.info\/es\/#website\"},\"datePublished\":\"2022-12-29T15:50:07+00:00\",\"dateModified\":\"2023-12-01T11:41:24+00:00\",\"breadcrumb\":{\"@id\":\"https:\/\/grao.info\/es\/marcas\/mobboli\/#breadcrumb\"},\"inLanguage\":\"es\",\"potentialAction\":[{\"@type\":\"ReadAction\",\"target\":[\"https:\/\/grao.info\/es\/marcas\/mobboli\/\"]}]},{\"@type\":\"BreadcrumbList\",\"@id\":\"https:\/\/grao.info\/es\/marcas\/mobboli\/#breadcrumb\",\"itemListElement\":[{\"@type\":\"ListItem\",\"position\":1,\"name\":\"Portada\",\"item\":\"https:\/\/grao.info\/es\/\"},{\"@type\":\"ListItem\",\"position\":2,\"name\":\"Marcas\",\"item\":\"https:\/\/grao.info\/es\/marcas\/\"},{\"@type\":\"ListItem\",\"position\":3,\"name\":\"Mobboli\"}]},{\"@type\":\"WebSite\",\"@id\":\"https:\/\/grao.info\/es\/#website\",\"url\":\"https:\/\/grao.info\/es\/\",\"name\":\"Grao\",\"description\":\"\",\"publisher\":{\"@id\":\"https:\/\/grao.info\/es\/#organization\"},\"potentialAction\":[{\"@type\":\"SearchAction\",\"target\":{\"@type\":\"EntryPoint\",\"urlTemplate\":\"https:\/\/grao.info\/es\/?s={search_term_string}\"},\"query-input\":\"required name=search_term_string\"}],\"inLanguage\":\"es\"},{\"@type\":\"Organization\",\"@id\":\"https:\/\/grao.info\/es\/#organization\",\"name\":\"Grao\",\"url\":\"https:\/\/grao.info\/es\/\",\"logo\":{\"@type\":\"ImageObject\",\"inLanguage\":\"es\",\"@id\":\"https:\/\/grao.info\/es\/#\/schema\/logo\/image\/\",\"url\":\"https:\/\/grao.info\/wp-content\/uploads\/2022\/04\/logo-mobil-1.png\",\"contentUrl\":\"https:\/\/grao.info\/wp-content\/uploads\/2022\/04\/logo-mobil-1.png\",\"width\":275,\"height\":85,\"caption\":\"Grao\"},\"image\":{\"@id\":\"https:\/\/grao.info\/es\/#\/schema\/logo\/image\/\"}}]}<\/script>\n<!-- \/ Yoast SEO Premium plugin. -->","yoast_head_json":{"title":"Mobboli - Grao","robots":{"index":"index","follow":"follow","max-snippet":"max-snippet:-1","max-image-preview":"max-image-preview:large","max-video-preview":"max-video-preview:-1"},"canonical":"https:\/\/grao.info\/es\/marcas\/mobboli\/","og_locale":"es_ES","og_type":"article","og_title":"Mobboli","og_description":"[vc_row equal_height=\u00bbyes\u00bb content_placement=\u00bbbottom\u00bb][vc_column width=\u00bb2\/3&#8243;][\/vc_column][vc_column width=\u00bb1\/3&#8243;][vc_column_text]La personalidad de Mobboli es \u00fanica ya desde su nacimiento en el a\u00f1o\u00a02018.\u00a0 La nueva marca es consecuencia del impulso innovador y creativo de\u00a0delaoliva,\u00a0referente en fabricaci\u00f3n de siller\u00eda y mobiliario de oficina y escolar desde 1957. [&hellip;]","og_url":"https:\/\/grao.info\/es\/marcas\/mobboli\/","og_site_name":"Grao","article_modified_time":"2023-12-01T11:41:24+00:00","twitter_card":"summary_large_image","twitter_misc":{"Tiempo de lectura":"1 minuto"},"schema":{"@context":"https:\/\/schema.org","@graph":[{"@type":"WebPage","@id":"https:\/\/grao.info\/es\/marcas\/mobboli\/","url":"https:\/\/grao.info\/es\/marcas\/mobboli\/","name":"Mobboli - Grao","isPartOf":{"@id":"https:\/\/grao.info\/es\/#website"},"datePublished":"2022-12-29T15:50:07+00:00","dateModified":"2023-12-01T11:41:24+00:00","breadcrumb":{"@id":"https:\/\/grao.info\/es\/marcas\/mobboli\/#breadcrumb"},"inLanguage":"es","potentialAction":[{"@type":"ReadAction","target":["https:\/\/grao.info\/es\/marcas\/mobboli\/"]}]},{"@type":"BreadcrumbList","@id":"https:\/\/grao.info\/es\/marcas\/mobboli\/#breadcrumb","itemListElement":[{"@type":"ListItem","position":1,"name":"Portada","item":"https:\/\/grao.info\/es\/"},{"@type":"ListItem","position":2,"name":"Marcas","item":"https:\/\/grao.info\/es\/marcas\/"},{"@type":"ListItem","position":3,"name":"Mobboli"}]},{"@type":"WebSite","@id":"https:\/\/grao.info\/es\/#website","url":"https:\/\/grao.info\/es\/","name":"Grao","description":"","publisher":{"@id":"https:\/\/grao.info\/es\/#organization"},"potentialAction":[{"@type":"SearchAction","target":{"@type":"EntryPoint","urlTemplate":"https:\/\/grao.info\/es\/?s={search_term_string}"},"query-input":"required name=search_term_string"}],"inLanguage":"es"},{"@type":"Organization","@id":"https:\/\/grao.info\/es\/#organization","name":"Grao","url":"https:\/\/grao.info\/es\/","logo":{"@type":"ImageObject","inLanguage":"es","@id":"https:\/\/grao.info\/es\/#\/schema\/logo\/image\/","url":"https:\/\/grao.info\/wp-content\/uploads\/2022\/04\/logo-mobil-1.png","contentUrl":"https:\/\/grao.info\/wp-content\/uploads\/2022\/04\/logo-mobil-1.png","width":275,"height":85,"caption":"Grao"},"image":{"@id":"https:\/\/grao.info\/es\/#\/schema\/logo\/image\/"}}]}},"_links":{"self":[{"href":"https:\/\/grao.info\/es\/wp-json\/wp\/v2\/pages\/20218"}],"collection":[{"href":"https:\/\/grao.info\/es\/wp-json\/wp\/v2\/pages"}],"about":[{"href":"https:\/\/grao.info\/es\/wp-json\/wp\/v2\/types\/page"}],"author":[{"embeddable":true,"href":"https:\/\/grao.info\/es\/wp-json\/wp\/v2\/users\/2"}],"replies":[{"embeddable":true,"href":"https:\/\/grao.info\/es\/wp-json\/wp\/v2\/comments?post=20218"}],"version-history":[{"count":7,"href":"https:\/\/grao.info\/es\/wp-json\/wp\/v2\/pages\/20218\/revisions"}],"predecessor-version":[{"id":20458,"href":"https:\/\/grao.info\/es\/wp-json\/wp\/v2\/pages\/20218\/revisions\/20458"}],"up":[{"embeddable":true,"href":"https:\/\/grao.info\/es\/wp-json\/wp\/v2\/pages\/4006"}],"wp:attachment":[{"href":"https:\/\/grao.info\/es\/wp-json\/wp\/v2\/media?parent=20218"}],"curies":[{"name":"wp","href":"https:\/\/api.w.org\/{rel}","templated":true}]}}