{"id":21880,"date":"2024-01-16T12:24:59","date_gmt":"2024-01-16T12:24:59","guid":{"rendered":"https:\/\/grao.info\/?page_id=21880"},"modified":"2026-03-02T15:31:10","modified_gmt":"2026-03-02T15:31:10","slug":"innovation-living","status":"publish","type":"page","link":"https:\/\/grao.info\/es\/marcas\/innovation-living\/","title":{"rendered":"Innovation Living"},"content":{"rendered":"<p>[vc_row equal_height=\u00bbyes\u00bb content_placement=\u00bbbottom\u00bb][vc_column width=\u00bb2\/3&#8243;]<div class=\"edgtf-image-gallery  edgtf-ig-grid-type edgtf-large-space edgtf-has-shadow edgtf-image-behavior-lightbox \">\n\t<div class=\"edgtf-ig-inner edgtf-outer-space edgtf-ig-grid edgtf-ig-three-columns\">\n\t\t\t\t\t<div class=\"edgtf-ig-image edgtf-item-space\">\n\t\t\t\t<div class=\"edgtf-ig-image-inner\">\n\t\t\t\t\t\t\t\t\t\t\t<a itemprop=\"image\" class=\"edgtf-ig-lightbox\" href=\"https:\/\/grao.info\/wp-content\/uploads\/2024\/01\/ambiente-innovationliving-splitback-frej-grao-03.jpeg\" data-rel=\"prettyPhoto[image_gallery_pretty_photo-422]\" title=\"ambiente-innovationliving-splitback-frej-grao-03\">\n\t\t\t\t\t\t\t\t\t\t\t<img loading=\"lazy\" decoding=\"async\" src=\"https:\/\/grao.info\/wp-content\/uploads\/2024\/01\/ambiente-innovationliving-splitback-frej-grao-03-320x220.jpeg\" alt=\"\" width=\"320\" height=\"220\" \/>\t\t\t\t\t\t\t\t\t\t\t<\/a>\n\t\t\t\t\t\t\t\t\t<\/div>\n\t\t\t<\/div>\n\t\t\t\t\t<div class=\"edgtf-ig-image edgtf-item-space\">\n\t\t\t\t<div class=\"edgtf-ig-image-inner\">\n\t\t\t\t\t\t\t\t\t\t\t<a itemprop=\"image\" class=\"edgtf-ig-lightbox\" href=\"https:\/\/grao.info\/wp-content\/uploads\/2024\/01\/ambiente-innovationliving-splitback-frej-grao-07.jpeg\" data-rel=\"prettyPhoto[image_gallery_pretty_photo-422]\" title=\"ambiente-innovationliving-splitback-frej-grao-07\">\n\t\t\t\t\t\t\t\t\t\t\t<img loading=\"lazy\" decoding=\"async\" src=\"https:\/\/grao.info\/wp-content\/uploads\/2024\/01\/ambiente-innovationliving-splitback-frej-grao-07-320x220.jpeg\" alt=\"\" width=\"320\" height=\"220\" \/>\t\t\t\t\t\t\t\t\t\t\t<\/a>\n\t\t\t\t\t\t\t\t\t<\/div>\n\t\t\t<\/div>\n\t\t\t\t\t<div class=\"edgtf-ig-image edgtf-item-space\">\n\t\t\t\t<div class=\"edgtf-ig-image-inner\">\n\t\t\t\t\t\t\t\t\t\t\t<a itemprop=\"image\" class=\"edgtf-ig-lightbox\" href=\"https:\/\/grao.info\/wp-content\/uploads\/2024\/01\/ambiente-innovationliving-splitback-frej-ambiente-grao-02.jpeg\" data-rel=\"prettyPhoto[image_gallery_pretty_photo-422]\" title=\"ambiente-innovationliving-splitback-frej-ambiente-grao-02\">\n\t\t\t\t\t\t\t\t\t\t\t<img loading=\"lazy\" decoding=\"async\" src=\"https:\/\/grao.info\/wp-content\/uploads\/2024\/01\/ambiente-innovationliving-splitback-frej-ambiente-grao-02-320x220.jpeg\" alt=\"\" width=\"320\" height=\"220\" \/>\t\t\t\t\t\t\t\t\t\t\t<\/a>\n\t\t\t\t\t\t\t\t\t<\/div>\n\t\t\t<\/div>\n\t\t\t\t\t<div class=\"edgtf-ig-image edgtf-item-space\">\n\t\t\t\t<div class=\"edgtf-ig-image-inner\">\n\t\t\t\t\t\t\t\t\t\t\t<a itemprop=\"image\" class=\"edgtf-ig-lightbox\" href=\"https:\/\/grao.info\/wp-content\/uploads\/2024\/01\/ambiente-innovationliving-recast-grao-01.jpeg\" data-rel=\"prettyPhoto[image_gallery_pretty_photo-422]\" title=\"ambiente-innovationliving-recast-grao-01\">\n\t\t\t\t\t\t\t\t\t\t\t<img loading=\"lazy\" decoding=\"async\" src=\"https:\/\/grao.info\/wp-content\/uploads\/2024\/01\/ambiente-innovationliving-recast-grao-01-320x220.jpeg\" alt=\"\" width=\"320\" height=\"220\" \/>\t\t\t\t\t\t\t\t\t\t\t<\/a>\n\t\t\t\t\t\t\t\t\t<\/div>\n\t\t\t<\/div>\n\t\t\t\t\t<div class=\"edgtf-ig-image edgtf-item-space\">\n\t\t\t\t<div class=\"edgtf-ig-image-inner\">\n\t\t\t\t\t\t\t\t\t\t\t<a itemprop=\"image\" class=\"edgtf-ig-lightbox\" href=\"https:\/\/grao.info\/wp-content\/uploads\/2024\/01\/ambiente-innovationliving-newilla-grao-08.jpeg\" data-rel=\"prettyPhoto[image_gallery_pretty_photo-422]\" title=\"ambiente-innovationliving-newilla-grao-08\">\n\t\t\t\t\t\t\t\t\t\t\t<img loading=\"lazy\" decoding=\"async\" src=\"https:\/\/grao.info\/wp-content\/uploads\/2024\/01\/ambiente-innovationliving-newilla-grao-08-320x220.jpeg\" alt=\"\" width=\"320\" height=\"220\" \/>\t\t\t\t\t\t\t\t\t\t\t<\/a>\n\t\t\t\t\t\t\t\t\t<\/div>\n\t\t\t<\/div>\n\t\t\t\t\t<div class=\"edgtf-ig-image edgtf-item-space\">\n\t\t\t\t<div class=\"edgtf-ig-image-inner\">\n\t\t\t\t\t\t\t\t\t\t\t<a itemprop=\"image\" class=\"edgtf-ig-lightbox\" href=\"https:\/\/grao.info\/wp-content\/uploads\/2024\/01\/ambiente-innovatonliving-dublexo-grao-05.jpeg\" data-rel=\"prettyPhoto[image_gallery_pretty_photo-422]\" title=\"ambiente-innovatonliving-dublexo-grao-05\">\n\t\t\t\t\t\t\t\t\t\t\t<img loading=\"lazy\" decoding=\"async\" src=\"https:\/\/grao.info\/wp-content\/uploads\/2024\/01\/ambiente-innovatonliving-dublexo-grao-05-320x220.jpeg\" alt=\"\" width=\"320\" height=\"220\" \/>\t\t\t\t\t\t\t\t\t\t\t<\/a>\n\t\t\t\t\t\t\t\t\t<\/div>\n\t\t\t<\/div>\n\t\t\t<\/div>\n<\/div>[\/vc_column][vc_column width=\u00bb1\/3&#8243;][vc_row_inner content_placement=\u00bbbottom\u00bb][vc_column_inner][vc_column_text]<strong>Innovation Living<\/strong>, la reconocida marca danesa, se distingue por su fusi\u00f3n de dise\u00f1o contempor\u00e1neo y funcionalidad pr\u00e1ctica. Especializada en sof\u00e1s cama y muebles vers\u00e1tiles, la marca ofrece soluciones inteligentes para optimizar el espacio en entornos modernos. Sus piezas reflejan la est\u00e9tica limpia del dise\u00f1o escandinavo, con un \u00e9nfasis particular en la calidad y durabilidad.<\/p>\n<p><strong>Innovation Living<\/strong> muestra una evidente combinaci\u00f3n de estilo y practicidad en sus sof\u00e1s, los cuales se transforman f\u00e1cilmente para adaptarse a diversas necesidades.[\/vc_column_text][\/vc_column_inner][\/vc_row_inner][vc_row_inner content_placement=\u00bbbottom\u00bb][vc_column_inner][vc_column_text]<a href=\"https:\/\/www.innovationliving.com\/\">www.innovationliving.com<\/a>[\/vc_column_text][\/vc_column_inner][\/vc_row_inner][\/vc_column][\/vc_row][vc_row][vc_column css=\u00bb.vc_custom_1615488032930{padding-top: 60px !important;}\u00bb][vc_row_inner][vc_column_inner]<div class=\"edgtf-separator-holder clearfix  edgtf-separator-center edgtf-separator-vertical\">\n\t<div class=\"edgtf-separator\" style=\"border-color: #333333;border-style: solid;height: 30px;border-left-width: 2px\"><\/div>\n<\/div>\n[vc_custom_heading text=\u00bbPRODUCTOS SELECCIONADOS\u00bb font_container=\u00bbtag:h3|font_size:32px|text_align:center|color:%233d3935|line_height:1.6&#8243; google_fonts=\u00bbfont_family:Roboto%3A100%2C100italic%2C300%2C300italic%2Cregular%2Citalic%2C500%2C500italic%2C700%2C700italic%2C900%2C900italic|font_style:700%20bold%20regular%3A700%3Anormal\u00bb]<div class=\"edgtf-separator-holder clearfix  edgtf-separator-center edgtf-separator-vertical\">\n\t<div class=\"edgtf-separator\" style=\"border-color: #333333;border-style: solid;height: 30px;border-left-width: 2px\"><\/div>\n<\/div>\n[\/vc_column_inner][\/vc_row_inner][\/vc_column][\/vc_row][vc_row][vc_column css=\u00bb.vc_custom_1615565554899{padding-top: 60px !important;}\u00bb][vc_row_inner][vc_column_inner width=\u00bb1\/5&#8243;]<div class=\"edgtf-single-image-holder  edgtf-has-shadow edgtf-image-behavior-custom-link\">\n    <div class=\"edgtf-si-inner\" >\n        \t            <a itemprop=\"url\" href=\"\/es\/producto\/yonata\/\" target=\"_self\">\n                                    <img loading=\"lazy\" decoding=\"async\" width=\"500\" height=\"500\" src=\"https:\/\/grao.info\/wp-content\/uploads\/2024\/01\/yonata-innovationliving-grao-00.jpg\" class=\"attachment-full size-full\" alt=\"\" srcset=\"https:\/\/grao.info\/wp-content\/uploads\/2024\/01\/yonata-innovationliving-grao-00.jpg 500w, https:\/\/grao.info\/wp-content\/uploads\/2024\/01\/yonata-innovationliving-grao-00-300x300.jpg 300w, https:\/\/grao.info\/wp-content\/uploads\/2024\/01\/yonata-innovationliving-grao-00-150x150.jpg 150w, https:\/\/grao.info\/wp-content\/uploads\/2024\/01\/yonata-innovationliving-grao-00-100x100.jpg 100w\" sizes=\"(max-width: 500px) 100vw, 500px\" \/>                                <\/a>\n            <\/div>\n<\/div>[vc_column_text]<\/p>\n<p style=\"text-align: center;\">YONATA<\/p>\n<p>[\/vc_column_text][\/vc_column_inner][vc_column_inner width=\u00bb1\/5&#8243;]<div class=\"edgtf-single-image-holder  edgtf-has-shadow edgtf-image-behavior-custom-link\">\n    <div class=\"edgtf-si-inner\" >\n        \t            <a itemprop=\"url\" href=\"\/es\/producto\/killian\/\" target=\"_self\">\n                                    <img loading=\"lazy\" decoding=\"async\" width=\"404\" height=\"404\" src=\"https:\/\/grao.info\/wp-content\/uploads\/2024\/01\/killian-innovationliving-grao-00-1.jpg\" class=\"attachment-full size-full\" alt=\"\" srcset=\"https:\/\/grao.info\/wp-content\/uploads\/2024\/01\/killian-innovationliving-grao-00-1.jpg 404w, https:\/\/grao.info\/wp-content\/uploads\/2024\/01\/killian-innovationliving-grao-00-1-300x300.jpg 300w, https:\/\/grao.info\/wp-content\/uploads\/2024\/01\/killian-innovationliving-grao-00-1-150x150.jpg 150w, https:\/\/grao.info\/wp-content\/uploads\/2024\/01\/killian-innovationliving-grao-00-1-100x100.jpg 100w\" sizes=\"(max-width: 404px) 100vw, 404px\" \/>                                <\/a>\n            <\/div>\n<\/div>[vc_column_text]<\/p>\n<p style=\"text-align: center;\">KILLIAN<\/p>\n<p>[\/vc_column_text][\/vc_column_inner][vc_column_inner width=\u00bb1\/5&#8243;]<div class=\"edgtf-single-image-holder  edgtf-has-shadow edgtf-image-behavior-custom-link\">\n    <div class=\"edgtf-si-inner\" >\n        \t            <a itemprop=\"url\" href=\"\/es\/producto\/osvald\/\" target=\"_self\">\n                                    <img loading=\"lazy\" decoding=\"async\" width=\"500\" height=\"500\" src=\"https:\/\/grao.info\/wp-content\/uploads\/2024\/01\/osval-innovationliving-grao-00.jpg\" class=\"attachment-full size-full\" alt=\"\" srcset=\"https:\/\/grao.info\/wp-content\/uploads\/2024\/01\/osval-innovationliving-grao-00.jpg 500w, https:\/\/grao.info\/wp-content\/uploads\/2024\/01\/osval-innovationliving-grao-00-300x300.jpg 300w, https:\/\/grao.info\/wp-content\/uploads\/2024\/01\/osval-innovationliving-grao-00-150x150.jpg 150w, https:\/\/grao.info\/wp-content\/uploads\/2024\/01\/osval-innovationliving-grao-00-100x100.jpg 100w\" sizes=\"(max-width: 500px) 100vw, 500px\" \/>                                <\/a>\n            <\/div>\n<\/div>[vc_column_text]<\/p>\n<p style=\"text-align: center;\">OSVALD<\/p>\n<p>[\/vc_column_text][\/vc_column_inner][vc_column_inner width=\u00bb1\/5&#8243;]<div class=\"edgtf-single-image-holder  edgtf-has-shadow edgtf-image-behavior-custom-link\">\n    <div class=\"edgtf-si-inner\" >\n        \t            <a itemprop=\"url\" href=\"\/es\/producto\/sigmund\/\" target=\"_self\">\n                                    <img loading=\"lazy\" decoding=\"async\" width=\"500\" height=\"500\" src=\"https:\/\/grao.info\/wp-content\/uploads\/2024\/01\/Sigmund-innovationliving-grao_00.jpg\" class=\"attachment-full size-full\" alt=\"\" srcset=\"https:\/\/grao.info\/wp-content\/uploads\/2024\/01\/Sigmund-innovationliving-grao_00.jpg 500w, https:\/\/grao.info\/wp-content\/uploads\/2024\/01\/Sigmund-innovationliving-grao_00-300x300.jpg 300w, https:\/\/grao.info\/wp-content\/uploads\/2024\/01\/Sigmund-innovationliving-grao_00-150x150.jpg 150w, https:\/\/grao.info\/wp-content\/uploads\/2024\/01\/Sigmund-innovationliving-grao_00-100x100.jpg 100w\" sizes=\"(max-width: 500px) 100vw, 500px\" \/>                                <\/a>\n            <\/div>\n<\/div>[vc_column_text]<\/p>\n<p style=\"text-align: center;\">SIGMUND<\/p>\n<p>[\/vc_column_text][\/vc_column_inner][vc_column_inner width=\u00bb1\/5&#8243;]<div class=\"edgtf-single-image-holder  edgtf-has-shadow edgtf-image-behavior-custom-link\">\n    <div class=\"edgtf-si-inner\" >\n        \t            <a itemprop=\"url\" href=\"\/es\/producto\/newilla\/\" target=\"_self\">\n                                    <img loading=\"lazy\" decoding=\"async\" width=\"500\" height=\"500\" src=\"https:\/\/grao.info\/wp-content\/uploads\/2024\/01\/Newilla-innovationliving-grao-00-1.jpg\" class=\"attachment-full size-full\" alt=\"\" srcset=\"https:\/\/grao.info\/wp-content\/uploads\/2024\/01\/Newilla-innovationliving-grao-00-1.jpg 500w, https:\/\/grao.info\/wp-content\/uploads\/2024\/01\/Newilla-innovationliving-grao-00-1-300x300.jpg 300w, https:\/\/grao.info\/wp-content\/uploads\/2024\/01\/Newilla-innovationliving-grao-00-1-150x150.jpg 150w, https:\/\/grao.info\/wp-content\/uploads\/2024\/01\/Newilla-innovationliving-grao-00-1-100x100.jpg 100w\" sizes=\"(max-width: 500px) 100vw, 500px\" \/>                                <\/a>\n            <\/div>\n<\/div>[vc_column_text]<\/p>\n<p style=\"text-align: center;\">NEWILLA<\/p>\n<p>[\/vc_column_text][\/vc_column_inner][\/vc_row_inner][\/vc_column][\/vc_row][vc_row][vc_column css=\u00bb.vc_custom_1615565597146{padding-top: 30px !important;}\u00bb][vc_row_inner][vc_column_inner width=\u00bb1\/5&#8243;]<div class=\"edgtf-single-image-holder  edgtf-has-shadow edgtf-image-behavior-custom-link\">\n    <div class=\"edgtf-si-inner\" >\n        \t            <a itemprop=\"url\" href=\"\/es\/producto\/balder\/\" target=\"_self\">\n                                    <img loading=\"lazy\" decoding=\"async\" width=\"500\" height=\"500\" src=\"https:\/\/grao.info\/wp-content\/uploads\/2024\/01\/balder-innovationliving-grao-00.jpg\" class=\"attachment-full size-full\" alt=\"\" srcset=\"https:\/\/grao.info\/wp-content\/uploads\/2024\/01\/balder-innovationliving-grao-00.jpg 500w, https:\/\/grao.info\/wp-content\/uploads\/2024\/01\/balder-innovationliving-grao-00-300x300.jpg 300w, https:\/\/grao.info\/wp-content\/uploads\/2024\/01\/balder-innovationliving-grao-00-150x150.jpg 150w, https:\/\/grao.info\/wp-content\/uploads\/2024\/01\/balder-innovationliving-grao-00-100x100.jpg 100w\" sizes=\"(max-width: 500px) 100vw, 500px\" \/>                                <\/a>\n            <\/div>\n<\/div>[vc_column_text]<\/p>\n<p style=\"text-align: center;\">BALDER<\/p>\n<p>[\/vc_column_text][\/vc_column_inner][vc_column_inner width=\u00bb1\/5&#8243;]<div class=\"edgtf-single-image-holder  edgtf-has-shadow edgtf-image-behavior-custom-link\">\n    <div class=\"edgtf-si-inner\" >\n        \t            <a itemprop=\"url\" href=\"\/es\/producto\/vikko\/\" target=\"_self\">\n                                    <img loading=\"lazy\" decoding=\"async\" width=\"500\" height=\"500\" src=\"https:\/\/grao.info\/wp-content\/uploads\/2024\/01\/grao_vikko_innovationliving_00.jpg\" class=\"attachment-full size-full\" alt=\"\" srcset=\"https:\/\/grao.info\/wp-content\/uploads\/2024\/01\/grao_vikko_innovationliving_00.jpg 500w, https:\/\/grao.info\/wp-content\/uploads\/2024\/01\/grao_vikko_innovationliving_00-300x300.jpg 300w, https:\/\/grao.info\/wp-content\/uploads\/2024\/01\/grao_vikko_innovationliving_00-150x150.jpg 150w, https:\/\/grao.info\/wp-content\/uploads\/2024\/01\/grao_vikko_innovationliving_00-100x100.jpg 100w\" sizes=\"(max-width: 500px) 100vw, 500px\" \/>                                <\/a>\n            <\/div>\n<\/div>[vc_column_text]<\/p>\n<p style=\"text-align: center;\">VIKKO<\/p>\n<p>[\/vc_column_text][\/vc_column_inner][vc_column_inner width=\u00bb1\/5&#8243;]<div class=\"edgtf-single-image-holder  edgtf-has-shadow edgtf-image-behavior-custom-link\">\n    <div class=\"edgtf-si-inner\" >\n        \t            <a itemprop=\"url\" href=\"\/es\/producto\/cozypad-innovationliving\/\" target=\"_self\">\n                                    <img loading=\"lazy\" decoding=\"async\" width=\"433\" height=\"433\" src=\"https:\/\/grao.info\/wp-content\/uploads\/2026\/03\/cozypad-flemmingHojfeldt-innovationLiving-grao00.jpg\" class=\"attachment-full size-full\" alt=\"\" srcset=\"https:\/\/grao.info\/wp-content\/uploads\/2026\/03\/cozypad-flemmingHojfeldt-innovationLiving-grao00.jpg 433w, https:\/\/grao.info\/wp-content\/uploads\/2026\/03\/cozypad-flemmingHojfeldt-innovationLiving-grao00-300x300.jpg 300w, https:\/\/grao.info\/wp-content\/uploads\/2026\/03\/cozypad-flemmingHojfeldt-innovationLiving-grao00-150x150.jpg 150w, https:\/\/grao.info\/wp-content\/uploads\/2026\/03\/cozypad-flemmingHojfeldt-innovationLiving-grao00-100x100.jpg 100w\" sizes=\"(max-width: 433px) 100vw, 433px\" \/>                                <\/a>\n            <\/div>\n<\/div>[vc_column_text]<\/p>\n<p style=\"text-align: center;\">COZYPAD<\/p>\n<p>[\/vc_column_text][\/vc_column_inner][vc_column_inner width=\u00bb1\/5&#8243;]<div class=\"edgtf-single-image-holder  edgtf-has-shadow edgtf-image-behavior-custom-link\">\n    <div class=\"edgtf-si-inner\" >\n        \t            <a itemprop=\"url\" href=\"\/es\/producto\/olan\/\" target=\"_self\">\n                                    <img loading=\"lazy\" decoding=\"async\" width=\"500\" height=\"500\" src=\"https:\/\/grao.info\/wp-content\/uploads\/2024\/01\/grao_olan_innovation_living_00-1.jpg\" class=\"attachment-full size-full\" alt=\"\" srcset=\"https:\/\/grao.info\/wp-content\/uploads\/2024\/01\/grao_olan_innovation_living_00-1.jpg 500w, https:\/\/grao.info\/wp-content\/uploads\/2024\/01\/grao_olan_innovation_living_00-1-300x300.jpg 300w, https:\/\/grao.info\/wp-content\/uploads\/2024\/01\/grao_olan_innovation_living_00-1-150x150.jpg 150w, https:\/\/grao.info\/wp-content\/uploads\/2024\/01\/grao_olan_innovation_living_00-1-100x100.jpg 100w\" sizes=\"(max-width: 500px) 100vw, 500px\" \/>                                <\/a>\n            <\/div>\n<\/div>[vc_column_text]<\/p>\n<p style=\"text-align: center;\">OLAN<\/p>\n<p>[\/vc_column_text][\/vc_column_inner][vc_column_inner width=\u00bb1\/5&#8243;]<div class=\"edgtf-single-image-holder  edgtf-has-shadow edgtf-image-behavior-custom-link\">\n    <div class=\"edgtf-si-inner\" >\n        \t            <a itemprop=\"url\" href=\"\/es\/producto\/lomira-innovationliving\/\" target=\"_self\">\n                                    <img loading=\"lazy\" decoding=\"async\" width=\"500\" height=\"500\" src=\"https:\/\/grao.info\/wp-content\/uploads\/2026\/03\/lomira-perWeiss-innovayionLiving-grao00.jpg\" class=\"attachment-full size-full\" alt=\"\" srcset=\"https:\/\/grao.info\/wp-content\/uploads\/2026\/03\/lomira-perWeiss-innovayionLiving-grao00.jpg 500w, https:\/\/grao.info\/wp-content\/uploads\/2026\/03\/lomira-perWeiss-innovayionLiving-grao00-300x300.jpg 300w, https:\/\/grao.info\/wp-content\/uploads\/2026\/03\/lomira-perWeiss-innovayionLiving-grao00-150x150.jpg 150w, https:\/\/grao.info\/wp-content\/uploads\/2026\/03\/lomira-perWeiss-innovayionLiving-grao00-100x100.jpg 100w\" sizes=\"(max-width: 500px) 100vw, 500px\" \/>                                <\/a>\n            <\/div>\n<\/div>[vc_column_text]<\/p>\n<p style=\"text-align: center;\">LOMIRA<\/p>\n<p>[\/vc_column_text][\/vc_column_inner][\/vc_row_inner][vc_empty_space height=\u00bb100px\u00bb][\/vc_column][\/vc_row]<\/p>\n","protected":false},"excerpt":{"rendered":"<p>[vc_row equal_height=\u00bbyes\u00bb content_placement=\u00bbbottom\u00bb][vc_column width=\u00bb2\/3&#8243;][\/vc_column][vc_column width=\u00bb1\/3&#8243;][vc_row_inner content_placement=\u00bbbottom\u00bb][vc_column_inner][vc_column_text]Innovation Living, la reconocida marca danesa, se distingue por su fusi\u00f3n de dise\u00f1o contempor\u00e1neo y funcionalidad pr\u00e1ctica. Especializada en sof\u00e1s cama y muebles vers\u00e1tiles, la marca ofrece soluciones inteligentes para optimizar el espacio en entornos [&hellip;]<\/p>\n","protected":false},"author":2,"featured_media":0,"parent":4006,"menu_order":0,"comment_status":"closed","ping_status":"closed","template":"","meta":{"footnotes":""},"acf":[],"yoast_head":"<!-- This site is optimized with the Yoast SEO Premium plugin v23.0 (Yoast SEO v23.0) - https:\/\/yoast.com\/wordpress\/plugins\/seo\/ -->\n<title>Innovation Living - Grao<\/title>\n<meta name=\"robots\" content=\"index, follow, max-snippet:-1, max-image-preview:large, max-video-preview:-1\" \/>\n<link rel=\"canonical\" href=\"https:\/\/grao.info\/es\/marcas\/innovation-living\/\" \/>\n<meta property=\"og:locale\" content=\"es_ES\" \/>\n<meta property=\"og:type\" content=\"article\" \/>\n<meta property=\"og:title\" content=\"Innovation Living\" \/>\n<meta property=\"og:description\" content=\"[vc_row equal_height=\u00bbyes\u00bb content_placement=\u00bbbottom\u00bb][vc_column width=\u00bb2\/3&#8243;][\/vc_column][vc_column width=\u00bb1\/3&#8243;][vc_row_inner content_placement=\u00bbbottom\u00bb][vc_column_inner][vc_column_text]Innovation Living, la reconocida marca danesa, se distingue por su fusi\u00f3n de dise\u00f1o contempor\u00e1neo y funcionalidad pr\u00e1ctica. Especializada en sof\u00e1s cama y muebles vers\u00e1tiles, la marca ofrece soluciones inteligentes para optimizar el espacio en entornos [&hellip;]\" \/>\n<meta property=\"og:url\" content=\"https:\/\/grao.info\/es\/marcas\/innovation-living\/\" \/>\n<meta property=\"og:site_name\" content=\"Grao\" \/>\n<meta property=\"article:modified_time\" content=\"2026-03-02T15:31:10+00:00\" \/>\n<meta name=\"twitter:card\" content=\"summary_large_image\" \/>\n<meta name=\"twitter:label1\" content=\"Tiempo de lectura\" \/>\n\t<meta name=\"twitter:data1\" content=\"1 minuto\" \/>\n<script type=\"application\/ld+json\" class=\"yoast-schema-graph\">{\"@context\":\"https:\/\/schema.org\",\"@graph\":[{\"@type\":\"WebPage\",\"@id\":\"https:\/\/grao.info\/es\/marcas\/innovation-living\/\",\"url\":\"https:\/\/grao.info\/es\/marcas\/innovation-living\/\",\"name\":\"Innovation Living - Grao\",\"isPartOf\":{\"@id\":\"https:\/\/grao.info\/es\/#website\"},\"datePublished\":\"2024-01-16T12:24:59+00:00\",\"dateModified\":\"2026-03-02T15:31:10+00:00\",\"breadcrumb\":{\"@id\":\"https:\/\/grao.info\/es\/marcas\/innovation-living\/#breadcrumb\"},\"inLanguage\":\"es\",\"potentialAction\":[{\"@type\":\"ReadAction\",\"target\":[\"https:\/\/grao.info\/es\/marcas\/innovation-living\/\"]}]},{\"@type\":\"BreadcrumbList\",\"@id\":\"https:\/\/grao.info\/es\/marcas\/innovation-living\/#breadcrumb\",\"itemListElement\":[{\"@type\":\"ListItem\",\"position\":1,\"name\":\"Portada\",\"item\":\"https:\/\/grao.info\/es\/\"},{\"@type\":\"ListItem\",\"position\":2,\"name\":\"Marcas\",\"item\":\"https:\/\/grao.info\/es\/marcas\/\"},{\"@type\":\"ListItem\",\"position\":3,\"name\":\"Innovation Living\"}]},{\"@type\":\"WebSite\",\"@id\":\"https:\/\/grao.info\/es\/#website\",\"url\":\"https:\/\/grao.info\/es\/\",\"name\":\"Grao\",\"description\":\"\",\"publisher\":{\"@id\":\"https:\/\/grao.info\/es\/#organization\"},\"potentialAction\":[{\"@type\":\"SearchAction\",\"target\":{\"@type\":\"EntryPoint\",\"urlTemplate\":\"https:\/\/grao.info\/es\/?s={search_term_string}\"},\"query-input\":\"required name=search_term_string\"}],\"inLanguage\":\"es\"},{\"@type\":\"Organization\",\"@id\":\"https:\/\/grao.info\/es\/#organization\",\"name\":\"Grao\",\"url\":\"https:\/\/grao.info\/es\/\",\"logo\":{\"@type\":\"ImageObject\",\"inLanguage\":\"es\",\"@id\":\"https:\/\/grao.info\/es\/#\/schema\/logo\/image\/\",\"url\":\"https:\/\/grao.info\/wp-content\/uploads\/2022\/04\/logo-mobil-1.png\",\"contentUrl\":\"https:\/\/grao.info\/wp-content\/uploads\/2022\/04\/logo-mobil-1.png\",\"width\":275,\"height\":85,\"caption\":\"Grao\"},\"image\":{\"@id\":\"https:\/\/grao.info\/es\/#\/schema\/logo\/image\/\"}}]}<\/script>\n<!-- \/ Yoast SEO Premium plugin. -->","yoast_head_json":{"title":"Innovation Living - Grao","robots":{"index":"index","follow":"follow","max-snippet":"max-snippet:-1","max-image-preview":"max-image-preview:large","max-video-preview":"max-video-preview:-1"},"canonical":"https:\/\/grao.info\/es\/marcas\/innovation-living\/","og_locale":"es_ES","og_type":"article","og_title":"Innovation Living","og_description":"[vc_row equal_height=\u00bbyes\u00bb content_placement=\u00bbbottom\u00bb][vc_column width=\u00bb2\/3&#8243;][\/vc_column][vc_column width=\u00bb1\/3&#8243;][vc_row_inner content_placement=\u00bbbottom\u00bb][vc_column_inner][vc_column_text]Innovation Living, la reconocida marca danesa, se distingue por su fusi\u00f3n de dise\u00f1o contempor\u00e1neo y funcionalidad pr\u00e1ctica. Especializada en sof\u00e1s cama y muebles vers\u00e1tiles, la marca ofrece soluciones inteligentes para optimizar el espacio en entornos [&hellip;]","og_url":"https:\/\/grao.info\/es\/marcas\/innovation-living\/","og_site_name":"Grao","article_modified_time":"2026-03-02T15:31:10+00:00","twitter_card":"summary_large_image","twitter_misc":{"Tiempo de lectura":"1 minuto"},"schema":{"@context":"https:\/\/schema.org","@graph":[{"@type":"WebPage","@id":"https:\/\/grao.info\/es\/marcas\/innovation-living\/","url":"https:\/\/grao.info\/es\/marcas\/innovation-living\/","name":"Innovation Living - Grao","isPartOf":{"@id":"https:\/\/grao.info\/es\/#website"},"datePublished":"2024-01-16T12:24:59+00:00","dateModified":"2026-03-02T15:31:10+00:00","breadcrumb":{"@id":"https:\/\/grao.info\/es\/marcas\/innovation-living\/#breadcrumb"},"inLanguage":"es","potentialAction":[{"@type":"ReadAction","target":["https:\/\/grao.info\/es\/marcas\/innovation-living\/"]}]},{"@type":"BreadcrumbList","@id":"https:\/\/grao.info\/es\/marcas\/innovation-living\/#breadcrumb","itemListElement":[{"@type":"ListItem","position":1,"name":"Portada","item":"https:\/\/grao.info\/es\/"},{"@type":"ListItem","position":2,"name":"Marcas","item":"https:\/\/grao.info\/es\/marcas\/"},{"@type":"ListItem","position":3,"name":"Innovation Living"}]},{"@type":"WebSite","@id":"https:\/\/grao.info\/es\/#website","url":"https:\/\/grao.info\/es\/","name":"Grao","description":"","publisher":{"@id":"https:\/\/grao.info\/es\/#organization"},"potentialAction":[{"@type":"SearchAction","target":{"@type":"EntryPoint","urlTemplate":"https:\/\/grao.info\/es\/?s={search_term_string}"},"query-input":"required name=search_term_string"}],"inLanguage":"es"},{"@type":"Organization","@id":"https:\/\/grao.info\/es\/#organization","name":"Grao","url":"https:\/\/grao.info\/es\/","logo":{"@type":"ImageObject","inLanguage":"es","@id":"https:\/\/grao.info\/es\/#\/schema\/logo\/image\/","url":"https:\/\/grao.info\/wp-content\/uploads\/2022\/04\/logo-mobil-1.png","contentUrl":"https:\/\/grao.info\/wp-content\/uploads\/2022\/04\/logo-mobil-1.png","width":275,"height":85,"caption":"Grao"},"image":{"@id":"https:\/\/grao.info\/es\/#\/schema\/logo\/image\/"}}]}},"_links":{"self":[{"href":"https:\/\/grao.info\/es\/wp-json\/wp\/v2\/pages\/21880"}],"collection":[{"href":"https:\/\/grao.info\/es\/wp-json\/wp\/v2\/pages"}],"about":[{"href":"https:\/\/grao.info\/es\/wp-json\/wp\/v2\/types\/page"}],"author":[{"embeddable":true,"href":"https:\/\/grao.info\/es\/wp-json\/wp\/v2\/users\/2"}],"replies":[{"embeddable":true,"href":"https:\/\/grao.info\/es\/wp-json\/wp\/v2\/comments?post=21880"}],"version-history":[{"count":14,"href":"https:\/\/grao.info\/es\/wp-json\/wp\/v2\/pages\/21880\/revisions"}],"predecessor-version":[{"id":22332,"href":"https:\/\/grao.info\/es\/wp-json\/wp\/v2\/pages\/21880\/revisions\/22332"}],"up":[{"embeddable":true,"href":"https:\/\/grao.info\/es\/wp-json\/wp\/v2\/pages\/4006"}],"wp:attachment":[{"href":"https:\/\/grao.info\/es\/wp-json\/wp\/v2\/media?parent=21880"}],"curies":[{"name":"wp","href":"https:\/\/api.w.org\/{rel}","templated":true}]}}