{"id":22565,"date":"2024-02-21T11:18:30","date_gmt":"2024-02-21T11:18:30","guid":{"rendered":"https:\/\/grao.info\/?page_id=22565"},"modified":"2024-02-21T16:04:01","modified_gmt":"2024-02-21T16:04:01","slug":"vondom","status":"publish","type":"page","link":"https:\/\/grao.info\/es\/marcas\/vondom\/","title":{"rendered":"Vondom"},"content":{"rendered":"<p>[vc_row equal_height=\u00bbyes\u00bb content_placement=\u00bbbottom\u00bb][vc_column width=\u00bb2\/3&#8243;]<div class=\"edgtf-image-gallery  edgtf-ig-grid-type edgtf-large-space edgtf-has-shadow edgtf-image-behavior-lightbox \">\n\t<div class=\"edgtf-ig-inner edgtf-outer-space edgtf-ig-grid edgtf-ig-three-columns\">\n\t\t\t\t\t<div class=\"edgtf-ig-image edgtf-item-space\">\n\t\t\t\t<div class=\"edgtf-ig-image-inner\">\n\t\t\t\t\t\t\t\t\t\t\t<a itemprop=\"image\" class=\"edgtf-ig-lightbox\" href=\"https:\/\/grao.info\/wp-content\/uploads\/2024\/02\/vondom_grao_ambiente_09.png\" data-rel=\"prettyPhoto[image_gallery_pretty_photo-910]\" title=\"vondom_grao_ambiente_09\">\n\t\t\t\t\t\t\t\t\t\t\t<img loading=\"lazy\" decoding=\"async\" src=\"https:\/\/grao.info\/wp-content\/uploads\/2024\/02\/vondom_grao_ambiente_09-320x220.png\" alt=\"\" width=\"320\" height=\"220\" \/>\t\t\t\t\t\t\t\t\t\t\t<\/a>\n\t\t\t\t\t\t\t\t\t<\/div>\n\t\t\t<\/div>\n\t\t\t\t\t<div class=\"edgtf-ig-image edgtf-item-space\">\n\t\t\t\t<div class=\"edgtf-ig-image-inner\">\n\t\t\t\t\t\t\t\t\t\t\t<a itemprop=\"image\" class=\"edgtf-ig-lightbox\" href=\"https:\/\/grao.info\/wp-content\/uploads\/2024\/02\/vondom_grao_ambiente_03.png\" data-rel=\"prettyPhoto[image_gallery_pretty_photo-910]\" title=\"vondom_grao_ambiente_03\">\n\t\t\t\t\t\t\t\t\t\t\t<img loading=\"lazy\" decoding=\"async\" src=\"https:\/\/grao.info\/wp-content\/uploads\/2024\/02\/vondom_grao_ambiente_03-320x220.png\" alt=\"\" width=\"320\" height=\"220\" \/>\t\t\t\t\t\t\t\t\t\t\t<\/a>\n\t\t\t\t\t\t\t\t\t<\/div>\n\t\t\t<\/div>\n\t\t\t\t\t<div class=\"edgtf-ig-image edgtf-item-space\">\n\t\t\t\t<div class=\"edgtf-ig-image-inner\">\n\t\t\t\t\t\t\t\t\t\t\t<a itemprop=\"image\" class=\"edgtf-ig-lightbox\" href=\"https:\/\/grao.info\/wp-content\/uploads\/2024\/02\/vondom_grao_ambiente_02.jpg\" data-rel=\"prettyPhoto[image_gallery_pretty_photo-910]\" title=\"vondom_grao_ambiente_02\">\n\t\t\t\t\t\t\t\t\t\t\t<img loading=\"lazy\" decoding=\"async\" src=\"https:\/\/grao.info\/wp-content\/uploads\/2024\/02\/vondom_grao_ambiente_02-320x220.jpg\" alt=\"\" width=\"320\" height=\"220\" \/>\t\t\t\t\t\t\t\t\t\t\t<\/a>\n\t\t\t\t\t\t\t\t\t<\/div>\n\t\t\t<\/div>\n\t\t\t\t\t<div class=\"edgtf-ig-image edgtf-item-space\">\n\t\t\t\t<div class=\"edgtf-ig-image-inner\">\n\t\t\t\t\t\t\t\t\t\t\t<a itemprop=\"image\" class=\"edgtf-ig-lightbox\" href=\"https:\/\/grao.info\/wp-content\/uploads\/2024\/02\/vondom_grao_ambiente_05.jpg\" data-rel=\"prettyPhoto[image_gallery_pretty_photo-910]\" title=\"vondom_grao_ambiente_05\">\n\t\t\t\t\t\t\t\t\t\t\t<img loading=\"lazy\" decoding=\"async\" src=\"https:\/\/grao.info\/wp-content\/uploads\/2024\/02\/vondom_grao_ambiente_05-320x220.jpg\" alt=\"\" width=\"320\" height=\"220\" \/>\t\t\t\t\t\t\t\t\t\t\t<\/a>\n\t\t\t\t\t\t\t\t\t<\/div>\n\t\t\t<\/div>\n\t\t\t\t\t<div class=\"edgtf-ig-image edgtf-item-space\">\n\t\t\t\t<div class=\"edgtf-ig-image-inner\">\n\t\t\t\t\t\t\t\t\t\t\t<a itemprop=\"image\" class=\"edgtf-ig-lightbox\" href=\"https:\/\/grao.info\/wp-content\/uploads\/2024\/02\/vondom_grao_ambiente_07.jpg\" data-rel=\"prettyPhoto[image_gallery_pretty_photo-910]\" title=\"vondom_grao_ambiente_07\">\n\t\t\t\t\t\t\t\t\t\t\t<img loading=\"lazy\" decoding=\"async\" src=\"https:\/\/grao.info\/wp-content\/uploads\/2024\/02\/vondom_grao_ambiente_07-320x220.jpg\" alt=\"\" width=\"320\" height=\"220\" \/>\t\t\t\t\t\t\t\t\t\t\t<\/a>\n\t\t\t\t\t\t\t\t\t<\/div>\n\t\t\t<\/div>\n\t\t\t\t\t<div class=\"edgtf-ig-image edgtf-item-space\">\n\t\t\t\t<div class=\"edgtf-ig-image-inner\">\n\t\t\t\t\t\t\t\t\t\t\t<a itemprop=\"image\" class=\"edgtf-ig-lightbox\" href=\"https:\/\/grao.info\/wp-content\/uploads\/2024\/02\/vondom_grao_ambiente_01.jpg\" data-rel=\"prettyPhoto[image_gallery_pretty_photo-910]\" title=\"vondom_grao_ambiente_01\">\n\t\t\t\t\t\t\t\t\t\t\t<img loading=\"lazy\" decoding=\"async\" src=\"https:\/\/grao.info\/wp-content\/uploads\/2024\/02\/vondom_grao_ambiente_01-320x220.jpg\" alt=\"\" width=\"320\" height=\"220\" \/>\t\t\t\t\t\t\t\t\t\t\t<\/a>\n\t\t\t\t\t\t\t\t\t<\/div>\n\t\t\t<\/div>\n\t\t\t<\/div>\n<\/div>[\/vc_column][vc_column width=\u00bb1\/3&#8243;][vc_row_inner content_placement=\u00bbbottom\u00bb][vc_column_inner][vc_column_text]<\/p>\n<p class=\"p1\"><span class=\"s1\"><strong>Vondom<\/strong> se dedica al dise\u00f1o y fabricaci\u00f3n de mobiliario y complementos exteriores. Adapt\u00e1ndose a m\u00faltiples estilos y necesidades, desde jardines y terrazas hasta espacios p\u00fablicos. La utilizaci\u00f3n de materiales de alta calidad junto a la colaboraci\u00f3n con reconocidos dise\u00f1adores nacionales e internacionales. Su compromiso con la sostenibilidad se refleja en la utilizaci\u00f3n de materiales reciclados y en la producci\u00f3n responsable.<\/span><\/p>\n<p>[\/vc_column_text][\/vc_column_inner][\/vc_row_inner][vc_row_inner content_placement=\u00bbbottom\u00bb][vc_column_inner][vc_column_text]<a href=\"http:\/\/www.vondom.com\/\">www.vondom.com<\/a>[\/vc_column_text][\/vc_column_inner][\/vc_row_inner][\/vc_column][\/vc_row][vc_row][vc_column css=\u00bb.vc_custom_1615488032930{padding-top: 60px !important;}\u00bb][vc_row_inner][vc_column_inner]<div class=\"edgtf-separator-holder clearfix  edgtf-separator-center edgtf-separator-vertical\">\n\t<div class=\"edgtf-separator\" style=\"border-color: #333333;border-style: solid;height: 30px;border-left-width: 2px\"><\/div>\n<\/div>\n[vc_custom_heading text=\u00bbPRODUCTOS SELECCIONADOS\u00bb font_container=\u00bbtag:h3|font_size:32px|text_align:center|color:%233d3935|line_height:1.6&#8243; google_fonts=\u00bbfont_family:Roboto%3A100%2C100italic%2C300%2C300italic%2Cregular%2Citalic%2C500%2C500italic%2C700%2C700italic%2C900%2C900italic|font_style:700%20bold%20regular%3A700%3Anormal\u00bb]<div class=\"edgtf-separator-holder clearfix  edgtf-separator-center edgtf-separator-vertical\">\n\t<div class=\"edgtf-separator\" style=\"border-color: #333333;border-style: solid;height: 30px;border-left-width: 2px\"><\/div>\n<\/div>\n[\/vc_column_inner][\/vc_row_inner][\/vc_column][\/vc_row][vc_row][vc_column css=\u00bb.vc_custom_1615565554899{padding-top: 60px !important;}\u00bb][vc_row_inner][vc_column_inner width=\u00bb1\/5&#8243;]<div class=\"edgtf-single-image-holder  edgtf-has-shadow edgtf-image-behavior-custom-link\">\n    <div class=\"edgtf-si-inner\" >\n        \t            <a itemprop=\"url\" href=\"\/es\/producto\/kes\/\" target=\"_self\">\n                                    <img loading=\"lazy\" decoding=\"async\" width=\"500\" height=\"500\" src=\"https:\/\/grao.info\/wp-content\/uploads\/2024\/02\/kes_burati_vondom_grao_00.jpg\" class=\"attachment-full size-full\" alt=\"\" srcset=\"https:\/\/grao.info\/wp-content\/uploads\/2024\/02\/kes_burati_vondom_grao_00.jpg 500w, https:\/\/grao.info\/wp-content\/uploads\/2024\/02\/kes_burati_vondom_grao_00-300x300.jpg 300w, https:\/\/grao.info\/wp-content\/uploads\/2024\/02\/kes_burati_vondom_grao_00-150x150.jpg 150w, https:\/\/grao.info\/wp-content\/uploads\/2024\/02\/kes_burati_vondom_grao_00-100x100.jpg 100w\" sizes=\"(max-width: 500px) 100vw, 500px\" \/>                                <\/a>\n            <\/div>\n<\/div>[vc_column_text]<\/p>\n<p style=\"text-align: center;\">KES<\/p>\n<p>[\/vc_column_text][\/vc_column_inner][vc_column_inner width=\u00bb1\/5&#8243;]<div class=\"edgtf-single-image-holder  edgtf-has-shadow edgtf-image-behavior-custom-link\">\n    <div class=\"edgtf-si-inner\" >\n        \t            <a itemprop=\"url\" href=\"\/es\/producto\/africa-sunlounge\/\" target=\"_self\">\n                                    <img loading=\"lazy\" decoding=\"async\" width=\"1000\" height=\"1000\" src=\"https:\/\/grao.info\/wp-content\/uploads\/2024\/02\/africa_sunlounger_eugeniquillet_vodom_grao_00.jpg\" class=\"attachment-full size-full\" alt=\"\" srcset=\"https:\/\/grao.info\/wp-content\/uploads\/2024\/02\/africa_sunlounger_eugeniquillet_vodom_grao_00.jpg 1000w, https:\/\/grao.info\/wp-content\/uploads\/2024\/02\/africa_sunlounger_eugeniquillet_vodom_grao_00-300x300.jpg 300w, https:\/\/grao.info\/wp-content\/uploads\/2024\/02\/africa_sunlounger_eugeniquillet_vodom_grao_00-150x150.jpg 150w, https:\/\/grao.info\/wp-content\/uploads\/2024\/02\/africa_sunlounger_eugeniquillet_vodom_grao_00-768x768.jpg 768w, https:\/\/grao.info\/wp-content\/uploads\/2024\/02\/africa_sunlounger_eugeniquillet_vodom_grao_00-550x550.jpg 550w, https:\/\/grao.info\/wp-content\/uploads\/2024\/02\/africa_sunlounger_eugeniquillet_vodom_grao_00-600x600.jpg 600w, https:\/\/grao.info\/wp-content\/uploads\/2024\/02\/africa_sunlounger_eugeniquillet_vodom_grao_00-100x100.jpg 100w\" sizes=\"(max-width: 1000px) 100vw, 1000px\" \/>                                <\/a>\n            <\/div>\n<\/div>[vc_column_text]<\/p>\n<p style=\"text-align: center;\">AFRICA SUN LOUNGE<\/p>\n<p>[\/vc_column_text][\/vc_column_inner][vc_column_inner width=\u00bb1\/5&#8243;]<div class=\"edgtf-single-image-holder  edgtf-has-shadow edgtf-image-behavior-custom-link\">\n    <div class=\"edgtf-si-inner\" >\n        \t            <a itemprop=\"url\" href=\"\/es\/producto\/posidonia\/\" target=\"_self\">\n                                    <img loading=\"lazy\" decoding=\"async\" width=\"402\" height=\"402\" src=\"https:\/\/grao.info\/wp-content\/uploads\/2024\/02\/posidonia_ramonesteve_vodom_grao_00.jpg\" class=\"attachment-full size-full\" alt=\"\" srcset=\"https:\/\/grao.info\/wp-content\/uploads\/2024\/02\/posidonia_ramonesteve_vodom_grao_00.jpg 402w, https:\/\/grao.info\/wp-content\/uploads\/2024\/02\/posidonia_ramonesteve_vodom_grao_00-300x300.jpg 300w, https:\/\/grao.info\/wp-content\/uploads\/2024\/02\/posidonia_ramonesteve_vodom_grao_00-150x150.jpg 150w, https:\/\/grao.info\/wp-content\/uploads\/2024\/02\/posidonia_ramonesteve_vodom_grao_00-100x100.jpg 100w\" sizes=\"(max-width: 402px) 100vw, 402px\" \/>                                <\/a>\n            <\/div>\n<\/div>[vc_column_text]<\/p>\n<p style=\"text-align: center;\">POSIDONIA<\/p>\n<p>[\/vc_column_text][\/vc_column_inner][vc_column_inner width=\u00bb1\/5&#8243;]<div class=\"edgtf-single-image-holder  edgtf-has-shadow edgtf-image-behavior-custom-link\">\n    <div class=\"edgtf-si-inner\" >\n        \t            <a itemprop=\"url\" href=\"\/es\/producto\/tablet\/\" target=\"_self\">\n                                    <img loading=\"lazy\" decoding=\"async\" width=\"500\" height=\"500\" src=\"https:\/\/grao.info\/wp-content\/uploads\/2024\/02\/tablet_ramonesteve_vodom_grao_00.jpg\" class=\"attachment-full size-full\" alt=\"\" srcset=\"https:\/\/grao.info\/wp-content\/uploads\/2024\/02\/tablet_ramonesteve_vodom_grao_00.jpg 500w, https:\/\/grao.info\/wp-content\/uploads\/2024\/02\/tablet_ramonesteve_vodom_grao_00-300x300.jpg 300w, https:\/\/grao.info\/wp-content\/uploads\/2024\/02\/tablet_ramonesteve_vodom_grao_00-150x150.jpg 150w, https:\/\/grao.info\/wp-content\/uploads\/2024\/02\/tablet_ramonesteve_vodom_grao_00-100x100.jpg 100w\" sizes=\"(max-width: 500px) 100vw, 500px\" \/>                                <\/a>\n            <\/div>\n<\/div>[vc_column_text]<\/p>\n<p style=\"text-align: center;\">TABLET<\/p>\n<p>[\/vc_column_text][\/vc_column_inner][vc_column_inner width=\u00bb1\/5&#8243;]<div class=\"edgtf-single-image-holder  edgtf-has-shadow edgtf-image-behavior-custom-link\">\n    <div class=\"edgtf-si-inner\" >\n        \t            <a itemprop=\"url\" href=\"\/es\/producto\/quartz\/\" target=\"_self\">\n                                    <img loading=\"lazy\" decoding=\"async\" width=\"1000\" height=\"1000\" src=\"https:\/\/grao.info\/wp-content\/uploads\/2024\/02\/quartz_pl_ramonesteve_vodom_grao_00.jpg\" class=\"attachment-full size-full\" alt=\"\" srcset=\"https:\/\/grao.info\/wp-content\/uploads\/2024\/02\/quartz_pl_ramonesteve_vodom_grao_00.jpg 1000w, https:\/\/grao.info\/wp-content\/uploads\/2024\/02\/quartz_pl_ramonesteve_vodom_grao_00-300x300.jpg 300w, https:\/\/grao.info\/wp-content\/uploads\/2024\/02\/quartz_pl_ramonesteve_vodom_grao_00-150x150.jpg 150w, https:\/\/grao.info\/wp-content\/uploads\/2024\/02\/quartz_pl_ramonesteve_vodom_grao_00-768x768.jpg 768w, https:\/\/grao.info\/wp-content\/uploads\/2024\/02\/quartz_pl_ramonesteve_vodom_grao_00-550x550.jpg 550w, https:\/\/grao.info\/wp-content\/uploads\/2024\/02\/quartz_pl_ramonesteve_vodom_grao_00-600x600.jpg 600w, https:\/\/grao.info\/wp-content\/uploads\/2024\/02\/quartz_pl_ramonesteve_vodom_grao_00-100x100.jpg 100w\" sizes=\"(max-width: 1000px) 100vw, 1000px\" \/>                                <\/a>\n            <\/div>\n<\/div>[vc_column_text]<\/p>\n<p style=\"text-align: center;\">QUARTZ<\/p>\n<p>[\/vc_column_text][\/vc_column_inner][\/vc_row_inner][\/vc_column][\/vc_row][vc_row][vc_column css=\u00bb.vc_custom_1615565597146{padding-top: 30px !important;}\u00bb][vc_row_inner][vc_column_inner width=\u00bb1\/5&#8243;]<div class=\"edgtf-single-image-holder  edgtf-has-shadow edgtf-image-behavior-custom-link\">\n    <div class=\"edgtf-si-inner\" >\n        \t            <a itemprop=\"url\" href=\"\/es\/producto\/vineyard\/\" target=\"_self\">\n                                    <img loading=\"lazy\" decoding=\"async\" width=\"500\" height=\"500\" src=\"https:\/\/grao.info\/wp-content\/uploads\/2024\/02\/vineyard_ramonesteve_vondom_grao_00-copia.jpg\" class=\"attachment-full size-full\" alt=\"\" srcset=\"https:\/\/grao.info\/wp-content\/uploads\/2024\/02\/vineyard_ramonesteve_vondom_grao_00-copia.jpg 500w, https:\/\/grao.info\/wp-content\/uploads\/2024\/02\/vineyard_ramonesteve_vondom_grao_00-copia-300x300.jpg 300w, https:\/\/grao.info\/wp-content\/uploads\/2024\/02\/vineyard_ramonesteve_vondom_grao_00-copia-150x150.jpg 150w, https:\/\/grao.info\/wp-content\/uploads\/2024\/02\/vineyard_ramonesteve_vondom_grao_00-copia-100x100.jpg 100w\" sizes=\"(max-width: 500px) 100vw, 500px\" \/>                                <\/a>\n            <\/div>\n<\/div>[vc_column_text]<\/p>\n<p style=\"text-align: center;\">VINEYARD<\/p>\n<p>[\/vc_column_text][\/vc_column_inner][vc_column_inner width=\u00bb1\/5&#8243;]<div class=\"edgtf-single-image-holder  edgtf-has-shadow edgtf-image-behavior-custom-link\">\n    <div class=\"edgtf-si-inner\" >\n        \t            <a itemprop=\"url\" href=\"\/es\/producto\/milo\/\" target=\"_self\">\n                                    <img loading=\"lazy\" decoding=\"async\" width=\"800\" height=\"800\" src=\"https:\/\/grao.info\/wp-content\/uploads\/2024\/02\/milo_jeanmariemassaud_vondom_grao_00_bis.png\" class=\"attachment-full size-full\" alt=\"\" srcset=\"https:\/\/grao.info\/wp-content\/uploads\/2024\/02\/milo_jeanmariemassaud_vondom_grao_00_bis.png 800w, https:\/\/grao.info\/wp-content\/uploads\/2024\/02\/milo_jeanmariemassaud_vondom_grao_00_bis-300x300.png 300w, https:\/\/grao.info\/wp-content\/uploads\/2024\/02\/milo_jeanmariemassaud_vondom_grao_00_bis-150x150.png 150w, https:\/\/grao.info\/wp-content\/uploads\/2024\/02\/milo_jeanmariemassaud_vondom_grao_00_bis-768x768.png 768w, https:\/\/grao.info\/wp-content\/uploads\/2024\/02\/milo_jeanmariemassaud_vondom_grao_00_bis-550x550.png 550w, https:\/\/grao.info\/wp-content\/uploads\/2024\/02\/milo_jeanmariemassaud_vondom_grao_00_bis-600x600.png 600w, https:\/\/grao.info\/wp-content\/uploads\/2024\/02\/milo_jeanmariemassaud_vondom_grao_00_bis-100x100.png 100w\" sizes=\"(max-width: 800px) 100vw, 800px\" \/>                                <\/a>\n            <\/div>\n<\/div>[vc_column_text]<\/p>\n<p style=\"text-align: center;\">MILO<\/p>\n<p>[\/vc_column_text][\/vc_column_inner][vc_column_inner width=\u00bb1\/5&#8243;]<div class=\"edgtf-single-image-holder  edgtf-has-shadow edgtf-image-behavior-custom-link\">\n    <div class=\"edgtf-si-inner\" >\n        \t            <a itemprop=\"url\" href=\"\/es\/producto\/frame-table\/\" target=\"_self\">\n                                    <img loading=\"lazy\" decoding=\"async\" width=\"500\" height=\"500\" src=\"https:\/\/grao.info\/wp-content\/uploads\/2024\/02\/frame_ramonesteve_vondom_grao_00.jpg\" class=\"attachment-full size-full\" alt=\"\" srcset=\"https:\/\/grao.info\/wp-content\/uploads\/2024\/02\/frame_ramonesteve_vondom_grao_00.jpg 500w, https:\/\/grao.info\/wp-content\/uploads\/2024\/02\/frame_ramonesteve_vondom_grao_00-300x300.jpg 300w, https:\/\/grao.info\/wp-content\/uploads\/2024\/02\/frame_ramonesteve_vondom_grao_00-150x150.jpg 150w, https:\/\/grao.info\/wp-content\/uploads\/2024\/02\/frame_ramonesteve_vondom_grao_00-100x100.jpg 100w\" sizes=\"(max-width: 500px) 100vw, 500px\" \/>                                <\/a>\n            <\/div>\n<\/div>[vc_column_text]<\/p>\n<p style=\"text-align: center;\">FRAME<\/p>\n<p>[\/vc_column_text][\/vc_column_inner][vc_column_inner width=\u00bb1\/5&#8243;]<div class=\"edgtf-single-image-holder  edgtf-has-shadow edgtf-image-behavior-custom-link\">\n    <div class=\"edgtf-si-inner\" >\n        \t            <a itemprop=\"url\" href=\"\/es\/producto\/spritz\/\" target=\"_self\">\n                                    <img loading=\"lazy\" decoding=\"async\" width=\"500\" height=\"500\" src=\"https:\/\/grao.info\/wp-content\/uploads\/2024\/02\/spritz_sunlounge_archivolto_vondom_grao_00.jpg\" class=\"attachment-full size-full\" alt=\"\" srcset=\"https:\/\/grao.info\/wp-content\/uploads\/2024\/02\/spritz_sunlounge_archivolto_vondom_grao_00.jpg 500w, https:\/\/grao.info\/wp-content\/uploads\/2024\/02\/spritz_sunlounge_archivolto_vondom_grao_00-300x300.jpg 300w, https:\/\/grao.info\/wp-content\/uploads\/2024\/02\/spritz_sunlounge_archivolto_vondom_grao_00-150x150.jpg 150w, https:\/\/grao.info\/wp-content\/uploads\/2024\/02\/spritz_sunlounge_archivolto_vondom_grao_00-100x100.jpg 100w\" sizes=\"(max-width: 500px) 100vw, 500px\" \/>                                <\/a>\n            <\/div>\n<\/div>[vc_column_text]<\/p>\n<p style=\"text-align: center;\">SPRITZ<\/p>\n<p>[\/vc_column_text][\/vc_column_inner][vc_column_inner width=\u00bb1\/5&#8243;]<div class=\"edgtf-single-image-holder  edgtf-has-shadow edgtf-image-behavior-custom-link\">\n    <div class=\"edgtf-si-inner\" >\n        \t            <a itemprop=\"url\" href=\"\/es\/producto\/africa\/\" target=\"_self\">\n                                    <img loading=\"lazy\" decoding=\"async\" width=\"1000\" height=\"1000\" src=\"https:\/\/grao.info\/wp-content\/uploads\/2024\/02\/africa_eugeniquillet_vodom_grao_00.jpg\" class=\"attachment-full size-full\" alt=\"\" srcset=\"https:\/\/grao.info\/wp-content\/uploads\/2024\/02\/africa_eugeniquillet_vodom_grao_00.jpg 1000w, https:\/\/grao.info\/wp-content\/uploads\/2024\/02\/africa_eugeniquillet_vodom_grao_00-300x300.jpg 300w, https:\/\/grao.info\/wp-content\/uploads\/2024\/02\/africa_eugeniquillet_vodom_grao_00-150x150.jpg 150w, https:\/\/grao.info\/wp-content\/uploads\/2024\/02\/africa_eugeniquillet_vodom_grao_00-768x768.jpg 768w, https:\/\/grao.info\/wp-content\/uploads\/2024\/02\/africa_eugeniquillet_vodom_grao_00-550x550.jpg 550w, https:\/\/grao.info\/wp-content\/uploads\/2024\/02\/africa_eugeniquillet_vodom_grao_00-600x600.jpg 600w, https:\/\/grao.info\/wp-content\/uploads\/2024\/02\/africa_eugeniquillet_vodom_grao_00-100x100.jpg 100w\" sizes=\"(max-width: 1000px) 100vw, 1000px\" \/>                                <\/a>\n            <\/div>\n<\/div>[vc_column_text]<\/p>\n<p style=\"text-align: center;\">AFRICA<\/p>\n<p>[\/vc_column_text][\/vc_column_inner][\/vc_row_inner][vc_empty_space height=\u00bb100px\u00bb][\/vc_column][\/vc_row]<\/p>\n","protected":false},"excerpt":{"rendered":"<p>[vc_row equal_height=\u00bbyes\u00bb content_placement=\u00bbbottom\u00bb][vc_column width=\u00bb2\/3&#8243;][\/vc_column][vc_column width=\u00bb1\/3&#8243;][vc_row_inner content_placement=\u00bbbottom\u00bb][vc_column_inner][vc_column_text] Vondom se dedica al dise\u00f1o y fabricaci\u00f3n de mobiliario y complementos exteriores. Adapt\u00e1ndose a m\u00faltiples estilos y necesidades, desde jardines y terrazas hasta espacios p\u00fablicos. La utilizaci\u00f3n de materiales de alta calidad junto a [&hellip;]<\/p>\n","protected":false},"author":2,"featured_media":0,"parent":4006,"menu_order":0,"comment_status":"closed","ping_status":"closed","template":"","meta":{"footnotes":""},"acf":[],"yoast_head":"<!-- This site is optimized with the Yoast SEO Premium plugin v23.0 (Yoast SEO v23.0) - https:\/\/yoast.com\/wordpress\/plugins\/seo\/ -->\n<title>Vondom - Grao<\/title>\n<meta name=\"robots\" content=\"index, follow, max-snippet:-1, max-image-preview:large, max-video-preview:-1\" \/>\n<link rel=\"canonical\" href=\"https:\/\/grao.info\/es\/marcas\/vondom\/\" \/>\n<meta property=\"og:locale\" content=\"es_ES\" \/>\n<meta property=\"og:type\" content=\"article\" \/>\n<meta property=\"og:title\" content=\"Vondom\" \/>\n<meta property=\"og:description\" content=\"[vc_row equal_height=\u00bbyes\u00bb content_placement=\u00bbbottom\u00bb][vc_column width=\u00bb2\/3&#8243;][\/vc_column][vc_column width=\u00bb1\/3&#8243;][vc_row_inner content_placement=\u00bbbottom\u00bb][vc_column_inner][vc_column_text] Vondom se dedica al dise\u00f1o y fabricaci\u00f3n de mobiliario y complementos exteriores. Adapt\u00e1ndose a m\u00faltiples estilos y necesidades, desde jardines y terrazas hasta espacios p\u00fablicos. La utilizaci\u00f3n de materiales de alta calidad junto a [&hellip;]\" \/>\n<meta property=\"og:url\" content=\"https:\/\/grao.info\/es\/marcas\/vondom\/\" \/>\n<meta property=\"og:site_name\" content=\"Grao\" \/>\n<meta property=\"article:modified_time\" content=\"2024-02-21T16:04:01+00:00\" \/>\n<meta name=\"twitter:card\" content=\"summary_large_image\" \/>\n<meta name=\"twitter:label1\" content=\"Tiempo de lectura\" \/>\n\t<meta name=\"twitter:data1\" content=\"1 minuto\" \/>\n<script type=\"application\/ld+json\" class=\"yoast-schema-graph\">{\"@context\":\"https:\/\/schema.org\",\"@graph\":[{\"@type\":\"WebPage\",\"@id\":\"https:\/\/grao.info\/es\/marcas\/vondom\/\",\"url\":\"https:\/\/grao.info\/es\/marcas\/vondom\/\",\"name\":\"Vondom - Grao\",\"isPartOf\":{\"@id\":\"https:\/\/grao.info\/es\/#website\"},\"datePublished\":\"2024-02-21T11:18:30+00:00\",\"dateModified\":\"2024-02-21T16:04:01+00:00\",\"breadcrumb\":{\"@id\":\"https:\/\/grao.info\/es\/marcas\/vondom\/#breadcrumb\"},\"inLanguage\":\"es\",\"potentialAction\":[{\"@type\":\"ReadAction\",\"target\":[\"https:\/\/grao.info\/es\/marcas\/vondom\/\"]}]},{\"@type\":\"BreadcrumbList\",\"@id\":\"https:\/\/grao.info\/es\/marcas\/vondom\/#breadcrumb\",\"itemListElement\":[{\"@type\":\"ListItem\",\"position\":1,\"name\":\"Portada\",\"item\":\"https:\/\/grao.info\/es\/\"},{\"@type\":\"ListItem\",\"position\":2,\"name\":\"Marcas\",\"item\":\"https:\/\/grao.info\/es\/marcas\/\"},{\"@type\":\"ListItem\",\"position\":3,\"name\":\"Vondom\"}]},{\"@type\":\"WebSite\",\"@id\":\"https:\/\/grao.info\/es\/#website\",\"url\":\"https:\/\/grao.info\/es\/\",\"name\":\"Grao\",\"description\":\"\",\"publisher\":{\"@id\":\"https:\/\/grao.info\/es\/#organization\"},\"potentialAction\":[{\"@type\":\"SearchAction\",\"target\":{\"@type\":\"EntryPoint\",\"urlTemplate\":\"https:\/\/grao.info\/es\/?s={search_term_string}\"},\"query-input\":\"required name=search_term_string\"}],\"inLanguage\":\"es\"},{\"@type\":\"Organization\",\"@id\":\"https:\/\/grao.info\/es\/#organization\",\"name\":\"Grao\",\"url\":\"https:\/\/grao.info\/es\/\",\"logo\":{\"@type\":\"ImageObject\",\"inLanguage\":\"es\",\"@id\":\"https:\/\/grao.info\/es\/#\/schema\/logo\/image\/\",\"url\":\"https:\/\/grao.info\/wp-content\/uploads\/2022\/04\/logo-mobil-1.png\",\"contentUrl\":\"https:\/\/grao.info\/wp-content\/uploads\/2022\/04\/logo-mobil-1.png\",\"width\":275,\"height\":85,\"caption\":\"Grao\"},\"image\":{\"@id\":\"https:\/\/grao.info\/es\/#\/schema\/logo\/image\/\"}}]}<\/script>\n<!-- \/ Yoast SEO Premium plugin. -->","yoast_head_json":{"title":"Vondom - Grao","robots":{"index":"index","follow":"follow","max-snippet":"max-snippet:-1","max-image-preview":"max-image-preview:large","max-video-preview":"max-video-preview:-1"},"canonical":"https:\/\/grao.info\/es\/marcas\/vondom\/","og_locale":"es_ES","og_type":"article","og_title":"Vondom","og_description":"[vc_row equal_height=\u00bbyes\u00bb content_placement=\u00bbbottom\u00bb][vc_column width=\u00bb2\/3&#8243;][\/vc_column][vc_column width=\u00bb1\/3&#8243;][vc_row_inner content_placement=\u00bbbottom\u00bb][vc_column_inner][vc_column_text] Vondom se dedica al dise\u00f1o y fabricaci\u00f3n de mobiliario y complementos exteriores. Adapt\u00e1ndose a m\u00faltiples estilos y necesidades, desde jardines y terrazas hasta espacios p\u00fablicos. La utilizaci\u00f3n de materiales de alta calidad junto a [&hellip;]","og_url":"https:\/\/grao.info\/es\/marcas\/vondom\/","og_site_name":"Grao","article_modified_time":"2024-02-21T16:04:01+00:00","twitter_card":"summary_large_image","twitter_misc":{"Tiempo de lectura":"1 minuto"},"schema":{"@context":"https:\/\/schema.org","@graph":[{"@type":"WebPage","@id":"https:\/\/grao.info\/es\/marcas\/vondom\/","url":"https:\/\/grao.info\/es\/marcas\/vondom\/","name":"Vondom - Grao","isPartOf":{"@id":"https:\/\/grao.info\/es\/#website"},"datePublished":"2024-02-21T11:18:30+00:00","dateModified":"2024-02-21T16:04:01+00:00","breadcrumb":{"@id":"https:\/\/grao.info\/es\/marcas\/vondom\/#breadcrumb"},"inLanguage":"es","potentialAction":[{"@type":"ReadAction","target":["https:\/\/grao.info\/es\/marcas\/vondom\/"]}]},{"@type":"BreadcrumbList","@id":"https:\/\/grao.info\/es\/marcas\/vondom\/#breadcrumb","itemListElement":[{"@type":"ListItem","position":1,"name":"Portada","item":"https:\/\/grao.info\/es\/"},{"@type":"ListItem","position":2,"name":"Marcas","item":"https:\/\/grao.info\/es\/marcas\/"},{"@type":"ListItem","position":3,"name":"Vondom"}]},{"@type":"WebSite","@id":"https:\/\/grao.info\/es\/#website","url":"https:\/\/grao.info\/es\/","name":"Grao","description":"","publisher":{"@id":"https:\/\/grao.info\/es\/#organization"},"potentialAction":[{"@type":"SearchAction","target":{"@type":"EntryPoint","urlTemplate":"https:\/\/grao.info\/es\/?s={search_term_string}"},"query-input":"required name=search_term_string"}],"inLanguage":"es"},{"@type":"Organization","@id":"https:\/\/grao.info\/es\/#organization","name":"Grao","url":"https:\/\/grao.info\/es\/","logo":{"@type":"ImageObject","inLanguage":"es","@id":"https:\/\/grao.info\/es\/#\/schema\/logo\/image\/","url":"https:\/\/grao.info\/wp-content\/uploads\/2022\/04\/logo-mobil-1.png","contentUrl":"https:\/\/grao.info\/wp-content\/uploads\/2022\/04\/logo-mobil-1.png","width":275,"height":85,"caption":"Grao"},"image":{"@id":"https:\/\/grao.info\/es\/#\/schema\/logo\/image\/"}}]}},"_links":{"self":[{"href":"https:\/\/grao.info\/es\/wp-json\/wp\/v2\/pages\/22565"}],"collection":[{"href":"https:\/\/grao.info\/es\/wp-json\/wp\/v2\/pages"}],"about":[{"href":"https:\/\/grao.info\/es\/wp-json\/wp\/v2\/types\/page"}],"author":[{"embeddable":true,"href":"https:\/\/grao.info\/es\/wp-json\/wp\/v2\/users\/2"}],"replies":[{"embeddable":true,"href":"https:\/\/grao.info\/es\/wp-json\/wp\/v2\/comments?post=22565"}],"version-history":[{"count":5,"href":"https:\/\/grao.info\/es\/wp-json\/wp\/v2\/pages\/22565\/revisions"}],"predecessor-version":[{"id":22619,"href":"https:\/\/grao.info\/es\/wp-json\/wp\/v2\/pages\/22565\/revisions\/22619"}],"up":[{"embeddable":true,"href":"https:\/\/grao.info\/es\/wp-json\/wp\/v2\/pages\/4006"}],"wp:attachment":[{"href":"https:\/\/grao.info\/es\/wp-json\/wp\/v2\/media?parent=22565"}],"curies":[{"name":"wp","href":"https:\/\/api.w.org\/{rel}","templated":true}]}}