{"id":25593,"date":"2024-07-09T09:47:26","date_gmt":"2024-07-09T09:47:26","guid":{"rendered":"https:\/\/grao.info\/?page_id=25593"},"modified":"2024-07-09T11:49:28","modified_gmt":"2024-07-09T11:49:28","slug":"fast","status":"publish","type":"page","link":"https:\/\/grao.info\/es\/marcas\/fast\/","title":{"rendered":"Fast"},"content":{"rendered":"<p>[vc_row equal_height=\u00bbyes\u00bb content_placement=\u00bbbottom\u00bb][vc_column width=\u00bb2\/3&#8243;]<div class=\"edgtf-image-gallery  edgtf-ig-grid-type edgtf-large-space edgtf-has-shadow edgtf-image-behavior-lightbox \">\n\t<div class=\"edgtf-ig-inner edgtf-outer-space edgtf-ig-grid edgtf-ig-three-columns\">\n\t\t\t\t\t<div class=\"edgtf-ig-image edgtf-item-space\">\n\t\t\t\t<div class=\"edgtf-ig-image-inner\">\n\t\t\t\t\t\t\t\t\t\t\t<a itemprop=\"image\" class=\"edgtf-ig-lightbox\" href=\"https:\/\/grao.info\/wp-content\/uploads\/2024\/07\/Forest-Fast-spa-poltrona-Arredamenti-Martinel-1712102731.jpg\" data-rel=\"prettyPhoto[image_gallery_pretty_photo-90]\" title=\"Forest-Fast-spa-poltrona-Arredamenti-Martinel-1712102731\">\n\t\t\t\t\t\t\t\t\t\t\t<img loading=\"lazy\" decoding=\"async\" src=\"https:\/\/grao.info\/wp-content\/uploads\/2024\/07\/Forest-Fast-spa-poltrona-Arredamenti-Martinel-1712102731-320x220.jpg\" alt=\"\" width=\"320\" height=\"220\" \/>\t\t\t\t\t\t\t\t\t\t\t<\/a>\n\t\t\t\t\t\t\t\t\t<\/div>\n\t\t\t<\/div>\n\t\t\t\t\t<div class=\"edgtf-ig-image edgtf-item-space\">\n\t\t\t\t<div class=\"edgtf-ig-image-inner\">\n\t\t\t\t\t\t\t\t\t\t\t<a itemprop=\"image\" class=\"edgtf-ig-lightbox\" href=\"https:\/\/grao.info\/wp-content\/uploads\/2024\/07\/Moai-Fast-Arredamenti-Martinel-1712102137-3-8688.jpg\" data-rel=\"prettyPhoto[image_gallery_pretty_photo-90]\" title=\"Moai-Fast-Arredamenti-Martinel-1712102137-3-8688\">\n\t\t\t\t\t\t\t\t\t\t\t<img loading=\"lazy\" decoding=\"async\" src=\"https:\/\/grao.info\/wp-content\/uploads\/2024\/07\/Moai-Fast-Arredamenti-Martinel-1712102137-3-8688-320x220.jpg\" alt=\"\" width=\"320\" height=\"220\" \/>\t\t\t\t\t\t\t\t\t\t\t<\/a>\n\t\t\t\t\t\t\t\t\t<\/div>\n\t\t\t<\/div>\n\t\t\t\t\t<div class=\"edgtf-ig-image edgtf-item-space\">\n\t\t\t\t<div class=\"edgtf-ig-image-inner\">\n\t\t\t\t\t\t\t\t\t\t\t<a itemprop=\"image\" class=\"edgtf-ig-lightbox\" href=\"https:\/\/grao.info\/wp-content\/uploads\/2024\/07\/pag-023.jpg\" data-rel=\"prettyPhoto[image_gallery_pretty_photo-90]\" title=\"pag-023\">\n\t\t\t\t\t\t\t\t\t\t\t<img loading=\"lazy\" decoding=\"async\" src=\"https:\/\/grao.info\/wp-content\/uploads\/2024\/07\/pag-023-320x220.jpg\" alt=\"\" width=\"320\" height=\"220\" \/>\t\t\t\t\t\t\t\t\t\t\t<\/a>\n\t\t\t\t\t\t\t\t\t<\/div>\n\t\t\t<\/div>\n\t\t\t\t\t<div class=\"edgtf-ig-image edgtf-item-space\">\n\t\t\t\t<div class=\"edgtf-ig-image-inner\">\n\t\t\t\t\t\t\t\t\t\t\t<a itemprop=\"image\" class=\"edgtf-ig-lightbox\" href=\"https:\/\/grao.info\/wp-content\/uploads\/2024\/07\/pag-054-055.jpg\" data-rel=\"prettyPhoto[image_gallery_pretty_photo-90]\" title=\"pag-054-055\">\n\t\t\t\t\t\t\t\t\t\t\t<img loading=\"lazy\" decoding=\"async\" src=\"https:\/\/grao.info\/wp-content\/uploads\/2024\/07\/pag-054-055-320x220.jpg\" alt=\"\" width=\"320\" height=\"220\" \/>\t\t\t\t\t\t\t\t\t\t\t<\/a>\n\t\t\t\t\t\t\t\t\t<\/div>\n\t\t\t<\/div>\n\t\t\t\t\t<div class=\"edgtf-ig-image edgtf-item-space\">\n\t\t\t\t<div class=\"edgtf-ig-image-inner\">\n\t\t\t\t\t\t\t\t\t\t\t<a itemprop=\"image\" class=\"edgtf-ig-lightbox\" href=\"https:\/\/grao.info\/wp-content\/uploads\/2024\/07\/pag-180-181.jpg\" data-rel=\"prettyPhoto[image_gallery_pretty_photo-90]\" title=\"pag-180-181\">\n\t\t\t\t\t\t\t\t\t\t\t<img loading=\"lazy\" decoding=\"async\" src=\"https:\/\/grao.info\/wp-content\/uploads\/2024\/07\/pag-180-181-320x220.jpg\" alt=\"\" width=\"320\" height=\"220\" \/>\t\t\t\t\t\t\t\t\t\t\t<\/a>\n\t\t\t\t\t\t\t\t\t<\/div>\n\t\t\t<\/div>\n\t\t\t\t\t<div class=\"edgtf-ig-image edgtf-item-space\">\n\t\t\t\t<div class=\"edgtf-ig-image-inner\">\n\t\t\t\t\t\t\t\t\t\t\t<a itemprop=\"image\" class=\"edgtf-ig-lightbox\" href=\"https:\/\/grao.info\/wp-content\/uploads\/2024\/07\/pag-182-183.jpg\" data-rel=\"prettyPhoto[image_gallery_pretty_photo-90]\" title=\"pag-182-183\">\n\t\t\t\t\t\t\t\t\t\t\t<img loading=\"lazy\" decoding=\"async\" src=\"https:\/\/grao.info\/wp-content\/uploads\/2024\/07\/pag-182-183-320x220.jpg\" alt=\"\" width=\"320\" height=\"220\" \/>\t\t\t\t\t\t\t\t\t\t\t<\/a>\n\t\t\t\t\t\t\t\t\t<\/div>\n\t\t\t<\/div>\n\t\t\t<\/div>\n<\/div>[\/vc_column][vc_column width=\u00bb1\/3&#8243;][vc_column_text]<b>Fast<\/b> es una marca italiana fundada en 1995, especializada en mobiliario de exterior de alta calidad y sostenibilidad. Utilizan principalmente aluminio, por su ligereza, versatilidad y capacidad de reciclaje. Sus productos incluyen sillas, mesas, tumbonas y sof\u00e1s, dise\u00f1ados para ser multifuncionales y resistentes a diversas condiciones clim\u00e1ticas.[\/vc_column_text][vc_row_inner][vc_column_inner][vc_column_text]<a href=\"https:\/\/www.fastspa.com\/en\">www.fastspa.com<\/a>[\/vc_column_text][\/vc_column_inner][\/vc_row_inner][\/vc_column][\/vc_row][vc_row][vc_column css=\u00bb.vc_custom_1615488032930{padding-top: 60px !important;}\u00bb][vc_row_inner][vc_column_inner]<div class=\"edgtf-separator-holder clearfix  edgtf-separator-center edgtf-separator-vertical\">\n\t<div class=\"edgtf-separator\" style=\"border-color: #333333;border-style: solid;height: 30px;border-left-width: 2px\"><\/div>\n<\/div>\n[vc_custom_heading text=\u00bbPRODUCTOS SELECCIONADOS\u00bb font_container=\u00bbtag:h3|font_size:32px|text_align:center|color:%233d3935|line_height:1.6&#8243; google_fonts=\u00bbfont_family:Roboto%3A100%2C100italic%2C300%2C300italic%2Cregular%2Citalic%2C500%2C500italic%2C700%2C700italic%2C900%2C900italic|font_style:700%20bold%20regular%3A700%3Anormal\u00bb]<div class=\"edgtf-separator-holder clearfix  edgtf-separator-center edgtf-separator-vertical\">\n\t<div class=\"edgtf-separator\" style=\"border-color: #333333;border-style: solid;height: 30px;border-left-width: 2px\"><\/div>\n<\/div>\n[\/vc_column_inner][\/vc_row_inner][\/vc_column][\/vc_row][vc_row][vc_column css=\u00bb.vc_custom_1615565554899{padding-top: 60px !important;}\u00bb][vc_row_inner][vc_column_inner width=\u00bb1\/5&#8243;]<div class=\"edgtf-single-image-holder  edgtf-has-shadow edgtf-image-behavior-custom-link\">\n    <div class=\"edgtf-si-inner\" >\n        \t            <a itemprop=\"url\" href=\"\/es\/producto\/aikana\/\" target=\"_self\">\n                                    <img loading=\"lazy\" decoding=\"async\" width=\"500\" height=\"500\" src=\"https:\/\/grao.info\/wp-content\/uploads\/2024\/07\/aikana-fast-grao-00.jpg\" class=\"attachment-full size-full\" alt=\"\" srcset=\"https:\/\/grao.info\/wp-content\/uploads\/2024\/07\/aikana-fast-grao-00.jpg 500w, https:\/\/grao.info\/wp-content\/uploads\/2024\/07\/aikana-fast-grao-00-300x300.jpg 300w, https:\/\/grao.info\/wp-content\/uploads\/2024\/07\/aikana-fast-grao-00-150x150.jpg 150w, https:\/\/grao.info\/wp-content\/uploads\/2024\/07\/aikana-fast-grao-00-100x100.jpg 100w\" sizes=\"(max-width: 500px) 100vw, 500px\" \/>                                <\/a>\n            <\/div>\n<\/div>[vc_column_text]<\/p>\n<p style=\"text-align: center;\">AIKANA<\/p>\n<p>[\/vc_column_text][\/vc_column_inner][vc_column_inner width=\u00bb1\/5&#8243;]<div class=\"edgtf-single-image-holder  edgtf-has-shadow edgtf-image-behavior-custom-link\">\n    <div class=\"edgtf-si-inner\" >\n        \t            <a itemprop=\"url\" href=\"\/es\/producto\/forest\/\" target=\"_self\">\n                                    <img loading=\"lazy\" decoding=\"async\" width=\"500\" height=\"500\" src=\"https:\/\/grao.info\/wp-content\/uploads\/2024\/07\/forest-fast-grao-00.jpg\" class=\"attachment-full size-full\" alt=\"\" srcset=\"https:\/\/grao.info\/wp-content\/uploads\/2024\/07\/forest-fast-grao-00.jpg 500w, https:\/\/grao.info\/wp-content\/uploads\/2024\/07\/forest-fast-grao-00-300x300.jpg 300w, https:\/\/grao.info\/wp-content\/uploads\/2024\/07\/forest-fast-grao-00-150x150.jpg 150w, https:\/\/grao.info\/wp-content\/uploads\/2024\/07\/forest-fast-grao-00-100x100.jpg 100w\" sizes=\"(max-width: 500px) 100vw, 500px\" \/>                                <\/a>\n            <\/div>\n<\/div>[vc_column_text]<\/p>\n<p style=\"text-align: center;\">FOREST<\/p>\n<p>[\/vc_column_text][\/vc_column_inner][vc_column_inner width=\u00bb1\/5&#8243;]<div class=\"edgtf-single-image-holder  edgtf-has-shadow edgtf-image-behavior-custom-link\">\n    <div class=\"edgtf-si-inner\" >\n        \t            <a itemprop=\"url\" href=\"\/es\/producto\/allsize\/\" target=\"_self\">\n                                    <img loading=\"lazy\" decoding=\"async\" width=\"404\" height=\"404\" src=\"https:\/\/grao.info\/wp-content\/uploads\/2024\/07\/allsize-fast-grao-00.jpg\" class=\"attachment-full size-full\" alt=\"\" srcset=\"https:\/\/grao.info\/wp-content\/uploads\/2024\/07\/allsize-fast-grao-00.jpg 404w, https:\/\/grao.info\/wp-content\/uploads\/2024\/07\/allsize-fast-grao-00-300x300.jpg 300w, https:\/\/grao.info\/wp-content\/uploads\/2024\/07\/allsize-fast-grao-00-150x150.jpg 150w, https:\/\/grao.info\/wp-content\/uploads\/2024\/07\/allsize-fast-grao-00-100x100.jpg 100w\" sizes=\"(max-width: 404px) 100vw, 404px\" \/>                                <\/a>\n            <\/div>\n<\/div>[vc_column_text]<\/p>\n<p style=\"text-align: center;\">ALLSIZE<\/p>\n<p>[\/vc_column_text][\/vc_column_inner][vc_column_inner width=\u00bb1\/5&#8243;]<div class=\"edgtf-single-image-holder  edgtf-has-shadow edgtf-image-behavior-custom-link\">\n    <div class=\"edgtf-si-inner\" >\n        \t            <a itemprop=\"url\" href=\"\/es\/producto\/new-joint\/\" target=\"_self\">\n                                    <img loading=\"lazy\" decoding=\"async\" width=\"500\" height=\"500\" src=\"https:\/\/grao.info\/wp-content\/uploads\/2024\/07\/newjoin-fast-grao-00.png\" class=\"attachment-full size-full\" alt=\"\" srcset=\"https:\/\/grao.info\/wp-content\/uploads\/2024\/07\/newjoin-fast-grao-00.png 500w, https:\/\/grao.info\/wp-content\/uploads\/2024\/07\/newjoin-fast-grao-00-300x300.png 300w, https:\/\/grao.info\/wp-content\/uploads\/2024\/07\/newjoin-fast-grao-00-150x150.png 150w, https:\/\/grao.info\/wp-content\/uploads\/2024\/07\/newjoin-fast-grao-00-100x100.png 100w\" sizes=\"(max-width: 500px) 100vw, 500px\" \/>                                <\/a>\n            <\/div>\n<\/div>[vc_column_text]<\/p>\n<p style=\"text-align: center;\">NEW JOINT<\/p>\n<p>[\/vc_column_text][\/vc_column_inner][vc_column_inner width=\u00bb1\/5&#8243;]<div class=\"edgtf-single-image-holder  edgtf-has-shadow edgtf-image-behavior-custom-link\">\n    <div class=\"edgtf-si-inner\" >\n        \t            <a itemprop=\"url\" href=\"\/es\/producto\/zebra\/\" target=\"_self\">\n                                    <img loading=\"lazy\" decoding=\"async\" width=\"500\" height=\"500\" src=\"https:\/\/grao.info\/wp-content\/uploads\/2024\/07\/zebra-fast-grao-00-4.jpg\" class=\"attachment-full size-full\" alt=\"\" srcset=\"https:\/\/grao.info\/wp-content\/uploads\/2024\/07\/zebra-fast-grao-00-4.jpg 500w, https:\/\/grao.info\/wp-content\/uploads\/2024\/07\/zebra-fast-grao-00-4-300x300.jpg 300w, https:\/\/grao.info\/wp-content\/uploads\/2024\/07\/zebra-fast-grao-00-4-150x150.jpg 150w, https:\/\/grao.info\/wp-content\/uploads\/2024\/07\/zebra-fast-grao-00-4-100x100.jpg 100w\" sizes=\"(max-width: 500px) 100vw, 500px\" \/>                                <\/a>\n            <\/div>\n<\/div>[vc_column_text]<\/p>\n<p style=\"text-align: center;\">ZEBRA<\/p>\n<p>[\/vc_column_text][\/vc_column_inner][\/vc_row_inner][\/vc_column][\/vc_row][vc_row][vc_column css=\u00bb.vc_custom_1615565597146{padding-top: 30px !important;}\u00bb][vc_row_inner][vc_column_inner width=\u00bb1\/5&#8243;]<div class=\"edgtf-single-image-holder  edgtf-has-shadow edgtf-image-behavior-custom-link\">\n    <div class=\"edgtf-si-inner\" >\n        \t            <a itemprop=\"url\" href=\"\/es\/producto\/solaris\/\" target=\"_self\">\n                                    <img loading=\"lazy\" decoding=\"async\" width=\"422\" height=\"422\" src=\"https:\/\/grao.info\/wp-content\/uploads\/2024\/07\/solaris-fast-grao-00.png\" class=\"attachment-full size-full\" alt=\"\" srcset=\"https:\/\/grao.info\/wp-content\/uploads\/2024\/07\/solaris-fast-grao-00.png 422w, https:\/\/grao.info\/wp-content\/uploads\/2024\/07\/solaris-fast-grao-00-300x300.png 300w, https:\/\/grao.info\/wp-content\/uploads\/2024\/07\/solaris-fast-grao-00-150x150.png 150w, https:\/\/grao.info\/wp-content\/uploads\/2024\/07\/solaris-fast-grao-00-100x100.png 100w\" sizes=\"(max-width: 422px) 100vw, 422px\" \/>                                <\/a>\n            <\/div>\n<\/div>[vc_column_text]<\/p>\n<p style=\"text-align: center;\">SOLARIS<\/p>\n<p>[\/vc_column_text][\/vc_column_inner][vc_column_inner width=\u00bb1\/5&#8243;]<div class=\"edgtf-single-image-holder  edgtf-has-shadow edgtf-image-behavior-custom-link\">\n    <div class=\"edgtf-si-inner\" >\n        \t            <a itemprop=\"url\" href=\"\/es\/producto\/radice-quadra\/\" target=\"_self\">\n                                    <img loading=\"lazy\" decoding=\"async\" width=\"381\" height=\"380\" src=\"https:\/\/grao.info\/wp-content\/uploads\/2024\/07\/radicequadra-fast-grao-00.png\" class=\"attachment-full size-full\" alt=\"\" srcset=\"https:\/\/grao.info\/wp-content\/uploads\/2024\/07\/radicequadra-fast-grao-00.png 381w, https:\/\/grao.info\/wp-content\/uploads\/2024\/07\/radicequadra-fast-grao-00-300x300.png 300w, https:\/\/grao.info\/wp-content\/uploads\/2024\/07\/radicequadra-fast-grao-00-150x150.png 150w, https:\/\/grao.info\/wp-content\/uploads\/2024\/07\/radicequadra-fast-grao-00-100x100.png 100w\" sizes=\"(max-width: 381px) 100vw, 381px\" \/>                                <\/a>\n            <\/div>\n<\/div>[vc_column_text]<\/p>\n<p style=\"text-align: center;\">RADICE QUADRA<\/p>\n<p>[\/vc_column_text][\/vc_column_inner][vc_column_inner width=\u00bb1\/5&#8243;]<div class=\"edgtf-single-image-holder  edgtf-has-shadow edgtf-image-behavior-custom-link\">\n    <div class=\"edgtf-si-inner\" >\n        \t            <a itemprop=\"url\" href=\"\/es\/producto\/ria-sofa\/\" target=\"_self\">\n                                    <img loading=\"lazy\" decoding=\"async\" width=\"378\" height=\"377\" src=\"https:\/\/grao.info\/wp-content\/uploads\/2024\/07\/ria-sofa-fast-grao-00.png\" class=\"attachment-full size-full\" alt=\"\" srcset=\"https:\/\/grao.info\/wp-content\/uploads\/2024\/07\/ria-sofa-fast-grao-00.png 378w, https:\/\/grao.info\/wp-content\/uploads\/2024\/07\/ria-sofa-fast-grao-00-300x300.png 300w, https:\/\/grao.info\/wp-content\/uploads\/2024\/07\/ria-sofa-fast-grao-00-150x150.png 150w, https:\/\/grao.info\/wp-content\/uploads\/2024\/07\/ria-sofa-fast-grao-00-100x100.png 100w\" sizes=\"(max-width: 378px) 100vw, 378px\" \/>                                <\/a>\n            <\/div>\n<\/div>[vc_column_text]<\/p>\n<p style=\"text-align: center;\">RIA<\/p>\n<p>[\/vc_column_text][\/vc_column_inner][vc_column_inner width=\u00bb1\/5&#8243;]<div class=\"edgtf-single-image-holder  edgtf-has-shadow edgtf-image-behavior-custom-link\">\n    <div class=\"edgtf-si-inner\" >\n        \t            <a itemprop=\"url\" href=\"\/es\/producto\/grande-arche\/\" target=\"_self\">\n                                    <img loading=\"lazy\" decoding=\"async\" width=\"524\" height=\"524\" src=\"https:\/\/grao.info\/wp-content\/uploads\/2024\/07\/grandearche-fast-grao-00.png\" class=\"attachment-full size-full\" alt=\"\" srcset=\"https:\/\/grao.info\/wp-content\/uploads\/2024\/07\/grandearche-fast-grao-00.png 524w, https:\/\/grao.info\/wp-content\/uploads\/2024\/07\/grandearche-fast-grao-00-300x300.png 300w, https:\/\/grao.info\/wp-content\/uploads\/2024\/07\/grandearche-fast-grao-00-150x150.png 150w, https:\/\/grao.info\/wp-content\/uploads\/2024\/07\/grandearche-fast-grao-00-100x100.png 100w\" sizes=\"(max-width: 524px) 100vw, 524px\" \/>                                <\/a>\n            <\/div>\n<\/div>[vc_column_text]<\/p>\n<p style=\"text-align: center;\">GRANDE ARCHE<\/p>\n<p>[\/vc_column_text][\/vc_column_inner][vc_column_inner width=\u00bb1\/5&#8243;]<div class=\"edgtf-single-image-holder  edgtf-has-shadow edgtf-image-behavior-custom-link\">\n    <div class=\"edgtf-si-inner\" >\n        \t            <a itemprop=\"url\" href=\"\/es\/producto\/ria-silla\/\" target=\"_self\">\n                                    <img loading=\"lazy\" decoding=\"async\" width=\"536\" height=\"535\" src=\"https:\/\/grao.info\/wp-content\/uploads\/2024\/07\/ria-silla-fast-grao-00-1.jpg\" class=\"attachment-full size-full\" alt=\"\" srcset=\"https:\/\/grao.info\/wp-content\/uploads\/2024\/07\/ria-silla-fast-grao-00-1.jpg 536w, https:\/\/grao.info\/wp-content\/uploads\/2024\/07\/ria-silla-fast-grao-00-1-300x300.jpg 300w, https:\/\/grao.info\/wp-content\/uploads\/2024\/07\/ria-silla-fast-grao-00-1-150x150.jpg 150w, https:\/\/grao.info\/wp-content\/uploads\/2024\/07\/ria-silla-fast-grao-00-1-100x100.jpg 100w\" sizes=\"(max-width: 536px) 100vw, 536px\" \/>                                <\/a>\n            <\/div>\n<\/div>[vc_column_text]<\/p>\n<p style=\"text-align: center;\">RIA<\/p>\n<p>[\/vc_column_text][\/vc_column_inner][\/vc_row_inner][vc_empty_space height=\u00bb100px\u00bb][\/vc_column][\/vc_row]<\/p>\n","protected":false},"excerpt":{"rendered":"<p>[vc_row equal_height=\u00bbyes\u00bb content_placement=\u00bbbottom\u00bb][vc_column width=\u00bb2\/3&#8243;][\/vc_column][vc_column width=\u00bb1\/3&#8243;][vc_column_text]Fast es una marca italiana fundada en 1995, especializada en mobiliario de exterior de alta calidad y sostenibilidad. Utilizan principalmente aluminio, por su ligereza, versatilidad y capacidad de reciclaje. Sus productos incluyen sillas, mesas, tumbonas y [&hellip;]<\/p>\n","protected":false},"author":2,"featured_media":0,"parent":4006,"menu_order":0,"comment_status":"closed","ping_status":"closed","template":"","meta":{"footnotes":""},"acf":[],"yoast_head":"<!-- This site is optimized with the Yoast SEO Premium plugin v23.0 (Yoast SEO v23.0) - https:\/\/yoast.com\/wordpress\/plugins\/seo\/ -->\n<title>Fast - Grao<\/title>\n<meta name=\"robots\" content=\"index, follow, max-snippet:-1, max-image-preview:large, max-video-preview:-1\" \/>\n<link rel=\"canonical\" href=\"https:\/\/grao.info\/es\/marcas\/fast\/\" \/>\n<meta property=\"og:locale\" content=\"es_ES\" \/>\n<meta property=\"og:type\" content=\"article\" \/>\n<meta property=\"og:title\" content=\"Fast\" \/>\n<meta property=\"og:description\" content=\"[vc_row equal_height=\u00bbyes\u00bb content_placement=\u00bbbottom\u00bb][vc_column width=\u00bb2\/3&#8243;][\/vc_column][vc_column width=\u00bb1\/3&#8243;][vc_column_text]Fast es una marca italiana fundada en 1995, especializada en mobiliario de exterior de alta calidad y sostenibilidad. Utilizan principalmente aluminio, por su ligereza, versatilidad y capacidad de reciclaje. Sus productos incluyen sillas, mesas, tumbonas y [&hellip;]\" \/>\n<meta property=\"og:url\" content=\"https:\/\/grao.info\/es\/marcas\/fast\/\" \/>\n<meta property=\"og:site_name\" content=\"Grao\" \/>\n<meta property=\"article:modified_time\" content=\"2024-07-09T11:49:28+00:00\" \/>\n<meta name=\"twitter:card\" content=\"summary_large_image\" \/>\n<meta name=\"twitter:label1\" content=\"Tiempo de lectura\" \/>\n\t<meta name=\"twitter:data1\" content=\"1 minuto\" \/>\n<script type=\"application\/ld+json\" class=\"yoast-schema-graph\">{\"@context\":\"https:\/\/schema.org\",\"@graph\":[{\"@type\":\"WebPage\",\"@id\":\"https:\/\/grao.info\/es\/marcas\/fast\/\",\"url\":\"https:\/\/grao.info\/es\/marcas\/fast\/\",\"name\":\"Fast - Grao\",\"isPartOf\":{\"@id\":\"https:\/\/grao.info\/es\/#website\"},\"datePublished\":\"2024-07-09T09:47:26+00:00\",\"dateModified\":\"2024-07-09T11:49:28+00:00\",\"breadcrumb\":{\"@id\":\"https:\/\/grao.info\/es\/marcas\/fast\/#breadcrumb\"},\"inLanguage\":\"es\",\"potentialAction\":[{\"@type\":\"ReadAction\",\"target\":[\"https:\/\/grao.info\/es\/marcas\/fast\/\"]}]},{\"@type\":\"BreadcrumbList\",\"@id\":\"https:\/\/grao.info\/es\/marcas\/fast\/#breadcrumb\",\"itemListElement\":[{\"@type\":\"ListItem\",\"position\":1,\"name\":\"Portada\",\"item\":\"https:\/\/grao.info\/es\/\"},{\"@type\":\"ListItem\",\"position\":2,\"name\":\"Marcas\",\"item\":\"https:\/\/grao.info\/es\/marcas\/\"},{\"@type\":\"ListItem\",\"position\":3,\"name\":\"Fast\"}]},{\"@type\":\"WebSite\",\"@id\":\"https:\/\/grao.info\/es\/#website\",\"url\":\"https:\/\/grao.info\/es\/\",\"name\":\"Grao\",\"description\":\"\",\"publisher\":{\"@id\":\"https:\/\/grao.info\/es\/#organization\"},\"potentialAction\":[{\"@type\":\"SearchAction\",\"target\":{\"@type\":\"EntryPoint\",\"urlTemplate\":\"https:\/\/grao.info\/es\/?s={search_term_string}\"},\"query-input\":\"required name=search_term_string\"}],\"inLanguage\":\"es\"},{\"@type\":\"Organization\",\"@id\":\"https:\/\/grao.info\/es\/#organization\",\"name\":\"Grao\",\"url\":\"https:\/\/grao.info\/es\/\",\"logo\":{\"@type\":\"ImageObject\",\"inLanguage\":\"es\",\"@id\":\"https:\/\/grao.info\/es\/#\/schema\/logo\/image\/\",\"url\":\"https:\/\/grao.info\/wp-content\/uploads\/2022\/04\/logo-mobil-1.png\",\"contentUrl\":\"https:\/\/grao.info\/wp-content\/uploads\/2022\/04\/logo-mobil-1.png\",\"width\":275,\"height\":85,\"caption\":\"Grao\"},\"image\":{\"@id\":\"https:\/\/grao.info\/es\/#\/schema\/logo\/image\/\"}}]}<\/script>\n<!-- \/ Yoast SEO Premium plugin. -->","yoast_head_json":{"title":"Fast - Grao","robots":{"index":"index","follow":"follow","max-snippet":"max-snippet:-1","max-image-preview":"max-image-preview:large","max-video-preview":"max-video-preview:-1"},"canonical":"https:\/\/grao.info\/es\/marcas\/fast\/","og_locale":"es_ES","og_type":"article","og_title":"Fast","og_description":"[vc_row equal_height=\u00bbyes\u00bb content_placement=\u00bbbottom\u00bb][vc_column width=\u00bb2\/3&#8243;][\/vc_column][vc_column width=\u00bb1\/3&#8243;][vc_column_text]Fast es una marca italiana fundada en 1995, especializada en mobiliario de exterior de alta calidad y sostenibilidad. Utilizan principalmente aluminio, por su ligereza, versatilidad y capacidad de reciclaje. Sus productos incluyen sillas, mesas, tumbonas y [&hellip;]","og_url":"https:\/\/grao.info\/es\/marcas\/fast\/","og_site_name":"Grao","article_modified_time":"2024-07-09T11:49:28+00:00","twitter_card":"summary_large_image","twitter_misc":{"Tiempo de lectura":"1 minuto"},"schema":{"@context":"https:\/\/schema.org","@graph":[{"@type":"WebPage","@id":"https:\/\/grao.info\/es\/marcas\/fast\/","url":"https:\/\/grao.info\/es\/marcas\/fast\/","name":"Fast - Grao","isPartOf":{"@id":"https:\/\/grao.info\/es\/#website"},"datePublished":"2024-07-09T09:47:26+00:00","dateModified":"2024-07-09T11:49:28+00:00","breadcrumb":{"@id":"https:\/\/grao.info\/es\/marcas\/fast\/#breadcrumb"},"inLanguage":"es","potentialAction":[{"@type":"ReadAction","target":["https:\/\/grao.info\/es\/marcas\/fast\/"]}]},{"@type":"BreadcrumbList","@id":"https:\/\/grao.info\/es\/marcas\/fast\/#breadcrumb","itemListElement":[{"@type":"ListItem","position":1,"name":"Portada","item":"https:\/\/grao.info\/es\/"},{"@type":"ListItem","position":2,"name":"Marcas","item":"https:\/\/grao.info\/es\/marcas\/"},{"@type":"ListItem","position":3,"name":"Fast"}]},{"@type":"WebSite","@id":"https:\/\/grao.info\/es\/#website","url":"https:\/\/grao.info\/es\/","name":"Grao","description":"","publisher":{"@id":"https:\/\/grao.info\/es\/#organization"},"potentialAction":[{"@type":"SearchAction","target":{"@type":"EntryPoint","urlTemplate":"https:\/\/grao.info\/es\/?s={search_term_string}"},"query-input":"required name=search_term_string"}],"inLanguage":"es"},{"@type":"Organization","@id":"https:\/\/grao.info\/es\/#organization","name":"Grao","url":"https:\/\/grao.info\/es\/","logo":{"@type":"ImageObject","inLanguage":"es","@id":"https:\/\/grao.info\/es\/#\/schema\/logo\/image\/","url":"https:\/\/grao.info\/wp-content\/uploads\/2022\/04\/logo-mobil-1.png","contentUrl":"https:\/\/grao.info\/wp-content\/uploads\/2022\/04\/logo-mobil-1.png","width":275,"height":85,"caption":"Grao"},"image":{"@id":"https:\/\/grao.info\/es\/#\/schema\/logo\/image\/"}}]}},"_links":{"self":[{"href":"https:\/\/grao.info\/es\/wp-json\/wp\/v2\/pages\/25593"}],"collection":[{"href":"https:\/\/grao.info\/es\/wp-json\/wp\/v2\/pages"}],"about":[{"href":"https:\/\/grao.info\/es\/wp-json\/wp\/v2\/types\/page"}],"author":[{"embeddable":true,"href":"https:\/\/grao.info\/es\/wp-json\/wp\/v2\/users\/2"}],"replies":[{"embeddable":true,"href":"https:\/\/grao.info\/es\/wp-json\/wp\/v2\/comments?post=25593"}],"version-history":[{"count":7,"href":"https:\/\/grao.info\/es\/wp-json\/wp\/v2\/pages\/25593\/revisions"}],"predecessor-version":[{"id":25757,"href":"https:\/\/grao.info\/es\/wp-json\/wp\/v2\/pages\/25593\/revisions\/25757"}],"up":[{"embeddable":true,"href":"https:\/\/grao.info\/es\/wp-json\/wp\/v2\/pages\/4006"}],"wp:attachment":[{"href":"https:\/\/grao.info\/es\/wp-json\/wp\/v2\/media?parent=25593"}],"curies":[{"name":"wp","href":"https:\/\/api.w.org\/{rel}","templated":true}]}}