{"id":26687,"date":"2025-02-10T17:05:50","date_gmt":"2025-02-10T17:05:50","guid":{"rendered":"https:\/\/grao.info\/?page_id=26687"},"modified":"2025-02-10T17:05:50","modified_gmt":"2025-02-10T17:05:50","slug":"normann-copenhagen","status":"publish","type":"page","link":"https:\/\/grao.info\/es\/marcas\/normann-copenhagen\/","title":{"rendered":"Normann Copenhagen"},"content":{"rendered":"<p>[vc_row equal_height=\u00bbyes\u00bb content_placement=\u00bbbottom\u00bb][vc_column width=\u00bb2\/3&#8243;]<div class=\"edgtf-image-gallery  edgtf-ig-grid-type edgtf-large-space edgtf-has-shadow edgtf-image-behavior-lightbox \">\n\t<div class=\"edgtf-ig-inner edgtf-outer-space edgtf-ig-grid edgtf-ig-three-columns\">\n\t\t\t\t\t<div class=\"edgtf-ig-image edgtf-item-space\">\n\t\t\t\t<div class=\"edgtf-ig-image-inner\">\n\t\t\t\t\t\t\t\t\t\t\t<a itemprop=\"image\" class=\"edgtf-ig-lightbox\" href=\"https:\/\/grao.info\/wp-content\/uploads\/2025\/02\/ambiente-normann-copenhagen-grao-01-scaled.jpg\" data-rel=\"prettyPhoto[image_gallery_pretty_photo-850]\" title=\"ambiente-normann-copenhagen-grao-01\">\n\t\t\t\t\t\t\t\t\t\t\t<img loading=\"lazy\" decoding=\"async\" src=\"https:\/\/grao.info\/wp-content\/uploads\/2025\/02\/ambiente-normann-copenhagen-grao-01-scaled-320x220.jpg\" alt=\"\" width=\"320\" height=\"220\" \/>\t\t\t\t\t\t\t\t\t\t\t<\/a>\n\t\t\t\t\t\t\t\t\t<\/div>\n\t\t\t<\/div>\n\t\t\t\t\t<div class=\"edgtf-ig-image edgtf-item-space\">\n\t\t\t\t<div class=\"edgtf-ig-image-inner\">\n\t\t\t\t\t\t\t\t\t\t\t<a itemprop=\"image\" class=\"edgtf-ig-lightbox\" href=\"https:\/\/grao.info\/wp-content\/uploads\/2025\/02\/ambiente-normann-copenhagen-grao-02.png\" data-rel=\"prettyPhoto[image_gallery_pretty_photo-850]\" title=\"ambiente-normann-copenhagen-grao-02\">\n\t\t\t\t\t\t\t\t\t\t\t<img loading=\"lazy\" decoding=\"async\" src=\"https:\/\/grao.info\/wp-content\/uploads\/2025\/02\/ambiente-normann-copenhagen-grao-02-320x220.png\" alt=\"\" width=\"320\" height=\"220\" \/>\t\t\t\t\t\t\t\t\t\t\t<\/a>\n\t\t\t\t\t\t\t\t\t<\/div>\n\t\t\t<\/div>\n\t\t\t\t\t<div class=\"edgtf-ig-image edgtf-item-space\">\n\t\t\t\t<div class=\"edgtf-ig-image-inner\">\n\t\t\t\t\t\t\t\t\t\t\t<a itemprop=\"image\" class=\"edgtf-ig-lightbox\" href=\"https:\/\/grao.info\/wp-content\/uploads\/2025\/02\/ambiente-normann-copenhagen-grao-03.jpg\" data-rel=\"prettyPhoto[image_gallery_pretty_photo-850]\" title=\"ambiente-normann-copenhagen-grao-03\">\n\t\t\t\t\t\t\t\t\t\t\t<img loading=\"lazy\" decoding=\"async\" src=\"https:\/\/grao.info\/wp-content\/uploads\/2025\/02\/ambiente-normann-copenhagen-grao-03-320x220.jpg\" alt=\"\" width=\"320\" height=\"220\" \/>\t\t\t\t\t\t\t\t\t\t\t<\/a>\n\t\t\t\t\t\t\t\t\t<\/div>\n\t\t\t<\/div>\n\t\t\t\t\t<div class=\"edgtf-ig-image edgtf-item-space\">\n\t\t\t\t<div class=\"edgtf-ig-image-inner\">\n\t\t\t\t\t\t\t\t\t\t\t<a itemprop=\"image\" class=\"edgtf-ig-lightbox\" href=\"https:\/\/grao.info\/wp-content\/uploads\/2025\/02\/ambiente-normann-copenhagen-grao-04.jpg\" data-rel=\"prettyPhoto[image_gallery_pretty_photo-850]\" title=\"ambiente-normann-copenhagen-grao-04\">\n\t\t\t\t\t\t\t\t\t\t\t<img loading=\"lazy\" decoding=\"async\" src=\"https:\/\/grao.info\/wp-content\/uploads\/2025\/02\/ambiente-normann-copenhagen-grao-04-320x220.jpg\" alt=\"\" width=\"320\" height=\"220\" \/>\t\t\t\t\t\t\t\t\t\t\t<\/a>\n\t\t\t\t\t\t\t\t\t<\/div>\n\t\t\t<\/div>\n\t\t\t\t\t<div class=\"edgtf-ig-image edgtf-item-space\">\n\t\t\t\t<div class=\"edgtf-ig-image-inner\">\n\t\t\t\t\t\t\t\t\t\t\t<a itemprop=\"image\" class=\"edgtf-ig-lightbox\" href=\"https:\/\/grao.info\/wp-content\/uploads\/2025\/02\/ambiente-normann-copenhagen-grao-06.jpg\" data-rel=\"prettyPhoto[image_gallery_pretty_photo-850]\" title=\"ambiente-normann-copenhagen-grao-06\">\n\t\t\t\t\t\t\t\t\t\t\t<img loading=\"lazy\" decoding=\"async\" src=\"https:\/\/grao.info\/wp-content\/uploads\/2025\/02\/ambiente-normann-copenhagen-grao-06-320x220.jpg\" alt=\"\" width=\"320\" height=\"220\" \/>\t\t\t\t\t\t\t\t\t\t\t<\/a>\n\t\t\t\t\t\t\t\t\t<\/div>\n\t\t\t<\/div>\n\t\t\t\t\t<div class=\"edgtf-ig-image edgtf-item-space\">\n\t\t\t\t<div class=\"edgtf-ig-image-inner\">\n\t\t\t\t\t\t\t\t\t\t\t<a itemprop=\"image\" class=\"edgtf-ig-lightbox\" href=\"https:\/\/grao.info\/wp-content\/uploads\/2025\/02\/ambiente-normann-copenhagen-grao-05.jpg\" data-rel=\"prettyPhoto[image_gallery_pretty_photo-850]\" title=\"ambiente-normann-copenhagen-grao-05\">\n\t\t\t\t\t\t\t\t\t\t\t<img loading=\"lazy\" decoding=\"async\" src=\"https:\/\/grao.info\/wp-content\/uploads\/2025\/02\/ambiente-normann-copenhagen-grao-05-320x220.jpg\" alt=\"\" width=\"320\" height=\"220\" \/>\t\t\t\t\t\t\t\t\t\t\t<\/a>\n\t\t\t\t\t\t\t\t\t<\/div>\n\t\t\t<\/div>\n\t\t\t<\/div>\n<\/div>[\/vc_column][vc_column width=\u00bb1\/3&#8243;][vc_column_text]<strong>Normann Copenhagen<\/strong> es una ic\u00f3nica marca de dise\u00f1o danesa fundada en 1999, reconocida por su enfoque innovador y su estilo contempor\u00e1neo. Inspirada en la tradici\u00f3n escandinava, la marca combina funcionalidad, minimalismo y un toque atrevido en cada uno de sus productos. Desde muebles hasta iluminaci\u00f3n y objetos decorativos, <strong>Normann Copenhagen<\/strong> se distingue por sus l\u00edneas limpias y materiales de alta calidad.[\/vc_column_text][vc_row_inner][vc_column_inner][vc_column_text]<a href=\"https:\/\/www.normann-copenhagen.com\/en\">www.normann-copenhagen.com<\/a>[\/vc_column_text][\/vc_column_inner][\/vc_row_inner][\/vc_column][\/vc_row][vc_row][vc_column css=\u00bb.vc_custom_1615488032930{padding-top: 60px !important;}\u00bb][vc_row_inner][vc_column_inner]<div class=\"edgtf-separator-holder clearfix  edgtf-separator-center edgtf-separator-vertical\">\n\t<div class=\"edgtf-separator\" style=\"border-color: #333333;border-style: solid;height: 30px;border-left-width: 2px\"><\/div>\n<\/div>\n[vc_custom_heading text=\u00bbPRODUCTOS SELECCIONADOS\u00bb font_container=\u00bbtag:h3|font_size:32px|text_align:center|color:%233d3935|line_height:1.6&#8243; google_fonts=\u00bbfont_family:Roboto%3A100%2C100italic%2C300%2C300italic%2Cregular%2Citalic%2C500%2C500italic%2C700%2C700italic%2C900%2C900italic|font_style:700%20bold%20regular%3A700%3Anormal\u00bb]<div class=\"edgtf-separator-holder clearfix  edgtf-separator-center edgtf-separator-vertical\">\n\t<div class=\"edgtf-separator\" style=\"border-color: #333333;border-style: solid;height: 30px;border-left-width: 2px\"><\/div>\n<\/div>\n[\/vc_column_inner][\/vc_row_inner][\/vc_column][\/vc_row][vc_row][vc_column css=\u00bb.vc_custom_1615565554899{padding-top: 60px !important;}\u00bb][vc_row_inner][vc_column_inner width=\u00bb1\/5&#8243;]<div class=\"edgtf-single-image-holder  edgtf-has-shadow edgtf-image-behavior-custom-link\">\n    <div class=\"edgtf-si-inner\" >\n        \t            <a itemprop=\"url\" href=\"\/es\/producto\/tub\/\" target=\"_self\">\n                                    <img loading=\"lazy\" decoding=\"async\" width=\"500\" height=\"500\" src=\"https:\/\/grao.info\/wp-content\/uploads\/2025\/02\/tub_normann-copenhagen-grao-00.jpg\" class=\"attachment-full size-full\" alt=\"\" srcset=\"https:\/\/grao.info\/wp-content\/uploads\/2025\/02\/tub_normann-copenhagen-grao-00.jpg 500w, https:\/\/grao.info\/wp-content\/uploads\/2025\/02\/tub_normann-copenhagen-grao-00-300x300.jpg 300w, https:\/\/grao.info\/wp-content\/uploads\/2025\/02\/tub_normann-copenhagen-grao-00-150x150.jpg 150w, https:\/\/grao.info\/wp-content\/uploads\/2025\/02\/tub_normann-copenhagen-grao-00-100x100.jpg 100w\" sizes=\"(max-width: 500px) 100vw, 500px\" \/>                                <\/a>\n            <\/div>\n<\/div>[vc_column_text]<\/p>\n<p style=\"text-align: center;\">TUB<\/p>\n<p>[\/vc_column_text][\/vc_column_inner][vc_column_inner width=\u00bb1\/5&#8243;]<div class=\"edgtf-single-image-holder  edgtf-has-shadow edgtf-image-behavior-custom-link\">\n    <div class=\"edgtf-si-inner\" >\n        \t            <a itemprop=\"url\" href=\"\/es\/producto\/panel\/\" target=\"_self\">\n                                    <img loading=\"lazy\" decoding=\"async\" width=\"500\" height=\"500\" src=\"https:\/\/grao.info\/wp-content\/uploads\/2025\/02\/panel-normann-copenhagen-grao-00.jpg\" class=\"attachment-full size-full\" alt=\"\" srcset=\"https:\/\/grao.info\/wp-content\/uploads\/2025\/02\/panel-normann-copenhagen-grao-00.jpg 500w, https:\/\/grao.info\/wp-content\/uploads\/2025\/02\/panel-normann-copenhagen-grao-00-300x300.jpg 300w, https:\/\/grao.info\/wp-content\/uploads\/2025\/02\/panel-normann-copenhagen-grao-00-150x150.jpg 150w, https:\/\/grao.info\/wp-content\/uploads\/2025\/02\/panel-normann-copenhagen-grao-00-100x100.jpg 100w\" sizes=\"(max-width: 500px) 100vw, 500px\" \/>                                <\/a>\n            <\/div>\n<\/div>[vc_column_text]<\/p>\n<p style=\"text-align: center;\">PANEL<\/p>\n<p>[\/vc_column_text][\/vc_column_inner][vc_column_inner width=\u00bb1\/5&#8243;]<div class=\"edgtf-single-image-holder  edgtf-has-shadow edgtf-image-behavior-custom-link\">\n    <div class=\"edgtf-si-inner\" >\n        \t            <a itemprop=\"url\" href=\"\/es\/producto\/rib\/\" target=\"_self\">\n                                    <img loading=\"lazy\" decoding=\"async\" width=\"500\" height=\"500\" src=\"https:\/\/grao.info\/wp-content\/uploads\/2025\/02\/rib-normann-copenhagen-grao-00.jpg\" class=\"attachment-full size-full\" alt=\"\" srcset=\"https:\/\/grao.info\/wp-content\/uploads\/2025\/02\/rib-normann-copenhagen-grao-00.jpg 500w, https:\/\/grao.info\/wp-content\/uploads\/2025\/02\/rib-normann-copenhagen-grao-00-300x300.jpg 300w, https:\/\/grao.info\/wp-content\/uploads\/2025\/02\/rib-normann-copenhagen-grao-00-150x150.jpg 150w, https:\/\/grao.info\/wp-content\/uploads\/2025\/02\/rib-normann-copenhagen-grao-00-100x100.jpg 100w\" sizes=\"(max-width: 500px) 100vw, 500px\" \/>                                <\/a>\n            <\/div>\n<\/div>[vc_column_text]<\/p>\n<p style=\"text-align: center;\">RIB<\/p>\n<p>[\/vc_column_text][\/vc_column_inner][vc_column_inner width=\u00bb1\/5&#8243;]<div class=\"edgtf-single-image-holder  edgtf-has-shadow edgtf-image-behavior-custom-link\">\n    <div class=\"edgtf-si-inner\" >\n        \t            <a itemprop=\"url\" href=\"\/es\/producto\/herit\/\" target=\"_self\">\n                                    <img loading=\"lazy\" decoding=\"async\" width=\"500\" height=\"500\" src=\"https:\/\/grao.info\/wp-content\/uploads\/2025\/02\/herit-normann-copenhagen-grao-00.jpg\" class=\"attachment-full size-full\" alt=\"\" srcset=\"https:\/\/grao.info\/wp-content\/uploads\/2025\/02\/herit-normann-copenhagen-grao-00.jpg 500w, https:\/\/grao.info\/wp-content\/uploads\/2025\/02\/herit-normann-copenhagen-grao-00-300x300.jpg 300w, https:\/\/grao.info\/wp-content\/uploads\/2025\/02\/herit-normann-copenhagen-grao-00-150x150.jpg 150w, https:\/\/grao.info\/wp-content\/uploads\/2025\/02\/herit-normann-copenhagen-grao-00-100x100.jpg 100w\" sizes=\"(max-width: 500px) 100vw, 500px\" \/>                                <\/a>\n            <\/div>\n<\/div>[vc_column_text]<\/p>\n<p style=\"text-align: center;\">HERIT<\/p>\n<p>[\/vc_column_text][\/vc_column_inner][vc_column_inner width=\u00bb1\/5&#8243;]<div class=\"edgtf-single-image-holder  edgtf-has-shadow edgtf-image-behavior-custom-link\">\n    <div class=\"edgtf-si-inner\" >\n        \t            <a itemprop=\"url\" href=\"\/es\/producto\/klip\/\" target=\"_self\">\n                                    <img loading=\"lazy\" decoding=\"async\" width=\"500\" height=\"500\" src=\"https:\/\/grao.info\/wp-content\/uploads\/2025\/02\/605797_Klip_Wall_Lamp_Black_01-copia.jpg\" class=\"attachment-full size-full\" alt=\"\" srcset=\"https:\/\/grao.info\/wp-content\/uploads\/2025\/02\/605797_Klip_Wall_Lamp_Black_01-copia.jpg 500w, https:\/\/grao.info\/wp-content\/uploads\/2025\/02\/605797_Klip_Wall_Lamp_Black_01-copia-300x300.jpg 300w, https:\/\/grao.info\/wp-content\/uploads\/2025\/02\/605797_Klip_Wall_Lamp_Black_01-copia-150x150.jpg 150w, https:\/\/grao.info\/wp-content\/uploads\/2025\/02\/605797_Klip_Wall_Lamp_Black_01-copia-100x100.jpg 100w\" sizes=\"(max-width: 500px) 100vw, 500px\" \/>                                <\/a>\n            <\/div>\n<\/div>[vc_column_text]<\/p>\n<p style=\"text-align: center;\">KLIP<\/p>\n<p>[\/vc_column_text][\/vc_column_inner][\/vc_row_inner][\/vc_column][\/vc_row][vc_row][vc_column css=\u00bb.vc_custom_1615565597146{padding-top: 30px !important;}\u00bb][vc_row_inner][vc_column_inner width=\u00bb1\/5&#8243;]<div class=\"edgtf-single-image-holder  edgtf-has-shadow edgtf-image-behavior-custom-link\">\n    <div class=\"edgtf-si-inner\" >\n        \t            <a itemprop=\"url\" href=\"\/es\/producto\/bit\/\" target=\"_self\">\n                                    <img loading=\"lazy\" decoding=\"async\" width=\"1000\" height=\"1000\" src=\"https:\/\/grao.info\/wp-content\/uploads\/2025\/02\/bit-normann-copenhague-grao-00.jpg\" class=\"attachment-full size-full\" alt=\"\" srcset=\"https:\/\/grao.info\/wp-content\/uploads\/2025\/02\/bit-normann-copenhague-grao-00.jpg 1000w, https:\/\/grao.info\/wp-content\/uploads\/2025\/02\/bit-normann-copenhague-grao-00-300x300.jpg 300w, https:\/\/grao.info\/wp-content\/uploads\/2025\/02\/bit-normann-copenhague-grao-00-150x150.jpg 150w, https:\/\/grao.info\/wp-content\/uploads\/2025\/02\/bit-normann-copenhague-grao-00-768x768.jpg 768w, https:\/\/grao.info\/wp-content\/uploads\/2025\/02\/bit-normann-copenhague-grao-00-550x550.jpg 550w, https:\/\/grao.info\/wp-content\/uploads\/2025\/02\/bit-normann-copenhague-grao-00-600x600.jpg 600w, https:\/\/grao.info\/wp-content\/uploads\/2025\/02\/bit-normann-copenhague-grao-00-100x100.jpg 100w\" sizes=\"(max-width: 1000px) 100vw, 1000px\" \/>                                <\/a>\n            <\/div>\n<\/div>[vc_column_text]<\/p>\n<p style=\"text-align: center;\">BIT<\/p>\n<p>[\/vc_column_text][\/vc_column_inner][vc_column_inner width=\u00bb1\/5&#8243;]<div class=\"edgtf-single-image-holder  edgtf-has-shadow edgtf-image-behavior-custom-link\">\n    <div class=\"edgtf-si-inner\" >\n        \t            <a itemprop=\"url\" href=\"\/es\/producto\/jet\/\" target=\"_self\">\n                                    <img loading=\"lazy\" decoding=\"async\" width=\"500\" height=\"500\" src=\"https:\/\/grao.info\/wp-content\/uploads\/2025\/02\/jet-normann-copenhagen-grao-00.jpg\" class=\"attachment-full size-full\" alt=\"\" srcset=\"https:\/\/grao.info\/wp-content\/uploads\/2025\/02\/jet-normann-copenhagen-grao-00.jpg 500w, https:\/\/grao.info\/wp-content\/uploads\/2025\/02\/jet-normann-copenhagen-grao-00-300x300.jpg 300w, https:\/\/grao.info\/wp-content\/uploads\/2025\/02\/jet-normann-copenhagen-grao-00-150x150.jpg 150w, https:\/\/grao.info\/wp-content\/uploads\/2025\/02\/jet-normann-copenhagen-grao-00-100x100.jpg 100w\" sizes=\"(max-width: 500px) 100vw, 500px\" \/>                                <\/a>\n            <\/div>\n<\/div>[vc_column_text]<\/p>\n<p style=\"text-align: center;\">JET<\/p>\n<p>[\/vc_column_text][\/vc_column_inner][vc_column_inner width=\u00bb1\/5&#8243;]<div class=\"edgtf-single-image-holder  edgtf-has-shadow edgtf-image-behavior-custom-link\">\n    <div class=\"edgtf-si-inner\" >\n        \t            <a itemprop=\"url\" href=\"\/es\/producto\/bell\" target=\"_self\">\n                                    <img loading=\"lazy\" decoding=\"async\" width=\"500\" height=\"500\" src=\"https:\/\/grao.info\/wp-content\/uploads\/2025\/02\/bell-normann-cppenhagen-grao-00.jpg\" class=\"attachment-full size-full\" alt=\"\" srcset=\"https:\/\/grao.info\/wp-content\/uploads\/2025\/02\/bell-normann-cppenhagen-grao-00.jpg 500w, https:\/\/grao.info\/wp-content\/uploads\/2025\/02\/bell-normann-cppenhagen-grao-00-300x300.jpg 300w, https:\/\/grao.info\/wp-content\/uploads\/2025\/02\/bell-normann-cppenhagen-grao-00-150x150.jpg 150w, https:\/\/grao.info\/wp-content\/uploads\/2025\/02\/bell-normann-cppenhagen-grao-00-100x100.jpg 100w\" sizes=\"(max-width: 500px) 100vw, 500px\" \/>                                <\/a>\n            <\/div>\n<\/div>[vc_column_text]<\/p>\n<p style=\"text-align: center;\">BELL<\/p>\n<p>[\/vc_column_text][\/vc_column_inner][vc_column_inner width=\u00bb1\/5&#8243;]<div class=\"edgtf-single-image-holder  edgtf-has-shadow edgtf-image-behavior-custom-link\">\n    <div class=\"edgtf-si-inner\" >\n        \t            <a itemprop=\"url\" href=\"\/es\/producto\/edge\/\" target=\"_self\">\n                                    <img loading=\"lazy\" decoding=\"async\" width=\"500\" height=\"500\" src=\"https:\/\/grao.info\/wp-content\/uploads\/2025\/02\/edga-normann-copenhagen-grao-00.jpg\" class=\"attachment-full size-full\" alt=\"\" srcset=\"https:\/\/grao.info\/wp-content\/uploads\/2025\/02\/edga-normann-copenhagen-grao-00.jpg 500w, https:\/\/grao.info\/wp-content\/uploads\/2025\/02\/edga-normann-copenhagen-grao-00-300x300.jpg 300w, https:\/\/grao.info\/wp-content\/uploads\/2025\/02\/edga-normann-copenhagen-grao-00-150x150.jpg 150w, https:\/\/grao.info\/wp-content\/uploads\/2025\/02\/edga-normann-copenhagen-grao-00-100x100.jpg 100w\" sizes=\"(max-width: 500px) 100vw, 500px\" \/>                                <\/a>\n            <\/div>\n<\/div>[vc_column_text]<\/p>\n<p style=\"text-align: center;\">EDGE<\/p>\n<p>[\/vc_column_text][\/vc_column_inner][vc_column_inner width=\u00bb1\/5&#8243;]<div class=\"edgtf-single-image-holder  edgtf-has-shadow edgtf-image-behavior-custom-link\">\n    <div class=\"edgtf-si-inner\" >\n        \t            <a itemprop=\"url\" href=\"\/es\/producto\/toj\/\" target=\"_self\">\n                                    <img loading=\"lazy\" decoding=\"async\" width=\"500\" height=\"500\" src=\"https:\/\/grao.info\/wp-content\/uploads\/2025\/02\/600015_Toj_ClothesRack_Small_Grey-copia.jpg\" class=\"attachment-full size-full\" alt=\"\" srcset=\"https:\/\/grao.info\/wp-content\/uploads\/2025\/02\/600015_Toj_ClothesRack_Small_Grey-copia.jpg 500w, https:\/\/grao.info\/wp-content\/uploads\/2025\/02\/600015_Toj_ClothesRack_Small_Grey-copia-300x300.jpg 300w, https:\/\/grao.info\/wp-content\/uploads\/2025\/02\/600015_Toj_ClothesRack_Small_Grey-copia-150x150.jpg 150w, https:\/\/grao.info\/wp-content\/uploads\/2025\/02\/600015_Toj_ClothesRack_Small_Grey-copia-100x100.jpg 100w\" sizes=\"(max-width: 500px) 100vw, 500px\" \/>                                <\/a>\n            <\/div>\n<\/div>[vc_column_text]<\/p>\n<p style=\"text-align: center;\">TOJ<\/p>\n<p>[\/vc_column_text][\/vc_column_inner][\/vc_row_inner][vc_empty_space height=\u00bb100px\u00bb][\/vc_column][\/vc_row]<\/p>\n","protected":false},"excerpt":{"rendered":"<p>[vc_row equal_height=\u00bbyes\u00bb content_placement=\u00bbbottom\u00bb][vc_column width=\u00bb2\/3&#8243;][\/vc_column][vc_column width=\u00bb1\/3&#8243;][vc_column_text]Normann Copenhagen es una ic\u00f3nica marca de dise\u00f1o danesa fundada en 1999, reconocida por su enfoque innovador y su estilo contempor\u00e1neo. Inspirada en la tradici\u00f3n escandinava, la marca combina funcionalidad, minimalismo y un toque atrevido en [&hellip;]<\/p>\n","protected":false},"author":2,"featured_media":0,"parent":4006,"menu_order":0,"comment_status":"closed","ping_status":"closed","template":"","meta":{"footnotes":""},"acf":[],"yoast_head":"<!-- This site is optimized with the Yoast SEO Premium plugin v23.0 (Yoast SEO v23.0) - https:\/\/yoast.com\/wordpress\/plugins\/seo\/ -->\n<title>Normann Copenhagen - Grao<\/title>\n<meta name=\"robots\" content=\"index, follow, max-snippet:-1, max-image-preview:large, max-video-preview:-1\" \/>\n<link rel=\"canonical\" href=\"https:\/\/grao.info\/es\/marcas\/normann-copenhagen\/\" \/>\n<meta property=\"og:locale\" content=\"es_ES\" \/>\n<meta property=\"og:type\" content=\"article\" \/>\n<meta property=\"og:title\" content=\"Normann Copenhagen\" \/>\n<meta property=\"og:description\" content=\"[vc_row equal_height=\u00bbyes\u00bb content_placement=\u00bbbottom\u00bb][vc_column width=\u00bb2\/3&#8243;][\/vc_column][vc_column width=\u00bb1\/3&#8243;][vc_column_text]Normann Copenhagen es una ic\u00f3nica marca de dise\u00f1o danesa fundada en 1999, reconocida por su enfoque innovador y su estilo contempor\u00e1neo. Inspirada en la tradici\u00f3n escandinava, la marca combina funcionalidad, minimalismo y un toque atrevido en [&hellip;]\" \/>\n<meta property=\"og:url\" content=\"https:\/\/grao.info\/es\/marcas\/normann-copenhagen\/\" \/>\n<meta property=\"og:site_name\" content=\"Grao\" \/>\n<meta name=\"twitter:card\" content=\"summary_large_image\" \/>\n<meta name=\"twitter:label1\" content=\"Tiempo de lectura\" \/>\n\t<meta name=\"twitter:data1\" content=\"1 minuto\" \/>\n<script type=\"application\/ld+json\" class=\"yoast-schema-graph\">{\"@context\":\"https:\/\/schema.org\",\"@graph\":[{\"@type\":\"WebPage\",\"@id\":\"https:\/\/grao.info\/es\/marcas\/normann-copenhagen\/\",\"url\":\"https:\/\/grao.info\/es\/marcas\/normann-copenhagen\/\",\"name\":\"Normann Copenhagen - Grao\",\"isPartOf\":{\"@id\":\"https:\/\/grao.info\/es\/#website\"},\"datePublished\":\"2025-02-10T17:05:50+00:00\",\"dateModified\":\"2025-02-10T17:05:50+00:00\",\"breadcrumb\":{\"@id\":\"https:\/\/grao.info\/es\/marcas\/normann-copenhagen\/#breadcrumb\"},\"inLanguage\":\"es\",\"potentialAction\":[{\"@type\":\"ReadAction\",\"target\":[\"https:\/\/grao.info\/es\/marcas\/normann-copenhagen\/\"]}]},{\"@type\":\"BreadcrumbList\",\"@id\":\"https:\/\/grao.info\/es\/marcas\/normann-copenhagen\/#breadcrumb\",\"itemListElement\":[{\"@type\":\"ListItem\",\"position\":1,\"name\":\"Portada\",\"item\":\"https:\/\/grao.info\/es\/\"},{\"@type\":\"ListItem\",\"position\":2,\"name\":\"Marcas\",\"item\":\"https:\/\/grao.info\/es\/marcas\/\"},{\"@type\":\"ListItem\",\"position\":3,\"name\":\"Normann Copenhagen\"}]},{\"@type\":\"WebSite\",\"@id\":\"https:\/\/grao.info\/es\/#website\",\"url\":\"https:\/\/grao.info\/es\/\",\"name\":\"Grao\",\"description\":\"\",\"publisher\":{\"@id\":\"https:\/\/grao.info\/es\/#organization\"},\"potentialAction\":[{\"@type\":\"SearchAction\",\"target\":{\"@type\":\"EntryPoint\",\"urlTemplate\":\"https:\/\/grao.info\/es\/?s={search_term_string}\"},\"query-input\":\"required name=search_term_string\"}],\"inLanguage\":\"es\"},{\"@type\":\"Organization\",\"@id\":\"https:\/\/grao.info\/es\/#organization\",\"name\":\"Grao\",\"url\":\"https:\/\/grao.info\/es\/\",\"logo\":{\"@type\":\"ImageObject\",\"inLanguage\":\"es\",\"@id\":\"https:\/\/grao.info\/es\/#\/schema\/logo\/image\/\",\"url\":\"https:\/\/grao.info\/wp-content\/uploads\/2022\/04\/logo-mobil-1.png\",\"contentUrl\":\"https:\/\/grao.info\/wp-content\/uploads\/2022\/04\/logo-mobil-1.png\",\"width\":275,\"height\":85,\"caption\":\"Grao\"},\"image\":{\"@id\":\"https:\/\/grao.info\/es\/#\/schema\/logo\/image\/\"}}]}<\/script>\n<!-- \/ Yoast SEO Premium plugin. -->","yoast_head_json":{"title":"Normann Copenhagen - Grao","robots":{"index":"index","follow":"follow","max-snippet":"max-snippet:-1","max-image-preview":"max-image-preview:large","max-video-preview":"max-video-preview:-1"},"canonical":"https:\/\/grao.info\/es\/marcas\/normann-copenhagen\/","og_locale":"es_ES","og_type":"article","og_title":"Normann Copenhagen","og_description":"[vc_row equal_height=\u00bbyes\u00bb content_placement=\u00bbbottom\u00bb][vc_column width=\u00bb2\/3&#8243;][\/vc_column][vc_column width=\u00bb1\/3&#8243;][vc_column_text]Normann Copenhagen es una ic\u00f3nica marca de dise\u00f1o danesa fundada en 1999, reconocida por su enfoque innovador y su estilo contempor\u00e1neo. Inspirada en la tradici\u00f3n escandinava, la marca combina funcionalidad, minimalismo y un toque atrevido en [&hellip;]","og_url":"https:\/\/grao.info\/es\/marcas\/normann-copenhagen\/","og_site_name":"Grao","twitter_card":"summary_large_image","twitter_misc":{"Tiempo de lectura":"1 minuto"},"schema":{"@context":"https:\/\/schema.org","@graph":[{"@type":"WebPage","@id":"https:\/\/grao.info\/es\/marcas\/normann-copenhagen\/","url":"https:\/\/grao.info\/es\/marcas\/normann-copenhagen\/","name":"Normann Copenhagen - Grao","isPartOf":{"@id":"https:\/\/grao.info\/es\/#website"},"datePublished":"2025-02-10T17:05:50+00:00","dateModified":"2025-02-10T17:05:50+00:00","breadcrumb":{"@id":"https:\/\/grao.info\/es\/marcas\/normann-copenhagen\/#breadcrumb"},"inLanguage":"es","potentialAction":[{"@type":"ReadAction","target":["https:\/\/grao.info\/es\/marcas\/normann-copenhagen\/"]}]},{"@type":"BreadcrumbList","@id":"https:\/\/grao.info\/es\/marcas\/normann-copenhagen\/#breadcrumb","itemListElement":[{"@type":"ListItem","position":1,"name":"Portada","item":"https:\/\/grao.info\/es\/"},{"@type":"ListItem","position":2,"name":"Marcas","item":"https:\/\/grao.info\/es\/marcas\/"},{"@type":"ListItem","position":3,"name":"Normann Copenhagen"}]},{"@type":"WebSite","@id":"https:\/\/grao.info\/es\/#website","url":"https:\/\/grao.info\/es\/","name":"Grao","description":"","publisher":{"@id":"https:\/\/grao.info\/es\/#organization"},"potentialAction":[{"@type":"SearchAction","target":{"@type":"EntryPoint","urlTemplate":"https:\/\/grao.info\/es\/?s={search_term_string}"},"query-input":"required name=search_term_string"}],"inLanguage":"es"},{"@type":"Organization","@id":"https:\/\/grao.info\/es\/#organization","name":"Grao","url":"https:\/\/grao.info\/es\/","logo":{"@type":"ImageObject","inLanguage":"es","@id":"https:\/\/grao.info\/es\/#\/schema\/logo\/image\/","url":"https:\/\/grao.info\/wp-content\/uploads\/2022\/04\/logo-mobil-1.png","contentUrl":"https:\/\/grao.info\/wp-content\/uploads\/2022\/04\/logo-mobil-1.png","width":275,"height":85,"caption":"Grao"},"image":{"@id":"https:\/\/grao.info\/es\/#\/schema\/logo\/image\/"}}]}},"_links":{"self":[{"href":"https:\/\/grao.info\/es\/wp-json\/wp\/v2\/pages\/26687"}],"collection":[{"href":"https:\/\/grao.info\/es\/wp-json\/wp\/v2\/pages"}],"about":[{"href":"https:\/\/grao.info\/es\/wp-json\/wp\/v2\/types\/page"}],"author":[{"embeddable":true,"href":"https:\/\/grao.info\/es\/wp-json\/wp\/v2\/users\/2"}],"replies":[{"embeddable":true,"href":"https:\/\/grao.info\/es\/wp-json\/wp\/v2\/comments?post=26687"}],"version-history":[{"count":14,"href":"https:\/\/grao.info\/es\/wp-json\/wp\/v2\/pages\/26687\/revisions"}],"predecessor-version":[{"id":26849,"href":"https:\/\/grao.info\/es\/wp-json\/wp\/v2\/pages\/26687\/revisions\/26849"}],"up":[{"embeddable":true,"href":"https:\/\/grao.info\/es\/wp-json\/wp\/v2\/pages\/4006"}],"wp:attachment":[{"href":"https:\/\/grao.info\/es\/wp-json\/wp\/v2\/media?parent=26687"}],"curies":[{"name":"wp","href":"https:\/\/api.w.org\/{rel}","templated":true}]}}