{"id":27702,"date":"2025-09-15T16:49:42","date_gmt":"2025-09-15T16:49:42","guid":{"rendered":"https:\/\/grao.info\/?page_id=27702"},"modified":"2025-09-22T11:39:22","modified_gmt":"2025-09-22T11:39:22","slug":"extendo","status":"publish","type":"page","link":"https:\/\/grao.info\/es\/marcas\/extendo\/","title":{"rendered":"Extendo"},"content":{"rendered":"<p>[vc_row equal_height=\u00bbyes\u00bb content_placement=\u00bbbottom\u00bb][vc_column width=\u00bb2\/3&#8243;]<div class=\"edgtf-image-gallery  edgtf-ig-grid-type edgtf-large-space edgtf-has-shadow edgtf-image-behavior-lightbox \">\n\t<div class=\"edgtf-ig-inner edgtf-outer-space edgtf-ig-grid edgtf-ig-three-columns\">\n\t\t\t\t\t<div class=\"edgtf-ig-image edgtf-item-space\">\n\t\t\t\t<div class=\"edgtf-ig-image-inner\">\n\t\t\t\t\t\t\t\t\t\t\t<a itemprop=\"image\" class=\"edgtf-ig-lightbox\" href=\"https:\/\/grao.info\/wp-content\/uploads\/2025\/09\/MN-11-01.jpg\" data-rel=\"prettyPhoto[image_gallery_pretty_photo-436]\" title=\"MN-11-01\">\n\t\t\t\t\t\t\t\t\t\t\t<img loading=\"lazy\" decoding=\"async\" src=\"https:\/\/grao.info\/wp-content\/uploads\/2025\/09\/MN-11-01-320x220.jpg\" alt=\"\" width=\"320\" height=\"220\" \/>\t\t\t\t\t\t\t\t\t\t\t<\/a>\n\t\t\t\t\t\t\t\t\t<\/div>\n\t\t\t<\/div>\n\t\t\t\t\t<div class=\"edgtf-ig-image edgtf-item-space\">\n\t\t\t\t<div class=\"edgtf-ig-image-inner\">\n\t\t\t\t\t\t\t\t\t\t\t<a itemprop=\"image\" class=\"edgtf-ig-lightbox\" href=\"https:\/\/grao.info\/wp-content\/uploads\/2025\/09\/T9-03-01_1300x1920_2-2.jpg\" data-rel=\"prettyPhoto[image_gallery_pretty_photo-436]\" title=\"T9-03-01_1300x1920_2-2\">\n\t\t\t\t\t\t\t\t\t\t\t<img loading=\"lazy\" decoding=\"async\" src=\"https:\/\/grao.info\/wp-content\/uploads\/2025\/09\/T9-03-01_1300x1920_2-2-320x220.jpg\" alt=\"\" width=\"320\" height=\"220\" \/>\t\t\t\t\t\t\t\t\t\t\t<\/a>\n\t\t\t\t\t\t\t\t\t<\/div>\n\t\t\t<\/div>\n\t\t\t\t\t<div class=\"edgtf-ig-image edgtf-item-space\">\n\t\t\t\t<div class=\"edgtf-ig-image-inner\">\n\t\t\t\t\t\t\t\t\t\t\t<a itemprop=\"image\" class=\"edgtf-ig-lightbox\" href=\"https:\/\/grao.info\/wp-content\/uploads\/2025\/09\/SY-56-01_1300x800.jpg\" data-rel=\"prettyPhoto[image_gallery_pretty_photo-436]\" title=\"SY-56-01_1300x800\">\n\t\t\t\t\t\t\t\t\t\t\t<img loading=\"lazy\" decoding=\"async\" src=\"https:\/\/grao.info\/wp-content\/uploads\/2025\/09\/SY-56-01_1300x800-320x220.jpg\" alt=\"\" width=\"320\" height=\"220\" \/>\t\t\t\t\t\t\t\t\t\t\t<\/a>\n\t\t\t\t\t\t\t\t\t<\/div>\n\t\t\t<\/div>\n\t\t\t\t\t<div class=\"edgtf-ig-image edgtf-item-space\">\n\t\t\t\t<div class=\"edgtf-ig-image-inner\">\n\t\t\t\t\t\t\t\t\t\t\t<a itemprop=\"image\" class=\"edgtf-ig-lightbox\" href=\"https:\/\/grao.info\/wp-content\/uploads\/2025\/09\/SY-52-02.jpg\" data-rel=\"prettyPhoto[image_gallery_pretty_photo-436]\" title=\"SY-52-02\">\n\t\t\t\t\t\t\t\t\t\t\t<img loading=\"lazy\" decoding=\"async\" src=\"https:\/\/grao.info\/wp-content\/uploads\/2025\/09\/SY-52-02-320x220.jpg\" alt=\"\" width=\"320\" height=\"220\" \/>\t\t\t\t\t\t\t\t\t\t\t<\/a>\n\t\t\t\t\t\t\t\t\t<\/div>\n\t\t\t<\/div>\n\t\t\t\t\t<div class=\"edgtf-ig-image edgtf-item-space\">\n\t\t\t\t<div class=\"edgtf-ig-image-inner\">\n\t\t\t\t\t\t\t\t\t\t\t<a itemprop=\"image\" class=\"edgtf-ig-lightbox\" href=\"https:\/\/grao.info\/wp-content\/uploads\/2025\/09\/SN-06-02.jpg\" data-rel=\"prettyPhoto[image_gallery_pretty_photo-436]\" title=\"SN-06-02\">\n\t\t\t\t\t\t\t\t\t\t\t<img loading=\"lazy\" decoding=\"async\" src=\"https:\/\/grao.info\/wp-content\/uploads\/2025\/09\/SN-06-02-320x220.jpg\" alt=\"\" width=\"320\" height=\"220\" \/>\t\t\t\t\t\t\t\t\t\t\t<\/a>\n\t\t\t\t\t\t\t\t\t<\/div>\n\t\t\t<\/div>\n\t\t\t\t\t<div class=\"edgtf-ig-image edgtf-item-space\">\n\t\t\t\t<div class=\"edgtf-ig-image-inner\">\n\t\t\t\t\t\t\t\t\t\t\t<a itemprop=\"image\" class=\"edgtf-ig-lightbox\" href=\"https:\/\/grao.info\/wp-content\/uploads\/2025\/09\/SL-01-02.jpg\" data-rel=\"prettyPhoto[image_gallery_pretty_photo-436]\" title=\"SL-01-02\">\n\t\t\t\t\t\t\t\t\t\t\t<img loading=\"lazy\" decoding=\"async\" src=\"https:\/\/grao.info\/wp-content\/uploads\/2025\/09\/SL-01-02-320x220.jpg\" alt=\"\" width=\"320\" height=\"220\" \/>\t\t\t\t\t\t\t\t\t\t\t<\/a>\n\t\t\t\t\t\t\t\t\t<\/div>\n\t\t\t<\/div>\n\t\t\t<\/div>\n<\/div>[\/vc_column][vc_column width=\u00bb1\/3&#8243;][vc_column_text]<\/p>\n<p data-start=\"54\" data-end=\"405\"><strong data-start=\"54\" data-end=\"65\">Extendo<\/strong> es una empresa italiana especializada en el dise\u00f1o y la producci\u00f3n de art\u00edculos de interiorismo. El papel destacado que hoy desempe\u00f1a <strong>Extendo<\/strong> en el sector del dise\u00f1o de interiores es fruto de la larga experiencia adquirida en este \u00e1mbito por los tres fundadores de la empresa: Massimo Bianchi, Dario Maniezzo y Francesco Gallo.<\/p>\n<p data-start=\"407\" data-end=\"506\"><strong>Extendo<\/strong> nace de su creatividad, de la pasi\u00f3n por el dise\u00f1o italiano y del conocimiento t\u00e9cnico.<\/p>\n<p>[\/vc_column_text][vc_row_inner][vc_column_inner][vc_column_text]<a href=\"https:\/\/extendoweb.com\/\">www.extendoweb.com<\/a>[\/vc_column_text][\/vc_column_inner][\/vc_row_inner][\/vc_column][\/vc_row][vc_row][vc_column css=\u00bb.vc_custom_1615488032930{padding-top: 60px !important;}\u00bb][vc_row_inner][vc_column_inner]<div class=\"edgtf-separator-holder clearfix  edgtf-separator-center edgtf-separator-vertical\">\n\t<div class=\"edgtf-separator\" style=\"border-color: #333333;border-style: solid;height: 30px;border-left-width: 2px\"><\/div>\n<\/div>\n[vc_custom_heading text=\u00bbPRODUCTOS SELECCIONADOS\u00bb font_container=\u00bbtag:h3|font_size:32px|text_align:center|color:%233d3935|line_height:1.6&#8243; google_fonts=\u00bbfont_family:Roboto%3A100%2C100italic%2C300%2C300italic%2Cregular%2Citalic%2C500%2C500italic%2C700%2C700italic%2C900%2C900italic|font_style:700%20bold%20regular%3A700%3Anormal\u00bb]<div class=\"edgtf-separator-holder clearfix  edgtf-separator-center edgtf-separator-vertical\">\n\t<div class=\"edgtf-separator\" style=\"border-color: #333333;border-style: solid;height: 30px;border-left-width: 2px\"><\/div>\n<\/div>\n[\/vc_column_inner][\/vc_row_inner][\/vc_column][\/vc_row][vc_row][vc_column css=\u00bb.vc_custom_1615565554899{padding-top: 60px !important;}\u00bb][vc_row_inner][vc_column_inner width=\u00bb1\/5&#8243;]<div class=\"edgtf-single-image-holder  edgtf-has-shadow edgtf-image-behavior-custom-link\">\n    <div class=\"edgtf-si-inner\" >\n        \t            <a itemprop=\"url\" href=\"\/es\/producto\/personal\/\" target=\"_self\">\n                                    <img loading=\"lazy\" decoding=\"async\" width=\"2560\" height=\"2560\" src=\"https:\/\/grao.info\/wp-content\/uploads\/2025\/09\/Personal-Extendo-grao-00-scaled.jpg\" class=\"attachment-full size-full\" alt=\"\" srcset=\"https:\/\/grao.info\/wp-content\/uploads\/2025\/09\/Personal-Extendo-grao-00-scaled.jpg 2560w, https:\/\/grao.info\/wp-content\/uploads\/2025\/09\/Personal-Extendo-grao-00-300x300.jpg 300w, https:\/\/grao.info\/wp-content\/uploads\/2025\/09\/Personal-Extendo-grao-00-1024x1024.jpg 1024w, https:\/\/grao.info\/wp-content\/uploads\/2025\/09\/Personal-Extendo-grao-00-150x150.jpg 150w, https:\/\/grao.info\/wp-content\/uploads\/2025\/09\/Personal-Extendo-grao-00-768x768.jpg 768w, https:\/\/grao.info\/wp-content\/uploads\/2025\/09\/Personal-Extendo-grao-00-1536x1536.jpg 1536w, https:\/\/grao.info\/wp-content\/uploads\/2025\/09\/Personal-Extendo-grao-00-550x550.jpg 550w, https:\/\/grao.info\/wp-content\/uploads\/2025\/09\/Personal-Extendo-grao-00-1100x1100.jpg 1100w, https:\/\/grao.info\/wp-content\/uploads\/2025\/09\/Personal-Extendo-grao-00-600x600.jpg 600w, https:\/\/grao.info\/wp-content\/uploads\/2025\/09\/Personal-Extendo-grao-00-100x100.jpg 100w\" sizes=\"(max-width: 2560px) 100vw, 2560px\" \/>                                <\/a>\n            <\/div>\n<\/div>[vc_column_text]<\/p>\n<p style=\"text-align: center;\">PERSONAL<\/p>\n<p>[\/vc_column_text][\/vc_column_inner][vc_column_inner width=\u00bb1\/5&#8243;]<div class=\"edgtf-single-image-holder  edgtf-has-shadow edgtf-image-behavior-custom-link\">\n    <div class=\"edgtf-si-inner\" >\n        \t            <a itemprop=\"url\" href=\"\/es\/producto\/xy\/\" target=\"_self\">\n                                    <img loading=\"lazy\" decoding=\"async\" width=\"816\" height=\"816\" src=\"https:\/\/grao.info\/wp-content\/uploads\/2025\/09\/Xy-Extendo-grao-00.jpg\" class=\"attachment-full size-full\" alt=\"\" srcset=\"https:\/\/grao.info\/wp-content\/uploads\/2025\/09\/Xy-Extendo-grao-00.jpg 816w, https:\/\/grao.info\/wp-content\/uploads\/2025\/09\/Xy-Extendo-grao-00-300x300.jpg 300w, https:\/\/grao.info\/wp-content\/uploads\/2025\/09\/Xy-Extendo-grao-00-150x150.jpg 150w, https:\/\/grao.info\/wp-content\/uploads\/2025\/09\/Xy-Extendo-grao-00-768x768.jpg 768w, https:\/\/grao.info\/wp-content\/uploads\/2025\/09\/Xy-Extendo-grao-00-550x550.jpg 550w, https:\/\/grao.info\/wp-content\/uploads\/2025\/09\/Xy-Extendo-grao-00-600x600.jpg 600w, https:\/\/grao.info\/wp-content\/uploads\/2025\/09\/Xy-Extendo-grao-00-100x100.jpg 100w\" sizes=\"(max-width: 816px) 100vw, 816px\" \/>                                <\/a>\n            <\/div>\n<\/div>[vc_column_text]<\/p>\n<p style=\"text-align: center;\">XY<\/p>\n<p>[\/vc_column_text][\/vc_column_inner][vc_column_inner width=\u00bb1\/5&#8243;]<div class=\"edgtf-single-image-holder  edgtf-has-shadow edgtf-image-behavior-custom-link\">\n    <div class=\"edgtf-si-inner\" >\n        \t            <a itemprop=\"url\" href=\"\/es\/producto\/apollo\/\" target=\"_self\">\n                                    <img loading=\"lazy\" decoding=\"async\" width=\"373\" height=\"373\" src=\"https:\/\/grao.info\/wp-content\/uploads\/2025\/09\/Apollo-Extendo-grao-00.png\" class=\"attachment-full size-full\" alt=\"\" srcset=\"https:\/\/grao.info\/wp-content\/uploads\/2025\/09\/Apollo-Extendo-grao-00.png 373w, https:\/\/grao.info\/wp-content\/uploads\/2025\/09\/Apollo-Extendo-grao-00-300x300.png 300w, https:\/\/grao.info\/wp-content\/uploads\/2025\/09\/Apollo-Extendo-grao-00-150x150.png 150w, https:\/\/grao.info\/wp-content\/uploads\/2025\/09\/Apollo-Extendo-grao-00-100x100.png 100w\" sizes=\"(max-width: 373px) 100vw, 373px\" \/>                                <\/a>\n            <\/div>\n<\/div>[vc_column_text]<\/p>\n<p style=\"text-align: center;\">APOLLO<\/p>\n<p>[\/vc_column_text][\/vc_column_inner][vc_column_inner width=\u00bb1\/5&#8243;]<div class=\"edgtf-single-image-holder  edgtf-has-shadow edgtf-image-behavior-custom-link\">\n    <div class=\"edgtf-si-inner\" >\n        \t            <a itemprop=\"url\" href=\"\/es\/producto\/system\/\" target=\"_self\">\n                                    <img loading=\"lazy\" decoding=\"async\" width=\"500\" height=\"500\" src=\"https:\/\/grao.info\/wp-content\/uploads\/2025\/09\/System-Extendo-grao-00.jpg\" class=\"attachment-full size-full\" alt=\"\" srcset=\"https:\/\/grao.info\/wp-content\/uploads\/2025\/09\/System-Extendo-grao-00.jpg 500w, https:\/\/grao.info\/wp-content\/uploads\/2025\/09\/System-Extendo-grao-00-300x300.jpg 300w, https:\/\/grao.info\/wp-content\/uploads\/2025\/09\/System-Extendo-grao-00-150x150.jpg 150w, https:\/\/grao.info\/wp-content\/uploads\/2025\/09\/System-Extendo-grao-00-100x100.jpg 100w\" sizes=\"(max-width: 500px) 100vw, 500px\" \/>                                <\/a>\n            <\/div>\n<\/div>[vc_column_text]<\/p>\n<p style=\"text-align: center;\">SYSTEM<\/p>\n<p>[\/vc_column_text][\/vc_column_inner][vc_column_inner width=\u00bb1\/5&#8243;]<div class=\"edgtf-single-image-holder  edgtf-has-shadow edgtf-image-behavior-custom-link\">\n    <div class=\"edgtf-si-inner\" >\n        \t            <a itemprop=\"url\" href=\"\/es\/producto\/hammer\/\" target=\"_self\">\n                                    <img loading=\"lazy\" decoding=\"async\" width=\"877\" height=\"877\" src=\"https:\/\/grao.info\/wp-content\/uploads\/2025\/09\/Hammer-Extendo-grao-00.jpg\" class=\"attachment-full size-full\" alt=\"\" srcset=\"https:\/\/grao.info\/wp-content\/uploads\/2025\/09\/Hammer-Extendo-grao-00.jpg 877w, https:\/\/grao.info\/wp-content\/uploads\/2025\/09\/Hammer-Extendo-grao-00-300x300.jpg 300w, https:\/\/grao.info\/wp-content\/uploads\/2025\/09\/Hammer-Extendo-grao-00-150x150.jpg 150w, https:\/\/grao.info\/wp-content\/uploads\/2025\/09\/Hammer-Extendo-grao-00-768x768.jpg 768w, https:\/\/grao.info\/wp-content\/uploads\/2025\/09\/Hammer-Extendo-grao-00-550x550.jpg 550w, https:\/\/grao.info\/wp-content\/uploads\/2025\/09\/Hammer-Extendo-grao-00-600x600.jpg 600w, https:\/\/grao.info\/wp-content\/uploads\/2025\/09\/Hammer-Extendo-grao-00-100x100.jpg 100w\" sizes=\"(max-width: 877px) 100vw, 877px\" \/>                                <\/a>\n            <\/div>\n<\/div>[vc_column_text]<\/p>\n<p style=\"text-align: center;\">HAMMER<\/p>\n<p>[\/vc_column_text][\/vc_column_inner][\/vc_row_inner][\/vc_column][\/vc_row][vc_row][vc_column css=\u00bb.vc_custom_1615565597146{padding-top: 30px !important;}\u00bb][vc_row_inner][vc_column_inner width=\u00bb1\/5&#8243;]<div class=\"edgtf-single-image-holder  edgtf-has-shadow edgtf-image-behavior-custom-link\">\n    <div class=\"edgtf-si-inner\" >\n        \t            <a itemprop=\"url\" href=\"\/es\/producto\/st35\/\" target=\"_self\">\n                                    <img loading=\"lazy\" decoding=\"async\" width=\"1000\" height=\"1000\" src=\"https:\/\/grao.info\/wp-content\/uploads\/2025\/09\/St35-Extendo-grao-00.jpg\" class=\"attachment-full size-full\" alt=\"\" srcset=\"https:\/\/grao.info\/wp-content\/uploads\/2025\/09\/St35-Extendo-grao-00.jpg 1000w, https:\/\/grao.info\/wp-content\/uploads\/2025\/09\/St35-Extendo-grao-00-300x300.jpg 300w, https:\/\/grao.info\/wp-content\/uploads\/2025\/09\/St35-Extendo-grao-00-150x150.jpg 150w, https:\/\/grao.info\/wp-content\/uploads\/2025\/09\/St35-Extendo-grao-00-768x768.jpg 768w, https:\/\/grao.info\/wp-content\/uploads\/2025\/09\/St35-Extendo-grao-00-550x550.jpg 550w, https:\/\/grao.info\/wp-content\/uploads\/2025\/09\/St35-Extendo-grao-00-600x600.jpg 600w, https:\/\/grao.info\/wp-content\/uploads\/2025\/09\/St35-Extendo-grao-00-100x100.jpg 100w\" sizes=\"(max-width: 1000px) 100vw, 1000px\" \/>                                <\/a>\n            <\/div>\n<\/div>[vc_column_text]<\/p>\n<p style=\"text-align: center;\">ST35<\/p>\n<p>[\/vc_column_text][\/vc_column_inner][vc_column_inner width=\u00bb1\/5&#8243;]<div class=\"edgtf-single-image-holder  edgtf-has-shadow edgtf-image-behavior-custom-link\">\n    <div class=\"edgtf-si-inner\" >\n        \t            <a itemprop=\"url\" href=\"\/es\/producto\/ech6\" target=\"_self\">\n                                    <img loading=\"lazy\" decoding=\"async\" width=\"836\" height=\"836\" src=\"https:\/\/grao.info\/wp-content\/uploads\/2025\/09\/Ech6-Extendo-grao-00.jpg\" class=\"attachment-full size-full\" alt=\"\" srcset=\"https:\/\/grao.info\/wp-content\/uploads\/2025\/09\/Ech6-Extendo-grao-00.jpg 836w, https:\/\/grao.info\/wp-content\/uploads\/2025\/09\/Ech6-Extendo-grao-00-300x300.jpg 300w, https:\/\/grao.info\/wp-content\/uploads\/2025\/09\/Ech6-Extendo-grao-00-150x150.jpg 150w, https:\/\/grao.info\/wp-content\/uploads\/2025\/09\/Ech6-Extendo-grao-00-768x768.jpg 768w, https:\/\/grao.info\/wp-content\/uploads\/2025\/09\/Ech6-Extendo-grao-00-550x550.jpg 550w, https:\/\/grao.info\/wp-content\/uploads\/2025\/09\/Ech6-Extendo-grao-00-600x600.jpg 600w, https:\/\/grao.info\/wp-content\/uploads\/2025\/09\/Ech6-Extendo-grao-00-100x100.jpg 100w\" sizes=\"(max-width: 836px) 100vw, 836px\" \/>                                <\/a>\n            <\/div>\n<\/div>[vc_column_text]<\/p>\n<p style=\"text-align: center;\">ECH6<\/p>\n<p>[\/vc_column_text][\/vc_column_inner][vc_column_inner width=\u00bb1\/5&#8243;]<div class=\"edgtf-single-image-holder  edgtf-has-shadow edgtf-image-behavior-custom-link\">\n    <div class=\"edgtf-si-inner\" >\n        \t            <a itemprop=\"url\" href=\"\/es\/producto\/extendo-table-sintesi\/\" target=\"_self\">\n                                    <img loading=\"lazy\" decoding=\"async\" width=\"1000\" height=\"1000\" src=\"https:\/\/grao.info\/wp-content\/uploads\/2025\/09\/Sintesi-Extendo-grao-00.jpg\" class=\"attachment-full size-full\" alt=\"\" srcset=\"https:\/\/grao.info\/wp-content\/uploads\/2025\/09\/Sintesi-Extendo-grao-00.jpg 1000w, https:\/\/grao.info\/wp-content\/uploads\/2025\/09\/Sintesi-Extendo-grao-00-300x300.jpg 300w, https:\/\/grao.info\/wp-content\/uploads\/2025\/09\/Sintesi-Extendo-grao-00-150x150.jpg 150w, https:\/\/grao.info\/wp-content\/uploads\/2025\/09\/Sintesi-Extendo-grao-00-768x768.jpg 768w, https:\/\/grao.info\/wp-content\/uploads\/2025\/09\/Sintesi-Extendo-grao-00-550x550.jpg 550w, https:\/\/grao.info\/wp-content\/uploads\/2025\/09\/Sintesi-Extendo-grao-00-600x600.jpg 600w, https:\/\/grao.info\/wp-content\/uploads\/2025\/09\/Sintesi-Extendo-grao-00-100x100.jpg 100w\" sizes=\"(max-width: 1000px) 100vw, 1000px\" \/>                                <\/a>\n            <\/div>\n<\/div>[vc_column_text]<\/p>\n<p style=\"text-align: center;\">SINTESI<\/p>\n<p>[\/vc_column_text][\/vc_column_inner][vc_column_inner width=\u00bb1\/5&#8243;]<div class=\"edgtf-single-image-holder  edgtf-has-shadow edgtf-image-behavior-custom-link\">\n    <div class=\"edgtf-si-inner\" >\n        \t            <a itemprop=\"url\" href=\"\/es\/producto\/pole360\/\" target=\"_self\">\n                                    <img loading=\"lazy\" decoding=\"async\" width=\"1000\" height=\"1000\" src=\"https:\/\/grao.info\/wp-content\/uploads\/2025\/09\/Pole360-Extendo-grao-00.jpg\" class=\"attachment-full size-full\" alt=\"\" srcset=\"https:\/\/grao.info\/wp-content\/uploads\/2025\/09\/Pole360-Extendo-grao-00.jpg 1000w, https:\/\/grao.info\/wp-content\/uploads\/2025\/09\/Pole360-Extendo-grao-00-300x300.jpg 300w, https:\/\/grao.info\/wp-content\/uploads\/2025\/09\/Pole360-Extendo-grao-00-150x150.jpg 150w, https:\/\/grao.info\/wp-content\/uploads\/2025\/09\/Pole360-Extendo-grao-00-768x768.jpg 768w, https:\/\/grao.info\/wp-content\/uploads\/2025\/09\/Pole360-Extendo-grao-00-550x550.jpg 550w, https:\/\/grao.info\/wp-content\/uploads\/2025\/09\/Pole360-Extendo-grao-00-600x600.jpg 600w, https:\/\/grao.info\/wp-content\/uploads\/2025\/09\/Pole360-Extendo-grao-00-100x100.jpg 100w\" sizes=\"(max-width: 1000px) 100vw, 1000px\" \/>                                <\/a>\n            <\/div>\n<\/div>[vc_column_text]<\/p>\n<p style=\"text-align: center;\">POLE360<\/p>\n<p>[\/vc_column_text][\/vc_column_inner][vc_column_inner width=\u00bb1\/5&#8243;]<div class=\"edgtf-single-image-holder  edgtf-has-shadow edgtf-image-behavior-custom-link\">\n    <div class=\"edgtf-si-inner\" >\n        \t            <a itemprop=\"url\" href=\"\/es\/producto\/livingsystem-atelier\/\" target=\"_self\">\n                                    <img loading=\"lazy\" decoding=\"async\" width=\"1000\" height=\"1000\" src=\"https:\/\/grao.info\/wp-content\/uploads\/2025\/09\/Atelier-Extendo-grao-00.jpg\" class=\"attachment-full size-full\" alt=\"\" srcset=\"https:\/\/grao.info\/wp-content\/uploads\/2025\/09\/Atelier-Extendo-grao-00.jpg 1000w, https:\/\/grao.info\/wp-content\/uploads\/2025\/09\/Atelier-Extendo-grao-00-300x300.jpg 300w, https:\/\/grao.info\/wp-content\/uploads\/2025\/09\/Atelier-Extendo-grao-00-150x150.jpg 150w, https:\/\/grao.info\/wp-content\/uploads\/2025\/09\/Atelier-Extendo-grao-00-768x768.jpg 768w, https:\/\/grao.info\/wp-content\/uploads\/2025\/09\/Atelier-Extendo-grao-00-550x550.jpg 550w, https:\/\/grao.info\/wp-content\/uploads\/2025\/09\/Atelier-Extendo-grao-00-600x600.jpg 600w, https:\/\/grao.info\/wp-content\/uploads\/2025\/09\/Atelier-Extendo-grao-00-100x100.jpg 100w\" sizes=\"(max-width: 1000px) 100vw, 1000px\" \/>                                <\/a>\n            <\/div>\n<\/div>[vc_column_text]<\/p>\n<p style=\"text-align: center;\">ATELIER<\/p>\n<p>[\/vc_column_text][\/vc_column_inner][\/vc_row_inner][vc_empty_space height=\u00bb100px\u00bb][\/vc_column][\/vc_row]<\/p>\n","protected":false},"excerpt":{"rendered":"<p>[vc_row equal_height=\u00bbyes\u00bb content_placement=\u00bbbottom\u00bb][vc_column width=\u00bb2\/3&#8243;][\/vc_column][vc_column width=\u00bb1\/3&#8243;][vc_column_text] Extendo es una empresa italiana especializada en el dise\u00f1o y la producci\u00f3n de art\u00edculos de interiorismo. El papel destacado que hoy desempe\u00f1a Extendo en el sector del dise\u00f1o de interiores es fruto de la larga [&hellip;]<\/p>\n","protected":false},"author":2,"featured_media":0,"parent":4006,"menu_order":0,"comment_status":"closed","ping_status":"closed","template":"","meta":{"footnotes":""},"acf":[],"yoast_head":"<!-- This site is optimized with the Yoast SEO Premium plugin v23.0 (Yoast SEO v23.0) - https:\/\/yoast.com\/wordpress\/plugins\/seo\/ -->\n<title>Extendo - Grao<\/title>\n<meta name=\"robots\" content=\"index, follow, max-snippet:-1, max-image-preview:large, max-video-preview:-1\" \/>\n<link rel=\"canonical\" href=\"https:\/\/grao.info\/es\/marcas\/extendo\/\" \/>\n<meta property=\"og:locale\" content=\"es_ES\" \/>\n<meta property=\"og:type\" content=\"article\" \/>\n<meta property=\"og:title\" content=\"Extendo\" \/>\n<meta property=\"og:description\" content=\"[vc_row equal_height=\u00bbyes\u00bb content_placement=\u00bbbottom\u00bb][vc_column width=\u00bb2\/3&#8243;][\/vc_column][vc_column width=\u00bb1\/3&#8243;][vc_column_text] Extendo es una empresa italiana especializada en el dise\u00f1o y la producci\u00f3n de art\u00edculos de interiorismo. El papel destacado que hoy desempe\u00f1a Extendo en el sector del dise\u00f1o de interiores es fruto de la larga [&hellip;]\" \/>\n<meta property=\"og:url\" content=\"https:\/\/grao.info\/es\/marcas\/extendo\/\" \/>\n<meta property=\"og:site_name\" content=\"Grao\" \/>\n<meta property=\"article:modified_time\" content=\"2025-09-22T11:39:22+00:00\" \/>\n<meta name=\"twitter:card\" content=\"summary_large_image\" \/>\n<meta name=\"twitter:label1\" content=\"Tiempo de lectura\" \/>\n\t<meta name=\"twitter:data1\" content=\"1 minuto\" \/>\n<script type=\"application\/ld+json\" class=\"yoast-schema-graph\">{\"@context\":\"https:\/\/schema.org\",\"@graph\":[{\"@type\":\"WebPage\",\"@id\":\"https:\/\/grao.info\/es\/marcas\/extendo\/\",\"url\":\"https:\/\/grao.info\/es\/marcas\/extendo\/\",\"name\":\"Extendo - Grao\",\"isPartOf\":{\"@id\":\"https:\/\/grao.info\/es\/#website\"},\"datePublished\":\"2025-09-15T16:49:42+00:00\",\"dateModified\":\"2025-09-22T11:39:22+00:00\",\"breadcrumb\":{\"@id\":\"https:\/\/grao.info\/es\/marcas\/extendo\/#breadcrumb\"},\"inLanguage\":\"es\",\"potentialAction\":[{\"@type\":\"ReadAction\",\"target\":[\"https:\/\/grao.info\/es\/marcas\/extendo\/\"]}]},{\"@type\":\"BreadcrumbList\",\"@id\":\"https:\/\/grao.info\/es\/marcas\/extendo\/#breadcrumb\",\"itemListElement\":[{\"@type\":\"ListItem\",\"position\":1,\"name\":\"Portada\",\"item\":\"https:\/\/grao.info\/es\/\"},{\"@type\":\"ListItem\",\"position\":2,\"name\":\"Marcas\",\"item\":\"https:\/\/grao.info\/es\/marcas\/\"},{\"@type\":\"ListItem\",\"position\":3,\"name\":\"Extendo\"}]},{\"@type\":\"WebSite\",\"@id\":\"https:\/\/grao.info\/es\/#website\",\"url\":\"https:\/\/grao.info\/es\/\",\"name\":\"Grao\",\"description\":\"\",\"publisher\":{\"@id\":\"https:\/\/grao.info\/es\/#organization\"},\"potentialAction\":[{\"@type\":\"SearchAction\",\"target\":{\"@type\":\"EntryPoint\",\"urlTemplate\":\"https:\/\/grao.info\/es\/?s={search_term_string}\"},\"query-input\":\"required name=search_term_string\"}],\"inLanguage\":\"es\"},{\"@type\":\"Organization\",\"@id\":\"https:\/\/grao.info\/es\/#organization\",\"name\":\"Grao\",\"url\":\"https:\/\/grao.info\/es\/\",\"logo\":{\"@type\":\"ImageObject\",\"inLanguage\":\"es\",\"@id\":\"https:\/\/grao.info\/es\/#\/schema\/logo\/image\/\",\"url\":\"https:\/\/grao.info\/wp-content\/uploads\/2022\/04\/logo-mobil-1.png\",\"contentUrl\":\"https:\/\/grao.info\/wp-content\/uploads\/2022\/04\/logo-mobil-1.png\",\"width\":275,\"height\":85,\"caption\":\"Grao\"},\"image\":{\"@id\":\"https:\/\/grao.info\/es\/#\/schema\/logo\/image\/\"}}]}<\/script>\n<!-- \/ Yoast SEO Premium plugin. -->","yoast_head_json":{"title":"Extendo - Grao","robots":{"index":"index","follow":"follow","max-snippet":"max-snippet:-1","max-image-preview":"max-image-preview:large","max-video-preview":"max-video-preview:-1"},"canonical":"https:\/\/grao.info\/es\/marcas\/extendo\/","og_locale":"es_ES","og_type":"article","og_title":"Extendo","og_description":"[vc_row equal_height=\u00bbyes\u00bb content_placement=\u00bbbottom\u00bb][vc_column width=\u00bb2\/3&#8243;][\/vc_column][vc_column width=\u00bb1\/3&#8243;][vc_column_text] Extendo es una empresa italiana especializada en el dise\u00f1o y la producci\u00f3n de art\u00edculos de interiorismo. El papel destacado que hoy desempe\u00f1a Extendo en el sector del dise\u00f1o de interiores es fruto de la larga [&hellip;]","og_url":"https:\/\/grao.info\/es\/marcas\/extendo\/","og_site_name":"Grao","article_modified_time":"2025-09-22T11:39:22+00:00","twitter_card":"summary_large_image","twitter_misc":{"Tiempo de lectura":"1 minuto"},"schema":{"@context":"https:\/\/schema.org","@graph":[{"@type":"WebPage","@id":"https:\/\/grao.info\/es\/marcas\/extendo\/","url":"https:\/\/grao.info\/es\/marcas\/extendo\/","name":"Extendo - Grao","isPartOf":{"@id":"https:\/\/grao.info\/es\/#website"},"datePublished":"2025-09-15T16:49:42+00:00","dateModified":"2025-09-22T11:39:22+00:00","breadcrumb":{"@id":"https:\/\/grao.info\/es\/marcas\/extendo\/#breadcrumb"},"inLanguage":"es","potentialAction":[{"@type":"ReadAction","target":["https:\/\/grao.info\/es\/marcas\/extendo\/"]}]},{"@type":"BreadcrumbList","@id":"https:\/\/grao.info\/es\/marcas\/extendo\/#breadcrumb","itemListElement":[{"@type":"ListItem","position":1,"name":"Portada","item":"https:\/\/grao.info\/es\/"},{"@type":"ListItem","position":2,"name":"Marcas","item":"https:\/\/grao.info\/es\/marcas\/"},{"@type":"ListItem","position":3,"name":"Extendo"}]},{"@type":"WebSite","@id":"https:\/\/grao.info\/es\/#website","url":"https:\/\/grao.info\/es\/","name":"Grao","description":"","publisher":{"@id":"https:\/\/grao.info\/es\/#organization"},"potentialAction":[{"@type":"SearchAction","target":{"@type":"EntryPoint","urlTemplate":"https:\/\/grao.info\/es\/?s={search_term_string}"},"query-input":"required name=search_term_string"}],"inLanguage":"es"},{"@type":"Organization","@id":"https:\/\/grao.info\/es\/#organization","name":"Grao","url":"https:\/\/grao.info\/es\/","logo":{"@type":"ImageObject","inLanguage":"es","@id":"https:\/\/grao.info\/es\/#\/schema\/logo\/image\/","url":"https:\/\/grao.info\/wp-content\/uploads\/2022\/04\/logo-mobil-1.png","contentUrl":"https:\/\/grao.info\/wp-content\/uploads\/2022\/04\/logo-mobil-1.png","width":275,"height":85,"caption":"Grao"},"image":{"@id":"https:\/\/grao.info\/es\/#\/schema\/logo\/image\/"}}]}},"_links":{"self":[{"href":"https:\/\/grao.info\/es\/wp-json\/wp\/v2\/pages\/27702"}],"collection":[{"href":"https:\/\/grao.info\/es\/wp-json\/wp\/v2\/pages"}],"about":[{"href":"https:\/\/grao.info\/es\/wp-json\/wp\/v2\/types\/page"}],"author":[{"embeddable":true,"href":"https:\/\/grao.info\/es\/wp-json\/wp\/v2\/users\/2"}],"replies":[{"embeddable":true,"href":"https:\/\/grao.info\/es\/wp-json\/wp\/v2\/comments?post=27702"}],"version-history":[{"count":11,"href":"https:\/\/grao.info\/es\/wp-json\/wp\/v2\/pages\/27702\/revisions"}],"predecessor-version":[{"id":27768,"href":"https:\/\/grao.info\/es\/wp-json\/wp\/v2\/pages\/27702\/revisions\/27768"}],"up":[{"embeddable":true,"href":"https:\/\/grao.info\/es\/wp-json\/wp\/v2\/pages\/4006"}],"wp:attachment":[{"href":"https:\/\/grao.info\/es\/wp-json\/wp\/v2\/media?parent=27702"}],"curies":[{"name":"wp","href":"https:\/\/api.w.org\/{rel}","templated":true}]}}