{"id":28369,"date":"2025-11-21T13:28:38","date_gmt":"2025-11-21T13:28:38","guid":{"rendered":"https:\/\/grao.info\/?page_id=28369"},"modified":"2025-11-25T11:49:04","modified_gmt":"2025-11-25T11:49:04","slug":"artek","status":"publish","type":"page","link":"https:\/\/grao.info\/es\/marcas\/artek\/","title":{"rendered":"Artek"},"content":{"rendered":"<p>[vc_row equal_height=\u00bbyes\u00bb content_placement=\u00bbbottom\u00bb][vc_column width=\u00bb2\/3&#8243;]<div class=\"edgtf-image-gallery  edgtf-ig-grid-type edgtf-large-space edgtf-has-shadow edgtf-image-behavior-lightbox \">\n\t<div class=\"edgtf-ig-inner edgtf-outer-space edgtf-ig-grid edgtf-ig-three-columns\">\n\t\t\t\t\t<div class=\"edgtf-ig-image edgtf-item-space\">\n\t\t\t\t<div class=\"edgtf-ig-image-inner\">\n\t\t\t\t\t\t\t\t\t\t\t<a itemprop=\"image\" class=\"edgtf-ig-lightbox\" href=\"https:\/\/grao.info\/wp-content\/uploads\/2025\/11\/arper-grao00.jpg\" data-rel=\"prettyPhoto[image_gallery_pretty_photo-412]\" title=\"arper-grao00\">\n\t\t\t\t\t\t\t\t\t\t\t<img loading=\"lazy\" decoding=\"async\" src=\"https:\/\/grao.info\/wp-content\/uploads\/2025\/11\/arper-grao00-320x220.jpg\" alt=\"\" width=\"320\" height=\"220\" \/>\t\t\t\t\t\t\t\t\t\t\t<\/a>\n\t\t\t\t\t\t\t\t\t<\/div>\n\t\t\t<\/div>\n\t\t\t\t\t<div class=\"edgtf-ig-image edgtf-item-space\">\n\t\t\t\t<div class=\"edgtf-ig-image-inner\">\n\t\t\t\t\t\t\t\t\t\t\t<a itemprop=\"image\" class=\"edgtf-ig-lightbox\" href=\"https:\/\/grao.info\/wp-content\/uploads\/2025\/11\/arper-grao01.jpg\" data-rel=\"prettyPhoto[image_gallery_pretty_photo-412]\" title=\"arper-grao01\">\n\t\t\t\t\t\t\t\t\t\t\t<img loading=\"lazy\" decoding=\"async\" src=\"https:\/\/grao.info\/wp-content\/uploads\/2025\/11\/arper-grao01-320x220.jpg\" alt=\"\" width=\"320\" height=\"220\" \/>\t\t\t\t\t\t\t\t\t\t\t<\/a>\n\t\t\t\t\t\t\t\t\t<\/div>\n\t\t\t<\/div>\n\t\t\t\t\t<div class=\"edgtf-ig-image edgtf-item-space\">\n\t\t\t\t<div class=\"edgtf-ig-image-inner\">\n\t\t\t\t\t\t\t\t\t\t\t<a itemprop=\"image\" class=\"edgtf-ig-lightbox\" href=\"https:\/\/grao.info\/wp-content\/uploads\/2025\/11\/arper-grao02.jpg\" data-rel=\"prettyPhoto[image_gallery_pretty_photo-412]\" title=\"arper-grao02\">\n\t\t\t\t\t\t\t\t\t\t\t<img loading=\"lazy\" decoding=\"async\" src=\"https:\/\/grao.info\/wp-content\/uploads\/2025\/11\/arper-grao02-320x220.jpg\" alt=\"\" width=\"320\" height=\"220\" \/>\t\t\t\t\t\t\t\t\t\t\t<\/a>\n\t\t\t\t\t\t\t\t\t<\/div>\n\t\t\t<\/div>\n\t\t\t\t\t<div class=\"edgtf-ig-image edgtf-item-space\">\n\t\t\t\t<div class=\"edgtf-ig-image-inner\">\n\t\t\t\t\t\t\t\t\t\t\t<a itemprop=\"image\" class=\"edgtf-ig-lightbox\" href=\"https:\/\/grao.info\/wp-content\/uploads\/2025\/11\/arper-grao03.jpg\" data-rel=\"prettyPhoto[image_gallery_pretty_photo-412]\" title=\"arper-grao03\">\n\t\t\t\t\t\t\t\t\t\t\t<img loading=\"lazy\" decoding=\"async\" src=\"https:\/\/grao.info\/wp-content\/uploads\/2025\/11\/arper-grao03-320x220.jpg\" alt=\"\" width=\"320\" height=\"220\" \/>\t\t\t\t\t\t\t\t\t\t\t<\/a>\n\t\t\t\t\t\t\t\t\t<\/div>\n\t\t\t<\/div>\n\t\t\t\t\t<div class=\"edgtf-ig-image edgtf-item-space\">\n\t\t\t\t<div class=\"edgtf-ig-image-inner\">\n\t\t\t\t\t\t\t\t\t\t\t<a itemprop=\"image\" class=\"edgtf-ig-lightbox\" href=\"https:\/\/grao.info\/wp-content\/uploads\/2025\/11\/arper-grao05.jpg\" data-rel=\"prettyPhoto[image_gallery_pretty_photo-412]\" title=\"arper-grao05\">\n\t\t\t\t\t\t\t\t\t\t\t<img loading=\"lazy\" decoding=\"async\" src=\"https:\/\/grao.info\/wp-content\/uploads\/2025\/11\/arper-grao05-320x220.jpg\" alt=\"\" width=\"320\" height=\"220\" \/>\t\t\t\t\t\t\t\t\t\t\t<\/a>\n\t\t\t\t\t\t\t\t\t<\/div>\n\t\t\t<\/div>\n\t\t\t\t\t<div class=\"edgtf-ig-image edgtf-item-space\">\n\t\t\t\t<div class=\"edgtf-ig-image-inner\">\n\t\t\t\t\t\t\t\t\t\t\t<a itemprop=\"image\" class=\"edgtf-ig-lightbox\" href=\"https:\/\/grao.info\/wp-content\/uploads\/2025\/11\/arper-grao06.jpg\" data-rel=\"prettyPhoto[image_gallery_pretty_photo-412]\" title=\"arper-grao06\">\n\t\t\t\t\t\t\t\t\t\t\t<img loading=\"lazy\" decoding=\"async\" src=\"https:\/\/grao.info\/wp-content\/uploads\/2025\/11\/arper-grao06-320x220.jpg\" alt=\"\" width=\"320\" height=\"220\" \/>\t\t\t\t\t\t\t\t\t\t\t<\/a>\n\t\t\t\t\t\t\t\t\t<\/div>\n\t\t\t<\/div>\n\t\t\t<\/div>\n<\/div>[\/vc_column][vc_column width=\u00bb1\/3&#8243;][vc_column_text]<\/p>\n<p data-start=\"215\" data-end=\"443\"><strong>Artek<\/strong> es una firma fundada en 1935 por los visionarios Alvar y Aino Aalto, junto con Maire Gullichsen y Nils-Gustav Hahl. Su prop\u00f3sito original \u2014unir arte, arquitectura y tecnolog\u00eda\u2014 sigue guiando la marca casi un siglo despu\u00e9s.<\/p>\n<p data-start=\"445\" data-end=\"709\">Con un lenguaje formal c\u00e1lido y honesto, <strong>Artek<\/strong> combina materiales naturales, l\u00edneas limpias y una artesan\u00eda excepcional. Sus piezas, desde taburetes y luminarias hasta mobiliario emblem\u00e1tico, encarnan un dise\u00f1o atemporal pensado para convivir durante generaciones.<\/p>\n<p>[\/vc_column_text][vc_row_inner][vc_column_inner][vc_column_text]<a href=\"https:\/\/www.artek.fi\/en\/\">www.artek.fi<\/a>[\/vc_column_text][\/vc_column_inner][\/vc_row_inner][\/vc_column][\/vc_row][vc_row][vc_column css=\u00bb.vc_custom_1615488032930{padding-top: 60px !important;}\u00bb][vc_row_inner][vc_column_inner]<div class=\"edgtf-separator-holder clearfix  edgtf-separator-center edgtf-separator-vertical\">\n\t<div class=\"edgtf-separator\" style=\"border-color: #333333;border-style: solid;height: 30px;border-left-width: 2px\"><\/div>\n<\/div>\n[vc_custom_heading text=\u00bbPRODUCTOS SELECCIONADOS\u00bb font_container=\u00bbtag:h3|font_size:32px|text_align:center|color:%233d3935|line_height:1.6&#8243; google_fonts=\u00bbfont_family:Roboto%3A100%2C100italic%2C300%2C300italic%2Cregular%2Citalic%2C500%2C500italic%2C700%2C700italic%2C900%2C900italic|font_style:700%20bold%20regular%3A700%3Anormal\u00bb]<div class=\"edgtf-separator-holder clearfix  edgtf-separator-center edgtf-separator-vertical\">\n\t<div class=\"edgtf-separator\" style=\"border-color: #333333;border-style: solid;height: 30px;border-left-width: 2px\"><\/div>\n<\/div>\n[\/vc_column_inner][\/vc_row_inner][\/vc_column][\/vc_row][vc_row][vc_column css=\u00bb.vc_custom_1615565554899{padding-top: 60px !important;}\u00bb][vc_row_inner][vc_column_inner width=\u00bb1\/5&#8243;]<div class=\"edgtf-single-image-holder  edgtf-has-shadow edgtf-image-behavior-custom-link\">\n    <div class=\"edgtf-si-inner\" >\n        \t            <a itemprop=\"url\" href=\"\/es\/producto\/armchair400tank-artek\/\" target=\"_self\">\n                                    <img loading=\"lazy\" decoding=\"async\" width=\"500\" height=\"500\" src=\"https:\/\/grao.info\/wp-content\/uploads\/2025\/11\/tank-artek.jpg\" class=\"attachment-full size-full\" alt=\"\" srcset=\"https:\/\/grao.info\/wp-content\/uploads\/2025\/11\/tank-artek.jpg 500w, https:\/\/grao.info\/wp-content\/uploads\/2025\/11\/tank-artek-300x300.jpg 300w, https:\/\/grao.info\/wp-content\/uploads\/2025\/11\/tank-artek-150x150.jpg 150w, https:\/\/grao.info\/wp-content\/uploads\/2025\/11\/tank-artek-100x100.jpg 100w\" sizes=\"(max-width: 500px) 100vw, 500px\" \/>                                <\/a>\n            <\/div>\n<\/div>[vc_column_text]<\/p>\n<p style=\"text-align: center;\">ARMCHAIR 400 \u00abTANK\u00bb<\/p>\n<p>[\/vc_column_text][\/vc_column_inner][vc_column_inner width=\u00bb1\/5&#8243;]<div class=\"edgtf-single-image-holder  edgtf-has-shadow edgtf-image-behavior-custom-link\">\n    <div class=\"edgtf-si-inner\" >\n        \t            <a itemprop=\"url\" href=\"\/es\/producto\/screen-100-artek\/\" target=\"_self\">\n                                    <img loading=\"lazy\" decoding=\"async\" width=\"960\" height=\"960\" src=\"https:\/\/grao.info\/wp-content\/uploads\/2025\/11\/screen100-alvarAalto-artek-grao00.jpg\" class=\"attachment-full size-full\" alt=\"\" srcset=\"https:\/\/grao.info\/wp-content\/uploads\/2025\/11\/screen100-alvarAalto-artek-grao00.jpg 960w, https:\/\/grao.info\/wp-content\/uploads\/2025\/11\/screen100-alvarAalto-artek-grao00-300x300.jpg 300w, https:\/\/grao.info\/wp-content\/uploads\/2025\/11\/screen100-alvarAalto-artek-grao00-150x150.jpg 150w, https:\/\/grao.info\/wp-content\/uploads\/2025\/11\/screen100-alvarAalto-artek-grao00-768x768.jpg 768w, https:\/\/grao.info\/wp-content\/uploads\/2025\/11\/screen100-alvarAalto-artek-grao00-550x550.jpg 550w, https:\/\/grao.info\/wp-content\/uploads\/2025\/11\/screen100-alvarAalto-artek-grao00-600x600.jpg 600w, https:\/\/grao.info\/wp-content\/uploads\/2025\/11\/screen100-alvarAalto-artek-grao00-100x100.jpg 100w\" sizes=\"(max-width: 960px) 100vw, 960px\" \/>                                <\/a>\n            <\/div>\n<\/div>[vc_column_text]<\/p>\n<p style=\"text-align: center;\">SCREEN 100<\/p>\n<p>[\/vc_column_text][\/vc_column_inner][vc_column_inner width=\u00bb1\/5&#8243;]<div class=\"edgtf-single-image-holder  edgtf-has-shadow edgtf-image-behavior-custom-link\">\n    <div class=\"edgtf-si-inner\" >\n        \t            <a itemprop=\"url\" href=\"\/es\/producto\/chair-66-artek\/\" target=\"_self\">\n                                    <img loading=\"lazy\" decoding=\"async\" width=\"500\" height=\"500\" src=\"https:\/\/grao.info\/wp-content\/uploads\/2025\/11\/chair66-alvarAalto-artek-grao00.jpg\" class=\"attachment-full size-full\" alt=\"\" srcset=\"https:\/\/grao.info\/wp-content\/uploads\/2025\/11\/chair66-alvarAalto-artek-grao00.jpg 500w, https:\/\/grao.info\/wp-content\/uploads\/2025\/11\/chair66-alvarAalto-artek-grao00-300x300.jpg 300w, https:\/\/grao.info\/wp-content\/uploads\/2025\/11\/chair66-alvarAalto-artek-grao00-150x150.jpg 150w, https:\/\/grao.info\/wp-content\/uploads\/2025\/11\/chair66-alvarAalto-artek-grao00-100x100.jpg 100w\" sizes=\"(max-width: 500px) 100vw, 500px\" \/>                                <\/a>\n            <\/div>\n<\/div>[vc_column_text]<\/p>\n<p style=\"text-align: center;\">CHAIR 66<\/p>\n<p>[\/vc_column_text][\/vc_column_inner][vc_column_inner width=\u00bb1\/5&#8243;]<div class=\"edgtf-single-image-holder  edgtf-has-shadow edgtf-image-behavior-custom-link\">\n    <div class=\"edgtf-si-inner\" >\n        \t            <a itemprop=\"url\" href=\"\/es\/producto\/tea-trolley-901-artek\/\" target=\"_self\">\n                                    <img loading=\"lazy\" decoding=\"async\" width=\"500\" height=\"500\" src=\"https:\/\/grao.info\/wp-content\/uploads\/2025\/11\/teaTrolley901-alvarAalto-artek-grao00.jpg\" class=\"attachment-full size-full\" alt=\"\" srcset=\"https:\/\/grao.info\/wp-content\/uploads\/2025\/11\/teaTrolley901-alvarAalto-artek-grao00.jpg 500w, https:\/\/grao.info\/wp-content\/uploads\/2025\/11\/teaTrolley901-alvarAalto-artek-grao00-300x300.jpg 300w, https:\/\/grao.info\/wp-content\/uploads\/2025\/11\/teaTrolley901-alvarAalto-artek-grao00-150x150.jpg 150w, https:\/\/grao.info\/wp-content\/uploads\/2025\/11\/teaTrolley901-alvarAalto-artek-grao00-100x100.jpg 100w\" sizes=\"(max-width: 500px) 100vw, 500px\" \/>                                <\/a>\n            <\/div>\n<\/div>[vc_column_text]<\/p>\n<p style=\"text-align: center;\">TEA TROLLEY 901<\/p>\n<p>[\/vc_column_text][\/vc_column_inner][vc_column_inner width=\u00bb1\/5&#8243;]<div class=\"edgtf-single-image-holder  edgtf-has-shadow edgtf-image-behavior-custom-link\">\n    <div class=\"edgtf-si-inner\" >\n        \t            <a itemprop=\"url\" href=\"\/es\/producto\/armchair-406-artek\/\" target=\"_self\">\n                                    <img loading=\"lazy\" decoding=\"async\" width=\"725\" height=\"725\" src=\"https:\/\/grao.info\/wp-content\/uploads\/2025\/11\/artek-406-armchair-artek-00.jpg\" class=\"attachment-full size-full\" alt=\"\" srcset=\"https:\/\/grao.info\/wp-content\/uploads\/2025\/11\/artek-406-armchair-artek-00.jpg 725w, https:\/\/grao.info\/wp-content\/uploads\/2025\/11\/artek-406-armchair-artek-00-300x300.jpg 300w, https:\/\/grao.info\/wp-content\/uploads\/2025\/11\/artek-406-armchair-artek-00-150x150.jpg 150w, https:\/\/grao.info\/wp-content\/uploads\/2025\/11\/artek-406-armchair-artek-00-550x550.jpg 550w, https:\/\/grao.info\/wp-content\/uploads\/2025\/11\/artek-406-armchair-artek-00-600x600.jpg 600w, https:\/\/grao.info\/wp-content\/uploads\/2025\/11\/artek-406-armchair-artek-00-100x100.jpg 100w\" sizes=\"(max-width: 725px) 100vw, 725px\" \/>                                <\/a>\n            <\/div>\n<\/div>[vc_column_text]<\/p>\n<p style=\"text-align: center;\">ARMCHAIR 406<\/p>\n<p>[\/vc_column_text][\/vc_column_inner][\/vc_row_inner][\/vc_column][\/vc_row][vc_row][vc_column css=\u00bb.vc_custom_1615565597146{padding-top: 30px !important;}\u00bb][vc_row_inner][vc_column_inner width=\u00bb1\/5&#8243;]<div class=\"edgtf-single-image-holder  edgtf-has-shadow edgtf-image-behavior-custom-link\">\n    <div class=\"edgtf-si-inner\" >\n        \t            <a itemprop=\"url\" href=\"\/es\/producto\/stool-60-artek\/\" target=\"_self\">\n                                    <img loading=\"lazy\" decoding=\"async\" width=\"500\" height=\"500\" src=\"https:\/\/grao.info\/wp-content\/uploads\/2025\/11\/stool60-alvarAalto-artek-grao00.jpg\" class=\"attachment-full size-full\" alt=\"\" srcset=\"https:\/\/grao.info\/wp-content\/uploads\/2025\/11\/stool60-alvarAalto-artek-grao00.jpg 500w, https:\/\/grao.info\/wp-content\/uploads\/2025\/11\/stool60-alvarAalto-artek-grao00-300x300.jpg 300w, https:\/\/grao.info\/wp-content\/uploads\/2025\/11\/stool60-alvarAalto-artek-grao00-150x150.jpg 150w, https:\/\/grao.info\/wp-content\/uploads\/2025\/11\/stool60-alvarAalto-artek-grao00-100x100.jpg 100w\" sizes=\"(max-width: 500px) 100vw, 500px\" \/>                                <\/a>\n            <\/div>\n<\/div>[vc_column_text]<\/p>\n<p style=\"text-align: center;\">STOOL 60<\/p>\n<p>[\/vc_column_text][\/vc_column_inner][vc_column_inner width=\u00bb1\/5&#8243;]<div class=\"edgtf-single-image-holder  edgtf-has-shadow edgtf-image-behavior-custom-link\">\n    <div class=\"edgtf-si-inner\" >\n        \t            <a itemprop=\"url\" href=\"\/es\/producto\/chair-611-artek\/\" target=\"_self\">\n                                    <img loading=\"lazy\" decoding=\"async\" width=\"500\" height=\"500\" src=\"https:\/\/grao.info\/wp-content\/uploads\/2025\/11\/chair611-alvarAalto-artek-grao00-copia.jpg\" class=\"attachment-full size-full\" alt=\"\" srcset=\"https:\/\/grao.info\/wp-content\/uploads\/2025\/11\/chair611-alvarAalto-artek-grao00-copia.jpg 500w, https:\/\/grao.info\/wp-content\/uploads\/2025\/11\/chair611-alvarAalto-artek-grao00-copia-300x300.jpg 300w, https:\/\/grao.info\/wp-content\/uploads\/2025\/11\/chair611-alvarAalto-artek-grao00-copia-150x150.jpg 150w, https:\/\/grao.info\/wp-content\/uploads\/2025\/11\/chair611-alvarAalto-artek-grao00-copia-100x100.jpg 100w\" sizes=\"(max-width: 500px) 100vw, 500px\" \/>                                <\/a>\n            <\/div>\n<\/div>[vc_column_text]<\/p>\n<p style=\"text-align: center;\">CHAIR 611<\/p>\n<p>[\/vc_column_text][\/vc_column_inner][vc_column_inner width=\u00bb1\/5&#8243;]<div class=\"edgtf-single-image-holder  edgtf-has-shadow edgtf-image-behavior-custom-link\">\n    <div class=\"edgtf-si-inner\" >\n        \t            <a itemprop=\"url\" href=\"\/es\/producto\/aaltotables-artek\/\" target=\"_self\">\n                                    <img loading=\"lazy\" decoding=\"async\" width=\"500\" height=\"500\" src=\"https:\/\/grao.info\/wp-content\/uploads\/2025\/11\/aaltoTable-alvarAalto-artek-grao00.jpg\" class=\"attachment-full size-full\" alt=\"\" srcset=\"https:\/\/grao.info\/wp-content\/uploads\/2025\/11\/aaltoTable-alvarAalto-artek-grao00.jpg 500w, https:\/\/grao.info\/wp-content\/uploads\/2025\/11\/aaltoTable-alvarAalto-artek-grao00-300x300.jpg 300w, https:\/\/grao.info\/wp-content\/uploads\/2025\/11\/aaltoTable-alvarAalto-artek-grao00-150x150.jpg 150w, https:\/\/grao.info\/wp-content\/uploads\/2025\/11\/aaltoTable-alvarAalto-artek-grao00-100x100.jpg 100w\" sizes=\"(max-width: 500px) 100vw, 500px\" \/>                                <\/a>\n            <\/div>\n<\/div>[vc_column_text]<\/p>\n<p style=\"text-align: center;\">AALTO TABLES<\/p>\n<p>[\/vc_column_text][\/vc_column_inner][vc_column_inner width=\u00bb1\/5&#8243;]<div class=\"edgtf-single-image-holder  edgtf-has-shadow edgtf-image-behavior-custom-link\">\n    <div class=\"edgtf-si-inner\" >\n        \t            <a itemprop=\"url\" href=\"\/es\/producto\/armchair41paimio-artek\/\" target=\"_self\">\n                                    <img loading=\"lazy\" decoding=\"async\" width=\"500\" height=\"500\" src=\"https:\/\/grao.info\/wp-content\/uploads\/2025\/11\/armchair41Paimio-alvarAalto-artek-grao-00.jpg\" class=\"attachment-full size-full\" alt=\"\" srcset=\"https:\/\/grao.info\/wp-content\/uploads\/2025\/11\/armchair41Paimio-alvarAalto-artek-grao-00.jpg 500w, https:\/\/grao.info\/wp-content\/uploads\/2025\/11\/armchair41Paimio-alvarAalto-artek-grao-00-300x300.jpg 300w, https:\/\/grao.info\/wp-content\/uploads\/2025\/11\/armchair41Paimio-alvarAalto-artek-grao-00-150x150.jpg 150w, https:\/\/grao.info\/wp-content\/uploads\/2025\/11\/armchair41Paimio-alvarAalto-artek-grao-00-100x100.jpg 100w\" sizes=\"(max-width: 500px) 100vw, 500px\" \/>                                <\/a>\n            <\/div>\n<\/div>[vc_column_text]<\/p>\n<p style=\"text-align: center;\">ARMCHAIR 41 \u00abPAIMIO\u00bb<\/p>\n<p>[\/vc_column_text][\/vc_column_inner][vc_column_inner width=\u00bb1\/5&#8243;]<div class=\"edgtf-single-image-holder  edgtf-has-shadow edgtf-image-behavior-custom-link\">\n    <div class=\"edgtf-si-inner\" >\n        \t            <a itemprop=\"url\" href=\"\/es\/producto\/pendant-lights-artek\/\" target=\"_self\">\n                                    <img loading=\"lazy\" decoding=\"async\" width=\"900\" height=\"900\" src=\"https:\/\/grao.info\/wp-content\/uploads\/2025\/11\/pendantLights-alvarAalto-artek-grao00.jpg\" class=\"attachment-full size-full\" alt=\"\" srcset=\"https:\/\/grao.info\/wp-content\/uploads\/2025\/11\/pendantLights-alvarAalto-artek-grao00.jpg 900w, https:\/\/grao.info\/wp-content\/uploads\/2025\/11\/pendantLights-alvarAalto-artek-grao00-300x300.jpg 300w, https:\/\/grao.info\/wp-content\/uploads\/2025\/11\/pendantLights-alvarAalto-artek-grao00-150x150.jpg 150w, https:\/\/grao.info\/wp-content\/uploads\/2025\/11\/pendantLights-alvarAalto-artek-grao00-768x768.jpg 768w, https:\/\/grao.info\/wp-content\/uploads\/2025\/11\/pendantLights-alvarAalto-artek-grao00-550x550.jpg 550w, https:\/\/grao.info\/wp-content\/uploads\/2025\/11\/pendantLights-alvarAalto-artek-grao00-600x600.jpg 600w, https:\/\/grao.info\/wp-content\/uploads\/2025\/11\/pendantLights-alvarAalto-artek-grao00-100x100.jpg 100w\" sizes=\"(max-width: 900px) 100vw, 900px\" \/>                                <\/a>\n            <\/div>\n<\/div>[vc_column_text]<\/p>\n<p style=\"text-align: center;\">PENDANT LIGHTS<\/p>\n<p>[\/vc_column_text][\/vc_column_inner][\/vc_row_inner][vc_empty_space height=\u00bb100px\u00bb][\/vc_column][\/vc_row]<\/p>\n","protected":false},"excerpt":{"rendered":"<p>[vc_row equal_height=\u00bbyes\u00bb content_placement=\u00bbbottom\u00bb][vc_column width=\u00bb2\/3&#8243;][\/vc_column][vc_column width=\u00bb1\/3&#8243;][vc_column_text] Artek es una firma fundada en 1935 por los visionarios Alvar y Aino Aalto, junto con Maire Gullichsen y Nils-Gustav Hahl. Su prop\u00f3sito original \u2014unir arte, arquitectura y tecnolog\u00eda\u2014 sigue guiando la marca casi un [&hellip;]<\/p>\n","protected":false},"author":2,"featured_media":0,"parent":4006,"menu_order":0,"comment_status":"closed","ping_status":"closed","template":"","meta":{"footnotes":""},"acf":[],"yoast_head":"<!-- This site is optimized with the Yoast SEO Premium plugin v23.0 (Yoast SEO v23.0) - https:\/\/yoast.com\/wordpress\/plugins\/seo\/ -->\n<title>Artek - Grao<\/title>\n<meta name=\"robots\" content=\"index, follow, max-snippet:-1, max-image-preview:large, max-video-preview:-1\" \/>\n<link rel=\"canonical\" href=\"https:\/\/grao.info\/es\/marcas\/artek\/\" \/>\n<meta property=\"og:locale\" content=\"es_ES\" \/>\n<meta property=\"og:type\" content=\"article\" \/>\n<meta property=\"og:title\" content=\"Artek\" \/>\n<meta property=\"og:description\" content=\"[vc_row equal_height=\u00bbyes\u00bb content_placement=\u00bbbottom\u00bb][vc_column width=\u00bb2\/3&#8243;][\/vc_column][vc_column width=\u00bb1\/3&#8243;][vc_column_text] Artek es una firma fundada en 1935 por los visionarios Alvar y Aino Aalto, junto con Maire Gullichsen y Nils-Gustav Hahl. Su prop\u00f3sito original \u2014unir arte, arquitectura y tecnolog\u00eda\u2014 sigue guiando la marca casi un [&hellip;]\" \/>\n<meta property=\"og:url\" content=\"https:\/\/grao.info\/es\/marcas\/artek\/\" \/>\n<meta property=\"og:site_name\" content=\"Grao\" \/>\n<meta property=\"article:modified_time\" content=\"2025-11-25T11:49:04+00:00\" \/>\n<meta name=\"twitter:card\" content=\"summary_large_image\" \/>\n<meta name=\"twitter:label1\" content=\"Tiempo de lectura\" \/>\n\t<meta name=\"twitter:data1\" content=\"1 minuto\" \/>\n<script type=\"application\/ld+json\" class=\"yoast-schema-graph\">{\"@context\":\"https:\/\/schema.org\",\"@graph\":[{\"@type\":\"WebPage\",\"@id\":\"https:\/\/grao.info\/es\/marcas\/artek\/\",\"url\":\"https:\/\/grao.info\/es\/marcas\/artek\/\",\"name\":\"Artek - Grao\",\"isPartOf\":{\"@id\":\"https:\/\/grao.info\/es\/#website\"},\"datePublished\":\"2025-11-21T13:28:38+00:00\",\"dateModified\":\"2025-11-25T11:49:04+00:00\",\"breadcrumb\":{\"@id\":\"https:\/\/grao.info\/es\/marcas\/artek\/#breadcrumb\"},\"inLanguage\":\"es\",\"potentialAction\":[{\"@type\":\"ReadAction\",\"target\":[\"https:\/\/grao.info\/es\/marcas\/artek\/\"]}]},{\"@type\":\"BreadcrumbList\",\"@id\":\"https:\/\/grao.info\/es\/marcas\/artek\/#breadcrumb\",\"itemListElement\":[{\"@type\":\"ListItem\",\"position\":1,\"name\":\"Portada\",\"item\":\"https:\/\/grao.info\/es\/\"},{\"@type\":\"ListItem\",\"position\":2,\"name\":\"Marcas\",\"item\":\"https:\/\/grao.info\/es\/marcas\/\"},{\"@type\":\"ListItem\",\"position\":3,\"name\":\"Artek\"}]},{\"@type\":\"WebSite\",\"@id\":\"https:\/\/grao.info\/es\/#website\",\"url\":\"https:\/\/grao.info\/es\/\",\"name\":\"Grao\",\"description\":\"\",\"publisher\":{\"@id\":\"https:\/\/grao.info\/es\/#organization\"},\"potentialAction\":[{\"@type\":\"SearchAction\",\"target\":{\"@type\":\"EntryPoint\",\"urlTemplate\":\"https:\/\/grao.info\/es\/?s={search_term_string}\"},\"query-input\":\"required name=search_term_string\"}],\"inLanguage\":\"es\"},{\"@type\":\"Organization\",\"@id\":\"https:\/\/grao.info\/es\/#organization\",\"name\":\"Grao\",\"url\":\"https:\/\/grao.info\/es\/\",\"logo\":{\"@type\":\"ImageObject\",\"inLanguage\":\"es\",\"@id\":\"https:\/\/grao.info\/es\/#\/schema\/logo\/image\/\",\"url\":\"https:\/\/grao.info\/wp-content\/uploads\/2022\/04\/logo-mobil-1.png\",\"contentUrl\":\"https:\/\/grao.info\/wp-content\/uploads\/2022\/04\/logo-mobil-1.png\",\"width\":275,\"height\":85,\"caption\":\"Grao\"},\"image\":{\"@id\":\"https:\/\/grao.info\/es\/#\/schema\/logo\/image\/\"}}]}<\/script>\n<!-- \/ Yoast SEO Premium plugin. -->","yoast_head_json":{"title":"Artek - Grao","robots":{"index":"index","follow":"follow","max-snippet":"max-snippet:-1","max-image-preview":"max-image-preview:large","max-video-preview":"max-video-preview:-1"},"canonical":"https:\/\/grao.info\/es\/marcas\/artek\/","og_locale":"es_ES","og_type":"article","og_title":"Artek","og_description":"[vc_row equal_height=\u00bbyes\u00bb content_placement=\u00bbbottom\u00bb][vc_column width=\u00bb2\/3&#8243;][\/vc_column][vc_column width=\u00bb1\/3&#8243;][vc_column_text] Artek es una firma fundada en 1935 por los visionarios Alvar y Aino Aalto, junto con Maire Gullichsen y Nils-Gustav Hahl. Su prop\u00f3sito original \u2014unir arte, arquitectura y tecnolog\u00eda\u2014 sigue guiando la marca casi un [&hellip;]","og_url":"https:\/\/grao.info\/es\/marcas\/artek\/","og_site_name":"Grao","article_modified_time":"2025-11-25T11:49:04+00:00","twitter_card":"summary_large_image","twitter_misc":{"Tiempo de lectura":"1 minuto"},"schema":{"@context":"https:\/\/schema.org","@graph":[{"@type":"WebPage","@id":"https:\/\/grao.info\/es\/marcas\/artek\/","url":"https:\/\/grao.info\/es\/marcas\/artek\/","name":"Artek - Grao","isPartOf":{"@id":"https:\/\/grao.info\/es\/#website"},"datePublished":"2025-11-21T13:28:38+00:00","dateModified":"2025-11-25T11:49:04+00:00","breadcrumb":{"@id":"https:\/\/grao.info\/es\/marcas\/artek\/#breadcrumb"},"inLanguage":"es","potentialAction":[{"@type":"ReadAction","target":["https:\/\/grao.info\/es\/marcas\/artek\/"]}]},{"@type":"BreadcrumbList","@id":"https:\/\/grao.info\/es\/marcas\/artek\/#breadcrumb","itemListElement":[{"@type":"ListItem","position":1,"name":"Portada","item":"https:\/\/grao.info\/es\/"},{"@type":"ListItem","position":2,"name":"Marcas","item":"https:\/\/grao.info\/es\/marcas\/"},{"@type":"ListItem","position":3,"name":"Artek"}]},{"@type":"WebSite","@id":"https:\/\/grao.info\/es\/#website","url":"https:\/\/grao.info\/es\/","name":"Grao","description":"","publisher":{"@id":"https:\/\/grao.info\/es\/#organization"},"potentialAction":[{"@type":"SearchAction","target":{"@type":"EntryPoint","urlTemplate":"https:\/\/grao.info\/es\/?s={search_term_string}"},"query-input":"required name=search_term_string"}],"inLanguage":"es"},{"@type":"Organization","@id":"https:\/\/grao.info\/es\/#organization","name":"Grao","url":"https:\/\/grao.info\/es\/","logo":{"@type":"ImageObject","inLanguage":"es","@id":"https:\/\/grao.info\/es\/#\/schema\/logo\/image\/","url":"https:\/\/grao.info\/wp-content\/uploads\/2022\/04\/logo-mobil-1.png","contentUrl":"https:\/\/grao.info\/wp-content\/uploads\/2022\/04\/logo-mobil-1.png","width":275,"height":85,"caption":"Grao"},"image":{"@id":"https:\/\/grao.info\/es\/#\/schema\/logo\/image\/"}}]}},"_links":{"self":[{"href":"https:\/\/grao.info\/es\/wp-json\/wp\/v2\/pages\/28369"}],"collection":[{"href":"https:\/\/grao.info\/es\/wp-json\/wp\/v2\/pages"}],"about":[{"href":"https:\/\/grao.info\/es\/wp-json\/wp\/v2\/types\/page"}],"author":[{"embeddable":true,"href":"https:\/\/grao.info\/es\/wp-json\/wp\/v2\/users\/2"}],"replies":[{"embeddable":true,"href":"https:\/\/grao.info\/es\/wp-json\/wp\/v2\/comments?post=28369"}],"version-history":[{"count":9,"href":"https:\/\/grao.info\/es\/wp-json\/wp\/v2\/pages\/28369\/revisions"}],"predecessor-version":[{"id":28427,"href":"https:\/\/grao.info\/es\/wp-json\/wp\/v2\/pages\/28369\/revisions\/28427"}],"up":[{"embeddable":true,"href":"https:\/\/grao.info\/es\/wp-json\/wp\/v2\/pages\/4006"}],"wp:attachment":[{"href":"https:\/\/grao.info\/es\/wp-json\/wp\/v2\/media?parent=28369"}],"curies":[{"name":"wp","href":"https:\/\/api.w.org\/{rel}","templated":true}]}}