{"id":29066,"date":"2026-02-05T16:58:24","date_gmt":"2026-02-05T16:58:24","guid":{"rendered":"https:\/\/grao.info\/?page_id=29066"},"modified":"2026-02-05T17:00:33","modified_gmt":"2026-02-05T17:00:33","slug":"point","status":"publish","type":"page","link":"https:\/\/grao.info\/es\/marcas\/point\/","title":{"rendered":"Point"},"content":{"rendered":"<p>[vc_row equal_height=\u00bbyes\u00bb content_placement=\u00bbbottom\u00bb][vc_column width=\u00bb2\/3&#8243;]<div class=\"edgtf-image-gallery  edgtf-ig-grid-type edgtf-large-space edgtf-has-shadow edgtf-image-behavior-lightbox \">\n\t<div class=\"edgtf-ig-inner edgtf-outer-space edgtf-ig-grid edgtf-ig-three-columns\">\n\t\t\t\t\t<div class=\"edgtf-ig-image edgtf-item-space\">\n\t\t\t\t<div class=\"edgtf-ig-image-inner\">\n\t\t\t\t\t\t\t\t\t\t\t<a itemprop=\"image\" class=\"edgtf-ig-lightbox\" href=\"https:\/\/grao.info\/wp-content\/uploads\/2024\/05\/Captura-de-pantalla-2024-05-14-a-las-16.04.07-1.png\" data-rel=\"prettyPhoto[image_gallery_pretty_photo-742]\" title=\"Captura de pantalla 2024-05-14 a las 16.04.07\">\n\t\t\t\t\t\t\t\t\t\t\t<img loading=\"lazy\" decoding=\"async\" src=\"https:\/\/grao.info\/wp-content\/uploads\/2024\/05\/Captura-de-pantalla-2024-05-14-a-las-16.04.07-1-320x220.png\" alt=\"\" width=\"320\" height=\"220\" \/>\t\t\t\t\t\t\t\t\t\t\t<\/a>\n\t\t\t\t\t\t\t\t\t<\/div>\n\t\t\t<\/div>\n\t\t\t\t\t<div class=\"edgtf-ig-image edgtf-item-space\">\n\t\t\t\t<div class=\"edgtf-ig-image-inner\">\n\t\t\t\t\t\t\t\t\t\t\t<a itemprop=\"image\" class=\"edgtf-ig-lightbox\" href=\"https:\/\/grao.info\/wp-content\/uploads\/2024\/05\/POINT_Paralel_058.jpg\" data-rel=\"prettyPhoto[image_gallery_pretty_photo-742]\" title=\"POINT_Paralel_058\">\n\t\t\t\t\t\t\t\t\t\t\t<img loading=\"lazy\" decoding=\"async\" src=\"https:\/\/grao.info\/wp-content\/uploads\/2024\/05\/POINT_Paralel_058-320x220.jpg\" alt=\"\" width=\"320\" height=\"220\" \/>\t\t\t\t\t\t\t\t\t\t\t<\/a>\n\t\t\t\t\t\t\t\t\t<\/div>\n\t\t\t<\/div>\n\t\t\t\t\t<div class=\"edgtf-ig-image edgtf-item-space\">\n\t\t\t\t<div class=\"edgtf-ig-image-inner\">\n\t\t\t\t\t\t\t\t\t\t\t<a itemprop=\"image\" class=\"edgtf-ig-lightbox\" href=\"https:\/\/grao.info\/wp-content\/uploads\/2024\/05\/POINT_Paralel_063.jpg\" data-rel=\"prettyPhoto[image_gallery_pretty_photo-742]\" title=\"POINT_Paralel_063\">\n\t\t\t\t\t\t\t\t\t\t\t<img loading=\"lazy\" decoding=\"async\" src=\"https:\/\/grao.info\/wp-content\/uploads\/2024\/05\/POINT_Paralel_063-320x220.jpg\" alt=\"\" width=\"320\" height=\"220\" \/>\t\t\t\t\t\t\t\t\t\t\t<\/a>\n\t\t\t\t\t\t\t\t\t<\/div>\n\t\t\t<\/div>\n\t\t\t\t\t<div class=\"edgtf-ig-image edgtf-item-space\">\n\t\t\t\t<div class=\"edgtf-ig-image-inner\">\n\t\t\t\t\t\t\t\t\t\t\t<a itemprop=\"image\" class=\"edgtf-ig-lightbox\" href=\"https:\/\/grao.info\/wp-content\/uploads\/2024\/05\/Captura-de-pantalla-2024-05-14-a-las-16.07.25-1.png\" data-rel=\"prettyPhoto[image_gallery_pretty_photo-742]\" title=\"Captura de pantalla 2024-05-14 a las 16.07.25\">\n\t\t\t\t\t\t\t\t\t\t\t<img loading=\"lazy\" decoding=\"async\" src=\"https:\/\/grao.info\/wp-content\/uploads\/2024\/05\/Captura-de-pantalla-2024-05-14-a-las-16.07.25-1-320x220.png\" alt=\"\" width=\"320\" height=\"220\" \/>\t\t\t\t\t\t\t\t\t\t\t<\/a>\n\t\t\t\t\t\t\t\t\t<\/div>\n\t\t\t<\/div>\n\t\t\t\t\t<div class=\"edgtf-ig-image edgtf-item-space\">\n\t\t\t\t<div class=\"edgtf-ig-image-inner\">\n\t\t\t\t\t\t\t\t\t\t\t<a itemprop=\"image\" class=\"edgtf-ig-lightbox\" href=\"https:\/\/grao.info\/wp-content\/uploads\/2024\/05\/POINT_Weave_055.jpg\" data-rel=\"prettyPhoto[image_gallery_pretty_photo-742]\" title=\"POINT_Weave_055\">\n\t\t\t\t\t\t\t\t\t\t\t<img loading=\"lazy\" decoding=\"async\" src=\"https:\/\/grao.info\/wp-content\/uploads\/2024\/05\/POINT_Weave_055-320x220.jpg\" alt=\"\" width=\"320\" height=\"220\" \/>\t\t\t\t\t\t\t\t\t\t\t<\/a>\n\t\t\t\t\t\t\t\t\t<\/div>\n\t\t\t<\/div>\n\t\t\t\t\t<div class=\"edgtf-ig-image edgtf-item-space\">\n\t\t\t\t<div class=\"edgtf-ig-image-inner\">\n\t\t\t\t\t\t\t\t\t\t\t<a itemprop=\"image\" class=\"edgtf-ig-lightbox\" href=\"https:\/\/grao.info\/wp-content\/uploads\/2024\/05\/Captura-de-pantalla-2024-05-14-a-las-16.05.51-1.png\" data-rel=\"prettyPhoto[image_gallery_pretty_photo-742]\" title=\"Captura de pantalla 2024-05-14 a las 16.05.51\">\n\t\t\t\t\t\t\t\t\t\t\t<img loading=\"lazy\" decoding=\"async\" src=\"https:\/\/grao.info\/wp-content\/uploads\/2024\/05\/Captura-de-pantalla-2024-05-14-a-las-16.05.51-1-320x220.png\" alt=\"\" width=\"320\" height=\"220\" \/>\t\t\t\t\t\t\t\t\t\t\t<\/a>\n\t\t\t\t\t\t\t\t\t<\/div>\n\t\t\t<\/div>\n\t\t\t<\/div>\n<\/div>[\/vc_column][vc_column width=\u00bb1\/3&#8243;][vc_row_inner content_placement=\u00bbbottom\u00bb][vc_column_inner][vc_column_text]<span style=\"font-weight: 400;\"><strong>Point<\/strong> es una marca conocida de muebles que se especializa en mobiliario de exterior. Originaria de Espa\u00f1a, <strong>Point<\/strong> tiene una larga historia que se remonta a m\u00e1s de 100 a\u00f1os, con un enfoque en crear muebles de alta calidad para jardines y terrazas. Conocidos por su artesan\u00eda y por utilizar materiales duraderos y sostenibles, lo cual les permite ofrecer productos elegantes y resistentes a las condiciones clim\u00e1ticas adversas.<br \/>\n<strong>Point<\/strong> combina t\u00e9cnicas tradicionales con dise\u00f1os innovadores, colaborando frecuentemente con dise\u00f1adores de renombre para crear piezas tanto funcionales como est\u00e9ticamente agradables.<\/span>[\/vc_column_text][\/vc_column_inner][\/vc_row_inner][vc_row_inner content_placement=\u00bbbottom\u00bb][vc_column_inner][vc_column_text]<a href=\"https:\/\/www.point1920.com\/\">www.point1920.com<\/a>[\/vc_column_text][\/vc_column_inner][\/vc_row_inner][\/vc_column][\/vc_row][vc_row][vc_column css=\u00bb.vc_custom_1615488032930{padding-top: 60px !important;}\u00bb][vc_row_inner][vc_column_inner]<div class=\"edgtf-separator-holder clearfix  edgtf-separator-center edgtf-separator-vertical\">\n\t<div class=\"edgtf-separator\" style=\"border-color: #333333;border-style: solid;height: 30px;border-left-width: 2px\"><\/div>\n<\/div>\n[vc_custom_heading text=\u00bbPRODUCTES SELECCIONATS\u00bb font_container=\u00bbtag:h3|font_size:32px|text_align:center|color:%233d3935|line_height:1.6&#8243; google_fonts=\u00bbfont_family:Roboto%3A100%2C100italic%2C300%2C300italic%2Cregular%2Citalic%2C500%2C500italic%2C700%2C700italic%2C900%2C900italic|font_style:700%20bold%20regular%3A700%3Anormal\u00bb]<div class=\"edgtf-separator-holder clearfix  edgtf-separator-center edgtf-separator-vertical\">\n\t<div class=\"edgtf-separator\" style=\"border-color: #333333;border-style: solid;height: 30px;border-left-width: 2px\"><\/div>\n<\/div>\n[\/vc_column_inner][\/vc_row_inner][\/vc_column][\/vc_row][vc_row][vc_column css=\u00bb.vc_custom_1615565554899{padding-top: 60px !important;}\u00bb][vc_row_inner][vc_column_inner width=\u00bb1\/5&#8243;]<div class=\"edgtf-single-image-holder  edgtf-has-shadow edgtf-image-behavior-custom-link\">\n    <div class=\"edgtf-si-inner\" >\n        \t            <a itemprop=\"url\" href=\"\/es\/producto\/silla-paralel\/\" target=\"_self\">\n                                    <img loading=\"lazy\" decoding=\"async\" width=\"500\" height=\"500\" src=\"https:\/\/grao.info\/wp-content\/uploads\/2024\/05\/POINT-2019-106781_white.jpg\" class=\"attachment-full size-full\" alt=\"\" srcset=\"https:\/\/grao.info\/wp-content\/uploads\/2024\/05\/POINT-2019-106781_white.jpg 500w, https:\/\/grao.info\/wp-content\/uploads\/2024\/05\/POINT-2019-106781_white-300x300.jpg 300w, https:\/\/grao.info\/wp-content\/uploads\/2024\/05\/POINT-2019-106781_white-150x150.jpg 150w, https:\/\/grao.info\/wp-content\/uploads\/2024\/05\/POINT-2019-106781_white-100x100.jpg 100w\" sizes=\"(max-width: 500px) 100vw, 500px\" \/>                                <\/a>\n            <\/div>\n<\/div>[vc_column_text]<\/p>\n<p style=\"text-align: center;\">SILLA PARALEL<\/p>\n<p>[\/vc_column_text][\/vc_column_inner][vc_column_inner width=\u00bb1\/5&#8243;]<div class=\"edgtf-single-image-holder  edgtf-has-shadow edgtf-image-behavior-custom-link\">\n    <div class=\"edgtf-si-inner\" >\n        \t            <a itemprop=\"url\" href=\"\/es\/producto\/mesa-paralel\/\" target=\"_self\">\n                                    <img loading=\"lazy\" decoding=\"async\" width=\"500\" height=\"500\" src=\"https:\/\/grao.info\/wp-content\/uploads\/2024\/05\/POINT-2019-106863_white.jpg\" class=\"attachment-full size-full\" alt=\"\" srcset=\"https:\/\/grao.info\/wp-content\/uploads\/2024\/05\/POINT-2019-106863_white.jpg 500w, https:\/\/grao.info\/wp-content\/uploads\/2024\/05\/POINT-2019-106863_white-300x300.jpg 300w, https:\/\/grao.info\/wp-content\/uploads\/2024\/05\/POINT-2019-106863_white-150x150.jpg 150w, https:\/\/grao.info\/wp-content\/uploads\/2024\/05\/POINT-2019-106863_white-100x100.jpg 100w\" sizes=\"(max-width: 500px) 100vw, 500px\" \/>                                <\/a>\n            <\/div>\n<\/div>[vc_column_text]<\/p>\n<p style=\"text-align: center;\">MESA PARALEL<\/p>\n<p>[\/vc_column_text][\/vc_column_inner][vc_column_inner width=\u00bb1\/5&#8243;]<div class=\"edgtf-single-image-holder  edgtf-has-shadow edgtf-image-behavior-custom-link\">\n    <div class=\"edgtf-si-inner\" >\n        \t            <a itemprop=\"url\" href=\"\/es\/producto\/sofa-city\/\" target=\"_self\">\n                                    <img loading=\"lazy\" decoding=\"async\" width=\"500\" height=\"500\" src=\"https:\/\/grao.info\/wp-content\/uploads\/2024\/05\/POINT-2020-4-2351_blanco-copia.jpg\" class=\"attachment-full size-full\" alt=\"\" srcset=\"https:\/\/grao.info\/wp-content\/uploads\/2024\/05\/POINT-2020-4-2351_blanco-copia.jpg 500w, https:\/\/grao.info\/wp-content\/uploads\/2024\/05\/POINT-2020-4-2351_blanco-copia-300x300.jpg 300w, https:\/\/grao.info\/wp-content\/uploads\/2024\/05\/POINT-2020-4-2351_blanco-copia-150x150.jpg 150w, https:\/\/grao.info\/wp-content\/uploads\/2024\/05\/POINT-2020-4-2351_blanco-copia-100x100.jpg 100w\" sizes=\"(max-width: 500px) 100vw, 500px\" \/>                                <\/a>\n            <\/div>\n<\/div>[vc_column_text]<\/p>\n<p style=\"text-align: center;\">CITY<\/p>\n<p>[\/vc_column_text][\/vc_column_inner][vc_column_inner width=\u00bb1\/5&#8243;]<div class=\"edgtf-single-image-holder  edgtf-has-shadow edgtf-image-behavior-custom-link\">\n    <div class=\"edgtf-si-inner\" >\n        \t            <a itemprop=\"url\" href=\"\/es\/producto\/long-island\/\" target=\"_self\">\n                                    <img loading=\"lazy\" decoding=\"async\" width=\"500\" height=\"500\" src=\"https:\/\/grao.info\/wp-content\/uploads\/2024\/05\/POINT-2020-7-0398.jpg\" class=\"attachment-full size-full\" alt=\"\" srcset=\"https:\/\/grao.info\/wp-content\/uploads\/2024\/05\/POINT-2020-7-0398.jpg 500w, https:\/\/grao.info\/wp-content\/uploads\/2024\/05\/POINT-2020-7-0398-300x300.jpg 300w, https:\/\/grao.info\/wp-content\/uploads\/2024\/05\/POINT-2020-7-0398-150x150.jpg 150w, https:\/\/grao.info\/wp-content\/uploads\/2024\/05\/POINT-2020-7-0398-100x100.jpg 100w\" sizes=\"(max-width: 500px) 100vw, 500px\" \/>                                <\/a>\n            <\/div>\n<\/div>[vc_column_text]<\/p>\n<p style=\"text-align: center;\">LONG ISLAND<\/p>\n<p>[\/vc_column_text][\/vc_column_inner][vc_column_inner width=\u00bb1\/5&#8243;]<div class=\"edgtf-single-image-holder  edgtf-has-shadow edgtf-image-behavior-custom-link\">\n    <div class=\"edgtf-si-inner\" >\n        \t            <a itemprop=\"url\" href=\"\/es\/producto\/sofa-pal\/\" target=\"_self\">\n                                    <img loading=\"lazy\" decoding=\"async\" width=\"500\" height=\"500\" src=\"https:\/\/grao.info\/wp-content\/uploads\/2024\/05\/Captura-de-pantalla-2024-04-24-a-las-13.55.09.png\" class=\"attachment-full size-full\" alt=\"\" srcset=\"https:\/\/grao.info\/wp-content\/uploads\/2024\/05\/Captura-de-pantalla-2024-04-24-a-las-13.55.09.png 500w, https:\/\/grao.info\/wp-content\/uploads\/2024\/05\/Captura-de-pantalla-2024-04-24-a-las-13.55.09-300x300.png 300w, https:\/\/grao.info\/wp-content\/uploads\/2024\/05\/Captura-de-pantalla-2024-04-24-a-las-13.55.09-150x150.png 150w, https:\/\/grao.info\/wp-content\/uploads\/2024\/05\/Captura-de-pantalla-2024-04-24-a-las-13.55.09-100x100.png 100w\" sizes=\"(max-width: 500px) 100vw, 500px\" \/>                                <\/a>\n            <\/div>\n<\/div>[vc_column_text]<\/p>\n<p style=\"text-align: center;\">PAL<\/p>\n<p>[\/vc_column_text][\/vc_column_inner][\/vc_row_inner][\/vc_column][\/vc_row][vc_row][vc_column css=\u00bb.vc_custom_1615565597146{padding-top: 30px !important;}\u00bb][vc_row_inner][vc_column_inner width=\u00bb1\/5&#8243;]<div class=\"edgtf-single-image-holder  edgtf-has-shadow edgtf-image-behavior-custom-link\">\n    <div class=\"edgtf-si-inner\" >\n        \t            <a itemprop=\"url\" href=\"\/es\/producto\/sofa-kubik\/\" target=\"_self\">\n                                    <img loading=\"lazy\" decoding=\"async\" width=\"500\" height=\"500\" src=\"https:\/\/grao.info\/wp-content\/uploads\/2024\/05\/POINT_79647_Kubik_wb_01.jpg\" class=\"attachment-full size-full\" alt=\"\" srcset=\"https:\/\/grao.info\/wp-content\/uploads\/2024\/05\/POINT_79647_Kubik_wb_01.jpg 500w, https:\/\/grao.info\/wp-content\/uploads\/2024\/05\/POINT_79647_Kubik_wb_01-300x300.jpg 300w, https:\/\/grao.info\/wp-content\/uploads\/2024\/05\/POINT_79647_Kubik_wb_01-150x150.jpg 150w, https:\/\/grao.info\/wp-content\/uploads\/2024\/05\/POINT_79647_Kubik_wb_01-100x100.jpg 100w\" sizes=\"(max-width: 500px) 100vw, 500px\" \/>                                <\/a>\n            <\/div>\n<\/div>[vc_column_text]<\/p>\n<p style=\"text-align: center;\">SOF\u00c1 KUBIK<\/p>\n<p>[\/vc_column_text][\/vc_column_inner][vc_column_inner width=\u00bb1\/5&#8243;]<div class=\"edgtf-single-image-holder  edgtf-has-shadow edgtf-image-behavior-custom-link\">\n    <div class=\"edgtf-si-inner\" >\n        \t            <a itemprop=\"url\" href=\"\/es\/producto\/silla-weave\/\" target=\"_self\">\n                                    <img loading=\"lazy\" decoding=\"async\" width=\"500\" height=\"500\" src=\"https:\/\/grao.info\/wp-content\/uploads\/2024\/05\/7710761-Sillon-comedor-Weave-C61-copia.jpg\" class=\"attachment-full size-full\" alt=\"\" srcset=\"https:\/\/grao.info\/wp-content\/uploads\/2024\/05\/7710761-Sillon-comedor-Weave-C61-copia.jpg 500w, https:\/\/grao.info\/wp-content\/uploads\/2024\/05\/7710761-Sillon-comedor-Weave-C61-copia-300x300.jpg 300w, https:\/\/grao.info\/wp-content\/uploads\/2024\/05\/7710761-Sillon-comedor-Weave-C61-copia-150x150.jpg 150w, https:\/\/grao.info\/wp-content\/uploads\/2024\/05\/7710761-Sillon-comedor-Weave-C61-copia-100x100.jpg 100w\" sizes=\"(max-width: 500px) 100vw, 500px\" \/>                                <\/a>\n            <\/div>\n<\/div>[vc_column_text]<\/p>\n<p style=\"text-align: center;\">WEAVE<\/p>\n<p>[\/vc_column_text][\/vc_column_inner][vc_column_inner width=\u00bb1\/5&#8243;]<div class=\"edgtf-single-image-holder  edgtf-has-shadow edgtf-image-behavior-custom-link\">\n    <div class=\"edgtf-si-inner\" >\n        \t            <a itemprop=\"url\" href=\"\/es\/producto\/sofa-paralel\/\" target=\"_self\">\n                                    <img loading=\"lazy\" decoding=\"async\" width=\"500\" height=\"500\" src=\"https:\/\/grao.info\/wp-content\/uploads\/2024\/05\/POINT-2019-106705_white.jpg\" class=\"attachment-full size-full\" alt=\"\" srcset=\"https:\/\/grao.info\/wp-content\/uploads\/2024\/05\/POINT-2019-106705_white.jpg 500w, https:\/\/grao.info\/wp-content\/uploads\/2024\/05\/POINT-2019-106705_white-300x300.jpg 300w, https:\/\/grao.info\/wp-content\/uploads\/2024\/05\/POINT-2019-106705_white-150x150.jpg 150w, https:\/\/grao.info\/wp-content\/uploads\/2024\/05\/POINT-2019-106705_white-100x100.jpg 100w\" sizes=\"(max-width: 500px) 100vw, 500px\" \/>                                <\/a>\n            <\/div>\n<\/div>[vc_column_text]<\/p>\n<p style=\"text-align: center;\">SOF\u00c1 PARALEL<\/p>\n<p>[\/vc_column_text][\/vc_column_inner][vc_column_inner width=\u00bb1\/5&#8243;]<div class=\"edgtf-single-image-holder  edgtf-has-shadow edgtf-image-behavior-custom-link\">\n    <div class=\"edgtf-si-inner\" >\n        \t            <a itemprop=\"url\" href=\"\/es\/producto\/mesa-kubik\/\" target=\"_self\">\n                                    <img loading=\"lazy\" decoding=\"async\" width=\"500\" height=\"500\" src=\"https:\/\/grao.info\/wp-content\/uploads\/2024\/05\/POINT_79608_Kubik_wb.jpg\" class=\"attachment-full size-full\" alt=\"\" srcset=\"https:\/\/grao.info\/wp-content\/uploads\/2024\/05\/POINT_79608_Kubik_wb.jpg 500w, https:\/\/grao.info\/wp-content\/uploads\/2024\/05\/POINT_79608_Kubik_wb-300x300.jpg 300w, https:\/\/grao.info\/wp-content\/uploads\/2024\/05\/POINT_79608_Kubik_wb-150x150.jpg 150w, https:\/\/grao.info\/wp-content\/uploads\/2024\/05\/POINT_79608_Kubik_wb-100x100.jpg 100w\" sizes=\"(max-width: 500px) 100vw, 500px\" \/>                                <\/a>\n            <\/div>\n<\/div>[vc_column_text]<\/p>\n<p style=\"text-align: center;\">MESA KUBIK<\/p>\n<p>[\/vc_column_text][\/vc_column_inner][vc_column_inner width=\u00bb1\/5&#8243;]<div class=\"edgtf-single-image-holder  edgtf-has-shadow edgtf-image-behavior-custom-link\">\n    <div class=\"edgtf-si-inner\" >\n        \t            <a itemprop=\"url\" href=\"\/es\/producto\/silla-summer\/\" target=\"_self\">\n                                    <img loading=\"lazy\" decoding=\"async\" width=\"500\" height=\"500\" src=\"https:\/\/grao.info\/wp-content\/uploads\/2024\/05\/Captura-de-pantalla-2024-04-24-a-las-13.34.30.png\" class=\"attachment-full size-full\" alt=\"\" srcset=\"https:\/\/grao.info\/wp-content\/uploads\/2024\/05\/Captura-de-pantalla-2024-04-24-a-las-13.34.30.png 500w, https:\/\/grao.info\/wp-content\/uploads\/2024\/05\/Captura-de-pantalla-2024-04-24-a-las-13.34.30-300x300.png 300w, https:\/\/grao.info\/wp-content\/uploads\/2024\/05\/Captura-de-pantalla-2024-04-24-a-las-13.34.30-150x150.png 150w, https:\/\/grao.info\/wp-content\/uploads\/2024\/05\/Captura-de-pantalla-2024-04-24-a-las-13.34.30-100x100.png 100w\" sizes=\"(max-width: 500px) 100vw, 500px\" \/>                                <\/a>\n            <\/div>\n<\/div>[vc_column_text]<\/p>\n<p style=\"text-align: center;\">SUMMER<\/p>\n<p>[\/vc_column_text][\/vc_column_inner][\/vc_row_inner][vc_empty_space height=\u00bb100px\u00bb][\/vc_column][\/vc_row]<\/p>\n","protected":false},"excerpt":{"rendered":"<p>[vc_row equal_height=\u00bbyes\u00bb content_placement=\u00bbbottom\u00bb][vc_column width=\u00bb2\/3&#8243;][\/vc_column][vc_column width=\u00bb1\/3&#8243;][vc_row_inner content_placement=\u00bbbottom\u00bb][vc_column_inner][vc_column_text]Point es una marca conocida de muebles que se especializa en mobiliario de exterior. Originaria de Espa\u00f1a, Point tiene una larga historia que se remonta a m\u00e1s de 100 a\u00f1os, con un enfoque en crear [&hellip;]<\/p>\n","protected":false},"author":2,"featured_media":0,"parent":4006,"menu_order":0,"comment_status":"closed","ping_status":"closed","template":"","meta":{"footnotes":""},"acf":[],"yoast_head":"<!-- This site is optimized with the Yoast SEO Premium plugin v23.0 (Yoast SEO v23.0) - https:\/\/yoast.com\/wordpress\/plugins\/seo\/ -->\n<title>Point - Grao<\/title>\n<meta name=\"robots\" content=\"index, follow, max-snippet:-1, max-image-preview:large, max-video-preview:-1\" \/>\n<link rel=\"canonical\" href=\"https:\/\/grao.info\/es\/marcas\/point\/\" \/>\n<meta property=\"og:locale\" content=\"es_ES\" \/>\n<meta property=\"og:type\" content=\"article\" \/>\n<meta property=\"og:title\" content=\"Point\" \/>\n<meta property=\"og:description\" content=\"[vc_row equal_height=\u00bbyes\u00bb content_placement=\u00bbbottom\u00bb][vc_column width=\u00bb2\/3&#8243;][\/vc_column][vc_column width=\u00bb1\/3&#8243;][vc_row_inner content_placement=\u00bbbottom\u00bb][vc_column_inner][vc_column_text]Point es una marca conocida de muebles que se especializa en mobiliario de exterior. Originaria de Espa\u00f1a, Point tiene una larga historia que se remonta a m\u00e1s de 100 a\u00f1os, con un enfoque en crear [&hellip;]\" \/>\n<meta property=\"og:url\" content=\"https:\/\/grao.info\/es\/marcas\/point\/\" \/>\n<meta property=\"og:site_name\" content=\"Grao\" \/>\n<meta property=\"article:modified_time\" content=\"2026-02-05T17:00:33+00:00\" \/>\n<meta name=\"twitter:card\" content=\"summary_large_image\" \/>\n<meta name=\"twitter:label1\" content=\"Tiempo de lectura\" \/>\n\t<meta name=\"twitter:data1\" content=\"1 minuto\" \/>\n<script type=\"application\/ld+json\" class=\"yoast-schema-graph\">{\"@context\":\"https:\/\/schema.org\",\"@graph\":[{\"@type\":\"WebPage\",\"@id\":\"https:\/\/grao.info\/es\/marcas\/point\/\",\"url\":\"https:\/\/grao.info\/es\/marcas\/point\/\",\"name\":\"Point - Grao\",\"isPartOf\":{\"@id\":\"https:\/\/grao.info\/es\/#website\"},\"datePublished\":\"2026-02-05T16:58:24+00:00\",\"dateModified\":\"2026-02-05T17:00:33+00:00\",\"breadcrumb\":{\"@id\":\"https:\/\/grao.info\/es\/marcas\/point\/#breadcrumb\"},\"inLanguage\":\"es\",\"potentialAction\":[{\"@type\":\"ReadAction\",\"target\":[\"https:\/\/grao.info\/es\/marcas\/point\/\"]}]},{\"@type\":\"BreadcrumbList\",\"@id\":\"https:\/\/grao.info\/es\/marcas\/point\/#breadcrumb\",\"itemListElement\":[{\"@type\":\"ListItem\",\"position\":1,\"name\":\"Portada\",\"item\":\"https:\/\/grao.info\/es\/\"},{\"@type\":\"ListItem\",\"position\":2,\"name\":\"Marcas\",\"item\":\"https:\/\/grao.info\/es\/marcas\/\"},{\"@type\":\"ListItem\",\"position\":3,\"name\":\"Point\"}]},{\"@type\":\"WebSite\",\"@id\":\"https:\/\/grao.info\/es\/#website\",\"url\":\"https:\/\/grao.info\/es\/\",\"name\":\"Grao\",\"description\":\"\",\"publisher\":{\"@id\":\"https:\/\/grao.info\/es\/#organization\"},\"potentialAction\":[{\"@type\":\"SearchAction\",\"target\":{\"@type\":\"EntryPoint\",\"urlTemplate\":\"https:\/\/grao.info\/es\/?s={search_term_string}\"},\"query-input\":\"required name=search_term_string\"}],\"inLanguage\":\"es\"},{\"@type\":\"Organization\",\"@id\":\"https:\/\/grao.info\/es\/#organization\",\"name\":\"Grao\",\"url\":\"https:\/\/grao.info\/es\/\",\"logo\":{\"@type\":\"ImageObject\",\"inLanguage\":\"es\",\"@id\":\"https:\/\/grao.info\/es\/#\/schema\/logo\/image\/\",\"url\":\"https:\/\/grao.info\/wp-content\/uploads\/2022\/04\/logo-mobil-1.png\",\"contentUrl\":\"https:\/\/grao.info\/wp-content\/uploads\/2022\/04\/logo-mobil-1.png\",\"width\":275,\"height\":85,\"caption\":\"Grao\"},\"image\":{\"@id\":\"https:\/\/grao.info\/es\/#\/schema\/logo\/image\/\"}}]}<\/script>\n<!-- \/ Yoast SEO Premium plugin. -->","yoast_head_json":{"title":"Point - Grao","robots":{"index":"index","follow":"follow","max-snippet":"max-snippet:-1","max-image-preview":"max-image-preview:large","max-video-preview":"max-video-preview:-1"},"canonical":"https:\/\/grao.info\/es\/marcas\/point\/","og_locale":"es_ES","og_type":"article","og_title":"Point","og_description":"[vc_row equal_height=\u00bbyes\u00bb content_placement=\u00bbbottom\u00bb][vc_column width=\u00bb2\/3&#8243;][\/vc_column][vc_column width=\u00bb1\/3&#8243;][vc_row_inner content_placement=\u00bbbottom\u00bb][vc_column_inner][vc_column_text]Point es una marca conocida de muebles que se especializa en mobiliario de exterior. Originaria de Espa\u00f1a, Point tiene una larga historia que se remonta a m\u00e1s de 100 a\u00f1os, con un enfoque en crear [&hellip;]","og_url":"https:\/\/grao.info\/es\/marcas\/point\/","og_site_name":"Grao","article_modified_time":"2026-02-05T17:00:33+00:00","twitter_card":"summary_large_image","twitter_misc":{"Tiempo de lectura":"1 minuto"},"schema":{"@context":"https:\/\/schema.org","@graph":[{"@type":"WebPage","@id":"https:\/\/grao.info\/es\/marcas\/point\/","url":"https:\/\/grao.info\/es\/marcas\/point\/","name":"Point - Grao","isPartOf":{"@id":"https:\/\/grao.info\/es\/#website"},"datePublished":"2026-02-05T16:58:24+00:00","dateModified":"2026-02-05T17:00:33+00:00","breadcrumb":{"@id":"https:\/\/grao.info\/es\/marcas\/point\/#breadcrumb"},"inLanguage":"es","potentialAction":[{"@type":"ReadAction","target":["https:\/\/grao.info\/es\/marcas\/point\/"]}]},{"@type":"BreadcrumbList","@id":"https:\/\/grao.info\/es\/marcas\/point\/#breadcrumb","itemListElement":[{"@type":"ListItem","position":1,"name":"Portada","item":"https:\/\/grao.info\/es\/"},{"@type":"ListItem","position":2,"name":"Marcas","item":"https:\/\/grao.info\/es\/marcas\/"},{"@type":"ListItem","position":3,"name":"Point"}]},{"@type":"WebSite","@id":"https:\/\/grao.info\/es\/#website","url":"https:\/\/grao.info\/es\/","name":"Grao","description":"","publisher":{"@id":"https:\/\/grao.info\/es\/#organization"},"potentialAction":[{"@type":"SearchAction","target":{"@type":"EntryPoint","urlTemplate":"https:\/\/grao.info\/es\/?s={search_term_string}"},"query-input":"required name=search_term_string"}],"inLanguage":"es"},{"@type":"Organization","@id":"https:\/\/grao.info\/es\/#organization","name":"Grao","url":"https:\/\/grao.info\/es\/","logo":{"@type":"ImageObject","inLanguage":"es","@id":"https:\/\/grao.info\/es\/#\/schema\/logo\/image\/","url":"https:\/\/grao.info\/wp-content\/uploads\/2022\/04\/logo-mobil-1.png","contentUrl":"https:\/\/grao.info\/wp-content\/uploads\/2022\/04\/logo-mobil-1.png","width":275,"height":85,"caption":"Grao"},"image":{"@id":"https:\/\/grao.info\/es\/#\/schema\/logo\/image\/"}}]}},"_links":{"self":[{"href":"https:\/\/grao.info\/es\/wp-json\/wp\/v2\/pages\/29066"}],"collection":[{"href":"https:\/\/grao.info\/es\/wp-json\/wp\/v2\/pages"}],"about":[{"href":"https:\/\/grao.info\/es\/wp-json\/wp\/v2\/types\/page"}],"author":[{"embeddable":true,"href":"https:\/\/grao.info\/es\/wp-json\/wp\/v2\/users\/2"}],"replies":[{"embeddable":true,"href":"https:\/\/grao.info\/es\/wp-json\/wp\/v2\/comments?post=29066"}],"version-history":[{"count":8,"href":"https:\/\/grao.info\/es\/wp-json\/wp\/v2\/pages\/29066\/revisions"}],"predecessor-version":[{"id":29124,"href":"https:\/\/grao.info\/es\/wp-json\/wp\/v2\/pages\/29066\/revisions\/29124"}],"up":[{"embeddable":true,"href":"https:\/\/grao.info\/es\/wp-json\/wp\/v2\/pages\/4006"}],"wp:attachment":[{"href":"https:\/\/grao.info\/es\/wp-json\/wp\/v2\/media?parent=29066"}],"curies":[{"name":"wp","href":"https:\/\/api.w.org\/{rel}","templated":true}]}}