{"id":3,"date":"2021-02-23T12:18:14","date_gmt":"2021-02-23T12:18:14","guid":{"rendered":"https:\/\/grao.info\/?page_id=3"},"modified":"2021-03-25T19:23:21","modified_gmt":"2021-03-25T19:23:21","slug":"politica-de-cookies","status":"publish","type":"page","link":"https:\/\/grao.info\/es\/politica-de-cookies\/","title":{"rendered":"Pol\u00edtica de cookies"},"content":{"rendered":"<p>[vc_row][vc_column][vc_row_inner][vc_column_inner][vc_empty_space height=\u00bb100px\u00bb][vc_column_text]<strong>Definici\u00f3n y funci\u00f3n de las cookies<\/strong><\/p>\n<p><strong>\u00bfPor qu\u00e9 tengo que informar sobre las cookies?<\/strong><\/p>\n<p>Dentro del reglamento LSSI-CE (Ley de la sociedad de la informaci\u00f3n y del comercio electr\u00f3nico), hay un apartado dedicado a las cookies que exige, a quienes tenemos una web, que descargue en tu navegador cookies de terceros a informar al usuario sobre el tipo de cookies, la duraci\u00f3n y la finalidad de cada una de ellas. Comprender\u00e1s que no es nada sencillo, pero debo por ley acercarme lo m\u00e1ximo posible a estas exigencias.<\/p>\n<p>Nuestra web utiliza cookies propias y de terceros para conseguir que el usuario tenga una mejor experiencia de navegaci\u00f3n, para que puedas compartir contenido en redes sociales y para obtener estad\u00edsticas y h\u00e1bitos de navegaci\u00f3n de usuarios de este blog.<\/p>\n<p>Como usuario, puedes rechazar el tratamiento de los datos o la informaci\u00f3n bloqueando estas cookies mediante la configuraci\u00f3n apropiada de tu navegador. Sin embargo, debes saber que, si lo haces, nuestra plataforma web no funcionar\u00e1 adecuadamente.<\/p>\n<p>Seg\u00fan el art\u00edculo 22.2 de la Ley 34\/2002 de Servicios de la Sociedad de la Informaci\u00f3n y Comercio Electr\u00f3nico, si contin\u00faa navegando, estar\u00e1 prestando Su consentimiento para el empleo de estas cookies.<\/p>\n<p>Como usuario, acepta expresamente, por la utilizaci\u00f3n de esta web el tratamiento de la informaci\u00f3n recabada en la forma y con los fines que se detallan a continuaci\u00f3n. Asimismo, se admite conocer la posibilidad de rechazar el tratamiento de tales datos o informaci\u00f3n rechazando el uso de Cookies mediante la selecci\u00f3n de la configuraci\u00f3n apropiada a tal fin en tu navegador. Si bien esta opci\u00f3n de bloqueo de Cookies en su navegador puede no permitirle el uso pleno de todas las funcionalidades de esta web.<\/p>\n<p><strong>\u00bfQu\u00e9 son las cookies?<\/strong><\/p>\n<p>Una cookie es un archivo que se descarga en su ordenador al acceder a determinadas p\u00e1ginas web.<\/p>\n<p>Las cookies permiten a una p\u00e1gina web, entre otras cosas, almacenar y recuperar informaci\u00f3n sobre los h\u00e1bitos de navegaci\u00f3n de un usuario o de su equipo y, dependiendo de la informaci\u00f3n que contengan y de la forma en que utilice su equipo, se pueden utilizar para reconocer el usuario.<\/p>\n<p><strong>\u00bfQu\u00e9 tipos de cookies utiliza esta p\u00e1gina web?<\/strong><\/p>\n<p><strong>Cookies t\u00e9cnicas y de personalizaci\u00f3n:<\/strong><\/p>\n<p>Necesarias o convenientes para la prestaci\u00f3n de determinados servicios. Las primeras permiten al usuario la navegaci\u00f3n a trav\u00e9s de la p\u00e1gina web y la utilizaci\u00f3n de los diferentes servicios que hay, y las segundas permiten acceder al usuario al servicio con algunas caracter\u00edsticas de car\u00e1cter general predefinidas.<br \/>\nSe utilizan cookies para el idioma, para el gestor de contenidos y el mantenimiento de sesi\u00f3n cuando es necesario. Si se desactivan estas cookies podr\u00eda no recibir correctamente los contenidos del sitio web.<\/p>\n<p><strong>Cookies anal\u00edticas:<\/strong><\/p>\n<p>Ya sea porque son tratadas por nosotros o por terceros, permiten hacer el seguimiento y an\u00e1lisis estad\u00edstico del comportamiento del conjunto de los usuarios. Si se desactivan estas cookies, el sitio web podr\u00e1 seguir funcionando, sin perjuicio de que la informaci\u00f3n captada por estas cookies sobre el uso de nuestra web y sobre su contenido permite mejorar nuestros servicios.<\/p>\n<p>Cookies de redes sociales externas: Que se utilizan para que los visitantes puedan interactuar con el contenido de diferentes plataformas sociales.<\/p>\n<p>Forma de desactivar o eliminar las cookies<br \/>\nUsted puede permitir, bloquear o eliminar las cookies instaladas en su equipo mediante la configuraci\u00f3n de las opciones del navegador en su ordenador.<\/p>\n<p>\u2022 Configuraci\u00f3n para\u00a0<a href=\"https:\/\/support.google.com\/chrome\/answer\/95647?co=GENIE.Platform%3DDesktop&amp;hl=es\">Google Chrome<\/a><br \/>\n\u2022 Configuraci\u00f3n para\u00a0<a href=\"https:\/\/support.microsoft.com\/es-es\/help\/278835\/how-to-delete-cookie-files-in-internet-explorer\">Internet Explorer<\/a><br \/>\n\u2022 Configuraci\u00f3n para\u00a0<a href=\"https:\/\/support.apple.com\/es-es\/HT201265\">Safari<\/a><br \/>\n\u2022 Configuraci\u00f3n para\u00a0<a href=\"https:\/\/support.mozilla.org\/es\/kb\/habilitar-y-deshabilitar-cookies-sitios-web-rastrear-preferencias\">Mozilla Firefox<\/a><\/p>\n<p>Informaci\u00f3n sobre la identificaci\u00f3n de quien utiliza las cookies<br \/>\nLa informaci\u00f3n obtenida por las cookies es tratada por ROSA CERVETO-MARTA MAS SL en que se ha contratado la prestaci\u00f3n del servicio de anal\u00edtica con Google Analytics donde siguiendo el\u00a0<a href=\"https:\/\/www.google.com\/analytics\/terms\/es.html\">link<\/a>\u00a0podr\u00e1 acceder a sus condiciones legales.<br \/>\nTambi\u00e9n puede que haya complementos de otros proveedores en que siguiendo los siguientes v\u00ednculos podr\u00e1 comprobar las condiciones legales respecto a las cookies de cada uno de ellos:<\/p>\n<p>\u2022 <a href=\"https:\/\/es-es.facebook.com\/policies\/cookies\/\">Facebook<\/a><br \/>\n\u2022 <a href=\"https:\/\/help.twitter.com\/es\/rules-and-policies\/twitter-cookies\">Twitter<\/a><br \/>\n\u2022 <a href=\"https:\/\/www.linkedin.com\/legal\/cookie-policy?_l=es_ES\">LinkedIn<\/a><br \/>\n\u2022 <a href=\"https:\/\/es-la.facebook.com\/help\/instagram\/155833707900388\/\">Instagram<\/a><br \/>\n\u2022 <a href=\"https:\/\/vimeo.com\/cookie_policy\">Vimeo<\/a><br \/>\n\u2022 <a href=\"https:\/\/www.youtube.com\/static?gl=ES&amp;template=terms&amp;hl=es\">Youtube<\/a><\/p>\n<p><strong>Actualizaci\u00f3n de la pol\u00edtica de cookies<\/strong><\/p>\n<p>Es posible que, por nuevas interpretaciones realizadas por el organismo regulador competente, jueces o tribunales, esta pol\u00edtica de cookies pueda sufrir alguna modificaci\u00f3n por lo que se ruega al usuario que compruebe de forma regular su contenido.<\/p>\n<p>Igualmente, <strong>ROSA CERVETO-MARTA MAS SL<\/strong> garantiza expresamente a los usuarios que sus datos personales no ser\u00e1n cedidos en ning\u00fan caso a terceros sin solicitud de previo consentimiento expreso, informado e inequ\u00edvoco, para la cesi\u00f3n concreta.<\/p>\n<p>Sin embargo, el <strong>ROSA CERVETO-MARTA MAS SL<\/strong> podr\u00e1 revelar a la autoridad p\u00fablica competente los datos personales, as\u00ed como cualquier otra informaci\u00f3n que est\u00e9 en su poder a trav\u00e9s de sus sistemas inform\u00e1ticos, previo requerimiento, de conformidad con las disposiciones legales aplicables, as\u00ed como que podr\u00e1 revelar a terceros los datos estrictamente necesarios por obligaci\u00f3n contractual.[\/vc_column_text][vc_empty_space height=\u00bb60px\u00bb][\/vc_column_inner][\/vc_row_inner][\/vc_column][\/vc_row]<\/p>\n","protected":false},"excerpt":{"rendered":"<p>[vc_row][vc_column][vc_row_inner][vc_column_inner][vc_empty_space height=\u00bb100px\u00bb][vc_column_text]Definici\u00f3n y funci\u00f3n de las cookies \u00bfPor qu\u00e9 tengo que informar sobre las cookies? Dentro del reglamento LSSI-CE (Ley de la sociedad de la informaci\u00f3n y del comercio electr\u00f3nico), hay un apartado dedicado a las cookies que exige, a [&hellip;]<\/p>\n","protected":false},"author":1,"featured_media":0,"parent":0,"menu_order":0,"comment_status":"closed","ping_status":"closed","template":"","meta":{"footnotes":""},"acf":[],"yoast_head":"<!-- This site is optimized with the Yoast SEO Premium plugin v23.0 (Yoast SEO v23.0) - https:\/\/yoast.com\/wordpress\/plugins\/seo\/ -->\n<title>Pol\u00edtica de cookies - Grao<\/title>\n<meta name=\"robots\" content=\"index, follow, max-snippet:-1, max-image-preview:large, max-video-preview:-1\" \/>\n<link rel=\"canonical\" href=\"https:\/\/grao.info\/es\/politica-de-cookies\/\" \/>\n<meta property=\"og:locale\" content=\"es_ES\" \/>\n<meta property=\"og:type\" content=\"article\" \/>\n<meta property=\"og:title\" content=\"Pol\u00edtica de cookies\" \/>\n<meta property=\"og:description\" content=\"[vc_row][vc_column][vc_row_inner][vc_column_inner][vc_empty_space height=\u00bb100px\u00bb][vc_column_text]Definici\u00f3n y funci\u00f3n de las cookies \u00bfPor qu\u00e9 tengo que informar sobre las cookies? Dentro del reglamento LSSI-CE (Ley de la sociedad de la informaci\u00f3n y del comercio electr\u00f3nico), hay un apartado dedicado a las cookies que exige, a [&hellip;]\" \/>\n<meta property=\"og:url\" content=\"https:\/\/grao.info\/es\/politica-de-cookies\/\" \/>\n<meta property=\"og:site_name\" content=\"Grao\" \/>\n<meta property=\"article:modified_time\" content=\"2021-03-25T19:23:21+00:00\" \/>\n<meta name=\"twitter:card\" content=\"summary_large_image\" \/>\n<meta name=\"twitter:label1\" content=\"Tiempo de lectura\" \/>\n\t<meta name=\"twitter:data1\" content=\"4 minutos\" \/>\n<script type=\"application\/ld+json\" class=\"yoast-schema-graph\">{\"@context\":\"https:\/\/schema.org\",\"@graph\":[{\"@type\":\"WebPage\",\"@id\":\"https:\/\/grao.info\/es\/politica-de-cookies\/\",\"url\":\"https:\/\/grao.info\/es\/politica-de-cookies\/\",\"name\":\"Pol\u00edtica de cookies - Grao\",\"isPartOf\":{\"@id\":\"https:\/\/grao.info\/es\/#website\"},\"datePublished\":\"2021-02-23T12:18:14+00:00\",\"dateModified\":\"2021-03-25T19:23:21+00:00\",\"breadcrumb\":{\"@id\":\"https:\/\/grao.info\/es\/politica-de-cookies\/#breadcrumb\"},\"inLanguage\":\"es\",\"potentialAction\":[{\"@type\":\"ReadAction\",\"target\":[\"https:\/\/grao.info\/es\/politica-de-cookies\/\"]}]},{\"@type\":\"BreadcrumbList\",\"@id\":\"https:\/\/grao.info\/es\/politica-de-cookies\/#breadcrumb\",\"itemListElement\":[{\"@type\":\"ListItem\",\"position\":1,\"name\":\"Portada\",\"item\":\"https:\/\/grao.info\/es\/\"},{\"@type\":\"ListItem\",\"position\":2,\"name\":\"Pol\u00edtica de cookies\"}]},{\"@type\":\"WebSite\",\"@id\":\"https:\/\/grao.info\/es\/#website\",\"url\":\"https:\/\/grao.info\/es\/\",\"name\":\"Grao\",\"description\":\"\",\"publisher\":{\"@id\":\"https:\/\/grao.info\/es\/#organization\"},\"potentialAction\":[{\"@type\":\"SearchAction\",\"target\":{\"@type\":\"EntryPoint\",\"urlTemplate\":\"https:\/\/grao.info\/es\/?s={search_term_string}\"},\"query-input\":\"required name=search_term_string\"}],\"inLanguage\":\"es\"},{\"@type\":\"Organization\",\"@id\":\"https:\/\/grao.info\/es\/#organization\",\"name\":\"Grao\",\"url\":\"https:\/\/grao.info\/es\/\",\"logo\":{\"@type\":\"ImageObject\",\"inLanguage\":\"es\",\"@id\":\"https:\/\/grao.info\/es\/#\/schema\/logo\/image\/\",\"url\":\"https:\/\/grao.info\/wp-content\/uploads\/2022\/04\/logo-mobil-1.png\",\"contentUrl\":\"https:\/\/grao.info\/wp-content\/uploads\/2022\/04\/logo-mobil-1.png\",\"width\":275,\"height\":85,\"caption\":\"Grao\"},\"image\":{\"@id\":\"https:\/\/grao.info\/es\/#\/schema\/logo\/image\/\"}}]}<\/script>\n<!-- \/ Yoast SEO Premium plugin. -->","yoast_head_json":{"title":"Pol\u00edtica de cookies - Grao","robots":{"index":"index","follow":"follow","max-snippet":"max-snippet:-1","max-image-preview":"max-image-preview:large","max-video-preview":"max-video-preview:-1"},"canonical":"https:\/\/grao.info\/es\/politica-de-cookies\/","og_locale":"es_ES","og_type":"article","og_title":"Pol\u00edtica de cookies","og_description":"[vc_row][vc_column][vc_row_inner][vc_column_inner][vc_empty_space height=\u00bb100px\u00bb][vc_column_text]Definici\u00f3n y funci\u00f3n de las cookies \u00bfPor qu\u00e9 tengo que informar sobre las cookies? Dentro del reglamento LSSI-CE (Ley de la sociedad de la informaci\u00f3n y del comercio electr\u00f3nico), hay un apartado dedicado a las cookies que exige, a [&hellip;]","og_url":"https:\/\/grao.info\/es\/politica-de-cookies\/","og_site_name":"Grao","article_modified_time":"2021-03-25T19:23:21+00:00","twitter_card":"summary_large_image","twitter_misc":{"Tiempo de lectura":"4 minutos"},"schema":{"@context":"https:\/\/schema.org","@graph":[{"@type":"WebPage","@id":"https:\/\/grao.info\/es\/politica-de-cookies\/","url":"https:\/\/grao.info\/es\/politica-de-cookies\/","name":"Pol\u00edtica de cookies - Grao","isPartOf":{"@id":"https:\/\/grao.info\/es\/#website"},"datePublished":"2021-02-23T12:18:14+00:00","dateModified":"2021-03-25T19:23:21+00:00","breadcrumb":{"@id":"https:\/\/grao.info\/es\/politica-de-cookies\/#breadcrumb"},"inLanguage":"es","potentialAction":[{"@type":"ReadAction","target":["https:\/\/grao.info\/es\/politica-de-cookies\/"]}]},{"@type":"BreadcrumbList","@id":"https:\/\/grao.info\/es\/politica-de-cookies\/#breadcrumb","itemListElement":[{"@type":"ListItem","position":1,"name":"Portada","item":"https:\/\/grao.info\/es\/"},{"@type":"ListItem","position":2,"name":"Pol\u00edtica de cookies"}]},{"@type":"WebSite","@id":"https:\/\/grao.info\/es\/#website","url":"https:\/\/grao.info\/es\/","name":"Grao","description":"","publisher":{"@id":"https:\/\/grao.info\/es\/#organization"},"potentialAction":[{"@type":"SearchAction","target":{"@type":"EntryPoint","urlTemplate":"https:\/\/grao.info\/es\/?s={search_term_string}"},"query-input":"required name=search_term_string"}],"inLanguage":"es"},{"@type":"Organization","@id":"https:\/\/grao.info\/es\/#organization","name":"Grao","url":"https:\/\/grao.info\/es\/","logo":{"@type":"ImageObject","inLanguage":"es","@id":"https:\/\/grao.info\/es\/#\/schema\/logo\/image\/","url":"https:\/\/grao.info\/wp-content\/uploads\/2022\/04\/logo-mobil-1.png","contentUrl":"https:\/\/grao.info\/wp-content\/uploads\/2022\/04\/logo-mobil-1.png","width":275,"height":85,"caption":"Grao"},"image":{"@id":"https:\/\/grao.info\/es\/#\/schema\/logo\/image\/"}}]}},"_links":{"self":[{"href":"https:\/\/grao.info\/es\/wp-json\/wp\/v2\/pages\/3"}],"collection":[{"href":"https:\/\/grao.info\/es\/wp-json\/wp\/v2\/pages"}],"about":[{"href":"https:\/\/grao.info\/es\/wp-json\/wp\/v2\/types\/page"}],"author":[{"embeddable":true,"href":"https:\/\/grao.info\/es\/wp-json\/wp\/v2\/users\/1"}],"replies":[{"embeddable":true,"href":"https:\/\/grao.info\/es\/wp-json\/wp\/v2\/comments?post=3"}],"version-history":[{"count":0,"href":"https:\/\/grao.info\/es\/wp-json\/wp\/v2\/pages\/3\/revisions"}],"wp:attachment":[{"href":"https:\/\/grao.info\/es\/wp-json\/wp\/v2\/media?parent=3"}],"curies":[{"name":"wp","href":"https:\/\/api.w.org\/{rel}","templated":true}]}}