{"id":5894,"date":"2021-03-12T17:20:02","date_gmt":"2021-03-12T17:20:02","guid":{"rendered":"https:\/\/grao.info\/?page_id=5894"},"modified":"2025-04-16T15:32:07","modified_gmt":"2025-04-16T15:32:07","slug":"emu","status":"publish","type":"page","link":"https:\/\/grao.info\/es\/marcas\/emu\/","title":{"rendered":"Emu"},"content":{"rendered":"<p>[vc_row equal_height=\u00bbyes\u00bb content_placement=\u00bbbottom\u00bb][vc_column width=\u00bb2\/3&#8243;]<div class=\"edgtf-image-gallery  edgtf-ig-grid-type edgtf-large-space edgtf-has-shadow edgtf-image-behavior-lightbox \">\n\t<div class=\"edgtf-ig-inner edgtf-outer-space edgtf-ig-grid edgtf-ig-three-columns\">\n\t\t\t\t\t<div class=\"edgtf-ig-image edgtf-item-space\">\n\t\t\t\t<div class=\"edgtf-ig-image-inner\">\n\t\t\t\t\t\t\t\t\t\t\t<a itemprop=\"image\" class=\"edgtf-ig-lightbox\" href=\"https:\/\/grao.info\/wp-content\/uploads\/2024\/10\/cabla-emu-grao-ambiente.jpg\" data-rel=\"prettyPhoto[image_gallery_pretty_photo-682]\" title=\"cabla-emu-grao-ambiente\">\n\t\t\t\t\t\t\t\t\t\t\t<img loading=\"lazy\" decoding=\"async\" src=\"https:\/\/grao.info\/wp-content\/uploads\/2024\/10\/cabla-emu-grao-ambiente-320x220.jpg\" alt=\"\" width=\"320\" height=\"220\" \/>\t\t\t\t\t\t\t\t\t\t\t<\/a>\n\t\t\t\t\t\t\t\t\t<\/div>\n\t\t\t<\/div>\n\t\t\t\t\t<div class=\"edgtf-ig-image edgtf-item-space\">\n\t\t\t\t<div class=\"edgtf-ig-image-inner\">\n\t\t\t\t\t\t\t\t\t\t\t<a itemprop=\"image\" class=\"edgtf-ig-lightbox\" href=\"https:\/\/grao.info\/wp-content\/uploads\/2022\/04\/Nova-I-Thor.png\" data-rel=\"prettyPhoto[image_gallery_pretty_photo-682]\" title=\"Nova I Thor\">\n\t\t\t\t\t\t\t\t\t\t\t<img loading=\"lazy\" decoding=\"async\" src=\"https:\/\/grao.info\/wp-content\/uploads\/2022\/04\/Nova-I-Thor-320x220.png\" alt=\"\" width=\"320\" height=\"220\" \/>\t\t\t\t\t\t\t\t\t\t\t<\/a>\n\t\t\t\t\t\t\t\t\t<\/div>\n\t\t\t<\/div>\n\t\t\t\t\t<div class=\"edgtf-ig-image edgtf-item-space\">\n\t\t\t\t<div class=\"edgtf-ig-image-inner\">\n\t\t\t\t\t\t\t\t\t\t\t<a itemprop=\"image\" class=\"edgtf-ig-lightbox\" href=\"https:\/\/grao.info\/wp-content\/uploads\/2022\/04\/Cannole-.png\" data-rel=\"prettyPhoto[image_gallery_pretty_photo-682]\" title=\"Cannol\u00e8\">\n\t\t\t\t\t\t\t\t\t\t\t<img loading=\"lazy\" decoding=\"async\" src=\"https:\/\/grao.info\/wp-content\/uploads\/2022\/04\/Cannole--320x220.png\" alt=\"\" width=\"320\" height=\"220\" \/>\t\t\t\t\t\t\t\t\t\t\t<\/a>\n\t\t\t\t\t\t\t\t\t<\/div>\n\t\t\t<\/div>\n\t\t\t\t\t<div class=\"edgtf-ig-image edgtf-item-space\">\n\t\t\t\t<div class=\"edgtf-ig-image-inner\">\n\t\t\t\t\t\t\t\t\t\t\t<a itemprop=\"image\" class=\"edgtf-ig-lightbox\" href=\"https:\/\/grao.info\/wp-content\/uploads\/2022\/04\/Yard.png\" data-rel=\"prettyPhoto[image_gallery_pretty_photo-682]\" title=\"Yard\">\n\t\t\t\t\t\t\t\t\t\t\t<img loading=\"lazy\" decoding=\"async\" src=\"https:\/\/grao.info\/wp-content\/uploads\/2022\/04\/Yard-320x220.png\" alt=\"\" width=\"320\" height=\"220\" \/>\t\t\t\t\t\t\t\t\t\t\t<\/a>\n\t\t\t\t\t\t\t\t\t<\/div>\n\t\t\t<\/div>\n\t\t\t\t\t<div class=\"edgtf-ig-image edgtf-item-space\">\n\t\t\t\t<div class=\"edgtf-ig-image-inner\">\n\t\t\t\t\t\t\t\t\t\t\t<a itemprop=\"image\" class=\"edgtf-ig-lightbox\" href=\"https:\/\/grao.info\/wp-content\/uploads\/2022\/04\/Vetta-.png\" data-rel=\"prettyPhoto[image_gallery_pretty_photo-682]\" title=\"Vetta\">\n\t\t\t\t\t\t\t\t\t\t\t<img loading=\"lazy\" decoding=\"async\" src=\"https:\/\/grao.info\/wp-content\/uploads\/2022\/04\/Vetta--320x220.png\" alt=\"\" width=\"320\" height=\"220\" \/>\t\t\t\t\t\t\t\t\t\t\t<\/a>\n\t\t\t\t\t\t\t\t\t<\/div>\n\t\t\t<\/div>\n\t\t\t\t\t<div class=\"edgtf-ig-image edgtf-item-space\">\n\t\t\t\t<div class=\"edgtf-ig-image-inner\">\n\t\t\t\t\t\t\t\t\t\t\t<a itemprop=\"image\" class=\"edgtf-ig-lightbox\" href=\"https:\/\/grao.info\/wp-content\/uploads\/2025\/04\/Captura-de-Pantalla-2025-04-16-a-las-17.28.30.png\" data-rel=\"prettyPhoto[image_gallery_pretty_photo-682]\" title=\"Captura de Pantalla 2025-04-16 a las 17.28.30\">\n\t\t\t\t\t\t\t\t\t\t\t<img loading=\"lazy\" decoding=\"async\" src=\"https:\/\/grao.info\/wp-content\/uploads\/2025\/04\/Captura-de-Pantalla-2025-04-16-a-las-17.28.30-320x220.png\" alt=\"\" width=\"320\" height=\"220\" \/>\t\t\t\t\t\t\t\t\t\t\t<\/a>\n\t\t\t\t\t\t\t\t\t<\/div>\n\t\t\t<\/div>\n\t\t\t<\/div>\n<\/div>[\/vc_column][vc_column width=\u00bb1\/3&#8243;][vc_column_text]<\/p>\n<p style=\"text-align: left;\"><strong>Emu<\/strong> encontr\u00f3 su vocaci\u00f3n natural en la fabricaci\u00f3n de muebles de exterior, en los que pod\u00eda expresar mejor la tecnolog\u00eda, el patrimonio cultural y el saber hacer local adquirido a partir de la experiencia del trabajo con el metal.<\/p>\n<p style=\"text-align: left;\">La misi\u00f3n de la empresa es llevar en el mundo la cultura italiana de vivir al aire libre, produciendo decoraciones de dise\u00f1o que unen tradici\u00f3n, innovaci\u00f3n tecnol\u00f3gica y calidad, para ambientes privados y colectivos. Crear productos \u00fanicos que duran en el tiempo, gracias a una mezcla equilibrada de b\u00fasqueda est\u00e9tica y funcionalidad, desarrollo tecnol\u00f3gico, manufactura y respeto por el medio ambiente.<\/p>\n<p>[\/vc_column_text][vc_row_inner][vc_column_inner][vc_column_text]<a href=\"https:\/\/www.emu.it\/\">www.emu.it<\/a>[\/vc_column_text][\/vc_column_inner][\/vc_row_inner][\/vc_column][\/vc_row][vc_row][vc_column css=\u00bb.vc_custom_1615488032930{padding-top: 60px !important;}\u00bb][vc_row_inner][vc_column_inner]<div class=\"edgtf-separator-holder clearfix  edgtf-separator-center edgtf-separator-vertical\">\n\t<div class=\"edgtf-separator\" style=\"border-color: #333333;border-style: solid;height: 30px;border-left-width: 2px\"><\/div>\n<\/div>\n[vc_custom_heading text=\u00bbPRODUCTOS SELECCIONADOS\u00bb font_container=\u00bbtag:h3|font_size:32px|text_align:center|color:%233d3935|line_height:1.6&#8243; google_fonts=\u00bbfont_family:Roboto%3A100%2C100italic%2C300%2C300italic%2Cregular%2Citalic%2C500%2C500italic%2C700%2C700italic%2C900%2C900italic|font_style:700%20bold%20regular%3A700%3Anormal\u00bb]<div class=\"edgtf-separator-holder clearfix  edgtf-separator-center edgtf-separator-vertical\">\n\t<div class=\"edgtf-separator\" style=\"border-color: #333333;border-style: solid;height: 30px;border-left-width: 2px\"><\/div>\n<\/div>\n[\/vc_column_inner][\/vc_row_inner][\/vc_column][\/vc_row][vc_row][vc_column css=\u00bb.vc_custom_1615565554899{padding-top: 60px !important;}\u00bb][vc_row_inner][vc_column_inner width=\u00bb1\/5&#8243;]<div class=\"edgtf-single-image-holder  edgtf-has-shadow edgtf-image-behavior-custom-link\">\n    <div class=\"edgtf-si-inner\" >\n        \t            <a itemprop=\"url\" href=\"\/es\/producto\/round\/\" target=\"_self\">\n                                    <img loading=\"lazy\" decoding=\"async\" width=\"550\" height=\"550\" src=\"https:\/\/grao.info\/wp-content\/uploads\/2022\/04\/Round.c.png\" class=\"attachment-full size-full\" alt=\"\" srcset=\"https:\/\/grao.info\/wp-content\/uploads\/2022\/04\/Round.c.png 550w, https:\/\/grao.info\/wp-content\/uploads\/2022\/04\/Round.c-300x300.png 300w, https:\/\/grao.info\/wp-content\/uploads\/2022\/04\/Round.c-150x150.png 150w, https:\/\/grao.info\/wp-content\/uploads\/2022\/04\/Round.c-100x100.png 100w\" sizes=\"(max-width: 550px) 100vw, 550px\" \/>                                <\/a>\n            <\/div>\n<\/div>[vc_column_text]<\/p>\n<p style=\"text-align: center;\">ROUND<\/p>\n<p>[\/vc_column_text][\/vc_column_inner][vc_column_inner width=\u00bb1\/5&#8243;]<div class=\"edgtf-single-image-holder  edgtf-has-shadow edgtf-image-behavior-custom-link\">\n    <div class=\"edgtf-si-inner\" >\n        \t            <a itemprop=\"url\" href=\"\/es\/producto\/urban\/\" target=\"_self\">\n                                    <img loading=\"lazy\" decoding=\"async\" width=\"550\" height=\"550\" src=\"https:\/\/grao.info\/wp-content\/uploads\/2022\/04\/Urban.b.png\" class=\"attachment-full size-full\" alt=\"\" srcset=\"https:\/\/grao.info\/wp-content\/uploads\/2022\/04\/Urban.b.png 550w, https:\/\/grao.info\/wp-content\/uploads\/2022\/04\/Urban.b-300x300.png 300w, https:\/\/grao.info\/wp-content\/uploads\/2022\/04\/Urban.b-150x150.png 150w, https:\/\/grao.info\/wp-content\/uploads\/2022\/04\/Urban.b-100x100.png 100w\" sizes=\"(max-width: 550px) 100vw, 550px\" \/>                                <\/a>\n            <\/div>\n<\/div>[vc_column_text]<\/p>\n<p style=\"text-align: center;\">URBAN<\/p>\n<p>[\/vc_column_text][\/vc_column_inner][vc_column_inner width=\u00bb1\/5&#8243;]<div class=\"edgtf-single-image-holder  edgtf-has-shadow edgtf-image-behavior-custom-link\">\n    <div class=\"edgtf-si-inner\" >\n        \t            <a itemprop=\"url\" href=\"\/es\/producto\/shine\/\" target=\"_self\">\n                                    <img loading=\"lazy\" decoding=\"async\" width=\"550\" height=\"550\" src=\"https:\/\/grao.info\/wp-content\/uploads\/2022\/04\/Shine.a.png\" class=\"attachment-full size-full\" alt=\"\" srcset=\"https:\/\/grao.info\/wp-content\/uploads\/2022\/04\/Shine.a.png 550w, https:\/\/grao.info\/wp-content\/uploads\/2022\/04\/Shine.a-300x300.png 300w, https:\/\/grao.info\/wp-content\/uploads\/2022\/04\/Shine.a-150x150.png 150w, https:\/\/grao.info\/wp-content\/uploads\/2022\/04\/Shine.a-100x100.png 100w\" sizes=\"(max-width: 550px) 100vw, 550px\" \/>                                <\/a>\n            <\/div>\n<\/div>[vc_column_text]<\/p>\n<p style=\"text-align: center;\">SHINE<\/p>\n<p>[\/vc_column_text][\/vc_column_inner][vc_column_inner width=\u00bb1\/5&#8243;]<div class=\"edgtf-single-image-holder  edgtf-has-shadow edgtf-image-behavior-custom-link\">\n    <div class=\"edgtf-si-inner\" >\n        \t            <a itemprop=\"url\" href=\"\/es\/producto\/thor\/\" target=\"_self\">\n                                    <img loading=\"lazy\" decoding=\"async\" width=\"550\" height=\"550\" src=\"https:\/\/grao.info\/wp-content\/uploads\/2022\/04\/Thor.b.png\" class=\"attachment-full size-full\" alt=\"\" srcset=\"https:\/\/grao.info\/wp-content\/uploads\/2022\/04\/Thor.b.png 550w, https:\/\/grao.info\/wp-content\/uploads\/2022\/04\/Thor.b-300x300.png 300w, https:\/\/grao.info\/wp-content\/uploads\/2022\/04\/Thor.b-150x150.png 150w, https:\/\/grao.info\/wp-content\/uploads\/2022\/04\/Thor.b-100x100.png 100w\" sizes=\"(max-width: 550px) 100vw, 550px\" \/>                                <\/a>\n            <\/div>\n<\/div>[vc_column_text]<\/p>\n<p style=\"text-align: center;\">THOR<\/p>\n<p>[\/vc_column_text][\/vc_column_inner][vc_column_inner width=\u00bb1\/5&#8243;]<div class=\"edgtf-single-image-holder  edgtf-has-shadow edgtf-image-behavior-custom-link\">\n    <div class=\"edgtf-si-inner\" >\n        \t            <a itemprop=\"url\" href=\"\/es\/producto\/yard\/\" target=\"_self\">\n                                    <img loading=\"lazy\" decoding=\"async\" width=\"550\" height=\"550\" src=\"https:\/\/grao.info\/wp-content\/uploads\/2022\/04\/Yard-1-e1649756332557.png\" class=\"attachment-full size-full\" alt=\"\" srcset=\"https:\/\/grao.info\/wp-content\/uploads\/2022\/04\/Yard-1-e1649756332557.png 550w, https:\/\/grao.info\/wp-content\/uploads\/2022\/04\/Yard-1-e1649756332557-300x300.png 300w, https:\/\/grao.info\/wp-content\/uploads\/2022\/04\/Yard-1-e1649756332557-150x150.png 150w, https:\/\/grao.info\/wp-content\/uploads\/2022\/04\/Yard-1-e1649756332557-100x100.png 100w\" sizes=\"(max-width: 550px) 100vw, 550px\" \/>                                <\/a>\n            <\/div>\n<\/div>[vc_column_text]<\/p>\n<p style=\"text-align: center;\">YARD<\/p>\n<p>[\/vc_column_text][\/vc_column_inner][\/vc_row_inner][\/vc_column][\/vc_row][vc_row][vc_column css=\u00bb.vc_custom_1615565597146{padding-top: 30px !important;}\u00bb][vc_row_inner][vc_column_inner width=\u00bb1\/5&#8243;]<div class=\"edgtf-single-image-holder  edgtf-has-shadow edgtf-image-behavior-custom-link\">\n    <div class=\"edgtf-si-inner\" >\n        \t            <a itemprop=\"url\" href=\"\/es\/producto\/terramare\/\" target=\"_self\">\n                                    <img loading=\"lazy\" decoding=\"async\" width=\"550\" height=\"550\" src=\"https:\/\/grao.info\/wp-content\/uploads\/2022\/04\/Terramare.c.png\" class=\"attachment-full size-full\" alt=\"\" srcset=\"https:\/\/grao.info\/wp-content\/uploads\/2022\/04\/Terramare.c.png 550w, https:\/\/grao.info\/wp-content\/uploads\/2022\/04\/Terramare.c-300x300.png 300w, https:\/\/grao.info\/wp-content\/uploads\/2022\/04\/Terramare.c-150x150.png 150w, https:\/\/grao.info\/wp-content\/uploads\/2022\/04\/Terramare.c-100x100.png 100w\" sizes=\"(max-width: 550px) 100vw, 550px\" \/>                                <\/a>\n            <\/div>\n<\/div>[vc_column_text]<\/p>\n<p style=\"text-align: center;\">TERRAMARE<\/p>\n<p>[\/vc_column_text][\/vc_column_inner][vc_column_inner width=\u00bb1\/5&#8243;]<div class=\"edgtf-single-image-holder  edgtf-has-shadow edgtf-image-behavior-custom-link\">\n    <div class=\"edgtf-si-inner\" >\n        \t            <a itemprop=\"url\" href=\"\/es\/producto\/cannole\/\" target=\"_self\">\n                                    <img loading=\"lazy\" decoding=\"async\" width=\"550\" height=\"550\" src=\"https:\/\/grao.info\/wp-content\/uploads\/2022\/04\/Cannole.a.2.png\" class=\"attachment-full size-full\" alt=\"\" srcset=\"https:\/\/grao.info\/wp-content\/uploads\/2022\/04\/Cannole.a.2.png 550w, https:\/\/grao.info\/wp-content\/uploads\/2022\/04\/Cannole.a.2-300x300.png 300w, https:\/\/grao.info\/wp-content\/uploads\/2022\/04\/Cannole.a.2-150x150.png 150w, https:\/\/grao.info\/wp-content\/uploads\/2022\/04\/Cannole.a.2-100x100.png 100w\" sizes=\"(max-width: 550px) 100vw, 550px\" \/>                                <\/a>\n            <\/div>\n<\/div>[vc_column_text]<\/p>\n<p style=\"text-align: center;\">CANNOL\u00c8<\/p>\n<p>[\/vc_column_text][\/vc_column_inner][vc_column_inner width=\u00bb1\/5&#8243;]<div class=\"edgtf-single-image-holder  edgtf-has-shadow edgtf-image-behavior-custom-link\">\n    <div class=\"edgtf-si-inner\" >\n        \t            <a itemprop=\"url\" href=\"\/es\/producto\/star\/\" target=\"_self\">\n                                    <img loading=\"lazy\" decoding=\"async\" width=\"550\" height=\"550\" src=\"https:\/\/grao.info\/wp-content\/uploads\/2022\/04\/Star.b-e1649756361863.png\" class=\"attachment-full size-full\" alt=\"\" srcset=\"https:\/\/grao.info\/wp-content\/uploads\/2022\/04\/Star.b-e1649756361863.png 550w, https:\/\/grao.info\/wp-content\/uploads\/2022\/04\/Star.b-e1649756361863-300x300.png 300w, https:\/\/grao.info\/wp-content\/uploads\/2022\/04\/Star.b-e1649756361863-150x150.png 150w, https:\/\/grao.info\/wp-content\/uploads\/2022\/04\/Star.b-e1649756361863-100x100.png 100w\" sizes=\"(max-width: 550px) 100vw, 550px\" \/>                                <\/a>\n            <\/div>\n<\/div>[vc_column_text]<\/p>\n<p style=\"text-align: center;\">STAR<\/p>\n<p>[\/vc_column_text][\/vc_column_inner][vc_column_inner width=\u00bb1\/5&#8243;]<div class=\"edgtf-single-image-holder  edgtf-has-shadow edgtf-image-behavior-custom-link\">\n    <div class=\"edgtf-si-inner\" >\n        \t            <a itemprop=\"url\" href=\"\/es\/producto\/snooze\/\" target=\"_self\">\n                                    <img loading=\"lazy\" decoding=\"async\" width=\"550\" height=\"550\" src=\"https:\/\/grao.info\/wp-content\/uploads\/2022\/04\/Snooze.d.png\" class=\"attachment-full size-full\" alt=\"\" srcset=\"https:\/\/grao.info\/wp-content\/uploads\/2022\/04\/Snooze.d.png 550w, https:\/\/grao.info\/wp-content\/uploads\/2022\/04\/Snooze.d-300x300.png 300w, https:\/\/grao.info\/wp-content\/uploads\/2022\/04\/Snooze.d-150x150.png 150w, https:\/\/grao.info\/wp-content\/uploads\/2022\/04\/Snooze.d-100x100.png 100w\" sizes=\"(max-width: 550px) 100vw, 550px\" \/>                                <\/a>\n            <\/div>\n<\/div>[vc_column_text]<\/p>\n<p style=\"text-align: center;\">SNOOZE<\/p>\n<p>[\/vc_column_text][\/vc_column_inner][vc_column_inner width=\u00bb1\/5&#8243;]<div class=\"edgtf-single-image-holder  edgtf-has-shadow edgtf-image-behavior-custom-link\">\n    <div class=\"edgtf-si-inner\" >\n        \t            <a itemprop=\"url\" href=\"\/es\/producto\/nova-2\/\" target=\"_self\">\n                                    <img loading=\"lazy\" decoding=\"async\" width=\"550\" height=\"550\" src=\"https:\/\/grao.info\/wp-content\/uploads\/2022\/04\/Nova.png\" class=\"attachment-full size-full\" alt=\"\" srcset=\"https:\/\/grao.info\/wp-content\/uploads\/2022\/04\/Nova.png 550w, https:\/\/grao.info\/wp-content\/uploads\/2022\/04\/Nova-300x300.png 300w, https:\/\/grao.info\/wp-content\/uploads\/2022\/04\/Nova-150x150.png 150w, https:\/\/grao.info\/wp-content\/uploads\/2022\/04\/Nova-100x100.png 100w\" sizes=\"(max-width: 550px) 100vw, 550px\" \/>                                <\/a>\n            <\/div>\n<\/div>[vc_column_text]<\/p>\n<p style=\"text-align: center;\">NOVA<\/p>\n<p>[\/vc_column_text][\/vc_column_inner][\/vc_row_inner][vc_empty_space height=\u00bb100px\u00bb][\/vc_column][\/vc_row]<\/p>\n","protected":false},"excerpt":{"rendered":"<p>[vc_row equal_height=\u00bbyes\u00bb content_placement=\u00bbbottom\u00bb][vc_column width=\u00bb2\/3&#8243;][\/vc_column][vc_column width=\u00bb1\/3&#8243;][vc_column_text] Emu encontr\u00f3 su vocaci\u00f3n natural en la fabricaci\u00f3n de muebles de exterior, en los que pod\u00eda expresar mejor la tecnolog\u00eda, el patrimonio cultural y el saber hacer local adquirido a partir de la experiencia del [&hellip;]<\/p>\n","protected":false},"author":1,"featured_media":0,"parent":4006,"menu_order":0,"comment_status":"closed","ping_status":"closed","template":"","meta":{"footnotes":""},"acf":[],"yoast_head":"<!-- This site is optimized with the Yoast SEO Premium plugin v23.0 (Yoast SEO v23.0) - https:\/\/yoast.com\/wordpress\/plugins\/seo\/ -->\n<title>Emu - Grao<\/title>\n<meta name=\"robots\" content=\"index, follow, max-snippet:-1, max-image-preview:large, max-video-preview:-1\" \/>\n<link rel=\"canonical\" href=\"https:\/\/grao.info\/es\/marcas\/emu\/\" \/>\n<meta property=\"og:locale\" content=\"es_ES\" \/>\n<meta property=\"og:type\" content=\"article\" \/>\n<meta property=\"og:title\" content=\"Emu\" \/>\n<meta property=\"og:description\" content=\"[vc_row equal_height=\u00bbyes\u00bb content_placement=\u00bbbottom\u00bb][vc_column width=\u00bb2\/3&#8243;][\/vc_column][vc_column width=\u00bb1\/3&#8243;][vc_column_text] Emu encontr\u00f3 su vocaci\u00f3n natural en la fabricaci\u00f3n de muebles de exterior, en los que pod\u00eda expresar mejor la tecnolog\u00eda, el patrimonio cultural y el saber hacer local adquirido a partir de la experiencia del [&hellip;]\" \/>\n<meta property=\"og:url\" content=\"https:\/\/grao.info\/es\/marcas\/emu\/\" \/>\n<meta property=\"og:site_name\" content=\"Grao\" \/>\n<meta property=\"article:modified_time\" content=\"2025-04-16T15:32:07+00:00\" \/>\n<meta name=\"twitter:card\" content=\"summary_large_image\" \/>\n<meta name=\"twitter:label1\" content=\"Tiempo de lectura\" \/>\n\t<meta name=\"twitter:data1\" content=\"1 minuto\" \/>\n<script type=\"application\/ld+json\" class=\"yoast-schema-graph\">{\"@context\":\"https:\/\/schema.org\",\"@graph\":[{\"@type\":\"WebPage\",\"@id\":\"https:\/\/grao.info\/es\/marcas\/emu\/\",\"url\":\"https:\/\/grao.info\/es\/marcas\/emu\/\",\"name\":\"Emu - Grao\",\"isPartOf\":{\"@id\":\"https:\/\/grao.info\/es\/#website\"},\"datePublished\":\"2021-03-12T17:20:02+00:00\",\"dateModified\":\"2025-04-16T15:32:07+00:00\",\"breadcrumb\":{\"@id\":\"https:\/\/grao.info\/es\/marcas\/emu\/#breadcrumb\"},\"inLanguage\":\"es\",\"potentialAction\":[{\"@type\":\"ReadAction\",\"target\":[\"https:\/\/grao.info\/es\/marcas\/emu\/\"]}]},{\"@type\":\"BreadcrumbList\",\"@id\":\"https:\/\/grao.info\/es\/marcas\/emu\/#breadcrumb\",\"itemListElement\":[{\"@type\":\"ListItem\",\"position\":1,\"name\":\"Portada\",\"item\":\"https:\/\/grao.info\/es\/\"},{\"@type\":\"ListItem\",\"position\":2,\"name\":\"Marcas\",\"item\":\"https:\/\/grao.info\/es\/marcas\/\"},{\"@type\":\"ListItem\",\"position\":3,\"name\":\"Emu\"}]},{\"@type\":\"WebSite\",\"@id\":\"https:\/\/grao.info\/es\/#website\",\"url\":\"https:\/\/grao.info\/es\/\",\"name\":\"Grao\",\"description\":\"\",\"publisher\":{\"@id\":\"https:\/\/grao.info\/es\/#organization\"},\"potentialAction\":[{\"@type\":\"SearchAction\",\"target\":{\"@type\":\"EntryPoint\",\"urlTemplate\":\"https:\/\/grao.info\/es\/?s={search_term_string}\"},\"query-input\":\"required name=search_term_string\"}],\"inLanguage\":\"es\"},{\"@type\":\"Organization\",\"@id\":\"https:\/\/grao.info\/es\/#organization\",\"name\":\"Grao\",\"url\":\"https:\/\/grao.info\/es\/\",\"logo\":{\"@type\":\"ImageObject\",\"inLanguage\":\"es\",\"@id\":\"https:\/\/grao.info\/es\/#\/schema\/logo\/image\/\",\"url\":\"https:\/\/grao.info\/wp-content\/uploads\/2022\/04\/logo-mobil-1.png\",\"contentUrl\":\"https:\/\/grao.info\/wp-content\/uploads\/2022\/04\/logo-mobil-1.png\",\"width\":275,\"height\":85,\"caption\":\"Grao\"},\"image\":{\"@id\":\"https:\/\/grao.info\/es\/#\/schema\/logo\/image\/\"}}]}<\/script>\n<!-- \/ Yoast SEO Premium plugin. -->","yoast_head_json":{"title":"Emu - Grao","robots":{"index":"index","follow":"follow","max-snippet":"max-snippet:-1","max-image-preview":"max-image-preview:large","max-video-preview":"max-video-preview:-1"},"canonical":"https:\/\/grao.info\/es\/marcas\/emu\/","og_locale":"es_ES","og_type":"article","og_title":"Emu","og_description":"[vc_row equal_height=\u00bbyes\u00bb content_placement=\u00bbbottom\u00bb][vc_column width=\u00bb2\/3&#8243;][\/vc_column][vc_column width=\u00bb1\/3&#8243;][vc_column_text] Emu encontr\u00f3 su vocaci\u00f3n natural en la fabricaci\u00f3n de muebles de exterior, en los que pod\u00eda expresar mejor la tecnolog\u00eda, el patrimonio cultural y el saber hacer local adquirido a partir de la experiencia del [&hellip;]","og_url":"https:\/\/grao.info\/es\/marcas\/emu\/","og_site_name":"Grao","article_modified_time":"2025-04-16T15:32:07+00:00","twitter_card":"summary_large_image","twitter_misc":{"Tiempo de lectura":"1 minuto"},"schema":{"@context":"https:\/\/schema.org","@graph":[{"@type":"WebPage","@id":"https:\/\/grao.info\/es\/marcas\/emu\/","url":"https:\/\/grao.info\/es\/marcas\/emu\/","name":"Emu - Grao","isPartOf":{"@id":"https:\/\/grao.info\/es\/#website"},"datePublished":"2021-03-12T17:20:02+00:00","dateModified":"2025-04-16T15:32:07+00:00","breadcrumb":{"@id":"https:\/\/grao.info\/es\/marcas\/emu\/#breadcrumb"},"inLanguage":"es","potentialAction":[{"@type":"ReadAction","target":["https:\/\/grao.info\/es\/marcas\/emu\/"]}]},{"@type":"BreadcrumbList","@id":"https:\/\/grao.info\/es\/marcas\/emu\/#breadcrumb","itemListElement":[{"@type":"ListItem","position":1,"name":"Portada","item":"https:\/\/grao.info\/es\/"},{"@type":"ListItem","position":2,"name":"Marcas","item":"https:\/\/grao.info\/es\/marcas\/"},{"@type":"ListItem","position":3,"name":"Emu"}]},{"@type":"WebSite","@id":"https:\/\/grao.info\/es\/#website","url":"https:\/\/grao.info\/es\/","name":"Grao","description":"","publisher":{"@id":"https:\/\/grao.info\/es\/#organization"},"potentialAction":[{"@type":"SearchAction","target":{"@type":"EntryPoint","urlTemplate":"https:\/\/grao.info\/es\/?s={search_term_string}"},"query-input":"required name=search_term_string"}],"inLanguage":"es"},{"@type":"Organization","@id":"https:\/\/grao.info\/es\/#organization","name":"Grao","url":"https:\/\/grao.info\/es\/","logo":{"@type":"ImageObject","inLanguage":"es","@id":"https:\/\/grao.info\/es\/#\/schema\/logo\/image\/","url":"https:\/\/grao.info\/wp-content\/uploads\/2022\/04\/logo-mobil-1.png","contentUrl":"https:\/\/grao.info\/wp-content\/uploads\/2022\/04\/logo-mobil-1.png","width":275,"height":85,"caption":"Grao"},"image":{"@id":"https:\/\/grao.info\/es\/#\/schema\/logo\/image\/"}}]}},"_links":{"self":[{"href":"https:\/\/grao.info\/es\/wp-json\/wp\/v2\/pages\/5894"}],"collection":[{"href":"https:\/\/grao.info\/es\/wp-json\/wp\/v2\/pages"}],"about":[{"href":"https:\/\/grao.info\/es\/wp-json\/wp\/v2\/types\/page"}],"author":[{"embeddable":true,"href":"https:\/\/grao.info\/es\/wp-json\/wp\/v2\/users\/1"}],"replies":[{"embeddable":true,"href":"https:\/\/grao.info\/es\/wp-json\/wp\/v2\/comments?post=5894"}],"version-history":[{"count":3,"href":"https:\/\/grao.info\/es\/wp-json\/wp\/v2\/pages\/5894\/revisions"}],"predecessor-version":[{"id":26867,"href":"https:\/\/grao.info\/es\/wp-json\/wp\/v2\/pages\/5894\/revisions\/26867"}],"up":[{"embeddable":true,"href":"https:\/\/grao.info\/es\/wp-json\/wp\/v2\/pages\/4006"}],"wp:attachment":[{"href":"https:\/\/grao.info\/es\/wp-json\/wp\/v2\/media?parent=5894"}],"curies":[{"name":"wp","href":"https:\/\/api.w.org\/{rel}","templated":true}]}}