{"id":6139,"date":"2021-03-18T15:47:29","date_gmt":"2021-03-18T15:47:29","guid":{"rendered":"https:\/\/grao.info\/?page_id=6139"},"modified":"2021-03-25T18:04:06","modified_gmt":"2021-03-25T18:04:06","slug":"politica-de-privacidad","status":"publish","type":"page","link":"https:\/\/grao.info\/es\/politica-de-privacidad\/","title":{"rendered":"Pol\u00edtica de privacidad"},"content":{"rendered":"<p>[vc_row][vc_column][vc_row_inner][vc_column_inner][vc_empty_space height=\u00bb100px\u00bb][vc_column_text]La presente pol\u00edtica de privacidad tiene por objeto proporcionar informaci\u00f3n sobre c\u00f3mo trata \u00abROSA CERVETO-MARTA MAS, S.L.\u201dsus datos personales de conformidad con la normativa vigente en materia de protecci\u00f3n de datos de car\u00e1cter personal.<\/p>\n<table width=\"560\" cellspacing=\"0\" cellpadding=\"7\">\n<tbody>\n<tr>\n<td colspan=\"2\" valign=\"top\" width=\"544\">\n<p align=\"center\"><span style=\"color: #538135;\"><b><span style=\"color: #000000;\"><span style=\"font-size: small;\">POL\u00cdTICA DE PRIVACIDAD<\/span><\/span><\/b><\/span><\/p>\n<\/td>\n<\/tr>\n<tr valign=\"top\">\n<td style=\"background: #e2efd9;\" bgcolor=\"#e2efd9\" width=\"221\">\n<p align=\"justify\"><span style=\"color: #538135;\"><b><span style=\"color: #000000;\"><span style=\"font-size: small;\">RESPONSABLE DEL TRATAMIENTO<\/span><\/span><\/b><\/span><\/p>\n<\/td>\n<td style=\"background: #e2efd9;\" bgcolor=\"#e2efd9\" width=\"308\">\n<ul>\n<li><span style=\"color: #538135;\"><span style=\"color: #000000;\"><span style=\"font-size: small;\">\u00ab<\/span><\/span><span style=\"color: #000000;\"><span style=\"font-size: small;\"><b>ROSA CERVETO-MARTA MAS, S.L.\u201d<\/b><\/span><\/span><\/span><\/li>\n<li><span style=\"color: #538135;\"><span style=\"color: #000000;\"><span style=\"font-size: small;\">Do\u00f1a Rosa-Mar\u00eda Cerveto Valls, titular de DNI\/NIF 37.645.024-G.<\/span><\/span><\/span><\/li>\n<li><span style=\"color: #538135;\"><span style=\"color: #000000;\"><span style=\"font-size: small;\">Paseo Col\u00f3n, n\u00famero 18, bajos, c\u00f3digo postal n\u00famero 08002, Barcelona<\/span><\/span><span style=\"color: #000000;\"><span style=\"font-size: small;\"> (Espa\u00f1a)<\/span><\/span><\/span><\/li>\n<li>\n<p align=\"justify\"><span style=\"color: #538135;\"><span style=\"font-size: small;\">+34 933.193.361\u00a0\u00a0<\/span><\/span><\/p>\n<\/li>\n<li>\n<p align=\"justify\"><span style=\"color: #0563c1;\"><u><a href=\"mailto:rgpd@grao.info\"><span style=\"color: #538135;\"><span style=\"font-size: small;\">rgpd@grao.info<\/span><\/span><\/a><\/u><\/span><\/p>\n<\/li>\n<\/ul>\n<\/td>\n<\/tr>\n<tr valign=\"top\">\n<td width=\"221\">\n<p align=\"justify\"><span style=\"color: #538135;\"><b><span style=\"color: #000000;\"><span style=\"font-size: small;\">Finalidades del tratamiento<\/span><\/span><\/b><\/span><\/p>\n<\/td>\n<td width=\"308\">\n<ul>\n<li>\n<p align=\"justify\"><span style=\"color: #538135;\"><span style=\"color: #000000;\"><span style=\"font-size: small;\">Gestionar cualquier tipo de consulta, reclamaci\u00f3n, pregunta o necesidad de informaci\u00f3n.<\/span><\/span><\/span><\/p>\n<\/li>\n<li>\n<p align=\"justify\"><span style=\"color: #538135;\"><span style=\"color: #000000;\"><span style=\"font-size: small;\">Prestar servicios de comercio y distribuci\u00f3n de mobiliario, aparatos de iluminaci\u00f3n y otros art\u00edculos de uso dom\u00e9stico.<\/span><\/span><\/span><\/p>\n<\/li>\n<li>\n<p align=\"justify\"><span style=\"color: #538135;\"><span style=\"color: #000000;\"><span style=\"font-size: small;\">Realizar la facturaci\u00f3n de los servicios prestados y gestionar el cobro de los mismos.<\/span><\/span><\/span><\/p>\n<\/li>\n<li>\n<p align=\"justify\"><span style=\"color: #538135;\"><span style=\"color: #000000;\"><span style=\"font-size: small;\">Remitir newsletters de promoci\u00f3n sobre los productos y\/o servicios y comunicaciones informativas y corporativas de \u201cROSA CERVETO-MARTA MAS, S.L.\u201d que puedan ser de su inter\u00e9s.<\/span><\/span><\/span><\/p>\n<\/li>\n<li>\n<p align=\"justify\"><span style=\"color: #538135;\"><span style=\"color: #000000;\"><span style=\"font-size: small;\">Atender su petici\u00f3n de poder participar en nuestros procesos de selecci\u00f3n y ofertas de trabajo.<\/span><\/span><\/span><\/p>\n<\/li>\n<\/ul>\n<\/td>\n<\/tr>\n<tr valign=\"top\">\n<td style=\"background: #e2efd9;\" bgcolor=\"#e2efd9\" width=\"221\">\n<p align=\"justify\"><span style=\"color: #538135;\"><b><span style=\"color: #000000;\"><span style=\"font-size: small;\">BASES LEGITIMADORAS PRINCIPALES<\/span><\/span><\/b><\/span><\/p>\n<\/td>\n<td style=\"background: #e2efd9;\" bgcolor=\"#e2efd9\" width=\"308\">\n<ul>\n<li>\n<p align=\"justify\"><span style=\"color: #538135;\"><span style=\"color: #000000;\"><span style=\"font-size: small;\">Ejecuci\u00f3n del contrato.<\/span><\/span><\/span><\/p>\n<\/li>\n<li>\n<p align=\"justify\"><span style=\"color: #538135;\"><span style=\"color: #000000;\"><span style=\"font-size: small;\">Consentimiento.<\/span><\/span><\/span><\/p>\n<\/li>\n<li>\n<p align=\"justify\"><span style=\"color: #538135;\"><span style=\"color: #000000;\"><span style=\"font-size: small;\">Cumplimiento de obligaciones legales.<\/span><\/span><\/span><\/p>\n<\/li>\n<\/ul>\n<\/td>\n<\/tr>\n<tr valign=\"top\">\n<td width=\"221\">\n<p align=\"justify\"><span style=\"color: #538135;\"><b><span style=\"color: #000000;\"><span style=\"font-size: small;\">DERECHOS<\/span><\/span><\/b><\/span><\/p>\n<\/td>\n<td width=\"308\">\n<ul>\n<li>\n<p align=\"justify\"><span style=\"color: #538135;\"><span style=\"color: #000000;\"><span style=\"font-size: small;\">Entre otros, derecho de acceso, rectificaci\u00f3n, supresi\u00f3n, oposici\u00f3n y portabilidad de los datos, derecho a oponerse al tratamiento en cualquier momento, por motivos relacionados con su situaci\u00f3n particular, en caso de que el tratamiento est\u00e9 basado en el inter\u00e9s leg\u00edtimo.<\/span><\/span><\/span><\/p>\n<\/li>\n<\/ul>\n<\/td>\n<\/tr>\n<tr valign=\"top\">\n<td style=\"background: #e2efd9;\" bgcolor=\"#e2efd9\" width=\"221\">\n<p align=\"justify\"><span style=\"color: #538135;\"><b><span style=\"color: #000000;\">PROCEDENCIA<\/span><\/b><\/span><\/p>\n<\/td>\n<td style=\"background: #e2efd9;\" bgcolor=\"#e2efd9\" width=\"308\">\n<ul>\n<li>\n<p align=\"justify\"><span style=\"color: #538135;\"><span style=\"color: #000000;\">Facilitados por el titular.<\/span><\/span><\/p>\n<\/li>\n<\/ul>\n<\/td>\n<\/tr>\n<\/tbody>\n<\/table>\n<p><strong>I. RESPONSABLE DEL TRATAMIENTO<\/strong><\/p>\n<p><strong>\u00bfQui\u00e9n es el responsable de sus datos de car\u00e1cter personal?<\/strong><\/p>\n<p>El responsable del tratamiento de sus datos de car\u00e1cter personal es la sociedad \u00ab<strong>ROSA CERVETO-MARTA MAS, S.L<\/strong>.\u201d, con domicilio social en Barcelona, Paseo Col\u00f3n, n\u00famero 18, bajos, c\u00f3digo postal n\u00famero 08002, provista de N\u00famero de Identificaci\u00f3n Fiscal (N.I.F.) B-60.999.976 y del correo electr\u00f3nico indicado a continuaci\u00f3n: rgpd@grao.info e inscrita en el Registre Mercantil de Barcelona, en la Hoja B-138462 Tomo 28678 Folio 182 (en adelante, el \u201cResponsable de Tratamiento\u201d).<\/p>\n<p><strong>II. FINALIDADES DEL TRATAMIENTO<\/strong><\/p>\n<p><strong>\u00bfCon qu\u00e9 finalidad tratamos sus datos?<\/strong><\/p>\n<p>Tratamos sus datos de cara a las siguientes finalidades:<\/p>\n<p>\u2022 Gestionar cualquier tipo de consulta, reclamaci\u00f3n, pregunta o necesidad de informaci\u00f3n.<br \/>\n\u2022 Prestar servicios de comercio y distribuci\u00f3n de mobiliario, aparatos de iluminaci\u00f3n y otros art\u00edculos de uso dom\u00e9stico.<br \/>\n\u2022 Realizar la facturaci\u00f3n de los servicios prestados y gestionar el cobro de los mismos.<br \/>\n\u2022 Remitir newsletters de promoci\u00f3n sobre los productos y\/o servicios y comunicaciones informativas y corporativas de \u201c<strong>ROSA CERVETO-MARTA MAS, S.L.<\/strong>\u201d que puedan ser de su inter\u00e9s.<br \/>\n\u2022 Atender su petici\u00f3n de poder participar en nuestros procesos de selecci\u00f3n y ofertas de trabajo.<\/p>\n<p><strong>\u00bfEs obligatorio que nos facilite todos sus datos?<\/strong><\/p>\n<p>Cuando se solicitan datos para tramitar sus peticiones, se informar\u00e1 del car\u00e1cter necesario de los datos que se consideran imprescindibles. Si no se facilitan estos datos obligatorios, no ser\u00e1 posible tramitar la solicitud efectuada.<\/p>\n<p><strong>\u00bfCu\u00e1nto tiempo guardamos sus datos?<\/strong><\/p>\n<p>Los datos personales que nos proporcione se conservar\u00e1n\u00a0mientras se mantenga la relaci\u00f3n profesional o mercantil y no nos solicite su supresi\u00f3n. En todo caso, sus datos podr\u00e1n ser conservados durante el plazo legal que sea aplicable en cada momento para que los titulares de los datos puedan cumplir con la normativa vigente.<\/p>\n<p>Los curriculum vitae que nos facilite, ser\u00e1n destruidos si no encajan con los perfiles requeridos por el Responsable de Tratamiento, o se conservar\u00e1n durante un m\u00e1ximo de un a\u00f1o, en caso de que el Responsable de Tratamiento pudiera considerar que potencialmente puede ser interesante para futuros procesos de selecci\u00f3n para la empresa o alg\u00fan cliente. En este caso se le informar\u00eda y se le solicitar\u00eda el consentimiento en el momento adecuado.<\/p>\n<p><strong>III.- LEGITIMACI\u00d3N DEL TRATAMIENTO<\/strong><\/p>\n<p><strong>\u00bfCu\u00e1l es la legitimaci\u00f3n para el tratamiento de sus datos?<\/strong><\/p>\n<p>La base legal para el tratamiento de sus datos es la de dar respuesta a su petici\u00f3n de informaci\u00f3n, a la contrataci\u00f3n de los servicios solicitados la de ejecuci\u00f3n de los servicios contratados o la gesti\u00f3n de su curriculum vitae.<\/p>\n<p><strong>IV. DESTINATARIOS<\/strong><\/p>\n<p><strong>\u00bfCu\u00e1l es la legitimaci\u00f3n para el tratamiento de sus datos?<\/strong><\/p>\n<p>Sus datos se incorporar\u00e1n a la base de datos perteneciente al Responsable de Tratamiento y no ser\u00e1n cedidos a terceros, salvo obligaci\u00f3n legal, ni trasferidos a pa\u00edses u organizaciones internacionales sin su consentimiento expreso.<\/p>\n<p>No obstante, para la realizaci\u00f3n de nuestros servicios, puede ser necesario compartir sus datos con proveedores o profesionales colaboradores los cuales, en cualquier caso, est\u00e1n sometidos a la correspondiente obligaci\u00f3n de confidencialidad y deber de secreto profesional.<\/p>\n<p><strong>V. DERECHOS DE LOS INTERESADOS<\/strong><\/p>\n<p><strong>\u00bfCu\u00e1les son sus derechos cuando nos facilita sus datos?<\/strong><\/p>\n<p>Le informamos de que goza de los siguientes derechos:<\/p>\n<p>1. \u00a0Derecho a solicitar el acceso a sus datos personales.<br \/>\n2. \u00a0Derecho a solicitar su rectificaci\u00f3n o supresi\u00f3n.<br \/>\n3. \u00a0Derecho a solicitar la limitaci\u00f3n de su tratamiento.<br \/>\n4. \u00a0Derecho a oponerse al tratamiento.<br \/>\n5. \u00a0Derecho a la portabilidad de los datos.<br \/>\n6. \u00a0Derecho a retirar el consentimiento prestado<\/p>\n<p>Podr\u00e1 hacer efectivos tales derechos en cualquier momento y de forma gratuita mediante la remisi\u00f3n de una comunicaci\u00f3n escrita a la sociedad \u00ab<strong>ROSA CERVETO-MARTA MAS, S.L<\/strong>.\u201d con domicilio social en Barcelona, Paseo Col\u00f3n, n\u00famero 18, bajos, c\u00f3digo postal n\u00famero 08002, provisto de N\u00famero de Identificaci\u00f3n Fiscal (N.I.F.) B-60.999.976o mediante el envio de un correo electr\u00f3nico a la direcci\u00f3n que se indica a continuaci\u00f3n:rgpd@grao.info.<\/p>\n<p>Adicionalmente, podr\u00e1 interponer reclamaci\u00f3n ante la Autoridad de Control competente si considera que la responsable del Tratamiento ha tratado sus datos contraviniendo la presente Pol\u00edtica de Privacidad o cualquier otra normativa vigente relacionada.<\/p>\n<p><strong>Actualizaci\u00f3n marzo 2021<\/strong>.[\/vc_column_text][vc_empty_space height=\u00bb60px\u00bb][\/vc_column_inner][\/vc_row_inner][\/vc_column][\/vc_row]<\/p>\n","protected":false},"excerpt":{"rendered":"<p>[vc_row][vc_column][vc_row_inner][vc_column_inner][vc_empty_space height=\u00bb100px\u00bb][vc_column_text]La presente pol\u00edtica de privacidad tiene por objeto proporcionar informaci\u00f3n sobre c\u00f3mo trata \u00abROSA CERVETO-MARTA MAS, S.L.\u201dsus datos personales de conformidad con la normativa vigente en materia de protecci\u00f3n de datos de car\u00e1cter personal. POL\u00cdTICA DE PRIVACIDAD RESPONSABLE DEL [&hellip;]<\/p>\n","protected":false},"author":1,"featured_media":0,"parent":0,"menu_order":0,"comment_status":"closed","ping_status":"open","template":"","meta":{"footnotes":""},"acf":[],"yoast_head":"<!-- This site is optimized with the Yoast SEO Premium plugin v23.0 (Yoast SEO v23.0) - https:\/\/yoast.com\/wordpress\/plugins\/seo\/ -->\n<title>Pol\u00edtica de privacidad - Grao<\/title>\n<meta name=\"robots\" content=\"index, follow, max-snippet:-1, max-image-preview:large, max-video-preview:-1\" \/>\n<link rel=\"canonical\" href=\"https:\/\/grao.info\/es\/politica-de-privacidad\/\" \/>\n<meta property=\"og:locale\" content=\"es_ES\" \/>\n<meta property=\"og:type\" content=\"article\" \/>\n<meta property=\"og:title\" content=\"Pol\u00edtica de privacidad\" \/>\n<meta property=\"og:description\" content=\"[vc_row][vc_column][vc_row_inner][vc_column_inner][vc_empty_space height=\u00bb100px\u00bb][vc_column_text]La presente pol\u00edtica de privacidad tiene por objeto proporcionar informaci\u00f3n sobre c\u00f3mo trata \u00abROSA CERVETO-MARTA MAS, S.L.\u201dsus datos personales de conformidad con la normativa vigente en materia de protecci\u00f3n de datos de car\u00e1cter personal. POL\u00cdTICA DE PRIVACIDAD RESPONSABLE DEL [&hellip;]\" \/>\n<meta property=\"og:url\" content=\"https:\/\/grao.info\/es\/politica-de-privacidad\/\" \/>\n<meta property=\"og:site_name\" content=\"Grao\" \/>\n<meta property=\"article:modified_time\" content=\"2021-03-25T18:04:06+00:00\" \/>\n<meta name=\"twitter:card\" content=\"summary_large_image\" \/>\n<meta name=\"twitter:label1\" content=\"Tiempo de lectura\" \/>\n\t<meta name=\"twitter:data1\" content=\"4 minutos\" \/>\n<script type=\"application\/ld+json\" class=\"yoast-schema-graph\">{\"@context\":\"https:\/\/schema.org\",\"@graph\":[{\"@type\":\"WebPage\",\"@id\":\"https:\/\/grao.info\/es\/politica-de-privacidad\/\",\"url\":\"https:\/\/grao.info\/es\/politica-de-privacidad\/\",\"name\":\"Pol\u00edtica de privacidad - Grao\",\"isPartOf\":{\"@id\":\"https:\/\/grao.info\/es\/#website\"},\"datePublished\":\"2021-03-18T15:47:29+00:00\",\"dateModified\":\"2021-03-25T18:04:06+00:00\",\"breadcrumb\":{\"@id\":\"https:\/\/grao.info\/es\/politica-de-privacidad\/#breadcrumb\"},\"inLanguage\":\"es\",\"potentialAction\":[{\"@type\":\"ReadAction\",\"target\":[\"https:\/\/grao.info\/es\/politica-de-privacidad\/\"]}]},{\"@type\":\"BreadcrumbList\",\"@id\":\"https:\/\/grao.info\/es\/politica-de-privacidad\/#breadcrumb\",\"itemListElement\":[{\"@type\":\"ListItem\",\"position\":1,\"name\":\"Portada\",\"item\":\"https:\/\/grao.info\/es\/\"},{\"@type\":\"ListItem\",\"position\":2,\"name\":\"Pol\u00edtica de privacidad\"}]},{\"@type\":\"WebSite\",\"@id\":\"https:\/\/grao.info\/es\/#website\",\"url\":\"https:\/\/grao.info\/es\/\",\"name\":\"Grao\",\"description\":\"\",\"publisher\":{\"@id\":\"https:\/\/grao.info\/es\/#organization\"},\"potentialAction\":[{\"@type\":\"SearchAction\",\"target\":{\"@type\":\"EntryPoint\",\"urlTemplate\":\"https:\/\/grao.info\/es\/?s={search_term_string}\"},\"query-input\":\"required name=search_term_string\"}],\"inLanguage\":\"es\"},{\"@type\":\"Organization\",\"@id\":\"https:\/\/grao.info\/es\/#organization\",\"name\":\"Grao\",\"url\":\"https:\/\/grao.info\/es\/\",\"logo\":{\"@type\":\"ImageObject\",\"inLanguage\":\"es\",\"@id\":\"https:\/\/grao.info\/es\/#\/schema\/logo\/image\/\",\"url\":\"https:\/\/grao.info\/wp-content\/uploads\/2022\/04\/logo-mobil-1.png\",\"contentUrl\":\"https:\/\/grao.info\/wp-content\/uploads\/2022\/04\/logo-mobil-1.png\",\"width\":275,\"height\":85,\"caption\":\"Grao\"},\"image\":{\"@id\":\"https:\/\/grao.info\/es\/#\/schema\/logo\/image\/\"}}]}<\/script>\n<!-- \/ Yoast SEO Premium plugin. -->","yoast_head_json":{"title":"Pol\u00edtica de privacidad - Grao","robots":{"index":"index","follow":"follow","max-snippet":"max-snippet:-1","max-image-preview":"max-image-preview:large","max-video-preview":"max-video-preview:-1"},"canonical":"https:\/\/grao.info\/es\/politica-de-privacidad\/","og_locale":"es_ES","og_type":"article","og_title":"Pol\u00edtica de privacidad","og_description":"[vc_row][vc_column][vc_row_inner][vc_column_inner][vc_empty_space height=\u00bb100px\u00bb][vc_column_text]La presente pol\u00edtica de privacidad tiene por objeto proporcionar informaci\u00f3n sobre c\u00f3mo trata \u00abROSA CERVETO-MARTA MAS, S.L.\u201dsus datos personales de conformidad con la normativa vigente en materia de protecci\u00f3n de datos de car\u00e1cter personal. POL\u00cdTICA DE PRIVACIDAD RESPONSABLE DEL [&hellip;]","og_url":"https:\/\/grao.info\/es\/politica-de-privacidad\/","og_site_name":"Grao","article_modified_time":"2021-03-25T18:04:06+00:00","twitter_card":"summary_large_image","twitter_misc":{"Tiempo de lectura":"4 minutos"},"schema":{"@context":"https:\/\/schema.org","@graph":[{"@type":"WebPage","@id":"https:\/\/grao.info\/es\/politica-de-privacidad\/","url":"https:\/\/grao.info\/es\/politica-de-privacidad\/","name":"Pol\u00edtica de privacidad - Grao","isPartOf":{"@id":"https:\/\/grao.info\/es\/#website"},"datePublished":"2021-03-18T15:47:29+00:00","dateModified":"2021-03-25T18:04:06+00:00","breadcrumb":{"@id":"https:\/\/grao.info\/es\/politica-de-privacidad\/#breadcrumb"},"inLanguage":"es","potentialAction":[{"@type":"ReadAction","target":["https:\/\/grao.info\/es\/politica-de-privacidad\/"]}]},{"@type":"BreadcrumbList","@id":"https:\/\/grao.info\/es\/politica-de-privacidad\/#breadcrumb","itemListElement":[{"@type":"ListItem","position":1,"name":"Portada","item":"https:\/\/grao.info\/es\/"},{"@type":"ListItem","position":2,"name":"Pol\u00edtica de privacidad"}]},{"@type":"WebSite","@id":"https:\/\/grao.info\/es\/#website","url":"https:\/\/grao.info\/es\/","name":"Grao","description":"","publisher":{"@id":"https:\/\/grao.info\/es\/#organization"},"potentialAction":[{"@type":"SearchAction","target":{"@type":"EntryPoint","urlTemplate":"https:\/\/grao.info\/es\/?s={search_term_string}"},"query-input":"required name=search_term_string"}],"inLanguage":"es"},{"@type":"Organization","@id":"https:\/\/grao.info\/es\/#organization","name":"Grao","url":"https:\/\/grao.info\/es\/","logo":{"@type":"ImageObject","inLanguage":"es","@id":"https:\/\/grao.info\/es\/#\/schema\/logo\/image\/","url":"https:\/\/grao.info\/wp-content\/uploads\/2022\/04\/logo-mobil-1.png","contentUrl":"https:\/\/grao.info\/wp-content\/uploads\/2022\/04\/logo-mobil-1.png","width":275,"height":85,"caption":"Grao"},"image":{"@id":"https:\/\/grao.info\/es\/#\/schema\/logo\/image\/"}}]}},"_links":{"self":[{"href":"https:\/\/grao.info\/es\/wp-json\/wp\/v2\/pages\/6139"}],"collection":[{"href":"https:\/\/grao.info\/es\/wp-json\/wp\/v2\/pages"}],"about":[{"href":"https:\/\/grao.info\/es\/wp-json\/wp\/v2\/types\/page"}],"author":[{"embeddable":true,"href":"https:\/\/grao.info\/es\/wp-json\/wp\/v2\/users\/1"}],"replies":[{"embeddable":true,"href":"https:\/\/grao.info\/es\/wp-json\/wp\/v2\/comments?post=6139"}],"version-history":[{"count":0,"href":"https:\/\/grao.info\/es\/wp-json\/wp\/v2\/pages\/6139\/revisions"}],"wp:attachment":[{"href":"https:\/\/grao.info\/es\/wp-json\/wp\/v2\/media?parent=6139"}],"curies":[{"name":"wp","href":"https:\/\/api.w.org\/{rel}","templated":true}]}}