{"id":7120,"date":"2021-04-17T18:41:49","date_gmt":"2021-04-17T18:41:49","guid":{"rendered":"https:\/\/grao.info\/?page_id=7120"},"modified":"2026-02-16T11:34:04","modified_gmt":"2026-02-16T11:34:04","slug":"akaba","status":"publish","type":"page","link":"https:\/\/grao.info\/es\/marcas\/akaba\/","title":{"rendered":"Akaba"},"content":{"rendered":"<p>[vc_row equal_height=\u00bbyes\u00bb content_placement=\u00bbbottom\u00bb][vc_column width=\u00bb2\/3&#8243;]<div class=\"edgtf-image-gallery  edgtf-ig-grid-type edgtf-large-space edgtf-has-shadow edgtf-image-behavior-lightbox \">\n\t<div class=\"edgtf-ig-inner edgtf-outer-space edgtf-ig-grid edgtf-ig-three-columns\">\n\t\t\t\t\t<div class=\"edgtf-ig-image edgtf-item-space\">\n\t\t\t\t<div class=\"edgtf-ig-image-inner\">\n\t\t\t\t\t\t\t\t\t\t\t<a itemprop=\"image\" class=\"edgtf-ig-lightbox\" href=\"https:\/\/grao.info\/wp-content\/uploads\/2024\/09\/ambiente_akaba_grao_02.jpg\" data-rel=\"prettyPhoto[image_gallery_pretty_photo-645]\" title=\"ambiente_akaba_grao_02\">\n\t\t\t\t\t\t\t\t\t\t\t<img loading=\"lazy\" decoding=\"async\" src=\"https:\/\/grao.info\/wp-content\/uploads\/2024\/09\/ambiente_akaba_grao_02-320x220.jpg\" alt=\"\" width=\"320\" height=\"220\" \/>\t\t\t\t\t\t\t\t\t\t\t<\/a>\n\t\t\t\t\t\t\t\t\t<\/div>\n\t\t\t<\/div>\n\t\t\t\t\t<div class=\"edgtf-ig-image edgtf-item-space\">\n\t\t\t\t<div class=\"edgtf-ig-image-inner\">\n\t\t\t\t\t\t\t\t\t\t\t<a itemprop=\"image\" class=\"edgtf-ig-lightbox\" href=\"https:\/\/grao.info\/wp-content\/uploads\/2024\/09\/ambiente_akaba_grao_01.jpg\" data-rel=\"prettyPhoto[image_gallery_pretty_photo-645]\" title=\"ambiente_akaba_grao_01\">\n\t\t\t\t\t\t\t\t\t\t\t<img loading=\"lazy\" decoding=\"async\" src=\"https:\/\/grao.info\/wp-content\/uploads\/2024\/09\/ambiente_akaba_grao_01-320x220.jpg\" alt=\"\" width=\"320\" height=\"220\" \/>\t\t\t\t\t\t\t\t\t\t\t<\/a>\n\t\t\t\t\t\t\t\t\t<\/div>\n\t\t\t<\/div>\n\t\t\t\t\t<div class=\"edgtf-ig-image edgtf-item-space\">\n\t\t\t\t<div class=\"edgtf-ig-image-inner\">\n\t\t\t\t\t\t\t\t\t\t\t<a itemprop=\"image\" class=\"edgtf-ig-lightbox\" href=\"https:\/\/grao.info\/wp-content\/uploads\/2024\/09\/ambiente_akaba_grao_06.jpg\" data-rel=\"prettyPhoto[image_gallery_pretty_photo-645]\" title=\"ambiente_akaba_grao_06\">\n\t\t\t\t\t\t\t\t\t\t\t<img loading=\"lazy\" decoding=\"async\" src=\"https:\/\/grao.info\/wp-content\/uploads\/2024\/09\/ambiente_akaba_grao_06-320x220.jpg\" alt=\"\" width=\"320\" height=\"220\" \/>\t\t\t\t\t\t\t\t\t\t\t<\/a>\n\t\t\t\t\t\t\t\t\t<\/div>\n\t\t\t<\/div>\n\t\t\t\t\t<div class=\"edgtf-ig-image edgtf-item-space\">\n\t\t\t\t<div class=\"edgtf-ig-image-inner\">\n\t\t\t\t\t\t\t\t\t\t\t<a itemprop=\"image\" class=\"edgtf-ig-lightbox\" href=\"https:\/\/grao.info\/wp-content\/uploads\/2025\/06\/XUT_LUR.jpg\" data-rel=\"prettyPhoto[image_gallery_pretty_photo-645]\" title=\"XUT_LUR\">\n\t\t\t\t\t\t\t\t\t\t\t<img loading=\"lazy\" decoding=\"async\" src=\"https:\/\/grao.info\/wp-content\/uploads\/2025\/06\/XUT_LUR-320x220.jpg\" alt=\"\" width=\"320\" height=\"220\" \/>\t\t\t\t\t\t\t\t\t\t\t<\/a>\n\t\t\t\t\t\t\t\t\t<\/div>\n\t\t\t<\/div>\n\t\t\t\t\t<div class=\"edgtf-ig-image edgtf-item-space\">\n\t\t\t\t<div class=\"edgtf-ig-image-inner\">\n\t\t\t\t\t\t\t\t\t\t\t<a itemprop=\"image\" class=\"edgtf-ig-lightbox\" href=\"https:\/\/grao.info\/wp-content\/uploads\/2024\/09\/ambiente_akaba_grao_05-1.jpg\" data-rel=\"prettyPhoto[image_gallery_pretty_photo-645]\" title=\"ambiente_akaba_grao_05\">\n\t\t\t\t\t\t\t\t\t\t\t<img loading=\"lazy\" decoding=\"async\" src=\"https:\/\/grao.info\/wp-content\/uploads\/2024\/09\/ambiente_akaba_grao_05-1-320x220.jpg\" alt=\"\" width=\"320\" height=\"220\" \/>\t\t\t\t\t\t\t\t\t\t\t<\/a>\n\t\t\t\t\t\t\t\t\t<\/div>\n\t\t\t<\/div>\n\t\t\t\t\t<div class=\"edgtf-ig-image edgtf-item-space\">\n\t\t\t\t<div class=\"edgtf-ig-image-inner\">\n\t\t\t\t\t\t\t\t\t\t\t<a itemprop=\"image\" class=\"edgtf-ig-lightbox\" href=\"https:\/\/grao.info\/wp-content\/uploads\/2024\/09\/ambiente_akaba_grao_03.jpg\" data-rel=\"prettyPhoto[image_gallery_pretty_photo-645]\" title=\"ambiente_akaba_grao_03\">\n\t\t\t\t\t\t\t\t\t\t\t<img loading=\"lazy\" decoding=\"async\" src=\"https:\/\/grao.info\/wp-content\/uploads\/2024\/09\/ambiente_akaba_grao_03-320x220.jpg\" alt=\"\" width=\"320\" height=\"220\" \/>\t\t\t\t\t\t\t\t\t\t\t<\/a>\n\t\t\t\t\t\t\t\t\t<\/div>\n\t\t\t<\/div>\n\t\t\t<\/div>\n<\/div>[\/vc_column][vc_column width=\u00bb1\/3&#8243;][vc_column_text]<strong>Akaba<\/strong> naci\u00f3 como una empresa profundamente social e inclusiva, y esos valores perduran y marcan el camino. Son la gu\u00eda de nuestro modelo de gesti\u00f3n, y tambi\u00e9n de nuestra forma de entender la creaci\u00f3n. Fabricamos mobiliario de colectividades, que busca el encuentro social empezando por pensar en el individuo. Creamos mobiliario para espacios de dimensi\u00f3n humana que invitan a hablar, a relacionarse y a crear en equipo.[\/vc_column_text][vc_row_inner][vc_column_inner][vc_column_text]<a href=\"https:\/\/www.akaba.net\/\">www.akaba.net<\/a>[\/vc_column_text][\/vc_column_inner][\/vc_row_inner][\/vc_column][\/vc_row][vc_row][vc_column css=\u00bb.vc_custom_1615488032930{padding-top: 60px !important;}\u00bb][vc_row_inner][vc_column_inner]<div class=\"edgtf-separator-holder clearfix  edgtf-separator-center edgtf-separator-vertical\">\n\t<div class=\"edgtf-separator\" style=\"border-color: #333333;border-style: solid;height: 30px;border-left-width: 2px\"><\/div>\n<\/div>\n[vc_custom_heading text=\u00bbPRODUCTOS SELECCIONADOS\u00bb font_container=\u00bbtag:h3|font_size:32px|text_align:center|color:%233d3935|line_height:1.6&#8243; google_fonts=\u00bbfont_family:Roboto%3A100%2C100italic%2C300%2C300italic%2Cregular%2Citalic%2C500%2C500italic%2C700%2C700italic%2C900%2C900italic|font_style:700%20bold%20regular%3A700%3Anormal\u00bb]<div class=\"edgtf-separator-holder clearfix  edgtf-separator-center edgtf-separator-vertical\">\n\t<div class=\"edgtf-separator\" style=\"border-color: #333333;border-style: solid;height: 30px;border-left-width: 2px\"><\/div>\n<\/div>\n[\/vc_column_inner][\/vc_row_inner][\/vc_column][\/vc_row][vc_row][vc_column css=\u00bb.vc_custom_1615565554899{padding-top: 60px !important;}\u00bb][vc_row_inner][vc_column_inner width=\u00bb1\/5&#8243;]<div class=\"edgtf-single-image-holder  edgtf-has-shadow edgtf-image-behavior-custom-link\">\n    <div class=\"edgtf-si-inner\" >\n        \t            <a itemprop=\"url\" href=\"\/es\/producto\/silla-kabi\/\" target=\"_self\">\n                                    <img loading=\"lazy\" decoding=\"async\" width=\"1000\" height=\"1000\" src=\"https:\/\/grao.info\/wp-content\/uploads\/2023\/11\/kabi_00.jpg\" class=\"attachment-full size-full\" alt=\"\" srcset=\"https:\/\/grao.info\/wp-content\/uploads\/2023\/11\/kabi_00.jpg 1000w, https:\/\/grao.info\/wp-content\/uploads\/2023\/11\/kabi_00-300x300.jpg 300w, https:\/\/grao.info\/wp-content\/uploads\/2023\/11\/kabi_00-150x150.jpg 150w, https:\/\/grao.info\/wp-content\/uploads\/2023\/11\/kabi_00-768x768.jpg 768w, https:\/\/grao.info\/wp-content\/uploads\/2023\/11\/kabi_00-550x550.jpg 550w, https:\/\/grao.info\/wp-content\/uploads\/2023\/11\/kabi_00-600x600.jpg 600w, https:\/\/grao.info\/wp-content\/uploads\/2023\/11\/kabi_00-100x100.jpg 100w\" sizes=\"(max-width: 1000px) 100vw, 1000px\" \/>                                <\/a>\n            <\/div>\n<\/div>[vc_column_text]<\/p>\n<p style=\"text-align: center;\">KABI<\/p>\n<p>[\/vc_column_text][\/vc_column_inner][vc_column_inner width=\u00bb1\/5&#8243;]<div class=\"edgtf-single-image-holder  edgtf-has-shadow edgtf-image-behavior-custom-link\">\n    <div class=\"edgtf-si-inner\" >\n        \t            <a itemprop=\"url\" href=\"\/es\/producto\/mesa-bat\/\" target=\"_self\">\n                                    <img loading=\"lazy\" decoding=\"async\" width=\"550\" height=\"550\" src=\"https:\/\/grao.info\/wp-content\/uploads\/2021\/04\/Bat-Executive-7.png\" class=\"attachment-full size-full\" alt=\"\" srcset=\"https:\/\/grao.info\/wp-content\/uploads\/2021\/04\/Bat-Executive-7.png 550w, https:\/\/grao.info\/wp-content\/uploads\/2021\/04\/Bat-Executive-7-300x300.png 300w, https:\/\/grao.info\/wp-content\/uploads\/2021\/04\/Bat-Executive-7-150x150.png 150w, https:\/\/grao.info\/wp-content\/uploads\/2021\/04\/Bat-Executive-7-100x100.png 100w\" sizes=\"(max-width: 550px) 100vw, 550px\" \/>                                <\/a>\n            <\/div>\n<\/div>[vc_column_text]<\/p>\n<p style=\"text-align: center;\">BAT<\/p>\n<p>[\/vc_column_text][\/vc_column_inner][vc_column_inner width=\u00bb1\/5&#8243;]<div class=\"edgtf-single-image-holder  edgtf-has-shadow edgtf-image-behavior-custom-link\">\n    <div class=\"edgtf-si-inner\" >\n        \t            <a itemprop=\"url\" href=\"\/es\/producto\/oskol-akaba\/\" target=\"_self\">\n                                    <img loading=\"lazy\" decoding=\"async\" width=\"804\" height=\"804\" src=\"https:\/\/grao.info\/wp-content\/uploads\/2026\/02\/oskol-akaba-grao00.jpg\" class=\"attachment-full size-full\" alt=\"\" srcset=\"https:\/\/grao.info\/wp-content\/uploads\/2026\/02\/oskol-akaba-grao00.jpg 804w, https:\/\/grao.info\/wp-content\/uploads\/2026\/02\/oskol-akaba-grao00-300x300.jpg 300w, https:\/\/grao.info\/wp-content\/uploads\/2026\/02\/oskol-akaba-grao00-150x150.jpg 150w, https:\/\/grao.info\/wp-content\/uploads\/2026\/02\/oskol-akaba-grao00-768x768.jpg 768w, https:\/\/grao.info\/wp-content\/uploads\/2026\/02\/oskol-akaba-grao00-550x550.jpg 550w, https:\/\/grao.info\/wp-content\/uploads\/2026\/02\/oskol-akaba-grao00-600x600.jpg 600w, https:\/\/grao.info\/wp-content\/uploads\/2026\/02\/oskol-akaba-grao00-100x100.jpg 100w\" sizes=\"(max-width: 804px) 100vw, 804px\" \/>                                <\/a>\n            <\/div>\n<\/div>[vc_column_text]<\/p>\n<p style=\"text-align: center;\">OSKOL<\/p>\n<p>[\/vc_column_text][\/vc_column_inner][vc_column_inner width=\u00bb1\/5&#8243;]<div class=\"edgtf-single-image-holder  edgtf-has-shadow edgtf-image-behavior-custom-link\">\n    <div class=\"edgtf-si-inner\" >\n        \t            <a itemprop=\"url\" href=\"\/es\/producto\/mesa-tknika\/\" target=\"_self\">\n                                    <img loading=\"lazy\" decoding=\"async\" width=\"2197\" height=\"2197\" src=\"https:\/\/grao.info\/wp-content\/uploads\/2021\/04\/tknika_000.jpg\" class=\"attachment-full size-full\" alt=\"\" srcset=\"https:\/\/grao.info\/wp-content\/uploads\/2021\/04\/tknika_000.jpg 2197w, https:\/\/grao.info\/wp-content\/uploads\/2021\/04\/tknika_000-300x300.jpg 300w, https:\/\/grao.info\/wp-content\/uploads\/2021\/04\/tknika_000-1024x1024.jpg 1024w, https:\/\/grao.info\/wp-content\/uploads\/2021\/04\/tknika_000-150x150.jpg 150w, https:\/\/grao.info\/wp-content\/uploads\/2021\/04\/tknika_000-768x768.jpg 768w, https:\/\/grao.info\/wp-content\/uploads\/2021\/04\/tknika_000-1536x1536.jpg 1536w, https:\/\/grao.info\/wp-content\/uploads\/2021\/04\/tknika_000-550x550.jpg 550w, https:\/\/grao.info\/wp-content\/uploads\/2021\/04\/tknika_000-1100x1100.jpg 1100w, https:\/\/grao.info\/wp-content\/uploads\/2021\/04\/tknika_000-600x600.jpg 600w, https:\/\/grao.info\/wp-content\/uploads\/2021\/04\/tknika_000-100x100.jpg 100w\" sizes=\"(max-width: 2197px) 100vw, 2197px\" \/>                                <\/a>\n            <\/div>\n<\/div>[vc_column_text]<\/p>\n<p style=\"text-align: center;\">TKNIKA<\/p>\n<p>[\/vc_column_text][\/vc_column_inner][vc_column_inner width=\u00bb1\/5&#8243;]<div class=\"edgtf-single-image-holder  edgtf-has-shadow edgtf-image-behavior-custom-link\">\n    <div class=\"edgtf-si-inner\" >\n        \t            <a itemprop=\"url\" href=\"\/es\/producto\/taburete-xoko\/\" target=\"_self\">\n                                    <img loading=\"lazy\" decoding=\"async\" width=\"550\" height=\"550\" src=\"https:\/\/grao.info\/wp-content\/uploads\/2021\/04\/Xoko.1.png\" class=\"attachment-full size-full\" alt=\"\" srcset=\"https:\/\/grao.info\/wp-content\/uploads\/2021\/04\/Xoko.1.png 550w, https:\/\/grao.info\/wp-content\/uploads\/2021\/04\/Xoko.1-300x300.png 300w, https:\/\/grao.info\/wp-content\/uploads\/2021\/04\/Xoko.1-150x150.png 150w, https:\/\/grao.info\/wp-content\/uploads\/2021\/04\/Xoko.1-100x100.png 100w\" sizes=\"(max-width: 550px) 100vw, 550px\" \/>                                <\/a>\n            <\/div>\n<\/div>[vc_column_text]<\/p>\n<p style=\"text-align: center;\">XOKO<\/p>\n<p>[\/vc_column_text][\/vc_column_inner][\/vc_row_inner][\/vc_column][\/vc_row][vc_row][vc_column css=\u00bb.vc_custom_1615565597146{padding-top: 30px !important;}\u00bb][vc_row_inner][vc_column_inner width=\u00bb1\/5&#8243;]<div class=\"edgtf-single-image-holder  edgtf-has-shadow edgtf-image-behavior-custom-link\">\n    <div class=\"edgtf-si-inner\" >\n        \t            <a itemprop=\"url\" href=\"\/es\/producto\/mesa-carma\/\" target=\"_self\">\n                                    <img loading=\"lazy\" decoding=\"async\" width=\"550\" height=\"550\" src=\"https:\/\/grao.info\/wp-content\/uploads\/2021\/04\/Carma-1.png\" class=\"attachment-full size-full\" alt=\"\" srcset=\"https:\/\/grao.info\/wp-content\/uploads\/2021\/04\/Carma-1.png 550w, https:\/\/grao.info\/wp-content\/uploads\/2021\/04\/Carma-1-300x300.png 300w, https:\/\/grao.info\/wp-content\/uploads\/2021\/04\/Carma-1-150x150.png 150w, https:\/\/grao.info\/wp-content\/uploads\/2021\/04\/Carma-1-100x100.png 100w\" sizes=\"(max-width: 550px) 100vw, 550px\" \/>                                <\/a>\n            <\/div>\n<\/div>[vc_column_text]<\/p>\n<p style=\"text-align: center;\">CARMA<\/p>\n<p>[\/vc_column_text][\/vc_column_inner][vc_column_inner width=\u00bb1\/5&#8243;]<div class=\"edgtf-single-image-holder  edgtf-has-shadow edgtf-image-behavior-custom-link\">\n    <div class=\"edgtf-si-inner\" >\n        \t            <a itemprop=\"url\" href=\"\/es\/producto\/silla-lur\" target=\"_self\">\n                                    <img loading=\"lazy\" decoding=\"async\" width=\"1245\" height=\"1245\" src=\"https:\/\/grao.info\/wp-content\/uploads\/2021\/04\/lur_00.jpg\" class=\"attachment-full size-full\" alt=\"\" srcset=\"https:\/\/grao.info\/wp-content\/uploads\/2021\/04\/lur_00.jpg 1245w, https:\/\/grao.info\/wp-content\/uploads\/2021\/04\/lur_00-300x300.jpg 300w, https:\/\/grao.info\/wp-content\/uploads\/2021\/04\/lur_00-1024x1024.jpg 1024w, https:\/\/grao.info\/wp-content\/uploads\/2021\/04\/lur_00-150x150.jpg 150w, https:\/\/grao.info\/wp-content\/uploads\/2021\/04\/lur_00-768x768.jpg 768w, https:\/\/grao.info\/wp-content\/uploads\/2021\/04\/lur_00-550x550.jpg 550w, https:\/\/grao.info\/wp-content\/uploads\/2021\/04\/lur_00-1100x1100.jpg 1100w, https:\/\/grao.info\/wp-content\/uploads\/2021\/04\/lur_00-600x600.jpg 600w, https:\/\/grao.info\/wp-content\/uploads\/2021\/04\/lur_00-100x100.jpg 100w\" sizes=\"(max-width: 1245px) 100vw, 1245px\" \/>                                <\/a>\n            <\/div>\n<\/div>[vc_column_text]<\/p>\n<p style=\"text-align: center;\">LUR<\/p>\n<p>[\/vc_column_text][\/vc_column_inner][vc_column_inner width=\u00bb1\/5&#8243;]<div class=\"edgtf-single-image-holder  edgtf-has-shadow edgtf-image-behavior-custom-link\">\n    <div class=\"edgtf-si-inner\" >\n        \t            <a itemprop=\"url\" href=\"\/es\/producto\/silla-hika\/\" target=\"_self\">\n                                    <img loading=\"lazy\" decoding=\"async\" width=\"319\" height=\"319\" src=\"https:\/\/grao.info\/wp-content\/uploads\/2025\/06\/hika-akaba-grao-00.png\" class=\"attachment-full size-full\" alt=\"\" srcset=\"https:\/\/grao.info\/wp-content\/uploads\/2025\/06\/hika-akaba-grao-00.png 319w, https:\/\/grao.info\/wp-content\/uploads\/2025\/06\/hika-akaba-grao-00-300x300.png 300w, https:\/\/grao.info\/wp-content\/uploads\/2025\/06\/hika-akaba-grao-00-150x150.png 150w, https:\/\/grao.info\/wp-content\/uploads\/2025\/06\/hika-akaba-grao-00-100x100.png 100w\" sizes=\"(max-width: 319px) 100vw, 319px\" \/>                                <\/a>\n            <\/div>\n<\/div>[vc_column_text]<\/p>\n<p style=\"text-align: center;\">HIKA<\/p>\n<p>[\/vc_column_text][\/vc_column_inner][vc_column_inner width=\u00bb1\/5&#8243;]<div class=\"edgtf-single-image-holder  edgtf-has-shadow edgtf-image-behavior-custom-link\">\n    <div class=\"edgtf-si-inner\" >\n        \t            <a itemprop=\"url\" href=\"\/es\/producto\/silla-gorka\/\" target=\"_self\">\n                                    <img loading=\"lazy\" decoding=\"async\" width=\"550\" height=\"550\" src=\"https:\/\/grao.info\/wp-content\/uploads\/2021\/04\/Gorka-1.png\" class=\"attachment-full size-full\" alt=\"\" srcset=\"https:\/\/grao.info\/wp-content\/uploads\/2021\/04\/Gorka-1.png 550w, https:\/\/grao.info\/wp-content\/uploads\/2021\/04\/Gorka-1-300x300.png 300w, https:\/\/grao.info\/wp-content\/uploads\/2021\/04\/Gorka-1-150x150.png 150w, https:\/\/grao.info\/wp-content\/uploads\/2021\/04\/Gorka-1-100x100.png 100w\" sizes=\"(max-width: 550px) 100vw, 550px\" \/>                                <\/a>\n            <\/div>\n<\/div>[vc_column_text]<\/p>\n<p style=\"text-align: center;\">GORKA<\/p>\n<p>[\/vc_column_text][\/vc_column_inner][vc_column_inner width=\u00bb1\/5&#8243;]<div class=\"edgtf-single-image-holder  edgtf-has-shadow edgtf-image-behavior-custom-link\">\n    <div class=\"edgtf-si-inner\" >\n        \t            <a itemprop=\"url\" href=\"\/es\/producto\/klasik\/\" target=\"_self\">\n                                    <img loading=\"lazy\" decoding=\"async\" width=\"1169\" height=\"1169\" src=\"https:\/\/grao.info\/wp-content\/uploads\/2025\/06\/klassik-00_2.jpg\" class=\"attachment-full size-full\" alt=\"\" srcset=\"https:\/\/grao.info\/wp-content\/uploads\/2025\/06\/klassik-00_2.jpg 1169w, https:\/\/grao.info\/wp-content\/uploads\/2025\/06\/klassik-00_2-300x300.jpg 300w, https:\/\/grao.info\/wp-content\/uploads\/2025\/06\/klassik-00_2-1024x1024.jpg 1024w, https:\/\/grao.info\/wp-content\/uploads\/2025\/06\/klassik-00_2-150x150.jpg 150w, https:\/\/grao.info\/wp-content\/uploads\/2025\/06\/klassik-00_2-768x768.jpg 768w, https:\/\/grao.info\/wp-content\/uploads\/2025\/06\/klassik-00_2-550x550.jpg 550w, https:\/\/grao.info\/wp-content\/uploads\/2025\/06\/klassik-00_2-1100x1100.jpg 1100w, https:\/\/grao.info\/wp-content\/uploads\/2025\/06\/klassik-00_2-600x600.jpg 600w, https:\/\/grao.info\/wp-content\/uploads\/2025\/06\/klassik-00_2-100x100.jpg 100w\" sizes=\"(max-width: 1169px) 100vw, 1169px\" \/>                                <\/a>\n            <\/div>\n<\/div>[vc_column_text]<\/p>\n<p style=\"text-align: center;\">KLASIK<\/p>\n<p>[\/vc_column_text][\/vc_column_inner][\/vc_row_inner][vc_empty_space height=\u00bb100px\u00bb][\/vc_column][\/vc_row]<\/p>\n","protected":false},"excerpt":{"rendered":"<p>[vc_row equal_height=\u00bbyes\u00bb content_placement=\u00bbbottom\u00bb][vc_column width=\u00bb2\/3&#8243;][\/vc_column][vc_column width=\u00bb1\/3&#8243;][vc_column_text]Akaba naci\u00f3 como una empresa profundamente social e inclusiva, y esos valores perduran y marcan el camino. Son la gu\u00eda de nuestro modelo de gesti\u00f3n, y tambi\u00e9n de nuestra forma de entender la creaci\u00f3n. Fabricamos mobiliario [&hellip;]<\/p>\n","protected":false},"author":2,"featured_media":0,"parent":4006,"menu_order":0,"comment_status":"closed","ping_status":"closed","template":"","meta":{"footnotes":""},"acf":[],"yoast_head":"<!-- This site is optimized with the Yoast SEO Premium plugin v23.0 (Yoast SEO v23.0) - https:\/\/yoast.com\/wordpress\/plugins\/seo\/ -->\n<title>Akaba - Grao<\/title>\n<meta name=\"robots\" content=\"index, follow, max-snippet:-1, max-image-preview:large, max-video-preview:-1\" \/>\n<link rel=\"canonical\" href=\"https:\/\/grao.info\/es\/marcas\/akaba\/\" \/>\n<meta property=\"og:locale\" content=\"es_ES\" \/>\n<meta property=\"og:type\" content=\"article\" \/>\n<meta property=\"og:title\" content=\"Akaba\" \/>\n<meta property=\"og:description\" content=\"[vc_row equal_height=\u00bbyes\u00bb content_placement=\u00bbbottom\u00bb][vc_column width=\u00bb2\/3&#8243;][\/vc_column][vc_column width=\u00bb1\/3&#8243;][vc_column_text]Akaba naci\u00f3 como una empresa profundamente social e inclusiva, y esos valores perduran y marcan el camino. Son la gu\u00eda de nuestro modelo de gesti\u00f3n, y tambi\u00e9n de nuestra forma de entender la creaci\u00f3n. Fabricamos mobiliario [&hellip;]\" \/>\n<meta property=\"og:url\" content=\"https:\/\/grao.info\/es\/marcas\/akaba\/\" \/>\n<meta property=\"og:site_name\" content=\"Grao\" \/>\n<meta property=\"article:modified_time\" content=\"2026-02-16T11:34:04+00:00\" \/>\n<meta name=\"twitter:card\" content=\"summary_large_image\" \/>\n<meta name=\"twitter:label1\" content=\"Tiempo de lectura\" \/>\n\t<meta name=\"twitter:data1\" content=\"1 minuto\" \/>\n<script type=\"application\/ld+json\" class=\"yoast-schema-graph\">{\"@context\":\"https:\/\/schema.org\",\"@graph\":[{\"@type\":\"WebPage\",\"@id\":\"https:\/\/grao.info\/es\/marcas\/akaba\/\",\"url\":\"https:\/\/grao.info\/es\/marcas\/akaba\/\",\"name\":\"Akaba - Grao\",\"isPartOf\":{\"@id\":\"https:\/\/grao.info\/es\/#website\"},\"datePublished\":\"2021-04-17T18:41:49+00:00\",\"dateModified\":\"2026-02-16T11:34:04+00:00\",\"breadcrumb\":{\"@id\":\"https:\/\/grao.info\/es\/marcas\/akaba\/#breadcrumb\"},\"inLanguage\":\"es\",\"potentialAction\":[{\"@type\":\"ReadAction\",\"target\":[\"https:\/\/grao.info\/es\/marcas\/akaba\/\"]}]},{\"@type\":\"BreadcrumbList\",\"@id\":\"https:\/\/grao.info\/es\/marcas\/akaba\/#breadcrumb\",\"itemListElement\":[{\"@type\":\"ListItem\",\"position\":1,\"name\":\"Portada\",\"item\":\"https:\/\/grao.info\/es\/\"},{\"@type\":\"ListItem\",\"position\":2,\"name\":\"Marcas\",\"item\":\"https:\/\/grao.info\/es\/marcas\/\"},{\"@type\":\"ListItem\",\"position\":3,\"name\":\"Akaba\"}]},{\"@type\":\"WebSite\",\"@id\":\"https:\/\/grao.info\/es\/#website\",\"url\":\"https:\/\/grao.info\/es\/\",\"name\":\"Grao\",\"description\":\"\",\"publisher\":{\"@id\":\"https:\/\/grao.info\/es\/#organization\"},\"potentialAction\":[{\"@type\":\"SearchAction\",\"target\":{\"@type\":\"EntryPoint\",\"urlTemplate\":\"https:\/\/grao.info\/es\/?s={search_term_string}\"},\"query-input\":\"required name=search_term_string\"}],\"inLanguage\":\"es\"},{\"@type\":\"Organization\",\"@id\":\"https:\/\/grao.info\/es\/#organization\",\"name\":\"Grao\",\"url\":\"https:\/\/grao.info\/es\/\",\"logo\":{\"@type\":\"ImageObject\",\"inLanguage\":\"es\",\"@id\":\"https:\/\/grao.info\/es\/#\/schema\/logo\/image\/\",\"url\":\"https:\/\/grao.info\/wp-content\/uploads\/2022\/04\/logo-mobil-1.png\",\"contentUrl\":\"https:\/\/grao.info\/wp-content\/uploads\/2022\/04\/logo-mobil-1.png\",\"width\":275,\"height\":85,\"caption\":\"Grao\"},\"image\":{\"@id\":\"https:\/\/grao.info\/es\/#\/schema\/logo\/image\/\"}}]}<\/script>\n<!-- \/ Yoast SEO Premium plugin. -->","yoast_head_json":{"title":"Akaba - Grao","robots":{"index":"index","follow":"follow","max-snippet":"max-snippet:-1","max-image-preview":"max-image-preview:large","max-video-preview":"max-video-preview:-1"},"canonical":"https:\/\/grao.info\/es\/marcas\/akaba\/","og_locale":"es_ES","og_type":"article","og_title":"Akaba","og_description":"[vc_row equal_height=\u00bbyes\u00bb content_placement=\u00bbbottom\u00bb][vc_column width=\u00bb2\/3&#8243;][\/vc_column][vc_column width=\u00bb1\/3&#8243;][vc_column_text]Akaba naci\u00f3 como una empresa profundamente social e inclusiva, y esos valores perduran y marcan el camino. Son la gu\u00eda de nuestro modelo de gesti\u00f3n, y tambi\u00e9n de nuestra forma de entender la creaci\u00f3n. Fabricamos mobiliario [&hellip;]","og_url":"https:\/\/grao.info\/es\/marcas\/akaba\/","og_site_name":"Grao","article_modified_time":"2026-02-16T11:34:04+00:00","twitter_card":"summary_large_image","twitter_misc":{"Tiempo de lectura":"1 minuto"},"schema":{"@context":"https:\/\/schema.org","@graph":[{"@type":"WebPage","@id":"https:\/\/grao.info\/es\/marcas\/akaba\/","url":"https:\/\/grao.info\/es\/marcas\/akaba\/","name":"Akaba - Grao","isPartOf":{"@id":"https:\/\/grao.info\/es\/#website"},"datePublished":"2021-04-17T18:41:49+00:00","dateModified":"2026-02-16T11:34:04+00:00","breadcrumb":{"@id":"https:\/\/grao.info\/es\/marcas\/akaba\/#breadcrumb"},"inLanguage":"es","potentialAction":[{"@type":"ReadAction","target":["https:\/\/grao.info\/es\/marcas\/akaba\/"]}]},{"@type":"BreadcrumbList","@id":"https:\/\/grao.info\/es\/marcas\/akaba\/#breadcrumb","itemListElement":[{"@type":"ListItem","position":1,"name":"Portada","item":"https:\/\/grao.info\/es\/"},{"@type":"ListItem","position":2,"name":"Marcas","item":"https:\/\/grao.info\/es\/marcas\/"},{"@type":"ListItem","position":3,"name":"Akaba"}]},{"@type":"WebSite","@id":"https:\/\/grao.info\/es\/#website","url":"https:\/\/grao.info\/es\/","name":"Grao","description":"","publisher":{"@id":"https:\/\/grao.info\/es\/#organization"},"potentialAction":[{"@type":"SearchAction","target":{"@type":"EntryPoint","urlTemplate":"https:\/\/grao.info\/es\/?s={search_term_string}"},"query-input":"required name=search_term_string"}],"inLanguage":"es"},{"@type":"Organization","@id":"https:\/\/grao.info\/es\/#organization","name":"Grao","url":"https:\/\/grao.info\/es\/","logo":{"@type":"ImageObject","inLanguage":"es","@id":"https:\/\/grao.info\/es\/#\/schema\/logo\/image\/","url":"https:\/\/grao.info\/wp-content\/uploads\/2022\/04\/logo-mobil-1.png","contentUrl":"https:\/\/grao.info\/wp-content\/uploads\/2022\/04\/logo-mobil-1.png","width":275,"height":85,"caption":"Grao"},"image":{"@id":"https:\/\/grao.info\/es\/#\/schema\/logo\/image\/"}}]}},"_links":{"self":[{"href":"https:\/\/grao.info\/es\/wp-json\/wp\/v2\/pages\/7120"}],"collection":[{"href":"https:\/\/grao.info\/es\/wp-json\/wp\/v2\/pages"}],"about":[{"href":"https:\/\/grao.info\/es\/wp-json\/wp\/v2\/types\/page"}],"author":[{"embeddable":true,"href":"https:\/\/grao.info\/es\/wp-json\/wp\/v2\/users\/2"}],"replies":[{"embeddable":true,"href":"https:\/\/grao.info\/es\/wp-json\/wp\/v2\/comments?post=7120"}],"version-history":[{"count":13,"href":"https:\/\/grao.info\/es\/wp-json\/wp\/v2\/pages\/7120\/revisions"}],"predecessor-version":[{"id":27216,"href":"https:\/\/grao.info\/es\/wp-json\/wp\/v2\/pages\/7120\/revisions\/27216"}],"up":[{"embeddable":true,"href":"https:\/\/grao.info\/es\/wp-json\/wp\/v2\/pages\/4006"}],"wp:attachment":[{"href":"https:\/\/grao.info\/es\/wp-json\/wp\/v2\/media?parent=7120"}],"curies":[{"name":"wp","href":"https:\/\/api.w.org\/{rel}","templated":true}]}}