{"id":12807,"date":"2021-09-17T11:23:01","date_gmt":"2021-09-17T11:23:01","guid":{"rendered":"https:\/\/grao.info\/?post_type=product&#038;p=12807"},"modified":"2025-09-03T11:47:20","modified_gmt":"2025-09-03T11:47:20","slug":"catalana-1942","status":"publish","type":"product","link":"https:\/\/grao.info\/es\/producto\/catalana-1942\/","title":{"rendered":"Catalana 1942"},"content":{"rendered":"","protected":false},"excerpt":{"rendered":"","protected":false},"featured_media":27467,"comment_status":"open","ping_status":"closed","template":"","meta":[],"pwb-brand":[472],"product_cat":[116],"product_tag":[245,2284],"acf":[],"yoast_head":"<!-- This site is optimized with the Yoast SEO Premium plugin v23.0 (Yoast SEO v23.0) - https:\/\/yoast.com\/wordpress\/plugins\/seo\/ -->\n<title>Catalana 1942 - Grao<\/title>\n<meta name=\"description\" content=\"Mobles 114 ha reeditado la butaca Catalana de Rodriguez Arias con madera de roble y asiento tejido de fibra natural de manufactura artesanal, respetando lo m\u00e1s escrupulosamente posible el dise\u00f1o original. Una sill\u00f3n de madera de naturaleza marcadamente mediterr\u00e1nea que destaca por sus seis patas, su alto respaldo y una inclinaci\u00f3n reforzada por las patas posteriores, factores que le confieren un car\u00e1cter actual y moderno.\" \/>\n<meta name=\"robots\" content=\"index, follow, max-snippet:-1, max-image-preview:large, max-video-preview:-1\" \/>\n<link rel=\"canonical\" href=\"https:\/\/grao.info\/es\/producto\/catalana-1942\/\" \/>\n<meta property=\"og:locale\" content=\"es_ES\" \/>\n<meta property=\"og:type\" content=\"article\" \/>\n<meta property=\"og:title\" content=\"Catalana 1942\" \/>\n<meta property=\"og:description\" content=\"Mobles 114 ha reeditado la butaca Catalana de Rodriguez Arias con madera de roble y asiento tejido de fibra natural de manufactura artesanal, respetando lo m\u00e1s escrupulosamente posible el dise\u00f1o original. Una sill\u00f3n de madera de naturaleza marcadamente mediterr\u00e1nea que destaca por sus seis patas, su alto respaldo y una inclinaci\u00f3n reforzada por las patas posteriores, factores que le confieren un car\u00e1cter actual y moderno.\" \/>\n<meta property=\"og:url\" content=\"https:\/\/grao.info\/es\/producto\/catalana-1942\/\" \/>\n<meta property=\"og:site_name\" content=\"Grao\" \/>\n<meta property=\"article:modified_time\" content=\"2025-09-03T11:47:20+00:00\" \/>\n<meta property=\"og:image\" content=\"https:\/\/grao.info\/wp-content\/uploads\/2021\/09\/mobles114-classics-armchair-german-rodriguez-Catalana-1942-grao-05.jpg\" \/>\n\t<meta property=\"og:image:width\" content=\"1000\" \/>\n\t<meta property=\"og:image:height\" content=\"1000\" \/>\n\t<meta property=\"og:image:type\" content=\"image\/jpeg\" \/>\n<meta name=\"twitter:card\" content=\"summary_large_image\" \/>\n<meta name=\"twitter:label1\" content=\"Tiempo de lectura\" \/>\n\t<meta name=\"twitter:data1\" content=\"1 minuto\" \/>\n<script type=\"application\/ld+json\" class=\"yoast-schema-graph\">{\"@context\":\"https:\/\/schema.org\",\"@graph\":[{\"@type\":\"WebPage\",\"@id\":\"https:\/\/grao.info\/es\/producto\/catalana-1942\/\",\"url\":\"https:\/\/grao.info\/es\/producto\/catalana-1942\/\",\"name\":\"Catalana 1942 - Grao\",\"isPartOf\":{\"@id\":\"https:\/\/grao.info\/es\/#website\"},\"primaryImageOfPage\":{\"@id\":\"https:\/\/grao.info\/es\/producto\/catalana-1942\/#primaryimage\"},\"image\":{\"@id\":\"https:\/\/grao.info\/es\/producto\/catalana-1942\/#primaryimage\"},\"thumbnailUrl\":\"https:\/\/grao.info\/wp-content\/uploads\/2021\/09\/mobles114-classics-armchair-german-rodriguez-Catalana-1942-grao-05.jpg\",\"datePublished\":\"2021-09-17T11:23:01+00:00\",\"dateModified\":\"2025-09-03T11:47:20+00:00\",\"description\":\"Mobles 114 ha reeditado la butaca Catalana de Rodriguez Arias con madera de roble y asiento tejido de fibra natural de manufactura artesanal, respetando lo m\u00e1s escrupulosamente posible el dise\u00f1o original. Una sill\u00f3n de madera de naturaleza marcadamente mediterr\u00e1nea que destaca por sus seis patas, su alto respaldo y una inclinaci\u00f3n reforzada por las patas posteriores, factores que le confieren un car\u00e1cter actual y moderno.\",\"breadcrumb\":{\"@id\":\"https:\/\/grao.info\/es\/producto\/catalana-1942\/#breadcrumb\"},\"inLanguage\":\"es\",\"potentialAction\":[{\"@type\":\"ReadAction\",\"target\":[\"https:\/\/grao.info\/es\/producto\/catalana-1942\/\"]}]},{\"@type\":\"ImageObject\",\"inLanguage\":\"es\",\"@id\":\"https:\/\/grao.info\/es\/producto\/catalana-1942\/#primaryimage\",\"url\":\"https:\/\/grao.info\/wp-content\/uploads\/2021\/09\/mobles114-classics-armchair-german-rodriguez-Catalana-1942-grao-05.jpg\",\"contentUrl\":\"https:\/\/grao.info\/wp-content\/uploads\/2021\/09\/mobles114-classics-armchair-german-rodriguez-Catalana-1942-grao-05.jpg\",\"width\":1000,\"height\":1000},{\"@type\":\"BreadcrumbList\",\"@id\":\"https:\/\/grao.info\/es\/producto\/catalana-1942\/#breadcrumb\",\"itemListElement\":[{\"@type\":\"ListItem\",\"position\":1,\"name\":\"Portada\",\"item\":\"https:\/\/grao.info\/es\/\"},{\"@type\":\"ListItem\",\"position\":2,\"name\":\"Tienda\",\"item\":\"https:\/\/grao.info\/es\/tienda\/\"},{\"@type\":\"ListItem\",\"position\":3,\"name\":\"Catalana 1942\"}]},{\"@type\":\"WebSite\",\"@id\":\"https:\/\/grao.info\/es\/#website\",\"url\":\"https:\/\/grao.info\/es\/\",\"name\":\"Grao\",\"description\":\"\",\"publisher\":{\"@id\":\"https:\/\/grao.info\/es\/#organization\"},\"potentialAction\":[{\"@type\":\"SearchAction\",\"target\":{\"@type\":\"EntryPoint\",\"urlTemplate\":\"https:\/\/grao.info\/es\/?s={search_term_string}\"},\"query-input\":\"required name=search_term_string\"}],\"inLanguage\":\"es\"},{\"@type\":\"Organization\",\"@id\":\"https:\/\/grao.info\/es\/#organization\",\"name\":\"Grao\",\"url\":\"https:\/\/grao.info\/es\/\",\"logo\":{\"@type\":\"ImageObject\",\"inLanguage\":\"es\",\"@id\":\"https:\/\/grao.info\/es\/#\/schema\/logo\/image\/\",\"url\":\"https:\/\/grao.info\/wp-content\/uploads\/2022\/04\/logo-mobil-1.png\",\"contentUrl\":\"https:\/\/grao.info\/wp-content\/uploads\/2022\/04\/logo-mobil-1.png\",\"width\":275,\"height\":85,\"caption\":\"Grao\"},\"image\":{\"@id\":\"https:\/\/grao.info\/es\/#\/schema\/logo\/image\/\"}}]}<\/script>\n<!-- \/ Yoast SEO Premium plugin. -->","yoast_head_json":{"title":"Catalana 1942 - Grao","description":"Mobles 114 ha reeditado la butaca Catalana de Rodriguez Arias con madera de roble y asiento tejido de fibra natural de manufactura artesanal, respetando lo m\u00e1s escrupulosamente posible el dise\u00f1o original. Una sill\u00f3n de madera de naturaleza marcadamente mediterr\u00e1nea que destaca por sus seis patas, su alto respaldo y una inclinaci\u00f3n reforzada por las patas posteriores, factores que le confieren un car\u00e1cter actual y moderno.","robots":{"index":"index","follow":"follow","max-snippet":"max-snippet:-1","max-image-preview":"max-image-preview:large","max-video-preview":"max-video-preview:-1"},"canonical":"https:\/\/grao.info\/es\/producto\/catalana-1942\/","og_locale":"es_ES","og_type":"article","og_title":"Catalana 1942","og_description":"Mobles 114 ha reeditado la butaca Catalana de Rodriguez Arias con madera de roble y asiento tejido de fibra natural de manufactura artesanal, respetando lo m\u00e1s escrupulosamente posible el dise\u00f1o original. Una sill\u00f3n de madera de naturaleza marcadamente mediterr\u00e1nea que destaca por sus seis patas, su alto respaldo y una inclinaci\u00f3n reforzada por las patas posteriores, factores que le confieren un car\u00e1cter actual y moderno.","og_url":"https:\/\/grao.info\/es\/producto\/catalana-1942\/","og_site_name":"Grao","article_modified_time":"2025-09-03T11:47:20+00:00","og_image":[{"width":1000,"height":1000,"url":"https:\/\/grao.info\/wp-content\/uploads\/2021\/09\/mobles114-classics-armchair-german-rodriguez-Catalana-1942-grao-05.jpg","type":"image\/jpeg"}],"twitter_card":"summary_large_image","twitter_misc":{"Tiempo de lectura":"1 minuto"},"schema":{"@context":"https:\/\/schema.org","@graph":[{"@type":"WebPage","@id":"https:\/\/grao.info\/es\/producto\/catalana-1942\/","url":"https:\/\/grao.info\/es\/producto\/catalana-1942\/","name":"Catalana 1942 - Grao","isPartOf":{"@id":"https:\/\/grao.info\/es\/#website"},"primaryImageOfPage":{"@id":"https:\/\/grao.info\/es\/producto\/catalana-1942\/#primaryimage"},"image":{"@id":"https:\/\/grao.info\/es\/producto\/catalana-1942\/#primaryimage"},"thumbnailUrl":"https:\/\/grao.info\/wp-content\/uploads\/2021\/09\/mobles114-classics-armchair-german-rodriguez-Catalana-1942-grao-05.jpg","datePublished":"2021-09-17T11:23:01+00:00","dateModified":"2025-09-03T11:47:20+00:00","description":"Mobles 114 ha reeditado la butaca Catalana de Rodriguez Arias con madera de roble y asiento tejido de fibra natural de manufactura artesanal, respetando lo m\u00e1s escrupulosamente posible el dise\u00f1o original. Una sill\u00f3n de madera de naturaleza marcadamente mediterr\u00e1nea que destaca por sus seis patas, su alto respaldo y una inclinaci\u00f3n reforzada por las patas posteriores, factores que le confieren un car\u00e1cter actual y moderno.","breadcrumb":{"@id":"https:\/\/grao.info\/es\/producto\/catalana-1942\/#breadcrumb"},"inLanguage":"es","potentialAction":[{"@type":"ReadAction","target":["https:\/\/grao.info\/es\/producto\/catalana-1942\/"]}]},{"@type":"ImageObject","inLanguage":"es","@id":"https:\/\/grao.info\/es\/producto\/catalana-1942\/#primaryimage","url":"https:\/\/grao.info\/wp-content\/uploads\/2021\/09\/mobles114-classics-armchair-german-rodriguez-Catalana-1942-grao-05.jpg","contentUrl":"https:\/\/grao.info\/wp-content\/uploads\/2021\/09\/mobles114-classics-armchair-german-rodriguez-Catalana-1942-grao-05.jpg","width":1000,"height":1000},{"@type":"BreadcrumbList","@id":"https:\/\/grao.info\/es\/producto\/catalana-1942\/#breadcrumb","itemListElement":[{"@type":"ListItem","position":1,"name":"Portada","item":"https:\/\/grao.info\/es\/"},{"@type":"ListItem","position":2,"name":"Tienda","item":"https:\/\/grao.info\/es\/tienda\/"},{"@type":"ListItem","position":3,"name":"Catalana 1942"}]},{"@type":"WebSite","@id":"https:\/\/grao.info\/es\/#website","url":"https:\/\/grao.info\/es\/","name":"Grao","description":"","publisher":{"@id":"https:\/\/grao.info\/es\/#organization"},"potentialAction":[{"@type":"SearchAction","target":{"@type":"EntryPoint","urlTemplate":"https:\/\/grao.info\/es\/?s={search_term_string}"},"query-input":"required name=search_term_string"}],"inLanguage":"es"},{"@type":"Organization","@id":"https:\/\/grao.info\/es\/#organization","name":"Grao","url":"https:\/\/grao.info\/es\/","logo":{"@type":"ImageObject","inLanguage":"es","@id":"https:\/\/grao.info\/es\/#\/schema\/logo\/image\/","url":"https:\/\/grao.info\/wp-content\/uploads\/2022\/04\/logo-mobil-1.png","contentUrl":"https:\/\/grao.info\/wp-content\/uploads\/2022\/04\/logo-mobil-1.png","width":275,"height":85,"caption":"Grao"},"image":{"@id":"https:\/\/grao.info\/es\/#\/schema\/logo\/image\/"}}]}},"brands":[{"id":472,"name":"Mobles 114","slug":"mobles-114"}],"_links":{"self":[{"href":"https:\/\/grao.info\/es\/wp-json\/wp\/v2\/product\/12807"}],"collection":[{"href":"https:\/\/grao.info\/es\/wp-json\/wp\/v2\/product"}],"about":[{"href":"https:\/\/grao.info\/es\/wp-json\/wp\/v2\/types\/product"}],"replies":[{"embeddable":true,"href":"https:\/\/grao.info\/es\/wp-json\/wp\/v2\/comments?post=12807"}],"wp:featuredmedia":[{"embeddable":true,"href":"https:\/\/grao.info\/es\/wp-json\/wp\/v2\/media\/27467"}],"wp:attachment":[{"href":"https:\/\/grao.info\/es\/wp-json\/wp\/v2\/media?parent=12807"}],"wp:term":[{"taxonomy":"pwb-brand","embeddable":true,"href":"https:\/\/grao.info\/es\/wp-json\/wp\/v2\/pwb-brand?post=12807"},{"taxonomy":"product_cat","embeddable":true,"href":"https:\/\/grao.info\/es\/wp-json\/wp\/v2\/product_cat?post=12807"},{"taxonomy":"product_tag","embeddable":true,"href":"https:\/\/grao.info\/es\/wp-json\/wp\/v2\/product_tag?post=12807"}],"curies":[{"name":"wp","href":"https:\/\/api.w.org\/{rel}","templated":true}]}}